{"id":11702,"date":"2018-06-15T23:02:10","date_gmt":"2018-06-15T21:02:10","guid":{"rendered":"https:\/\/zenkit.comspreadsheet\/"},"modified":"2025-09-21T17:00:46","modified_gmt":"2025-09-21T15:00:46","slug":"tabellenkalkulation","status":"publish","type":"page","link":"https:\/\/zenkit.com\/de\/suite\/loesungen\/tabellenkalkulation\/","title":{"rendered":"Zenkit Spreadsheet Software"},"content":{"rendered":"\n<div class=\"wp-block-group has-global-padding is-layout-constrained wp-block-group-is-layout-constrained\">\n<div class=\"wp-block-group width--950 has-global-padding is-layout-constrained wp-block-group-is-layout-constrained\">\n<div style=\"height:45px;--tablet-height:45px;--mobile-height:16px\" class=\"wp-block-lookeen-blocks-responsive-spacer\"><\/div>\n\n\n\n<div class=\"wp-block-group has-global-padding is-layout-constrained wp-block-group-is-layout-constrained\">\n<h1 class=\"wp-block-heading has-text-align-center\" style=\"margin-bottom:8px\">Tabellenkalkulation so einfach wie nie<\/h1>\n<\/div>\n\n\n\n<div class=\"wp-block-group has-global-padding is-layout-constrained wp-block-group-is-layout-constrained\">\n<p class=\"has-text-align-center subheading\">Nutzen Sie Ihre Kalkulationstabellen interaktiv im Team.<\/p>\n<\/div>\n\n\n\n<div style=\"height:48px;--tablet-height:48px;--mobile-height:36px\" class=\"wp-block-lookeen-blocks-responsive-spacer\"><\/div>\n<\/div>\n<\/div>\n\n\n\n<div class=\"wp-block-group has-global-padding is-layout-constrained wp-block-group-is-layout-constrained\">\n<div class=\"wp-block-group application__grid has-global-padding is-layout-constrained wp-block-group-is-layout-constrained\">\n<div class=\"wp-block-group application__box has-global-padding is-layout-constrained wp-block-group-is-layout-constrained\" style=\"border-radius:20px\">\n<h3 class=\"wp-block-heading has-text-align-center card__title\" style=\"font-size:20px\">Nutzen Sie Ihre Daten effektiver<\/h3>\n\n\n\n<p class=\"has-text-align-center has-da-grey-1-color has-text-color has-link-color wp-elements-edf3e4db3695f6e21f06a606fe037b2c\">Tabellen sind ein wichtiger Teil vieler Prozesse in Unternehmen. Nutzen Sie Tabellen in Zenkit, um Ihre Daten zu speichern, zu bearbeiten und \u00fcbersichtlich f\u00fcr das ganze Team aufzubereiten.<\/p>\n<\/div>\n\n\n\n<div class=\"wp-block-group application__box has-global-padding is-layout-constrained wp-block-group-is-layout-constrained\" style=\"border-radius:20px\">\n<h3 class=\"wp-block-heading has-text-align-center card__title\" style=\"font-size:20px\">Arbeiten Sie zusammen im Team<\/h3>\n\n\n\n<p class=\"has-text-align-center has-da-grey-1-color has-text-color has-link-color wp-elements-5f0a147940e7d7ea8d6a8cdfadc8dc6a\" style=\"margin-bottom:16px\">Nutzen Sie Ihre Tabellen f\u00fcr die Teamarbeit. Laden Sie Ihre Mitarbeiter dazu ein, diese in Echtzeit anzusehen, zu bearbeiten und zu kommentieren.<\/p>\n<\/div>\n\n\n\n<div class=\"wp-block-group application__box has-global-padding is-layout-constrained wp-block-group-is-layout-constrained\" style=\"border-radius:20px\">\n<h3 class=\"wp-block-heading has-text-align-center card__title\" style=\"font-size:20px\">Personalisierte Tabellen<\/h3>\n\n\n\n<p class=\"has-text-align-center has-da-grey-1-color has-text-color has-link-color wp-elements-61b08c02a7ebf4df97f3b09114f9d050\" style=\"margin-bottom:16px\">Nutzen Sie Ihre Daten effektiver und messen Sie genau die Informationen, die Sie ben\u00f6tigen.<\/p>\n<\/div>\n<\/div>\n\n\n\n<div style=\"height:88px;--tablet-height:72px;--mobile-height:36px\" class=\"wp-block-lookeen-blocks-responsive-spacer\"><\/div>\n<\/div>\n\n\n\n<div class=\"wp-block-group has-global-padding is-layout-constrained wp-block-group-is-layout-constrained\">\n<div class=\"wp-block-group has-global-padding is-layout-constrained wp-container-core-group-is-layout-bea02a06 wp-block-group-is-layout-constrained\">\n<figure class=\"wp-block-image size-full box__shadow border-radius--8 overflow__hidden\"><img loading=\"lazy\" decoding=\"async\" width=\"800\" height=\"400\" src=\"https:\/\/zenkit.com\/wp-content\/uploads\/2025\/05\/table.gif\" alt=\"Tabellenkalkulation so einfach wie nie\" class=\"wp-image-111998\"\/><\/figure>\n<\/div>\n\n\n\n<div style=\"height:88px;--tablet-height:72px;--mobile-height:36px\" class=\"wp-block-lookeen-blocks-responsive-spacer\"><\/div>\n<\/div>\n\n\n\n<div class=\"wp-block-group has-global-padding is-layout-constrained wp-block-group-is-layout-constrained\">\n<div class=\"wp-block-columns is-layout-flex wp-container-core-columns-is-layout-28f84493 wp-block-columns-is-layout-flex\">\n<div class=\"wp-block-column is-layout-flow wp-container-core-column-is-layout-8eebadab wp-block-column-is-layout-flow\">\n<div class=\"wp-block-group has-global-padding is-layout-constrained wp-block-group-is-layout-constrained\">\n<h3 class=\"wp-block-heading has-text-align-center\">Machen Sie mehr aus Ihren Daten<\/h3>\n\n\n\n<p class=\"has-text-align-center\">Verwenden Sie Formeln und Aggregations- oder Sortier-Funktionen, um Ihre Fortschritte zu messen. Mittels der Filter-Funktion in Zenkit erhalten Sie genau die Informationen, die Sie f\u00fcr Ihre Analysen ben\u00f6tigen. H\u00e4ufig verwendete Filter k\u00f6nnen Sie abspeichern und mit nur einem Klick sp\u00e4ter wieder darauf zugreifen.<\/p>\n<\/div>\n\n\n\n<div class=\"wp-block-group has-global-padding is-layout-constrained wp-block-group-is-layout-constrained\">\n<h3 class=\"wp-block-heading has-text-align-center\">Teamarbeit in Echtzeit<\/h3>\n\n\n\n<p class=\"has-text-align-center\">Nutzen Sie Zenkits Kalkulationstabellen. So verlieren Sie keine wichtigen Daten und m\u00fcssen nie wieder wichtige Tabellen als E-Mail-Anh\u00e4nge versenden oder mehrere nicht-synchronisierte Kopien einer Tabelle erstellen. In Zenkit k\u00f6nnen Sie Ihre Tabellen mit Ihren Kollegen, Freunden und Ihrer Familie teilen. Lassen Sie sich ganz einfach den Workflow Ihres gesamten Workspaces anzeigen und verfolgen Sie dessen Aktivit\u00e4ten in Echtzeit.<\/p>\n<\/div>\n\n\n\n<div class=\"wp-block-group has-global-padding is-layout-constrained wp-block-group-is-layout-constrained\">\n<h3 class=\"wp-block-heading has-text-align-center\">Mehr als ein einfaches Programm f\u00fcr Tabellenkalkulation<\/h3>\n\n\n\n<p class=\"has-text-align-center\">Zenkits Tabellen eignen sich zu viel mehr als nur der simplen Berechnung Ihrer Daten und Kennzahlen. In Zenkit k\u00f6nnen Sie jederzeit zwischen verschiedenen Daten-Ansichten wechseln, um eine neue Perspektive auf Ihre Aufgaben und Projekte zu gewinnen.<\/p>\n\n\n\n<p class=\"has-text-align-center\">Sie nutzen Ihre Tabellen beispielsweise, um Ihre Ums\u00e4tze zu messen? Dann verbinden Sie diese mit Ihrer Kundenliste, um eine funktionelle Datenbank zu erstellen.<\/p>\n\n\n\n<p class=\"has-text-align-center\">Sie \u00fcberwachen Ihr Projekt mittels einer Tabelle in Zenkit? Wechseln Sie zur Kanban-Ansicht, um sich einen klareren Eindruck von dessen Workflow zu verschaffen.<\/p>\n<\/div>\n<\/div>\n\n\n\n<div class=\"wp-block-column is-layout-flow wp-container-core-column-is-layout-8eebadab wp-block-column-is-layout-flow\">\n<div class=\"wp-block-group has-global-padding is-layout-constrained wp-block-group-is-layout-constrained\">\n<h3 class=\"wp-block-heading has-text-align-center\">So funktionell, wie Sie es ben\u00f6tigen<\/h3>\n\n\n\n<p class=\"has-text-align-center\">Importieren Sie CSV-Dateien oder kopieren Sie Ihre bestehenden Tabellen aus Excel oder Google Sheets in Zenkit. In Zenkit k\u00f6nnen Sie neue Tabellen im Handumdrehen erstellen.<\/p>\n\n\n\n<p class=\"has-text-align-center\">Alle \u00c4nderungen an Ihren Tabellen werden automatisch gespeichert. So gehen wichtige Daten nie wieder verloren. Wenn Sie Ihre Tabellen im Team bearbeiten, k\u00f6nnen Sie unkompliziert auf deren Historie zugreifen, um zu verstehen, welches Workspace-Mitglied was bearbeitet hat.<\/p>\n<\/div>\n\n\n\n<div class=\"wp-block-group has-global-padding is-layout-constrained wp-block-group-is-layout-constrained\">\n<h3 class=\"wp-block-heading has-text-align-center\">Jederzeit und von \u00fcberall aus nutzbar<\/h3>\n\n\n\n<p class=\"has-text-align-center\">Verwenden Sie Ihre Tabellen zu jeder Zeit und von \u00fcberall aus. Egal ob Sie vom B\u00fcro, von Zuhause oder unterwegs aus arbeiten \u2013 Sie k\u00f6nnen von allen g\u00e4ngigen Endger\u00e4ten auf Zenkit zugreifen. Dank des Offline-Supports f\u00fcr Smartphones, Tablets und PCs lassen sich Ihre Projekte auch ohne Internetverbindung bearbeiten.<\/p>\n<\/div>\n<\/div>\n<\/div>\n\n\n\n<div style=\"height:88px;--tablet-height:72px;--mobile-height:36px\" class=\"wp-block-lookeen-blocks-responsive-spacer\"><\/div>\n<\/div>\n\n\n\n<div class=\"wp-block-group has-da-blue-light-background-color has-background has-global-padding is-layout-constrained wp-container-core-group-is-layout-bea02a06 wp-block-group-is-layout-constrained\">\n<div style=\"height:88px;--tablet-height:72px;--mobile-height:36px\" class=\"wp-block-lookeen-blocks-responsive-spacer\"><\/div>\n\n\n\n<h2 class=\"wp-block-heading has-text-align-center\">Von \u00fcber 1000 Teams weltweit genutzt<\/h2>\n\n\n\n<p class=\"has-text-align-center\">Verschwenden Sie nie wieder Ihre Zeit, indem Sie m\u00fchselig Ihre E-Mails durchsuchen, zwischen verschiedenen Ablagesystemen hin und her wechseln und sich so viel mehr Arbeit als n\u00f6tig aufhalsen. Managen Sie jetzt all Ihre Projekte in Zenkit.<\/p>\n\n\n\n<p class=\"has-text-align-center\">Dank Zenkit m\u00fcssen Sie Ihre Arbeitsprozesse nicht Ihren Systemen anpassen, sondern k\u00f6nnen ein Tool nutzen, das genau zu Ihrem Workflow, Ihrem Team und Ihren Projekten passt.<\/p>\n\n\n\n<p class=\"has-text-align-center\" style=\"margin-bottom:0px\">Nutzen Sie jetzt ein Tool, das Ihnen nicht nur dabei hilft Ihre Projekte zu managen, sondern auch jeden einzelnen Prozess Ihrer Arbeit unterst\u00fctzt.<br><\/p>\n\n\n\n<div style=\"height:88px;--tablet-height:72px;--mobile-height:36px\" class=\"wp-block-lookeen-blocks-responsive-spacer\"><\/div>\n<\/div>\n\n\n\n<div class=\"wp-block-group has-global-padding is-layout-constrained wp-container-core-group-is-layout-bea02a06 wp-block-group-is-layout-constrained\">\n<div style=\"height:88px;--tablet-height:72px;--mobile-height:36px\" class=\"wp-block-lookeen-blocks-responsive-spacer\"><\/div>\n\n\n\n<h2 class=\"wp-block-heading has-text-align-center\">Kombinieren Sie Zenkit mit Ihren Lieblingstools<\/h2>\n\n\n\n<p class=\"has-text-align-center\" style=\"margin-bottom:0px\">Zenkit kann mit anderen von Ihnen genutzten Apps Informationen austauschen. So k\u00f6nnen Sie auf all Ihre Dateien, Aufgaben und Informationen stets von einem Ort aus zugreifen. Mit Hilfe von Zapier kann Zenkit mit \u00fcber 1000 anderen Anwendungen synchronisiert werden.<\/p>\n\n\n\n<div style=\"height:48px;--tablet-height:36px;--mobile-height:24px\" class=\"wp-block-lookeen-blocks-responsive-spacer\"><\/div>\n\n\n\n<div class=\"wp-block-group is-content-justification-center is-layout-flex wp-container-core-group-is-layout-635e4504 wp-block-group-is-layout-flex\">\n<figure class=\"wp-block-image size-full is-resized\"><a href=\"https:\/\/zenkit.com\/de\/integrationen\/google-sheets\/\"><img loading=\"lazy\" decoding=\"async\" width=\"128\" height=\"128\" src=\"https:\/\/zenkit.com\/wp-content\/uploads\/2025\/05\/google-sheets-logo.webp\" alt=\"google-sheets\" class=\"wp-image-112045\" style=\"width:80px\"\/><\/a><\/figure>\n\n\n\n<figure class=\"wp-block-image size-full is-resized\"><a href=\"https:\/\/zenkit.com\/de\/integrationen\/evernote\/\"><img loading=\"lazy\" decoding=\"async\" width=\"360\" height=\"360\" src=\"https:\/\/zenkit.com\/wp-content\/uploads\/2025\/05\/evernote-logo.webp\" alt=\"evernote\" class=\"wp-image-112035\" style=\"width:80px\" srcset=\"https:\/\/zenkit.com\/wp-content\/uploads\/2025\/05\/evernote-logo.webp 360w, https:\/\/zenkit.com\/wp-content\/uploads\/2025\/05\/evernote-logo-300x300.webp 300w, https:\/\/zenkit.com\/wp-content\/uploads\/2025\/05\/evernote-logo-150x150.webp 150w\" sizes=\"auto, (max-width: 360px) 100vw, 360px\" \/><\/a><\/figure>\n\n\n\n<figure class=\"wp-block-image size-full is-resized\"><a href=\"https:\/\/zenkit.com\/de\/integrationen\/google-kalendar\/\"><img loading=\"lazy\" decoding=\"async\" width=\"128\" height=\"128\" src=\"https:\/\/zenkit.com\/wp-content\/uploads\/2025\/05\/google-calendar-logo.webp\" alt=\"google-calender\" class=\"wp-image-112055\" style=\"width:80px\"\/><\/a><\/figure>\n<\/div>\n<\/div>\n\n\n\n<div style=\"height:110px;--tablet-height:60px;--mobile-height:48px\" class=\"wp-block-lookeen-blocks-responsive-spacer\"><\/div>\n","protected":false},"excerpt":{"rendered":"<p>Tabellenkalkulation so einfach wie nie Nutzen Sie Ihre Kalkulationstabellen interaktiv im Team. Nutzen Sie Ihre Daten effektiver Tabellen sind ein wichtiger Teil vieler Prozesse in Unternehmen. Nutzen Sie Tabellen in Zenkit, um Ihre Daten zu speichern, zu bearbeiten und \u00fcbersichtlich f\u00fcr das ganze Team aufzubereiten. Arbeiten Sie zusammen im Team Nutzen Sie Ihre Tabellen f\u00fcr [&hellip;]<\/p>\n","protected":false},"author":1,"featured_media":0,"parent":133455,"menu_order":0,"comment_status":"closed","ping_status":"closed","template":"","meta":{"yasr_overall_rating":0,"yasr_post_is_review":"","yasr_auto_insert_disabled":"","yasr_review_type":"","footnotes":""},"class_list":["post-11702","page","type-page","status-publish","hentry"],"yoast_head":"<!-- This site is optimized with the Yoast SEO plugin v27.3 - https:\/\/yoast.com\/product\/yoast-seo-wordpress\/ -->\n<title>Kalkulationstabellen-Tool | Zenkit<\/title>\n<meta name=\"description\" content=\"Sie m\u00f6chten wichtige Kennzahlen berechnen, funktionelle Datenbanken erstellen und Projekte bequem managen? Nutzen Sie Zenkit f\u00fcr die Tabellenkalkulation.\" \/>\n<meta name=\"robots\" content=\"index, follow, max-snippet:-1, max-image-preview:large, max-video-preview:-1\" \/>\n<link rel=\"canonical\" href=\"https:\/\/zenkit.com\/de\/suite\/loesungen\/tabellenkalkulation\/\" \/>\n<meta property=\"og:locale\" content=\"de_DE\" \/>\n<meta property=\"og:type\" content=\"article\" \/>\n<meta property=\"og:title\" content=\"Kalkulationstabellen-Tool | Zenkit\" \/>\n<meta property=\"og:description\" content=\"Sie m\u00f6chten wichtige Kennzahlen berechnen, funktionelle Datenbanken erstellen und Projekte bequem managen? Nutzen Sie Zenkit f\u00fcr die Tabellenkalkulation.\" \/>\n<meta property=\"og:url\" content=\"https:\/\/zenkit.com\/de\/suite\/loesungen\/tabellenkalkulation\/\" \/>\n<meta property=\"og:site_name\" content=\"Zenkit\" \/>\n<meta property=\"article:publisher\" content=\"https:\/\/www.facebook.com\/ZenkitHQ\" \/>\n<meta property=\"article:modified_time\" content=\"2025-09-21T15:00:46+00:00\" \/>\n<meta property=\"og:image\" content=\"https:\/\/zenkit.com\/wp-content\/uploads\/2025\/05\/table.gif\" \/>\n\t<meta property=\"og:image:width\" content=\"800\" \/>\n\t<meta property=\"og:image:height\" content=\"400\" \/>\n\t<meta property=\"og:image:type\" content=\"image\/gif\" \/>\n<meta name=\"twitter:card\" content=\"summary_large_image\" \/>\n<meta name=\"twitter:site\" content=\"@ZenkitHQ\" \/>\n<meta name=\"twitter:label1\" content=\"Gesch\u00e4tzte Lesezeit\" \/>\n\t<meta name=\"twitter:data1\" content=\"36\u00a0Minuten\" \/>\n<script type=\"application\/ld+json\" class=\"yoast-schema-graph\">{\"@context\":\"https:\\\/\\\/schema.org\",\"@graph\":[{\"@type\":\"WebPage\",\"@id\":\"https:\\\/\\\/zenkit.com\\\/de\\\/suite\\\/loesungen\\\/tabellenkalkulation\\\/\",\"url\":\"https:\\\/\\\/zenkit.com\\\/de\\\/suite\\\/loesungen\\\/tabellenkalkulation\\\/\",\"name\":\"Kalkulationstabellen-Tool | Zenkit\",\"isPartOf\":{\"@id\":\"https:\\\/\\\/zenkit.com\\\/de\\\/#website\"},\"primaryImageOfPage\":{\"@id\":\"https:\\\/\\\/zenkit.com\\\/de\\\/suite\\\/loesungen\\\/tabellenkalkulation\\\/#primaryimage\"},\"image\":{\"@id\":\"https:\\\/\\\/zenkit.com\\\/de\\\/suite\\\/loesungen\\\/tabellenkalkulation\\\/#primaryimage\"},\"thumbnailUrl\":\"https:\\\/\\\/zenkit.com\\\/wp-content\\\/uploads\\\/2025\\\/05\\\/table.gif\",\"datePublished\":\"2018-06-15T21:02:10+00:00\",\"dateModified\":\"2025-09-21T15:00:46+00:00\",\"description\":\"Sie m\u00f6chten wichtige Kennzahlen berechnen, funktionelle Datenbanken erstellen und Projekte bequem managen? Nutzen Sie Zenkit f\u00fcr die Tabellenkalkulation.\",\"breadcrumb\":{\"@id\":\"https:\\\/\\\/zenkit.com\\\/de\\\/suite\\\/loesungen\\\/tabellenkalkulation\\\/#breadcrumb\"},\"inLanguage\":\"de\",\"potentialAction\":[{\"@type\":\"ReadAction\",\"target\":[\"https:\\\/\\\/zenkit.com\\\/de\\\/suite\\\/loesungen\\\/tabellenkalkulation\\\/\"]}]},{\"@type\":\"ImageObject\",\"inLanguage\":\"de\",\"@id\":\"https:\\\/\\\/zenkit.com\\\/de\\\/suite\\\/loesungen\\\/tabellenkalkulation\\\/#primaryimage\",\"url\":\"https:\\\/\\\/zenkit.com\\\/wp-content\\\/uploads\\\/2025\\\/05\\\/table.gif\",\"contentUrl\":\"https:\\\/\\\/zenkit.com\\\/wp-content\\\/uploads\\\/2025\\\/05\\\/table.gif\"},{\"@type\":\"BreadcrumbList\",\"@id\":\"https:\\\/\\\/zenkit.com\\\/de\\\/suite\\\/loesungen\\\/tabellenkalkulation\\\/#breadcrumb\",\"itemListElement\":[{\"@type\":\"ListItem\",\"position\":1,\"name\":\"Home\",\"item\":\"https:\\\/\\\/zenkit.com\\\/de\\\/\"},{\"@type\":\"ListItem\",\"position\":2,\"name\":\"Zenkit Suite\",\"item\":\"https:\\\/\\\/zenkit.com\\\/de\\\/suite\\\/\"},{\"@type\":\"ListItem\",\"position\":3,\"name\":\"L\u00f6sungen (Suite)\",\"item\":\"https:\\\/\\\/zenkit.com\\\/de\\\/suite\\\/loesungen\\\/\"},{\"@type\":\"ListItem\",\"position\":4,\"name\":\"Zenkit Spreadsheet Software\"}]},{\"@type\":\"WebSite\",\"@id\":\"https:\\\/\\\/zenkit.com\\\/de\\\/#website\",\"url\":\"https:\\\/\\\/zenkit.com\\\/de\\\/\",\"name\":\"Zenkit\",\"description\":\"Zenkit Tagline\",\"potentialAction\":[{\"@type\":\"SearchAction\",\"target\":{\"@type\":\"EntryPoint\",\"urlTemplate\":\"https:\\\/\\\/zenkit.com\\\/de\\\/?s={search_term_string}\"},\"query-input\":{\"@type\":\"PropertyValueSpecification\",\"valueRequired\":true,\"valueName\":\"search_term_string\"}}],\"inLanguage\":\"de\"},false]}<\/script>\n<!-- \/ Yoast SEO plugin. -->","yoast_head_json":{"title":"Kalkulationstabellen-Tool | Zenkit","description":"Sie m\u00f6chten wichtige Kennzahlen berechnen, funktionelle Datenbanken erstellen und Projekte bequem managen? Nutzen Sie Zenkit f\u00fcr die Tabellenkalkulation.","robots":{"index":"index","follow":"follow","max-snippet":"max-snippet:-1","max-image-preview":"max-image-preview:large","max-video-preview":"max-video-preview:-1"},"canonical":"https:\/\/zenkit.com\/de\/suite\/loesungen\/tabellenkalkulation\/","og_locale":"de_DE","og_type":"article","og_title":"Kalkulationstabellen-Tool | Zenkit","og_description":"Sie m\u00f6chten wichtige Kennzahlen berechnen, funktionelle Datenbanken erstellen und Projekte bequem managen? Nutzen Sie Zenkit f\u00fcr die Tabellenkalkulation.","og_url":"https:\/\/zenkit.com\/de\/suite\/loesungen\/tabellenkalkulation\/","og_site_name":"Zenkit","article_publisher":"https:\/\/www.facebook.com\/ZenkitHQ","article_modified_time":"2025-09-21T15:00:46+00:00","og_image":[{"width":800,"height":400,"url":"https:\/\/zenkit.com\/wp-content\/uploads\/2025\/05\/table.gif","type":"image\/gif"}],"twitter_card":"summary_large_image","twitter_site":"@ZenkitHQ","twitter_misc":{"Gesch\u00e4tzte Lesezeit":"36\u00a0Minuten"},"schema":{"@context":"https:\/\/schema.org","@graph":[{"@type":"WebPage","@id":"https:\/\/zenkit.com\/de\/suite\/loesungen\/tabellenkalkulation\/","url":"https:\/\/zenkit.com\/de\/suite\/loesungen\/tabellenkalkulation\/","name":"Kalkulationstabellen-Tool | Zenkit","isPartOf":{"@id":"https:\/\/zenkit.com\/de\/#website"},"primaryImageOfPage":{"@id":"https:\/\/zenkit.com\/de\/suite\/loesungen\/tabellenkalkulation\/#primaryimage"},"image":{"@id":"https:\/\/zenkit.com\/de\/suite\/loesungen\/tabellenkalkulation\/#primaryimage"},"thumbnailUrl":"https:\/\/zenkit.com\/wp-content\/uploads\/2025\/05\/table.gif","datePublished":"2018-06-15T21:02:10+00:00","dateModified":"2025-09-21T15:00:46+00:00","description":"Sie m\u00f6chten wichtige Kennzahlen berechnen, funktionelle Datenbanken erstellen und Projekte bequem managen? Nutzen Sie Zenkit f\u00fcr die Tabellenkalkulation.","breadcrumb":{"@id":"https:\/\/zenkit.com\/de\/suite\/loesungen\/tabellenkalkulation\/#breadcrumb"},"inLanguage":"de","potentialAction":[{"@type":"ReadAction","target":["https:\/\/zenkit.com\/de\/suite\/loesungen\/tabellenkalkulation\/"]}]},{"@type":"ImageObject","inLanguage":"de","@id":"https:\/\/zenkit.com\/de\/suite\/loesungen\/tabellenkalkulation\/#primaryimage","url":"https:\/\/zenkit.com\/wp-content\/uploads\/2025\/05\/table.gif","contentUrl":"https:\/\/zenkit.com\/wp-content\/uploads\/2025\/05\/table.gif"},{"@type":"BreadcrumbList","@id":"https:\/\/zenkit.com\/de\/suite\/loesungen\/tabellenkalkulation\/#breadcrumb","itemListElement":[{"@type":"ListItem","position":1,"name":"Home","item":"https:\/\/zenkit.com\/de\/"},{"@type":"ListItem","position":2,"name":"Zenkit Suite","item":"https:\/\/zenkit.com\/de\/suite\/"},{"@type":"ListItem","position":3,"name":"L\u00f6sungen (Suite)","item":"https:\/\/zenkit.com\/de\/suite\/loesungen\/"},{"@type":"ListItem","position":4,"name":"Zenkit Spreadsheet Software"}]},{"@type":"WebSite","@id":"https:\/\/zenkit.com\/de\/#website","url":"https:\/\/zenkit.com\/de\/","name":"Zenkit","description":"Zenkit Tagline","potentialAction":[{"@type":"SearchAction","target":{"@type":"EntryPoint","urlTemplate":"https:\/\/zenkit.com\/de\/?s={search_term_string}"},"query-input":{"@type":"PropertyValueSpecification","valueRequired":true,"valueName":"search_term_string"}}],"inLanguage":"de"},false]}},"yasr_visitor_votes":{"stars_attributes":{"read_only":false,"span_bottom":false},"number_of_votes":0,"sum_votes":0},"_links":{"self":[{"href":"https:\/\/zenkit.com\/de\/wp-json\/wp\/v2\/pages\/11702","targetHints":{"allow":["GET"]}}],"collection":[{"href":"https:\/\/zenkit.com\/de\/wp-json\/wp\/v2\/pages"}],"about":[{"href":"https:\/\/zenkit.com\/de\/wp-json\/wp\/v2\/types\/page"}],"author":[{"embeddable":true,"href":"https:\/\/zenkit.com\/de\/wp-json\/wp\/v2\/users\/1"}],"replies":[{"embeddable":true,"href":"https:\/\/zenkit.com\/de\/wp-json\/wp\/v2\/comments?post=11702"}],"version-history":[{"count":31,"href":"https:\/\/zenkit.com\/de\/wp-json\/wp\/v2\/pages\/11702\/revisions"}],"predecessor-version":[{"id":124884,"href":"https:\/\/zenkit.com\/de\/wp-json\/wp\/v2\/pages\/11702\/revisions\/124884"}],"up":[{"embeddable":true,"href":"https:\/\/zenkit.com\/de\/wp-json\/wp\/v2\/pages\/133455"}],"wp:attachment":[{"href":"https:\/\/zenkit.com\/de\/wp-json\/wp\/v2\/media?parent=11702"}],"curies":[{"name":"wp","href":"https:\/\/api.w.org\/{rel}","templated":true}]}}