{"id":11809,"date":"2018-05-12T19:53:02","date_gmt":"2018-05-12T17:53:02","guid":{"rendered":"https:\/\/zenkit.com\/digital-twin\/"},"modified":"2025-05-15T07:39:28","modified_gmt":"2025-05-15T05:39:28","slug":"digitaler-zwilling","status":"publish","type":"page","link":"https:\/\/zenkit.com\/de\/suite\/digitaler-zwilling\/","title":{"rendered":"Digitaler Zwilling"},"content":{"rendered":"\n<div class=\"wp-block-group has-global-padding is-layout-constrained wp-block-group-is-layout-constrained\">\n<div class=\"wp-block-group width--950 has-global-padding is-layout-constrained wp-block-group-is-layout-constrained\">\n<div style=\"height:45px;--tablet-height:45px;--mobile-height:16px\" class=\"wp-block-lookeen-blocks-responsive-spacer\"><\/div>\n\n\n\n<div class=\"wp-block-group has-global-padding is-layout-constrained wp-block-group-is-layout-constrained\">\n<h1 class=\"wp-block-heading has-text-align-center\" style=\"margin-bottom:8px\">Zenkit: Der Digitale Zwilling Ihres Unternehmens<\/h1>\n<\/div>\n\n\n\n<div class=\"wp-block-group has-global-padding is-layout-constrained wp-block-group-is-layout-constrained\">\n<p class=\"has-text-align-center subheading\">Was ist ein Digitaler Zwilling?<\/p>\n\n\n\n<p class=\"has-text-align-center\">Der Begriff \u201cDigitaler Zwilling\u201d ist besonders in der Industrie eine wichtige Innovation. Digitale Zwillinge stellen die exakte digitale Kopie eines materiellen Gegenstandes oder immateriellen Prozesses dar.Produzierende, handwerkliche und industrielle Gewerbe profitieren schon l\u00e4nger von den zahlreichen Vorteilen des Digitalen Zwillings: Kostenersparnis, effiziente Produkttests, optimierte Wartungsprozesse und reibungslose Produktionsabl\u00e4ufe.<br><\/p>\n<\/div>\n\n\n\n<div style=\"height:48px;--tablet-height:48px;--mobile-height:36px\" class=\"wp-block-lookeen-blocks-responsive-spacer\"><\/div>\n<\/div>\n<\/div>\n\n\n\n<div class=\"wp-block-group has-global-padding is-layout-constrained wp-container-core-group-is-layout-bea02a06 wp-block-group-is-layout-constrained\">\n<h2 class=\"wp-block-heading has-text-align-center\">Wie Sie vom Digitalen Zwilling profitieren k\u00f6nnen<\/h2>\n\n\n\n<p class=\"has-text-align-center\" style=\"margin-bottom:0px\">Was w\u00e4re, wenn das Konzept des Digitalen Zwillings auch dazu genutzt werden kann, den kompletten Unternehmensprozess neu zu strukturieren und zu verbessern?<\/p>\n\n\n\n<p class=\"has-text-align-center\">Ein abteilungs\u00fcbergreifender Einsatz des Digitaler Zwilling-Konzepts scheitert derzeit jedoch vor allem an den Datensilos, die in den Abteilungen vieler Unternehmen existieren.<br>Zur Ablage ihrer Daten nutzen diese oftmals verschiedene Systeme, wie beispielsweise SAP, Trello, Salesforce oder Google Drive. Auf diese Weise kann allerdings kein wirklicher Digitaler Zwilling entstehen, sondern eher ein ferner Cousin, der nur sehr wenig mit den eigentlichen Prozessen im Unternehmen zu tun hat.<\/p>\n\n\n\n<p class=\"has-text-align-center\">Unternehmen sind dazu gezwungen Abl\u00e4ufe in die starren Strukturen solcher Systeme zu zw\u00e4ngen, anstatt den Workflow und die Prozesse digital abzubilden. Sind Unternehmensprozesse nicht konform zur Struktur der eingesetzten Software, m\u00fcssen diese entweder an die Funktionsweise der Anwendung angepasst oder eine hochpreisige, eigens f\u00fcr das Unternehmen entwickelte L\u00f6sung eingesetzt werden.<\/p>\n\n\n\n<p class=\"has-text-align-center\" style=\"margin-bottom:0px\">Zenkit bietet hier die L\u00f6sung. Unser Tool erlaubt es, einen Digitalen Zwilling f\u00fcr die Prozesse und Abl\u00e4ufe Ihres Unternehmens zu konstruieren. So entsteht ein Digitaler Zwilling, der ein akkurates Abbild jedes Aspekts Ihres Unternehmens darstellt und es erm\u00f6glicht Fortschritte und Entwicklungen in Echtzeit nachzustellen.<\/p>\n<\/div>\n\n\n\n<div class=\"wp-block-group has-global-padding is-layout-constrained wp-container-core-group-is-layout-bea02a06 wp-block-group-is-layout-constrained\">\n<div style=\"height:88px;--tablet-height:72px;--mobile-height:36px\" class=\"wp-block-lookeen-blocks-responsive-spacer\"><\/div>\n\n\n\n<h2 class=\"wp-block-heading has-text-align-center\">Ihr Digitaler Zwilling<\/h2>\n\n\n\n<p class=\"has-text-align-center\" style=\"margin-bottom:0px\">Dank Zenkit geh\u00f6ren teure Software-L\u00f6sungen und der parallele Einsatz mehrer Systeme der Vergangenheit an. Zenkit hilft dabei, die Abl\u00e4ufe und Prozesse eines Unternehmens exakt digital zu projizieren, ohne dass Nutzer auch nur eine einzige Zeile programmieren m\u00fcssen.<\/p>\n\n\n\n<p class=\"has-text-align-center\" style=\"margin-bottom:0px\">Mit Hilfe innovativer Funktionen und intelligenter Datenbanktechnologie wird ein Digitaler Zwilling erstellt, der jegliche Aspekte eines Unternehmens miteinander in Relation stellt und diese plant und organisiert.<\/p>\n\n\n\n<div style=\"height:88px;--tablet-height:72px;--mobile-height:36px\" class=\"wp-block-lookeen-blocks-responsive-spacer\"><\/div>\n<\/div>\n\n\n\n<div class=\"wp-block-group has-global-padding is-layout-constrained wp-block-group-is-layout-constrained\">\n<h2 class=\"wp-block-heading has-text-align-center\">Erschaffen Sie Ihr eigenes individuelles System<\/h2>\n\n\n\n<div class=\"wp-block-columns is-layout-flex wp-container-core-columns-is-layout-28f84493 wp-block-columns-is-layout-flex\">\n<div class=\"wp-block-column is-layout-flow wp-container-core-column-is-layout-8eebadab wp-block-column-is-layout-flow\">\n<div class=\"wp-block-group has-global-padding is-layout-constrained wp-block-group-is-layout-constrained\">\n<p class=\"has-text-align-center\">Lassen Sie sich von uns ein, auf die Bed\u00fcrfnisse Ihres Unternehmens angepasstes, System erstellen. Jede Collection in Zenkit kann individuell gestaltet werden \u2013 Sie entscheiden welche Informationen Sie messen m\u00f6chten, wo diese gespeichert werden und wer darauf zugreifen kann.<\/p>\n\n\n\n<p class=\"has-text-align-center\">Benutzerdefinierte Felder helfen dabei, alle Bereiche Ihres Unternehmens an einem Ort abzulegen: Kundendaten, Dokumente, Rechnungen, Projekte, Ressourcen und Veranstaltungen. Zenkits Datenbank-Technologie bringt diese verschiedenen Aspekte zusammen und erm\u00f6glicht es Ihnen, deren enorme Synergien optimal auszusch\u00f6pfen.<\/p>\n\n\n\n<p class=\"has-text-align-center\">Durch die M\u00f6glichkeit sich Daten in verschiedenen Ansichten anzeigen zu lassen, steht Ihnen immer das richtige Tool zur Verf\u00fcgung. Nutzen Sie die Kalenderansicht, um Aufgaben zeitlich zu planen, rufen Sie alle To-Dos, die momentan zu erledigen sind, in einem Kanban Board auf und \u00fcberwachen Sie wichtige Kennzahlen in einer Tabellenansicht.<\/p>\n\n\n\n<p class=\"has-text-align-center\">Zenkit wird zum Digitalen Zwilling f\u00fcr jedes Team, in jeder Organisation \u2013 zu jeder Zeit.<\/p>\n<\/div>\n<\/div>\n\n\n\n<div class=\"wp-block-column is-layout-flow wp-container-core-column-is-layout-8eebadab wp-block-column-is-layout-flow\">\n<div class=\"wp-block-group has-global-padding is-layout-constrained wp-block-group-is-layout-constrained\">\n<h3 class=\"wp-block-heading has-text-align-center\">Projektmanagement<\/h3>\n\n\n\n<p class=\"has-text-align-center\">Arbeiten Sie im Team mit Anderen zusammen und \u00fcberwachen Sie Ihre Projekte in Echtzeit. Nutzen Sie die Kommentar- und Tag-Funktion, um Aufgaben zu besprechen und Feedback abzugeben. Die Zusammenarbeit gestaltet sich ganz unkompliziert von allen g\u00e4ngigen Plattformen und Devices aus.<\/p>\n<\/div>\n\n\n\n<div class=\"wp-block-group has-global-padding is-layout-constrained wp-block-group-is-layout-constrained\">\n<h3 class=\"wp-block-heading has-text-align-center\">Customer Relationship Manager<\/h3>\n\n\n\n<p class=\"has-text-align-center\">Nutzen Sie Zenkit, um Kundendaten abzuspeichern, Verkaufszahlen zu \u00fcberwachen und Vertriebskan\u00e4le zu managen \u2013 Machen Sie so Ihre Kunden gl\u00fccklich!<br>Lernen Sie mehr \u00fcber Ihre Kunden und weisen Sie diesen Daten, Rechnungen, Auftr\u00e4ge und Kommunikationsverl\u00e4ufe zu.<\/p>\n<\/div>\n\n\n\n<div class=\"wp-block-group has-global-padding is-layout-constrained wp-block-group-is-layout-constrained\">\n<h3 class=\"wp-block-heading has-text-align-center\">Content Management System<\/h3>\n\n\n\n<p class=\"has-text-align-center\">Laden Sie Dateien von Ihrem Computer oder Plattformen wie Dropbox, Google Drive oder Box ganz einfach in Zenkit hoch. Arbeiten Sie abteilungs\u00fcbergreifend zusammen mit Ihren Kollegen an Projekten und greifen Sie jederzeit und von \u00fcberall aus auf Notizen, Bilder und Dokumente zu.<\/p>\n<\/div>\n\n\n\n<div class=\"wp-block-group has-global-padding is-layout-constrained wp-block-group-is-layout-constrained\">\n<h3 class=\"wp-block-heading has-text-align-center\">Human Resource Manager<\/h3>\n\n\n\n<p class=\"has-text-align-center\">Erstellen und bearbeiten Sie Ihre gesamte Mitarbeiterdatenbank, er\u00f6ffnen Sie neue Channels, um intern mit Ihren Kollegen zu kommunizieren, managen Sie Onboarding-Prozesse und Bewerbungen, erfassen Sie Leistungen und Fortschritte und verwalten Sie die Geh\u00e4lter Ihrer Mitarbeiter in Zenkit.<\/p>\n<\/div>\n<\/div>\n<\/div>\n\n\n\n<div style=\"height:88px;--tablet-height:72px;--mobile-height:36px\" class=\"wp-block-lookeen-blocks-responsive-spacer\"><\/div>\n<\/div>\n\n\n\n<div class=\"wp-block-group has-da-blue-light-background-color has-background has-global-padding is-layout-constrained wp-container-core-group-is-layout-bea02a06 wp-block-group-is-layout-constrained\">\n<div style=\"height:88px;--tablet-height:72px;--mobile-height:36px\" class=\"wp-block-lookeen-blocks-responsive-spacer\"><\/div>\n\n\n\n<h2 class=\"wp-block-heading has-text-align-center\">Holen Sie sich Ihren Digitalen Zwilling noch heute!<\/h2>\n\n\n\n<p class=\"has-text-align-center\">Erstellen Sie noch heute, zusammen mit unserem Experten-Team den Digitalen Zwilling Ihres Unternehmens.<\/p>\n\n\n\n<p class=\"has-text-align-center\" style=\"margin-bottom:0px\"><a href=\"mailto:service@zenkit.com\">Kontakt<\/a><\/p>\n\n\n\n<div style=\"height:88px;--tablet-height:72px;--mobile-height:36px\" class=\"wp-block-lookeen-blocks-responsive-spacer\"><\/div>\n<\/div>\n\n\n\n<div class=\"wp-block-group has-global-padding is-layout-constrained wp-container-core-group-is-layout-bea02a06 wp-block-group-is-layout-constrained\">\n<div style=\"height:88px;--tablet-height:72px;--mobile-height:36px\" class=\"wp-block-lookeen-blocks-responsive-spacer\"><\/div>\n\n\n\n<h2 class=\"wp-block-heading has-text-align-center\">Zenkits zuk\u00fcnftiger Digitaler Zwilling<\/h2>\n\n\n\n<p class=\"has-text-align-center\" style=\"margin-bottom:0px\">Zenkit liegt langfristiger Erfolg am Herzen. Deshalb ist Ihr Digitaler Zwilling nicht f\u00fcr die n\u00e4chsten 10, sondern 100 und sogar 500 Jahre ausgerichtet. Unser Ziel ist es, Zenkit zu einem benutzerfreundlichen, unkomplizierten System werden zu lassen, das Nutzer in allen Bereichen ihres Lebens verwenden k\u00f6nnen. Zenkit soll nicht nur Mittel zum Zweck sein, sondern vielmehr als allgegenw\u00e4rtige Kraft wie Luft, Wasser und Elektrizit\u00e4t wahrgenommen werden. Um dieses Ziel zu erreichen, arbeiten wir daran den Umgang mit Zenkit so nahtlos zu gestalten, dass sich unser System perfekt in Ihren Alltag eingliedern l\u00e4sst.<\/p>\n<\/div>\n\n\n\n<div style=\"height:110px;--tablet-height:60px;--mobile-height:48px\" class=\"wp-block-lookeen-blocks-responsive-spacer\"><\/div>\n","protected":false},"excerpt":{"rendered":"<p>Zenkit: Der Digitale Zwilling Ihres Unternehmens Was ist ein Digitaler Zwilling? Der Begriff \u201cDigitaler Zwilling\u201d ist besonders in der Industrie eine wichtige Innovation. Digitale Zwillinge stellen die exakte digitale Kopie eines materiellen Gegenstandes oder immateriellen Prozesses dar.Produzierende, handwerkliche und industrielle Gewerbe profitieren schon l\u00e4nger von den zahlreichen Vorteilen des Digitalen Zwillings: Kostenersparnis, effiziente Produkttests, optimierte [&hellip;]<\/p>\n","protected":false},"author":1,"featured_media":0,"parent":51276,"menu_order":1,"comment_status":"closed","ping_status":"closed","template":"","meta":{"yasr_overall_rating":0,"yasr_post_is_review":"","yasr_auto_insert_disabled":"","yasr_review_type":"","footnotes":""},"class_list":["post-11809","page","type-page","status-publish","hentry"],"yoast_head":"<!-- This site is optimized with the Yoast SEO plugin v27.4 - https:\/\/yoast.com\/product\/yoast-seo-wordpress\/ -->\n<title>Digitaler Zwilling | Zenkit<\/title>\n<meta name=\"description\" content=\"Sie sind auf der Suche nach Ihrem digitalen Zwilling? Nutzen Sie Zenkit um den Digitalen Zwilling f\u00fcr die Prozesse Ihres Unternehmens zu erstellen!\" \/>\n<meta name=\"robots\" content=\"index, follow, max-snippet:-1, max-image-preview:large, max-video-preview:-1\" \/>\n<link rel=\"canonical\" href=\"https:\/\/zenkit.com\/de\/suite\/digitaler-zwilling\/\" \/>\n<meta property=\"og:locale\" content=\"de_DE\" \/>\n<meta property=\"og:type\" content=\"article\" \/>\n<meta property=\"og:title\" content=\"Digitaler Zwilling | Zenkit\" \/>\n<meta property=\"og:description\" content=\"Sie sind auf der Suche nach Ihrem digitalen Zwilling? Nutzen Sie Zenkit um den Digitalen Zwilling f\u00fcr die Prozesse Ihres Unternehmens zu erstellen!\" \/>\n<meta property=\"og:url\" content=\"https:\/\/zenkit.com\/de\/suite\/digitaler-zwilling\/\" \/>\n<meta property=\"og:site_name\" content=\"Zenkit\" \/>\n<meta property=\"article:publisher\" content=\"https:\/\/www.facebook.com\/ZenkitHQ\" \/>\n<meta property=\"article:modified_time\" content=\"2025-05-15T05:39:28+00:00\" \/>\n<meta name=\"twitter:card\" content=\"summary_large_image\" \/>\n<meta name=\"twitter:site\" content=\"@ZenkitHQ\" \/>\n<meta name=\"twitter:label1\" content=\"Gesch\u00e4tzte Lesezeit\" \/>\n\t<meta name=\"twitter:data1\" content=\"4\u00a0Minuten\" \/>\n<script type=\"application\/ld+json\" class=\"yoast-schema-graph\">{\"@context\":\"https:\\\/\\\/schema.org\",\"@graph\":[{\"@type\":\"WebPage\",\"@id\":\"https:\\\/\\\/zenkit.com\\\/de\\\/suite\\\/digitaler-zwilling\\\/\",\"url\":\"https:\\\/\\\/zenkit.com\\\/de\\\/suite\\\/digitaler-zwilling\\\/\",\"name\":\"Digitaler Zwilling | Zenkit\",\"isPartOf\":{\"@id\":\"https:\\\/\\\/zenkit.com\\\/de\\\/#website\"},\"datePublished\":\"2018-05-12T17:53:02+00:00\",\"dateModified\":\"2025-05-15T05:39:28+00:00\",\"description\":\"Sie sind auf der Suche nach Ihrem digitalen Zwilling? Nutzen Sie Zenkit um den Digitalen Zwilling f\u00fcr die Prozesse Ihres Unternehmens zu erstellen!\",\"breadcrumb\":{\"@id\":\"https:\\\/\\\/zenkit.com\\\/de\\\/suite\\\/digitaler-zwilling\\\/#breadcrumb\"},\"inLanguage\":\"de\",\"potentialAction\":[{\"@type\":\"ReadAction\",\"target\":[\"https:\\\/\\\/zenkit.com\\\/de\\\/suite\\\/digitaler-zwilling\\\/\"]}]},{\"@type\":\"BreadcrumbList\",\"@id\":\"https:\\\/\\\/zenkit.com\\\/de\\\/suite\\\/digitaler-zwilling\\\/#breadcrumb\",\"itemListElement\":[{\"@type\":\"ListItem\",\"position\":1,\"name\":\"Home\",\"item\":\"https:\\\/\\\/zenkit.com\\\/de\\\/\"},{\"@type\":\"ListItem\",\"position\":2,\"name\":\"Zenkit Suite\",\"item\":\"https:\\\/\\\/zenkit.com\\\/de\\\/suite\\\/\"},{\"@type\":\"ListItem\",\"position\":3,\"name\":\"Digitaler Zwilling\"}]},{\"@type\":\"WebSite\",\"@id\":\"https:\\\/\\\/zenkit.com\\\/de\\\/#website\",\"url\":\"https:\\\/\\\/zenkit.com\\\/de\\\/\",\"name\":\"Zenkit\",\"description\":\"Zenkit Tagline\",\"potentialAction\":[{\"@type\":\"SearchAction\",\"target\":{\"@type\":\"EntryPoint\",\"urlTemplate\":\"https:\\\/\\\/zenkit.com\\\/de\\\/?s={search_term_string}\"},\"query-input\":{\"@type\":\"PropertyValueSpecification\",\"valueRequired\":true,\"valueName\":\"search_term_string\"}}],\"inLanguage\":\"de\"},false]}<\/script>\n<!-- \/ Yoast SEO plugin. -->","yoast_head_json":{"title":"Digitaler Zwilling | Zenkit","description":"Sie sind auf der Suche nach Ihrem digitalen Zwilling? Nutzen Sie Zenkit um den Digitalen Zwilling f\u00fcr die Prozesse Ihres Unternehmens zu erstellen!","robots":{"index":"index","follow":"follow","max-snippet":"max-snippet:-1","max-image-preview":"max-image-preview:large","max-video-preview":"max-video-preview:-1"},"canonical":"https:\/\/zenkit.com\/de\/suite\/digitaler-zwilling\/","og_locale":"de_DE","og_type":"article","og_title":"Digitaler Zwilling | Zenkit","og_description":"Sie sind auf der Suche nach Ihrem digitalen Zwilling? Nutzen Sie Zenkit um den Digitalen Zwilling f\u00fcr die Prozesse Ihres Unternehmens zu erstellen!","og_url":"https:\/\/zenkit.com\/de\/suite\/digitaler-zwilling\/","og_site_name":"Zenkit","article_publisher":"https:\/\/www.facebook.com\/ZenkitHQ","article_modified_time":"2025-05-15T05:39:28+00:00","twitter_card":"summary_large_image","twitter_site":"@ZenkitHQ","twitter_misc":{"Gesch\u00e4tzte Lesezeit":"4\u00a0Minuten"},"schema":{"@context":"https:\/\/schema.org","@graph":[{"@type":"WebPage","@id":"https:\/\/zenkit.com\/de\/suite\/digitaler-zwilling\/","url":"https:\/\/zenkit.com\/de\/suite\/digitaler-zwilling\/","name":"Digitaler Zwilling | Zenkit","isPartOf":{"@id":"https:\/\/zenkit.com\/de\/#website"},"datePublished":"2018-05-12T17:53:02+00:00","dateModified":"2025-05-15T05:39:28+00:00","description":"Sie sind auf der Suche nach Ihrem digitalen Zwilling? Nutzen Sie Zenkit um den Digitalen Zwilling f\u00fcr die Prozesse Ihres Unternehmens zu erstellen!","breadcrumb":{"@id":"https:\/\/zenkit.com\/de\/suite\/digitaler-zwilling\/#breadcrumb"},"inLanguage":"de","potentialAction":[{"@type":"ReadAction","target":["https:\/\/zenkit.com\/de\/suite\/digitaler-zwilling\/"]}]},{"@type":"BreadcrumbList","@id":"https:\/\/zenkit.com\/de\/suite\/digitaler-zwilling\/#breadcrumb","itemListElement":[{"@type":"ListItem","position":1,"name":"Home","item":"https:\/\/zenkit.com\/de\/"},{"@type":"ListItem","position":2,"name":"Zenkit Suite","item":"https:\/\/zenkit.com\/de\/suite\/"},{"@type":"ListItem","position":3,"name":"Digitaler Zwilling"}]},{"@type":"WebSite","@id":"https:\/\/zenkit.com\/de\/#website","url":"https:\/\/zenkit.com\/de\/","name":"Zenkit","description":"Zenkit Tagline","potentialAction":[{"@type":"SearchAction","target":{"@type":"EntryPoint","urlTemplate":"https:\/\/zenkit.com\/de\/?s={search_term_string}"},"query-input":{"@type":"PropertyValueSpecification","valueRequired":true,"valueName":"search_term_string"}}],"inLanguage":"de"},false]}},"yasr_visitor_votes":{"stars_attributes":{"read_only":false,"span_bottom":false},"number_of_votes":0,"sum_votes":0},"_links":{"self":[{"href":"https:\/\/zenkit.com\/de\/wp-json\/wp\/v2\/pages\/11809","targetHints":{"allow":["GET"]}}],"collection":[{"href":"https:\/\/zenkit.com\/de\/wp-json\/wp\/v2\/pages"}],"about":[{"href":"https:\/\/zenkit.com\/de\/wp-json\/wp\/v2\/types\/page"}],"author":[{"embeddable":true,"href":"https:\/\/zenkit.com\/de\/wp-json\/wp\/v2\/users\/1"}],"replies":[{"embeddable":true,"href":"https:\/\/zenkit.com\/de\/wp-json\/wp\/v2\/comments?post=11809"}],"version-history":[{"count":7,"href":"https:\/\/zenkit.com\/de\/wp-json\/wp\/v2\/pages\/11809\/revisions"}],"predecessor-version":[{"id":112186,"href":"https:\/\/zenkit.com\/de\/wp-json\/wp\/v2\/pages\/11809\/revisions\/112186"}],"up":[{"embeddable":true,"href":"https:\/\/zenkit.com\/de\/wp-json\/wp\/v2\/pages\/51276"}],"wp:attachment":[{"href":"https:\/\/zenkit.com\/de\/wp-json\/wp\/v2\/media?parent=11809"}],"curies":[{"name":"wp","href":"https:\/\/api.w.org\/{rel}","templated":true}]}}