{"id":11880,"date":"2018-05-08T09:25:31","date_gmt":"2018-05-08T07:25:31","guid":{"rendered":"https:\/\/zenkit.com\/integrations\/google-calendar\/"},"modified":"2025-11-04T06:53:10","modified_gmt":"2025-11-04T05:53:10","slug":"google-kalendar","status":"publish","type":"page","link":"https:\/\/zenkit.com\/de\/integrationen\/google-kalendar\/","title":{"rendered":"Google Kalendar"},"content":{"rendered":"\n<div style=\"height:45px;--tablet-height:45px;--mobile-height:16px\" class=\"wp-block-lookeen-blocks-responsive-spacer\"><\/div>\n\n\n\n<div class=\"wp-block-group has-global-padding is-layout-constrained wp-block-group-is-layout-constrained\">\n<div class=\"wp-block-columns is-layout-flex wp-container-core-columns-is-layout-467d341d wp-block-columns-is-layout-flex\" id=\"main__integrations\" style=\"margin-top:0px;margin-bottom:0px\">\n<div class=\"wp-block-column side__bar__integrations is-layout-flow wp-block-column-is-layout-flow\" style=\"flex-basis:23%\">\n<h2 class=\"wp-block-heading has-da-blue-color-new has-text-color has-link-color wp-elements-23940834da46aca180649659fe90e677\" style=\"margin-top:0px;margin-bottom:0px;font-size:16px;line-height:1.5\">Office Integrationen<\/h2>\n\n\n<nav class=\"is-vertical integrations__menu wp-block-navigation is-layout-flex wp-container-core-navigation-is-layout-5f9f5280 wp-block-navigation-is-layout-flex\" aria-label=\"de-office-integrations\"><ul class=\"wp-block-navigation__container  is-vertical integrations__menu wp-block-navigation\"><li class=\" wp-block-navigation-item wp-block-navigation-link\"><a class=\"wp-block-navigation-item__content\"  href=\"https:\/\/zenkit.com\/de\/integrationen\/google-kalendar\/\"><span class=\"wp-block-navigation-item__label\">Google Kalendar<\/span><\/a><\/li><li class=\" wp-block-navigation-item wp-block-navigation-link\"><a class=\"wp-block-navigation-item__content\"  href=\"https:\/\/zenkit.com\/de\/integrationen\/google-sheets\/\"><span class=\"wp-block-navigation-item__label\">Google Sheets<\/span><\/a><\/li><\/ul><\/nav><\/div>\n\n\n\n<div class=\"wp-block-column content__integrations is-layout-flow wp-block-column-is-layout-flow\" style=\"flex-basis:77%\">\n<div class=\"wp-block-group title is-layout-flex wp-container-core-group-is-layout-ed4b00df wp-block-group-is-layout-flex\">\n<figure class=\"wp-block-image size-full is-resized\"><img loading=\"lazy\" decoding=\"async\" width=\"128\" height=\"128\" src=\"https:\/\/zenkit.com\/wp-content\/uploads\/2025\/07\/google-calendar-logo.webp\" alt=\"\" class=\"wp-image-118383\" style=\"width:auto;height:46px\"\/><\/figure>\n\n\n\n<h1 class=\"wp-block-heading\">Google Kalendar und Zenkit<\/h1>\n<\/div>\n\n\n\n<div class=\"wp-block-group has-global-padding is-layout-constrained wp-block-group-is-layout-constrained\">\n<p>Synchronisieren Sie Zenkit mit Google Kalender, um stets den \u00dcberblick \u00fcber anstehende Aufgaben und Termine zu behalten.<\/p>\n\n\n\n<p>Wenn Sie bereits Google Kalender zur Planung von Besprechungen oder Veranstaltungen verwenden und Zenkit f\u00fcr das Aufgaben- oder Projektmanagement nutzen, k\u00f6nnte unsere\u00a0Google Kalendar-Synchronisierung\u00a0sehr hilfreich f\u00fcr Sie sein!<\/p>\n\n\n\n<p>Stellen Sie sich vor: Sie haben bereits private Events und Termine mit Google Kalendar geplant, m\u00fcssen aber Ihre Aufgaben oder Projekte in Zenkit verwalten. Wenn Sie nicht genau wissen, welche privaten Termine Sie haben, k\u00f6nnten diese mit Ihren Projekten kollidieren. Und was noch schlimmer ist? Sie k\u00f6nnten Ihr Arbeitspensum \u00fcber- oder untersch\u00e4tzen, was Sie daran hindert, Ihre Ziele effektiv zu erreichen.<\/p>\n\n\n\n<p>W\u00e4re es nicht klug, alle Termine an einem Ort anzuzeigen, damit Sie einen klaren \u00dcberblick \u00fcber alle Ihre Pl\u00e4ne haben? Dieses Zenkit-Add-on verbindet Ihre Collections direkt mit dem Google-Kalender. So k\u00f6nnen Sie Ihre Kalender synchron halten und neue Aufgaben oder Events zu dem Kalender hinzuf\u00fcgen, den Sie am h\u00e4ufigsten verwenden.<\/p>\n<\/div>\n\n\n\n<div style=\"height:48px;--tablet-height:36px;--mobile-height:24px\" class=\"wp-block-lookeen-blocks-responsive-spacer\"><\/div>\n\n\n\n<div class=\"wp-block-group has-global-padding is-layout-constrained wp-container-core-group-is-layout-1026f38c wp-block-group-is-layout-constrained\">\n<figure class=\"wp-block-image size-full\" style=\"margin-top:0px;margin-bottom:0px\"><img loading=\"lazy\" decoding=\"async\" width=\"900\" height=\"292\" src=\"https:\/\/zenkit.com\/wp-content\/uploads\/2025\/07\/Zenkit-automatic-google-calendar-update.gif\" alt=\"\" class=\"wp-image-118394\"\/><\/figure>\n<\/div>\n\n\n\n<div style=\"height:48px;--tablet-height:36px;--mobile-height:24px\" class=\"wp-block-lookeen-blocks-responsive-spacer\"><\/div>\n\n\n\n<div class=\"wp-block-group has-global-padding is-layout-constrained wp-block-group-is-layout-constrained\">\n<h3 class=\"wp-block-heading display-h2\">\u00dcber Google Kalendar<\/h3>\n\n\n\n<p>Google Kalendar ist ein Online-Kalender, der direkt mit Ihrem Google-Konto verbunden ist. Damit k\u00f6nnen Sie schnell Besprechungen und Termine planen und sich bei bevorstehenden Aktivit\u00e4ten erinnern lassen.<\/p>\n\n\n\n<p>Sie k\u00f6nnen Ihren Kalender ganz einfach anpassen, indem Sie Ereignisbenachrichtigungen verwalten, Ihre Kalenderansicht ausw\u00e4hlen oder das Aussehen \u00e4ndern.&nbsp;<\/p>\n<\/div>\n\n\n\n<div style=\"height:48px;--tablet-height:36px;--mobile-height:24px\" class=\"wp-block-lookeen-blocks-responsive-spacer\"><\/div>\n\n\n\n<div class=\"wp-block-group has-global-padding is-layout-constrained wp-block-group-is-layout-constrained\">\n<h3 class=\"wp-block-heading display-h2\">\u00dcber Zenkit<\/h3>\n\n\n\n<p><a href=\"https:\/\/zenkit.com\/\">Zenkit<\/a>&nbsp;ist eine Softwarel\u00f6sung f\u00fcr agiles und klassisches Projektmanagment. Sie bietet Funktionen f\u00fcr die Zusammenarbeit in Echtzeit, intelligente Ansichten, Berichte und Ressourcenplanung, die Ihrem Team echte Fortschritte erm\u00f6glichen. Mit einem Klick k\u00f6nnen Sie Ihre Projekte in verschiedenen Ansichten anzeigen lassen, darunter Kanban, Gantt-Diagramm, Tabelle, Mind Map, Hierarchie, Liste und Kalender. Sie k\u00f6nnen auf Zenkit auf fast jeder Plattform zugreifen \u2013 einschlie\u00dflich Web-, Windows-, Linux- und MacOS-Anwendungen sowie mobile Versionen f\u00fcr Android- und iOS-Ger\u00e4te.<\/p>\n\n\n\n<p>Weitere Informationen finden Sie unter&nbsp;<a href=\"https:\/\/zenkit.com\/de\/projects\/\">https:\/\/zenkit.com\/<\/a>.<\/p>\n<\/div>\n\n\n\n<div style=\"height:48px;--tablet-height:36px;--mobile-height:24px\" class=\"wp-block-lookeen-blocks-responsive-spacer\"><\/div>\n\n\n\n<div class=\"wp-block-group has-global-padding is-layout-constrained wp-block-group-is-layout-constrained\">\n<h3 class=\"wp-block-heading display-h2\">Synchronisieren Sie Google Kalendar and Zenkit?<\/h3>\n\n\n\n<ol class=\"wp-block-list  list__style__position-inside\">\n<li>Loggen Sie sich in Ihren&nbsp;<a href=\"https:\/\/accounts.google.com\/signup\/v2?hl=en&amp;flowName=GlifWebSignIn&amp;flowEntry=SignUp\">Google Account<\/a>&nbsp;ein, um Zugriff auf Google Kalender zu erhalten.<\/li>\n\n\n\n<li>\u00d6ffnen Sie die Zenkit Projekte, die sie mit Google Kalender verbinden m\u00f6chten.<\/li>\n\n\n\n<li>Klicken Sie auf den Namen des Projekts in Zenkit und im Anschluss auf \u201aAdd-ons Verwalten\u2018.<\/li>\n\n\n\n<li>W\u00e4hlen Sie \u201aHinzuf\u00fcgen\u2018 in der Rubrik \u201eiCalender Abonnement\u201c.<\/li>\n\n\n\n<li>Befolgen Sie die Anweisungen des Handlungsassistenten, um Google Kalender in Zenkit einzubinden.<\/li>\n<\/ol>\n<\/div>\n\n\n\n<div style=\"height:48px;--tablet-height:36px;--mobile-height:24px\" class=\"wp-block-lookeen-blocks-responsive-spacer\"><\/div>\n\n\n\n<div class=\"wp-block-group has-global-padding is-layout-constrained wp-block-group-is-layout-constrained\">\n<h3 class=\"wp-block-heading display-h2\">Wer profitiert von der Google Kalender und Zenkit Integration?<\/h3>\n\n\n\n<ul class=\"wp-block-list is-style-da-left-indent\">\n<li>Zenkit-Liebhaber, die die Leistungsf\u00e4higkeit dieses Projektmanagement-Tools mit n\u00fctzlichen Add-ons nutzen m\u00f6chten.<\/li>\n\n\n\n<li>Personen, die mehrere Kalender verwenden und einen integrierten \u00dcberblick \u00fcber verschiedene Tools erhalten m\u00f6chten.<\/li>\n<\/ul>\n<\/div>\n\n\n\n<div style=\"height:48px;--tablet-height:36px;--mobile-height:24px\" class=\"wp-block-lookeen-blocks-responsive-spacer\"><\/div>\n\n\n\n<div class=\"wp-block-group has-global-padding is-layout-constrained wp-block-group-is-layout-constrained\">\n<h3 class=\"wp-block-heading display-h2\">Support<\/h3>\n\n\n\n<p>Diese Integration wird von Zenkit unterst\u00fctzt. Falls Fragen oder Probleme auftauchen, wenden Sie sich bitte an unseren Zenkit Support. Sie ben\u00f6tigen weitere Informationen, um zu erfahren wie Sie Zenkit mit Google Kalender verbinden k\u00f6nnen? Dann werfen Sie einen Blick auf unsere&nbsp;<a href=\"https:\/\/help.zenkit.com\/de\/support\/solutions\">Wissensdatenbank<\/a>.<\/p>\n<\/div>\n<\/div>\n<\/div>\n<\/div>\n\n\n\n<div style=\"height:110px;--tablet-height:60px;--mobile-height:48px\" class=\"wp-block-lookeen-blocks-responsive-spacer\"><\/div>\n","protected":false},"excerpt":{"rendered":"<p>Office Integrationen Google Kalendar und Zenkit Synchronisieren Sie Zenkit mit Google Kalender, um stets den \u00dcberblick \u00fcber anstehende Aufgaben und Termine zu behalten. Wenn Sie bereits Google Kalender zur Planung von Besprechungen oder Veranstaltungen verwenden und Zenkit f\u00fcr das Aufgaben- oder Projektmanagement nutzen, k\u00f6nnte unsere\u00a0Google Kalendar-Synchronisierung\u00a0sehr hilfreich f\u00fcr Sie sein! Stellen Sie sich vor: Sie [&hellip;]<\/p>\n","protected":false},"author":1,"featured_media":0,"parent":67564,"menu_order":0,"comment_status":"closed","ping_status":"closed","template":"","meta":{"yasr_overall_rating":0,"yasr_post_is_review":"","yasr_auto_insert_disabled":"","yasr_review_type":"","footnotes":""},"class_list":["post-11880","page","type-page","status-publish","hentry"],"yoast_head":"<!-- This site is optimized with the Yoast SEO plugin v27.3 - https:\/\/yoast.com\/product\/yoast-seo-wordpress\/ -->\n<title>Google Kalender | Zenkit Integrationen<\/title>\n<meta name=\"description\" content=\"Behalten Sie den \u00dcberblick \u00fcber Ihre Termine und Aufgaben mit der Integration von Zenkit und Google Kalender.\" \/>\n<meta name=\"robots\" content=\"index, follow, max-snippet:-1, max-image-preview:large, max-video-preview:-1\" \/>\n<link rel=\"canonical\" href=\"https:\/\/zenkit.com\/de\/integrationen\/google-kalendar\/\" \/>\n<meta property=\"og:locale\" content=\"de_DE\" \/>\n<meta property=\"og:type\" content=\"article\" \/>\n<meta property=\"og:title\" content=\"Google Kalender | Zenkit Integrationen\" \/>\n<meta property=\"og:description\" content=\"Behalten Sie den \u00dcberblick \u00fcber Ihre Termine und Aufgaben mit der Integration von Zenkit und Google Kalender.\" \/>\n<meta property=\"og:url\" content=\"https:\/\/zenkit.com\/de\/integrationen\/google-kalendar\/\" \/>\n<meta property=\"og:site_name\" content=\"Zenkit\" \/>\n<meta property=\"article:publisher\" content=\"https:\/\/www.facebook.com\/ZenkitHQ\" \/>\n<meta property=\"article:modified_time\" content=\"2025-11-04T05:53:10+00:00\" \/>\n<meta property=\"og:image\" content=\"https:\/\/zenkit.com\/wp-content\/uploads\/2025\/07\/google-calendar-logo.webp\" \/>\n\t<meta property=\"og:image:width\" content=\"128\" \/>\n\t<meta property=\"og:image:height\" content=\"128\" \/>\n\t<meta property=\"og:image:type\" content=\"image\/webp\" \/>\n<meta name=\"twitter:card\" content=\"summary_large_image\" \/>\n<meta name=\"twitter:site\" content=\"@ZenkitHQ\" \/>\n<meta name=\"twitter:label1\" content=\"Gesch\u00e4tzte Lesezeit\" \/>\n\t<meta name=\"twitter:data1\" content=\"21\u00a0Minuten\" \/>\n<script type=\"application\/ld+json\" class=\"yoast-schema-graph\">{\"@context\":\"https:\\\/\\\/schema.org\",\"@graph\":[{\"@type\":\"WebPage\",\"@id\":\"https:\\\/\\\/zenkit.com\\\/de\\\/integrationen\\\/google-kalendar\\\/\",\"url\":\"https:\\\/\\\/zenkit.com\\\/de\\\/integrationen\\\/google-kalendar\\\/\",\"name\":\"Google Kalender | Zenkit Integrationen\",\"isPartOf\":{\"@id\":\"https:\\\/\\\/zenkit.com\\\/de\\\/#website\"},\"primaryImageOfPage\":{\"@id\":\"https:\\\/\\\/zenkit.com\\\/de\\\/integrationen\\\/google-kalendar\\\/#primaryimage\"},\"image\":{\"@id\":\"https:\\\/\\\/zenkit.com\\\/de\\\/integrationen\\\/google-kalendar\\\/#primaryimage\"},\"thumbnailUrl\":\"https:\\\/\\\/zenkit.com\\\/wp-content\\\/uploads\\\/2025\\\/07\\\/google-calendar-logo.webp\",\"datePublished\":\"2018-05-08T07:25:31+00:00\",\"dateModified\":\"2025-11-04T05:53:10+00:00\",\"description\":\"Behalten Sie den \u00dcberblick \u00fcber Ihre Termine und Aufgaben mit der Integration von Zenkit und Google Kalender.\",\"breadcrumb\":{\"@id\":\"https:\\\/\\\/zenkit.com\\\/de\\\/integrationen\\\/google-kalendar\\\/#breadcrumb\"},\"inLanguage\":\"de\",\"potentialAction\":[{\"@type\":\"ReadAction\",\"target\":[\"https:\\\/\\\/zenkit.com\\\/de\\\/integrationen\\\/google-kalendar\\\/\"]}]},{\"@type\":\"ImageObject\",\"inLanguage\":\"de\",\"@id\":\"https:\\\/\\\/zenkit.com\\\/de\\\/integrationen\\\/google-kalendar\\\/#primaryimage\",\"url\":\"https:\\\/\\\/zenkit.com\\\/wp-content\\\/uploads\\\/2025\\\/07\\\/google-calendar-logo.webp\",\"contentUrl\":\"https:\\\/\\\/zenkit.com\\\/wp-content\\\/uploads\\\/2025\\\/07\\\/google-calendar-logo.webp\"},{\"@type\":\"BreadcrumbList\",\"@id\":\"https:\\\/\\\/zenkit.com\\\/de\\\/integrationen\\\/google-kalendar\\\/#breadcrumb\",\"itemListElement\":[{\"@type\":\"ListItem\",\"position\":1,\"name\":\"Home\",\"item\":\"https:\\\/\\\/zenkit.com\\\/de\\\/\"},{\"@type\":\"ListItem\",\"position\":2,\"name\":\"Integrationen\",\"item\":\"https:\\\/\\\/zenkit.com\\\/de\\\/integrationen\\\/\"},{\"@type\":\"ListItem\",\"position\":3,\"name\":\"Google Kalendar\"}]},{\"@type\":\"WebSite\",\"@id\":\"https:\\\/\\\/zenkit.com\\\/de\\\/#website\",\"url\":\"https:\\\/\\\/zenkit.com\\\/de\\\/\",\"name\":\"Zenkit\",\"description\":\"Zenkit Tagline\",\"potentialAction\":[{\"@type\":\"SearchAction\",\"target\":{\"@type\":\"EntryPoint\",\"urlTemplate\":\"https:\\\/\\\/zenkit.com\\\/de\\\/?s={search_term_string}\"},\"query-input\":{\"@type\":\"PropertyValueSpecification\",\"valueRequired\":true,\"valueName\":\"search_term_string\"}}],\"inLanguage\":\"de\"},false]}<\/script>\n<!-- \/ Yoast SEO plugin. -->","yoast_head_json":{"title":"Google Kalender | Zenkit Integrationen","description":"Behalten Sie den \u00dcberblick \u00fcber Ihre Termine und Aufgaben mit der Integration von Zenkit und Google Kalender.","robots":{"index":"index","follow":"follow","max-snippet":"max-snippet:-1","max-image-preview":"max-image-preview:large","max-video-preview":"max-video-preview:-1"},"canonical":"https:\/\/zenkit.com\/de\/integrationen\/google-kalendar\/","og_locale":"de_DE","og_type":"article","og_title":"Google Kalender | Zenkit Integrationen","og_description":"Behalten Sie den \u00dcberblick \u00fcber Ihre Termine und Aufgaben mit der Integration von Zenkit und Google Kalender.","og_url":"https:\/\/zenkit.com\/de\/integrationen\/google-kalendar\/","og_site_name":"Zenkit","article_publisher":"https:\/\/www.facebook.com\/ZenkitHQ","article_modified_time":"2025-11-04T05:53:10+00:00","og_image":[{"width":128,"height":128,"url":"https:\/\/zenkit.com\/wp-content\/uploads\/2025\/07\/google-calendar-logo.webp","type":"image\/webp"}],"twitter_card":"summary_large_image","twitter_site":"@ZenkitHQ","twitter_misc":{"Gesch\u00e4tzte Lesezeit":"21\u00a0Minuten"},"schema":{"@context":"https:\/\/schema.org","@graph":[{"@type":"WebPage","@id":"https:\/\/zenkit.com\/de\/integrationen\/google-kalendar\/","url":"https:\/\/zenkit.com\/de\/integrationen\/google-kalendar\/","name":"Google Kalender | Zenkit Integrationen","isPartOf":{"@id":"https:\/\/zenkit.com\/de\/#website"},"primaryImageOfPage":{"@id":"https:\/\/zenkit.com\/de\/integrationen\/google-kalendar\/#primaryimage"},"image":{"@id":"https:\/\/zenkit.com\/de\/integrationen\/google-kalendar\/#primaryimage"},"thumbnailUrl":"https:\/\/zenkit.com\/wp-content\/uploads\/2025\/07\/google-calendar-logo.webp","datePublished":"2018-05-08T07:25:31+00:00","dateModified":"2025-11-04T05:53:10+00:00","description":"Behalten Sie den \u00dcberblick \u00fcber Ihre Termine und Aufgaben mit der Integration von Zenkit und Google Kalender.","breadcrumb":{"@id":"https:\/\/zenkit.com\/de\/integrationen\/google-kalendar\/#breadcrumb"},"inLanguage":"de","potentialAction":[{"@type":"ReadAction","target":["https:\/\/zenkit.com\/de\/integrationen\/google-kalendar\/"]}]},{"@type":"ImageObject","inLanguage":"de","@id":"https:\/\/zenkit.com\/de\/integrationen\/google-kalendar\/#primaryimage","url":"https:\/\/zenkit.com\/wp-content\/uploads\/2025\/07\/google-calendar-logo.webp","contentUrl":"https:\/\/zenkit.com\/wp-content\/uploads\/2025\/07\/google-calendar-logo.webp"},{"@type":"BreadcrumbList","@id":"https:\/\/zenkit.com\/de\/integrationen\/google-kalendar\/#breadcrumb","itemListElement":[{"@type":"ListItem","position":1,"name":"Home","item":"https:\/\/zenkit.com\/de\/"},{"@type":"ListItem","position":2,"name":"Integrationen","item":"https:\/\/zenkit.com\/de\/integrationen\/"},{"@type":"ListItem","position":3,"name":"Google Kalendar"}]},{"@type":"WebSite","@id":"https:\/\/zenkit.com\/de\/#website","url":"https:\/\/zenkit.com\/de\/","name":"Zenkit","description":"Zenkit Tagline","potentialAction":[{"@type":"SearchAction","target":{"@type":"EntryPoint","urlTemplate":"https:\/\/zenkit.com\/de\/?s={search_term_string}"},"query-input":{"@type":"PropertyValueSpecification","valueRequired":true,"valueName":"search_term_string"}}],"inLanguage":"de"},false]}},"yasr_visitor_votes":{"stars_attributes":{"read_only":false,"span_bottom":false},"number_of_votes":0,"sum_votes":0},"_links":{"self":[{"href":"https:\/\/zenkit.com\/de\/wp-json\/wp\/v2\/pages\/11880","targetHints":{"allow":["GET"]}}],"collection":[{"href":"https:\/\/zenkit.com\/de\/wp-json\/wp\/v2\/pages"}],"about":[{"href":"https:\/\/zenkit.com\/de\/wp-json\/wp\/v2\/types\/page"}],"author":[{"embeddable":true,"href":"https:\/\/zenkit.com\/de\/wp-json\/wp\/v2\/users\/1"}],"replies":[{"embeddable":true,"href":"https:\/\/zenkit.com\/de\/wp-json\/wp\/v2\/comments?post=11880"}],"version-history":[{"count":5,"href":"https:\/\/zenkit.com\/de\/wp-json\/wp\/v2\/pages\/11880\/revisions"}],"predecessor-version":[{"id":167462,"href":"https:\/\/zenkit.com\/de\/wp-json\/wp\/v2\/pages\/11880\/revisions\/167462"}],"up":[{"embeddable":true,"href":"https:\/\/zenkit.com\/de\/wp-json\/wp\/v2\/pages\/67564"}],"wp:attachment":[{"href":"https:\/\/zenkit.com\/de\/wp-json\/wp\/v2\/media?parent=11880"}],"curies":[{"name":"wp","href":"https:\/\/api.w.org\/{rel}","templated":true}]}}