{"id":11913,"date":"2018-04-20T17:37:10","date_gmt":"2018-04-20T15:37:10","guid":{"rendered":"https:\/\/zenkit.com\/newsletter\/"},"modified":"2025-01-15T08:16:00","modified_gmt":"2025-01-15T07:16:00","slug":"newsletter","status":"publish","type":"page","link":"https:\/\/zenkit.com\/de\/newsletter\/","title":{"rendered":"Newsletter"},"content":{"rendered":"\n<div class=\"wp-block-group has-global-padding is-layout-constrained wp-block-group-is-layout-constrained\">\n<div class=\"wp-block-group width--950 has-global-padding is-layout-constrained wp-block-group-is-layout-constrained\">\n<div style=\"height:45px;--tablet-height:45px;--mobile-height:16px\" class=\"wp-block-lookeen-blocks-responsive-spacer\"><\/div>\n\n\n\n<div class=\"wp-block-group has-global-padding is-layout-constrained wp-block-group-is-layout-constrained\">\n<h1 class=\"wp-block-heading has-text-align-center\" style=\"margin-bottom:8px\">Zenkit Newsletter<\/h1>\n<\/div>\n\n\n\n<div class=\"wp-block-group has-global-padding is-layout-constrained wp-block-group-is-layout-constrained\">\n<p class=\"has-text-align-center subheading\">Tragen Sie sich f\u00fcr unseren Newsletter ein, um regelm\u00e4\u00dfig \u00fcber neue Zenkit Funktionen, Tipps, Tricks und anstehende Releases informiert zu werden.<\/p>\n<\/div>\n<\/div>\n\n\n\n<div style=\"height:88px;--tablet-height:72px;--mobile-height:40px\" class=\"wp-block-lookeen-blocks-responsive-spacer\"><\/div>\n<\/div>\n\n\n\n<div class=\"wp-block-group has-global-padding is-layout-constrained wp-block-group-is-layout-constrained\">\n<div class=\"wp-block-group width--450 has-global-padding is-layout-constrained wp-block-group-is-layout-constrained\">\n<iframe id=\"contact-form\" class=\"border-radius--20\" style=\"width: 100%; min-height: 550px; background: transparent; border: 0; box-shadow: 0 0 20px rgb(0 0 0 \/ 10%);\" src=\"https:\/\/public.zenkit.com\/f\/tBoFXkfp0Q\/zenkit-newsletter-form?v=N_wd6kZvO\" allowfullscreen=\"allowfullscreen\">\n<a href=\"https:\/\/public.zenkit.com\/f\/tBoFXkfp0Q\/zenkit-newsletter-form?v=N_wd6kZvO\" target=\"_blank\">\nYour browser doesn&#8217;t support iframes. Click here to open the content in a new tab.\n<\/a>\n<\/iframe>\n<\/div>\n\n\n\n<div style=\"height:88px;--tablet-height:72px;--mobile-height:40px\" class=\"wp-block-lookeen-blocks-responsive-spacer\"><\/div>\n<\/div>\n\n\n\n<div class=\"wp-block-group has-global-padding is-layout-constrained wp-block-group-is-layout-constrained\">\n<div class=\"wp-block-group has-global-padding is-layout-constrained wp-container-core-group-is-layout-bdbfdc43 wp-block-group-is-layout-constrained\">\n<figure class=\"wp-block-image aligncenter size-full\" style=\"margin-bottom:8px\"><img decoding=\"async\" src=\"https:\/\/zenkit.com\/wp-content\/uploads\/2025\/01\/info.svg\" alt=\"\" class=\"wp-image-109380\"\/><\/figure>\n\n\n\n<p class=\"has-text-align-center has-da-grey-1-color has-text-color has-link-color wp-elements-5e6b0b9a584cf8039a7df575b597d7e6\">P.S. Nat\u00fcrlich erhalten Sie keine Spam-Mails von uns und wir geben Ihre E-Mail Adresse nicht an Dritte weiter! Falls Sie sich f\u00fcr den Newsletter wieder austragen m\u00f6chten, klicken Sie auf den \u201eAusschreiben\u201d Button am Ende jeder Newsletter E-Mail.<\/p>\n<\/div>\n<\/div>\n\n\n\n<div style=\"height:110px;--tablet-height:60px;--mobile-height:48px\" class=\"wp-block-lookeen-blocks-responsive-spacer\"><\/div>\n","protected":false},"excerpt":{"rendered":"<p>Zenkit Newsletter Tragen Sie sich f\u00fcr unseren Newsletter ein, um regelm\u00e4\u00dfig \u00fcber neue Zenkit Funktionen, Tipps, Tricks und anstehende Releases informiert zu werden. Your browser doesn&#8217;t support iframes. Click here to open the content in a new tab. P.S. Nat\u00fcrlich erhalten Sie keine Spam-Mails von uns und wir geben Ihre E-Mail Adresse nicht an Dritte [&hellip;]<\/p>\n","protected":false},"author":1,"featured_media":0,"parent":0,"menu_order":4,"comment_status":"closed","ping_status":"closed","template":"","meta":{"yasr_overall_rating":0,"yasr_post_is_review":"","yasr_auto_insert_disabled":"","yasr_review_type":"","footnotes":""},"class_list":["post-11913","page","type-page","status-publish","hentry"],"yoast_head":"<!-- This site is optimized with the Yoast SEO plugin v27.3 - https:\/\/yoast.com\/product\/yoast-seo-wordpress\/ -->\n<title>Newsletter | Zenkit<\/title>\n<meta name=\"description\" content=\"Erhalten Sie die neuesten Nachrichten und Updates zu Zenkit direkt per E-Mail. Der Zenkit Newsletter informiert Sie \u00fcber neue Funktionen und Blogartikel.\" \/>\n<meta name=\"robots\" content=\"index, follow, max-snippet:-1, max-image-preview:large, max-video-preview:-1\" \/>\n<link rel=\"canonical\" href=\"https:\/\/zenkit.com\/de\/newsletter\/\" \/>\n<meta property=\"og:locale\" content=\"de_DE\" \/>\n<meta property=\"og:type\" content=\"article\" \/>\n<meta property=\"og:title\" content=\"Newsletter | Zenkit\" \/>\n<meta property=\"og:description\" content=\"Erhalten Sie die neuesten Nachrichten und Updates zu Zenkit direkt per E-Mail. Der Zenkit Newsletter informiert Sie \u00fcber neue Funktionen und Blogartikel.\" \/>\n<meta property=\"og:url\" content=\"https:\/\/zenkit.com\/de\/newsletter\/\" \/>\n<meta property=\"og:site_name\" content=\"Zenkit\" \/>\n<meta property=\"article:publisher\" content=\"https:\/\/www.facebook.com\/ZenkitHQ\" \/>\n<meta property=\"article:modified_time\" content=\"2025-01-15T07:16:00+00:00\" \/>\n<meta property=\"og:image\" content=\"https:\/\/zenkit.com\/wp-content\/uploads\/2025\/01\/info.svg\" \/>\n<meta name=\"twitter:card\" content=\"summary_large_image\" \/>\n<meta name=\"twitter:site\" content=\"@ZenkitHQ\" \/>\n<script type=\"application\/ld+json\" class=\"yoast-schema-graph\">{\"@context\":\"https:\\\/\\\/schema.org\",\"@graph\":[{\"@type\":\"WebPage\",\"@id\":\"https:\\\/\\\/zenkit.com\\\/de\\\/newsletter\\\/\",\"url\":\"https:\\\/\\\/zenkit.com\\\/de\\\/newsletter\\\/\",\"name\":\"Newsletter | Zenkit\",\"isPartOf\":{\"@id\":\"https:\\\/\\\/zenkit.com\\\/de\\\/#website\"},\"primaryImageOfPage\":{\"@id\":\"https:\\\/\\\/zenkit.com\\\/de\\\/newsletter\\\/#primaryimage\"},\"image\":{\"@id\":\"https:\\\/\\\/zenkit.com\\\/de\\\/newsletter\\\/#primaryimage\"},\"thumbnailUrl\":\"https:\\\/\\\/zenkit.com\\\/wp-content\\\/uploads\\\/2025\\\/01\\\/info.svg\",\"datePublished\":\"2018-04-20T15:37:10+00:00\",\"dateModified\":\"2025-01-15T07:16:00+00:00\",\"description\":\"Erhalten Sie die neuesten Nachrichten und Updates zu Zenkit direkt per E-Mail. Der Zenkit Newsletter informiert Sie \u00fcber neue Funktionen und Blogartikel.\",\"breadcrumb\":{\"@id\":\"https:\\\/\\\/zenkit.com\\\/de\\\/newsletter\\\/#breadcrumb\"},\"inLanguage\":\"de\",\"potentialAction\":[{\"@type\":\"ReadAction\",\"target\":[\"https:\\\/\\\/zenkit.com\\\/de\\\/newsletter\\\/\"]}]},{\"@type\":\"ImageObject\",\"inLanguage\":\"de\",\"@id\":\"https:\\\/\\\/zenkit.com\\\/de\\\/newsletter\\\/#primaryimage\",\"url\":\"https:\\\/\\\/zenkit.com\\\/wp-content\\\/uploads\\\/2025\\\/01\\\/info.svg\",\"contentUrl\":\"https:\\\/\\\/zenkit.com\\\/wp-content\\\/uploads\\\/2025\\\/01\\\/info.svg\"},{\"@type\":\"BreadcrumbList\",\"@id\":\"https:\\\/\\\/zenkit.com\\\/de\\\/newsletter\\\/#breadcrumb\",\"itemListElement\":[{\"@type\":\"ListItem\",\"position\":1,\"name\":\"Home\",\"item\":\"https:\\\/\\\/zenkit.com\\\/de\\\/\"},{\"@type\":\"ListItem\",\"position\":2,\"name\":\"Newsletter\"}]},{\"@type\":\"WebSite\",\"@id\":\"https:\\\/\\\/zenkit.com\\\/de\\\/#website\",\"url\":\"https:\\\/\\\/zenkit.com\\\/de\\\/\",\"name\":\"Zenkit\",\"description\":\"Zenkit Tagline\",\"potentialAction\":[{\"@type\":\"SearchAction\",\"target\":{\"@type\":\"EntryPoint\",\"urlTemplate\":\"https:\\\/\\\/zenkit.com\\\/de\\\/?s={search_term_string}\"},\"query-input\":{\"@type\":\"PropertyValueSpecification\",\"valueRequired\":true,\"valueName\":\"search_term_string\"}}],\"inLanguage\":\"de\"},false]}<\/script>\n<!-- \/ Yoast SEO plugin. -->","yoast_head_json":{"title":"Newsletter | Zenkit","description":"Erhalten Sie die neuesten Nachrichten und Updates zu Zenkit direkt per E-Mail. Der Zenkit Newsletter informiert Sie \u00fcber neue Funktionen und Blogartikel.","robots":{"index":"index","follow":"follow","max-snippet":"max-snippet:-1","max-image-preview":"max-image-preview:large","max-video-preview":"max-video-preview:-1"},"canonical":"https:\/\/zenkit.com\/de\/newsletter\/","og_locale":"de_DE","og_type":"article","og_title":"Newsletter | Zenkit","og_description":"Erhalten Sie die neuesten Nachrichten und Updates zu Zenkit direkt per E-Mail. Der Zenkit Newsletter informiert Sie \u00fcber neue Funktionen und Blogartikel.","og_url":"https:\/\/zenkit.com\/de\/newsletter\/","og_site_name":"Zenkit","article_publisher":"https:\/\/www.facebook.com\/ZenkitHQ","article_modified_time":"2025-01-15T07:16:00+00:00","og_image":[{"url":"https:\/\/zenkit.com\/wp-content\/uploads\/2025\/01\/info.svg","type":"","width":"","height":""}],"twitter_card":"summary_large_image","twitter_site":"@ZenkitHQ","schema":{"@context":"https:\/\/schema.org","@graph":[{"@type":"WebPage","@id":"https:\/\/zenkit.com\/de\/newsletter\/","url":"https:\/\/zenkit.com\/de\/newsletter\/","name":"Newsletter | Zenkit","isPartOf":{"@id":"https:\/\/zenkit.com\/de\/#website"},"primaryImageOfPage":{"@id":"https:\/\/zenkit.com\/de\/newsletter\/#primaryimage"},"image":{"@id":"https:\/\/zenkit.com\/de\/newsletter\/#primaryimage"},"thumbnailUrl":"https:\/\/zenkit.com\/wp-content\/uploads\/2025\/01\/info.svg","datePublished":"2018-04-20T15:37:10+00:00","dateModified":"2025-01-15T07:16:00+00:00","description":"Erhalten Sie die neuesten Nachrichten und Updates zu Zenkit direkt per E-Mail. Der Zenkit Newsletter informiert Sie \u00fcber neue Funktionen und Blogartikel.","breadcrumb":{"@id":"https:\/\/zenkit.com\/de\/newsletter\/#breadcrumb"},"inLanguage":"de","potentialAction":[{"@type":"ReadAction","target":["https:\/\/zenkit.com\/de\/newsletter\/"]}]},{"@type":"ImageObject","inLanguage":"de","@id":"https:\/\/zenkit.com\/de\/newsletter\/#primaryimage","url":"https:\/\/zenkit.com\/wp-content\/uploads\/2025\/01\/info.svg","contentUrl":"https:\/\/zenkit.com\/wp-content\/uploads\/2025\/01\/info.svg"},{"@type":"BreadcrumbList","@id":"https:\/\/zenkit.com\/de\/newsletter\/#breadcrumb","itemListElement":[{"@type":"ListItem","position":1,"name":"Home","item":"https:\/\/zenkit.com\/de\/"},{"@type":"ListItem","position":2,"name":"Newsletter"}]},{"@type":"WebSite","@id":"https:\/\/zenkit.com\/de\/#website","url":"https:\/\/zenkit.com\/de\/","name":"Zenkit","description":"Zenkit Tagline","potentialAction":[{"@type":"SearchAction","target":{"@type":"EntryPoint","urlTemplate":"https:\/\/zenkit.com\/de\/?s={search_term_string}"},"query-input":{"@type":"PropertyValueSpecification","valueRequired":true,"valueName":"search_term_string"}}],"inLanguage":"de"},false]}},"yasr_visitor_votes":{"stars_attributes":{"read_only":false,"span_bottom":false},"number_of_votes":0,"sum_votes":0},"_links":{"self":[{"href":"https:\/\/zenkit.com\/de\/wp-json\/wp\/v2\/pages\/11913","targetHints":{"allow":["GET"]}}],"collection":[{"href":"https:\/\/zenkit.com\/de\/wp-json\/wp\/v2\/pages"}],"about":[{"href":"https:\/\/zenkit.com\/de\/wp-json\/wp\/v2\/types\/page"}],"author":[{"embeddable":true,"href":"https:\/\/zenkit.com\/de\/wp-json\/wp\/v2\/users\/1"}],"replies":[{"embeddable":true,"href":"https:\/\/zenkit.com\/de\/wp-json\/wp\/v2\/comments?post=11913"}],"version-history":[{"count":7,"href":"https:\/\/zenkit.com\/de\/wp-json\/wp\/v2\/pages\/11913\/revisions"}],"predecessor-version":[{"id":110178,"href":"https:\/\/zenkit.com\/de\/wp-json\/wp\/v2\/pages\/11913\/revisions\/110178"}],"wp:attachment":[{"href":"https:\/\/zenkit.com\/de\/wp-json\/wp\/v2\/media?parent=11913"}],"curies":[{"name":"wp","href":"https:\/\/api.w.org\/{rel}","templated":true}]}}