{"id":11924,"date":"2018-06-22T15:40:17","date_gmt":"2018-06-22T13:40:17","guid":{"rendered":"https:\/\/zenkit.com\/?page_id=11924"},"modified":"2025-09-16T14:01:41","modified_gmt":"2025-09-16T12:01:41","slug":"anwendungsbeispiele","status":"publish","type":"page","link":"https:\/\/zenkit.com\/de\/anwendungsbeispiele\/","title":{"rendered":"Anwendungsbeispiele"},"content":{"rendered":"\n<div class=\"wp-block-group has-global-padding is-layout-constrained wp-block-group-is-layout-constrained\">\n<div class=\"wp-block-group width--950 has-global-padding is-layout-constrained wp-block-group-is-layout-constrained\">\n<div style=\"height:45px;--tablet-height:45px;--mobile-height:16px\" class=\"wp-block-lookeen-blocks-responsive-spacer\"><\/div>\n\n\n\n<div class=\"wp-block-group has-global-padding is-layout-constrained wp-block-group-is-layout-constrained\">\n<h1 class=\"wp-block-heading has-text-align-center\" style=\"margin-bottom:8px\">Jedes Team kann Zenkit verwenden<\/h1>\n<\/div>\n\n\n\n<div class=\"wp-block-group has-global-padding is-layout-constrained wp-block-group-is-layout-constrained\">\n<p class=\"has-text-align-center subheading\">Zenkit ist so flexibel, dass unser Tool jedes Projekt und jedes Team unterst\u00fctzen kann. Finden Sie jetzt heraus, wie auch Sie von Zenkits starken Funktionen profitieren k\u00f6nnen.<\/p>\n\n\n\n<div class=\"wp-block-buttons is-content-justification-center is-layout-flex wp-container-core-buttons-is-layout-a89b3969 wp-block-buttons-is-layout-flex\">\n<div class=\"wp-block-button\"><a class=\"wp-block-button__link wp-element-button\" href=\"https:\/\/zenkit.com\/register?lang=de\" target=\"_blank\" rel=\"noreferrer noopener\">Jetzt kostenlos anmelden!<\/a><\/div>\n<\/div>\n<\/div>\n\n\n\n<div style=\"height:48px;--tablet-height:36px;--mobile-height:24px\" class=\"wp-block-lookeen-blocks-responsive-spacer\"><\/div>\n<\/div>\n<\/div>\n\n\n\n<div class=\"wp-block-group has-global-padding is-layout-constrained wp-block-group-is-layout-constrained\">\n<div class=\"wp-block-group application__grid has-global-padding is-layout-constrained wp-block-group-is-layout-constrained\">\n<div class=\"wp-block-group application__box has-global-padding is-layout-constrained wp-block-group-is-layout-constrained\" style=\"border-radius:20px\">\n<h3 class=\"wp-block-heading has-text-align-center card__title\" style=\"font-size:20px\">Projektmanagement<\/h3>\n\n\n\n<p class=\"has-text-align-center has-da-grey-1-color has-text-color has-link-color wp-elements-f16835ee253839ad11e1258bef982936\" style=\"margin-bottom:16px\">Erschaffen Sie Ihre perfekte Projektmanagement-L\u00f6sung mit Zenkit. Erfassen Sie Fortschritte, verbessern Sie Ihre Zusammenarbeit im Team und stellen Sie Projekte so stets p\u00fcnktlich fertig.<\/p>\n\n\n\n<p class=\"has-text-align-center read__more\" style=\"font-style:normal;font-weight:700\"><a href=\"https:\/\/zenkit.com\/de\/loesungen\/projektmanagement\/\" data-type=\"link\" data-id=\"https:\/\/zenkit.com\/de\/loesungen\/projektmanagement\/\">Mehr erfahren<\/a><\/p>\n<\/div>\n\n\n\n<div class=\"wp-block-group application__box has-global-padding is-layout-constrained wp-block-group-is-layout-constrained\" style=\"border-radius:20px\">\n<h3 class=\"wp-block-heading has-text-align-center card__title\" style=\"font-size:20px\">Gantt Charts<\/h3>\n\n\n\n<p class=\"has-text-align-center has-da-grey-1-color has-text-color has-link-color wp-elements-a422b7dd965d592e3e7b23b83503ad19\" style=\"margin-bottom:16px\">Planen und managen Sie komplexe Projekte mit Hilfe von Meilensteinen, Puffer- und Durchlaufzeiten, kritischen Pfaden und weiteren Gantt Diagramm Funktionen.<\/p>\n\n\n\n<p class=\"has-text-align-center read__more\" style=\"font-style:normal;font-weight:700\"><a href=\"https:\/\/zenkit.com\/de\/loesungen\/gantt-diagramm\/\" data-type=\"link\" data-id=\"https:\/\/zenkit.com\/de\/loesungen\/gantt-diagramm\/\">Mehr erfahren<\/a><\/p>\n<\/div>\n\n\n\n<div class=\"wp-block-group application__box has-global-padding is-layout-constrained wp-block-group-is-layout-constrained\" style=\"border-radius:20px\">\n<h3 class=\"wp-block-heading has-text-align-center card__title\" style=\"font-size:20px\">Mind Mapping<\/h3>\n\n\n\n<p class=\"has-text-align-center has-da-grey-1-color has-text-color has-link-color wp-elements-3b0600864c3dde004165bbfce519a6aa\" style=\"margin-bottom:16px\">Erfassen Sie Ihre Fortschritte visuell mit Hilfe eines Kanban Boards. Nutzen Sie Swimlanes und Zeilen, um einen umfassenden \u00dcberblick \u00fcber Ihre Projekte zu bekommen.<\/p>\n\n\n\n<p class=\"has-text-align-center read__more\" style=\"font-style:normal;font-weight:700\"><a href=\"https:\/\/zenkit.com\/de\/loesungen\/mind-map\/\" data-type=\"link\" data-id=\"https:\/\/zenkit.com\/de\/loesungen\/mind-map\/\">Mehr erfahren<\/a><\/p>\n<\/div>\n\n\n\n<div class=\"wp-block-group application__box has-global-padding is-layout-constrained wp-block-group-is-layout-constrained\" style=\"border-radius:20px\">\n<h3 class=\"wp-block-heading has-text-align-center card__title\" style=\"font-size:20px\">Kanban<\/h3>\n\n\n\n<p class=\"has-text-align-center has-da-grey-1-color has-text-color has-link-color wp-elements-97be5eb5bcac9509ead4a184e9737530\" style=\"margin-bottom:16px\">B\u00fcndeln und managen Sie das intere Wissen Ihres Unternehmens oder teilen Sie Ihr Wiki mit dem Internet.<\/p>\n\n\n\n<p class=\"has-text-align-center read__more\" style=\"font-style:normal;font-weight:700\"><a href=\"https:\/\/zenkit.com\/de\/loesungen\/kanban\/\">Mehr erfahren<\/a><\/p>\n<\/div>\n\n\n\n<div class=\"wp-block-group application__box has-global-padding is-layout-constrained wp-block-group-is-layout-constrained\" style=\"border-radius:20px\">\n<h3 class=\"wp-block-heading has-text-align-center card__title\" style=\"font-size:20px\">Team Wiki<\/h3>\n\n\n\n<p class=\"has-text-align-center has-da-grey-1-color has-text-color has-link-color wp-elements-c2369019d2da4e7dd1dcb55bfa3bffe1\" style=\"margin-bottom:16px\">Gewinnen Sie eine neue Perspektive auf Ihre Ideen und brainstormen Sie effektiver. Nutzen Sie Mind Maps, um kreative Prozesse innerhalb Ihres Teams zu f\u00f6rdern.<\/p>\n\n\n\n<p class=\"has-text-align-center read__more\" style=\"font-style:normal;font-weight:700\"><a href=\"https:\/\/zenkit.com\/de\/loesungen\/wiki-ansicht\/\" data-type=\"link\" data-id=\"https:\/\/zenkit.com\/de\/loesungen\/wiki-ansicht\/\">Mehr erfahren<\/a><\/p>\n<\/div>\n\n\n\n<div class=\"wp-block-group application__box has-global-padding is-layout-constrained wp-block-group-is-layout-constrained\" style=\"border-radius:20px\">\n<h3 class=\"wp-block-heading has-text-align-center card__title\" style=\"font-size:20px\">Spreadsheets<\/h3>\n\n\n\n<p class=\"has-text-align-center has-da-grey-1-color has-text-color has-link-color wp-elements-c063d0bc804c7126f2a0107fb140e8cc\" style=\"margin-bottom:16px\">Managen und analysieren Sie Ihre Daten in der Tabellenansicht. Nutzen Sie Aggregationen, Formeln und die Filterfunktion, um genau die Ergebnisse zu bekommen, die Sie ben\u00f6tigen.<\/p>\n\n\n\n<p class=\"has-text-align-center read__more\" style=\"font-style:normal;font-weight:700\"><a href=\"https:\/\/zenkit.com\/de\/suite\/loesungen\/tabellenkalkulation\/\" data-type=\"link\" data-id=\"https:\/\/zenkit.com\/de\/suite\/loesungen\/tabellenkalkulation\/\">Mehr erfahren<\/a><\/p>\n<\/div>\n\n\n\n<div class=\"wp-block-group application__box has-global-padding is-layout-constrained wp-block-group-is-layout-constrained\" style=\"border-radius:20px\">\n<h3 class=\"wp-block-heading has-text-align-center card__title\" style=\"font-size:20px\">Business Process Management<\/h3>\n\n\n\n<p class=\"has-text-align-center has-da-grey-1-color has-text-color has-link-color wp-elements-476ba542076bab644859cf89c19ded2e\" style=\"margin-bottom:16px\">Analysieren und verbessern Sie Ihre Gesch\u00e4ftsprozesse. Erstellen Sie eigene Vorlagen um ganz einfach Prozesse mit Ihrem Team zu teilen.<\/p>\n\n\n\n<p class=\"has-text-align-center read__more\" style=\"font-style:normal;font-weight:700\"><a href=\"https:\/\/zenkit.com\/de\/loesungen\/geschaeftsprozessmanagement\/\" data-type=\"link\" data-id=\"https:\/\/zenkit.com\/de\/loesungen\/geschaeftsprozessmanagement\/\">Mehr erfahren<\/a><\/p>\n<\/div>\n\n\n\n<div class=\"wp-block-group application__box has-global-padding is-layout-constrained wp-block-group-is-layout-constrained\" style=\"border-radius:20px\">\n<h3 class=\"wp-block-heading has-text-align-center card__title\" style=\"font-size:20px\">Startups &amp; Entrepreneurs<\/h3>\n\n\n\n<p class=\"has-text-align-center has-da-grey-1-color has-text-color has-link-color wp-elements-fef502514dda21642f7b0f9f8604942d\" style=\"margin-bottom:16px\">F\u00f6rdern Sie Innovation und Zusammenarbeit. Bauen Sie Ihr Unternehmen und Team mit Zenkit auf.<\/p>\n\n\n\n<p class=\"has-text-align-center read__more\" style=\"font-style:normal;font-weight:700\"><a href=\"https:\/\/zenkit.com\/de\/suite\/loesungen\/unternehmer-startups\/\" data-type=\"link\" data-id=\"https:\/\/zenkit.com\/de\/suite\/loesungen\/unternehmer-startups\/\">Mehr erfahren<\/a><\/p>\n<\/div>\n\n\n\n<div class=\"wp-block-group application__box has-global-padding is-layout-constrained wp-block-group-is-layout-constrained\" style=\"border-radius:20px\">\n<h3 class=\"wp-block-heading has-text-align-center card__title\" style=\"font-size:20px\">Education<\/h3>\n\n\n\n<p class=\"has-text-align-center has-da-grey-1-color has-text-color has-link-color wp-elements-36c964c7c3bd0aa1b7f3d9cf067daff4\" style=\"margin-bottom:16px\">Realisieren Sie alles von der Universit\u00e4tsverwaltung \u00fcber die Unterrichtsplanung bis hin zu den Studienpl\u00e4nen f\u00fcr Studenten.<\/p>\n\n\n\n<p class=\"has-text-align-center read__more\" style=\"font-style:normal;font-weight:700\"><a href=\"https:\/\/zenkit.com\/de\/suite\/loesungen\/zenkit-fuer-bildungsinstitutionen\/\" data-type=\"link\" data-id=\"https:\/\/zenkit.com\/de\/suite\/loesungen\/zenkit-fuer-bildungsinstitutionen\/\">Mehr erfahren<\/a><\/p>\n<\/div>\n\n\n\n<div class=\"wp-block-group application__box has-global-padding is-layout-constrained wp-block-group-is-layout-constrained\" style=\"border-radius:20px\">\n<h3 class=\"wp-block-heading has-text-align-center card__title\" style=\"font-size:20px\">Event Planning<\/h3>\n\n\n\n<p class=\"has-text-align-center has-da-grey-1-color has-text-color has-link-color wp-elements-053750cd74630640001db6e4582cec13\" style=\"margin-bottom:16px\">Behalten Sie den \u00dcberblick \u00fcber Veranstaltungsorte, Budgets, G\u00e4ste, Werbeaktionen und vieles mehr. Planen Sie jede Veranstaltung, egal ob klein oder gro\u00df.<\/p>\n\n\n\n<p class=\"has-text-align-center read__more\" style=\"font-style:normal;font-weight:700\"><a href=\"https:\/\/zenkit.com\/de\/suite\/loesungen\/eventplanung\/\" data-type=\"link\" data-id=\"https:\/\/zenkit.com\/de\/suite\/loesungen\/eventplanung\/\">Mehr erfahren<\/a><\/p>\n<\/div>\n\n\n\n<div class=\"wp-block-group application__box has-global-padding is-layout-constrained wp-block-group-is-layout-constrained\" style=\"border-radius:20px\">\n<h3 class=\"wp-block-heading has-text-align-center card__title\" style=\"font-size:20px\">Digital Twin<\/h3>\n\n\n\n<p class=\"has-text-align-center has-da-grey-1-color has-text-color has-link-color wp-elements-8b8682158d430df8d35b23d1d48360c5\" style=\"margin-bottom:16px\">Zenkit ist eine innovative Software, die es Ihnen erm\u00f6glicht einen Digitalen Zwilling der Prozesse und Workflows Ihres Unternehmens zu erschaffen. Setzen Sie sich noch heute mit uns in Verbindung!<\/p>\n\n\n\n<p class=\"has-text-align-center read__more\" style=\"font-style:normal;font-weight:700\"><a href=\"https:\/\/zenkit.com\/de\/suite\/loesungen\/digitaler-zwilling\/\" data-type=\"link\" data-id=\"https:\/\/zenkit.com\/de\/suite\/loesungen\/digitaler-zwilling\/\">Mehr erfahren<\/a><\/p>\n<\/div>\n<\/div>\n<\/div>\n\n\n\n<div class=\"wp-block-group has-global-padding is-layout-constrained wp-block-group-is-layout-constrained\">\n<div class=\"wp-block-group width--950 has-global-padding is-layout-constrained wp-block-group-is-layout-constrained\">\n<div style=\"height:88px;--tablet-height:72px;--mobile-height:36px\" class=\"wp-block-lookeen-blocks-responsive-spacer\"><\/div>\n\n\n\n<div class=\"wp-block-group has-global-padding is-layout-constrained wp-block-group-is-layout-constrained\">\n<h2 class=\"wp-block-heading has-text-align-center display-h1\" style=\"margin-bottom:8px\">Starten Sie noch heute mit Zenkit<\/h2>\n\n\n\n<p class=\"has-text-align-center\">Erfahren Sie, wie einfach es ist mit Hilfe von Zenkit Ihren privaten und beruflichen Alltag zu organisieren.<\/p>\n\n\n\n<div class=\"wp-block-buttons is-content-justification-center is-layout-flex wp-container-core-buttons-is-layout-a89b3969 wp-block-buttons-is-layout-flex\">\n<div class=\"wp-block-button\"><a class=\"wp-block-button__link wp-element-button\" href=\"https:\/\/zenkit.com\/register?lang=de\" target=\"_blank\" rel=\"noreferrer noopener\">Jetzt kostenlos anmelden!<\/a><\/div>\n<\/div>\n<\/div>\n<\/div>\n<\/div>\n\n\n\n<div style=\"height:110px;--tablet-height:60px;--mobile-height:48px\" class=\"wp-block-lookeen-blocks-responsive-spacer\"><\/div>\n","protected":false},"excerpt":{"rendered":"<p>Jedes Team kann Zenkit verwenden Zenkit ist so flexibel, dass unser Tool jedes Projekt und jedes Team unterst\u00fctzen kann. Finden Sie jetzt heraus, wie auch Sie von Zenkits starken Funktionen profitieren k\u00f6nnen. Projektmanagement Erschaffen Sie Ihre perfekte Projektmanagement-L\u00f6sung mit Zenkit. Erfassen Sie Fortschritte, verbessern Sie Ihre Zusammenarbeit im Team und stellen Sie Projekte so stets [&hellip;]<\/p>\n","protected":false},"author":1,"featured_media":0,"parent":0,"menu_order":3,"comment_status":"closed","ping_status":"closed","template":"","meta":{"yasr_overall_rating":0,"yasr_post_is_review":"","yasr_auto_insert_disabled":"","yasr_review_type":"","footnotes":""},"class_list":["post-11924","page","type-page","status-publish","hentry"],"yoast_head":"<!-- This site is optimized with the Yoast SEO plugin v27.4 - https:\/\/yoast.com\/product\/yoast-seo-wordpress\/ -->\n<title>Anwendungsbeispiele | Zenkit<\/title>\n<meta name=\"description\" content=\"Zenkit unterst\u00fctzt jedes Team, Unternehmen und Projekt. Mit unseren Anwendungsbeispielen k\u00f6nnen Sie Ihr Aufgaben- und Projektmanagement effektiv gestalten\" \/>\n<meta name=\"robots\" content=\"index, follow, max-snippet:-1, max-image-preview:large, max-video-preview:-1\" \/>\n<link rel=\"canonical\" href=\"https:\/\/zenkit.com\/de\/anwendungsbeispiele\/\" \/>\n<meta property=\"og:locale\" content=\"de_DE\" \/>\n<meta property=\"og:type\" content=\"article\" \/>\n<meta property=\"og:title\" content=\"Anwendungsbeispiele | Zenkit\" \/>\n<meta property=\"og:description\" content=\"Zenkit unterst\u00fctzt jedes Team, Unternehmen und Projekt. Mit unseren Anwendungsbeispielen k\u00f6nnen Sie Ihr Aufgaben- und Projektmanagement effektiv gestalten\" \/>\n<meta property=\"og:url\" content=\"https:\/\/zenkit.com\/de\/anwendungsbeispiele\/\" \/>\n<meta property=\"og:site_name\" content=\"Zenkit\" \/>\n<meta property=\"article:publisher\" content=\"https:\/\/www.facebook.com\/ZenkitHQ\" \/>\n<meta property=\"article:modified_time\" content=\"2025-09-16T12:01:41+00:00\" \/>\n<meta name=\"twitter:card\" content=\"summary_large_image\" \/>\n<meta name=\"twitter:site\" content=\"@ZenkitHQ\" \/>\n<meta name=\"twitter:label1\" content=\"Gesch\u00e4tzte Lesezeit\" \/>\n\t<meta name=\"twitter:data1\" content=\"6\u00a0Minuten\" \/>\n<script type=\"application\/ld+json\" class=\"yoast-schema-graph\">{\"@context\":\"https:\\\/\\\/schema.org\",\"@graph\":[{\"@type\":\"WebPage\",\"@id\":\"https:\\\/\\\/zenkit.com\\\/de\\\/anwendungsbeispiele\\\/\",\"url\":\"https:\\\/\\\/zenkit.com\\\/de\\\/anwendungsbeispiele\\\/\",\"name\":\"Anwendungsbeispiele | Zenkit\",\"isPartOf\":{\"@id\":\"https:\\\/\\\/zenkit.com\\\/de\\\/#website\"},\"datePublished\":\"2018-06-22T13:40:17+00:00\",\"dateModified\":\"2025-09-16T12:01:41+00:00\",\"description\":\"Zenkit unterst\u00fctzt jedes Team, Unternehmen und Projekt. Mit unseren Anwendungsbeispielen k\u00f6nnen Sie Ihr Aufgaben- und Projektmanagement effektiv gestalten\",\"breadcrumb\":{\"@id\":\"https:\\\/\\\/zenkit.com\\\/de\\\/anwendungsbeispiele\\\/#breadcrumb\"},\"inLanguage\":\"de\",\"potentialAction\":[{\"@type\":\"ReadAction\",\"target\":[\"https:\\\/\\\/zenkit.com\\\/de\\\/anwendungsbeispiele\\\/\"]}]},{\"@type\":\"BreadcrumbList\",\"@id\":\"https:\\\/\\\/zenkit.com\\\/de\\\/anwendungsbeispiele\\\/#breadcrumb\",\"itemListElement\":[{\"@type\":\"ListItem\",\"position\":1,\"name\":\"Home\",\"item\":\"https:\\\/\\\/zenkit.com\\\/de\\\/\"},{\"@type\":\"ListItem\",\"position\":2,\"name\":\"Anwendungsbeispiele\"}]},{\"@type\":\"WebSite\",\"@id\":\"https:\\\/\\\/zenkit.com\\\/de\\\/#website\",\"url\":\"https:\\\/\\\/zenkit.com\\\/de\\\/\",\"name\":\"Zenkit\",\"description\":\"Zenkit Tagline\",\"potentialAction\":[{\"@type\":\"SearchAction\",\"target\":{\"@type\":\"EntryPoint\",\"urlTemplate\":\"https:\\\/\\\/zenkit.com\\\/de\\\/?s={search_term_string}\"},\"query-input\":{\"@type\":\"PropertyValueSpecification\",\"valueRequired\":true,\"valueName\":\"search_term_string\"}}],\"inLanguage\":\"de\"},false]}<\/script>\n<!-- \/ Yoast SEO plugin. -->","yoast_head_json":{"title":"Anwendungsbeispiele | Zenkit","description":"Zenkit unterst\u00fctzt jedes Team, Unternehmen und Projekt. Mit unseren Anwendungsbeispielen k\u00f6nnen Sie Ihr Aufgaben- und Projektmanagement effektiv gestalten","robots":{"index":"index","follow":"follow","max-snippet":"max-snippet:-1","max-image-preview":"max-image-preview:large","max-video-preview":"max-video-preview:-1"},"canonical":"https:\/\/zenkit.com\/de\/anwendungsbeispiele\/","og_locale":"de_DE","og_type":"article","og_title":"Anwendungsbeispiele | Zenkit","og_description":"Zenkit unterst\u00fctzt jedes Team, Unternehmen und Projekt. Mit unseren Anwendungsbeispielen k\u00f6nnen Sie Ihr Aufgaben- und Projektmanagement effektiv gestalten","og_url":"https:\/\/zenkit.com\/de\/anwendungsbeispiele\/","og_site_name":"Zenkit","article_publisher":"https:\/\/www.facebook.com\/ZenkitHQ","article_modified_time":"2025-09-16T12:01:41+00:00","twitter_card":"summary_large_image","twitter_site":"@ZenkitHQ","twitter_misc":{"Gesch\u00e4tzte Lesezeit":"6\u00a0Minuten"},"schema":{"@context":"https:\/\/schema.org","@graph":[{"@type":"WebPage","@id":"https:\/\/zenkit.com\/de\/anwendungsbeispiele\/","url":"https:\/\/zenkit.com\/de\/anwendungsbeispiele\/","name":"Anwendungsbeispiele | Zenkit","isPartOf":{"@id":"https:\/\/zenkit.com\/de\/#website"},"datePublished":"2018-06-22T13:40:17+00:00","dateModified":"2025-09-16T12:01:41+00:00","description":"Zenkit unterst\u00fctzt jedes Team, Unternehmen und Projekt. Mit unseren Anwendungsbeispielen k\u00f6nnen Sie Ihr Aufgaben- und Projektmanagement effektiv gestalten","breadcrumb":{"@id":"https:\/\/zenkit.com\/de\/anwendungsbeispiele\/#breadcrumb"},"inLanguage":"de","potentialAction":[{"@type":"ReadAction","target":["https:\/\/zenkit.com\/de\/anwendungsbeispiele\/"]}]},{"@type":"BreadcrumbList","@id":"https:\/\/zenkit.com\/de\/anwendungsbeispiele\/#breadcrumb","itemListElement":[{"@type":"ListItem","position":1,"name":"Home","item":"https:\/\/zenkit.com\/de\/"},{"@type":"ListItem","position":2,"name":"Anwendungsbeispiele"}]},{"@type":"WebSite","@id":"https:\/\/zenkit.com\/de\/#website","url":"https:\/\/zenkit.com\/de\/","name":"Zenkit","description":"Zenkit Tagline","potentialAction":[{"@type":"SearchAction","target":{"@type":"EntryPoint","urlTemplate":"https:\/\/zenkit.com\/de\/?s={search_term_string}"},"query-input":{"@type":"PropertyValueSpecification","valueRequired":true,"valueName":"search_term_string"}}],"inLanguage":"de"},false]}},"yasr_visitor_votes":{"stars_attributes":{"read_only":false,"span_bottom":false},"number_of_votes":0,"sum_votes":0},"_links":{"self":[{"href":"https:\/\/zenkit.com\/de\/wp-json\/wp\/v2\/pages\/11924","targetHints":{"allow":["GET"]}}],"collection":[{"href":"https:\/\/zenkit.com\/de\/wp-json\/wp\/v2\/pages"}],"about":[{"href":"https:\/\/zenkit.com\/de\/wp-json\/wp\/v2\/types\/page"}],"author":[{"embeddable":true,"href":"https:\/\/zenkit.com\/de\/wp-json\/wp\/v2\/users\/1"}],"replies":[{"embeddable":true,"href":"https:\/\/zenkit.com\/de\/wp-json\/wp\/v2\/comments?post=11924"}],"version-history":[{"count":10,"href":"https:\/\/zenkit.com\/de\/wp-json\/wp\/v2\/pages\/11924\/revisions"}],"predecessor-version":[{"id":152971,"href":"https:\/\/zenkit.com\/de\/wp-json\/wp\/v2\/pages\/11924\/revisions\/152971"}],"wp:attachment":[{"href":"https:\/\/zenkit.com\/de\/wp-json\/wp\/v2\/media?parent=11924"}],"curies":[{"name":"wp","href":"https:\/\/api.w.org\/{rel}","templated":true}]}}