{"id":12115,"date":"2018-05-12T18:32:03","date_gmt":"2018-05-12T16:32:03","guid":{"rendered":"https:\/\/zenkit.com\/funktionen\/to-do\/"},"modified":"2025-12-16T14:46:22","modified_gmt":"2025-12-16T13:46:22","slug":"to-do","status":"publish","type":"page","link":"https:\/\/zenkit.com\/de\/to-do\/","title":{"rendered":"To-Do"},"content":{"rendered":"\n<div class=\"wp-block-group page__header has-global-padding is-layout-constrained wp-block-group-is-layout-constrained\">\n<div class=\"wp-block-group width--950 has-global-padding is-layout-constrained wp-block-group-is-layout-constrained\">\n<div style=\"height:45px;--tablet-height:45px;--mobile-height:16px\" class=\"wp-block-lookeen-blocks-responsive-spacer\"><\/div>\n\n\n\n<div class=\"wp-block-group has-global-padding is-layout-constrained wp-block-group-is-layout-constrained\">\n<h1 class=\"wp-block-heading has-text-align-center\" style=\"margin-bottom:8px\">To-Do Listen im Zenkit Style<\/h1>\n<\/div>\n\n\n\n<div class=\"wp-block-group has-global-padding is-layout-constrained wp-block-group-is-layout-constrained\">\n<p class=\"has-text-align-center subheading\">Jede Collection in Zenkit l\u00e4sst sich als To-Do Liste betrachten. Haken Sie Ihre Aufgaben einfach als \u201cErledigt\u201d ab und freuen Sie sich \u00fcber Ihren Fortschritt!<\/p>\n<\/div>\n\n\n\n<div style=\"height:48px;--tablet-height:36px;--mobile-height:24px\" class=\"wp-block-lookeen-blocks-responsive-spacer\"><\/div>\n\n\n\n<div class=\"wp-block-group has-global-padding is-layout-constrained wp-block-group-is-layout-constrained\" style=\"margin-bottom:8px\">\n<figure class=\"wp-block-image aligncenter size-full\"><img loading=\"lazy\" decoding=\"async\" width=\"500\" height=\"233\" src=\"https:\/\/zenkit.com\/wp-content\/uploads\/2025\/05\/Zenkit_to-do_list.gif\" alt=\"\" class=\"wp-image-115515\"\/><\/figure>\n<\/div>\n\n\n\n<div style=\"height:48px;--tablet-height:36px;--mobile-height:24px\" class=\"wp-block-lookeen-blocks-responsive-spacer\"><\/div>\n\n\n\n<p class=\"has-text-align-center\">Es muss nicht immer das klassische \u201cTo-Do\u201d und \u201cDone\u201d sein. In Zenkit k\u00f6nnen Sie ganz nach Bedarf mit eigens erstellten Labels arbeiten. Messen Sie beispielsweise Ihren Lagerbestand mit den Labels \u201cVerf\u00fcgbar\u201d oder \u201cAusverkauft\u201d und markieren Sie erfolgreich eingestellte Bewerber in der Zenkit Datenbank als \u201cAkzeptiert\u201d.<\/p>\n<\/div>\n\n\n\n<div style=\"height:88px;--tablet-height:72px;--mobile-height:40px\" class=\"wp-block-lookeen-blocks-responsive-spacer\"><\/div>\n<\/div>\n\n\n\n<div class=\"wp-block-group page__header has-global-padding is-layout-constrained wp-block-group-is-layout-constrained\">\n<div class=\"wp-block-group width--950 has-global-padding is-layout-constrained wp-block-group-is-layout-constrained\">\n<div class=\"wp-block-group has-global-padding is-layout-constrained wp-block-group-is-layout-constrained\">\n<h2 class=\"wp-block-heading has-text-align-center\" style=\"margin-bottom:8px\">Sie trauern um Wunderlist?<\/h2>\n<\/div>\n\n\n\n<div class=\"wp-block-group has-global-padding is-layout-constrained wp-block-group-is-layout-constrained\">\n<p class=\"has-text-align-center subheading\">Wir ebenfalls. Allerdings k\u00f6nnen wir mit unseren To-Do Listen allen Wunderlist Nutzern eine echte Alternative bieten. Synchronisieren Sie Ihren Wunderlist Account mit Zenkit, um Ihre Wunderlisten schnell und unkompliziert zu importieren.<\/p>\n<\/div>\n\n\n\n<div style=\"height:48px;--tablet-height:36px;--mobile-height:24px\" class=\"wp-block-lookeen-blocks-responsive-spacer\"><\/div>\n\n\n\n<div class=\"wp-block-group has-global-padding is-layout-constrained wp-block-group-is-layout-constrained\" style=\"margin-bottom:8px\">\n<figure class=\"wp-block-image aligncenter size-full\"><img loading=\"lazy\" decoding=\"async\" width=\"471\" height=\"572\" src=\"https:\/\/zenkit.com\/wp-content\/uploads\/2025\/05\/wunderlist_zenkit_comparison_left-1.webp\" alt=\"\" class=\"wp-image-115525\" srcset=\"https:\/\/zenkit.com\/wp-content\/uploads\/2025\/05\/wunderlist_zenkit_comparison_left-1.webp 471w, https:\/\/zenkit.com\/wp-content\/uploads\/2025\/05\/wunderlist_zenkit_comparison_left-1-247x300.webp 247w\" sizes=\"auto, (max-width: 471px) 100vw, 471px\" \/><\/figure>\n<\/div>\n\n\n\n<div style=\"height:48px;--tablet-height:36px;--mobile-height:24px\" class=\"wp-block-lookeen-blocks-responsive-spacer\"><\/div>\n\n\n\n<p class=\"has-text-align-center\">\u00dcbrigens: Wir haben extra f\u00fcr Sie einen originellen Erinnerungston erstellt, der das Abhaken Ihrer erledigten Aufgaben noch viel sch\u00f6ner macht.<\/p>\n\n\n\n<div class=\"wp-block-buttons is-content-justification-center is-layout-flex wp-container-core-buttons-is-layout-a89b3969 wp-block-buttons-is-layout-flex\">\n<div class=\"wp-block-button\"><a class=\"wp-block-button__link wp-element-button\" href=\"https:\/\/app.zenkit.com\/register?lang=de\">Jetzt registrieren<\/a><\/div>\n<\/div>\n\n\n\n<div style=\"height:110px;--tablet-height:80px;--mobile-height:48px\" class=\"wp-block-lookeen-blocks-responsive-spacer\"><\/div>\n<\/div>\n<\/div>\n","protected":false},"excerpt":{"rendered":"<p>To-Do Listen im Zenkit Style Jede Collection in Zenkit l\u00e4sst sich als To-Do Liste betrachten. Haken Sie Ihre Aufgaben einfach als \u201cErledigt\u201d ab und freuen Sie sich \u00fcber Ihren Fortschritt! Es muss nicht immer das klassische \u201cTo-Do\u201d und \u201cDone\u201d sein. In Zenkit k\u00f6nnen Sie ganz nach Bedarf mit eigens erstellten Labels arbeiten. Messen Sie beispielsweise [&hellip;]<\/p>\n","protected":false},"author":1,"featured_media":0,"parent":0,"menu_order":5,"comment_status":"closed","ping_status":"closed","template":"","meta":{"yasr_overall_rating":0,"yasr_post_is_review":"","yasr_auto_insert_disabled":"","yasr_review_type":"","footnotes":""},"class_list":["post-12115","page","type-page","status-publish","hentry"],"yoast_head":"<!-- This site is optimized with the Yoast SEO plugin v27.3 - https:\/\/yoast.com\/product\/yoast-seo-wordpress\/ -->\n<title>To-Do Listen | Zenkit Funktionen<\/title>\n<meta name=\"description\" content=\"Ihre Projekte werden zu umfangreich f\u00fcr Wunderlist? Sie brauchen ein Tool, das mit Ihnen und Ihren Erfolgen w\u00e4chst? Nutzen Sie jetzt Zenkits To-Do Listen.\" \/>\n<meta name=\"robots\" content=\"index, follow, max-snippet:-1, max-image-preview:large, max-video-preview:-1\" \/>\n<link rel=\"canonical\" href=\"https:\/\/zenkit.com\/de\/to-do\/\" \/>\n<meta property=\"og:locale\" content=\"de_DE\" \/>\n<meta property=\"og:type\" content=\"article\" \/>\n<meta property=\"og:title\" content=\"To-Do Listen | Zenkit Funktionen\" \/>\n<meta property=\"og:description\" content=\"Ihre Projekte werden zu umfangreich f\u00fcr Wunderlist? Sie brauchen ein Tool, das mit Ihnen und Ihren Erfolgen w\u00e4chst? Nutzen Sie jetzt Zenkits To-Do Listen.\" \/>\n<meta property=\"og:url\" content=\"https:\/\/zenkit.com\/de\/to-do\/\" \/>\n<meta property=\"og:site_name\" content=\"Zenkit\" \/>\n<meta property=\"article:publisher\" content=\"https:\/\/www.facebook.com\/ZenkitHQ\" \/>\n<meta property=\"article:modified_time\" content=\"2025-12-16T13:46:22+00:00\" \/>\n<meta property=\"og:image\" content=\"https:\/\/zenkit.com\/wp-content\/uploads\/2025\/05\/Zenkit_to-do_list.gif\" \/>\n\t<meta property=\"og:image:width\" content=\"500\" \/>\n\t<meta property=\"og:image:height\" content=\"233\" \/>\n\t<meta property=\"og:image:type\" content=\"image\/gif\" \/>\n<meta name=\"twitter:card\" content=\"summary_large_image\" \/>\n<meta name=\"twitter:site\" content=\"@ZenkitHQ\" \/>\n<meta name=\"twitter:label1\" content=\"Gesch\u00e4tzte Lesezeit\" \/>\n\t<meta name=\"twitter:data1\" content=\"8\u00a0Minuten\" \/>\n<script type=\"application\/ld+json\" class=\"yoast-schema-graph\">{\"@context\":\"https:\\\/\\\/schema.org\",\"@graph\":[{\"@type\":\"WebPage\",\"@id\":\"https:\\\/\\\/zenkit.com\\\/de\\\/to-do\\\/\",\"url\":\"https:\\\/\\\/zenkit.com\\\/de\\\/to-do\\\/\",\"name\":\"To-Do Listen | Zenkit Funktionen\",\"isPartOf\":{\"@id\":\"https:\\\/\\\/zenkit.com\\\/de\\\/#website\"},\"primaryImageOfPage\":{\"@id\":\"https:\\\/\\\/zenkit.com\\\/de\\\/to-do\\\/#primaryimage\"},\"image\":{\"@id\":\"https:\\\/\\\/zenkit.com\\\/de\\\/to-do\\\/#primaryimage\"},\"thumbnailUrl\":\"https:\\\/\\\/zenkit.com\\\/wp-content\\\/uploads\\\/2025\\\/05\\\/Zenkit_to-do_list.gif\",\"datePublished\":\"2018-05-12T16:32:03+00:00\",\"dateModified\":\"2025-12-16T13:46:22+00:00\",\"description\":\"Ihre Projekte werden zu umfangreich f\u00fcr Wunderlist? Sie brauchen ein Tool, das mit Ihnen und Ihren Erfolgen w\u00e4chst? Nutzen Sie jetzt Zenkits To-Do Listen.\",\"breadcrumb\":{\"@id\":\"https:\\\/\\\/zenkit.com\\\/de\\\/to-do\\\/#breadcrumb\"},\"inLanguage\":\"de\",\"potentialAction\":[{\"@type\":\"ReadAction\",\"target\":[\"https:\\\/\\\/zenkit.com\\\/de\\\/to-do\\\/\"]}]},{\"@type\":\"ImageObject\",\"inLanguage\":\"de\",\"@id\":\"https:\\\/\\\/zenkit.com\\\/de\\\/to-do\\\/#primaryimage\",\"url\":\"https:\\\/\\\/zenkit.com\\\/wp-content\\\/uploads\\\/2025\\\/05\\\/Zenkit_to-do_list.gif\",\"contentUrl\":\"https:\\\/\\\/zenkit.com\\\/wp-content\\\/uploads\\\/2025\\\/05\\\/Zenkit_to-do_list.gif\"},{\"@type\":\"BreadcrumbList\",\"@id\":\"https:\\\/\\\/zenkit.com\\\/de\\\/to-do\\\/#breadcrumb\",\"itemListElement\":[{\"@type\":\"ListItem\",\"position\":1,\"name\":\"Home\",\"item\":\"https:\\\/\\\/zenkit.com\\\/de\\\/\"},{\"@type\":\"ListItem\",\"position\":2,\"name\":\"To-Do\"}]},{\"@type\":\"WebSite\",\"@id\":\"https:\\\/\\\/zenkit.com\\\/de\\\/#website\",\"url\":\"https:\\\/\\\/zenkit.com\\\/de\\\/\",\"name\":\"Zenkit\",\"description\":\"Zenkit Tagline\",\"potentialAction\":[{\"@type\":\"SearchAction\",\"target\":{\"@type\":\"EntryPoint\",\"urlTemplate\":\"https:\\\/\\\/zenkit.com\\\/de\\\/?s={search_term_string}\"},\"query-input\":{\"@type\":\"PropertyValueSpecification\",\"valueRequired\":true,\"valueName\":\"search_term_string\"}}],\"inLanguage\":\"de\"},false]}<\/script>\n<!-- \/ Yoast SEO plugin. -->","yoast_head_json":{"title":"To-Do Listen | Zenkit Funktionen","description":"Ihre Projekte werden zu umfangreich f\u00fcr Wunderlist? Sie brauchen ein Tool, das mit Ihnen und Ihren Erfolgen w\u00e4chst? Nutzen Sie jetzt Zenkits To-Do Listen.","robots":{"index":"index","follow":"follow","max-snippet":"max-snippet:-1","max-image-preview":"max-image-preview:large","max-video-preview":"max-video-preview:-1"},"canonical":"https:\/\/zenkit.com\/de\/to-do\/","og_locale":"de_DE","og_type":"article","og_title":"To-Do Listen | Zenkit Funktionen","og_description":"Ihre Projekte werden zu umfangreich f\u00fcr Wunderlist? Sie brauchen ein Tool, das mit Ihnen und Ihren Erfolgen w\u00e4chst? Nutzen Sie jetzt Zenkits To-Do Listen.","og_url":"https:\/\/zenkit.com\/de\/to-do\/","og_site_name":"Zenkit","article_publisher":"https:\/\/www.facebook.com\/ZenkitHQ","article_modified_time":"2025-12-16T13:46:22+00:00","og_image":[{"width":500,"height":233,"url":"https:\/\/zenkit.com\/wp-content\/uploads\/2025\/05\/Zenkit_to-do_list.gif","type":"image\/gif"}],"twitter_card":"summary_large_image","twitter_site":"@ZenkitHQ","twitter_misc":{"Gesch\u00e4tzte Lesezeit":"8\u00a0Minuten"},"schema":{"@context":"https:\/\/schema.org","@graph":[{"@type":"WebPage","@id":"https:\/\/zenkit.com\/de\/to-do\/","url":"https:\/\/zenkit.com\/de\/to-do\/","name":"To-Do Listen | Zenkit Funktionen","isPartOf":{"@id":"https:\/\/zenkit.com\/de\/#website"},"primaryImageOfPage":{"@id":"https:\/\/zenkit.com\/de\/to-do\/#primaryimage"},"image":{"@id":"https:\/\/zenkit.com\/de\/to-do\/#primaryimage"},"thumbnailUrl":"https:\/\/zenkit.com\/wp-content\/uploads\/2025\/05\/Zenkit_to-do_list.gif","datePublished":"2018-05-12T16:32:03+00:00","dateModified":"2025-12-16T13:46:22+00:00","description":"Ihre Projekte werden zu umfangreich f\u00fcr Wunderlist? Sie brauchen ein Tool, das mit Ihnen und Ihren Erfolgen w\u00e4chst? Nutzen Sie jetzt Zenkits To-Do Listen.","breadcrumb":{"@id":"https:\/\/zenkit.com\/de\/to-do\/#breadcrumb"},"inLanguage":"de","potentialAction":[{"@type":"ReadAction","target":["https:\/\/zenkit.com\/de\/to-do\/"]}]},{"@type":"ImageObject","inLanguage":"de","@id":"https:\/\/zenkit.com\/de\/to-do\/#primaryimage","url":"https:\/\/zenkit.com\/wp-content\/uploads\/2025\/05\/Zenkit_to-do_list.gif","contentUrl":"https:\/\/zenkit.com\/wp-content\/uploads\/2025\/05\/Zenkit_to-do_list.gif"},{"@type":"BreadcrumbList","@id":"https:\/\/zenkit.com\/de\/to-do\/#breadcrumb","itemListElement":[{"@type":"ListItem","position":1,"name":"Home","item":"https:\/\/zenkit.com\/de\/"},{"@type":"ListItem","position":2,"name":"To-Do"}]},{"@type":"WebSite","@id":"https:\/\/zenkit.com\/de\/#website","url":"https:\/\/zenkit.com\/de\/","name":"Zenkit","description":"Zenkit Tagline","potentialAction":[{"@type":"SearchAction","target":{"@type":"EntryPoint","urlTemplate":"https:\/\/zenkit.com\/de\/?s={search_term_string}"},"query-input":{"@type":"PropertyValueSpecification","valueRequired":true,"valueName":"search_term_string"}}],"inLanguage":"de"},false]}},"yasr_visitor_votes":{"stars_attributes":{"read_only":false,"span_bottom":false},"number_of_votes":0,"sum_votes":0},"_links":{"self":[{"href":"https:\/\/zenkit.com\/de\/wp-json\/wp\/v2\/pages\/12115","targetHints":{"allow":["GET"]}}],"collection":[{"href":"https:\/\/zenkit.com\/de\/wp-json\/wp\/v2\/pages"}],"about":[{"href":"https:\/\/zenkit.com\/de\/wp-json\/wp\/v2\/types\/page"}],"author":[{"embeddable":true,"href":"https:\/\/zenkit.com\/de\/wp-json\/wp\/v2\/users\/1"}],"replies":[{"embeddable":true,"href":"https:\/\/zenkit.com\/de\/wp-json\/wp\/v2\/comments?post=12115"}],"version-history":[{"count":3,"href":"https:\/\/zenkit.com\/de\/wp-json\/wp\/v2\/pages\/12115\/revisions"}],"predecessor-version":[{"id":175172,"href":"https:\/\/zenkit.com\/de\/wp-json\/wp\/v2\/pages\/12115\/revisions\/175172"}],"wp:attachment":[{"href":"https:\/\/zenkit.com\/de\/wp-json\/wp\/v2\/media?parent=12115"}],"curies":[{"name":"wp","href":"https:\/\/api.w.org\/{rel}","templated":true}]}}