{"id":12166,"date":"2018-06-11T13:51:16","date_gmt":"2018-06-11T11:51:16","guid":{"rendered":"https:\/\/zenkit.com\/anwendungsbeispiele\/kanban\/"},"modified":"2025-08-29T17:20:06","modified_gmt":"2025-08-29T15:20:06","slug":"kanban","status":"publish","type":"page","link":"https:\/\/zenkit.com\/de\/loesungen\/kanban\/","title":{"rendered":"Kanban"},"content":{"rendered":"\n<div class=\"wp-block-group has-global-padding is-layout-constrained wp-block-group-is-layout-constrained\">\n<div class=\"wp-block-group width--950 has-global-padding is-layout-constrained wp-block-group-is-layout-constrained\">\n<div style=\"height:45px;--tablet-height:45px;--mobile-height:16px\" class=\"wp-block-lookeen-blocks-responsive-spacer\"><\/div>\n\n\n\n<div class=\"wp-block-group has-global-padding is-layout-constrained wp-block-group-is-layout-constrained\">\n<h1 class=\"wp-block-heading has-text-align-center\" style=\"margin-bottom:8px\">Managen Sie Ihre Projekte mit Hilfe eines Kanban Boards<\/h1>\n<\/div>\n\n\n\n<div class=\"wp-block-group has-global-padding is-layout-constrained wp-block-group-is-layout-constrained\">\n<p class=\"has-text-align-center subheading\">Kanban Boards sind ideal, um den Fortschritt Ihrer Projekte zu messen, Aufgaben zu kategorisieren und in k\u00fcrzerer Zeit mehr erledigt zu bekommen.<\/p>\n<\/div>\n\n\n\n<div style=\"height:48px;--tablet-height:48px;--mobile-height:36px\" class=\"wp-block-lookeen-blocks-responsive-spacer\"><\/div>\n<\/div>\n<\/div>\n\n\n\n<div class=\"wp-block-group has-global-padding is-layout-constrained wp-block-group-is-layout-constrained\">\n<div class=\"wp-block-group application__grid has-global-padding is-layout-constrained wp-block-group-is-layout-constrained\">\n<div class=\"wp-block-group application__box has-global-padding is-layout-constrained wp-block-group-is-layout-constrained\" style=\"border-radius:20px\">\n<i class=\"zi zi-mode-list\"><\/i>\n\n\n\n<h3 class=\"wp-block-heading has-text-align-center card__title\" style=\"font-size:20px\">Flexibel Organisieren<\/h3>\n\n\n\n<p class=\"has-text-align-center has-da-grey-1-color has-text-color has-link-color wp-elements-4ce012157b41266a7aff0826992695fd\" style=\"margin-bottom:16px\">Sie suchen sich aus, nach welchen Kategorien Sie Ihr Kanban Board betrachten m\u00f6chten. Aufgaben k\u00f6nnen beispielsweise nach Fortschritt, Priorit\u00e4ten oder Aufgabentyp angezeigt und nach belieben neu sortiert werden.<\/p>\n<\/div>\n\n\n\n<div class=\"wp-block-group application__box has-global-padding is-layout-constrained wp-block-group-is-layout-constrained\" style=\"border-radius:20px\">\n<i class=\"zi zi-mode-list\"><\/i>\n\n\n\n<h3 class=\"wp-block-heading has-text-align-center card__title\" style=\"font-size:20px\">Swimlanes und Reihen<\/h3>\n\n\n\n<p class=\"has-text-align-center has-da-grey-1-color has-text-color has-link-color wp-elements-7b41dabaed6021c6a2a9fe3f1217a98f\" style=\"margin-bottom:16px\">Sie k\u00f6nnen jedes Label- oder Mitgliedsfeld dazu nutzen, Ihr Kanban Board horizontal oder vertikal anzuordnen. Lassen Sie sich die Fortschritte Ihrer Workspace-Mitglieder anzeigen oder erstellen Sie eine Priorit\u00e4tenmatrix.<\/p>\n<\/div>\n\n\n\n<div class=\"wp-block-group application__box has-global-padding is-layout-constrained wp-block-group-is-layout-constrained\" style=\"border-radius:20px\">\n<i class=\"zi zi-mode-list\"><\/i>\n\n\n\n<h3 class=\"wp-block-heading has-text-align-center card__title\" style=\"font-size:20px\">Teamarbeit messen<\/h3>\n\n\n\n<p class=\"has-text-align-center has-da-grey-1-color has-text-color has-link-color wp-elements-c0b26d00812a395b71ae5daf9f726bc3\" style=\"margin-bottom:16px\">Lassen Sie sich die Aufgaben Ihrer Workspace-Mitglieder in gesonderter Ansicht anzeigen. Mit nur einem Klick delegieren Sie die Aufgaben schnell an die jeweiligen Verantwortlichen.<\/p>\n<\/div>\n<\/div>\n<\/div>\n\n\n\n<div class=\"wp-block-group has-global-padding is-layout-constrained wp-block-group-is-layout-constrained\">\n<div style=\"height:88px;--tablet-height:72px;--mobile-height:36px\" class=\"wp-block-lookeen-blocks-responsive-spacer\"><\/div>\n\n\n\n<h2 class=\"wp-block-heading has-text-align-center\">Was macht Zenkits Kanban Boards so effektiv?<\/h2>\n\n\n\n<p class=\"has-text-align-center\">Die meisten Kanban-Boards sind eine hervorragende M\u00f6glichkeit, den Projektfortschritt visuell zu verfolgen, Engp\u00e4sse zu erkennen und den Fortschritt zu planen. Aber was, wenn Sie Ihre Aufgaben lieber nach Priorit\u00e4t kategorisiert sehen m\u00f6chten? Oder wenn Sie einen intuitiven \u00dcberblick dar\u00fcber haben wollen, wer was tut?<\/p>\n\n\n\n<p>In Zenkit k\u00f6nnen Sie jederzeit \u00e4ndern, wie Ihr Kanban-Board angezeigt wird. W\u00e4hlen Sie aus, nach welcher Kategorie die Items sortiert werden sollen. F\u00fcgen Sie Swimlanes hinzu, um eine Matrix zu erstellen. Zeigen Sie so viele oder so wenige Informationen an, wie Sie m\u00f6chten.<\/p>\n\n\n\n<p class=\"has-text-align-center\">Zenkit ist auch eine benutzerfreundliche Workflow-Software. Sie k\u00f6nnen Ihre eigenen benutzerdefinierten Workflows und sogar Workflow-Vorlagen erstellen. Egal, ob Sie einen sequenziellen Workflow oder etwas Komplexeres verwenden, Zenkit kann dies mit seiner flexiblen Kanban-Ansicht bew\u00e4ltigen.<\/p>\n\n\n\n<div style=\"height:88px;--tablet-height:72px;--mobile-height:36px\" class=\"wp-block-lookeen-blocks-responsive-spacer\"><\/div>\n<\/div>\n\n\n\n<div class=\"wp-block-group has-da-blue-light-background-color has-background has-global-padding is-layout-constrained wp-container-core-group-is-layout-bea02a06 wp-block-group-is-layout-constrained\">\n<div style=\"height:88px;--tablet-height:72px;--mobile-height:36px\" class=\"wp-block-lookeen-blocks-responsive-spacer\"><\/div>\n\n\n\n<h2 class=\"wp-block-heading has-text-align-center\">Von \u00fcber 1000 Teams weltweit genutzt<\/h2>\n\n\n\n<p class=\"has-text-align-center\">Verlieren Sie nie wieder Zeit mit der Suche durch E-Mails, dem Wechseln zwischen Apps und dem doppelten Erledigen von Aufgaben. Verfolgen Sie all Ihre Projekte an einem Ort mit Zenkit.<\/p>\n\n\n\n<p>\u00c4ndern Sie nicht Ihre Arbeitsweise, um sich Ihren Tools anzupassen. Arbeiten Sie mit einem Tool, das sich Ihrem Workflow, Ihrem Team und Ihren Projekten anpasst.<\/p>\n\n\n\n<p class=\"has-text-align-center\" style=\"margin-bottom:0px\">Verwenden Sie ein Tool, das nicht nur bei der Verwaltung Ihrer Projekte hilft, sondern es Ihnen auch leicht macht, jeden Aspekt Ihres Unternehmens zu managen.<\/p>\n\n\n\n<div style=\"height:88px;--tablet-height:72px;--mobile-height:36px\" class=\"wp-block-lookeen-blocks-responsive-spacer\"><\/div>\n<\/div>\n\n\n\n<div class=\"wp-block-group has-global-padding is-layout-constrained wp-container-core-group-is-layout-bea02a06 wp-block-group-is-layout-constrained\">\n<div style=\"height:88px;--tablet-height:72px;--mobile-height:36px\" class=\"wp-block-lookeen-blocks-responsive-spacer\"><\/div>\n\n\n\n<h2 class=\"wp-block-heading has-text-align-center\">Kombinieren Sie Zenkit mit Ihren Lieblingstools<\/h2>\n\n\n\n<p class=\"has-text-align-center\" style=\"margin-bottom:0px\">Zenkit kann mit anderen, von Ihnen genutzten Apps Informationen austauschen. So k\u00f6nnen Sie auf all Ihre Dateien, Aufgaben und Informationen stets von einem Ort aus zugreifen. Mit Hilfe von Zapier kann Zenkit mit \u00fcber 1000 anderen Anwendungen kombiniert werden.<\/p>\n\n\n\n<div style=\"height:48px;--tablet-height:36px;--mobile-height:24px\" class=\"wp-block-lookeen-blocks-responsive-spacer\"><\/div>\n\n\n\n<div class=\"wp-block-group has-global-padding is-layout-constrained wp-container-core-group-is-layout-a099c240 wp-block-group-is-layout-constrained\">\n<div class=\"wp-block-group is-content-justification-center is-layout-flex wp-container-core-group-is-layout-635e4504 wp-block-group-is-layout-flex\">\n<figure class=\"wp-block-image size-full is-resized\"><a href=\"https:\/\/zenkit.com\/de\/integrationen\/google-sheets\/\"><img loading=\"lazy\" decoding=\"async\" width=\"128\" height=\"128\" src=\"https:\/\/zenkit.com\/wp-content\/uploads\/2025\/05\/google-sheets-logo.webp\" alt=\"google-sheets\" class=\"wp-image-112045\" style=\"width:80px\"\/><\/a><\/figure>\n\n\n\n<figure class=\"wp-block-image size-full is-resized\"><a href=\"https:\/\/zenkit.com\/de\/integrationen\/evernote\/\"><img loading=\"lazy\" decoding=\"async\" width=\"360\" height=\"360\" src=\"https:\/\/zenkit.com\/wp-content\/uploads\/2025\/05\/evernote-logo.webp\" alt=\"evernote\" class=\"wp-image-112035\" style=\"width:80px\" srcset=\"https:\/\/zenkit.com\/wp-content\/uploads\/2025\/05\/evernote-logo.webp 360w, https:\/\/zenkit.com\/wp-content\/uploads\/2025\/05\/evernote-logo-300x300.webp 300w, https:\/\/zenkit.com\/wp-content\/uploads\/2025\/05\/evernote-logo-150x150.webp 150w\" sizes=\"auto, (max-width: 360px) 100vw, 360px\" \/><\/a><\/figure>\n\n\n\n<figure class=\"wp-block-image size-full is-resized\"><a href=\"https:\/\/zenkit.com\/de\/integrationen\/google-kalendar\/\"><img loading=\"lazy\" decoding=\"async\" width=\"128\" height=\"128\" src=\"https:\/\/zenkit.com\/wp-content\/uploads\/2025\/05\/google-calendar-logo.webp\" alt=\"google-calender\" class=\"wp-image-112055\" style=\"width:80px\"\/><\/a><\/figure>\n\n\n\n<figure class=\"wp-block-image size-full is-resized\"><a href=\"https:\/\/zenkit.com\/de\/integrationen\/google-drive\/\"><img loading=\"lazy\" decoding=\"async\" width=\"128\" height=\"128\" src=\"https:\/\/zenkit.com\/wp-content\/uploads\/2025\/05\/google-drive-logo.webp\" alt=\"google-drive logo\" class=\"wp-image-112076\" style=\"width:80px\"\/><\/a><\/figure>\n\n\n\n<figure class=\"wp-block-image size-full is-resized\"><a href=\"https:\/\/zenkit.com\/de\/integrationen\/dropbox\/\"><img loading=\"lazy\" decoding=\"async\" width=\"1026\" height=\"1026\" src=\"https:\/\/zenkit.com\/wp-content\/uploads\/2025\/05\/dropbox-logo.webp\" alt=\"dropbox-logo\" class=\"wp-image-112087\" style=\"width:80px\" srcset=\"https:\/\/zenkit.com\/wp-content\/uploads\/2025\/05\/dropbox-logo.webp 1026w, https:\/\/zenkit.com\/wp-content\/uploads\/2025\/05\/dropbox-logo-300x300.webp 300w, https:\/\/zenkit.com\/wp-content\/uploads\/2025\/05\/dropbox-logo-1024x1024.webp 1024w, https:\/\/zenkit.com\/wp-content\/uploads\/2025\/05\/dropbox-logo-150x150.webp 150w, https:\/\/zenkit.com\/wp-content\/uploads\/2025\/05\/dropbox-logo-768x768.webp 768w\" sizes=\"auto, (max-width: 1026px) 100vw, 1026px\" \/><\/a><\/figure>\n\n\n\n<figure class=\"wp-block-image size-full is-resized\"><a href=\"https:\/\/zenkit.com\/de\/integrationen\/box\/\"><img loading=\"lazy\" decoding=\"async\" width=\"625\" height=\"625\" src=\"https:\/\/zenkit.com\/wp-content\/uploads\/2025\/05\/box-logo.webp\" alt=\"box logo\" class=\"wp-image-112097\" style=\"width:80px\" srcset=\"https:\/\/zenkit.com\/wp-content\/uploads\/2025\/05\/box-logo.webp 625w, https:\/\/zenkit.com\/wp-content\/uploads\/2025\/05\/box-logo-300x300.webp 300w, https:\/\/zenkit.com\/wp-content\/uploads\/2025\/05\/box-logo-150x150.webp 150w\" sizes=\"auto, (max-width: 625px) 100vw, 625px\" \/><\/a><\/figure>\n\n\n\n<figure class=\"wp-block-image size-full is-resized\"><a href=\"https:\/\/zenkit.com\/de\/integrationen\/trello\/\"><img loading=\"lazy\" decoding=\"async\" width=\"280\" height=\"280\" src=\"https:\/\/zenkit.com\/wp-content\/uploads\/2025\/05\/trello-logo-1.webp\" alt=\"trello logo\" class=\"wp-image-112107\" style=\"width:80px\" srcset=\"https:\/\/zenkit.com\/wp-content\/uploads\/2025\/05\/trello-logo-1.webp 280w, https:\/\/zenkit.com\/wp-content\/uploads\/2025\/05\/trello-logo-1-150x150.webp 150w\" sizes=\"auto, (max-width: 280px) 100vw, 280px\" \/><\/a><\/figure>\n\n\n\n<figure class=\"wp-block-image size-full is-resized\"><a href=\"https:\/\/zenkit.com\/de\/integrationen\/asana\/\"><img loading=\"lazy\" decoding=\"async\" width=\"280\" height=\"280\" src=\"https:\/\/zenkit.com\/wp-content\/uploads\/2025\/05\/asana-logo.webp\" alt=\"asana logo\" class=\"wp-image-112117\" style=\"width:80px\" srcset=\"https:\/\/zenkit.com\/wp-content\/uploads\/2025\/05\/asana-logo.webp 280w, https:\/\/zenkit.com\/wp-content\/uploads\/2025\/05\/asana-logo-150x150.webp 150w\" sizes=\"auto, (max-width: 280px) 100vw, 280px\" \/><\/a><\/figure>\n\n\n\n<figure class=\"wp-block-image size-full is-resized\"><a href=\"https:\/\/zenkit.com\/de\/integrationen\/slack\/\"><img loading=\"lazy\" decoding=\"async\" width=\"297\" height=\"297\" src=\"https:\/\/zenkit.com\/wp-content\/uploads\/2025\/05\/slack-logo.webp\" alt=\"slack logo\" class=\"wp-image-112127\" style=\"width:80px\" srcset=\"https:\/\/zenkit.com\/wp-content\/uploads\/2025\/05\/slack-logo.webp 297w, https:\/\/zenkit.com\/wp-content\/uploads\/2025\/05\/slack-logo-150x150.webp 150w\" sizes=\"auto, (max-width: 297px) 100vw, 297px\" \/><\/a><\/figure>\n\n\n\n<figure class=\"wp-block-image size-full is-resized\"><a href=\"https:\/\/zenkit.com\/de\/integrationen\/gmail\/\"><img loading=\"lazy\" decoding=\"async\" width=\"512\" height=\"512\" src=\"https:\/\/zenkit.com\/wp-content\/uploads\/2025\/05\/Gmail-logo.webp\" alt=\"gmail logo\" class=\"wp-image-112137\" style=\"width:80px\" srcset=\"https:\/\/zenkit.com\/wp-content\/uploads\/2025\/05\/Gmail-logo.webp 512w, https:\/\/zenkit.com\/wp-content\/uploads\/2025\/05\/Gmail-logo-300x300.webp 300w, https:\/\/zenkit.com\/wp-content\/uploads\/2025\/05\/Gmail-logo-150x150.webp 150w\" sizes=\"auto, (max-width: 512px) 100vw, 512px\" \/><\/a><\/figure>\n\n\n\n<figure class=\"wp-block-image size-full is-resized\"><a href=\"https:\/\/zenkit.com\/de\/integrationen\/sharpspring\/\"><img loading=\"lazy\" decoding=\"async\" width=\"650\" height=\"650\" src=\"https:\/\/zenkit.com\/wp-content\/uploads\/2025\/05\/sharpspring-logo.webp\" alt=\"sharpspring logo\" class=\"wp-image-112147\" style=\"width:80px\" srcset=\"https:\/\/zenkit.com\/wp-content\/uploads\/2025\/05\/sharpspring-logo.webp 650w, https:\/\/zenkit.com\/wp-content\/uploads\/2025\/05\/sharpspring-logo-300x300.webp 300w, https:\/\/zenkit.com\/wp-content\/uploads\/2025\/05\/sharpspring-logo-150x150.webp 150w\" sizes=\"auto, (max-width: 650px) 100vw, 650px\" \/><\/a><\/figure>\n\n\n\n<figure class=\"wp-block-image size-full is-resized\"><img loading=\"lazy\" decoding=\"async\" width=\"1200\" height=\"1200\" src=\"https:\/\/zenkit.com\/wp-content\/uploads\/2025\/05\/zapier-logo.webp\" alt=\"zapier logo\" class=\"wp-image-112157\" style=\"width:80px\" srcset=\"https:\/\/zenkit.com\/wp-content\/uploads\/2025\/05\/zapier-logo.webp 1200w, https:\/\/zenkit.com\/wp-content\/uploads\/2025\/05\/zapier-logo-300x300.webp 300w, https:\/\/zenkit.com\/wp-content\/uploads\/2025\/05\/zapier-logo-1024x1024.webp 1024w, https:\/\/zenkit.com\/wp-content\/uploads\/2025\/05\/zapier-logo-150x150.webp 150w, https:\/\/zenkit.com\/wp-content\/uploads\/2025\/05\/zapier-logo-768x768.webp 768w\" sizes=\"auto, (max-width: 1200px) 100vw, 1200px\" \/><\/figure>\n<\/div>\n<\/div>\n<\/div>\n\n\n\n<div style=\"height:110px;--tablet-height:60px;--mobile-height:48px\" class=\"wp-block-lookeen-blocks-responsive-spacer\"><\/div>\n","protected":false},"excerpt":{"rendered":"<p>Managen Sie Ihre Projekte mit Hilfe eines Kanban Boards Kanban Boards sind ideal, um den Fortschritt Ihrer Projekte zu messen, Aufgaben zu kategorisieren und in k\u00fcrzerer Zeit mehr erledigt zu bekommen. Flexibel Organisieren Sie suchen sich aus, nach welchen Kategorien Sie Ihr Kanban Board betrachten m\u00f6chten. Aufgaben k\u00f6nnen beispielsweise nach Fortschritt, Priorit\u00e4ten oder Aufgabentyp angezeigt [&hellip;]<\/p>\n","protected":false},"author":1,"featured_media":0,"parent":67251,"menu_order":1,"comment_status":"closed","ping_status":"closed","template":"","meta":{"yasr_overall_rating":0,"yasr_post_is_review":"","yasr_auto_insert_disabled":"","yasr_review_type":"","footnotes":""},"class_list":["post-12166","page","type-page","status-publish","hentry"],"yoast_head":"<!-- This site is optimized with the Yoast SEO plugin v27.4 - https:\/\/yoast.com\/product\/yoast-seo-wordpress\/ -->\n<title>Kanban Board Software | Zenkit<\/title>\n<meta name=\"description\" content=\"Sie m\u00f6chten produktiver arbeiten? Mit Kanban Boards in Zenkit behalten Sie stets den \u00dcberblick \u00fcber Ihre Workflows und managen Projekte ganz unkompliziert.\" \/>\n<meta name=\"robots\" content=\"index, follow, max-snippet:-1, max-image-preview:large, max-video-preview:-1\" \/>\n<link rel=\"canonical\" href=\"https:\/\/zenkit.com\/de\/loesungen\/kanban\/\" \/>\n<meta property=\"og:locale\" content=\"de_DE\" \/>\n<meta property=\"og:type\" content=\"article\" \/>\n<meta property=\"og:title\" content=\"Kanban Board Software | Zenkit\" \/>\n<meta property=\"og:description\" content=\"Sie m\u00f6chten produktiver arbeiten? Mit Kanban Boards in Zenkit behalten Sie stets den \u00dcberblick \u00fcber Ihre Workflows und managen Projekte ganz unkompliziert.\" \/>\n<meta property=\"og:url\" content=\"https:\/\/zenkit.com\/de\/loesungen\/kanban\/\" \/>\n<meta property=\"og:site_name\" content=\"Zenkit\" \/>\n<meta property=\"article:publisher\" content=\"https:\/\/www.facebook.com\/ZenkitHQ\" \/>\n<meta property=\"article:modified_time\" content=\"2025-08-29T15:20:06+00:00\" \/>\n<meta name=\"twitter:card\" content=\"summary_large_image\" \/>\n<meta name=\"twitter:site\" content=\"@ZenkitHQ\" \/>\n<script type=\"application\/ld+json\" class=\"yoast-schema-graph\">{\"@context\":\"https:\\\/\\\/schema.org\",\"@graph\":[{\"@type\":\"WebPage\",\"@id\":\"https:\\\/\\\/zenkit.com\\\/de\\\/loesungen\\\/kanban\\\/\",\"url\":\"https:\\\/\\\/zenkit.com\\\/de\\\/loesungen\\\/kanban\\\/\",\"name\":\"Kanban Board Software | Zenkit\",\"isPartOf\":{\"@id\":\"https:\\\/\\\/zenkit.com\\\/de\\\/#website\"},\"datePublished\":\"2018-06-11T11:51:16+00:00\",\"dateModified\":\"2025-08-29T15:20:06+00:00\",\"description\":\"Sie m\u00f6chten produktiver arbeiten? Mit Kanban Boards in Zenkit behalten Sie stets den \u00dcberblick \u00fcber Ihre Workflows und managen Projekte ganz unkompliziert.\",\"breadcrumb\":{\"@id\":\"https:\\\/\\\/zenkit.com\\\/de\\\/loesungen\\\/kanban\\\/#breadcrumb\"},\"inLanguage\":\"de\",\"potentialAction\":[{\"@type\":\"ReadAction\",\"target\":[\"https:\\\/\\\/zenkit.com\\\/de\\\/loesungen\\\/kanban\\\/\"]}]},{\"@type\":\"BreadcrumbList\",\"@id\":\"https:\\\/\\\/zenkit.com\\\/de\\\/loesungen\\\/kanban\\\/#breadcrumb\",\"itemListElement\":[{\"@type\":\"ListItem\",\"position\":1,\"name\":\"Home\",\"item\":\"https:\\\/\\\/zenkit.com\\\/de\\\/\"},{\"@type\":\"ListItem\",\"position\":2,\"name\":\"L\u00f6sungen\",\"item\":\"https:\\\/\\\/zenkit.com\\\/de\\\/loesungen\\\/\"},{\"@type\":\"ListItem\",\"position\":3,\"name\":\"Kanban\"}]},{\"@type\":\"WebSite\",\"@id\":\"https:\\\/\\\/zenkit.com\\\/de\\\/#website\",\"url\":\"https:\\\/\\\/zenkit.com\\\/de\\\/\",\"name\":\"Zenkit\",\"description\":\"Zenkit Tagline\",\"potentialAction\":[{\"@type\":\"SearchAction\",\"target\":{\"@type\":\"EntryPoint\",\"urlTemplate\":\"https:\\\/\\\/zenkit.com\\\/de\\\/?s={search_term_string}\"},\"query-input\":{\"@type\":\"PropertyValueSpecification\",\"valueRequired\":true,\"valueName\":\"search_term_string\"}}],\"inLanguage\":\"de\"},false]}<\/script>\n<!-- \/ Yoast SEO plugin. -->","yoast_head_json":{"title":"Kanban Board Software | Zenkit","description":"Sie m\u00f6chten produktiver arbeiten? Mit Kanban Boards in Zenkit behalten Sie stets den \u00dcberblick \u00fcber Ihre Workflows und managen Projekte ganz unkompliziert.","robots":{"index":"index","follow":"follow","max-snippet":"max-snippet:-1","max-image-preview":"max-image-preview:large","max-video-preview":"max-video-preview:-1"},"canonical":"https:\/\/zenkit.com\/de\/loesungen\/kanban\/","og_locale":"de_DE","og_type":"article","og_title":"Kanban Board Software | Zenkit","og_description":"Sie m\u00f6chten produktiver arbeiten? Mit Kanban Boards in Zenkit behalten Sie stets den \u00dcberblick \u00fcber Ihre Workflows und managen Projekte ganz unkompliziert.","og_url":"https:\/\/zenkit.com\/de\/loesungen\/kanban\/","og_site_name":"Zenkit","article_publisher":"https:\/\/www.facebook.com\/ZenkitHQ","article_modified_time":"2025-08-29T15:20:06+00:00","twitter_card":"summary_large_image","twitter_site":"@ZenkitHQ","schema":{"@context":"https:\/\/schema.org","@graph":[{"@type":"WebPage","@id":"https:\/\/zenkit.com\/de\/loesungen\/kanban\/","url":"https:\/\/zenkit.com\/de\/loesungen\/kanban\/","name":"Kanban Board Software | Zenkit","isPartOf":{"@id":"https:\/\/zenkit.com\/de\/#website"},"datePublished":"2018-06-11T11:51:16+00:00","dateModified":"2025-08-29T15:20:06+00:00","description":"Sie m\u00f6chten produktiver arbeiten? Mit Kanban Boards in Zenkit behalten Sie stets den \u00dcberblick \u00fcber Ihre Workflows und managen Projekte ganz unkompliziert.","breadcrumb":{"@id":"https:\/\/zenkit.com\/de\/loesungen\/kanban\/#breadcrumb"},"inLanguage":"de","potentialAction":[{"@type":"ReadAction","target":["https:\/\/zenkit.com\/de\/loesungen\/kanban\/"]}]},{"@type":"BreadcrumbList","@id":"https:\/\/zenkit.com\/de\/loesungen\/kanban\/#breadcrumb","itemListElement":[{"@type":"ListItem","position":1,"name":"Home","item":"https:\/\/zenkit.com\/de\/"},{"@type":"ListItem","position":2,"name":"L\u00f6sungen","item":"https:\/\/zenkit.com\/de\/loesungen\/"},{"@type":"ListItem","position":3,"name":"Kanban"}]},{"@type":"WebSite","@id":"https:\/\/zenkit.com\/de\/#website","url":"https:\/\/zenkit.com\/de\/","name":"Zenkit","description":"Zenkit Tagline","potentialAction":[{"@type":"SearchAction","target":{"@type":"EntryPoint","urlTemplate":"https:\/\/zenkit.com\/de\/?s={search_term_string}"},"query-input":{"@type":"PropertyValueSpecification","valueRequired":true,"valueName":"search_term_string"}}],"inLanguage":"de"},false]}},"yasr_visitor_votes":{"stars_attributes":{"read_only":false,"span_bottom":false},"number_of_votes":0,"sum_votes":0},"_links":{"self":[{"href":"https:\/\/zenkit.com\/de\/wp-json\/wp\/v2\/pages\/12166","targetHints":{"allow":["GET"]}}],"collection":[{"href":"https:\/\/zenkit.com\/de\/wp-json\/wp\/v2\/pages"}],"about":[{"href":"https:\/\/zenkit.com\/de\/wp-json\/wp\/v2\/types\/page"}],"author":[{"embeddable":true,"href":"https:\/\/zenkit.com\/de\/wp-json\/wp\/v2\/users\/1"}],"replies":[{"embeddable":true,"href":"https:\/\/zenkit.com\/de\/wp-json\/wp\/v2\/comments?post=12166"}],"version-history":[{"count":12,"href":"https:\/\/zenkit.com\/de\/wp-json\/wp\/v2\/pages\/12166\/revisions"}],"predecessor-version":[{"id":125735,"href":"https:\/\/zenkit.com\/de\/wp-json\/wp\/v2\/pages\/12166\/revisions\/125735"}],"up":[{"embeddable":true,"href":"https:\/\/zenkit.com\/de\/wp-json\/wp\/v2\/pages\/67251"}],"wp:attachment":[{"href":"https:\/\/zenkit.com\/de\/wp-json\/wp\/v2\/media?parent=12166"}],"curies":[{"name":"wp","href":"https:\/\/api.w.org\/{rel}","templated":true}]}}