{"id":122850,"date":"2025-07-27T18:43:10","date_gmt":"2025-07-27T16:43:10","guid":{"rendered":"https:\/\/zenkit.com\/?page_id=122850"},"modified":"2025-11-04T06:53:16","modified_gmt":"2025-11-04T05:53:16","slug":"livestorm","status":"publish","type":"page","link":"https:\/\/zenkit.com\/de\/integrationen\/livestorm\/","title":{"rendered":"Livestorm"},"content":{"rendered":"\n<div style=\"height:45px;--tablet-height:45px;--mobile-height:16px\" class=\"wp-block-lookeen-blocks-responsive-spacer\"><\/div>\n\n\n\n<div class=\"wp-block-group has-global-padding is-layout-constrained wp-block-group-is-layout-constrained\">\n<div class=\"wp-block-columns is-layout-flex wp-container-core-columns-is-layout-467d341d wp-block-columns-is-layout-flex\" id=\"main__integrations\" style=\"margin-top:0px;margin-bottom:0px\">\n<div class=\"wp-block-column side__bar__integrations is-layout-flow wp-block-column-is-layout-flow\" style=\"flex-basis:23%\">\n<h2 class=\"wp-block-heading has-da-blue-color-new has-text-color has-link-color wp-elements-c13f4f6c65b156a51063a939310b3907\" style=\"margin-top:0px;margin-bottom:0px;font-size:16px;line-height:1.5\">Webinar Integrationen<\/h2>\n\n\n<nav class=\"is-vertical integrations__menu wp-block-navigation is-layout-flex wp-container-core-navigation-is-layout-5f9f5280 wp-block-navigation-is-layout-flex\" aria-label=\"de-webinar-integrations\"><ul class=\"wp-block-navigation__container  is-vertical integrations__menu wp-block-navigation\"><li class=\" wp-block-navigation-item wp-block-navigation-link\"><a class=\"wp-block-navigation-item__content\"  href=\"https:\/\/zenkit.com\/de\/integrationen\/livestorm\/\"><span class=\"wp-block-navigation-item__label\">Livestorm<\/span><\/a><\/li><\/ul><\/nav><\/div>\n\n\n\n<div class=\"wp-block-column content__integrations is-layout-flow wp-block-column-is-layout-flow\" style=\"flex-basis:77%\">\n<div class=\"wp-block-group has-global-padding is-layout-constrained wp-block-group-is-layout-constrained\">\n<div class=\"wp-block-group title is-layout-flex wp-container-core-group-is-layout-ed4b00df wp-block-group-is-layout-flex\">\n<figure class=\"wp-block-image size-full is-resized\"><img loading=\"lazy\" decoding=\"async\" width=\"700\" height=\"700\" src=\"https:\/\/zenkit.com\/wp-content\/uploads\/2025\/07\/livestorm-logo-square-dark@2x.webp\" alt=\"\" class=\"wp-image-117972\" style=\"width:auto;height:46px\" srcset=\"https:\/\/zenkit.com\/wp-content\/uploads\/2025\/07\/livestorm-logo-square-dark@2x.webp 700w, https:\/\/zenkit.com\/wp-content\/uploads\/2025\/07\/livestorm-logo-square-dark@2x-300x300.webp 300w, https:\/\/zenkit.com\/wp-content\/uploads\/2025\/07\/livestorm-logo-square-dark@2x-150x150.webp 150w\" sizes=\"auto, (max-width: 700px) 100vw, 700px\" \/><\/figure>\n\n\n\n<h1 class=\"wp-block-heading\">Livestorm und Zenkit<\/h1>\n<\/div>\n\n\n\n<div class=\"wp-block-group has-global-padding is-layout-constrained wp-block-group-is-layout-constrained\">\n<p>Die Integration von Livestorm in Zenkit bietet eine leistungsstarke Kombination, die es Nutzern erm\u00f6glicht, ihre Online-Events und Webinare nahtlos mit ihren Projektmanagement- und Kollaborationsprozessen zu verbinden.<\/p>\n\n\n\n<p>Durch die Integration dieser beiden Plattformen k\u00f6nnen Nutzer ihre Arbeitsabl\u00e4ufe optimieren, indem sie Event-Daten direkt in ihre Projektmanagement-Umgebung einflie\u00dfen lassen, Aufgaben und Follow-ups automatisch erstellen und so ihre Produktivit\u00e4t erheblich steigern.<\/p>\n\n\n\n<p>Diese nahtlose Verbindung schafft eine zentrale Anlaufstelle f\u00fcr alle projektrelevanten Informationen und Aktivit\u00e4ten, was zu einer besseren Organisation und einem reibungslosen Ablauf von Online-Events und Projekten f\u00fchrt.<\/p>\n<\/div>\n\n\n\n<div style=\"height:48px;--tablet-height:36px;--mobile-height:24px\" class=\"wp-block-lookeen-blocks-responsive-spacer\"><\/div>\n<\/div>\n\n\n\n<div class=\"wp-block-group has-global-padding is-layout-constrained wp-block-group-is-layout-constrained\">\n<figure class=\"wp-block-image size-full\"><img loading=\"lazy\" decoding=\"async\" width=\"1024\" height=\"640\" src=\"https:\/\/zenkit.com\/wp-content\/uploads\/2025\/07\/Livestorm-screenshot-1024x640-1.webp\" alt=\"\" class=\"wp-image-117985\" srcset=\"https:\/\/zenkit.com\/wp-content\/uploads\/2025\/07\/Livestorm-screenshot-1024x640-1.webp 1024w, https:\/\/zenkit.com\/wp-content\/uploads\/2025\/07\/Livestorm-screenshot-1024x640-1-300x188.webp 300w, https:\/\/zenkit.com\/wp-content\/uploads\/2025\/07\/Livestorm-screenshot-1024x640-1-768x480.webp 768w\" sizes=\"auto, (max-width: 1024px) 100vw, 1024px\" \/><\/figure>\n<\/div>\n\n\n\n<div style=\"height:48px;--tablet-height:36px;--mobile-height:24px\" class=\"wp-block-lookeen-blocks-responsive-spacer\"><\/div>\n\n\n\n<div class=\"wp-block-group has-global-padding is-layout-constrained wp-block-group-is-layout-constrained\">\n<h3 class=\"wp-block-heading display-h2\">\u00dcber Livestorm<\/h3>\n\n\n\n<p>Mit Livestorm k\u00f6nnen kleine und gro\u00dfe Unternehmen Webinare und Online-Meetings abhalten. Diese eignen sich beispielsweise f\u00fcr:<\/p>\n\n\n\n<ul class=\"wp-block-list is-style-da-left-indent\">\n<li>Marketing<\/li>\n\n\n\n<li>Vertrieb<\/li>\n\n\n\n<li>Nachrichten<\/li>\n\n\n\n<li>Unterricht f\u00fcr Schule oder Universit\u00e4t.<\/li>\n<\/ul>\n\n\n\n<p>Livestorm kann ganz einfach auf jedem Endger\u00e4t im Browser verwendet werden. Es ist keine Installation notwendig.<\/p>\n\n\n\n<p>Unternehmen wie Intercom, Bosch, Pipedrive und Mention vertrauen Livestorm dabei, Ihre Weiterbildungen oder Produktdemos zu hosten.<\/p>\n<\/div>\n\n\n\n<div style=\"height:48px;--tablet-height:36px;--mobile-height:24px\" class=\"wp-block-lookeen-blocks-responsive-spacer\"><\/div>\n\n\n\n<div class=\"wp-block-group has-global-padding is-layout-constrained wp-block-group-is-layout-constrained\">\n<h3 class=\"wp-block-heading display-h2\">\u00dcber Zenkit<\/h3>\n\n\n\n<p><a href=\"https:\/\/zenkit.com\/de\">Zenkit<\/a>&nbsp;ist eine vielseitige Online-Plattform zur Organisation und Verwaltung von Projekten und Aufgaben. Mit Funktionen wie Kanban-Boards, Tabellen, Kalenderansichten und Gantt-Diagrammen erm\u00f6glicht Zenkit eine flexible und effiziente Projektsteuerung.<\/p>\n\n\n\n<p>Zenkit wurde in Deutschland entwickelt und mit deutschen Serverstandorten wird f\u00fcr h\u00f6chste Sicherheits- und Datenschutzstandards gem\u00e4\u00df der Datenschutz-Grundverordnung (DSGVO) gesorgt. Verschl\u00fcsselte Daten\u00fcbertragung, redundante Server und regelm\u00e4\u00dfige Backups sorgen daf\u00fcr, dass die Daten der Benutzer stets gesch\u00fctzt sind.<\/p>\n\n\n\n<p>Mit mobilen Apps f\u00fcr iOS und Android bleibt Zenkit auch unterwegs stets zug\u00e4nglich, was die Produktivit\u00e4t und Flexibilit\u00e4t weiter erh\u00f6ht.&nbsp;<a href=\"https:\/\/app.zenkit.com\/register\">Erstellen Sie Ihr kostenloses Konto!<\/a><\/p>\n<\/div>\n\n\n\n<div style=\"height:48px;--tablet-height:36px;--mobile-height:24px\" class=\"wp-block-lookeen-blocks-responsive-spacer\"><\/div>\n\n\n\n<div class=\"wp-block-group has-global-padding is-layout-constrained wp-block-group-is-layout-constrained\">\n<h3 class=\"wp-block-heading display-h2\">Synchronisieren Sie Livestorm mit Zenkit<\/h3>\n\n\n\n<ol class=\"wp-block-list list__style__position-inside\">\n<li><a href=\"https:\/\/zapier.com\/sign-up\/\">Registrieren Sie sich<\/a> bei Zapier, um Zugang zu Zapier zu erhalten.<\/li>\n\n\n\n<li><a href=\"https:\/\/app.livestorm.co\/#\/signup\">Erstellen Sie ein Konto<\/a> bei Livestorm.<\/li>\n\n\n\n<li>Melden Sie sich bei Zapier an und gehen Sie zum <a href=\"https:\/\/zapier.com\/app-directory\/zenkit\/integrations\/livestorm\">Zenkit + Livestorm Zapbook<\/a>, um Zap-Vorlagen zu finden.<\/li>\n\n\n\n<li>Sie k\u00f6nnen auch Ihre eigene Zenkit und Livestorm-Integration erstellen, indem Sie diese beim Erstellen eines Zaps ausw\u00e4hlen.<\/li>\n<\/ol>\n\n\n\n<p><\/p>\n\n\n\n<script type=\"text\/javascript\" src=\"https:\/\/zapier.com\/apps\/embed\/widget.js?guided_zaps=64280\"><\/script>\n<\/div>\n\n\n\n<div style=\"height:48px;--tablet-height:36px;--mobile-height:24px\" class=\"wp-block-lookeen-blocks-responsive-spacer\"><\/div>\n\n\n\n<div class=\"wp-block-group has-global-padding is-layout-constrained wp-block-group-is-layout-constrained\">\n<h3 class=\"wp-block-heading display-h2\">Wer profitiert von der Livestorm und Zenkit Integration?<\/h3>\n\n\n\n<ul class=\"wp-block-list is-style-da-left-indent\">\n<li><strong>Webinar-Hosts, die Teilnehmerinteraktionen und Follow-ups optimieren m\u00f6chten:<\/strong> Durch die Integration von Livestorm mit Zenkit k\u00f6nnen Webinar-Hosts automatisch Teilnehmerdaten, Engagement-Statistiken und Feedback synchronisieren, um eine nahtlose Nachverfolgung und Kommunikation zu gew\u00e4hrleisten. Dies erm\u00f6glicht eine personalisierte Betreuung und verbesserte Teilnehmerbindung.<\/li>\n\n\n\n<li><strong>Marketingteams, die Kampagnen und Leads effizient verwalten wollen:<\/strong> Marketingteams profitieren von der Integration, indem sie Webinar-Anmeldungen, Teilnehmerverhalten und Feedback direkt in Zenkit importieren. Dadurch k\u00f6nnen sie Leads besser qualifizieren, Marketingkampagnen gezielt steuern und den Erfolg ihrer Webinare pr\u00e4zise analysieren, was zu einer h\u00f6heren Effizienz und Effektivit\u00e4t ihrer Marketingstrategie f\u00fchrt.<\/li>\n<\/ul>\n<\/div>\n\n\n\n<div style=\"height:48px;--tablet-height:36px;--mobile-height:24px\" class=\"wp-block-lookeen-blocks-responsive-spacer\"><\/div>\n\n\n\n<div class=\"wp-block-group has-global-padding is-layout-constrained wp-block-group-is-layout-constrained\">\n<h3 class=\"wp-block-heading display-h2\">Weitere Integrations-Details<\/h3>\n\n\n\n<ul class=\"wp-block-list is-style-da-left-indent\">\n<li>Unterst\u00fctzt von Zapier: Bitte kontaktieren Sie den <a href=\"https:\/\/zapier.com\/app\/get-help\">Zapier-Support<\/a>, wenn Sie Probleme haben.<\/li>\n\n\n\n<li>F\u00fcr weitere Informationen zur Verwendung von Zenkit mit Zapier lesen Sie bitte unsere <a href=\"https:\/\/help.zenkit.com\/de\/support\/solutions\/articles\/43000590360-andere-apps-mit-zapier-in-zenkit-integrieren\">Dokumentation<\/a>.<\/li>\n<\/ul>\n<\/div>\n<\/div>\n<\/div>\n<\/div>\n\n\n\n<div style=\"height:110px;--tablet-height:60px;--mobile-height:48px\" class=\"wp-block-lookeen-blocks-responsive-spacer\"><\/div>\n","protected":false},"excerpt":{"rendered":"<p>Webinar Integrationen Livestorm und Zenkit Die Integration von Livestorm in Zenkit bietet eine leistungsstarke Kombination, die es Nutzern erm\u00f6glicht, ihre Online-Events und Webinare nahtlos mit ihren Projektmanagement- und Kollaborationsprozessen zu verbinden. Durch die Integration dieser beiden Plattformen k\u00f6nnen Nutzer ihre Arbeitsabl\u00e4ufe optimieren, indem sie Event-Daten direkt in ihre Projektmanagement-Umgebung einflie\u00dfen lassen, Aufgaben und Follow-ups automatisch [&hellip;]<\/p>\n","protected":false},"author":9,"featured_media":0,"parent":67564,"menu_order":44,"comment_status":"closed","ping_status":"closed","template":"","meta":{"yasr_overall_rating":0,"yasr_post_is_review":"","yasr_auto_insert_disabled":"","yasr_review_type":"","footnotes":""},"class_list":["post-122850","page","type-page","status-publish","hentry"],"yoast_head":"<!-- This site is optimized with the Yoast SEO plugin v27.5 - https:\/\/yoast.com\/product\/yoast-seo-wordpress\/ -->\n<title>Livestorm | Zenkit<\/title>\n<meta name=\"robots\" content=\"index, follow, max-snippet:-1, max-image-preview:large, max-video-preview:-1\" \/>\n<link rel=\"canonical\" href=\"https:\/\/zenkit.com\/de\/integrationen\/livestorm\/\" \/>\n<meta property=\"og:locale\" content=\"de_DE\" \/>\n<meta property=\"og:type\" content=\"article\" \/>\n<meta property=\"og:title\" content=\"Livestorm | Zenkit\" \/>\n<meta property=\"og:description\" content=\"Webinar Integrationen Livestorm und Zenkit Die Integration von Livestorm in Zenkit bietet eine leistungsstarke Kombination, die es Nutzern erm\u00f6glicht, ihre Online-Events und Webinare nahtlos mit ihren Projektmanagement- und Kollaborationsprozessen zu verbinden. Durch die Integration dieser beiden Plattformen k\u00f6nnen Nutzer ihre Arbeitsabl\u00e4ufe optimieren, indem sie Event-Daten direkt in ihre Projektmanagement-Umgebung einflie\u00dfen lassen, Aufgaben und Follow-ups automatisch [&hellip;]\" \/>\n<meta property=\"og:url\" content=\"https:\/\/zenkit.com\/de\/integrationen\/livestorm\/\" \/>\n<meta property=\"og:site_name\" content=\"Zenkit\" \/>\n<meta property=\"article:publisher\" content=\"https:\/\/www.facebook.com\/ZenkitHQ\" \/>\n<meta property=\"article:modified_time\" content=\"2025-11-04T05:53:16+00:00\" \/>\n<meta property=\"og:image\" content=\"https:\/\/zenkit.com\/wp-content\/uploads\/2025\/07\/livestorm-logo-square-dark@2x.webp\" \/>\n<meta name=\"twitter:card\" content=\"summary_large_image\" \/>\n<meta name=\"twitter:site\" content=\"@ZenkitHQ\" \/>\n<meta name=\"twitter:label1\" content=\"Gesch\u00e4tzte Lesezeit\" \/>\n\t<meta name=\"twitter:data1\" content=\"2\u00a0Minuten\" \/>\n<script type=\"application\/ld+json\" class=\"yoast-schema-graph\">{\"@context\":\"https:\\\/\\\/schema.org\",\"@graph\":[{\"@type\":\"WebPage\",\"@id\":\"https:\\\/\\\/zenkit.com\\\/de\\\/integrationen\\\/livestorm\\\/\",\"url\":\"https:\\\/\\\/zenkit.com\\\/de\\\/integrationen\\\/livestorm\\\/\",\"name\":\"Livestorm | Zenkit\",\"isPartOf\":{\"@id\":\"https:\\\/\\\/zenkit.com\\\/de\\\/#website\"},\"primaryImageOfPage\":{\"@id\":\"https:\\\/\\\/zenkit.com\\\/de\\\/integrationen\\\/livestorm\\\/#primaryimage\"},\"image\":{\"@id\":\"https:\\\/\\\/zenkit.com\\\/de\\\/integrationen\\\/livestorm\\\/#primaryimage\"},\"thumbnailUrl\":\"https:\\\/\\\/zenkit.com\\\/wp-content\\\/uploads\\\/2025\\\/07\\\/livestorm-logo-square-dark@2x.webp\",\"datePublished\":\"2025-07-27T16:43:10+00:00\",\"dateModified\":\"2025-11-04T05:53:16+00:00\",\"breadcrumb\":{\"@id\":\"https:\\\/\\\/zenkit.com\\\/de\\\/integrationen\\\/livestorm\\\/#breadcrumb\"},\"inLanguage\":\"de\",\"potentialAction\":[{\"@type\":\"ReadAction\",\"target\":[\"https:\\\/\\\/zenkit.com\\\/de\\\/integrationen\\\/livestorm\\\/\"]}]},{\"@type\":\"ImageObject\",\"inLanguage\":\"de\",\"@id\":\"https:\\\/\\\/zenkit.com\\\/de\\\/integrationen\\\/livestorm\\\/#primaryimage\",\"url\":\"https:\\\/\\\/zenkit.com\\\/wp-content\\\/uploads\\\/2025\\\/07\\\/livestorm-logo-square-dark@2x.webp\",\"contentUrl\":\"https:\\\/\\\/zenkit.com\\\/wp-content\\\/uploads\\\/2025\\\/07\\\/livestorm-logo-square-dark@2x.webp\"},{\"@type\":\"BreadcrumbList\",\"@id\":\"https:\\\/\\\/zenkit.com\\\/de\\\/integrationen\\\/livestorm\\\/#breadcrumb\",\"itemListElement\":[{\"@type\":\"ListItem\",\"position\":1,\"name\":\"Home\",\"item\":\"https:\\\/\\\/zenkit.com\\\/de\\\/\"},{\"@type\":\"ListItem\",\"position\":2,\"name\":\"Integrationen\",\"item\":\"https:\\\/\\\/zenkit.com\\\/de\\\/integrationen\\\/\"},{\"@type\":\"ListItem\",\"position\":3,\"name\":\"Livestorm\"}]},{\"@type\":\"WebSite\",\"@id\":\"https:\\\/\\\/zenkit.com\\\/de\\\/#website\",\"url\":\"https:\\\/\\\/zenkit.com\\\/de\\\/\",\"name\":\"Zenkit\",\"description\":\"Zenkit Tagline\",\"potentialAction\":[{\"@type\":\"SearchAction\",\"target\":{\"@type\":\"EntryPoint\",\"urlTemplate\":\"https:\\\/\\\/zenkit.com\\\/de\\\/?s={search_term_string}\"},\"query-input\":{\"@type\":\"PropertyValueSpecification\",\"valueRequired\":true,\"valueName\":\"search_term_string\"}}],\"inLanguage\":\"de\"},false]}<\/script>\n<!-- \/ Yoast SEO plugin. -->","yoast_head_json":{"title":"Livestorm | Zenkit","robots":{"index":"index","follow":"follow","max-snippet":"max-snippet:-1","max-image-preview":"max-image-preview:large","max-video-preview":"max-video-preview:-1"},"canonical":"https:\/\/zenkit.com\/de\/integrationen\/livestorm\/","og_locale":"de_DE","og_type":"article","og_title":"Livestorm | Zenkit","og_description":"Webinar Integrationen Livestorm und Zenkit Die Integration von Livestorm in Zenkit bietet eine leistungsstarke Kombination, die es Nutzern erm\u00f6glicht, ihre Online-Events und Webinare nahtlos mit ihren Projektmanagement- und Kollaborationsprozessen zu verbinden. Durch die Integration dieser beiden Plattformen k\u00f6nnen Nutzer ihre Arbeitsabl\u00e4ufe optimieren, indem sie Event-Daten direkt in ihre Projektmanagement-Umgebung einflie\u00dfen lassen, Aufgaben und Follow-ups automatisch [&hellip;]","og_url":"https:\/\/zenkit.com\/de\/integrationen\/livestorm\/","og_site_name":"Zenkit","article_publisher":"https:\/\/www.facebook.com\/ZenkitHQ","article_modified_time":"2025-11-04T05:53:16+00:00","og_image":[{"url":"https:\/\/zenkit.com\/wp-content\/uploads\/2025\/07\/livestorm-logo-square-dark@2x.webp","type":"","width":"","height":""}],"twitter_card":"summary_large_image","twitter_site":"@ZenkitHQ","twitter_misc":{"Gesch\u00e4tzte Lesezeit":"2\u00a0Minuten"},"schema":{"@context":"https:\/\/schema.org","@graph":[{"@type":"WebPage","@id":"https:\/\/zenkit.com\/de\/integrationen\/livestorm\/","url":"https:\/\/zenkit.com\/de\/integrationen\/livestorm\/","name":"Livestorm | Zenkit","isPartOf":{"@id":"https:\/\/zenkit.com\/de\/#website"},"primaryImageOfPage":{"@id":"https:\/\/zenkit.com\/de\/integrationen\/livestorm\/#primaryimage"},"image":{"@id":"https:\/\/zenkit.com\/de\/integrationen\/livestorm\/#primaryimage"},"thumbnailUrl":"https:\/\/zenkit.com\/wp-content\/uploads\/2025\/07\/livestorm-logo-square-dark@2x.webp","datePublished":"2025-07-27T16:43:10+00:00","dateModified":"2025-11-04T05:53:16+00:00","breadcrumb":{"@id":"https:\/\/zenkit.com\/de\/integrationen\/livestorm\/#breadcrumb"},"inLanguage":"de","potentialAction":[{"@type":"ReadAction","target":["https:\/\/zenkit.com\/de\/integrationen\/livestorm\/"]}]},{"@type":"ImageObject","inLanguage":"de","@id":"https:\/\/zenkit.com\/de\/integrationen\/livestorm\/#primaryimage","url":"https:\/\/zenkit.com\/wp-content\/uploads\/2025\/07\/livestorm-logo-square-dark@2x.webp","contentUrl":"https:\/\/zenkit.com\/wp-content\/uploads\/2025\/07\/livestorm-logo-square-dark@2x.webp"},{"@type":"BreadcrumbList","@id":"https:\/\/zenkit.com\/de\/integrationen\/livestorm\/#breadcrumb","itemListElement":[{"@type":"ListItem","position":1,"name":"Home","item":"https:\/\/zenkit.com\/de\/"},{"@type":"ListItem","position":2,"name":"Integrationen","item":"https:\/\/zenkit.com\/de\/integrationen\/"},{"@type":"ListItem","position":3,"name":"Livestorm"}]},{"@type":"WebSite","@id":"https:\/\/zenkit.com\/de\/#website","url":"https:\/\/zenkit.com\/de\/","name":"Zenkit","description":"Zenkit Tagline","potentialAction":[{"@type":"SearchAction","target":{"@type":"EntryPoint","urlTemplate":"https:\/\/zenkit.com\/de\/?s={search_term_string}"},"query-input":{"@type":"PropertyValueSpecification","valueRequired":true,"valueName":"search_term_string"}}],"inLanguage":"de"},false]}},"yasr_visitor_votes":{"stars_attributes":{"read_only":false,"span_bottom":false},"number_of_votes":0,"sum_votes":0},"_links":{"self":[{"href":"https:\/\/zenkit.com\/de\/wp-json\/wp\/v2\/pages\/122850","targetHints":{"allow":["GET"]}}],"collection":[{"href":"https:\/\/zenkit.com\/de\/wp-json\/wp\/v2\/pages"}],"about":[{"href":"https:\/\/zenkit.com\/de\/wp-json\/wp\/v2\/types\/page"}],"author":[{"embeddable":true,"href":"https:\/\/zenkit.com\/de\/wp-json\/wp\/v2\/users\/9"}],"replies":[{"embeddable":true,"href":"https:\/\/zenkit.com\/de\/wp-json\/wp\/v2\/comments?post=122850"}],"version-history":[{"count":2,"href":"https:\/\/zenkit.com\/de\/wp-json\/wp\/v2\/pages\/122850\/revisions"}],"predecessor-version":[{"id":151011,"href":"https:\/\/zenkit.com\/de\/wp-json\/wp\/v2\/pages\/122850\/revisions\/151011"}],"up":[{"embeddable":true,"href":"https:\/\/zenkit.com\/de\/wp-json\/wp\/v2\/pages\/67564"}],"wp:attachment":[{"href":"https:\/\/zenkit.com\/de\/wp-json\/wp\/v2\/media?parent=122850"}],"curies":[{"name":"wp","href":"https:\/\/api.w.org\/{rel}","templated":true}]}}