{"id":125870,"date":"2025-08-02T14:18:39","date_gmt":"2025-08-02T12:18:39","guid":{"rendered":"https:\/\/zenkit.com\/?page_id=125870"},"modified":"2025-11-04T06:53:16","modified_gmt":"2025-11-04T05:53:16","slug":"google-sheets","status":"publish","type":"page","link":"https:\/\/zenkit.com\/de\/integrationen\/google-sheets\/","title":{"rendered":"Google Sheets"},"content":{"rendered":"\n<div style=\"height:45px;--tablet-height:45px;--mobile-height:16px\" class=\"wp-block-lookeen-blocks-responsive-spacer\"><\/div>\n\n\n\n<div class=\"wp-block-group has-global-padding is-layout-constrained wp-block-group-is-layout-constrained\">\n<div class=\"wp-block-columns is-layout-flex wp-container-core-columns-is-layout-467d341d wp-block-columns-is-layout-flex\" id=\"main__integrations\" style=\"margin-top:0px;margin-bottom:0px\">\n<div class=\"wp-block-column side__bar__integrations is-layout-flow wp-block-column-is-layout-flow\" style=\"flex-basis:23%\">\n<h2 class=\"wp-block-heading has-da-blue-color-new has-text-color has-link-color wp-elements-23940834da46aca180649659fe90e677\" style=\"margin-top:0px;margin-bottom:0px;font-size:16px;line-height:1.5\">Office Integrationen<\/h2>\n\n\n<nav class=\"is-vertical integrations__menu wp-block-navigation is-layout-flex wp-container-core-navigation-is-layout-5f9f5280 wp-block-navigation-is-layout-flex\" aria-label=\"de-office-integrations\"><ul class=\"wp-block-navigation__container  is-vertical integrations__menu wp-block-navigation\"><li class=\" wp-block-navigation-item wp-block-navigation-link\"><a class=\"wp-block-navigation-item__content\"  href=\"https:\/\/zenkit.com\/de\/integrationen\/google-kalendar\/\"><span class=\"wp-block-navigation-item__label\">Google Kalendar<\/span><\/a><\/li><li class=\" wp-block-navigation-item wp-block-navigation-link\"><a class=\"wp-block-navigation-item__content\"  href=\"https:\/\/zenkit.com\/de\/integrationen\/google-sheets\/\"><span class=\"wp-block-navigation-item__label\">Google Sheets<\/span><\/a><\/li><\/ul><\/nav><\/div>\n\n\n\n<div class=\"wp-block-column content__integrations is-layout-flow wp-block-column-is-layout-flow\" style=\"flex-basis:77%\">\n<div class=\"wp-block-group title is-layout-flex wp-container-core-group-is-layout-ed4b00df wp-block-group-is-layout-flex\">\n<figure class=\"wp-block-image size-full is-resized\"><img loading=\"lazy\" decoding=\"async\" width=\"128\" height=\"128\" src=\"https:\/\/zenkit.com\/wp-content\/uploads\/2025\/07\/google-sheets-logo.webp\" alt=\"\" class=\"wp-image-118423\" style=\"width:auto;height:46px\"\/><\/figure>\n\n\n\n<h1 class=\"wp-block-heading\">Google Sheets und Zenkit<\/h1>\n<\/div>\n\n\n\n<div class=\"wp-block-group has-global-padding is-layout-constrained wp-block-group-is-layout-constrained\">\n<p>Synchronisieren Sie Zenkit und Google Sheets, um jederzeit auf Ihre Dateien zugreifen und diese bearbeiten zu k\u00f6nnen.<\/p>\n<\/div>\n\n\n\n<div style=\"height:48px;--tablet-height:36px;--mobile-height:24px\" class=\"wp-block-lookeen-blocks-responsive-spacer\"><\/div>\n\n\n\n<div class=\"wp-block-group has-global-padding is-layout-constrained wp-container-core-group-is-layout-1026f38c wp-block-group-is-layout-constrained\">\n<figure class=\"wp-block-image size-full\" style=\"margin-top:0px;margin-bottom:0px\"><img loading=\"lazy\" decoding=\"async\" width=\"750\" height=\"300\" src=\"https:\/\/zenkit.com\/wp-content\/uploads\/2025\/07\/Zenkit-and-google-sheets-5.webp\" alt=\"\" class=\"wp-image-118434\" srcset=\"https:\/\/zenkit.com\/wp-content\/uploads\/2025\/07\/Zenkit-and-google-sheets-5.webp 750w, https:\/\/zenkit.com\/wp-content\/uploads\/2025\/07\/Zenkit-and-google-sheets-5-300x120.webp 300w\" sizes=\"auto, (max-width: 750px) 100vw, 750px\" \/><\/figure>\n<\/div>\n\n\n\n<div style=\"height:48px;--tablet-height:36px;--mobile-height:24px\" class=\"wp-block-lookeen-blocks-responsive-spacer\"><\/div>\n\n\n\n<div class=\"wp-block-group has-global-padding is-layout-constrained wp-block-group-is-layout-constrained\">\n<h3 class=\"wp-block-heading display-h2\">\u00dcber Google Sheets<\/h3>\n\n\n\n<p>Google Sheets ist eine kostenlose Online-Tabellenkalkulation, mit der Sie online Tabellen erstellen, bearbeiten und zusammenarbeiten k\u00f6nnen. Diese Zapier-Integration verkn\u00fcpft Google Sheets mit Zenkit, sodass Sie Ihre Daten automatisch sichern, Tabellen und Projekte aktualisieren k\u00f6nnen, wenn Informationen ge\u00e4ndert werden, und vieles mehr. Sparen Sie Zeit und Ressourcen, indem Sie regelm\u00e4\u00dfige Daten\u00fcbertragungen automatisieren, damit Sie sich auf die Arbeit konzentrieren k\u00f6nnen, die wichtig ist.<\/p>\n<\/div>\n\n\n\n<div style=\"height:48px;--tablet-height:36px;--mobile-height:24px\" class=\"wp-block-lookeen-blocks-responsive-spacer\"><\/div>\n\n\n\n<div class=\"wp-block-group has-global-padding is-layout-constrained wp-block-group-is-layout-constrained\">\n<h3 class=\"wp-block-heading display-h2\">About Zenkit<\/h3>\n\n\n\n<p>Zenkit ist eine Softwarel\u00f6sung f\u00fcr agiles und klassisches Projektmanagment. Sie bietet Funktionen f\u00fcr die Zusammenarbeit in Echtzeit, intelligente Ansichten, Berichte und Ressourcenplanung, die Ihrem Team echte Fortschritte erm\u00f6glichen. Mit einem Klick k\u00f6nnen Sie Ihre Projekte in verschiedenen Ansichten anzeigen lassen, darunter Kanban, Gantt-Diagramm, Tabelle, Mind Map, Hierarchie, Liste und Kalender. Sie k\u00f6nnen auf Zenkit auf fast jeder Plattform zugreifen \u2013 einschlie\u00dflich Web-, Windows-, Linux- und MacOS-Anwendungen sowie mobile Versionen f\u00fcr Android- und iOS-Ger\u00e4te.<br>Als Teil der Zenkit Suite l\u00e4sst sich Zenkit nahtlos mit allen anderen Produkten der Zenkit Suite integrieren.<\/p>\n\n\n\n<p>Weitere Informationen finden Sie unter&nbsp;<a href=\"https:\/\/zenkit.com\/\">https:\/\/zenkit.com\/<\/a>.<\/p>\n<\/div>\n\n\n\n<div style=\"height:48px;--tablet-height:36px;--mobile-height:24px\" class=\"wp-block-lookeen-blocks-responsive-spacer\"><\/div>\n\n\n\n<div class=\"wp-block-group has-global-padding is-layout-constrained wp-block-group-is-layout-constrained\">\n<h3 class=\"wp-block-heading display-h2\">Synchronisieren Sie Google Sheets und Zenkit<\/h3>\n\n\n\n<ol class=\"wp-block-list  list__style__position-inside\">\n<li>Loggen Sie sich in Ihren\u00a0<a href=\"https:\/\/accounts.google.com\/signup\/v2?hl=en&amp;flowName=GlifWebSignIn&amp;flowEntry=SignUp\" target=\"_blank\" rel=\"noreferrer noopener\">Google Account<\/a>\u00a0ein.<\/li>\n\n\n\n<li>Loggen Sie sich in Ihren\u00a0<a href=\"https:\/\/zapier.com\/sign-up\/\" target=\"_blank\" rel=\"noreferrer noopener\">Zapier Account<\/a>\u00a0ein und \u00f6ffnen Sie\u00a0<a href=\"https:\/\/zapier.com\/zapbook\/zenkit\/google-sheets\" target=\"_blank\" rel=\"noreferrer noopener\">Zenkit + Google Sheets Zapbook<\/a>, um Zap Vorlagen zu finden.<\/li>\n\n\n\n<li>Wahlweise k\u00f6nnen Sie auch eigene Zenkit und Google Sheets Integrationen nutzen, indem Sie ein neues Zap erstellen.<\/li>\n<\/ol>\n<\/div>\n\n\n\n<div style=\"height:48px;--tablet-height:36px;--mobile-height:24px\" class=\"wp-block-lookeen-blocks-responsive-spacer\"><\/div>\n\n\n\n<div class=\"wp-block-group has-global-padding is-layout-constrained wp-block-group-is-layout-constrained\">\n<h3 class=\"wp-block-heading display-h2\">Integrationsempfehlungen<\/h3>\n\n\n\n<script type=\"text\/javascript\" src=\"https:\/\/zapier.com\/zapbook\/embed\/widget.js?guided_zaps=15909\"><\/script>\n\n\n\n<div style=\"margin-top:0px;margin-bottom:0px;height:24px\" aria-hidden=\"true\" class=\"wp-block-spacer\"><\/div>\n\n\n\n<script type=\"text\/javascript\" src=\"https:\/\/zapier.com\/zapbook\/embed\/widget.js?guided_zaps=15711\"><\/script>\n\n\n\n<div style=\"margin-top:0px;margin-bottom:0px;height:24px\" aria-hidden=\"true\" class=\"wp-block-spacer\"><\/div>\n\n\n\n<script type=\"text\/javascript\" src=\"https:\/\/zapier.com\/zapbook\/embed\/widget.js?guided_zaps=15895\"><\/script>\n<\/div>\n\n\n\n<div style=\"height:48px;--tablet-height:36px;--mobile-height:24px\" class=\"wp-block-lookeen-blocks-responsive-spacer\"><\/div>\n\n\n\n<div class=\"wp-block-group has-global-padding is-layout-constrained wp-block-group-is-layout-constrained\">\n<h3 class=\"wp-block-heading display-h2\">Support<\/h3>\n\n\n\n<p>Diese Integration wird durch Zapier unterst\u00fctzt. Bitte wenden Sie sich bei Problemen an den\u00a0<a href=\"https:\/\/zapier.com\/app\/contact-us\" target=\"_blank\" rel=\"noreferrer noopener\">Zapier-Support<\/a>. Weitere Informationen zur Verbindung von Zenkit mit Zapier finden Sie in unserer\u00a0<a href=\"https:\/\/help.zenkit.com\/de\/support\/solutions\" target=\"_blank\" rel=\"noreferrer noopener\">Dokumentation<\/a>.<\/p>\n\n\n\n<p><\/p>\n<\/div>\n<\/div>\n<\/div>\n<\/div>\n\n\n\n<div style=\"height:110px;--tablet-height:60px;--mobile-height:48px\" class=\"wp-block-lookeen-blocks-responsive-spacer\"><\/div>\n","protected":false},"excerpt":{"rendered":"<p>Office Integrationen Google Sheets und Zenkit Synchronisieren Sie Zenkit und Google Sheets, um jederzeit auf Ihre Dateien zugreifen und diese bearbeiten zu k\u00f6nnen. \u00dcber Google Sheets Google Sheets ist eine kostenlose Online-Tabellenkalkulation, mit der Sie online Tabellen erstellen, bearbeiten und zusammenarbeiten k\u00f6nnen. Diese Zapier-Integration verkn\u00fcpft Google Sheets mit Zenkit, sodass Sie Ihre Daten automatisch sichern, [&hellip;]<\/p>\n","protected":false},"author":9,"featured_media":0,"parent":67564,"menu_order":34,"comment_status":"closed","ping_status":"closed","template":"","meta":{"yasr_overall_rating":0,"yasr_post_is_review":"","yasr_auto_insert_disabled":"","yasr_review_type":"","footnotes":""},"class_list":["post-125870","page","type-page","status-publish","hentry"],"yoast_head":"<!-- This site is optimized with the Yoast SEO plugin v27.3 - https:\/\/yoast.com\/product\/yoast-seo-wordpress\/ -->\n<title>Google Sheets | Zenkit<\/title>\n<meta name=\"robots\" content=\"index, follow, max-snippet:-1, max-image-preview:large, max-video-preview:-1\" \/>\n<link rel=\"canonical\" href=\"https:\/\/zenkit.com\/de\/integrationen\/google-sheets\/\" \/>\n<meta property=\"og:locale\" content=\"de_DE\" \/>\n<meta property=\"og:type\" content=\"article\" \/>\n<meta property=\"og:title\" content=\"Google Sheets | Zenkit\" \/>\n<meta property=\"og:description\" content=\"Office Integrationen Google Sheets und Zenkit Synchronisieren Sie Zenkit und Google Sheets, um jederzeit auf Ihre Dateien zugreifen und diese bearbeiten zu k\u00f6nnen. \u00dcber Google Sheets Google Sheets ist eine kostenlose Online-Tabellenkalkulation, mit der Sie online Tabellen erstellen, bearbeiten und zusammenarbeiten k\u00f6nnen. Diese Zapier-Integration verkn\u00fcpft Google Sheets mit Zenkit, sodass Sie Ihre Daten automatisch sichern, [&hellip;]\" \/>\n<meta property=\"og:url\" content=\"https:\/\/zenkit.com\/de\/integrationen\/google-sheets\/\" \/>\n<meta property=\"og:site_name\" content=\"Zenkit\" \/>\n<meta property=\"article:publisher\" content=\"https:\/\/www.facebook.com\/ZenkitHQ\" \/>\n<meta property=\"article:modified_time\" content=\"2025-11-04T05:53:16+00:00\" \/>\n<meta property=\"og:image\" content=\"https:\/\/zenkit.com\/wp-content\/uploads\/2025\/07\/google-sheets-logo.webp\" \/>\n<meta name=\"twitter:card\" content=\"summary_large_image\" \/>\n<meta name=\"twitter:site\" content=\"@ZenkitHQ\" \/>\n<meta name=\"twitter:label1\" content=\"Gesch\u00e4tzte Lesezeit\" \/>\n\t<meta name=\"twitter:data1\" content=\"1\u00a0Minute\" \/>\n<script type=\"application\/ld+json\" class=\"yoast-schema-graph\">{\"@context\":\"https:\\\/\\\/schema.org\",\"@graph\":[{\"@type\":\"WebPage\",\"@id\":\"https:\\\/\\\/zenkit.com\\\/de\\\/integrationen\\\/google-sheets\\\/\",\"url\":\"https:\\\/\\\/zenkit.com\\\/de\\\/integrationen\\\/google-sheets\\\/\",\"name\":\"Google Sheets | Zenkit\",\"isPartOf\":{\"@id\":\"https:\\\/\\\/zenkit.com\\\/de\\\/#website\"},\"primaryImageOfPage\":{\"@id\":\"https:\\\/\\\/zenkit.com\\\/de\\\/integrationen\\\/google-sheets\\\/#primaryimage\"},\"image\":{\"@id\":\"https:\\\/\\\/zenkit.com\\\/de\\\/integrationen\\\/google-sheets\\\/#primaryimage\"},\"thumbnailUrl\":\"https:\\\/\\\/zenkit.com\\\/wp-content\\\/uploads\\\/2025\\\/07\\\/google-sheets-logo.webp\",\"datePublished\":\"2025-08-02T12:18:39+00:00\",\"dateModified\":\"2025-11-04T05:53:16+00:00\",\"breadcrumb\":{\"@id\":\"https:\\\/\\\/zenkit.com\\\/de\\\/integrationen\\\/google-sheets\\\/#breadcrumb\"},\"inLanguage\":\"de\",\"potentialAction\":[{\"@type\":\"ReadAction\",\"target\":[\"https:\\\/\\\/zenkit.com\\\/de\\\/integrationen\\\/google-sheets\\\/\"]}]},{\"@type\":\"ImageObject\",\"inLanguage\":\"de\",\"@id\":\"https:\\\/\\\/zenkit.com\\\/de\\\/integrationen\\\/google-sheets\\\/#primaryimage\",\"url\":\"https:\\\/\\\/zenkit.com\\\/wp-content\\\/uploads\\\/2025\\\/07\\\/google-sheets-logo.webp\",\"contentUrl\":\"https:\\\/\\\/zenkit.com\\\/wp-content\\\/uploads\\\/2025\\\/07\\\/google-sheets-logo.webp\"},{\"@type\":\"BreadcrumbList\",\"@id\":\"https:\\\/\\\/zenkit.com\\\/de\\\/integrationen\\\/google-sheets\\\/#breadcrumb\",\"itemListElement\":[{\"@type\":\"ListItem\",\"position\":1,\"name\":\"Home\",\"item\":\"https:\\\/\\\/zenkit.com\\\/de\\\/\"},{\"@type\":\"ListItem\",\"position\":2,\"name\":\"Integrationen\",\"item\":\"https:\\\/\\\/zenkit.com\\\/de\\\/integrationen\\\/\"},{\"@type\":\"ListItem\",\"position\":3,\"name\":\"Google Sheets\"}]},{\"@type\":\"WebSite\",\"@id\":\"https:\\\/\\\/zenkit.com\\\/de\\\/#website\",\"url\":\"https:\\\/\\\/zenkit.com\\\/de\\\/\",\"name\":\"Zenkit\",\"description\":\"Zenkit Tagline\",\"potentialAction\":[{\"@type\":\"SearchAction\",\"target\":{\"@type\":\"EntryPoint\",\"urlTemplate\":\"https:\\\/\\\/zenkit.com\\\/de\\\/?s={search_term_string}\"},\"query-input\":{\"@type\":\"PropertyValueSpecification\",\"valueRequired\":true,\"valueName\":\"search_term_string\"}}],\"inLanguage\":\"de\"},false]}<\/script>\n<!-- \/ Yoast SEO plugin. -->","yoast_head_json":{"title":"Google Sheets | Zenkit","robots":{"index":"index","follow":"follow","max-snippet":"max-snippet:-1","max-image-preview":"max-image-preview:large","max-video-preview":"max-video-preview:-1"},"canonical":"https:\/\/zenkit.com\/de\/integrationen\/google-sheets\/","og_locale":"de_DE","og_type":"article","og_title":"Google Sheets | Zenkit","og_description":"Office Integrationen Google Sheets und Zenkit Synchronisieren Sie Zenkit und Google Sheets, um jederzeit auf Ihre Dateien zugreifen und diese bearbeiten zu k\u00f6nnen. \u00dcber Google Sheets Google Sheets ist eine kostenlose Online-Tabellenkalkulation, mit der Sie online Tabellen erstellen, bearbeiten und zusammenarbeiten k\u00f6nnen. Diese Zapier-Integration verkn\u00fcpft Google Sheets mit Zenkit, sodass Sie Ihre Daten automatisch sichern, [&hellip;]","og_url":"https:\/\/zenkit.com\/de\/integrationen\/google-sheets\/","og_site_name":"Zenkit","article_publisher":"https:\/\/www.facebook.com\/ZenkitHQ","article_modified_time":"2025-11-04T05:53:16+00:00","og_image":[{"url":"https:\/\/zenkit.com\/wp-content\/uploads\/2025\/07\/google-sheets-logo.webp","type":"","width":"","height":""}],"twitter_card":"summary_large_image","twitter_site":"@ZenkitHQ","twitter_misc":{"Gesch\u00e4tzte Lesezeit":"1\u00a0Minute"},"schema":{"@context":"https:\/\/schema.org","@graph":[{"@type":"WebPage","@id":"https:\/\/zenkit.com\/de\/integrationen\/google-sheets\/","url":"https:\/\/zenkit.com\/de\/integrationen\/google-sheets\/","name":"Google Sheets | Zenkit","isPartOf":{"@id":"https:\/\/zenkit.com\/de\/#website"},"primaryImageOfPage":{"@id":"https:\/\/zenkit.com\/de\/integrationen\/google-sheets\/#primaryimage"},"image":{"@id":"https:\/\/zenkit.com\/de\/integrationen\/google-sheets\/#primaryimage"},"thumbnailUrl":"https:\/\/zenkit.com\/wp-content\/uploads\/2025\/07\/google-sheets-logo.webp","datePublished":"2025-08-02T12:18:39+00:00","dateModified":"2025-11-04T05:53:16+00:00","breadcrumb":{"@id":"https:\/\/zenkit.com\/de\/integrationen\/google-sheets\/#breadcrumb"},"inLanguage":"de","potentialAction":[{"@type":"ReadAction","target":["https:\/\/zenkit.com\/de\/integrationen\/google-sheets\/"]}]},{"@type":"ImageObject","inLanguage":"de","@id":"https:\/\/zenkit.com\/de\/integrationen\/google-sheets\/#primaryimage","url":"https:\/\/zenkit.com\/wp-content\/uploads\/2025\/07\/google-sheets-logo.webp","contentUrl":"https:\/\/zenkit.com\/wp-content\/uploads\/2025\/07\/google-sheets-logo.webp"},{"@type":"BreadcrumbList","@id":"https:\/\/zenkit.com\/de\/integrationen\/google-sheets\/#breadcrumb","itemListElement":[{"@type":"ListItem","position":1,"name":"Home","item":"https:\/\/zenkit.com\/de\/"},{"@type":"ListItem","position":2,"name":"Integrationen","item":"https:\/\/zenkit.com\/de\/integrationen\/"},{"@type":"ListItem","position":3,"name":"Google Sheets"}]},{"@type":"WebSite","@id":"https:\/\/zenkit.com\/de\/#website","url":"https:\/\/zenkit.com\/de\/","name":"Zenkit","description":"Zenkit Tagline","potentialAction":[{"@type":"SearchAction","target":{"@type":"EntryPoint","urlTemplate":"https:\/\/zenkit.com\/de\/?s={search_term_string}"},"query-input":{"@type":"PropertyValueSpecification","valueRequired":true,"valueName":"search_term_string"}}],"inLanguage":"de"},false]}},"yasr_visitor_votes":{"stars_attributes":{"read_only":false,"span_bottom":false},"number_of_votes":0,"sum_votes":0},"_links":{"self":[{"href":"https:\/\/zenkit.com\/de\/wp-json\/wp\/v2\/pages\/125870","targetHints":{"allow":["GET"]}}],"collection":[{"href":"https:\/\/zenkit.com\/de\/wp-json\/wp\/v2\/pages"}],"about":[{"href":"https:\/\/zenkit.com\/de\/wp-json\/wp\/v2\/types\/page"}],"author":[{"embeddable":true,"href":"https:\/\/zenkit.com\/de\/wp-json\/wp\/v2\/users\/9"}],"replies":[{"embeddable":true,"href":"https:\/\/zenkit.com\/de\/wp-json\/wp\/v2\/comments?post=125870"}],"version-history":[{"count":2,"href":"https:\/\/zenkit.com\/de\/wp-json\/wp\/v2\/pages\/125870\/revisions"}],"predecessor-version":[{"id":125881,"href":"https:\/\/zenkit.com\/de\/wp-json\/wp\/v2\/pages\/125870\/revisions\/125881"}],"up":[{"embeddable":true,"href":"https:\/\/zenkit.com\/de\/wp-json\/wp\/v2\/pages\/67564"}],"wp:attachment":[{"href":"https:\/\/zenkit.com\/de\/wp-json\/wp\/v2\/media?parent=125870"}],"curies":[{"name":"wp","href":"https:\/\/api.w.org\/{rel}","templated":true}]}}