{"id":15375,"date":"2018-08-16T12:15:36","date_gmt":"2018-08-16T10:15:36","guid":{"rendered":"https:\/\/zenkit.com\/?page_id=15375"},"modified":"2025-09-13T15:43:15","modified_gmt":"2025-09-13T13:43:15","slug":"newsletter-vielen-dank","status":"publish","type":"page","link":"https:\/\/zenkit.com\/de\/newsletter-vielen-dank\/","title":{"rendered":"Vielen Dank | Zenkit Newsletter"},"content":{"rendered":"\n<div class=\"wp-block-group page__header has-global-padding is-layout-constrained wp-block-group-is-layout-constrained\">\n<div class=\"wp-block-group has-global-padding is-layout-constrained wp-block-group-is-layout-constrained\">\n<div style=\"height:45px;--tablet-height:45px;--mobile-height:16px\" class=\"wp-block-lookeen-blocks-responsive-spacer\"><\/div>\n\n\n\n<div class=\"wp-block-group has-global-padding is-layout-constrained wp-block-group-is-layout-constrained\">\n<figure class=\"wp-block-image aligncenter size-full\"><img loading=\"lazy\" decoding=\"async\" width=\"500\" height=\"626\" src=\"https:\/\/zenkit.com\/wp-content\/uploads\/2025\/05\/newsletter-art-2.jpeg\" alt=\"Danke f\u00fcr Ihr Abonnement\n\" class=\"wp-image-115451\" srcset=\"https:\/\/zenkit.com\/wp-content\/uploads\/2025\/05\/newsletter-art-2.jpeg 500w, https:\/\/zenkit.com\/wp-content\/uploads\/2025\/05\/newsletter-art-2-240x300.jpeg 240w\" sizes=\"auto, (max-width: 500px) 100vw, 500px\" \/><\/figure>\n<\/div>\n<\/div>\n\n\n\n<div style=\"height:88px;--tablet-height:72px;--mobile-height:40px\" class=\"wp-block-lookeen-blocks-responsive-spacer\"><\/div>\n<\/div>\n\n\n\n<div class=\"wp-block-group page__header has-global-padding is-layout-constrained wp-block-group-is-layout-constrained\">\n<h2 class=\"wp-block-heading has-text-align-center\">Danke f\u00fcr Ihr Abonnement<\/h2>\n\n\n\n<p class=\"has-text-align-center\" style=\"margin-top:0px;margin-bottom:0px\">Wir freuen uns darauf, mit Ihnen regelm\u00e4\u00dfig die neuesten Nachrichten \u00fcber Zenkit teilen zu d\u00fcrfen. Sie erhalten ab sofort jeden Freitag eine E-Mail von uns.<\/p>\n<\/div>\n\n\n\n<div style=\"height:110px;--tablet-height:60px;--mobile-height:48px\" class=\"wp-block-lookeen-blocks-responsive-spacer\"><\/div>\n","protected":false},"excerpt":{"rendered":"<p>Danke f\u00fcr Ihr Abonnement Wir freuen uns darauf, mit Ihnen regelm\u00e4\u00dfig die neuesten Nachrichten \u00fcber Zenkit teilen zu d\u00fcrfen. Sie erhalten ab sofort jeden Freitag eine E-Mail von uns.<\/p>\n","protected":false},"author":1,"featured_media":0,"parent":0,"menu_order":8,"comment_status":"closed","ping_status":"closed","template":"","meta":{"yasr_overall_rating":0,"yasr_post_is_review":"","yasr_auto_insert_disabled":"","yasr_review_type":"","footnotes":""},"class_list":["post-15375","page","type-page","status-publish","hentry"],"yoast_head":"<!-- This site is optimized with the Yoast SEO plugin v27.3 - https:\/\/yoast.com\/product\/yoast-seo-wordpress\/ -->\n<title>Vielen Dank | Zenkit Newsletter<\/title>\n<meta name=\"description\" content=\"Vielen Dank, dass Sie den Zenkit Newsletter abonniert haben. Sie erhalten ab sofort regelm\u00e4\u00dfig die neuesten News und Updates von unserem Team.\" \/>\n<meta name=\"robots\" content=\"index, follow, max-snippet:-1, max-image-preview:large, max-video-preview:-1\" \/>\n<link rel=\"canonical\" href=\"https:\/\/zenkit.com\/de\/newsletter-vielen-dank\/\" \/>\n<meta property=\"og:locale\" content=\"de_DE\" \/>\n<meta property=\"og:type\" content=\"article\" \/>\n<meta property=\"og:title\" content=\"Vielen Dank | Zenkit Newsletter\" \/>\n<meta property=\"og:description\" content=\"Vielen Dank, dass Sie den Zenkit Newsletter abonniert haben. Sie erhalten ab sofort regelm\u00e4\u00dfig die neuesten News und Updates von unserem Team.\" \/>\n<meta property=\"og:url\" content=\"https:\/\/zenkit.com\/de\/newsletter-vielen-dank\/\" \/>\n<meta property=\"og:site_name\" content=\"Zenkit\" \/>\n<meta property=\"article:publisher\" content=\"https:\/\/www.facebook.com\/ZenkitHQ\" \/>\n<meta property=\"article:modified_time\" content=\"2025-09-13T13:43:15+00:00\" \/>\n<meta property=\"og:image\" content=\"https:\/\/zenkit.com\/wp-content\/uploads\/2025\/05\/newsletter-art-2.jpeg\" \/>\n<meta name=\"twitter:card\" content=\"summary_large_image\" \/>\n<meta name=\"twitter:site\" content=\"@ZenkitHQ\" \/>\n<script type=\"application\/ld+json\" class=\"yoast-schema-graph\">{\"@context\":\"https:\\\/\\\/schema.org\",\"@graph\":[{\"@type\":\"WebPage\",\"@id\":\"https:\\\/\\\/zenkit.com\\\/de\\\/newsletter-vielen-dank\\\/\",\"url\":\"https:\\\/\\\/zenkit.com\\\/de\\\/newsletter-vielen-dank\\\/\",\"name\":\"Vielen Dank | Zenkit Newsletter\",\"isPartOf\":{\"@id\":\"https:\\\/\\\/zenkit.com\\\/de\\\/#website\"},\"primaryImageOfPage\":{\"@id\":\"https:\\\/\\\/zenkit.com\\\/de\\\/newsletter-vielen-dank\\\/#primaryimage\"},\"image\":{\"@id\":\"https:\\\/\\\/zenkit.com\\\/de\\\/newsletter-vielen-dank\\\/#primaryimage\"},\"thumbnailUrl\":\"https:\\\/\\\/zenkit.com\\\/wp-content\\\/uploads\\\/2025\\\/05\\\/newsletter-art-2.jpeg\",\"datePublished\":\"2018-08-16T10:15:36+00:00\",\"dateModified\":\"2025-09-13T13:43:15+00:00\",\"description\":\"Vielen Dank, dass Sie den Zenkit Newsletter abonniert haben. Sie erhalten ab sofort regelm\u00e4\u00dfig die neuesten News und Updates von unserem Team.\",\"breadcrumb\":{\"@id\":\"https:\\\/\\\/zenkit.com\\\/de\\\/newsletter-vielen-dank\\\/#breadcrumb\"},\"inLanguage\":\"de\",\"potentialAction\":[{\"@type\":\"ReadAction\",\"target\":[\"https:\\\/\\\/zenkit.com\\\/de\\\/newsletter-vielen-dank\\\/\"]}]},{\"@type\":\"ImageObject\",\"inLanguage\":\"de\",\"@id\":\"https:\\\/\\\/zenkit.com\\\/de\\\/newsletter-vielen-dank\\\/#primaryimage\",\"url\":\"https:\\\/\\\/zenkit.com\\\/wp-content\\\/uploads\\\/2025\\\/05\\\/newsletter-art-2.jpeg\",\"contentUrl\":\"https:\\\/\\\/zenkit.com\\\/wp-content\\\/uploads\\\/2025\\\/05\\\/newsletter-art-2.jpeg\"},{\"@type\":\"BreadcrumbList\",\"@id\":\"https:\\\/\\\/zenkit.com\\\/de\\\/newsletter-vielen-dank\\\/#breadcrumb\",\"itemListElement\":[{\"@type\":\"ListItem\",\"position\":1,\"name\":\"Home\",\"item\":\"https:\\\/\\\/zenkit.com\\\/de\\\/\"},{\"@type\":\"ListItem\",\"position\":2,\"name\":\"Vielen Dank | Zenkit Newsletter\"}]},{\"@type\":\"WebSite\",\"@id\":\"https:\\\/\\\/zenkit.com\\\/de\\\/#website\",\"url\":\"https:\\\/\\\/zenkit.com\\\/de\\\/\",\"name\":\"Zenkit\",\"description\":\"Zenkit Tagline\",\"potentialAction\":[{\"@type\":\"SearchAction\",\"target\":{\"@type\":\"EntryPoint\",\"urlTemplate\":\"https:\\\/\\\/zenkit.com\\\/de\\\/?s={search_term_string}\"},\"query-input\":{\"@type\":\"PropertyValueSpecification\",\"valueRequired\":true,\"valueName\":\"search_term_string\"}}],\"inLanguage\":\"de\"},false]}<\/script>\n<!-- \/ Yoast SEO plugin. -->","yoast_head_json":{"title":"Vielen Dank | Zenkit Newsletter","description":"Vielen Dank, dass Sie den Zenkit Newsletter abonniert haben. Sie erhalten ab sofort regelm\u00e4\u00dfig die neuesten News und Updates von unserem Team.","robots":{"index":"index","follow":"follow","max-snippet":"max-snippet:-1","max-image-preview":"max-image-preview:large","max-video-preview":"max-video-preview:-1"},"canonical":"https:\/\/zenkit.com\/de\/newsletter-vielen-dank\/","og_locale":"de_DE","og_type":"article","og_title":"Vielen Dank | Zenkit Newsletter","og_description":"Vielen Dank, dass Sie den Zenkit Newsletter abonniert haben. Sie erhalten ab sofort regelm\u00e4\u00dfig die neuesten News und Updates von unserem Team.","og_url":"https:\/\/zenkit.com\/de\/newsletter-vielen-dank\/","og_site_name":"Zenkit","article_publisher":"https:\/\/www.facebook.com\/ZenkitHQ","article_modified_time":"2025-09-13T13:43:15+00:00","og_image":[{"url":"https:\/\/zenkit.com\/wp-content\/uploads\/2025\/05\/newsletter-art-2.jpeg","type":"","width":"","height":""}],"twitter_card":"summary_large_image","twitter_site":"@ZenkitHQ","schema":{"@context":"https:\/\/schema.org","@graph":[{"@type":"WebPage","@id":"https:\/\/zenkit.com\/de\/newsletter-vielen-dank\/","url":"https:\/\/zenkit.com\/de\/newsletter-vielen-dank\/","name":"Vielen Dank | Zenkit Newsletter","isPartOf":{"@id":"https:\/\/zenkit.com\/de\/#website"},"primaryImageOfPage":{"@id":"https:\/\/zenkit.com\/de\/newsletter-vielen-dank\/#primaryimage"},"image":{"@id":"https:\/\/zenkit.com\/de\/newsletter-vielen-dank\/#primaryimage"},"thumbnailUrl":"https:\/\/zenkit.com\/wp-content\/uploads\/2025\/05\/newsletter-art-2.jpeg","datePublished":"2018-08-16T10:15:36+00:00","dateModified":"2025-09-13T13:43:15+00:00","description":"Vielen Dank, dass Sie den Zenkit Newsletter abonniert haben. Sie erhalten ab sofort regelm\u00e4\u00dfig die neuesten News und Updates von unserem Team.","breadcrumb":{"@id":"https:\/\/zenkit.com\/de\/newsletter-vielen-dank\/#breadcrumb"},"inLanguage":"de","potentialAction":[{"@type":"ReadAction","target":["https:\/\/zenkit.com\/de\/newsletter-vielen-dank\/"]}]},{"@type":"ImageObject","inLanguage":"de","@id":"https:\/\/zenkit.com\/de\/newsletter-vielen-dank\/#primaryimage","url":"https:\/\/zenkit.com\/wp-content\/uploads\/2025\/05\/newsletter-art-2.jpeg","contentUrl":"https:\/\/zenkit.com\/wp-content\/uploads\/2025\/05\/newsletter-art-2.jpeg"},{"@type":"BreadcrumbList","@id":"https:\/\/zenkit.com\/de\/newsletter-vielen-dank\/#breadcrumb","itemListElement":[{"@type":"ListItem","position":1,"name":"Home","item":"https:\/\/zenkit.com\/de\/"},{"@type":"ListItem","position":2,"name":"Vielen Dank | Zenkit Newsletter"}]},{"@type":"WebSite","@id":"https:\/\/zenkit.com\/de\/#website","url":"https:\/\/zenkit.com\/de\/","name":"Zenkit","description":"Zenkit Tagline","potentialAction":[{"@type":"SearchAction","target":{"@type":"EntryPoint","urlTemplate":"https:\/\/zenkit.com\/de\/?s={search_term_string}"},"query-input":{"@type":"PropertyValueSpecification","valueRequired":true,"valueName":"search_term_string"}}],"inLanguage":"de"},false]}},"yasr_visitor_votes":{"stars_attributes":{"read_only":false,"span_bottom":false},"number_of_votes":0,"sum_votes":0},"_links":{"self":[{"href":"https:\/\/zenkit.com\/de\/wp-json\/wp\/v2\/pages\/15375","targetHints":{"allow":["GET"]}}],"collection":[{"href":"https:\/\/zenkit.com\/de\/wp-json\/wp\/v2\/pages"}],"about":[{"href":"https:\/\/zenkit.com\/de\/wp-json\/wp\/v2\/types\/page"}],"author":[{"embeddable":true,"href":"https:\/\/zenkit.com\/de\/wp-json\/wp\/v2\/users\/1"}],"replies":[{"embeddable":true,"href":"https:\/\/zenkit.com\/de\/wp-json\/wp\/v2\/comments?post=15375"}],"version-history":[{"count":3,"href":"https:\/\/zenkit.com\/de\/wp-json\/wp\/v2\/pages\/15375\/revisions"}],"predecessor-version":[{"id":139305,"href":"https:\/\/zenkit.com\/de\/wp-json\/wp\/v2\/pages\/15375\/revisions\/139305"}],"wp:attachment":[{"href":"https:\/\/zenkit.com\/de\/wp-json\/wp\/v2\/media?parent=15375"}],"curies":[{"name":"wp","href":"https:\/\/api.w.org\/{rel}","templated":true}]}}