{"id":19712,"date":"2018-11-19T16:12:17","date_gmt":"2018-11-19T15:12:17","guid":{"rendered":"https:\/\/zenkit.com\/affiliate\/"},"modified":"2025-03-14T08:37:16","modified_gmt":"2025-03-14T07:37:16","slug":"affiliate","status":"publish","type":"page","link":"https:\/\/zenkit.com\/de\/affiliate\/","title":{"rendered":"Affiliate"},"content":{"rendered":"\n<div class=\"wp-block-group has-global-padding is-layout-constrained wp-block-group-is-layout-constrained\">\n<div class=\"wp-block-group width--950 has-global-padding is-layout-constrained wp-block-group-is-layout-constrained\">\n<div style=\"height:45px;--tablet-height:45px;--mobile-height:16px\" class=\"wp-block-lookeen-blocks-responsive-spacer\"><\/div>\n\n\n\n<div class=\"wp-block-group has-global-padding is-layout-constrained wp-block-group-is-layout-constrained\">\n<h1 class=\"wp-block-heading has-text-align-center\" style=\"margin-bottom:8px\">Werden Sie ein Zenkit Affiliate-Partner<\/h1>\n<\/div>\n\n\n\n<div class=\"wp-block-group has-global-padding is-layout-constrained wp-block-group-is-layout-constrained\">\n<p class=\"has-text-align-center subheading\">&nbsp;Sie sind ein Fan von Zenkit und wollen sich etwas dazuverdienen?<\/p>\n<\/div>\n\n\n\n<div style=\"height:48px;--tablet-height:36px;--mobile-height:24px\" class=\"wp-block-lookeen-blocks-responsive-spacer\"><\/div>\n\n\n\n<div class=\"wp-block-group has-global-padding is-layout-constrained wp-container-core-group-is-layout-bdbfdc43 wp-block-group-is-layout-constrained\">\n<p class=\"has-text-align-center\">Unser Partnerprogramm bietet Zenkit Enthusiasten die M\u00f6glichkeit Geld zu verdienen und gleichzeitig ihr Lieblings- Projektmanagement Tool zu unterst\u00fctzen.<\/p>\n<\/div>\n<\/div>\n\n\n\n<div style=\"height:48px;--tablet-height:36px;--mobile-height:24px\" class=\"wp-block-lookeen-blocks-responsive-spacer\"><\/div>\n\n\n\n<div class=\"wp-block-group has-global-padding is-layout-constrained wp-block-group-is-layout-constrained\">\n<div class=\"wp-block-buttons is-content-justification-center is-layout-flex wp-container-core-buttons-is-layout-a89b3969 wp-block-buttons-is-layout-flex\">\n<div class=\"wp-block-button\"><a class=\"wp-block-button__link wp-element-button\" href=\"https:\/\/zenkit.com\/en\/contact-us-affiliate\">Kontaktieren Sie uns<\/a><\/div>\n<\/div>\n<\/div>\n\n\n\n<div style=\"height:88px;--tablet-height:72px;--mobile-height:40px\" class=\"wp-block-lookeen-blocks-responsive-spacer\"><\/div>\n<\/div>\n\n\n\n<div class=\"wp-block-group has-global-padding is-layout-constrained wp-block-group-is-layout-constrained\">\n<h2 class=\"wp-block-heading has-text-align-center\">Was wird geboten?<\/h2>\n\n\n\n<p class=\"has-text-align-center\">Sie erhalten eine Provision f\u00fcr jedes bezahlte Abonnement, welches andere \u00fcber Ihren Link abschlie\u00dfen.<\/p>\n\n\n\n<p class=\"has-text-align-center\">&nbsp;Wie das Programm funktioniert:<\/p>\n\n\n\n<div style=\"height:48px;--tablet-height:36px;--mobile-height:24px\" class=\"wp-block-lookeen-blocks-responsive-spacer\"><\/div>\n\n\n\n<div class=\"wp-block-group affiliate__grid has-global-padding is-layout-constrained wp-block-group-is-layout-constrained\">\n<div class=\"wp-block-group affiliate__box has-global-padding is-layout-constrained wp-block-group-is-layout-constrained\" style=\"border-radius:20px\">\n<figure class=\"wp-block-image aligncenter size-full\"><img decoding=\"async\" src=\"https:\/\/zenkit.com\/wp-content\/uploads\/2025\/01\/Die-Teilnahme-ist-kostenlos.svg\" alt=\"\" class=\"wp-image-110195\"\/><\/figure>\n\n\n\n<div class=\"wp-block-group has-global-padding is-layout-constrained wp-block-group-is-layout-constrained\" style=\"margin-bottom:4px\">\n<h3 class=\"wp-block-heading has-text-align-center card__title\">Die Teilnahme ist kostenlos!<\/h3>\n<\/div>\n\n\n\n<p class=\"has-text-align-center has-da-grey-1-color has-text-color has-link-color wp-elements-60cfe1d839a017dd576a7854bb3be591\">Die Teilnahme an unserem Partnerprogramm kostet Sie absolut nichts.<\/p>\n<\/div>\n\n\n\n<div class=\"wp-block-group affiliate__box has-global-padding is-layout-constrained wp-block-group-is-layout-constrained\" style=\"border-radius:20px\">\n<figure class=\"wp-block-image aligncenter size-full\"><img decoding=\"async\" src=\"https:\/\/zenkit.com\/wp-content\/uploads\/2025\/01\/Wir-stellen-Ihnen-Verkaufs-und-Marketingmaterialien-zur-Verfuegung.svg\" alt=\"\" class=\"wp-image-110211\"\/><\/figure>\n\n\n\n<div class=\"wp-block-group has-global-padding is-layout-constrained wp-block-group-is-layout-constrained\" style=\"margin-bottom:4px\">\n<h3 class=\"wp-block-heading has-text-align-center card__title\">Wir stellen Ihnen Verkaufs- und Marketingmaterialien zur Verf\u00fcgung.<\/h3>\n<\/div>\n\n\n\n<p class=\"has-text-align-center has-da-grey-1-color has-text-color has-link-color wp-elements-6e9c8fa1d9cfce0d36a0398f40c53b74\">Um Ihnen bei der Werbung zu helfen, stellen wir Ihnen die Materialien zur Verf\u00fcgung, die Sie ben\u00f6tigen um Ihre Website, Ihren Blog oder welche Plattform Sie auch immer nutzen m\u00f6chten, aufzupeppen.<\/p>\n<\/div>\n\n\n\n<div class=\"wp-block-group affiliate__box has-global-padding is-layout-constrained wp-block-group-is-layout-constrained\" style=\"border-radius:20px\">\n<figure class=\"wp-block-image aligncenter size-full\"><img decoding=\"async\" src=\"https:\/\/zenkit.com\/wp-content\/uploads\/2025\/01\/Und-natuerlich-ein-herausragendes-Produkt-.svg\" alt=\"\" class=\"wp-image-110231\"\/><\/figure>\n\n\n\n<div class=\"wp-block-group has-global-padding is-layout-constrained wp-block-group-is-layout-constrained\" style=\"margin-bottom:4px\">\n<h3 class=\"wp-block-heading has-text-align-center card__title\">&nbsp;Und (nat\u00fcrlich) ein herausragendes Produkt&nbsp;<\/h3>\n<\/div>\n\n\n\n<p class=\"has-text-align-center has-da-grey-1-color has-text-color has-link-color wp-elements-42a4eafb0f6a2ba156686938260b0e44\">Geben Sie Ihren Kunden die L\u00f6sung f\u00fcr Ihre organisatorischen Probleme. Ganz egal ob es das Ziel ist, den Fortschritt eines Projekts zu verfolgen oder die Zahlen zu \u00fcberpr\u00fcfen. Zenkit ist die anpassungsf\u00e4hige Plattform die die Arbeitsweise Ihrer Kunden und Leser ver\u00e4ndern wird.<\/p>\n<\/div>\n\n\n\n<div class=\"wp-block-group affiliate__box has-global-padding is-layout-constrained wp-block-group-is-layout-constrained\" style=\"border-radius:20px\">\n<figure class=\"wp-block-image aligncenter size-full\"><img decoding=\"async\" src=\"https:\/\/zenkit.com\/wp-content\/uploads\/2025\/01\/Mit-Vertrauen-und-Transparenz.svg\" alt=\"\" class=\"wp-image-110241\"\/><\/figure>\n\n\n\n<div class=\"wp-block-group has-global-padding is-layout-constrained wp-block-group-is-layout-constrained\" style=\"margin-bottom:4px\">\n<h3 class=\"wp-block-heading has-text-align-center card__title\">Mit Vertrauen und Transparenz<\/h3>\n<\/div>\n\n\n\n<p class=\"has-text-align-center has-da-grey-1-color has-text-color has-link-color wp-elements-052bc6f19d1cf4bfb16b2ea7fc3fd44f\">Die Sicherheit unserer Kunden und Partner liegt uns am Herzen, weshalb unser Ansatz in Bezug auf Privatsph\u00e4re, Sicherheit und Datenschutz mit den Zielen der DSGVO Gesetzgebung der Europ\u00e4ischen Union \u00fcbereinstimmt. Sie k\u00f6nnen Ihren Kunden versichern, dass Zenkit vollst\u00e4ndig DSGVO konform ist. Um mehr dar\u00fcber zu erfahren, besuchen Sie unsere <a href=\"https:\/\/zenkit.com\/de\/dsgvo-zenkit\/\">DSGVO-Seite<\/a>.<\/p>\n<\/div>\n<\/div>\n<\/div>\n\n\n\n<div class=\"wp-block-group has-global-padding is-layout-constrained wp-block-group-is-layout-constrained\">\n<div style=\"height:88px;--tablet-height:72px;--mobile-height:40px\" class=\"wp-block-lookeen-blocks-responsive-spacer\"><\/div>\n\n\n\n<div class=\"wp-block-group has-global-padding is-layout-constrained wp-container-core-group-is-layout-64ec6e8c wp-block-group-is-layout-constrained\">\n<p class=\"has-text-align-center has-da-grey-2-color has-text-color has-link-color wp-elements-513b765f78b6321dbc84e39976575a0d\">Wir empfehlen Ihnen dringend, dass Sie verstehen, was erwartet wird, wenn Sie unserem Programm beitreten. Einzelheiten sind in der Vereinbarung dargelegt. Bitte klicken Sie auf den untenstehenden Link.<\/p>\n\n\n\n<p class=\"has-text-align-center\"><a href=\"https:\/\/zenkit.com\/de\/affiliate-agreement\/\">Zenkit Affiliate Vereinbarung<\/a><\/p>\n<\/div>\n\n\n\n<div style=\"height:88px;--tablet-height:72px;--mobile-height:40px\" class=\"wp-block-lookeen-blocks-responsive-spacer\"><\/div>\n<\/div>\n\n\n\n<div class=\"wp-block-group has-da-blue-light-background-color has-background has-global-padding is-layout-constrained wp-block-group-is-layout-constrained\">\n<div style=\"height:80px;--tablet-height:36px;--mobile-height:26px\" class=\"wp-block-lookeen-blocks-responsive-spacer\"><\/div>\n\n\n\n<h2 class=\"wp-block-heading has-text-align-center\">Werden Sie noch heute Mitglied!<\/h2>\n\n\n\n<div class=\"wp-block-group has-global-padding is-layout-constrained wp-container-core-group-is-layout-2687bd63 wp-block-group-is-layout-constrained\">\n<p class=\"has-text-align-center has-da-grey-2-color has-text-color has-link-color wp-elements-fd5ebee80b31eb391ffec006ab92be7d\">Wenn Sie anfangen oder weitere Informationen \u00fcber unser Programm erhalten m\u00f6chten, klicken Sie auf den Link unten um Kontakt aufzunehmen.<\/p>\n<\/div>\n\n\n\n<div style=\"height:48px;--tablet-height:36px;--mobile-height:24px\" class=\"wp-block-lookeen-blocks-responsive-spacer\"><\/div>\n\n\n\n<div class=\"wp-block-group has-global-padding is-layout-constrained wp-block-group-is-layout-constrained\">\n<div class=\"wp-block-buttons is-content-justification-center is-layout-flex wp-container-core-buttons-is-layout-a89b3969 wp-block-buttons-is-layout-flex\">\n<div class=\"wp-block-button\"><a class=\"wp-block-button__link wp-element-button\" href=\"https:\/\/zenkit.com\/en\/contact-us-affiliate\">Legen Sie noch heute los!<\/a><\/div>\n<\/div>\n<\/div>\n\n\n\n<div style=\"height:80px;--tablet-height:36px;--mobile-height:26px\" class=\"wp-block-lookeen-blocks-responsive-spacer\"><\/div>\n<\/div>\n","protected":false},"excerpt":{"rendered":"<p>Werden Sie ein Zenkit Affiliate-Partner &nbsp;Sie sind ein Fan von Zenkit und wollen sich etwas dazuverdienen? Unser Partnerprogramm bietet Zenkit Enthusiasten die M\u00f6glichkeit Geld zu verdienen und gleichzeitig ihr Lieblings- Projektmanagement Tool zu unterst\u00fctzen. Was wird geboten? Sie erhalten eine Provision f\u00fcr jedes bezahlte Abonnement, welches andere \u00fcber Ihren Link abschlie\u00dfen. &nbsp;Wie das Programm funktioniert: [&hellip;]<\/p>\n","protected":false},"author":1,"featured_media":0,"parent":0,"menu_order":9,"comment_status":"closed","ping_status":"closed","template":"","meta":{"yasr_overall_rating":0,"yasr_post_is_review":"","yasr_auto_insert_disabled":"","yasr_review_type":"","footnotes":""},"class_list":["post-19712","page","type-page","status-publish","hentry"],"yoast_head":"<!-- This site is optimized with the Yoast SEO plugin v27.3 - https:\/\/yoast.com\/product\/yoast-seo-wordpress\/ -->\n<title>Affiliate | Zenkit<\/title>\n<meta name=\"description\" content=\"By joining Zenkit&#039;s affiliate partnership program, you can earn money while supporting your favorite project management tool.\" \/>\n<meta name=\"robots\" content=\"index, follow, max-snippet:-1, max-image-preview:large, max-video-preview:-1\" \/>\n<link rel=\"canonical\" href=\"https:\/\/zenkit.com\/de\/affiliate\/\" \/>\n<meta property=\"og:locale\" content=\"de_DE\" \/>\n<meta property=\"og:type\" content=\"article\" \/>\n<meta property=\"og:title\" content=\"Affiliate | Zenkit\" \/>\n<meta property=\"og:description\" content=\"By joining Zenkit&#039;s affiliate partnership program, you can earn money while supporting your favorite project management tool.\" \/>\n<meta property=\"og:url\" content=\"https:\/\/zenkit.com\/de\/affiliate\/\" \/>\n<meta property=\"og:site_name\" content=\"Zenkit\" \/>\n<meta property=\"article:publisher\" content=\"https:\/\/www.facebook.com\/ZenkitHQ\" \/>\n<meta property=\"article:modified_time\" content=\"2025-03-14T07:37:16+00:00\" \/>\n<meta property=\"og:image\" content=\"https:\/\/zenkit.com\/wp-content\/uploads\/2025\/01\/Die-Teilnahme-ist-kostenlos.svg\" \/>\n<meta name=\"twitter:card\" content=\"summary_large_image\" \/>\n<meta name=\"twitter:site\" content=\"@ZenkitHQ\" \/>\n<meta name=\"twitter:label1\" content=\"Gesch\u00e4tzte Lesezeit\" \/>\n\t<meta name=\"twitter:data1\" content=\"1\u00a0Minute\" \/>\n<script type=\"application\/ld+json\" class=\"yoast-schema-graph\">{\"@context\":\"https:\\\/\\\/schema.org\",\"@graph\":[{\"@type\":\"WebPage\",\"@id\":\"https:\\\/\\\/zenkit.com\\\/de\\\/affiliate\\\/\",\"url\":\"https:\\\/\\\/zenkit.com\\\/de\\\/affiliate\\\/\",\"name\":\"Affiliate | Zenkit\",\"isPartOf\":{\"@id\":\"https:\\\/\\\/zenkit.com\\\/de\\\/#website\"},\"primaryImageOfPage\":{\"@id\":\"https:\\\/\\\/zenkit.com\\\/de\\\/affiliate\\\/#primaryimage\"},\"image\":{\"@id\":\"https:\\\/\\\/zenkit.com\\\/de\\\/affiliate\\\/#primaryimage\"},\"thumbnailUrl\":\"https:\\\/\\\/zenkit.com\\\/wp-content\\\/uploads\\\/2025\\\/01\\\/Die-Teilnahme-ist-kostenlos.svg\",\"datePublished\":\"2018-11-19T15:12:17+00:00\",\"dateModified\":\"2025-03-14T07:37:16+00:00\",\"description\":\"By joining Zenkit's affiliate partnership program, you can earn money while supporting your favorite project management tool.\",\"breadcrumb\":{\"@id\":\"https:\\\/\\\/zenkit.com\\\/de\\\/affiliate\\\/#breadcrumb\"},\"inLanguage\":\"de\",\"potentialAction\":[{\"@type\":\"ReadAction\",\"target\":[\"https:\\\/\\\/zenkit.com\\\/de\\\/affiliate\\\/\"]}]},{\"@type\":\"ImageObject\",\"inLanguage\":\"de\",\"@id\":\"https:\\\/\\\/zenkit.com\\\/de\\\/affiliate\\\/#primaryimage\",\"url\":\"https:\\\/\\\/zenkit.com\\\/wp-content\\\/uploads\\\/2025\\\/01\\\/Die-Teilnahme-ist-kostenlos.svg\",\"contentUrl\":\"https:\\\/\\\/zenkit.com\\\/wp-content\\\/uploads\\\/2025\\\/01\\\/Die-Teilnahme-ist-kostenlos.svg\"},{\"@type\":\"BreadcrumbList\",\"@id\":\"https:\\\/\\\/zenkit.com\\\/de\\\/affiliate\\\/#breadcrumb\",\"itemListElement\":[{\"@type\":\"ListItem\",\"position\":1,\"name\":\"Home\",\"item\":\"https:\\\/\\\/zenkit.com\\\/de\\\/\"},{\"@type\":\"ListItem\",\"position\":2,\"name\":\"Affiliate\"}]},{\"@type\":\"WebSite\",\"@id\":\"https:\\\/\\\/zenkit.com\\\/de\\\/#website\",\"url\":\"https:\\\/\\\/zenkit.com\\\/de\\\/\",\"name\":\"Zenkit\",\"description\":\"Zenkit Tagline\",\"potentialAction\":[{\"@type\":\"SearchAction\",\"target\":{\"@type\":\"EntryPoint\",\"urlTemplate\":\"https:\\\/\\\/zenkit.com\\\/de\\\/?s={search_term_string}\"},\"query-input\":{\"@type\":\"PropertyValueSpecification\",\"valueRequired\":true,\"valueName\":\"search_term_string\"}}],\"inLanguage\":\"de\"},false]}<\/script>\n<!-- \/ Yoast SEO plugin. -->","yoast_head_json":{"title":"Affiliate | Zenkit","description":"By joining Zenkit's affiliate partnership program, you can earn money while supporting your favorite project management tool.","robots":{"index":"index","follow":"follow","max-snippet":"max-snippet:-1","max-image-preview":"max-image-preview:large","max-video-preview":"max-video-preview:-1"},"canonical":"https:\/\/zenkit.com\/de\/affiliate\/","og_locale":"de_DE","og_type":"article","og_title":"Affiliate | Zenkit","og_description":"By joining Zenkit's affiliate partnership program, you can earn money while supporting your favorite project management tool.","og_url":"https:\/\/zenkit.com\/de\/affiliate\/","og_site_name":"Zenkit","article_publisher":"https:\/\/www.facebook.com\/ZenkitHQ","article_modified_time":"2025-03-14T07:37:16+00:00","og_image":[{"url":"https:\/\/zenkit.com\/wp-content\/uploads\/2025\/01\/Die-Teilnahme-ist-kostenlos.svg","type":"","width":"","height":""}],"twitter_card":"summary_large_image","twitter_site":"@ZenkitHQ","twitter_misc":{"Gesch\u00e4tzte Lesezeit":"1\u00a0Minute"},"schema":{"@context":"https:\/\/schema.org","@graph":[{"@type":"WebPage","@id":"https:\/\/zenkit.com\/de\/affiliate\/","url":"https:\/\/zenkit.com\/de\/affiliate\/","name":"Affiliate | Zenkit","isPartOf":{"@id":"https:\/\/zenkit.com\/de\/#website"},"primaryImageOfPage":{"@id":"https:\/\/zenkit.com\/de\/affiliate\/#primaryimage"},"image":{"@id":"https:\/\/zenkit.com\/de\/affiliate\/#primaryimage"},"thumbnailUrl":"https:\/\/zenkit.com\/wp-content\/uploads\/2025\/01\/Die-Teilnahme-ist-kostenlos.svg","datePublished":"2018-11-19T15:12:17+00:00","dateModified":"2025-03-14T07:37:16+00:00","description":"By joining Zenkit's affiliate partnership program, you can earn money while supporting your favorite project management tool.","breadcrumb":{"@id":"https:\/\/zenkit.com\/de\/affiliate\/#breadcrumb"},"inLanguage":"de","potentialAction":[{"@type":"ReadAction","target":["https:\/\/zenkit.com\/de\/affiliate\/"]}]},{"@type":"ImageObject","inLanguage":"de","@id":"https:\/\/zenkit.com\/de\/affiliate\/#primaryimage","url":"https:\/\/zenkit.com\/wp-content\/uploads\/2025\/01\/Die-Teilnahme-ist-kostenlos.svg","contentUrl":"https:\/\/zenkit.com\/wp-content\/uploads\/2025\/01\/Die-Teilnahme-ist-kostenlos.svg"},{"@type":"BreadcrumbList","@id":"https:\/\/zenkit.com\/de\/affiliate\/#breadcrumb","itemListElement":[{"@type":"ListItem","position":1,"name":"Home","item":"https:\/\/zenkit.com\/de\/"},{"@type":"ListItem","position":2,"name":"Affiliate"}]},{"@type":"WebSite","@id":"https:\/\/zenkit.com\/de\/#website","url":"https:\/\/zenkit.com\/de\/","name":"Zenkit","description":"Zenkit Tagline","potentialAction":[{"@type":"SearchAction","target":{"@type":"EntryPoint","urlTemplate":"https:\/\/zenkit.com\/de\/?s={search_term_string}"},"query-input":{"@type":"PropertyValueSpecification","valueRequired":true,"valueName":"search_term_string"}}],"inLanguage":"de"},false]}},"yasr_visitor_votes":{"stars_attributes":{"read_only":false,"span_bottom":false},"number_of_votes":0,"sum_votes":0},"_links":{"self":[{"href":"https:\/\/zenkit.com\/de\/wp-json\/wp\/v2\/pages\/19712","targetHints":{"allow":["GET"]}}],"collection":[{"href":"https:\/\/zenkit.com\/de\/wp-json\/wp\/v2\/pages"}],"about":[{"href":"https:\/\/zenkit.com\/de\/wp-json\/wp\/v2\/types\/page"}],"author":[{"embeddable":true,"href":"https:\/\/zenkit.com\/de\/wp-json\/wp\/v2\/users\/1"}],"replies":[{"embeddable":true,"href":"https:\/\/zenkit.com\/de\/wp-json\/wp\/v2\/comments?post=19712"}],"version-history":[{"count":32,"href":"https:\/\/zenkit.com\/de\/wp-json\/wp\/v2\/pages\/19712\/revisions"}],"predecessor-version":[{"id":110522,"href":"https:\/\/zenkit.com\/de\/wp-json\/wp\/v2\/pages\/19712\/revisions\/110522"}],"wp:attachment":[{"href":"https:\/\/zenkit.com\/de\/wp-json\/wp\/v2\/media?parent=19712"}],"curies":[{"name":"wp","href":"https:\/\/api.w.org\/{rel}","templated":true}]}}