{"id":31302,"date":"2019-03-20T09:14:44","date_gmt":"2019-03-20T08:14:44","guid":{"rendered":"https:\/\/zenkit.com\/security-practices\/"},"modified":"2025-11-04T06:53:10","modified_gmt":"2025-11-04T05:53:10","slug":"sicherheits-massnahmen","status":"publish","type":"page","link":"https:\/\/zenkit.com\/de\/sicherheits-massnahmen\/","title":{"rendered":"Sicherheitsma\u00dfnahmen"},"content":{"rendered":"\n<div class=\"wp-block-group has-global-padding is-layout-constrained wp-block-group-is-layout-constrained\">\n<div class=\"wp-block-group width--950 has-global-padding is-layout-constrained wp-block-group-is-layout-constrained\">\n<div style=\"height:45px;--tablet-height:45px;--mobile-height:16px\" class=\"wp-block-lookeen-blocks-responsive-spacer\"><\/div>\n\n\n\n<div class=\"wp-block-group has-global-padding is-layout-constrained wp-block-group-is-layout-constrained\">\n<h1 class=\"wp-block-heading has-text-align-center\" style=\"margin-bottom:8px\">Datensicherheit bei Zenkit<\/h1>\n<\/div>\n\n\n\n<div class=\"wp-block-group has-global-padding is-layout-constrained wp-block-group-is-layout-constrained\">\n<p class=\"has-text-align-center subheading\">Wir nutzen Zenkit Selbst jeden Tag<\/p>\n<\/div>\n\n\n\n<div style=\"height:48px;--tablet-height:36px;--mobile-height:24px\" class=\"wp-block-lookeen-blocks-responsive-spacer\"><\/div>\n\n\n\n<div class=\"wp-block-group has-global-padding is-layout-constrained wp-container-core-group-is-layout-9235c805 wp-block-group-is-layout-constrained\">\n<p class=\"has-text-align-center\">Wir nutzen Zenkit selbst jeden Tag, um mit Ihnen, unserem Kunden, zu kommunizieren und so unser Tool stetig weiterzuentwickeln. Wir legen h\u00f6chsten Wert darauf, die in Zenkit hinterlegten Daten zu sch\u00fctzen. Denn: Sind Ihre Daten in Gefahr, schaden wir uns auch selbst.&nbsp;Ihre&nbsp;und&nbsp;unsere&nbsp;Daten sicher zu hinterlegen ist f\u00fcr uns daher von h\u00f6chster Priorit\u00e4t.<\/p>\n<\/div>\n<\/div>\n\n\n\n<div style=\"height:48px;--tablet-height:36px;--mobile-height:24px\" class=\"wp-block-lookeen-blocks-responsive-spacer\"><\/div>\n<\/div>\n\n\n\n<div class=\"wp-block-group has-global-padding is-layout-constrained wp-block-group-is-layout-constrained\">\n<div class=\"wp-block-group affiliate__grid has-global-padding is-layout-constrained wp-block-group-is-layout-constrained\">\n<div class=\"wp-block-group affiliate__box has-global-padding is-layout-constrained wp-block-group-is-layout-constrained\" style=\"border-radius:20px\">\n<figure class=\"wp-block-image aligncenter size-full\"><img decoding=\"async\" src=\"https:\/\/zenkit.com\/wp-content\/uploads\/2025\/01\/Zenkit-Web-App.svg\" alt=\"\" class=\"wp-image-110270\"\/><\/figure>\n\n\n\n<div class=\"wp-block-group has-global-padding is-layout-constrained wp-block-group-is-layout-constrained\" style=\"margin-bottom:4px\">\n<h3 class=\"wp-block-heading has-text-align-center card__title\">Zenkit Web App: Sicher und risikofrei<\/h3>\n<\/div>\n\n\n\n<p class=\"has-text-align-center has-da-grey-1-color has-text-color has-link-color wp-elements-2c69c5bbeabc4bd9543a90d80904ce83\">Wir erstellen t\u00e4glich automatische Back-Ups aller Zenkit Daten. Zenkit nutzt die in Frankfurt stationierten Amazon Web Services. Um konform zur <a href=\"https:\/\/zenkit.com\/de\/dsgvo-zenkit\/\">DSGVO <\/a>und dem <a href=\"https:\/\/en.wikipedia.org\/wiki\/Federal_Commissioner_for_Data_Protection_and_Freedom_of_Information\" target=\"_blank\" rel=\"noreferrer noopener\">BDSG <\/a>agieren zu k\u00f6nnen, haben wir ein Data Processing Agreement (DPA) mit unseren externen Datenverarbeitern abgeschlossen. Wir werden diesen Regularien vollst\u00e4ndig gerecht. Besuchen Sie unsere <a href=\"https:\/\/zenkit.com\/de\/dsgvo-zenkit\/\">DSGVO Seite<\/a>, um mehr dar\u00fcber zu erfahren.<\/p>\n<\/div>\n\n\n\n<div class=\"wp-block-group affiliate__box has-global-padding is-layout-constrained wp-block-group-is-layout-constrained\" style=\"border-radius:20px\">\n<figure class=\"wp-block-image aligncenter size-full\"><img decoding=\"async\" src=\"https:\/\/zenkit.com\/wp-content\/uploads\/2025\/01\/Sicherheit-in-Zenkits-Datenzentren.svg\" alt=\"\" class=\"wp-image-110280\"\/><\/figure>\n\n\n\n<div class=\"wp-block-group has-global-padding is-layout-constrained wp-block-group-is-layout-constrained\" style=\"margin-bottom:4px\">\n<h3 class=\"wp-block-heading has-text-align-center card__title\">Sicherheit in Zenkits Datenzentren<\/h3>\n<\/div>\n\n\n\n<p class=\"has-text-align-center has-da-grey-1-color has-text-color has-link-color wp-elements-39113495bff0440be390ef8aecb22e23\">Amazon Web Services (RDS &amp; S3, Vertragspartner AWS Luxemburg) verf\u00fcgt \u00fcber ein stabiles, sicheres physisches Sicherheitsprogramm, das \u00fcber mehrere Zertifikationen verf\u00fcgt (bspw. SSAE 16 und ISO27001). Um mehr \u00fcber Amazons Sicherheitsprozesse zu erfahren, besuchen Sie bitte <a href=\"https:\/\/aws.amazon.com\/security\/\" target=\"_blank\" rel=\"noreferrer noopener\">aws.amazon.com\/security<\/a>.<\/p>\n<\/div>\n<\/div>\n<\/div>\n\n\n\n<div class=\"wp-block-group has-global-padding is-layout-constrained wp-block-group-is-layout-constrained\">\n<div style=\"height:88px;--tablet-height:72px;--mobile-height:40px\" class=\"wp-block-lookeen-blocks-responsive-spacer\"><\/div>\n\n\n\n<div class=\"wp-block-columns is-layout-flex wp-container-core-columns-is-layout-2eb748b2 wp-block-columns-is-layout-flex\" style=\"margin-top:0px;margin-bottom:0px\">\n<div class=\"wp-block-column is-layout-flow wp-block-column-is-layout-flow\">\n<h2 class=\"wp-block-heading\">Verschl\u00fcsselung<\/h2>\n\n\n\n<ul class=\"wp-block-list is-style-da-left-indent\">\n<li>Webverbindungen sind durch TLS 1.2 gesch\u00fctzt<\/li>\n\n\n\n<li>Unsichere Verbindungen sind bei Gebrauch von TLS 1.0 oder darunter, sowie bei RC4 nicht erlaubt<\/li>\n\n\n\n<li>Daten werden im Ruhezustand verschl\u00fcsselt<\/li>\n\n\n\n<li>Alle Passw\u00f6rter werden verschl\u00fcsselt<\/li>\n<\/ul>\n<\/div>\n\n\n\n<div class=\"wp-block-column is-layout-flow wp-block-column-is-layout-flow\">\n<h2 class=\"wp-block-heading\">Sicherheitsfunktionen<\/h2>\n\n\n\n<ul class=\"wp-block-list is-style-da-left-indent\">\n<li>Gast-Zugriffe sind verboten. Jeder Nutzer ben\u00f6tigt ein eigenes Konto, um auf Zenkit zugreifen zu k\u00f6nnen<\/li>\n\n\n\n<li>Externer Dateien-Austausch ist verboten \u2013 Links zu Dateien sind nicht teilbar.<\/li>\n\n\n\n<li>Google 2FA, sowie native Autorisierung wird unterst\u00fctzt<\/li>\n<\/ul>\n<\/div>\n<\/div>\n<\/div>\n\n\n\n<div class=\"wp-block-group has-global-padding is-layout-constrained wp-block-group-is-layout-constrained\">\n<div style=\"height:88px;--tablet-height:72px;--mobile-height:40px\" class=\"wp-block-lookeen-blocks-responsive-spacer\"><\/div>\n\n\n\n<h2 class=\"wp-block-heading has-text-align-center has-da-blue-color-new has-text-color has-link-color wp-elements-33211b7818629189983cf5b7d8b7c894\">Ihre Daten geh\u00f6ren Ihnen<\/h2>\n\n\n\n<div class=\"wp-block-group has-global-padding is-layout-constrained wp-container-core-group-is-layout-64ec6e8c wp-block-group-is-layout-constrained\">\n<p class=\"has-text-align-center has-da-grey-2-color has-text-color has-link-color wp-elements-6b7db12b63f846a657c829041119aeac\">Wir wissen, dass viele Unternehmen&nbsp; Kundendaten sammeln und von diesen monet\u00e4r profitieren. Aber nicht wir! Wir m\u00f6chten, dass Sie produktiv arbeiten k\u00f6nnen. Mit unserer Unterst\u00fctzung? Umso besser. Mit der Hilfe von anderen Services? Das w\u00fcrde uns zwar sehr traurig stimmen, wir erm\u00f6glichen es Ihnen nat\u00fcrlich trotzdem, Ihre Daten in andere Tools zu \u00fcbertragen. Sie k\u00f6nnen au\u00dferdem alle Daten DSGVO konform von unseren Servern l\u00f6schen.<\/p>\n<\/div>\n\n\n\n<div style=\"height:88px;--tablet-height:72px;--mobile-height:40px\" class=\"wp-block-lookeen-blocks-responsive-spacer\"><\/div>\n<\/div>\n\n\n\n<div class=\"wp-block-group has-global-padding is-layout-constrained wp-block-group-is-layout-constrained\">\n<div class=\"wp-block-group has-global-padding is-layout-constrained wp-block-group-is-layout-constrained\">\n<figure class=\"wp-block-table aligncenter zenkit__table is-style-regular\"><table class=\"has-fixed-layout\"><tbody><tr><td>Serverstandort: Deutschland<\/td><td class=\"has-text-align-center\" data-align=\"center\"><img decoding=\"async\" class=\"wp-image-110297\" style=\"width: NaNpx;\" src=\"https:\/\/zenkit.com\/wp-content\/uploads\/2025\/01\/check.svg\" alt=\"\"><\/td><\/tr><tr><td>Backup Serverstandort: Deutschland<\/td><td class=\"has-text-align-center\" data-align=\"center\"><img decoding=\"async\" class=\"wp-image-110297\" style=\"width: NaNpx;\" src=\"https:\/\/zenkit.com\/wp-content\/uploads\/2025\/01\/check.svg\" alt=\"\"><\/td><\/tr><tr><td>Europ\u00e4ische Vertragspartner f\u00fcr Hosting<\/td><td class=\"has-text-align-center\" data-align=\"center\"><img decoding=\"async\" class=\"wp-image-110297\" style=\"width: NaNpx;\" src=\"https:\/\/zenkit.com\/wp-content\/uploads\/2025\/01\/check.svg\" alt=\"\"><\/td><\/tr><tr><td>SSL via HTTPS<\/td><td class=\"has-text-align-center\" data-align=\"center\"><img decoding=\"async\" class=\"wp-image-110297\" style=\"width: NaNpx;\" src=\"https:\/\/zenkit.com\/wp-content\/uploads\/2025\/01\/check.svg\" alt=\"\"><\/td><\/tr><tr><td>Verschl\u00fcsselte Passw\u00f6rter<\/td><td class=\"has-text-align-center\" data-align=\"center\"><img decoding=\"async\" class=\"wp-image-110297\" style=\"width: NaNpx;\" src=\"https:\/\/zenkit.com\/wp-content\/uploads\/2025\/01\/check.svg\" alt=\"\"><\/td><\/tr><tr><td>Verschl\u00fcsselung im Ruhezustand<\/td><td class=\"has-text-align-center\" data-align=\"center\"><img decoding=\"async\" class=\"wp-image-110297\" style=\"width: NaNpx;\" src=\"https:\/\/zenkit.com\/wp-content\/uploads\/2025\/01\/check.svg\" alt=\"\"><\/td><\/tr><tr><td>Zwei-Faktor-Authentisierung<\/td><td class=\"has-text-align-center\" data-align=\"center\"><img decoding=\"async\" class=\"wp-image-110297\" style=\"width: NaNpx;\" src=\"https:\/\/zenkit.com\/wp-content\/uploads\/2025\/01\/check.svg\" alt=\"\"><\/td><\/tr><tr><td>Unterst\u00fctzung von Google 2FA<\/td><td class=\"has-text-align-center\" data-align=\"center\"><img decoding=\"async\" class=\"wp-image-110297\" style=\"width: NaNpx;\" src=\"https:\/\/zenkit.com\/wp-content\/uploads\/2025\/01\/check.svg\" alt=\"\"><\/td><\/tr><tr><td>Datei-Zugriff Management<\/td><td class=\"has-text-align-center\" data-align=\"center\"><img decoding=\"async\" class=\"wp-image-110297\" style=\"width: NaNpx;\" src=\"https:\/\/zenkit.com\/wp-content\/uploads\/2025\/01\/check.svg\" alt=\"\"><\/td><\/tr><tr><td>Regelm\u00e4\u00dfige Back-ups auf separatem Server<\/td><td class=\"has-text-align-center\" data-align=\"center\"><img decoding=\"async\" class=\"wp-image-110297\" style=\"width: NaNpx;\" src=\"https:\/\/zenkit.com\/wp-content\/uploads\/2025\/01\/check.svg\" alt=\"\"><\/td><\/tr><tr><td>Single Sign On<\/td><td class=\"has-text-align-center\" data-align=\"center\"><img decoding=\"async\" class=\"wp-image-110297\" style=\"width: NaNpx;\" src=\"https:\/\/zenkit.com\/wp-content\/uploads\/2025\/01\/check.svg\" alt=\"\"><\/td><\/tr><tr><td>Intrusion Detection System<\/td><td class=\"has-text-align-center\" data-align=\"center\"><img decoding=\"async\" class=\"wp-image-110297\" style=\"width: NaNpx;\" src=\"https:\/\/zenkit.com\/wp-content\/uploads\/2025\/01\/check.svg\" alt=\"\"><\/td><\/tr><tr><td>Identit\u00e4ts- und Zugriffsmanagement<\/td><td class=\"has-text-align-center\" data-align=\"center\">Bald verf\u00fcgbar<\/td><\/tr><\/tbody><\/table><\/figure>\n<\/div>\n\n\n\n<div style=\"height:88px;--tablet-height:72px;--mobile-height:40px\" class=\"wp-block-lookeen-blocks-responsive-spacer\"><\/div>\n<\/div>\n\n\n\n<div class=\"wp-block-group has-da-blue-light-background-color has-background has-global-padding is-layout-constrained wp-block-group-is-layout-constrained\">\n<div style=\"height:80px;--tablet-height:36px;--mobile-height:26px\" class=\"wp-block-lookeen-blocks-responsive-spacer\"><\/div>\n\n\n\n<h2 class=\"wp-block-heading has-text-align-center\">Kontaktieren Sie uns<\/h2>\n\n\n\n<div class=\"wp-block-group has-global-padding is-layout-constrained wp-container-core-group-is-layout-2687bd63 wp-block-group-is-layout-constrained\">\n<p class=\"has-text-align-center has-da-grey-1-color has-text-color has-link-color wp-elements-e2222b8d5c1925d747f4fc591ac1e4be\">Haben Sie Fragen zu Zenkits Sicherheitsrichtlinien? Kontaktieren Sie uns gerne per E-Mail unter <a href=\"mailto:security@zenkit.com\">security@zenkit.com<\/a><\/p>\n<\/div>\n\n\n\n<div style=\"height:80px;--tablet-height:36px;--mobile-height:26px\" class=\"wp-block-lookeen-blocks-responsive-spacer\"><\/div>\n<\/div>\n","protected":false},"excerpt":{"rendered":"<p>Datensicherheit bei Zenkit Wir nutzen Zenkit Selbst jeden Tag Wir nutzen Zenkit selbst jeden Tag, um mit Ihnen, unserem Kunden, zu kommunizieren und so unser Tool stetig weiterzuentwickeln. Wir legen h\u00f6chsten Wert darauf, die in Zenkit hinterlegten Daten zu sch\u00fctzen. Denn: Sind Ihre Daten in Gefahr, schaden wir uns auch selbst.&nbsp;Ihre&nbsp;und&nbsp;unsere&nbsp;Daten sicher zu hinterlegen ist [&hellip;]<\/p>\n","protected":false},"author":5,"featured_media":0,"parent":0,"menu_order":21,"comment_status":"closed","ping_status":"closed","template":"","meta":{"yasr_overall_rating":0,"yasr_post_is_review":"","yasr_auto_insert_disabled":"","yasr_review_type":"","footnotes":""},"class_list":["post-31302","page","type-page","status-publish","hentry"],"yoast_head":"<!-- This site is optimized with the Yoast SEO plugin v27.3 - https:\/\/yoast.com\/product\/yoast-seo-wordpress\/ -->\n<title>Sicherheitsma\u00dfnahmen | Zenkit<\/title>\n<meta name=\"description\" content=\"Bei Zenkit steht der Schutz Ihrer Daten an allererster Stelle! Wir haben daher ein breites Ma\u00dfnahmennetz erstellt, um Ihre privaten Informationen sicher zu hinterlegen und DSGVO &amp; BDSG konform agieren zu k\u00f6nnen.\" \/>\n<meta name=\"robots\" content=\"index, follow, max-snippet:-1, max-image-preview:large, max-video-preview:-1\" \/>\n<link rel=\"canonical\" href=\"https:\/\/zenkit.com\/de\/sicherheits-massnahmen\/\" \/>\n<meta property=\"og:locale\" content=\"de_DE\" \/>\n<meta property=\"og:type\" content=\"article\" \/>\n<meta property=\"og:title\" content=\"Sicherheitsma\u00dfnahmen | Zenkit\" \/>\n<meta property=\"og:description\" content=\"Bei Zenkit steht der Schutz Ihrer Daten an allererster Stelle! Wir haben daher ein breites Ma\u00dfnahmennetz erstellt, um Ihre privaten Informationen sicher zu hinterlegen und DSGVO &amp; BDSG konform agieren zu k\u00f6nnen.\" \/>\n<meta property=\"og:url\" content=\"https:\/\/zenkit.com\/de\/sicherheits-massnahmen\/\" \/>\n<meta property=\"og:site_name\" content=\"Zenkit\" \/>\n<meta property=\"article:publisher\" content=\"https:\/\/www.facebook.com\/ZenkitHQ\" \/>\n<meta property=\"article:modified_time\" content=\"2025-11-04T05:53:10+00:00\" \/>\n<meta name=\"twitter:card\" content=\"summary_large_image\" \/>\n<meta name=\"twitter:site\" content=\"@ZenkitHQ\" \/>\n<meta name=\"twitter:label1\" content=\"Gesch\u00e4tzte Lesezeit\" \/>\n\t<meta name=\"twitter:data1\" content=\"44\u00a0Minuten\" \/>\n<script type=\"application\/ld+json\" class=\"yoast-schema-graph\">{\"@context\":\"https:\\\/\\\/schema.org\",\"@graph\":[{\"@type\":\"WebPage\",\"@id\":\"https:\\\/\\\/zenkit.com\\\/de\\\/sicherheits-massnahmen\\\/\",\"url\":\"https:\\\/\\\/zenkit.com\\\/de\\\/sicherheits-massnahmen\\\/\",\"name\":\"Sicherheitsma\u00dfnahmen | Zenkit\",\"isPartOf\":{\"@id\":\"https:\\\/\\\/zenkit.com\\\/de\\\/#website\"},\"primaryImageOfPage\":{\"@id\":\"https:\\\/\\\/zenkit.com\\\/de\\\/sicherheits-massnahmen\\\/#primaryimage\"},\"image\":{\"@id\":\"https:\\\/\\\/zenkit.com\\\/de\\\/sicherheits-massnahmen\\\/#primaryimage\"},\"thumbnailUrl\":\"https:\\\/\\\/zenkit.com\\\/wp-content\\\/uploads\\\/2025\\\/01\\\/Zenkit-Web-App.svg\",\"datePublished\":\"2019-03-20T08:14:44+00:00\",\"dateModified\":\"2025-11-04T05:53:10+00:00\",\"description\":\"Bei Zenkit steht der Schutz Ihrer Daten an allererster Stelle! Wir haben daher ein breites Ma\u00dfnahmennetz erstellt, um Ihre privaten Informationen sicher zu hinterlegen und DSGVO & BDSG konform agieren zu k\u00f6nnen.\",\"breadcrumb\":{\"@id\":\"https:\\\/\\\/zenkit.com\\\/de\\\/sicherheits-massnahmen\\\/#breadcrumb\"},\"inLanguage\":\"de\",\"potentialAction\":[{\"@type\":\"ReadAction\",\"target\":[\"https:\\\/\\\/zenkit.com\\\/de\\\/sicherheits-massnahmen\\\/\"]}]},{\"@type\":\"ImageObject\",\"inLanguage\":\"de\",\"@id\":\"https:\\\/\\\/zenkit.com\\\/de\\\/sicherheits-massnahmen\\\/#primaryimage\",\"url\":\"https:\\\/\\\/zenkit.com\\\/wp-content\\\/uploads\\\/2025\\\/01\\\/Zenkit-Web-App.svg\",\"contentUrl\":\"https:\\\/\\\/zenkit.com\\\/wp-content\\\/uploads\\\/2025\\\/01\\\/Zenkit-Web-App.svg\"},{\"@type\":\"BreadcrumbList\",\"@id\":\"https:\\\/\\\/zenkit.com\\\/de\\\/sicherheits-massnahmen\\\/#breadcrumb\",\"itemListElement\":[{\"@type\":\"ListItem\",\"position\":1,\"name\":\"Home\",\"item\":\"https:\\\/\\\/zenkit.com\\\/de\\\/\"},{\"@type\":\"ListItem\",\"position\":2,\"name\":\"Sicherheitsma\u00dfnahmen\"}]},{\"@type\":\"WebSite\",\"@id\":\"https:\\\/\\\/zenkit.com\\\/de\\\/#website\",\"url\":\"https:\\\/\\\/zenkit.com\\\/de\\\/\",\"name\":\"Zenkit\",\"description\":\"Zenkit Tagline\",\"potentialAction\":[{\"@type\":\"SearchAction\",\"target\":{\"@type\":\"EntryPoint\",\"urlTemplate\":\"https:\\\/\\\/zenkit.com\\\/de\\\/?s={search_term_string}\"},\"query-input\":{\"@type\":\"PropertyValueSpecification\",\"valueRequired\":true,\"valueName\":\"search_term_string\"}}],\"inLanguage\":\"de\"},false]}<\/script>\n<!-- \/ Yoast SEO plugin. -->","yoast_head_json":{"title":"Sicherheitsma\u00dfnahmen | Zenkit","description":"Bei Zenkit steht der Schutz Ihrer Daten an allererster Stelle! Wir haben daher ein breites Ma\u00dfnahmennetz erstellt, um Ihre privaten Informationen sicher zu hinterlegen und DSGVO & BDSG konform agieren zu k\u00f6nnen.","robots":{"index":"index","follow":"follow","max-snippet":"max-snippet:-1","max-image-preview":"max-image-preview:large","max-video-preview":"max-video-preview:-1"},"canonical":"https:\/\/zenkit.com\/de\/sicherheits-massnahmen\/","og_locale":"de_DE","og_type":"article","og_title":"Sicherheitsma\u00dfnahmen | Zenkit","og_description":"Bei Zenkit steht der Schutz Ihrer Daten an allererster Stelle! Wir haben daher ein breites Ma\u00dfnahmennetz erstellt, um Ihre privaten Informationen sicher zu hinterlegen und DSGVO & BDSG konform agieren zu k\u00f6nnen.","og_url":"https:\/\/zenkit.com\/de\/sicherheits-massnahmen\/","og_site_name":"Zenkit","article_publisher":"https:\/\/www.facebook.com\/ZenkitHQ","article_modified_time":"2025-11-04T05:53:10+00:00","twitter_card":"summary_large_image","twitter_site":"@ZenkitHQ","twitter_misc":{"Gesch\u00e4tzte Lesezeit":"44\u00a0Minuten"},"schema":{"@context":"https:\/\/schema.org","@graph":[{"@type":"WebPage","@id":"https:\/\/zenkit.com\/de\/sicherheits-massnahmen\/","url":"https:\/\/zenkit.com\/de\/sicherheits-massnahmen\/","name":"Sicherheitsma\u00dfnahmen | Zenkit","isPartOf":{"@id":"https:\/\/zenkit.com\/de\/#website"},"primaryImageOfPage":{"@id":"https:\/\/zenkit.com\/de\/sicherheits-massnahmen\/#primaryimage"},"image":{"@id":"https:\/\/zenkit.com\/de\/sicherheits-massnahmen\/#primaryimage"},"thumbnailUrl":"https:\/\/zenkit.com\/wp-content\/uploads\/2025\/01\/Zenkit-Web-App.svg","datePublished":"2019-03-20T08:14:44+00:00","dateModified":"2025-11-04T05:53:10+00:00","description":"Bei Zenkit steht der Schutz Ihrer Daten an allererster Stelle! Wir haben daher ein breites Ma\u00dfnahmennetz erstellt, um Ihre privaten Informationen sicher zu hinterlegen und DSGVO & BDSG konform agieren zu k\u00f6nnen.","breadcrumb":{"@id":"https:\/\/zenkit.com\/de\/sicherheits-massnahmen\/#breadcrumb"},"inLanguage":"de","potentialAction":[{"@type":"ReadAction","target":["https:\/\/zenkit.com\/de\/sicherheits-massnahmen\/"]}]},{"@type":"ImageObject","inLanguage":"de","@id":"https:\/\/zenkit.com\/de\/sicherheits-massnahmen\/#primaryimage","url":"https:\/\/zenkit.com\/wp-content\/uploads\/2025\/01\/Zenkit-Web-App.svg","contentUrl":"https:\/\/zenkit.com\/wp-content\/uploads\/2025\/01\/Zenkit-Web-App.svg"},{"@type":"BreadcrumbList","@id":"https:\/\/zenkit.com\/de\/sicherheits-massnahmen\/#breadcrumb","itemListElement":[{"@type":"ListItem","position":1,"name":"Home","item":"https:\/\/zenkit.com\/de\/"},{"@type":"ListItem","position":2,"name":"Sicherheitsma\u00dfnahmen"}]},{"@type":"WebSite","@id":"https:\/\/zenkit.com\/de\/#website","url":"https:\/\/zenkit.com\/de\/","name":"Zenkit","description":"Zenkit Tagline","potentialAction":[{"@type":"SearchAction","target":{"@type":"EntryPoint","urlTemplate":"https:\/\/zenkit.com\/de\/?s={search_term_string}"},"query-input":{"@type":"PropertyValueSpecification","valueRequired":true,"valueName":"search_term_string"}}],"inLanguage":"de"},false]}},"yasr_visitor_votes":{"stars_attributes":{"read_only":false,"span_bottom":false},"number_of_votes":0,"sum_votes":0},"_links":{"self":[{"href":"https:\/\/zenkit.com\/de\/wp-json\/wp\/v2\/pages\/31302","targetHints":{"allow":["GET"]}}],"collection":[{"href":"https:\/\/zenkit.com\/de\/wp-json\/wp\/v2\/pages"}],"about":[{"href":"https:\/\/zenkit.com\/de\/wp-json\/wp\/v2\/types\/page"}],"author":[{"embeddable":true,"href":"https:\/\/zenkit.com\/de\/wp-json\/wp\/v2\/users\/5"}],"replies":[{"embeddable":true,"href":"https:\/\/zenkit.com\/de\/wp-json\/wp\/v2\/comments?post=31302"}],"version-history":[{"count":23,"href":"https:\/\/zenkit.com\/de\/wp-json\/wp\/v2\/pages\/31302\/revisions"}],"predecessor-version":[{"id":173838,"href":"https:\/\/zenkit.com\/de\/wp-json\/wp\/v2\/pages\/31302\/revisions\/173838"}],"wp:attachment":[{"href":"https:\/\/zenkit.com\/de\/wp-json\/wp\/v2\/media?parent=31302"}],"curies":[{"name":"wp","href":"https:\/\/api.w.org\/{rel}","templated":true}]}}