{"id":31807,"date":"2019-06-18T11:19:17","date_gmt":"2019-06-18T09:19:17","guid":{"rendered":"https:\/\/zenkit.com\/integrationen\/formkeep\/"},"modified":"2025-11-04T06:53:10","modified_gmt":"2025-11-04T05:53:10","slug":"formkeep","status":"publish","type":"page","link":"https:\/\/zenkit.com\/de\/integrationen\/formkeep\/","title":{"rendered":"FormKeep"},"content":{"rendered":"\n<div style=\"height:45px;--tablet-height:45px;--mobile-height:16px\" class=\"wp-block-lookeen-blocks-responsive-spacer\"><\/div>\n\n\n\n<div class=\"wp-block-group has-global-padding is-layout-constrained wp-block-group-is-layout-constrained\">\n<div class=\"wp-block-columns is-layout-flex wp-container-core-columns-is-layout-467d341d wp-block-columns-is-layout-flex\" id=\"main__integrations\" style=\"margin-top:0px;margin-bottom:0px\">\n<div class=\"wp-block-column side__bar__integrations is-layout-flow wp-block-column-is-layout-flow\" style=\"flex-basis:23%\">\n<h2 class=\"wp-block-heading has-da-blue-color-new has-text-color has-link-color wp-elements-f468caed0f8d0da2a948cf67c707be3e\" style=\"margin-top:0px;margin-bottom:0px;font-size:16px;line-height:1.5\">Formulare &amp; Umfragen Integrationen<\/h2>\n\n\n<nav class=\"is-vertical integrations__menu wp-block-navigation is-layout-flex wp-container-core-navigation-is-layout-5f9f5280 wp-block-navigation-is-layout-flex\" aria-label=\"de-integrations-form-survey\"><ul class=\"wp-block-navigation__container  is-vertical integrations__menu wp-block-navigation\"><li class=\" wp-block-navigation-item wp-block-navigation-link\"><a class=\"wp-block-navigation-item__content\"  href=\"https:\/\/zenkit.com\/de\/integrationen\/123formbuilder\/\"><span class=\"wp-block-navigation-item__label\">123FormBuilder<\/span><\/a><\/li><li class=\" wp-block-navigation-item wp-block-navigation-link\"><a class=\"wp-block-navigation-item__content\"  href=\"https:\/\/zenkit.com\/de\/integrationen\/formkeep\/\"><span class=\"wp-block-navigation-item__label\">FormKeep<\/span><\/a><\/li><li class=\" wp-block-navigation-item wp-block-navigation-link\"><a class=\"wp-block-navigation-item__content\"  href=\"https:\/\/zenkit.com\/de\/integrationen\/forms-on-fire\/\"><span class=\"wp-block-navigation-item__label\">Forms On Fire<\/span><\/a><\/li><li class=\" wp-block-navigation-item wp-block-navigation-link\"><a class=\"wp-block-navigation-item__content\"  href=\"https:\/\/zenkit.com\/de\/integrationen\/paperform\/\"><span class=\"wp-block-navigation-item__label\">Paperform<\/span><\/a><\/li><li class=\" wp-block-navigation-item wp-block-navigation-link\"><a class=\"wp-block-navigation-item__content\"  href=\"https:\/\/zenkit.com\/de\/integrationen\/powr-form-builder\/\"><span class=\"wp-block-navigation-item__label\">POWr Form Builder<\/span><\/a><\/li><li class=\" wp-block-navigation-item wp-block-navigation-link\"><a class=\"wp-block-navigation-item__content\"  href=\"https:\/\/zenkit.com\/de\/integrationen\/surveypal\/\"><span class=\"wp-block-navigation-item__label\">Surveypal<\/span><\/a><\/li><li class=\" wp-block-navigation-item wp-block-navigation-link\"><a class=\"wp-block-navigation-item__content\"  href=\"https:\/\/zenkit.com\/de\/integrationen\/surveysparrow\/\"><span class=\"wp-block-navigation-item__label\">SurveySparrow<\/span><\/a><\/li><li class=\" wp-block-navigation-item wp-block-navigation-link\"><a class=\"wp-block-navigation-item__content\"  href=\"https:\/\/zenkit.com\/de\/integrationen\/zonka-feedback\/\"><span class=\"wp-block-navigation-item__label\">Zonka Feedback<\/span><\/a><\/li><\/ul><\/nav><\/div>\n\n\n\n<div class=\"wp-block-column content__integrations is-layout-flow wp-block-column-is-layout-flow\" style=\"flex-basis:77%\">\n<div class=\"wp-block-group has-global-padding is-layout-constrained wp-block-group-is-layout-constrained\">\n<div class=\"wp-block-group title is-layout-flex wp-container-core-group-is-layout-ed4b00df wp-block-group-is-layout-flex\">\n<figure class=\"wp-block-image size-full is-resized\"><img loading=\"lazy\" decoding=\"async\" width=\"630\" height=\"630\" src=\"https:\/\/zenkit.com\/wp-content\/uploads\/2025\/07\/Formkeep.webp\" alt=\"\" class=\"wp-image-118029\" style=\"width:auto;height:46px\" srcset=\"https:\/\/zenkit.com\/wp-content\/uploads\/2025\/07\/Formkeep.webp 630w, https:\/\/zenkit.com\/wp-content\/uploads\/2025\/07\/Formkeep-300x300.webp 300w, https:\/\/zenkit.com\/wp-content\/uploads\/2025\/07\/Formkeep-150x150.webp 150w\" sizes=\"auto, (max-width: 630px) 100vw, 630px\" \/><\/figure>\n\n\n\n<h1 class=\"wp-block-heading\">FormKeep und Zenkit<\/h1>\n<\/div>\n\n\n\n<div class=\"wp-block-group has-global-padding is-layout-constrained wp-block-group-is-layout-constrained\">\n<h3 class=\"wp-block-heading display-h2\">Verbinden Sie Ihre Zenkit- und FormKeep-Konten<\/h3>\n\n\n\n<p>Verbessern Sie Ihre Arbeitsabl\u00e4ufe! Senden Sie Ihre gesammelten Daten direkt von FormKeep zu Zenkit, um eigene Datenbanken zu erstellen.<\/p>\n<\/div>\n\n\n\n<div style=\"height:48px;--tablet-height:36px;--mobile-height:24px\" class=\"wp-block-lookeen-blocks-responsive-spacer\"><\/div>\n<\/div>\n\n\n\n<div class=\"wp-block-group has-global-padding is-layout-constrained wp-block-group-is-layout-constrained\">\n<figure class=\"wp-block-video\"><video controls src=\"https:\/\/zenkit.com\/wp-content\/uploads\/2019\/08\/FormKeep.mp4\"><\/video><\/figure>\n<\/div>\n\n\n\n<div style=\"height:48px;--tablet-height:36px;--mobile-height:24px\" class=\"wp-block-lookeen-blocks-responsive-spacer\"><\/div>\n\n\n\n<div class=\"wp-block-group has-global-padding is-layout-constrained wp-block-group-is-layout-constrained\">\n<h3 class=\"wp-block-heading display-h2\">\u00dcber FormKeep<\/h3>\n\n\n\n<p>FormKeep bietet erstklassigen Backend-Service f\u00fcr Ihre Formulare. Sie m\u00f6chten sich nicht l\u00e4nger mit dem Aufwand einer Datenbank befassen? Ihre gesammelten Daten werden f\u00fcr Sie gespeichert und eingepflegt. H\u00e4ufige Anwendungsbeispiele sind:<\/p>\n\n\n\n<ul class=\"wp-block-list is-style-da-left-indent\">\n<li>Kontaktformulare<\/li>\n\n\n\n<li>Supportanfragen<\/li>\n\n\n\n<li>Abonnements f\u00fcr Mailinglisten<\/li>\n\n\n\n<li>und Feedbackformulare<\/li>\n<\/ul>\n\n\n\n<p>Sie k\u00f6nnen Ihre Formulare einfach erstellen und formatieren. Dazu muss nur die URL im Formular so ver\u00e4ndert werden, dass Sie zu FormKeep verlinkt. Den Rest erledigt FormKeep!<\/p>\n\n\n\n<p>Kontaktinformationen:&nbsp;<a href=\"https:\/\/formkeep.com\/\">Website<\/a>&nbsp;,&nbsp;<a href=\"mailto:support@formkeep.com\">Support<\/a>&nbsp;,&nbsp;<a href=\"https:\/\/www.linkedin.com\/company\/formkeep\/\">Linkedin<\/a>&nbsp;,&nbsp;<a href=\"https:\/\/blog.formkeep.com\/\">Blog<\/a>&nbsp;,&nbsp;<a href=\"https:\/\/twitter.com\/formkeep\">Twitter<\/a><\/p>\n<\/div>\n\n\n\n<div style=\"height:48px;--tablet-height:36px;--mobile-height:24px\" class=\"wp-block-lookeen-blocks-responsive-spacer\"><\/div>\n\n\n\n<div class=\"wp-block-group has-global-padding is-layout-constrained wp-block-group-is-layout-constrained\">\n<h3 class=\"wp-block-heading display-h2\">Wer profitiert von der FormKeep und Zenkit Integration?<\/h3>\n\n\n\n<ul class=\"wp-block-list is-style-da-left-indent\">\n<li>Personen, die einen Weg suchen wie sie ganz einfach ihre eigene Datenbank aufbauen und pflegen<\/li>\n\n\n\n<li>Personen, die sich nicht mehr mit der eigenen Auswertung von Formularen herumschlagen m\u00f6chten<\/li>\n<\/ul>\n<\/div>\n\n\n\n<div style=\"height:48px;--tablet-height:36px;--mobile-height:24px\" class=\"wp-block-lookeen-blocks-responsive-spacer\"><\/div>\n\n\n\n<div class=\"wp-block-group has-global-padding is-layout-constrained wp-block-group-is-layout-constrained\">\n<h3 class=\"wp-block-heading display-h2\">Synchronisieren Sie FormKeep und Zenkit<\/h3>\n\n\n\n<ol class=\"wp-block-list list__style__position-inside\">\n<li><a href=\"https:\/\/zapier.com\/sign-up\/\">Registrieren Sie sich<\/a>\u00a0bei Zapier, um Zugang zu Zapier zu erhalten.<\/li>\n\n\n\n<li><a href=\"https:\/\/formkeep.com\/sign_up\">Erstelle ein Konto<\/a>\u00a0bei FormKeep.<\/li>\n\n\n\n<li>Melden Sie sich bei Zapier an und gehen Sie zum\u00a0<a href=\"https:\/\/zapier.com\/app-directory\/formkeep\/integrations\/zenkit\">Zenkit + FormKeep Zapbook<\/a>, um Zap-Vorlagen zu finden.<\/li>\n\n\n\n<li>Sie k\u00f6nnen auch Ihre eigene Zenkit und FormKeep-Integration erstellen, indem Sie diese beim Erstellen eines Zaps ausw\u00e4hlen.<\/li>\n<\/ol>\n<\/div>\n\n\n\n<div style=\"height:48px;--tablet-height:36px;--mobile-height:24px\" class=\"wp-block-lookeen-blocks-responsive-spacer\"><\/div>\n\n\n\n<div class=\"wp-block-group has-global-padding is-layout-constrained wp-block-group-is-layout-constrained\">\n<script type=\"text\/javascript\" src=\"https:\/\/zapier.com\/apps\/embed\/widget.js?guided_zaps=60364\"><\/script>\n<\/div>\n\n\n\n<div style=\"height:48px;--tablet-height:36px;--mobile-height:24px\" class=\"wp-block-lookeen-blocks-responsive-spacer\"><\/div>\n\n\n\n<div class=\"wp-block-group has-global-padding is-layout-constrained wp-block-group-is-layout-constrained\">\n<h3 class=\"wp-block-heading display-h2\">Haben Sie Fragen?<\/h3>\n\n\n\n<p>Diese Integration wird durch Zapier unterst\u00fctzt. Bitte wenden Sie sich bei Problemen an den&nbsp;<a href=\"https:\/\/zapier.com\/app\/contact-us\">Zapier-Support<\/a>. Weitere Informationen zur Verbindung von Zenkit mit Zapier finden Sie in unserer&nbsp;<a href=\"https:\/\/zenkit.com\/documentation#\/lists\/HJQBQ1Hw\/sections\/SJYE55zA\/entries\/BJGOKQtA?_k=hfr56g\">Dokumentation<\/a>.<\/p>\n<\/div>\n<\/div>\n<\/div>\n<\/div>\n\n\n\n<div style=\"height:110px;--tablet-height:60px;--mobile-height:48px\" class=\"wp-block-lookeen-blocks-responsive-spacer\"><\/div>\n","protected":false},"excerpt":{"rendered":"<p>Formulare &amp; Umfragen Integrationen FormKeep und Zenkit Verbinden Sie Ihre Zenkit- und FormKeep-Konten Verbessern Sie Ihre Arbeitsabl\u00e4ufe! Senden Sie Ihre gesammelten Daten direkt von FormKeep zu Zenkit, um eigene Datenbanken zu erstellen. \u00dcber FormKeep FormKeep bietet erstklassigen Backend-Service f\u00fcr Ihre Formulare. Sie m\u00f6chten sich nicht l\u00e4nger mit dem Aufwand einer Datenbank befassen? Ihre gesammelten Daten [&hellip;]<\/p>\n","protected":false},"author":15,"featured_media":0,"parent":67564,"menu_order":37,"comment_status":"closed","ping_status":"closed","template":"","meta":{"yasr_overall_rating":0,"yasr_post_is_review":"","yasr_auto_insert_disabled":"","yasr_review_type":"","footnotes":""},"class_list":["post-31807","page","type-page","status-publish","hentry"],"yoast_head":"<!-- This site is optimized with the Yoast SEO plugin v27.3 - https:\/\/yoast.com\/product\/yoast-seo-wordpress\/ -->\n<title>FormKeep | Zenkit Integrationen<\/title>\n<meta name=\"description\" content=\"Verbessern Sie Ihre Arbeitsabl\u00e4ufe! Senden Sie Ihre gesammelten Daten direkt von FormKeep zu Zenkit, um eigene Datenbanken zu erstellen.\" \/>\n<meta name=\"robots\" content=\"index, follow, max-snippet:-1, max-image-preview:large, max-video-preview:-1\" \/>\n<link rel=\"canonical\" href=\"https:\/\/zenkit.com\/de\/integrationen\/formkeep\/\" \/>\n<meta property=\"og:locale\" content=\"de_DE\" \/>\n<meta property=\"og:type\" content=\"article\" \/>\n<meta property=\"og:title\" content=\"FormKeep | Zenkit Integrationen\" \/>\n<meta property=\"og:description\" content=\"Verbessern Sie Ihre Arbeitsabl\u00e4ufe! Senden Sie Ihre gesammelten Daten direkt von FormKeep zu Zenkit, um eigene Datenbanken zu erstellen.\" \/>\n<meta property=\"og:url\" content=\"https:\/\/zenkit.com\/de\/integrationen\/formkeep\/\" \/>\n<meta property=\"og:site_name\" content=\"Zenkit\" \/>\n<meta property=\"article:publisher\" content=\"https:\/\/www.facebook.com\/ZenkitHQ\" \/>\n<meta property=\"article:modified_time\" content=\"2025-11-04T05:53:10+00:00\" \/>\n<meta property=\"og:image\" content=\"https:\/\/zenkit.com\/wp-content\/uploads\/2025\/07\/Formkeep.webp\" \/>\n<meta name=\"twitter:card\" content=\"summary_large_image\" \/>\n<meta name=\"twitter:site\" content=\"@ZenkitHQ\" \/>\n<meta name=\"twitter:label1\" content=\"Gesch\u00e4tzte Lesezeit\" \/>\n\t<meta name=\"twitter:data1\" content=\"1\u00a0Minute\" \/>\n<script type=\"application\/ld+json\" class=\"yoast-schema-graph\">{\"@context\":\"https:\\\/\\\/schema.org\",\"@graph\":[{\"@type\":\"WebPage\",\"@id\":\"https:\\\/\\\/zenkit.com\\\/de\\\/integrationen\\\/formkeep\\\/\",\"url\":\"https:\\\/\\\/zenkit.com\\\/de\\\/integrationen\\\/formkeep\\\/\",\"name\":\"FormKeep | Zenkit Integrationen\",\"isPartOf\":{\"@id\":\"https:\\\/\\\/zenkit.com\\\/de\\\/#website\"},\"primaryImageOfPage\":{\"@id\":\"https:\\\/\\\/zenkit.com\\\/de\\\/integrationen\\\/formkeep\\\/#primaryimage\"},\"image\":{\"@id\":\"https:\\\/\\\/zenkit.com\\\/de\\\/integrationen\\\/formkeep\\\/#primaryimage\"},\"thumbnailUrl\":\"https:\\\/\\\/zenkit.com\\\/wp-content\\\/uploads\\\/2025\\\/07\\\/Formkeep.webp\",\"datePublished\":\"2019-06-18T09:19:17+00:00\",\"dateModified\":\"2025-11-04T05:53:10+00:00\",\"description\":\"Verbessern Sie Ihre Arbeitsabl\u00e4ufe! Senden Sie Ihre gesammelten Daten direkt von FormKeep zu Zenkit, um eigene Datenbanken zu erstellen.\",\"breadcrumb\":{\"@id\":\"https:\\\/\\\/zenkit.com\\\/de\\\/integrationen\\\/formkeep\\\/#breadcrumb\"},\"inLanguage\":\"de\",\"potentialAction\":[{\"@type\":\"ReadAction\",\"target\":[\"https:\\\/\\\/zenkit.com\\\/de\\\/integrationen\\\/formkeep\\\/\"]}]},{\"@type\":\"ImageObject\",\"inLanguage\":\"de\",\"@id\":\"https:\\\/\\\/zenkit.com\\\/de\\\/integrationen\\\/formkeep\\\/#primaryimage\",\"url\":\"https:\\\/\\\/zenkit.com\\\/wp-content\\\/uploads\\\/2025\\\/07\\\/Formkeep.webp\",\"contentUrl\":\"https:\\\/\\\/zenkit.com\\\/wp-content\\\/uploads\\\/2025\\\/07\\\/Formkeep.webp\"},{\"@type\":\"BreadcrumbList\",\"@id\":\"https:\\\/\\\/zenkit.com\\\/de\\\/integrationen\\\/formkeep\\\/#breadcrumb\",\"itemListElement\":[{\"@type\":\"ListItem\",\"position\":1,\"name\":\"Home\",\"item\":\"https:\\\/\\\/zenkit.com\\\/de\\\/\"},{\"@type\":\"ListItem\",\"position\":2,\"name\":\"Integrationen\",\"item\":\"https:\\\/\\\/zenkit.com\\\/de\\\/integrationen\\\/\"},{\"@type\":\"ListItem\",\"position\":3,\"name\":\"FormKeep\"}]},{\"@type\":\"WebSite\",\"@id\":\"https:\\\/\\\/zenkit.com\\\/de\\\/#website\",\"url\":\"https:\\\/\\\/zenkit.com\\\/de\\\/\",\"name\":\"Zenkit\",\"description\":\"Zenkit Tagline\",\"potentialAction\":[{\"@type\":\"SearchAction\",\"target\":{\"@type\":\"EntryPoint\",\"urlTemplate\":\"https:\\\/\\\/zenkit.com\\\/de\\\/?s={search_term_string}\"},\"query-input\":{\"@type\":\"PropertyValueSpecification\",\"valueRequired\":true,\"valueName\":\"search_term_string\"}}],\"inLanguage\":\"de\"},false]}<\/script>\n<!-- \/ Yoast SEO plugin. -->","yoast_head_json":{"title":"FormKeep | Zenkit Integrationen","description":"Verbessern Sie Ihre Arbeitsabl\u00e4ufe! Senden Sie Ihre gesammelten Daten direkt von FormKeep zu Zenkit, um eigene Datenbanken zu erstellen.","robots":{"index":"index","follow":"follow","max-snippet":"max-snippet:-1","max-image-preview":"max-image-preview:large","max-video-preview":"max-video-preview:-1"},"canonical":"https:\/\/zenkit.com\/de\/integrationen\/formkeep\/","og_locale":"de_DE","og_type":"article","og_title":"FormKeep | Zenkit Integrationen","og_description":"Verbessern Sie Ihre Arbeitsabl\u00e4ufe! Senden Sie Ihre gesammelten Daten direkt von FormKeep zu Zenkit, um eigene Datenbanken zu erstellen.","og_url":"https:\/\/zenkit.com\/de\/integrationen\/formkeep\/","og_site_name":"Zenkit","article_publisher":"https:\/\/www.facebook.com\/ZenkitHQ","article_modified_time":"2025-11-04T05:53:10+00:00","og_image":[{"url":"https:\/\/zenkit.com\/wp-content\/uploads\/2025\/07\/Formkeep.webp","type":"","width":"","height":""}],"twitter_card":"summary_large_image","twitter_site":"@ZenkitHQ","twitter_misc":{"Gesch\u00e4tzte Lesezeit":"1\u00a0Minute"},"schema":{"@context":"https:\/\/schema.org","@graph":[{"@type":"WebPage","@id":"https:\/\/zenkit.com\/de\/integrationen\/formkeep\/","url":"https:\/\/zenkit.com\/de\/integrationen\/formkeep\/","name":"FormKeep | Zenkit Integrationen","isPartOf":{"@id":"https:\/\/zenkit.com\/de\/#website"},"primaryImageOfPage":{"@id":"https:\/\/zenkit.com\/de\/integrationen\/formkeep\/#primaryimage"},"image":{"@id":"https:\/\/zenkit.com\/de\/integrationen\/formkeep\/#primaryimage"},"thumbnailUrl":"https:\/\/zenkit.com\/wp-content\/uploads\/2025\/07\/Formkeep.webp","datePublished":"2019-06-18T09:19:17+00:00","dateModified":"2025-11-04T05:53:10+00:00","description":"Verbessern Sie Ihre Arbeitsabl\u00e4ufe! Senden Sie Ihre gesammelten Daten direkt von FormKeep zu Zenkit, um eigene Datenbanken zu erstellen.","breadcrumb":{"@id":"https:\/\/zenkit.com\/de\/integrationen\/formkeep\/#breadcrumb"},"inLanguage":"de","potentialAction":[{"@type":"ReadAction","target":["https:\/\/zenkit.com\/de\/integrationen\/formkeep\/"]}]},{"@type":"ImageObject","inLanguage":"de","@id":"https:\/\/zenkit.com\/de\/integrationen\/formkeep\/#primaryimage","url":"https:\/\/zenkit.com\/wp-content\/uploads\/2025\/07\/Formkeep.webp","contentUrl":"https:\/\/zenkit.com\/wp-content\/uploads\/2025\/07\/Formkeep.webp"},{"@type":"BreadcrumbList","@id":"https:\/\/zenkit.com\/de\/integrationen\/formkeep\/#breadcrumb","itemListElement":[{"@type":"ListItem","position":1,"name":"Home","item":"https:\/\/zenkit.com\/de\/"},{"@type":"ListItem","position":2,"name":"Integrationen","item":"https:\/\/zenkit.com\/de\/integrationen\/"},{"@type":"ListItem","position":3,"name":"FormKeep"}]},{"@type":"WebSite","@id":"https:\/\/zenkit.com\/de\/#website","url":"https:\/\/zenkit.com\/de\/","name":"Zenkit","description":"Zenkit Tagline","potentialAction":[{"@type":"SearchAction","target":{"@type":"EntryPoint","urlTemplate":"https:\/\/zenkit.com\/de\/?s={search_term_string}"},"query-input":{"@type":"PropertyValueSpecification","valueRequired":true,"valueName":"search_term_string"}}],"inLanguage":"de"},false]}},"yasr_visitor_votes":{"stars_attributes":{"read_only":false,"span_bottom":false},"number_of_votes":0,"sum_votes":0},"_links":{"self":[{"href":"https:\/\/zenkit.com\/de\/wp-json\/wp\/v2\/pages\/31807","targetHints":{"allow":["GET"]}}],"collection":[{"href":"https:\/\/zenkit.com\/de\/wp-json\/wp\/v2\/pages"}],"about":[{"href":"https:\/\/zenkit.com\/de\/wp-json\/wp\/v2\/types\/page"}],"author":[{"embeddable":true,"href":"https:\/\/zenkit.com\/de\/wp-json\/wp\/v2\/users\/15"}],"replies":[{"embeddable":true,"href":"https:\/\/zenkit.com\/de\/wp-json\/wp\/v2\/comments?post=31807"}],"version-history":[{"count":1,"href":"https:\/\/zenkit.com\/de\/wp-json\/wp\/v2\/pages\/31807\/revisions"}],"predecessor-version":[{"id":118040,"href":"https:\/\/zenkit.com\/de\/wp-json\/wp\/v2\/pages\/31807\/revisions\/118040"}],"up":[{"embeddable":true,"href":"https:\/\/zenkit.com\/de\/wp-json\/wp\/v2\/pages\/67564"}],"wp:attachment":[{"href":"https:\/\/zenkit.com\/de\/wp-json\/wp\/v2\/media?parent=31807"}],"curies":[{"name":"wp","href":"https:\/\/api.w.org\/{rel}","templated":true}]}}