{"id":32123,"date":"2019-05-28T07:46:54","date_gmt":"2019-05-28T05:46:54","guid":{"rendered":"https:\/\/zenkit.com\/integrationen\/powr-form-builder\/"},"modified":"2025-11-04T06:53:10","modified_gmt":"2025-11-04T05:53:10","slug":"powr-form-builder","status":"publish","type":"page","link":"https:\/\/zenkit.com\/de\/integrationen\/powr-form-builder\/","title":{"rendered":"POWr Form Builder"},"content":{"rendered":"\n<div style=\"height:45px;--tablet-height:45px;--mobile-height:16px\" class=\"wp-block-lookeen-blocks-responsive-spacer\"><\/div>\n\n\n\n<div class=\"wp-block-group has-global-padding is-layout-constrained wp-block-group-is-layout-constrained\">\n<div class=\"wp-block-columns is-layout-flex wp-container-core-columns-is-layout-467d341d wp-block-columns-is-layout-flex\" id=\"main__integrations\" style=\"margin-top:0px;margin-bottom:0px\">\n<div class=\"wp-block-column side__bar__integrations is-layout-flow wp-block-column-is-layout-flow\" style=\"flex-basis:23%\">\n<h2 class=\"wp-block-heading has-da-blue-color-new has-text-color has-link-color wp-elements-f468caed0f8d0da2a948cf67c707be3e\" style=\"margin-top:0px;margin-bottom:0px;font-size:16px;line-height:1.5\">Formulare &amp; Umfragen Integrationen<\/h2>\n\n\n<nav class=\"is-vertical integrations__menu wp-block-navigation is-layout-flex wp-container-core-navigation-is-layout-5f9f5280 wp-block-navigation-is-layout-flex\" aria-label=\"de-integrations-form-survey\"><ul class=\"wp-block-navigation__container  is-vertical integrations__menu wp-block-navigation\"><li class=\" wp-block-navigation-item wp-block-navigation-link\"><a class=\"wp-block-navigation-item__content\"  href=\"https:\/\/zenkit.com\/de\/integrationen\/123formbuilder\/\"><span class=\"wp-block-navigation-item__label\">123FormBuilder<\/span><\/a><\/li><li class=\" wp-block-navigation-item wp-block-navigation-link\"><a class=\"wp-block-navigation-item__content\"  href=\"https:\/\/zenkit.com\/de\/integrationen\/formkeep\/\"><span class=\"wp-block-navigation-item__label\">FormKeep<\/span><\/a><\/li><li class=\" wp-block-navigation-item wp-block-navigation-link\"><a class=\"wp-block-navigation-item__content\"  href=\"https:\/\/zenkit.com\/de\/integrationen\/forms-on-fire\/\"><span class=\"wp-block-navigation-item__label\">Forms On Fire<\/span><\/a><\/li><li class=\" wp-block-navigation-item wp-block-navigation-link\"><a class=\"wp-block-navigation-item__content\"  href=\"https:\/\/zenkit.com\/de\/integrationen\/paperform\/\"><span class=\"wp-block-navigation-item__label\">Paperform<\/span><\/a><\/li><li class=\" wp-block-navigation-item wp-block-navigation-link\"><a class=\"wp-block-navigation-item__content\"  href=\"https:\/\/zenkit.com\/de\/integrationen\/powr-form-builder\/\"><span class=\"wp-block-navigation-item__label\">POWr Form Builder<\/span><\/a><\/li><li class=\" wp-block-navigation-item wp-block-navigation-link\"><a class=\"wp-block-navigation-item__content\"  href=\"https:\/\/zenkit.com\/de\/integrationen\/surveypal\/\"><span class=\"wp-block-navigation-item__label\">Surveypal<\/span><\/a><\/li><li class=\" wp-block-navigation-item wp-block-navigation-link\"><a class=\"wp-block-navigation-item__content\"  href=\"https:\/\/zenkit.com\/de\/integrationen\/surveysparrow\/\"><span class=\"wp-block-navigation-item__label\">SurveySparrow<\/span><\/a><\/li><li class=\" wp-block-navigation-item wp-block-navigation-link\"><a class=\"wp-block-navigation-item__content\"  href=\"https:\/\/zenkit.com\/de\/integrationen\/zonka-feedback\/\"><span class=\"wp-block-navigation-item__label\">Zonka Feedback<\/span><\/a><\/li><\/ul><\/nav><\/div>\n\n\n\n<div class=\"wp-block-column content__integrations is-layout-flow wp-block-column-is-layout-flow\" style=\"flex-basis:77%\">\n<div class=\"wp-block-group has-global-padding is-layout-constrained wp-block-group-is-layout-constrained\">\n<div class=\"wp-block-group title is-layout-flex wp-container-core-group-is-layout-ed4b00df wp-block-group-is-layout-flex\">\n<figure class=\"wp-block-image size-full is-resized\"><img loading=\"lazy\" decoding=\"async\" width=\"1198\" height=\"1198\" src=\"https:\/\/zenkit.com\/wp-content\/uploads\/2025\/07\/Form-builder.webp\" alt=\"\" class=\"wp-image-118075\" style=\"width:auto;height:46px\" srcset=\"https:\/\/zenkit.com\/wp-content\/uploads\/2025\/07\/Form-builder.webp 1198w, https:\/\/zenkit.com\/wp-content\/uploads\/2025\/07\/Form-builder-300x300.webp 300w, https:\/\/zenkit.com\/wp-content\/uploads\/2025\/07\/Form-builder-1024x1024.webp 1024w, https:\/\/zenkit.com\/wp-content\/uploads\/2025\/07\/Form-builder-150x150.webp 150w, https:\/\/zenkit.com\/wp-content\/uploads\/2025\/07\/Form-builder-768x768.webp 768w\" sizes=\"auto, (max-width: 1198px) 100vw, 1198px\" \/><\/figure>\n\n\n\n<h1 class=\"wp-block-heading\">POWr Form Builder und Zenkit<\/h1>\n<\/div>\n\n\n\n<div class=\"wp-block-group has-global-padding is-layout-constrained wp-block-group-is-layout-constrained\">\n<p>Durch die Integration von POWr Form Builder in Zenkit k\u00f6nnen Nutzer ihre Datenerfassung und -verarbeitung nahtlos in ihre bestehenden Zenkit-Projekte integrieren.<\/p>\n\n\n\n<p>Dies erm\u00f6glicht nicht nur eine effizientere Verwaltung von Formularantworten und Projektdaten, sondern f\u00f6rdert auch eine verbesserte Zusammenarbeit im Team und eine zentrale \u00dcbersicht \u00fcber alle relevanten Informationen. So k\u00f6nnen Arbeitsprozesse gestrafft und die Produktivit\u00e4t gesteigert werden.<\/p>\n<\/div>\n<\/div>\n\n\n\n<div style=\"height:48px;--tablet-height:36px;--mobile-height:24px\" class=\"wp-block-lookeen-blocks-responsive-spacer\"><\/div>\n\n\n\n<div class=\"wp-block-group has-global-padding is-layout-constrained wp-block-group-is-layout-constrained\">\n<h3 class=\"wp-block-heading display-h2\">\u00dcber POWr Form Builder<\/h3>\n\n\n\n<p>Mit dem POWr Form Builder k\u00f6nnen Sie professionelle, einfache und vielseitige Formulare erstellen. Jedes Formular kann komplett nach eigenem Belieben angepasst werden. M\u00f6glichkeiten sind:<\/p>\n\n\n\n<ul class=\"wp-block-list is-style-da-left-indent\">\n<li>Dropdown-Men\u00fcs<\/li>\n\n\n\n<li>Multiple-Choice<\/li>\n\n\n\n<li>E-Mails<\/li>\n\n\n\n<li>Telefonnummern<\/li>\n\n\n\n<li>Hinzuf\u00fcgen von Bildern<\/li>\n\n\n\n<li>eigene Entw\u00fcrfe<\/li>\n\n\n\n<li>verschiedene Farben<\/li>\n\n\n\n<li>Datei-Uploads<\/li>\n\n\n\n<li>und sogar das Akzeptieren von Zahlungen<\/li>\n<\/ul>\n\n\n\n<p>Mit E-Mail-Benachrichtigungen f\u00fcr ausgef\u00fcllte Formulare optimieren Sie Ihre Arbeitsabl\u00e4ufe. Auch Best\u00e4tigungs-E-Mails k\u00f6nnen automatisch verschickt werden. Alle Daten werden im eigenen Dashboard gespeichert. Sie k\u00f6nnen exportiert, oder direkt mit Google Sheets synchronisiert werden. Der POWr Form Builder kann mit nur wenigen Klicks auf jeder Website eingebaut werden. Er verf\u00fcgt schon \u00fcber mehr als tausend Zapier-Integrationen. Diese k\u00f6nnen direkt mit dem POWr Editor verkn\u00fcpft werden.<\/p>\n<\/div>\n\n\n\n<div style=\"height:48px;--tablet-height:36px;--mobile-height:24px\" class=\"wp-block-lookeen-blocks-responsive-spacer\"><\/div>\n\n\n\n<div class=\"wp-block-group has-global-padding is-layout-constrained wp-block-group-is-layout-constrained\">\n<h3 class=\"wp-block-heading display-h2\">\u00dcber Zenkit<\/h3>\n\n\n\n<p><a href=\"https:\/\/zenkit.com\/de\">Zenkit<\/a>&nbsp;ist eine vielseitige Online-Plattform zur Organisation und Verwaltung von Projekten und Aufgaben. Mit Funktionen wie Kanban-Boards, Tabellen, Kalenderansichten und Gantt-Diagrammen erm\u00f6glicht Zenkit eine flexible und effiziente Projektsteuerung<\/p>\n\n\n\n<p>Zenkit wurde in Deutschland entwickelt und mit deutschen Serverstandorten wird f\u00fcr h\u00f6chste Sicherheits- und Datenschutzstandards gem\u00e4\u00df der Datenschutz-Grundverordnung (DSGVO) gesorgt. Verschl\u00fcsselte Daten\u00fcbertragung, redundante Server und regelm\u00e4\u00dfige Backups sorgen daf\u00fcr, dass die Daten der Benutzer stets gesch\u00fctzt sind.<\/p>\n\n\n\n<p>Mit mobilen Apps f\u00fcr iOS und Android bleibt Zenkit auch unterwegs stets zug\u00e4nglich, was die Produktivit\u00e4t und Flexibilit\u00e4t weiter erh\u00f6ht.&nbsp;<a href=\"https:\/\/app.zenkit.com\/register\">Erstellen Sie Ihr kostenloses Konto!<\/a><\/p>\n<\/div>\n\n\n\n<div style=\"height:48px;--tablet-height:36px;--mobile-height:24px\" class=\"wp-block-lookeen-blocks-responsive-spacer\"><\/div>\n\n\n\n<div class=\"wp-block-group has-global-padding is-layout-constrained wp-block-group-is-layout-constrained\">\n<h3 class=\"wp-block-heading display-h2\">Wie synchronisieren Sie POWr Form Builder und Zenkit?<\/h3>\n\n\n\n<ol class=\"wp-block-list list__style__position-inside\">\n<li><a href=\"https:\/\/zapier.com\/sign-up\/\">Registrieren Sie sich<\/a>&nbsp;f\u00fcr einen Zapier-Account um Zugang zu Zapier zu enthalten.<\/li>\n\n\n\n<li><a href=\"https:\/\/www.powr.io\/form-builder-website-app\">Erstellen Sie einen Account<\/a>&nbsp;bei POWr Form Builder.<\/li>\n\n\n\n<li>Melden Sie sich bei Zapier an und gehen Sie zum&nbsp;<a href=\"https:\/\/zapier.com\/apps\/powr-form-builder\/integrations\/zenkit\">Zenkit + POWr Form Builder Zapbook<\/a>, um Zap-Vorlagen zu finden.<\/li>\n\n\n\n<li>Sie k\u00f6nnen auch Ihre eigene Zenkit und POWr Form Builder-Integration erstellen, indem Sie diese beim Erstellen eines Zaps ausw\u00e4hlen.<\/li>\n<\/ol>\n\n\n\n<script type=\"text\/javascript\" src=\"https:\/\/zapier.com\/apps\/embed\/widget.js?guided_zaps=60243\"><\/script>\n<\/div>\n\n\n\n<div style=\"height:48px;--tablet-height:36px;--mobile-height:24px\" class=\"wp-block-lookeen-blocks-responsive-spacer\"><\/div>\n\n\n\n<div class=\"wp-block-group has-global-padding is-layout-constrained wp-block-group-is-layout-constrained\">\n<h3 class=\"wp-block-heading display-h2\">Wer profitiert von der POWr Form Builder und Zenkit Integration?<\/h3>\n\n\n\n<ul class=\"wp-block-list is-style-da-left-indent\">\n<li><strong>Kleine Unternehmen, die Kundenanfragen und Feedback effizient verwalten m\u00f6chten:<\/strong>&nbsp;Durch die Integration von POWr Form Builder und Zenkit k\u00f6nnen kleine Unternehmen den Prozess der Erfassung und Verwaltung von Kundenanfragen, Feedbackformularen und Bestellungen automatisieren. Dies erm\u00f6glicht eine nahtlose Synchronisation der Daten mit ihrem Projektmanagementsystem, was zu einer verbesserten Kundenzufriedenheit und optimierten Arbeitsabl\u00e4ufen f\u00fchrt.<\/li>\n\n\n\n<li><strong>Non-Profit-Organisationen, die Spenden und Freiwilligenanmeldungen organisieren m\u00fcssen:<\/strong>&nbsp;Non-Profit-Organisationen k\u00f6nnen von der Integration profitieren, indem sie Spendenformulare und Freiwilligenanmeldungen automatisch erfassen und in Zenkit verwalten. Dies erleichtert die Nachverfolgung und Organisation der eingehenden Informationen, was zu einer effizienteren Verwaltung und einer besseren Nutzung der Ressourcen beitr\u00e4gt.<\/li>\n<\/ul>\n<\/div>\n\n\n\n<div style=\"height:48px;--tablet-height:36px;--mobile-height:24px\" class=\"wp-block-lookeen-blocks-responsive-spacer\"><\/div>\n\n\n\n<div class=\"wp-block-group has-global-padding is-layout-constrained wp-block-group-is-layout-constrained\">\n<h3 class=\"wp-block-heading display-h2\">Weitere Integrations-Details<\/h3>\n\n\n\n<ul class=\"wp-block-list is-style-da-left-indent\">\n<li>Unterst\u00fctzt von Zapier: Bitte kontaktieren Sie den&nbsp;<a href=\"https:\/\/zapier.com\/app\/get-help\">Zapier-Support<\/a>, wenn Sie Probleme haben.<\/li>\n\n\n\n<li>F\u00fcr weitere Informationen zur Verwendung von Zenkit mit Zapier lesen Sie bitte unsere&nbsp;<a href=\"https:\/\/help.zenkit.com\/de\/support\/solutions\/articles\/43000590360-andere-apps-mit-zapier-in-zenkit-integrieren\">Dokumentation<\/a>.<\/li>\n<\/ul>\n<\/div>\n<\/div>\n<\/div>\n<\/div>\n\n\n\n<div style=\"height:110px;--tablet-height:60px;--mobile-height:48px\" class=\"wp-block-lookeen-blocks-responsive-spacer\"><\/div>\n","protected":false},"excerpt":{"rendered":"<p>Formulare &amp; Umfragen Integrationen POWr Form Builder und Zenkit Durch die Integration von POWr Form Builder in Zenkit k\u00f6nnen Nutzer ihre Datenerfassung und -verarbeitung nahtlos in ihre bestehenden Zenkit-Projekte integrieren. Dies erm\u00f6glicht nicht nur eine effizientere Verwaltung von Formularantworten und Projektdaten, sondern f\u00f6rdert auch eine verbesserte Zusammenarbeit im Team und eine zentrale \u00dcbersicht \u00fcber alle [&hellip;]<\/p>\n","protected":false},"author":15,"featured_media":0,"parent":67564,"menu_order":50,"comment_status":"closed","ping_status":"closed","template":"","meta":{"yasr_overall_rating":0,"yasr_post_is_review":"","yasr_auto_insert_disabled":"","yasr_review_type":"","footnotes":""},"class_list":["post-32123","page","type-page","status-publish","hentry"],"yoast_head":"<!-- This site is optimized with the Yoast SEO plugin v27.4 - https:\/\/yoast.com\/product\/yoast-seo-wordpress\/ -->\n<title>POWr Form Builder | Zenkit Integrationen<\/title>\n<meta name=\"description\" content=\"Beschleunigen Sie Ihre Arbeitsabl\u00e4ufe indem Sie automatisch gewonnenen Daten aus dem POWr Form Builder in Zenkit speichern.\" \/>\n<meta name=\"robots\" content=\"index, follow, max-snippet:-1, max-image-preview:large, max-video-preview:-1\" \/>\n<link rel=\"canonical\" href=\"https:\/\/zenkit.com\/de\/integrationen\/powr-form-builder\/\" \/>\n<meta property=\"og:locale\" content=\"de_DE\" \/>\n<meta property=\"og:type\" content=\"article\" \/>\n<meta property=\"og:title\" content=\"POWr Form Builder | Zenkit Integrationen\" \/>\n<meta property=\"og:description\" content=\"Beschleunigen Sie Ihre Arbeitsabl\u00e4ufe indem Sie automatisch gewonnenen Daten aus dem POWr Form Builder in Zenkit speichern.\" \/>\n<meta property=\"og:url\" content=\"https:\/\/zenkit.com\/de\/integrationen\/powr-form-builder\/\" \/>\n<meta property=\"og:site_name\" content=\"Zenkit\" \/>\n<meta property=\"article:publisher\" content=\"https:\/\/www.facebook.com\/ZenkitHQ\" \/>\n<meta property=\"article:modified_time\" content=\"2025-11-04T05:53:10+00:00\" \/>\n<meta property=\"og:image\" content=\"https:\/\/zenkit.com\/wp-content\/uploads\/2025\/07\/Form-builder.webp\" \/>\n<meta name=\"twitter:card\" content=\"summary_large_image\" \/>\n<meta name=\"twitter:site\" content=\"@ZenkitHQ\" \/>\n<script type=\"application\/ld+json\" class=\"yoast-schema-graph\">{\"@context\":\"https:\\\/\\\/schema.org\",\"@graph\":[{\"@type\":\"WebPage\",\"@id\":\"https:\\\/\\\/zenkit.com\\\/de\\\/integrationen\\\/powr-form-builder\\\/\",\"url\":\"https:\\\/\\\/zenkit.com\\\/de\\\/integrationen\\\/powr-form-builder\\\/\",\"name\":\"POWr Form Builder | Zenkit Integrationen\",\"isPartOf\":{\"@id\":\"https:\\\/\\\/zenkit.com\\\/de\\\/#website\"},\"primaryImageOfPage\":{\"@id\":\"https:\\\/\\\/zenkit.com\\\/de\\\/integrationen\\\/powr-form-builder\\\/#primaryimage\"},\"image\":{\"@id\":\"https:\\\/\\\/zenkit.com\\\/de\\\/integrationen\\\/powr-form-builder\\\/#primaryimage\"},\"thumbnailUrl\":\"https:\\\/\\\/zenkit.com\\\/wp-content\\\/uploads\\\/2025\\\/07\\\/Form-builder.webp\",\"datePublished\":\"2019-05-28T05:46:54+00:00\",\"dateModified\":\"2025-11-04T05:53:10+00:00\",\"description\":\"Beschleunigen Sie Ihre Arbeitsabl\u00e4ufe indem Sie automatisch gewonnenen Daten aus dem POWr Form Builder in Zenkit speichern.\",\"breadcrumb\":{\"@id\":\"https:\\\/\\\/zenkit.com\\\/de\\\/integrationen\\\/powr-form-builder\\\/#breadcrumb\"},\"inLanguage\":\"de\",\"potentialAction\":[{\"@type\":\"ReadAction\",\"target\":[\"https:\\\/\\\/zenkit.com\\\/de\\\/integrationen\\\/powr-form-builder\\\/\"]}]},{\"@type\":\"ImageObject\",\"inLanguage\":\"de\",\"@id\":\"https:\\\/\\\/zenkit.com\\\/de\\\/integrationen\\\/powr-form-builder\\\/#primaryimage\",\"url\":\"https:\\\/\\\/zenkit.com\\\/wp-content\\\/uploads\\\/2025\\\/07\\\/Form-builder.webp\",\"contentUrl\":\"https:\\\/\\\/zenkit.com\\\/wp-content\\\/uploads\\\/2025\\\/07\\\/Form-builder.webp\"},{\"@type\":\"BreadcrumbList\",\"@id\":\"https:\\\/\\\/zenkit.com\\\/de\\\/integrationen\\\/powr-form-builder\\\/#breadcrumb\",\"itemListElement\":[{\"@type\":\"ListItem\",\"position\":1,\"name\":\"Home\",\"item\":\"https:\\\/\\\/zenkit.com\\\/de\\\/\"},{\"@type\":\"ListItem\",\"position\":2,\"name\":\"Integrationen\",\"item\":\"https:\\\/\\\/zenkit.com\\\/de\\\/integrationen\\\/\"},{\"@type\":\"ListItem\",\"position\":3,\"name\":\"POWr Form Builder\"}]},{\"@type\":\"WebSite\",\"@id\":\"https:\\\/\\\/zenkit.com\\\/de\\\/#website\",\"url\":\"https:\\\/\\\/zenkit.com\\\/de\\\/\",\"name\":\"Zenkit\",\"description\":\"Zenkit Tagline\",\"potentialAction\":[{\"@type\":\"SearchAction\",\"target\":{\"@type\":\"EntryPoint\",\"urlTemplate\":\"https:\\\/\\\/zenkit.com\\\/de\\\/?s={search_term_string}\"},\"query-input\":{\"@type\":\"PropertyValueSpecification\",\"valueRequired\":true,\"valueName\":\"search_term_string\"}}],\"inLanguage\":\"de\"},false]}<\/script>\n<!-- \/ Yoast SEO plugin. -->","yoast_head_json":{"title":"POWr Form Builder | Zenkit Integrationen","description":"Beschleunigen Sie Ihre Arbeitsabl\u00e4ufe indem Sie automatisch gewonnenen Daten aus dem POWr Form Builder in Zenkit speichern.","robots":{"index":"index","follow":"follow","max-snippet":"max-snippet:-1","max-image-preview":"max-image-preview:large","max-video-preview":"max-video-preview:-1"},"canonical":"https:\/\/zenkit.com\/de\/integrationen\/powr-form-builder\/","og_locale":"de_DE","og_type":"article","og_title":"POWr Form Builder | Zenkit Integrationen","og_description":"Beschleunigen Sie Ihre Arbeitsabl\u00e4ufe indem Sie automatisch gewonnenen Daten aus dem POWr Form Builder in Zenkit speichern.","og_url":"https:\/\/zenkit.com\/de\/integrationen\/powr-form-builder\/","og_site_name":"Zenkit","article_publisher":"https:\/\/www.facebook.com\/ZenkitHQ","article_modified_time":"2025-11-04T05:53:10+00:00","og_image":[{"url":"https:\/\/zenkit.com\/wp-content\/uploads\/2025\/07\/Form-builder.webp","type":"","width":"","height":""}],"twitter_card":"summary_large_image","twitter_site":"@ZenkitHQ","schema":{"@context":"https:\/\/schema.org","@graph":[{"@type":"WebPage","@id":"https:\/\/zenkit.com\/de\/integrationen\/powr-form-builder\/","url":"https:\/\/zenkit.com\/de\/integrationen\/powr-form-builder\/","name":"POWr Form Builder | Zenkit Integrationen","isPartOf":{"@id":"https:\/\/zenkit.com\/de\/#website"},"primaryImageOfPage":{"@id":"https:\/\/zenkit.com\/de\/integrationen\/powr-form-builder\/#primaryimage"},"image":{"@id":"https:\/\/zenkit.com\/de\/integrationen\/powr-form-builder\/#primaryimage"},"thumbnailUrl":"https:\/\/zenkit.com\/wp-content\/uploads\/2025\/07\/Form-builder.webp","datePublished":"2019-05-28T05:46:54+00:00","dateModified":"2025-11-04T05:53:10+00:00","description":"Beschleunigen Sie Ihre Arbeitsabl\u00e4ufe indem Sie automatisch gewonnenen Daten aus dem POWr Form Builder in Zenkit speichern.","breadcrumb":{"@id":"https:\/\/zenkit.com\/de\/integrationen\/powr-form-builder\/#breadcrumb"},"inLanguage":"de","potentialAction":[{"@type":"ReadAction","target":["https:\/\/zenkit.com\/de\/integrationen\/powr-form-builder\/"]}]},{"@type":"ImageObject","inLanguage":"de","@id":"https:\/\/zenkit.com\/de\/integrationen\/powr-form-builder\/#primaryimage","url":"https:\/\/zenkit.com\/wp-content\/uploads\/2025\/07\/Form-builder.webp","contentUrl":"https:\/\/zenkit.com\/wp-content\/uploads\/2025\/07\/Form-builder.webp"},{"@type":"BreadcrumbList","@id":"https:\/\/zenkit.com\/de\/integrationen\/powr-form-builder\/#breadcrumb","itemListElement":[{"@type":"ListItem","position":1,"name":"Home","item":"https:\/\/zenkit.com\/de\/"},{"@type":"ListItem","position":2,"name":"Integrationen","item":"https:\/\/zenkit.com\/de\/integrationen\/"},{"@type":"ListItem","position":3,"name":"POWr Form Builder"}]},{"@type":"WebSite","@id":"https:\/\/zenkit.com\/de\/#website","url":"https:\/\/zenkit.com\/de\/","name":"Zenkit","description":"Zenkit Tagline","potentialAction":[{"@type":"SearchAction","target":{"@type":"EntryPoint","urlTemplate":"https:\/\/zenkit.com\/de\/?s={search_term_string}"},"query-input":{"@type":"PropertyValueSpecification","valueRequired":true,"valueName":"search_term_string"}}],"inLanguage":"de"},false]}},"yasr_visitor_votes":{"stars_attributes":{"read_only":false,"span_bottom":false},"number_of_votes":0,"sum_votes":0},"_links":{"self":[{"href":"https:\/\/zenkit.com\/de\/wp-json\/wp\/v2\/pages\/32123","targetHints":{"allow":["GET"]}}],"collection":[{"href":"https:\/\/zenkit.com\/de\/wp-json\/wp\/v2\/pages"}],"about":[{"href":"https:\/\/zenkit.com\/de\/wp-json\/wp\/v2\/types\/page"}],"author":[{"embeddable":true,"href":"https:\/\/zenkit.com\/de\/wp-json\/wp\/v2\/users\/15"}],"replies":[{"embeddable":true,"href":"https:\/\/zenkit.com\/de\/wp-json\/wp\/v2\/comments?post=32123"}],"version-history":[{"count":2,"href":"https:\/\/zenkit.com\/de\/wp-json\/wp\/v2\/pages\/32123\/revisions"}],"predecessor-version":[{"id":151090,"href":"https:\/\/zenkit.com\/de\/wp-json\/wp\/v2\/pages\/32123\/revisions\/151090"}],"up":[{"embeddable":true,"href":"https:\/\/zenkit.com\/de\/wp-json\/wp\/v2\/pages\/67564"}],"wp:attachment":[{"href":"https:\/\/zenkit.com\/de\/wp-json\/wp\/v2\/media?parent=32123"}],"curies":[{"name":"wp","href":"https:\/\/api.w.org\/{rel}","templated":true}]}}