{"id":32151,"date":"2019-04-03T10:07:24","date_gmt":"2019-04-03T08:07:24","guid":{"rendered":"https:\/\/zenkit.com\/integrationen\/simpletexting\/"},"modified":"2025-11-04T06:53:10","modified_gmt":"2025-11-04T05:53:10","slug":"simpletexting","status":"publish","type":"page","link":"https:\/\/zenkit.com\/de\/integrationen\/simpletexting\/","title":{"rendered":"SimpleTexting"},"content":{"rendered":"\n<div style=\"height:45px;--tablet-height:45px;--mobile-height:16px\" class=\"wp-block-lookeen-blocks-responsive-spacer\"><\/div>\n\n\n\n<div class=\"wp-block-group has-global-padding is-layout-constrained wp-block-group-is-layout-constrained\">\n<div class=\"wp-block-columns is-layout-flex wp-container-core-columns-is-layout-467d341d wp-block-columns-is-layout-flex\" id=\"main__integrations\" style=\"margin-top:0px;margin-bottom:0px\">\n<div class=\"wp-block-column side__bar__integrations is-layout-flow wp-block-column-is-layout-flow\" style=\"flex-basis:23%\">\n<h2 class=\"wp-block-heading has-da-blue-color-new has-text-color has-link-color wp-elements-3df084bb1aaa05461bf0e910e0da2c39\" style=\"margin-top:0px;margin-bottom:0px;font-size:16px;line-height:1.5\">Marketing-Automatisierungs Integrationen<\/h2>\n\n\n<nav class=\"is-vertical integrations__menu wp-block-navigation is-layout-flex wp-container-core-navigation-is-layout-5f9f5280 wp-block-navigation-is-layout-flex\" aria-label=\"de-integrations-marketing-automation-2\"><ul class=\"wp-block-navigation__container  is-vertical integrations__menu wp-block-navigation\"><li class=\" wp-block-navigation-item wp-block-navigation-link\"><a class=\"wp-block-navigation-item__content\"  href=\"https:\/\/zenkit.com\/de\/integrationen\/activecampaign\/\"><span class=\"wp-block-navigation-item__label\">ActiveCampaign<\/span><\/a><\/li><li class=\" wp-block-navigation-item wp-block-navigation-link\"><a class=\"wp-block-navigation-item__content\"  href=\"https:\/\/zenkit.com\/de\/integrationen\/leadboxer\/\"><span class=\"wp-block-navigation-item__label\">LeadBoxer<\/span><\/a><\/li><li class=\" wp-block-navigation-item wp-block-navigation-link\"><a class=\"wp-block-navigation-item__content\"  href=\"https:\/\/zenkit.com\/de\/integrationen\/mailjet\/\"><span class=\"wp-block-navigation-item__label\">Mailjet<\/span><\/a><\/li><li class=\" wp-block-navigation-item wp-block-navigation-link\"><a class=\"wp-block-navigation-item__content\"  href=\"https:\/\/zenkit.com\/de\/integrationen\/moosend\/\"><span class=\"wp-block-navigation-item__label\">Moosend<\/span><\/a><\/li><li class=\" wp-block-navigation-item wp-block-navigation-link\"><a class=\"wp-block-navigation-item__content\"  href=\"https:\/\/zenkit.com\/de\/integrationen\/openai\/\"><span class=\"wp-block-navigation-item__label\">OpenAI<\/span><\/a><\/li><li class=\" wp-block-navigation-item wp-block-navigation-link\"><a class=\"wp-block-navigation-item__content\"  href=\"https:\/\/zenkit.com\/de\/integrationen\/parseur\/\"><span class=\"wp-block-navigation-item__label\">Parseur<\/span><\/a><\/li><li class=\" wp-block-navigation-item wp-block-navigation-link\"><a class=\"wp-block-navigation-item__content\"  href=\"https:\/\/zenkit.com\/de\/integrationen\/sakari-sms\/\"><span class=\"wp-block-navigation-item__label\">Sakari SMS<\/span><\/a><\/li><li class=\" wp-block-navigation-item wp-block-navigation-link\"><a class=\"wp-block-navigation-item__content\"  href=\"https:\/\/zenkit.com\/de\/integrationen\/seamless-ai\/\"><span class=\"wp-block-navigation-item__label\">Seamless.AI<\/span><\/a><\/li><li class=\" wp-block-navigation-item wp-block-navigation-link\"><a class=\"wp-block-navigation-item__content\"  href=\"https:\/\/zenkit.com\/de\/integrationen\/sendinblue\/\"><span class=\"wp-block-navigation-item__label\">SendinBlue<\/span><\/a><\/li><li class=\" wp-block-navigation-item wp-block-navigation-link\"><a class=\"wp-block-navigation-item__content\"  href=\"https:\/\/zenkit.com\/de\/integrationen\/sharpspring\/\"><span class=\"wp-block-navigation-item__label\">SharpSpring<\/span><\/a><\/li><li class=\" wp-block-navigation-item wp-block-navigation-link\"><a class=\"wp-block-navigation-item__content\"  href=\"https:\/\/zenkit.com\/de\/integrationen\/simpletexting\/\"><span class=\"wp-block-navigation-item__label\">SimpleTexting<\/span><\/a><\/li><li class=\" wp-block-navigation-item wp-block-navigation-link\"><a class=\"wp-block-navigation-item__content\"  href=\"https:\/\/zenkit.com\/de\/integrationen\/smsapi\/\"><span class=\"wp-block-navigation-item__label\">SMSAPI<\/span><\/a><\/li><li class=\" wp-block-navigation-item wp-block-navigation-link\"><a class=\"wp-block-navigation-item__content\"  href=\"https:\/\/zenkit.com\/de\/integrationen\/smsfactor\/\"><span class=\"wp-block-navigation-item__label\">SMSFactor<\/span><\/a><\/li><li class=\" wp-block-navigation-item wp-block-navigation-link\"><a class=\"wp-block-navigation-item__content\"  href=\"https:\/\/zenkit.com\/de\/integrationen\/storychief\/\"><span class=\"wp-block-navigation-item__label\">StoryChief<\/span><\/a><\/li><li class=\" wp-block-navigation-item wp-block-navigation-link\"><a class=\"wp-block-navigation-item__content\"  href=\"https:\/\/zenkit.com\/de\/integrationen\/thankster\/\"><span class=\"wp-block-navigation-item__label\">Thankster<\/span><\/a><\/li><li class=\" wp-block-navigation-item wp-block-navigation-link\"><a class=\"wp-block-navigation-item__content\"  href=\"https:\/\/zenkit.com\/de\/integrationen\/whatconverts\/\"><span class=\"wp-block-navigation-item__label\">WhatConverts<\/span><\/a><\/li><\/ul><\/nav><\/div>\n\n\n\n<div class=\"wp-block-column content__integrations is-layout-flow wp-block-column-is-layout-flow\" style=\"flex-basis:77%\">\n<div class=\"wp-block-group has-global-padding is-layout-constrained wp-block-group-is-layout-constrained\">\n<div class=\"wp-block-group title is-layout-flex wp-container-core-group-is-layout-ed4b00df wp-block-group-is-layout-flex\">\n<figure class=\"wp-block-image size-full is-resized\"><img loading=\"lazy\" decoding=\"async\" width=\"299\" height=\"322\" src=\"https:\/\/zenkit.com\/wp-content\/uploads\/2025\/07\/SimpleTexting-Icon-Transparent.webp\" alt=\"SimpleTexting Logo\" class=\"wp-image-118176\" style=\"width:auto;height:46px\" srcset=\"https:\/\/zenkit.com\/wp-content\/uploads\/2025\/07\/SimpleTexting-Icon-Transparent.webp 299w, https:\/\/zenkit.com\/wp-content\/uploads\/2025\/07\/SimpleTexting-Icon-Transparent-279x300.webp 279w\" sizes=\"auto, (max-width: 299px) 100vw, 299px\" \/><\/figure>\n\n\n\n<h1 class=\"wp-block-heading\">SimpleTexting und Zenkit<\/h1>\n<\/div>\n\n\n\n<div class=\"wp-block-group has-global-padding is-layout-constrained wp-block-group-is-layout-constrained\">\n<p>Die Integration von SimpleTexting in Zenkit bietet eine Reihe von Vorteilen, die die Effizienz und Effektivit\u00e4t Ihrer Kommunikations- und Projektmanagementprozesse erheblich steigern k\u00f6nnen.<\/p>\n\n\n\n<p>Durch die Kombination dieser beiden leistungsstarken Tools k\u00f6nnen Nutzer nahtlose Kommunikationsstr\u00f6me und effiziente Projektabl\u00e4ufe gew\u00e4hrleisten.<\/p>\n\n\n\n<p>Diese Integration erm\u00f6glicht es, wichtige Nachrichten direkt aus Zenkit zu versenden, Automatisierungen einzurichten und Kommunikationsdaten zentralisiert zu verwalten, was letztendlich zu einer besseren Koordination und einer gesteigerten Produktivit\u00e4t f\u00fchrt.<\/p>\n<\/div>\n<\/div>\n\n\n\n<div style=\"height:48px;--tablet-height:36px;--mobile-height:24px\" class=\"wp-block-lookeen-blocks-responsive-spacer\"><\/div>\n\n\n\n<div class=\"wp-block-group has-global-padding is-layout-constrained wp-block-group-is-layout-constrained\">\n<h3 class=\"wp-block-heading display-h2\">\u00dcber SimpleTexting<\/h3>\n\n\n\n<p>SimpleTexting ist eine der f\u00fchrenden Plattformen, wenn es um SMS-Marketing geht. Mit dem Messenger k\u00f6nnen Unternehmen:<\/p>\n\n\n\n<ul class=\"wp-block-list is-style-da-left-indent\">\n<li>Marketing Kampagnen versenden<\/li>\n\n\n\n<li>wichtige Alarme senden<\/li>\n\n\n\n<li>1-zu-1 Kundenservice bieten<\/li>\n<\/ul>\n\n\n\n<p>Tausende von Unternehmen vertrauen auf SimpleTexting um mit Ihrer Zielgruppe in Kontakt zu treten. Ihre Klienten sind:<\/p>\n\n\n\n<ul class=\"wp-block-list is-style-da-left-indent\">\n<li>Fortune 500 Unternehmen<\/li>\n\n\n\n<li>kleine Betriebe<\/li>\n\n\n\n<li>gemeinn\u00fctzige Organisationen<\/li>\n\n\n\n<li>Gesundheitsdienstleister<\/li>\n\n\n\n<li>Kirchen<\/li>\n\n\n\n<li>Schulen<\/li>\n<\/ul>\n\n\n\n<p>SimpleTexting umfasst:<\/p>\n\n\n\n<ul class=\"wp-block-list is-style-da-left-indent\">\n<li>Module<\/li>\n\n\n\n<li>Autoresponder<\/li>\n\n\n\n<li>Datensammlung<\/li>\n\n\n\n<li>Analyse von Kampagnen<\/li>\n<\/ul>\n\n\n\n<p>und hilft dadurch jedem Unternehmen seine Bem\u00fchungen hinsichtlich des SMS-Marketing zu erleichtern.<\/p>\n<\/div>\n\n\n\n<div style=\"height:48px;--tablet-height:36px;--mobile-height:24px\" class=\"wp-block-lookeen-blocks-responsive-spacer\"><\/div>\n\n\n\n<div class=\"wp-block-group has-global-padding is-layout-constrained wp-block-group-is-layout-constrained\">\n<h3 class=\"wp-block-heading display-h2\">\u00dcber Zenkit<\/h3>\n\n\n\n<p><a href=\"https:\/\/zenkit.com\/de\">Zenkit<\/a>&nbsp;ist eine vielseitige Online-Plattform zur Organisation und Verwaltung von Projekten und Aufgaben. Mit Funktionen wie Kanban-Boards, Tabellen, Kalenderansichten und Gantt-Diagrammen erm\u00f6glicht Zenkit eine flexible und effiziente Projektsteuerung<\/p>\n\n\n\n<p>Zenkit wurde in Deutschland entwickelt und mit deutschen Serverstandorten wird f\u00fcr h\u00f6chste Sicherheits- und Datenschutzstandards gem\u00e4\u00df der Datenschutz-Grundverordnung (DSGVO) gesorgt. Verschl\u00fcsselte Daten\u00fcbertragung, redundante Server und regelm\u00e4\u00dfige Backups sorgen daf\u00fcr, dass die Daten der Benutzer stets gesch\u00fctzt sind.<\/p>\n\n\n\n<p>Mit mobilen Apps f\u00fcr iOS und Android bleibt Zenkit auch unterwegs stets zug\u00e4nglich, was die Produktivit\u00e4t und Flexibilit\u00e4t weiter erh\u00f6ht.&nbsp;<a href=\"https:\/\/app.zenkit.com\/register\">Erstellen Sie Ihr kostenloses Konto!<\/a><\/p>\n<\/div>\n\n\n\n<div style=\"height:48px;--tablet-height:36px;--mobile-height:24px\" class=\"wp-block-lookeen-blocks-responsive-spacer\"><\/div>\n\n\n\n<div class=\"wp-block-group has-global-padding is-layout-constrained wp-block-group-is-layout-constrained\">\n<h3 class=\"wp-block-heading display-h2\">Wie synchronisieren Sie SimpleTexting und Zenkit?<\/h3>\n\n\n\n<ol class=\"wp-block-list list__style__position-inside\">\n<li><a href=\"https:\/\/zapier.com\/sign-up\/\">Registrieren Sie sich<\/a>\u00a0f\u00fcr einen Zapier-Account um Zugang zu Zapier zu enthalten.<\/li>\n\n\n\n<li><a href=\"https:\/\/app2.simpletexting.com\/sign-up\">Erstellen Sie ein Konto<\/a>\u00a0bei SimpleTexting.<\/li>\n\n\n\n<li>Melden Sie sich bei Zapier an und gehen Sie zum\u00a0<a href=\"https:\/\/zapier.com\/app-directory\/simpletexting\/integrations\/zenkit\">Zenkit + SimpleTexting Zapbook<\/a>, um Zap-Vorlagen zu finden.<\/li>\n\n\n\n<li>Sie k\u00f6nnen auch Ihre eigene Zenkit und SimpleTexting-Integration erstellen, indem Sie diese beim Erstellen eines Zaps ausw\u00e4hlen.<\/li>\n<\/ol>\n<\/div>\n\n\n\n<div style=\"height:48px;--tablet-height:36px;--mobile-height:24px\" class=\"wp-block-lookeen-blocks-responsive-spacer\"><\/div>\n\n\n\n<div class=\"wp-block-group has-global-padding is-layout-constrained wp-block-group-is-layout-constrained\">\n<h3 class=\"wp-block-heading display-h2\">Wer profitiert von der SimpleTexting und Zenkit Integration?<\/h3>\n\n\n\n<ul class=\"wp-block-list is-style-da-left-indent\">\n<li><strong>Marketingteams, die SMS-Kampagnen und Kundeninformationen effizient verwalten m\u00fcssen:<\/strong>\u00a0Durch die Integration von SimpleTexting mit Zenkit k\u00f6nnen Marketingteams ihre SMS-Marketingkampagnen nahtlos organisieren und die Antworten und Kundendaten direkt in ihr Projektmanagementsystem synchronisieren. Dies erm\u00f6glicht eine zentrale Verwaltung aller Kundeninteraktionen und erleichtert die Planung und Nachverfolgung der Kampagnen.<\/li>\n\n\n\n<li><strong>Kundenserviceteams, die Kundenanfragen und -interaktionen effektiv nachverfolgen m\u00f6chten:<\/strong>\u00a0Unternehmen k\u00f6nnen von der Integration profitieren, indem sie SMS-basierte Kundenanfragen und -feedbacks automatisch in Zenkit erfassen und verwalten. Dies f\u00fchrt zu einer besseren \u00dcbersicht \u00fcber Kundenanliegen, schnelleren Reaktionszeiten und einer verbesserten Kundenzufriedenheit durch eine zentralisierte und effiziente Bearbeitung der Anfragen.<\/li>\n<\/ul>\n<\/div>\n\n\n\n<div style=\"height:48px;--tablet-height:36px;--mobile-height:24px\" class=\"wp-block-lookeen-blocks-responsive-spacer\"><\/div>\n\n\n\n<div class=\"wp-block-group has-global-padding is-layout-constrained wp-block-group-is-layout-constrained\">\n<h3 class=\"wp-block-heading display-h2\">Weitere Integrations-Details<\/h3>\n\n\n\n<ul class=\"wp-block-list is-style-da-left-indent\">\n<li>Unterst\u00fctzt von Zapier: Bitte kontaktieren Sie den\u00a0<a href=\"https:\/\/zapier.com\/app\/get-help\">Zapier-Support<\/a>, wenn Sie Probleme haben.<\/li>\n\n\n\n<li>F\u00fcr weitere Informationen zur Verwendung von Zenkit mit Zapier lesen Sie bitte unsere\u00a0<a href=\"https:\/\/help.zenkit.com\/de\/support\/solutions\/articles\/43000590360-andere-apps-mit-zapier-in-zenkit-integrieren\">Dokumentation<\/a>.<\/li>\n<\/ul>\n<\/div>\n<\/div>\n<\/div>\n<\/div>\n\n\n\n<div style=\"height:110px;--tablet-height:60px;--mobile-height:48px\" class=\"wp-block-lookeen-blocks-responsive-spacer\"><\/div>\n","protected":false},"excerpt":{"rendered":"<p>Marketing-Automatisierungs Integrationen SimpleTexting und Zenkit Die Integration von SimpleTexting in Zenkit bietet eine Reihe von Vorteilen, die die Effizienz und Effektivit\u00e4t Ihrer Kommunikations- und Projektmanagementprozesse erheblich steigern k\u00f6nnen. Durch die Kombination dieser beiden leistungsstarken Tools k\u00f6nnen Nutzer nahtlose Kommunikationsstr\u00f6me und effiziente Projektabl\u00e4ufe gew\u00e4hrleisten. Diese Integration erm\u00f6glicht es, wichtige Nachrichten direkt aus Zenkit zu versenden, Automatisierungen [&hellip;]<\/p>\n","protected":false},"author":15,"featured_media":0,"parent":67564,"menu_order":53,"comment_status":"closed","ping_status":"closed","template":"","meta":{"yasr_overall_rating":0,"yasr_post_is_review":"","yasr_auto_insert_disabled":"","yasr_review_type":"","footnotes":""},"class_list":["post-32151","page","type-page","status-publish","hentry"],"yoast_head":"<!-- This site is optimized with the Yoast SEO plugin v27.4 - https:\/\/yoast.com\/product\/yoast-seo-wordpress\/ -->\n<title>SimpleTexting | Zenkit Integrationen<\/title>\n<meta name=\"description\" content=\"Verbinden Sie SimpleTexting mit Zenkit, um Ihre Kontakte f\u00fcr zuk\u00fcnftiges Text-Marketing und CRM zu verwenden.\" \/>\n<meta name=\"robots\" content=\"index, follow, max-snippet:-1, max-image-preview:large, max-video-preview:-1\" \/>\n<link rel=\"canonical\" href=\"https:\/\/zenkit.com\/de\/integrationen\/simpletexting\/\" \/>\n<meta property=\"og:locale\" content=\"de_DE\" \/>\n<meta property=\"og:type\" content=\"article\" \/>\n<meta property=\"og:title\" content=\"SimpleTexting | Zenkit Integrationen\" \/>\n<meta property=\"og:description\" content=\"Verbinden Sie SimpleTexting mit Zenkit, um Ihre Kontakte f\u00fcr zuk\u00fcnftiges Text-Marketing und CRM zu verwenden.\" \/>\n<meta property=\"og:url\" content=\"https:\/\/zenkit.com\/de\/integrationen\/simpletexting\/\" \/>\n<meta property=\"og:site_name\" content=\"Zenkit\" \/>\n<meta property=\"article:publisher\" content=\"https:\/\/www.facebook.com\/ZenkitHQ\" \/>\n<meta property=\"article:modified_time\" content=\"2025-11-04T05:53:10+00:00\" \/>\n<meta property=\"og:image\" content=\"https:\/\/zenkit.com\/wp-content\/uploads\/2025\/07\/SimpleTexting-Icon-Transparent.webp\" \/>\n<meta name=\"twitter:card\" content=\"summary_large_image\" \/>\n<meta name=\"twitter:site\" content=\"@ZenkitHQ\" \/>\n<script type=\"application\/ld+json\" class=\"yoast-schema-graph\">{\"@context\":\"https:\\\/\\\/schema.org\",\"@graph\":[{\"@type\":\"WebPage\",\"@id\":\"https:\\\/\\\/zenkit.com\\\/de\\\/integrationen\\\/simpletexting\\\/\",\"url\":\"https:\\\/\\\/zenkit.com\\\/de\\\/integrationen\\\/simpletexting\\\/\",\"name\":\"SimpleTexting | Zenkit Integrationen\",\"isPartOf\":{\"@id\":\"https:\\\/\\\/zenkit.com\\\/de\\\/#website\"},\"primaryImageOfPage\":{\"@id\":\"https:\\\/\\\/zenkit.com\\\/de\\\/integrationen\\\/simpletexting\\\/#primaryimage\"},\"image\":{\"@id\":\"https:\\\/\\\/zenkit.com\\\/de\\\/integrationen\\\/simpletexting\\\/#primaryimage\"},\"thumbnailUrl\":\"https:\\\/\\\/zenkit.com\\\/wp-content\\\/uploads\\\/2025\\\/07\\\/SimpleTexting-Icon-Transparent.webp\",\"datePublished\":\"2019-04-03T08:07:24+00:00\",\"dateModified\":\"2025-11-04T05:53:10+00:00\",\"description\":\"Verbinden Sie SimpleTexting mit Zenkit, um Ihre Kontakte f\u00fcr zuk\u00fcnftiges Text-Marketing und CRM zu verwenden.\",\"breadcrumb\":{\"@id\":\"https:\\\/\\\/zenkit.com\\\/de\\\/integrationen\\\/simpletexting\\\/#breadcrumb\"},\"inLanguage\":\"de\",\"potentialAction\":[{\"@type\":\"ReadAction\",\"target\":[\"https:\\\/\\\/zenkit.com\\\/de\\\/integrationen\\\/simpletexting\\\/\"]}]},{\"@type\":\"ImageObject\",\"inLanguage\":\"de\",\"@id\":\"https:\\\/\\\/zenkit.com\\\/de\\\/integrationen\\\/simpletexting\\\/#primaryimage\",\"url\":\"https:\\\/\\\/zenkit.com\\\/wp-content\\\/uploads\\\/2025\\\/07\\\/SimpleTexting-Icon-Transparent.webp\",\"contentUrl\":\"https:\\\/\\\/zenkit.com\\\/wp-content\\\/uploads\\\/2025\\\/07\\\/SimpleTexting-Icon-Transparent.webp\"},{\"@type\":\"BreadcrumbList\",\"@id\":\"https:\\\/\\\/zenkit.com\\\/de\\\/integrationen\\\/simpletexting\\\/#breadcrumb\",\"itemListElement\":[{\"@type\":\"ListItem\",\"position\":1,\"name\":\"Home\",\"item\":\"https:\\\/\\\/zenkit.com\\\/de\\\/\"},{\"@type\":\"ListItem\",\"position\":2,\"name\":\"Integrationen\",\"item\":\"https:\\\/\\\/zenkit.com\\\/de\\\/integrationen\\\/\"},{\"@type\":\"ListItem\",\"position\":3,\"name\":\"SimpleTexting\"}]},{\"@type\":\"WebSite\",\"@id\":\"https:\\\/\\\/zenkit.com\\\/de\\\/#website\",\"url\":\"https:\\\/\\\/zenkit.com\\\/de\\\/\",\"name\":\"Zenkit\",\"description\":\"Zenkit Tagline\",\"potentialAction\":[{\"@type\":\"SearchAction\",\"target\":{\"@type\":\"EntryPoint\",\"urlTemplate\":\"https:\\\/\\\/zenkit.com\\\/de\\\/?s={search_term_string}\"},\"query-input\":{\"@type\":\"PropertyValueSpecification\",\"valueRequired\":true,\"valueName\":\"search_term_string\"}}],\"inLanguage\":\"de\"},false]}<\/script>\n<!-- \/ Yoast SEO plugin. -->","yoast_head_json":{"title":"SimpleTexting | Zenkit Integrationen","description":"Verbinden Sie SimpleTexting mit Zenkit, um Ihre Kontakte f\u00fcr zuk\u00fcnftiges Text-Marketing und CRM zu verwenden.","robots":{"index":"index","follow":"follow","max-snippet":"max-snippet:-1","max-image-preview":"max-image-preview:large","max-video-preview":"max-video-preview:-1"},"canonical":"https:\/\/zenkit.com\/de\/integrationen\/simpletexting\/","og_locale":"de_DE","og_type":"article","og_title":"SimpleTexting | Zenkit Integrationen","og_description":"Verbinden Sie SimpleTexting mit Zenkit, um Ihre Kontakte f\u00fcr zuk\u00fcnftiges Text-Marketing und CRM zu verwenden.","og_url":"https:\/\/zenkit.com\/de\/integrationen\/simpletexting\/","og_site_name":"Zenkit","article_publisher":"https:\/\/www.facebook.com\/ZenkitHQ","article_modified_time":"2025-11-04T05:53:10+00:00","og_image":[{"url":"https:\/\/zenkit.com\/wp-content\/uploads\/2025\/07\/SimpleTexting-Icon-Transparent.webp","type":"","width":"","height":""}],"twitter_card":"summary_large_image","twitter_site":"@ZenkitHQ","schema":{"@context":"https:\/\/schema.org","@graph":[{"@type":"WebPage","@id":"https:\/\/zenkit.com\/de\/integrationen\/simpletexting\/","url":"https:\/\/zenkit.com\/de\/integrationen\/simpletexting\/","name":"SimpleTexting | Zenkit Integrationen","isPartOf":{"@id":"https:\/\/zenkit.com\/de\/#website"},"primaryImageOfPage":{"@id":"https:\/\/zenkit.com\/de\/integrationen\/simpletexting\/#primaryimage"},"image":{"@id":"https:\/\/zenkit.com\/de\/integrationen\/simpletexting\/#primaryimage"},"thumbnailUrl":"https:\/\/zenkit.com\/wp-content\/uploads\/2025\/07\/SimpleTexting-Icon-Transparent.webp","datePublished":"2019-04-03T08:07:24+00:00","dateModified":"2025-11-04T05:53:10+00:00","description":"Verbinden Sie SimpleTexting mit Zenkit, um Ihre Kontakte f\u00fcr zuk\u00fcnftiges Text-Marketing und CRM zu verwenden.","breadcrumb":{"@id":"https:\/\/zenkit.com\/de\/integrationen\/simpletexting\/#breadcrumb"},"inLanguage":"de","potentialAction":[{"@type":"ReadAction","target":["https:\/\/zenkit.com\/de\/integrationen\/simpletexting\/"]}]},{"@type":"ImageObject","inLanguage":"de","@id":"https:\/\/zenkit.com\/de\/integrationen\/simpletexting\/#primaryimage","url":"https:\/\/zenkit.com\/wp-content\/uploads\/2025\/07\/SimpleTexting-Icon-Transparent.webp","contentUrl":"https:\/\/zenkit.com\/wp-content\/uploads\/2025\/07\/SimpleTexting-Icon-Transparent.webp"},{"@type":"BreadcrumbList","@id":"https:\/\/zenkit.com\/de\/integrationen\/simpletexting\/#breadcrumb","itemListElement":[{"@type":"ListItem","position":1,"name":"Home","item":"https:\/\/zenkit.com\/de\/"},{"@type":"ListItem","position":2,"name":"Integrationen","item":"https:\/\/zenkit.com\/de\/integrationen\/"},{"@type":"ListItem","position":3,"name":"SimpleTexting"}]},{"@type":"WebSite","@id":"https:\/\/zenkit.com\/de\/#website","url":"https:\/\/zenkit.com\/de\/","name":"Zenkit","description":"Zenkit Tagline","potentialAction":[{"@type":"SearchAction","target":{"@type":"EntryPoint","urlTemplate":"https:\/\/zenkit.com\/de\/?s={search_term_string}"},"query-input":{"@type":"PropertyValueSpecification","valueRequired":true,"valueName":"search_term_string"}}],"inLanguage":"de"},false]}},"yasr_visitor_votes":{"stars_attributes":{"read_only":false,"span_bottom":false},"number_of_votes":0,"sum_votes":0},"_links":{"self":[{"href":"https:\/\/zenkit.com\/de\/wp-json\/wp\/v2\/pages\/32151","targetHints":{"allow":["GET"]}}],"collection":[{"href":"https:\/\/zenkit.com\/de\/wp-json\/wp\/v2\/pages"}],"about":[{"href":"https:\/\/zenkit.com\/de\/wp-json\/wp\/v2\/types\/page"}],"author":[{"embeddable":true,"href":"https:\/\/zenkit.com\/de\/wp-json\/wp\/v2\/users\/15"}],"replies":[{"embeddable":true,"href":"https:\/\/zenkit.com\/de\/wp-json\/wp\/v2\/comments?post=32151"}],"version-history":[{"count":4,"href":"https:\/\/zenkit.com\/de\/wp-json\/wp\/v2\/pages\/32151\/revisions"}],"predecessor-version":[{"id":118191,"href":"https:\/\/zenkit.com\/de\/wp-json\/wp\/v2\/pages\/32151\/revisions\/118191"}],"up":[{"embeddable":true,"href":"https:\/\/zenkit.com\/de\/wp-json\/wp\/v2\/pages\/67564"}],"wp:attachment":[{"href":"https:\/\/zenkit.com\/de\/wp-json\/wp\/v2\/media?parent=32151"}],"curies":[{"name":"wp","href":"https:\/\/api.w.org\/{rel}","templated":true}]}}