{"id":32300,"date":"2019-07-18T14:50:54","date_gmt":"2019-07-18T12:50:54","guid":{"rendered":"https:\/\/zenkit.com\/integrationen\/whatconverts\/"},"modified":"2025-11-04T06:53:10","modified_gmt":"2025-11-04T05:53:10","slug":"whatconverts","status":"publish","type":"page","link":"https:\/\/zenkit.com\/de\/integrationen\/whatconverts\/","title":{"rendered":"WhatConverts"},"content":{"rendered":"\n<div style=\"height:45px;--tablet-height:45px;--mobile-height:16px\" class=\"wp-block-lookeen-blocks-responsive-spacer\"><\/div>\n\n\n\n<div class=\"wp-block-group has-global-padding is-layout-constrained wp-block-group-is-layout-constrained\">\n<div class=\"wp-block-columns is-layout-flex wp-container-core-columns-is-layout-467d341d wp-block-columns-is-layout-flex\" id=\"main__integrations\" style=\"margin-top:0px;margin-bottom:0px\">\n<div class=\"wp-block-column side__bar__integrations is-layout-flow wp-block-column-is-layout-flow\" style=\"flex-basis:23%\">\n<h2 class=\"wp-block-heading has-da-blue-color-new has-text-color has-link-color wp-elements-3df084bb1aaa05461bf0e910e0da2c39\" style=\"margin-top:0px;margin-bottom:0px;font-size:16px;line-height:1.5\">Marketing-Automatisierungs Integrationen<\/h2>\n\n\n<nav class=\"is-vertical integrations__menu wp-block-navigation is-layout-flex wp-container-core-navigation-is-layout-5f9f5280 wp-block-navigation-is-layout-flex\" aria-label=\"de-integrations-marketing-automation-2\"><ul class=\"wp-block-navigation__container  is-vertical integrations__menu wp-block-navigation\"><li class=\" wp-block-navigation-item wp-block-navigation-link\"><a class=\"wp-block-navigation-item__content\"  href=\"https:\/\/zenkit.com\/de\/integrationen\/activecampaign\/\"><span class=\"wp-block-navigation-item__label\">ActiveCampaign<\/span><\/a><\/li><li class=\" wp-block-navigation-item wp-block-navigation-link\"><a class=\"wp-block-navigation-item__content\"  href=\"https:\/\/zenkit.com\/de\/integrationen\/leadboxer\/\"><span class=\"wp-block-navigation-item__label\">LeadBoxer<\/span><\/a><\/li><li class=\" wp-block-navigation-item wp-block-navigation-link\"><a class=\"wp-block-navigation-item__content\"  href=\"https:\/\/zenkit.com\/de\/integrationen\/mailjet\/\"><span class=\"wp-block-navigation-item__label\">Mailjet<\/span><\/a><\/li><li class=\" wp-block-navigation-item wp-block-navigation-link\"><a class=\"wp-block-navigation-item__content\"  href=\"https:\/\/zenkit.com\/de\/integrationen\/moosend\/\"><span class=\"wp-block-navigation-item__label\">Moosend<\/span><\/a><\/li><li class=\" wp-block-navigation-item wp-block-navigation-link\"><a class=\"wp-block-navigation-item__content\"  href=\"https:\/\/zenkit.com\/de\/integrationen\/openai\/\"><span class=\"wp-block-navigation-item__label\">OpenAI<\/span><\/a><\/li><li class=\" wp-block-navigation-item wp-block-navigation-link\"><a class=\"wp-block-navigation-item__content\"  href=\"https:\/\/zenkit.com\/de\/integrationen\/parseur\/\"><span class=\"wp-block-navigation-item__label\">Parseur<\/span><\/a><\/li><li class=\" wp-block-navigation-item wp-block-navigation-link\"><a class=\"wp-block-navigation-item__content\"  href=\"https:\/\/zenkit.com\/de\/integrationen\/sakari-sms\/\"><span class=\"wp-block-navigation-item__label\">Sakari SMS<\/span><\/a><\/li><li class=\" wp-block-navigation-item wp-block-navigation-link\"><a class=\"wp-block-navigation-item__content\"  href=\"https:\/\/zenkit.com\/de\/integrationen\/seamless-ai\/\"><span class=\"wp-block-navigation-item__label\">Seamless.AI<\/span><\/a><\/li><li class=\" wp-block-navigation-item wp-block-navigation-link\"><a class=\"wp-block-navigation-item__content\"  href=\"https:\/\/zenkit.com\/de\/integrationen\/sendinblue\/\"><span class=\"wp-block-navigation-item__label\">SendinBlue<\/span><\/a><\/li><li class=\" wp-block-navigation-item wp-block-navigation-link\"><a class=\"wp-block-navigation-item__content\"  href=\"https:\/\/zenkit.com\/de\/integrationen\/sharpspring\/\"><span class=\"wp-block-navigation-item__label\">SharpSpring<\/span><\/a><\/li><li class=\" wp-block-navigation-item wp-block-navigation-link\"><a class=\"wp-block-navigation-item__content\"  href=\"https:\/\/zenkit.com\/de\/integrationen\/simpletexting\/\"><span class=\"wp-block-navigation-item__label\">SimpleTexting<\/span><\/a><\/li><li class=\" wp-block-navigation-item wp-block-navigation-link\"><a class=\"wp-block-navigation-item__content\"  href=\"https:\/\/zenkit.com\/de\/integrationen\/smsapi\/\"><span class=\"wp-block-navigation-item__label\">SMSAPI<\/span><\/a><\/li><li class=\" wp-block-navigation-item wp-block-navigation-link\"><a class=\"wp-block-navigation-item__content\"  href=\"https:\/\/zenkit.com\/de\/integrationen\/smsfactor\/\"><span class=\"wp-block-navigation-item__label\">SMSFactor<\/span><\/a><\/li><li class=\" wp-block-navigation-item wp-block-navigation-link\"><a class=\"wp-block-navigation-item__content\"  href=\"https:\/\/zenkit.com\/de\/integrationen\/storychief\/\"><span class=\"wp-block-navigation-item__label\">StoryChief<\/span><\/a><\/li><li class=\" wp-block-navigation-item wp-block-navigation-link\"><a class=\"wp-block-navigation-item__content\"  href=\"https:\/\/zenkit.com\/de\/integrationen\/thankster\/\"><span class=\"wp-block-navigation-item__label\">Thankster<\/span><\/a><\/li><li class=\" wp-block-navigation-item wp-block-navigation-link\"><a class=\"wp-block-navigation-item__content\"  href=\"https:\/\/zenkit.com\/de\/integrationen\/whatconverts\/\"><span class=\"wp-block-navigation-item__label\">WhatConverts<\/span><\/a><\/li><\/ul><\/nav><\/div>\n\n\n\n<div class=\"wp-block-column content__integrations is-layout-flow wp-block-column-is-layout-flow\" style=\"flex-basis:77%\">\n<div class=\"wp-block-group has-global-padding is-layout-constrained wp-block-group-is-layout-constrained\">\n<div class=\"wp-block-group title is-layout-flex wp-container-core-group-is-layout-ed4b00df wp-block-group-is-layout-flex\">\n<figure class=\"wp-block-image size-full is-resized\"><img loading=\"lazy\" decoding=\"async\" width=\"200\" height=\"200\" src=\"https:\/\/zenkit.com\/wp-content\/uploads\/2025\/07\/whatconverts.webp\" alt=\"WhatConverts  logo\" class=\"wp-image-117999\" style=\"width:auto;height:46px\" srcset=\"https:\/\/zenkit.com\/wp-content\/uploads\/2025\/07\/whatconverts.webp 200w, https:\/\/zenkit.com\/wp-content\/uploads\/2025\/07\/whatconverts-150x150.webp 150w\" sizes=\"auto, (max-width: 200px) 100vw, 200px\" \/><\/figure>\n\n\n\n<h1 class=\"wp-block-heading\">WhatConverts und Zenkit<\/h1>\n<\/div>\n\n\n\n<div class=\"wp-block-group has-global-padding is-layout-constrained wp-block-group-is-layout-constrained\">\n<p>Durch die Integration von WhatConverts und Zenkit k\u00f6nnen Nutzer ihre WhatConverts-Daten nahtlos in Zenkit importieren, dort weiterverarbeiten und analysieren.<\/p>\n\n\n\n<p>Dies erleichtert nicht nur die Verwaltung von Leads und Conversions, sondern verbessert auch die Zusammenarbeit im Team, indem alle relevanten Informationen an einem zentralen Ort zusammengef\u00fchrt werden.<\/p>\n\n\n\n<p>So k\u00f6nnen Unternehmen fundierte Entscheidungen treffen, die Effizienz ihrer Arbeitsabl\u00e4ufe steigern und letztendlich ihren Gesch\u00e4ftserfolg maximieren.<\/p>\n<\/div>\n\n\n\n<div style=\"height:48px;--tablet-height:36px;--mobile-height:24px\" class=\"wp-block-lookeen-blocks-responsive-spacer\"><\/div>\n<\/div>\n\n\n\n<div class=\"wp-block-group has-global-padding is-layout-constrained wp-block-group-is-layout-constrained\">\n<figure class=\"wp-block-video\"><video controls src=\"https:\/\/zenkit.com\/wp-content\/uploads\/2019\/07\/WhatConverts-Demo-Know-What-Converts.mp4\"><\/video><\/figure>\n<\/div>\n\n\n\n<div style=\"height:48px;--tablet-height:36px;--mobile-height:24px\" class=\"wp-block-lookeen-blocks-responsive-spacer\"><\/div>\n\n\n\n<div class=\"wp-block-group has-global-padding is-layout-constrained wp-block-group-is-layout-constrained\">\n<h3 class=\"wp-block-heading display-h2\">\u00dcber WhatConverts<\/h3>\n\n\n\n<p>WhatConverts ist eine umfassende L\u00f6sung zum Erfassen von Leads. Erfahren Sie, was den wirklichen Teil Ihres Umsatzes ausmacht mit Hilfe von:<\/p>\n\n\n\n<ul class=\"wp-block-list is-style-da-left-indent\">\n<li>Formularen<\/li>\n\n\n\n<li>E-Commerce<\/li>\n\n\n\n<li>Internetchats<\/li>\n\n\n\n<li>und Anrufverfolgung<\/li>\n<\/ul>\n\n\n\n<p>Was hat einen potentiellen Kunden wirklich dazu bewegt, Kontakt mit Ihnen aufzunehmen? WhatConverts kann Ihnen die Antwort darauf liefern. Egal \u00fcber welchen dieser Wege:<\/p>\n\n\n\n<ul class=\"wp-block-list is-style-da-left-indent\">\n<li>organischer Traffic<\/li>\n\n\n\n<li>direkter Traffic<\/li>\n\n\n\n<li>Pay-per-Click<\/li>\n\n\n\n<li>Soziale Medien<\/li>\n\n\n\n<li>oder verweisende Seiten<\/li>\n<\/ul>\n\n\n\n<p>WhatConverts l\u00e4sst Sie erkennen, welcher Marketingkanal der profitabelste f\u00fcr Sie ist. Mit der Funktion der Lead-Qualifizierung k\u00f6nnen Sie abw\u00e4gen, welche Leads sich f\u00fcr den weiteren Marketingprozess eignen. Auf diese kann dann der Fokus gesetzt werden.<\/p>\n<\/div>\n\n\n\n<div style=\"height:48px;--tablet-height:36px;--mobile-height:24px\" class=\"wp-block-lookeen-blocks-responsive-spacer\"><\/div>\n\n\n\n<div class=\"wp-block-group has-global-padding is-layout-constrained wp-block-group-is-layout-constrained\">\n<h3 class=\"wp-block-heading display-h2\">\u00dcber Zenkit<\/h3>\n\n\n\n<p><a href=\"https:\/\/zenkit.com\/de\">Zenkit<\/a>&nbsp;ist eine vielseitige Online-Plattform zur Organisation und Verwaltung von Projekten und Aufgaben. Mit Funktionen wie Kanban-Boards, Tabellen, Kalenderansichten und Gantt-Diagrammen erm\u00f6glicht Zenkit eine flexible und effiziente Projektsteuerung<\/p>\n\n\n\n<p>Zenkit wurde in Deutschland entwickelt und mit deutschen Serverstandorten wird f\u00fcr h\u00f6chste Sicherheits- und Datenschutzstandards gem\u00e4\u00df der Datenschutz-Grundverordnung (DSGVO) gesorgt. Verschl\u00fcsselte Daten\u00fcbertragung, redundante Server und regelm\u00e4\u00dfige Backups sorgen daf\u00fcr, dass die Daten der Benutzer stets gesch\u00fctzt sind.<\/p>\n\n\n\n<p>Mit mobilen Apps f\u00fcr iOS und Android bleibt Zenkit auch unterwegs stets zug\u00e4nglich, was die Produktivit\u00e4t und Flexibilit\u00e4t weiter erh\u00f6ht.&nbsp;<a href=\"https:\/\/app.zenkit.com\/register\">Erstellen Sie Ihr kostenloses Konto!<\/a><\/p>\n<\/div>\n\n\n\n<div style=\"height:48px;--tablet-height:36px;--mobile-height:24px\" class=\"wp-block-lookeen-blocks-responsive-spacer\"><\/div>\n\n\n\n<div class=\"wp-block-group has-global-padding is-layout-constrained wp-block-group-is-layout-constrained\">\n<h3 class=\"wp-block-heading display-h2\">Wie synchronisieren Sie WhatConverts und Zenkit?<\/h3>\n\n\n\n<ol class=\"wp-block-list list__style__position-inside\">\n<li><a href=\"https:\/\/zapier.com\/sign-up\/\">Registrieren Sie sich<\/a>\u00a0f\u00fcr einen Zapier-Account um Zugang zu Zapier zu enthalten.<\/li>\n\n\n\n<li><a href=\"https:\/\/app.whatconverts.com\/login\/\">Erstelle ein Konto<\/a>\u00a0bei WhatConverts.<\/li>\n\n\n\n<li>Melden Sie sich bei Zapier an und gehen Sie zum\u00a0<a href=\"https:\/\/zapier.com\/app-directory\/whatconverts\/integrations\/zenkit\">Zenkit + WhatConverts Zapbook<\/a>, um Zap-Vorlagen zu finden.<\/li>\n\n\n\n<li>Sie k\u00f6nnen auch Ihre eigene Zenkit und WhatConverts-Integration erstellen, indem Sie diese beim Erstellen eines Zaps ausw\u00e4hlen.<\/li>\n<\/ol>\n<\/div>\n\n\n\n<div style=\"height:48px;--tablet-height:36px;--mobile-height:24px\" class=\"wp-block-lookeen-blocks-responsive-spacer\"><\/div>\n\n\n\n<div class=\"wp-block-group has-global-padding is-layout-constrained wp-block-group-is-layout-constrained\">\n<script type=\"text\/javascript\" src=\"https:\/\/zapier.com\/apps\/embed\/widget.js?guided_zaps=60368\"><\/script>\n<\/div>\n\n\n\n<div style=\"height:48px;--tablet-height:36px;--mobile-height:24px\" class=\"wp-block-lookeen-blocks-responsive-spacer\"><\/div>\n\n\n\n<div class=\"wp-block-group has-global-padding is-layout-constrained wp-block-group-is-layout-constrained\">\n<h3 class=\"wp-block-heading display-h2\">Wer profitiert von der WhatConverts und Zenkit Integration?<\/h3>\n\n\n\n<ul class=\"wp-block-list is-style-da-left-indent\">\n<li><strong>Marketingteams, die detaillierte Einblicke in ihre Kundenkontakte und Kampagnenergebnisse ben\u00f6tigen:<\/strong>\u00a0Durch die Integration von WhatConverts mit Zenkit k\u00f6nnen Marketingexperten alle eingehenden Leads und Anrufe nahtlos verfolgen und analysieren. Dies erm\u00f6glicht eine pr\u00e4zise Bewertung der Kampagnenleistung und eine bessere Optimierung zuk\u00fcnftiger Marketingstrategien, da alle Daten zentral organisiert und leicht zug\u00e4nglich sind.<\/li>\n\n\n\n<li><strong>Verkaufsabteilungen, die ihre Lead-Management-Prozesse optimieren m\u00f6chten:<\/strong>\u00a0Vertriebsmitarbeiter k\u00f6nnen von der Integration profitieren, indem sie s\u00e4mtliche Kundenanfragen und Verkaufschancen in Echtzeit erfassen und verwalten. Durch die automatische Synchronisation der Daten zwischen WhatConverts und Zenkit wird die Nachverfolgung von Leads vereinfacht und die Effizienz des Verkaufsteams gesteigert, was letztendlich zu einer h\u00f6heren Konversionsrate und gesteigertem Umsatz f\u00fchrt.<\/li>\n<\/ul>\n<\/div>\n\n\n\n<div style=\"height:48px;--tablet-height:36px;--mobile-height:24px\" class=\"wp-block-lookeen-blocks-responsive-spacer\"><\/div>\n\n\n\n<div class=\"wp-block-group has-global-padding is-layout-constrained wp-block-group-is-layout-constrained\">\n<h3 class=\"wp-block-heading display-h2\">Weitere Integrations-Details<\/h3>\n\n\n\n<ul class=\"wp-block-list is-style-da-left-indent\">\n<li>Unterst\u00fctzt von Zapier: Bitte kontaktieren Sie den\u00a0<a href=\"https:\/\/zapier.com\/app\/get-help\">Zapier-Support<\/a>, wenn Sie Probleme haben.<\/li>\n\n\n\n<li>F\u00fcr weitere Informationen zur Verwendung von Zenkit mit Zapier lesen Sie bitte unsere\u00a0<a href=\"https:\/\/help.zenkit.com\/de\/support\/solutions\/articles\/43000590360-andere-apps-mit-zapier-in-zenkit-integrieren\">Dokumentation<\/a>.<\/li>\n<\/ul>\n<\/div>\n<\/div>\n<\/div>\n<\/div>\n\n\n\n<div style=\"height:110px;--tablet-height:60px;--mobile-height:48px\" class=\"wp-block-lookeen-blocks-responsive-spacer\"><\/div>\n","protected":false},"excerpt":{"rendered":"<p>Marketing-Automatisierungs Integrationen WhatConverts und Zenkit Durch die Integration von WhatConverts und Zenkit k\u00f6nnen Nutzer ihre WhatConverts-Daten nahtlos in Zenkit importieren, dort weiterverarbeiten und analysieren. Dies erleichtert nicht nur die Verwaltung von Leads und Conversions, sondern verbessert auch die Zusammenarbeit im Team, indem alle relevanten Informationen an einem zentralen Ort zusammengef\u00fchrt werden. So k\u00f6nnen Unternehmen fundierte [&hellip;]<\/p>\n","protected":false},"author":15,"featured_media":0,"parent":67564,"menu_order":61,"comment_status":"closed","ping_status":"closed","template":"","meta":{"yasr_overall_rating":0,"yasr_post_is_review":"","yasr_auto_insert_disabled":"","yasr_review_type":"","footnotes":""},"class_list":["post-32300","page","type-page","status-publish","hentry"],"yoast_head":"<!-- This site is optimized with the Yoast SEO plugin v27.4 - https:\/\/yoast.com\/product\/yoast-seo-wordpress\/ -->\n<title>WhatConverts | Zenkit Integrationen<\/title>\n<meta name=\"description\" content=\"Sie m\u00f6chten mit Ihren Leads weiterarbeiten? Verkn\u00fcpfen Sie WhatConverts mit Zenkit und verwalten Sie all Ihre Kontakte in Zenkit Collections.\" \/>\n<meta name=\"robots\" content=\"index, follow, max-snippet:-1, max-image-preview:large, max-video-preview:-1\" \/>\n<link rel=\"canonical\" href=\"https:\/\/zenkit.com\/de\/integrationen\/whatconverts\/\" \/>\n<meta property=\"og:locale\" content=\"de_DE\" \/>\n<meta property=\"og:type\" content=\"article\" \/>\n<meta property=\"og:title\" content=\"WhatConverts | Zenkit Integrationen\" \/>\n<meta property=\"og:description\" content=\"Sie m\u00f6chten mit Ihren Leads weiterarbeiten? Verkn\u00fcpfen Sie WhatConverts mit Zenkit und verwalten Sie all Ihre Kontakte in Zenkit Collections.\" \/>\n<meta property=\"og:url\" content=\"https:\/\/zenkit.com\/de\/integrationen\/whatconverts\/\" \/>\n<meta property=\"og:site_name\" content=\"Zenkit\" \/>\n<meta property=\"article:publisher\" content=\"https:\/\/www.facebook.com\/ZenkitHQ\" \/>\n<meta property=\"article:modified_time\" content=\"2025-11-04T05:53:10+00:00\" \/>\n<meta property=\"og:image\" content=\"https:\/\/zenkit.com\/wp-content\/uploads\/2025\/07\/whatconverts.webp\" \/>\n<meta name=\"twitter:card\" content=\"summary_large_image\" \/>\n<meta name=\"twitter:site\" content=\"@ZenkitHQ\" \/>\n<script type=\"application\/ld+json\" class=\"yoast-schema-graph\">{\"@context\":\"https:\\\/\\\/schema.org\",\"@graph\":[{\"@type\":\"WebPage\",\"@id\":\"https:\\\/\\\/zenkit.com\\\/de\\\/integrationen\\\/whatconverts\\\/\",\"url\":\"https:\\\/\\\/zenkit.com\\\/de\\\/integrationen\\\/whatconverts\\\/\",\"name\":\"WhatConverts | Zenkit Integrationen\",\"isPartOf\":{\"@id\":\"https:\\\/\\\/zenkit.com\\\/de\\\/#website\"},\"primaryImageOfPage\":{\"@id\":\"https:\\\/\\\/zenkit.com\\\/de\\\/integrationen\\\/whatconverts\\\/#primaryimage\"},\"image\":{\"@id\":\"https:\\\/\\\/zenkit.com\\\/de\\\/integrationen\\\/whatconverts\\\/#primaryimage\"},\"thumbnailUrl\":\"https:\\\/\\\/zenkit.com\\\/wp-content\\\/uploads\\\/2025\\\/07\\\/whatconverts.webp\",\"datePublished\":\"2019-07-18T12:50:54+00:00\",\"dateModified\":\"2025-11-04T05:53:10+00:00\",\"description\":\"Sie m\u00f6chten mit Ihren Leads weiterarbeiten? Verkn\u00fcpfen Sie WhatConverts mit Zenkit und verwalten Sie all Ihre Kontakte in Zenkit Collections.\",\"breadcrumb\":{\"@id\":\"https:\\\/\\\/zenkit.com\\\/de\\\/integrationen\\\/whatconverts\\\/#breadcrumb\"},\"inLanguage\":\"de\",\"potentialAction\":[{\"@type\":\"ReadAction\",\"target\":[\"https:\\\/\\\/zenkit.com\\\/de\\\/integrationen\\\/whatconverts\\\/\"]}]},{\"@type\":\"ImageObject\",\"inLanguage\":\"de\",\"@id\":\"https:\\\/\\\/zenkit.com\\\/de\\\/integrationen\\\/whatconverts\\\/#primaryimage\",\"url\":\"https:\\\/\\\/zenkit.com\\\/wp-content\\\/uploads\\\/2025\\\/07\\\/whatconverts.webp\",\"contentUrl\":\"https:\\\/\\\/zenkit.com\\\/wp-content\\\/uploads\\\/2025\\\/07\\\/whatconverts.webp\"},{\"@type\":\"BreadcrumbList\",\"@id\":\"https:\\\/\\\/zenkit.com\\\/de\\\/integrationen\\\/whatconverts\\\/#breadcrumb\",\"itemListElement\":[{\"@type\":\"ListItem\",\"position\":1,\"name\":\"Home\",\"item\":\"https:\\\/\\\/zenkit.com\\\/de\\\/\"},{\"@type\":\"ListItem\",\"position\":2,\"name\":\"Integrationen\",\"item\":\"https:\\\/\\\/zenkit.com\\\/de\\\/integrationen\\\/\"},{\"@type\":\"ListItem\",\"position\":3,\"name\":\"WhatConverts\"}]},{\"@type\":\"WebSite\",\"@id\":\"https:\\\/\\\/zenkit.com\\\/de\\\/#website\",\"url\":\"https:\\\/\\\/zenkit.com\\\/de\\\/\",\"name\":\"Zenkit\",\"description\":\"Zenkit Tagline\",\"potentialAction\":[{\"@type\":\"SearchAction\",\"target\":{\"@type\":\"EntryPoint\",\"urlTemplate\":\"https:\\\/\\\/zenkit.com\\\/de\\\/?s={search_term_string}\"},\"query-input\":{\"@type\":\"PropertyValueSpecification\",\"valueRequired\":true,\"valueName\":\"search_term_string\"}}],\"inLanguage\":\"de\"},false]}<\/script>\n<!-- \/ Yoast SEO plugin. -->","yoast_head_json":{"title":"WhatConverts | Zenkit Integrationen","description":"Sie m\u00f6chten mit Ihren Leads weiterarbeiten? Verkn\u00fcpfen Sie WhatConverts mit Zenkit und verwalten Sie all Ihre Kontakte in Zenkit Collections.","robots":{"index":"index","follow":"follow","max-snippet":"max-snippet:-1","max-image-preview":"max-image-preview:large","max-video-preview":"max-video-preview:-1"},"canonical":"https:\/\/zenkit.com\/de\/integrationen\/whatconverts\/","og_locale":"de_DE","og_type":"article","og_title":"WhatConverts | Zenkit Integrationen","og_description":"Sie m\u00f6chten mit Ihren Leads weiterarbeiten? Verkn\u00fcpfen Sie WhatConverts mit Zenkit und verwalten Sie all Ihre Kontakte in Zenkit Collections.","og_url":"https:\/\/zenkit.com\/de\/integrationen\/whatconverts\/","og_site_name":"Zenkit","article_publisher":"https:\/\/www.facebook.com\/ZenkitHQ","article_modified_time":"2025-11-04T05:53:10+00:00","og_image":[{"url":"https:\/\/zenkit.com\/wp-content\/uploads\/2025\/07\/whatconverts.webp","type":"","width":"","height":""}],"twitter_card":"summary_large_image","twitter_site":"@ZenkitHQ","schema":{"@context":"https:\/\/schema.org","@graph":[{"@type":"WebPage","@id":"https:\/\/zenkit.com\/de\/integrationen\/whatconverts\/","url":"https:\/\/zenkit.com\/de\/integrationen\/whatconverts\/","name":"WhatConverts | Zenkit Integrationen","isPartOf":{"@id":"https:\/\/zenkit.com\/de\/#website"},"primaryImageOfPage":{"@id":"https:\/\/zenkit.com\/de\/integrationen\/whatconverts\/#primaryimage"},"image":{"@id":"https:\/\/zenkit.com\/de\/integrationen\/whatconverts\/#primaryimage"},"thumbnailUrl":"https:\/\/zenkit.com\/wp-content\/uploads\/2025\/07\/whatconverts.webp","datePublished":"2019-07-18T12:50:54+00:00","dateModified":"2025-11-04T05:53:10+00:00","description":"Sie m\u00f6chten mit Ihren Leads weiterarbeiten? Verkn\u00fcpfen Sie WhatConverts mit Zenkit und verwalten Sie all Ihre Kontakte in Zenkit Collections.","breadcrumb":{"@id":"https:\/\/zenkit.com\/de\/integrationen\/whatconverts\/#breadcrumb"},"inLanguage":"de","potentialAction":[{"@type":"ReadAction","target":["https:\/\/zenkit.com\/de\/integrationen\/whatconverts\/"]}]},{"@type":"ImageObject","inLanguage":"de","@id":"https:\/\/zenkit.com\/de\/integrationen\/whatconverts\/#primaryimage","url":"https:\/\/zenkit.com\/wp-content\/uploads\/2025\/07\/whatconverts.webp","contentUrl":"https:\/\/zenkit.com\/wp-content\/uploads\/2025\/07\/whatconverts.webp"},{"@type":"BreadcrumbList","@id":"https:\/\/zenkit.com\/de\/integrationen\/whatconverts\/#breadcrumb","itemListElement":[{"@type":"ListItem","position":1,"name":"Home","item":"https:\/\/zenkit.com\/de\/"},{"@type":"ListItem","position":2,"name":"Integrationen","item":"https:\/\/zenkit.com\/de\/integrationen\/"},{"@type":"ListItem","position":3,"name":"WhatConverts"}]},{"@type":"WebSite","@id":"https:\/\/zenkit.com\/de\/#website","url":"https:\/\/zenkit.com\/de\/","name":"Zenkit","description":"Zenkit Tagline","potentialAction":[{"@type":"SearchAction","target":{"@type":"EntryPoint","urlTemplate":"https:\/\/zenkit.com\/de\/?s={search_term_string}"},"query-input":{"@type":"PropertyValueSpecification","valueRequired":true,"valueName":"search_term_string"}}],"inLanguage":"de"},false]}},"yasr_visitor_votes":{"stars_attributes":{"read_only":false,"span_bottom":false},"number_of_votes":0,"sum_votes":0},"_links":{"self":[{"href":"https:\/\/zenkit.com\/de\/wp-json\/wp\/v2\/pages\/32300","targetHints":{"allow":["GET"]}}],"collection":[{"href":"https:\/\/zenkit.com\/de\/wp-json\/wp\/v2\/pages"}],"about":[{"href":"https:\/\/zenkit.com\/de\/wp-json\/wp\/v2\/types\/page"}],"author":[{"embeddable":true,"href":"https:\/\/zenkit.com\/de\/wp-json\/wp\/v2\/users\/15"}],"replies":[{"embeddable":true,"href":"https:\/\/zenkit.com\/de\/wp-json\/wp\/v2\/comments?post=32300"}],"version-history":[{"count":2,"href":"https:\/\/zenkit.com\/de\/wp-json\/wp\/v2\/pages\/32300\/revisions"}],"predecessor-version":[{"id":118012,"href":"https:\/\/zenkit.com\/de\/wp-json\/wp\/v2\/pages\/32300\/revisions\/118012"}],"up":[{"embeddable":true,"href":"https:\/\/zenkit.com\/de\/wp-json\/wp\/v2\/pages\/67564"}],"wp:attachment":[{"href":"https:\/\/zenkit.com\/de\/wp-json\/wp\/v2\/media?parent=32300"}],"curies":[{"name":"wp","href":"https:\/\/api.w.org\/{rel}","templated":true}]}}