{"id":32439,"date":"2019-10-04T15:15:43","date_gmt":"2019-10-04T13:15:43","guid":{"rendered":"https:\/\/zenkit.com\/funktionen\/subitems-and-hierarchy\/"},"modified":"2025-09-17T07:17:27","modified_gmt":"2025-09-17T05:17:27","slug":"teilaufgaben-und-hierarchien","status":"publish","type":"page","link":"https:\/\/zenkit.com\/de\/teilaufgaben-und-hierarchien\/","title":{"rendered":"Hierarchien und Teilaufgaben"},"content":{"rendered":"\n<div class=\"wp-block-group page__header has-global-padding is-layout-constrained wp-block-group-is-layout-constrained\">\n<div class=\"wp-block-group has-global-padding is-layout-constrained wp-block-group-is-layout-constrained\">\n<div style=\"height:45px;--tablet-height:45px;--mobile-height:16px\" class=\"wp-block-lookeen-blocks-responsive-spacer\"><\/div>\n\n\n\n<div class=\"wp-block-group has-global-padding is-layout-constrained wp-block-group-is-layout-constrained\">\n<figure class=\"wp-block-image aligncenter size-full\"><img loading=\"lazy\" decoding=\"async\" width=\"1225\" height=\"689\" src=\"https:\/\/zenkit.com\/wp-content\/uploads\/2025\/05\/Hierarchy-and-subtasks.png\" alt=\"Subitems and Hierarchy\" class=\"wp-image-115412\" srcset=\"https:\/\/zenkit.com\/wp-content\/uploads\/2025\/05\/Hierarchy-and-subtasks.png 1225w, https:\/\/zenkit.com\/wp-content\/uploads\/2025\/05\/Hierarchy-and-subtasks-300x169.png 300w, https:\/\/zenkit.com\/wp-content\/uploads\/2025\/05\/Hierarchy-and-subtasks-1024x576.png 1024w, https:\/\/zenkit.com\/wp-content\/uploads\/2025\/05\/Hierarchy-and-subtasks-768x432.png 768w\" sizes=\"auto, (max-width: 1225px) 100vw, 1225px\" \/><\/figure>\n<\/div>\n\n\n\n<div style=\"height:48px;--tablet-height:36px;--mobile-height:24px\" class=\"wp-block-lookeen-blocks-responsive-spacer\"><\/div>\n\n\n\n<div class=\"wp-block-group has-global-padding is-layout-constrained wp-block-group-is-layout-constrained\" style=\"margin-bottom:8px\">\n<p class=\"has-text-align-center\">Verlieren Sie oft den \u00dcberblick in besonders gro\u00dfen oder komplexen Projekten?<\/p>\n\n\n\n<p class=\"has-text-align-center\">In diesem Fall empfiehlt es sich, umfangreich Projekte in mehrere kleine Teilaufgaben zu unterteilen. Diese k\u00f6nnen Sie dann Schritt f\u00fcr Schritt bearbeiten, ohne von der F\u00fclle an Aufgaben \u00fcberw\u00e4ltigt zu werden.<\/p>\n\n\n\n<p class=\"has-text-align-center\"><em>Das Problem dabei:&nbsp;<\/em>Dies f\u00fchrt oftmals zu langen Listen oder \u00fcbervollen Kanban Boards und bringt meist selten wirkliche Klarheit und Struktur.<\/p>\n\n\n\n<p class=\"has-text-align-center\"><em>Die L\u00f6sung\u2026<\/em><\/p>\n<\/div>\n<\/div>\n\n\n\n<div style=\"height:88px;--tablet-height:72px;--mobile-height:40px\" class=\"wp-block-lookeen-blocks-responsive-spacer\"><\/div>\n<\/div>\n\n\n\n<div class=\"wp-block-group page__header has-da-blue-light-background-color has-background has-global-padding is-layout-constrained wp-block-group-is-layout-constrained\">\n<div style=\"height:88px;--tablet-height:72px;--mobile-height:40px\" class=\"wp-block-lookeen-blocks-responsive-spacer\"><\/div>\n\n\n\n<div class=\"wp-block-group has-global-padding is-layout-constrained wp-container-core-group-is-layout-bea02a06 wp-block-group-is-layout-constrained\">\n<div class=\"wp-block-group has-global-padding is-layout-constrained wp-block-group-is-layout-constrained\">\n<h2 class=\"wp-block-heading has-text-align-center\">Hierarchien und Teilaufgaben<\/h2>\n\n\n\n<p class=\"has-text-align-center\">Mit Teilaufgaben lassen sich gro\u00dfe Aufgaben unkompliziert in leicht umsetzbare Teilaufgaben splitten.<\/p>\n\n\n\n<p class=\"has-text-align-center\">Mit unserem\u201cTeilaufgaben-Feld\u201c erstellen f\u00fcgen Sie Items schnell und einfach Teilaufgaben hinzu und erstellen eine Hierarchie, die Ihnen \u00fcbersichtlich anzeigt, welche Aufgaben zueinander geh\u00f6ren.<\/p>\n\n\n\n<p class=\"has-text-align-center\">Anders als bei Checklisten k\u00f6nnen den Teilaufgaben verschiedene Informationen hinzugef\u00fcgt werden \u2013 F\u00e4lligkeitsdaten, zugewiesene Mitarbeiter, Labels oder weitere Daten, die Sie hinterlegen m\u00f6chten.<\/p>\n<\/div>\n\n\n\n<div style=\"height:48px;--tablet-height:36px;--mobile-height:24px\" class=\"wp-block-lookeen-blocks-responsive-spacer\"><\/div>\n\n\n\n<figure class=\"wp-block-embed is-type-rich is-provider-embed-handler wp-block-embed-embed-handler wp-embed-aspect-16-9 wp-has-aspect-ratio border-radius--20 overflow__hidden  box__shadow\" style=\"margin-top:0px;margin-right:0px;margin-bottom:0px;margin-left:0px\"><div class=\"wp-block-embed__wrapper\">\n<iframe loading=\"lazy\" title=\"Reinventing Kanban with Zenkit\" width=\"500\" height=\"281\" src=\"https:\/\/www.youtube.com\/embed\/XP8HhKX36sg?feature=oembed\" frameborder=\"0\" allow=\"accelerometer; autoplay; clipboard-write; encrypted-media; gyroscope; picture-in-picture; web-share\" referrerpolicy=\"strict-origin-when-cross-origin\" allowfullscreen><\/iframe>\n<\/div><\/figure>\n\n\n\n<div style=\"height:48px;--tablet-height:36px;--mobile-height:24px\" class=\"wp-block-lookeen-blocks-responsive-spacer\"><\/div>\n\n\n\n<div class=\"wp-block-buttons is-content-justification-center is-layout-flex wp-container-core-buttons-is-layout-f78c5dac wp-block-buttons-is-layout-flex\" style=\"margin-top:0px;margin-bottom:0px\">\n<div class=\"wp-block-button\"><a class=\"wp-block-button__link wp-element-button\" href=\"https:\/\/app.zenkit.com\/register\" target=\"_blank\" rel=\"noreferrer noopener\">Jetzt kostenlos anmelden<\/a><\/div>\n<\/div>\n<\/div>\n\n\n\n<div style=\"height:88px;--tablet-height:72px;--mobile-height:40px\" class=\"wp-block-lookeen-blocks-responsive-spacer\"><\/div>\n<\/div>\n\n\n\n<div class=\"wp-block-group page__header has-global-padding is-layout-constrained wp-block-group-is-layout-constrained\">\n<div style=\"height:88px;--tablet-height:72px;--mobile-height:40px\" class=\"wp-block-lookeen-blocks-responsive-spacer\"><\/div>\n\n\n\n<h2 class=\"wp-block-heading has-text-align-center\">Verwandte Aufgaben mit nur einem Klick anzeigen<\/h2>\n\n\n\n<p class=\"has-text-align-center\">Das wahre Potential dieser Funktionen wird im Kanban Board deutlich. Nutzen Sie die \u201eFilter f\u00fcr Teilaufgaben\u201c-Funktion, um sich alle Aufgaben anzeigen zu lassen, die in Relation zueinander stehen. So behalten Sie den \u00dcberblick, verstehen Zusammenh\u00e4nge und decken Engp\u00e4sse schnell auf.<\/p>\n\n\n\n<figure class=\"wp-block-image aligncenter size-full\"><img loading=\"lazy\" decoding=\"async\" width=\"400\" height=\"400\" src=\"https:\/\/zenkit.com\/wp-content\/uploads\/2025\/05\/Zenkit_Hierarchy_Filters_400x400.gif\" alt=\"Verwandte Aufgaben mit nur einem Klick anzeigen\" class=\"wp-image-115433\"\/><\/figure>\n\n\n\n<p class=\"has-text-align-center\" style=\"margin-top:0px;margin-bottom:0px\">Der \u201eHierarchie-Filter\u201c erm\u00f6glicht es, alle Aufgaben innerhalb einer bestimmten Hierarchie-Ebene aufzurufen. So k\u00f6nnen Sie sich auf Ihre Hauptaufgaben konzentrieren oder das Projekt bis ins Detail betrachten.<\/p>\n\n\n\n<div style=\"height:48px;--tablet-height:36px;--mobile-height:24px\" class=\"wp-block-lookeen-blocks-responsive-spacer\"><\/div>\n\n\n\n<div class=\"wp-block-buttons is-content-justification-center is-layout-flex wp-container-core-buttons-is-layout-f78c5dac wp-block-buttons-is-layout-flex\" style=\"margin-top:0px;margin-bottom:0px\">\n<div class=\"wp-block-button\"><a class=\"wp-block-button__link wp-element-button\" href=\"https:\/\/app.zenkit.com\/register\" target=\"_blank\" rel=\"noreferrer noopener\">Jetzt kostenlos anmelden<\/a><\/div>\n<\/div>\n\n\n\n<div style=\"height:48px;--tablet-height:36px;--mobile-height:24px\" class=\"wp-block-lookeen-blocks-responsive-spacer\"><\/div>\n\n\n\n<p class=\"has-text-align-center\">Erfahren Sie jetzt mehr dar\u00fcber, wie Teilaufgaben und Hierarchien Ihr Projektmanagement revolutionieren k\u00f6nnen<br><a href=\"https:\/\/zenkit.com\/blog\/subitems-and-hierarchy-for-zenkit\/\">Blog<\/a>\u00a0| Hierarchie Wissensdatenbank | Teilaufgaben Wissensdatenbank<\/p>\n<\/div>\n\n\n\n<div style=\"height:110px;--tablet-height:60px;--mobile-height:48px\" class=\"wp-block-lookeen-blocks-responsive-spacer\"><\/div>\n","protected":false},"excerpt":{"rendered":"<p>Verlieren Sie oft den \u00dcberblick in besonders gro\u00dfen oder komplexen Projekten? In diesem Fall empfiehlt es sich, umfangreich Projekte in mehrere kleine Teilaufgaben zu unterteilen. Diese k\u00f6nnen Sie dann Schritt f\u00fcr Schritt bearbeiten, ohne von der F\u00fclle an Aufgaben \u00fcberw\u00e4ltigt zu werden. Das Problem dabei:&nbsp;Dies f\u00fchrt oftmals zu langen Listen oder \u00fcbervollen Kanban Boards und [&hellip;]<\/p>\n","protected":false},"author":6,"featured_media":0,"parent":0,"menu_order":0,"comment_status":"closed","ping_status":"closed","template":"","meta":{"yasr_overall_rating":0,"yasr_post_is_review":"","yasr_auto_insert_disabled":"","yasr_review_type":"","footnotes":""},"class_list":["post-32439","page","type-page","status-publish","hentry"],"yoast_head":"<!-- This site is optimized with the Yoast SEO plugin v27.5 - https:\/\/yoast.com\/product\/yoast-seo-wordpress\/ -->\n<title>Hierarchien und Teilaufgaben | Zenkit<\/title>\n<meta name=\"description\" content=\"Bringen Sie jetzt Klarheit und Struktur in Ihr Projektmanagement. Mit Teilaufgaben und Hierachien in Zenkit lassen sich umfangreiche Projekte einfach h\u00e4ndeln.\" \/>\n<meta name=\"robots\" content=\"index, follow, max-snippet:-1, max-image-preview:large, max-video-preview:-1\" \/>\n<link rel=\"canonical\" href=\"https:\/\/zenkit.com\/de\/teilaufgaben-und-hierarchien\/\" \/>\n<meta property=\"og:locale\" content=\"de_DE\" \/>\n<meta property=\"og:type\" content=\"article\" \/>\n<meta property=\"og:title\" content=\"Hierarchien und Teilaufgaben | Zenkit\" \/>\n<meta property=\"og:description\" content=\"Bringen Sie jetzt Klarheit und Struktur in Ihr Projektmanagement. Mit Teilaufgaben und Hierachien in Zenkit lassen sich umfangreiche Projekte einfach h\u00e4ndeln.\" \/>\n<meta property=\"og:url\" content=\"https:\/\/zenkit.com\/de\/teilaufgaben-und-hierarchien\/\" \/>\n<meta property=\"og:site_name\" content=\"Zenkit\" \/>\n<meta property=\"article:publisher\" content=\"https:\/\/www.facebook.com\/ZenkitHQ\" \/>\n<meta property=\"article:modified_time\" content=\"2025-09-17T05:17:27+00:00\" \/>\n<meta property=\"og:image\" content=\"https:\/\/zenkit.com\/wp-content\/uploads\/2025\/05\/Hierarchy-and-subtasks.png\" \/>\n<meta name=\"twitter:card\" content=\"summary_large_image\" \/>\n<meta name=\"twitter:site\" content=\"@ZenkitHQ\" \/>\n<meta name=\"twitter:label1\" content=\"Gesch\u00e4tzte Lesezeit\" \/>\n\t<meta name=\"twitter:data1\" content=\"16\u00a0Minuten\" \/>\n<script type=\"application\/ld+json\" class=\"yoast-schema-graph\">{\"@context\":\"https:\\\/\\\/schema.org\",\"@graph\":[{\"@type\":\"WebPage\",\"@id\":\"https:\\\/\\\/zenkit.com\\\/de\\\/teilaufgaben-und-hierarchien\\\/\",\"url\":\"https:\\\/\\\/zenkit.com\\\/de\\\/teilaufgaben-und-hierarchien\\\/\",\"name\":\"Hierarchien und Teilaufgaben | Zenkit\",\"isPartOf\":{\"@id\":\"https:\\\/\\\/zenkit.com\\\/de\\\/#website\"},\"primaryImageOfPage\":{\"@id\":\"https:\\\/\\\/zenkit.com\\\/de\\\/teilaufgaben-und-hierarchien\\\/#primaryimage\"},\"image\":{\"@id\":\"https:\\\/\\\/zenkit.com\\\/de\\\/teilaufgaben-und-hierarchien\\\/#primaryimage\"},\"thumbnailUrl\":\"https:\\\/\\\/zenkit.com\\\/wp-content\\\/uploads\\\/2025\\\/05\\\/Hierarchy-and-subtasks.png\",\"datePublished\":\"2019-10-04T13:15:43+00:00\",\"dateModified\":\"2025-09-17T05:17:27+00:00\",\"description\":\"Bringen Sie jetzt Klarheit und Struktur in Ihr Projektmanagement. Mit Teilaufgaben und Hierachien in Zenkit lassen sich umfangreiche Projekte einfach h\u00e4ndeln.\",\"breadcrumb\":{\"@id\":\"https:\\\/\\\/zenkit.com\\\/de\\\/teilaufgaben-und-hierarchien\\\/#breadcrumb\"},\"inLanguage\":\"de\",\"potentialAction\":[{\"@type\":\"ReadAction\",\"target\":[\"https:\\\/\\\/zenkit.com\\\/de\\\/teilaufgaben-und-hierarchien\\\/\"]}]},{\"@type\":\"ImageObject\",\"inLanguage\":\"de\",\"@id\":\"https:\\\/\\\/zenkit.com\\\/de\\\/teilaufgaben-und-hierarchien\\\/#primaryimage\",\"url\":\"https:\\\/\\\/zenkit.com\\\/wp-content\\\/uploads\\\/2025\\\/05\\\/Hierarchy-and-subtasks.png\",\"contentUrl\":\"https:\\\/\\\/zenkit.com\\\/wp-content\\\/uploads\\\/2025\\\/05\\\/Hierarchy-and-subtasks.png\"},{\"@type\":\"BreadcrumbList\",\"@id\":\"https:\\\/\\\/zenkit.com\\\/de\\\/teilaufgaben-und-hierarchien\\\/#breadcrumb\",\"itemListElement\":[{\"@type\":\"ListItem\",\"position\":1,\"name\":\"Home\",\"item\":\"https:\\\/\\\/zenkit.com\\\/de\\\/\"},{\"@type\":\"ListItem\",\"position\":2,\"name\":\"Hierarchien und Teilaufgaben\"}]},{\"@type\":\"WebSite\",\"@id\":\"https:\\\/\\\/zenkit.com\\\/de\\\/#website\",\"url\":\"https:\\\/\\\/zenkit.com\\\/de\\\/\",\"name\":\"Zenkit\",\"description\":\"Zenkit Tagline\",\"potentialAction\":[{\"@type\":\"SearchAction\",\"target\":{\"@type\":\"EntryPoint\",\"urlTemplate\":\"https:\\\/\\\/zenkit.com\\\/de\\\/?s={search_term_string}\"},\"query-input\":{\"@type\":\"PropertyValueSpecification\",\"valueRequired\":true,\"valueName\":\"search_term_string\"}}],\"inLanguage\":\"de\"},false]}<\/script>\n<!-- \/ Yoast SEO plugin. -->","yoast_head_json":{"title":"Hierarchien und Teilaufgaben | Zenkit","description":"Bringen Sie jetzt Klarheit und Struktur in Ihr Projektmanagement. Mit Teilaufgaben und Hierachien in Zenkit lassen sich umfangreiche Projekte einfach h\u00e4ndeln.","robots":{"index":"index","follow":"follow","max-snippet":"max-snippet:-1","max-image-preview":"max-image-preview:large","max-video-preview":"max-video-preview:-1"},"canonical":"https:\/\/zenkit.com\/de\/teilaufgaben-und-hierarchien\/","og_locale":"de_DE","og_type":"article","og_title":"Hierarchien und Teilaufgaben | Zenkit","og_description":"Bringen Sie jetzt Klarheit und Struktur in Ihr Projektmanagement. Mit Teilaufgaben und Hierachien in Zenkit lassen sich umfangreiche Projekte einfach h\u00e4ndeln.","og_url":"https:\/\/zenkit.com\/de\/teilaufgaben-und-hierarchien\/","og_site_name":"Zenkit","article_publisher":"https:\/\/www.facebook.com\/ZenkitHQ","article_modified_time":"2025-09-17T05:17:27+00:00","og_image":[{"url":"https:\/\/zenkit.com\/wp-content\/uploads\/2025\/05\/Hierarchy-and-subtasks.png","type":"","width":"","height":""}],"twitter_card":"summary_large_image","twitter_site":"@ZenkitHQ","twitter_misc":{"Gesch\u00e4tzte Lesezeit":"16\u00a0Minuten"},"schema":{"@context":"https:\/\/schema.org","@graph":[{"@type":"WebPage","@id":"https:\/\/zenkit.com\/de\/teilaufgaben-und-hierarchien\/","url":"https:\/\/zenkit.com\/de\/teilaufgaben-und-hierarchien\/","name":"Hierarchien und Teilaufgaben | Zenkit","isPartOf":{"@id":"https:\/\/zenkit.com\/de\/#website"},"primaryImageOfPage":{"@id":"https:\/\/zenkit.com\/de\/teilaufgaben-und-hierarchien\/#primaryimage"},"image":{"@id":"https:\/\/zenkit.com\/de\/teilaufgaben-und-hierarchien\/#primaryimage"},"thumbnailUrl":"https:\/\/zenkit.com\/wp-content\/uploads\/2025\/05\/Hierarchy-and-subtasks.png","datePublished":"2019-10-04T13:15:43+00:00","dateModified":"2025-09-17T05:17:27+00:00","description":"Bringen Sie jetzt Klarheit und Struktur in Ihr Projektmanagement. Mit Teilaufgaben und Hierachien in Zenkit lassen sich umfangreiche Projekte einfach h\u00e4ndeln.","breadcrumb":{"@id":"https:\/\/zenkit.com\/de\/teilaufgaben-und-hierarchien\/#breadcrumb"},"inLanguage":"de","potentialAction":[{"@type":"ReadAction","target":["https:\/\/zenkit.com\/de\/teilaufgaben-und-hierarchien\/"]}]},{"@type":"ImageObject","inLanguage":"de","@id":"https:\/\/zenkit.com\/de\/teilaufgaben-und-hierarchien\/#primaryimage","url":"https:\/\/zenkit.com\/wp-content\/uploads\/2025\/05\/Hierarchy-and-subtasks.png","contentUrl":"https:\/\/zenkit.com\/wp-content\/uploads\/2025\/05\/Hierarchy-and-subtasks.png"},{"@type":"BreadcrumbList","@id":"https:\/\/zenkit.com\/de\/teilaufgaben-und-hierarchien\/#breadcrumb","itemListElement":[{"@type":"ListItem","position":1,"name":"Home","item":"https:\/\/zenkit.com\/de\/"},{"@type":"ListItem","position":2,"name":"Hierarchien und Teilaufgaben"}]},{"@type":"WebSite","@id":"https:\/\/zenkit.com\/de\/#website","url":"https:\/\/zenkit.com\/de\/","name":"Zenkit","description":"Zenkit Tagline","potentialAction":[{"@type":"SearchAction","target":{"@type":"EntryPoint","urlTemplate":"https:\/\/zenkit.com\/de\/?s={search_term_string}"},"query-input":{"@type":"PropertyValueSpecification","valueRequired":true,"valueName":"search_term_string"}}],"inLanguage":"de"},false]}},"yasr_visitor_votes":{"stars_attributes":{"read_only":false,"span_bottom":false},"number_of_votes":0,"sum_votes":0},"_links":{"self":[{"href":"https:\/\/zenkit.com\/de\/wp-json\/wp\/v2\/pages\/32439","targetHints":{"allow":["GET"]}}],"collection":[{"href":"https:\/\/zenkit.com\/de\/wp-json\/wp\/v2\/pages"}],"about":[{"href":"https:\/\/zenkit.com\/de\/wp-json\/wp\/v2\/types\/page"}],"author":[{"embeddable":true,"href":"https:\/\/zenkit.com\/de\/wp-json\/wp\/v2\/users\/6"}],"replies":[{"embeddable":true,"href":"https:\/\/zenkit.com\/de\/wp-json\/wp\/v2\/comments?post=32439"}],"version-history":[{"count":16,"href":"https:\/\/zenkit.com\/de\/wp-json\/wp\/v2\/pages\/32439\/revisions"}],"predecessor-version":[{"id":155501,"href":"https:\/\/zenkit.com\/de\/wp-json\/wp\/v2\/pages\/32439\/revisions\/155501"}],"wp:attachment":[{"href":"https:\/\/zenkit.com\/de\/wp-json\/wp\/v2\/media?parent=32439"}],"curies":[{"name":"wp","href":"https:\/\/api.w.org\/{rel}","templated":true}]}}