{"id":32829,"date":"2019-10-16T14:29:13","date_gmt":"2019-10-16T12:29:13","guid":{"rendered":"https:\/\/zenkit.com\/integrationen\/zonka-feedback\/"},"modified":"2025-11-04T06:53:10","modified_gmt":"2025-11-04T05:53:10","slug":"zonka-feedback","status":"publish","type":"page","link":"https:\/\/zenkit.com\/de\/integrationen\/zonka-feedback\/","title":{"rendered":"Zonka Feedback"},"content":{"rendered":"\n<div style=\"height:45px;--tablet-height:45px;--mobile-height:16px\" class=\"wp-block-lookeen-blocks-responsive-spacer\"><\/div>\n\n\n\n<div class=\"wp-block-group has-global-padding is-layout-constrained wp-block-group-is-layout-constrained\">\n<div class=\"wp-block-columns is-layout-flex wp-container-core-columns-is-layout-467d341d wp-block-columns-is-layout-flex\" id=\"main__integrations\" style=\"margin-top:0px;margin-bottom:0px\">\n<div class=\"wp-block-column side__bar__integrations is-layout-flow wp-block-column-is-layout-flow\" style=\"flex-basis:23%\">\n<h2 class=\"wp-block-heading has-da-blue-color-new has-text-color has-link-color wp-elements-f468caed0f8d0da2a948cf67c707be3e\" style=\"margin-top:0px;margin-bottom:0px;font-size:16px;line-height:1.5\">Formulare &amp; Umfragen Integrationen<\/h2>\n\n\n<nav class=\"is-vertical integrations__menu wp-block-navigation is-layout-flex wp-container-core-navigation-is-layout-5f9f5280 wp-block-navigation-is-layout-flex\" aria-label=\"de-integrations-form-survey\"><ul class=\"wp-block-navigation__container  is-vertical integrations__menu wp-block-navigation\"><li class=\" wp-block-navigation-item wp-block-navigation-link\"><a class=\"wp-block-navigation-item__content\"  href=\"https:\/\/zenkit.com\/de\/integrationen\/123formbuilder\/\"><span class=\"wp-block-navigation-item__label\">123FormBuilder<\/span><\/a><\/li><li class=\" wp-block-navigation-item wp-block-navigation-link\"><a class=\"wp-block-navigation-item__content\"  href=\"https:\/\/zenkit.com\/de\/integrationen\/formkeep\/\"><span class=\"wp-block-navigation-item__label\">FormKeep<\/span><\/a><\/li><li class=\" wp-block-navigation-item wp-block-navigation-link\"><a class=\"wp-block-navigation-item__content\"  href=\"https:\/\/zenkit.com\/de\/integrationen\/forms-on-fire\/\"><span class=\"wp-block-navigation-item__label\">Forms On Fire<\/span><\/a><\/li><li class=\" wp-block-navigation-item wp-block-navigation-link\"><a class=\"wp-block-navigation-item__content\"  href=\"https:\/\/zenkit.com\/de\/integrationen\/paperform\/\"><span class=\"wp-block-navigation-item__label\">Paperform<\/span><\/a><\/li><li class=\" wp-block-navigation-item wp-block-navigation-link\"><a class=\"wp-block-navigation-item__content\"  href=\"https:\/\/zenkit.com\/de\/integrationen\/powr-form-builder\/\"><span class=\"wp-block-navigation-item__label\">POWr Form Builder<\/span><\/a><\/li><li class=\" wp-block-navigation-item wp-block-navigation-link\"><a class=\"wp-block-navigation-item__content\"  href=\"https:\/\/zenkit.com\/de\/integrationen\/surveypal\/\"><span class=\"wp-block-navigation-item__label\">Surveypal<\/span><\/a><\/li><li class=\" wp-block-navigation-item wp-block-navigation-link\"><a class=\"wp-block-navigation-item__content\"  href=\"https:\/\/zenkit.com\/de\/integrationen\/surveysparrow\/\"><span class=\"wp-block-navigation-item__label\">SurveySparrow<\/span><\/a><\/li><li class=\" wp-block-navigation-item wp-block-navigation-link\"><a class=\"wp-block-navigation-item__content\"  href=\"https:\/\/zenkit.com\/de\/integrationen\/zonka-feedback\/\"><span class=\"wp-block-navigation-item__label\">Zonka Feedback<\/span><\/a><\/li><\/ul><\/nav><\/div>\n\n\n\n<div class=\"wp-block-column content__integrations is-layout-flow wp-block-column-is-layout-flow\" style=\"flex-basis:77%\">\n<div class=\"wp-block-group has-global-padding is-layout-constrained wp-block-group-is-layout-constrained\">\n<div class=\"wp-block-group title is-layout-flex wp-container-core-group-is-layout-ed4b00df wp-block-group-is-layout-flex\">\n<figure class=\"wp-block-image size-full is-resized\"><img loading=\"lazy\" decoding=\"async\" width=\"300\" height=\"300\" src=\"https:\/\/zenkit.com\/wp-content\/uploads\/2025\/07\/ZonkaFeedback_logo.webp\" alt=\"Zonka Feedback Logo\" class=\"wp-image-117725\" style=\"width:auto;height:46px\" srcset=\"https:\/\/zenkit.com\/wp-content\/uploads\/2025\/07\/ZonkaFeedback_logo.webp 300w, https:\/\/zenkit.com\/wp-content\/uploads\/2025\/07\/ZonkaFeedback_logo-150x150.webp 150w\" sizes=\"auto, (max-width: 300px) 100vw, 300px\" \/><\/figure>\n\n\n\n<h1 class=\"wp-block-heading\">Zonka Feedback und Zenkit<\/h1>\n<\/div>\n\n\n\n<div class=\"wp-block-group has-global-padding is-layout-constrained wp-block-group-is-layout-constrained\">\n<p>Durch die Integration von Zonka Feedback in Zenkit k\u00f6nnen Unternehmen wertvolle R\u00fcckmeldungen direkt in ihre Projektmanagementprozesse einflie\u00dfen lassen, was zu einer verbesserten Entscheidungsfindung und optimierten Arbeitsabl\u00e4ufen f\u00fchrt.<\/p>\n\n\n\n<p>Diese Integration erm\u00f6glicht es Nutzern, Feedback schnell zu erfassen, zu verfolgen und zu analysieren, ohne ihre gewohnten Tools verlassen zu m\u00fcssen. So wird nicht nur die Produktivit\u00e4t gesteigert, sondern auch die Qualit\u00e4t der Projekte und Dienstleistungen erheblich verbessert.<\/p>\n<\/div>\n\n\n\n<div style=\"height:48px;--tablet-height:36px;--mobile-height:24px\" class=\"wp-block-lookeen-blocks-responsive-spacer\"><\/div>\n<\/div>\n\n\n\n<div class=\"wp-block-group has-global-padding is-layout-constrained wp-block-group-is-layout-constrained\">\n<figure class=\"wp-block-image size-full\"><img loading=\"lazy\" decoding=\"async\" width=\"1024\" height=\"647\" src=\"https:\/\/zenkit.com\/wp-content\/uploads\/2025\/07\/Zonka-Feedback_Multi-Channel-Feedback-App_Screenshot-1024x647-1.png\" alt=\"Zonka Feedback\" class=\"wp-image-117740\" srcset=\"https:\/\/zenkit.com\/wp-content\/uploads\/2025\/07\/Zonka-Feedback_Multi-Channel-Feedback-App_Screenshot-1024x647-1.png 1024w, https:\/\/zenkit.com\/wp-content\/uploads\/2025\/07\/Zonka-Feedback_Multi-Channel-Feedback-App_Screenshot-1024x647-1-300x190.png 300w, https:\/\/zenkit.com\/wp-content\/uploads\/2025\/07\/Zonka-Feedback_Multi-Channel-Feedback-App_Screenshot-1024x647-1-768x485.png 768w\" sizes=\"auto, (max-width: 1024px) 100vw, 1024px\" \/><\/figure>\n<\/div>\n\n\n\n<div style=\"height:48px;--tablet-height:36px;--mobile-height:24px\" class=\"wp-block-lookeen-blocks-responsive-spacer\"><\/div>\n\n\n\n<div class=\"wp-block-group has-global-padding is-layout-constrained wp-block-group-is-layout-constrained\">\n<h3 class=\"wp-block-heading display-h2\">\u00dcber Zonka Feedback<\/h3>\n\n\n\n<p>Zonka Feedback ist ein mehrkanaliges Feedbacksystem mit anpassbaren und mehrsprachigen Umfragen. Es enth\u00e4lt auch Echtzeitalarme, umfassende Feedback-Berichte und Funktionen, die helfen, die Feedback-Schleife zu schlie\u00dfen. Mit Zonka Feedback k\u00f6nnen Sie Feedback auf Tablets (Android und iPads), Touchscreen-Display, Online-Umfragen auf Websites, E-Mails und SMS entgegennehmen.<\/p>\n\n\n\n<p>Es ist ein gro\u00dfartiges Feedback-Tool f\u00fcr alle Branchen, einschlie\u00dflich Gastgewerbe, Gesundheitswesen, Finanzen, Einzelhandel, Fluggesellschaften und viele andere. Neben dem Sammeln von Kundenfeedback k\u00f6nnen Sie auch Erkenntnisse von anderen Zielgruppen wie Mitarbeitern, Besuchern und Patienten sammeln.<\/p>\n<\/div>\n\n\n\n<div style=\"height:48px;--tablet-height:36px;--mobile-height:24px\" class=\"wp-block-lookeen-blocks-responsive-spacer\"><\/div>\n\n\n\n<div class=\"wp-block-group has-global-padding is-layout-constrained wp-block-group-is-layout-constrained\">\n<h3 class=\"wp-block-heading display-h2\">\u00dcber Zenkit<\/h3>\n\n\n\n<p><a href=\"https:\/\/zenkit.com\/de\">Zenkit<\/a>&nbsp;ist eine vielseitige Online-Plattform zur Organisation und Verwaltung von Projekten und Aufgaben. Mit Funktionen wie Kanban-Boards, Tabellen, Kalenderansichten und Gantt-Diagrammen erm\u00f6glicht Zenkit eine flexible und effiziente Projektsteuerung<\/p>\n\n\n\n<p>Zenkit wurde in Deutschland entwickelt und mit deutschen Serverstandorten wird f\u00fcr h\u00f6chste Sicherheits- und Datenschutzstandards gem\u00e4\u00df der Datenschutz-Grundverordnung (DSGVO) gesorgt. Verschl\u00fcsselte Daten\u00fcbertragung, redundante Server und regelm\u00e4\u00dfige Backups sorgen daf\u00fcr, dass die Daten der Benutzer stets gesch\u00fctzt sind.<\/p>\n\n\n\n<p>Mit mobilen Apps f\u00fcr iOS und Android bleibt Zenkit auch unterwegs stets zug\u00e4nglich, was die Produktivit\u00e4t und Flexibilit\u00e4t weiter erh\u00f6ht.&nbsp;<a href=\"https:\/\/app.zenkit.com\/register\">Erstellen Sie Ihr kostenloses Konto!<\/a><\/p>\n<\/div>\n\n\n\n<div style=\"height:48px;--tablet-height:36px;--mobile-height:24px\" class=\"wp-block-lookeen-blocks-responsive-spacer\"><\/div>\n\n\n\n<div class=\"wp-block-group has-global-padding is-layout-constrained wp-block-group-is-layout-constrained\">\n<h3 class=\"wp-block-heading display-h2\">Wie verbinden Sie Zonka Feedback mit Zenkit?<\/h3>\n\n\n\n<ol class=\"wp-block-list list__style__position-inside\">\n<li><a href=\"https:\/\/zapier.com\/sign-up\/\">Registrieren Sie sich<\/a>\u00a0f\u00fcr einen Zapier-Account um Zugang zu Zapier zu enthalten.<\/li>\n\n\n\n<li><a href=\"https:\/\/www.zonkafeedback.com\/free-trial-signup\">Erstellen Sie ein Konto\u00a0<\/a>mit Zonka Feedback.<\/li>\n\n\n\n<li>Melden Sie sich bei Zapier an und gehen Sie zum\u00a0<a href=\"https:\/\/zapier.com\/apps\/zenkit\/integrations\/zonka-feedback\">Zenkit + Zonka Feedback Zapbook\u00a0<\/a>um Zap-Vorlagen zu finden.<\/li>\n\n\n\n<li>Oder erstellen Sie Ihre eigene Integration von Zenkit und Zonka Feedback, indem Sie diese beim Erstellen eines Zaps ausw\u00e4hlen.<\/li>\n<\/ol>\n<\/div>\n\n\n\n<div style=\"height:48px;--tablet-height:36px;--mobile-height:24px\" class=\"wp-block-lookeen-blocks-responsive-spacer\"><\/div>\n\n\n\n<div class=\"wp-block-group has-global-padding is-layout-constrained wp-block-group-is-layout-constrained\">\n<script type=\"text\/javascript\" src=\"https:\/\/zapier.com\/apps\/embed\/widget.js?guided_zaps=63911\"><\/script>\n<\/div>\n\n\n\n<div style=\"height:48px;--tablet-height:36px;--mobile-height:24px\" class=\"wp-block-lookeen-blocks-responsive-spacer\"><\/div>\n\n\n\n<div class=\"wp-block-group has-global-padding is-layout-constrained wp-block-group-is-layout-constrained\">\n<h3 class=\"wp-block-heading display-h2\">Wer profitiert von der ZonkaFeedback und Zenkit Integration?<\/h3>\n\n\n\n<ul class=\"wp-block-list is-style-da-left-indent\">\n<li><strong>Kundenserviceteams, die Kundenfeedback effizienter verwalten und analysieren m\u00f6chten:<\/strong>\u00a0Durch die Integration von Zonka Feedback mit Zenkit k\u00f6nnen Kundenserviceteams Feedbackformulare automatisieren und das Kundenfeedback direkt in ihrem Projektmanagementsystem organisieren und verfolgen. Dies erm\u00f6glicht eine bessere Nachverfolgung von Kundenanliegen und eine schnellere Reaktion auf Kundenfeedback, was zu einer verbesserten Kundenzufriedenheit f\u00fchrt.<\/li>\n\n\n\n<li><strong>Marketingabteilungen, die die Wirkung ihrer Kampagnen bewerten und optimieren m\u00f6chten:<\/strong>\u00a0Marketingteams k\u00f6nnen von der Zonka Feedback und Zenkit Integration profitieren, indem sie Umfragen und Feedbackformulare erstellen, um die Meinungen und Reaktionen ihrer Zielgruppen zu erfassen. Die gesammelten Daten werden direkt in Zenkit organisiert und analysiert, wodurch Marketingabteilungen wertvolle Einblicke erhalten, um ihre Kampagnen gezielt zu verbessern und den Erfolg zu maximieren.<\/li>\n<\/ul>\n<\/div>\n\n\n\n<div style=\"height:48px;--tablet-height:36px;--mobile-height:24px\" class=\"wp-block-lookeen-blocks-responsive-spacer\"><\/div>\n\n\n\n<div class=\"wp-block-group has-global-padding is-layout-constrained wp-block-group-is-layout-constrained\">\n<h3 class=\"wp-block-heading display-h2\">Weitere Integrations-Details<\/h3>\n\n\n\n<ul class=\"wp-block-list is-style-da-left-indent\">\n<li>Unterst\u00fctzt von Zapier: Bitte kontaktieren Sie den\u00a0<a href=\"https:\/\/zapier.com\/app\/get-help\">Zapier-Support<\/a>, wenn Sie Probleme haben.<\/li>\n\n\n\n<li>F\u00fcr weitere Informationen zur Verwendung von Zenkit mit Zapier lesen Sie bitte unsere\u00a0<a href=\"https:\/\/help.zenkit.com\/de\/support\/solutions\/articles\/43000590360-andere-apps-mit-zapier-in-zenkit-integrieren\">Dokumentation<\/a>.<\/li>\n<\/ul>\n<\/div>\n<\/div>\n<\/div>\n<\/div>\n\n\n\n<div style=\"height:110px;--tablet-height:60px;--mobile-height:48px\" class=\"wp-block-lookeen-blocks-responsive-spacer\"><\/div>\n","protected":false},"excerpt":{"rendered":"<p>Formulare &amp; Umfragen Integrationen Zonka Feedback und Zenkit Durch die Integration von Zonka Feedback in Zenkit k\u00f6nnen Unternehmen wertvolle R\u00fcckmeldungen direkt in ihre Projektmanagementprozesse einflie\u00dfen lassen, was zu einer verbesserten Entscheidungsfindung und optimierten Arbeitsabl\u00e4ufen f\u00fchrt. Diese Integration erm\u00f6glicht es Nutzern, Feedback schnell zu erfassen, zu verfolgen und zu analysieren, ohne ihre gewohnten Tools verlassen zu [&hellip;]<\/p>\n","protected":false},"author":15,"featured_media":0,"parent":67564,"menu_order":62,"comment_status":"closed","ping_status":"closed","template":"","meta":{"yasr_overall_rating":0,"yasr_post_is_review":"","yasr_auto_insert_disabled":"","yasr_review_type":"","footnotes":""},"class_list":["post-32829","page","type-page","status-publish","hentry"],"yoast_head":"<!-- This site is optimized with the Yoast SEO plugin v27.4 - https:\/\/yoast.com\/product\/yoast-seo-wordpress\/ -->\n<title>Zonka Feedback | Zenkit<\/title>\n<meta name=\"description\" content=\"Sie m\u00f6chten nicht nur Feedback einholen, sondern dieses auch speichern und verwalten? Integrieren Sie Zonka Feedback mit Zenkit!\" \/>\n<meta name=\"robots\" content=\"index, follow, max-snippet:-1, max-image-preview:large, max-video-preview:-1\" \/>\n<link rel=\"canonical\" href=\"https:\/\/zenkit.com\/de\/integrationen\/zonka-feedback\/\" \/>\n<meta property=\"og:locale\" content=\"de_DE\" \/>\n<meta property=\"og:type\" content=\"article\" \/>\n<meta property=\"og:title\" content=\"Zonka Feedback | Zenkit\" \/>\n<meta property=\"og:description\" content=\"Sie m\u00f6chten nicht nur Feedback einholen, sondern dieses auch speichern und verwalten? Integrieren Sie Zonka Feedback mit Zenkit!\" \/>\n<meta property=\"og:url\" content=\"https:\/\/zenkit.com\/de\/integrationen\/zonka-feedback\/\" \/>\n<meta property=\"og:site_name\" content=\"Zenkit\" \/>\n<meta property=\"article:publisher\" content=\"https:\/\/www.facebook.com\/ZenkitHQ\" \/>\n<meta property=\"article:modified_time\" content=\"2025-11-04T05:53:10+00:00\" \/>\n<meta property=\"og:image\" content=\"https:\/\/zenkit.com\/wp-content\/uploads\/2025\/07\/ZonkaFeedback_logo.webp\" \/>\n<meta name=\"twitter:card\" content=\"summary_large_image\" \/>\n<meta name=\"twitter:site\" content=\"@ZenkitHQ\" \/>\n<script type=\"application\/ld+json\" class=\"yoast-schema-graph\">{\"@context\":\"https:\\\/\\\/schema.org\",\"@graph\":[{\"@type\":\"WebPage\",\"@id\":\"https:\\\/\\\/zenkit.com\\\/de\\\/integrationen\\\/zonka-feedback\\\/\",\"url\":\"https:\\\/\\\/zenkit.com\\\/de\\\/integrationen\\\/zonka-feedback\\\/\",\"name\":\"Zonka Feedback | Zenkit\",\"isPartOf\":{\"@id\":\"https:\\\/\\\/zenkit.com\\\/de\\\/#website\"},\"primaryImageOfPage\":{\"@id\":\"https:\\\/\\\/zenkit.com\\\/de\\\/integrationen\\\/zonka-feedback\\\/#primaryimage\"},\"image\":{\"@id\":\"https:\\\/\\\/zenkit.com\\\/de\\\/integrationen\\\/zonka-feedback\\\/#primaryimage\"},\"thumbnailUrl\":\"https:\\\/\\\/zenkit.com\\\/wp-content\\\/uploads\\\/2025\\\/07\\\/ZonkaFeedback_logo.webp\",\"datePublished\":\"2019-10-16T12:29:13+00:00\",\"dateModified\":\"2025-11-04T05:53:10+00:00\",\"description\":\"Sie m\u00f6chten nicht nur Feedback einholen, sondern dieses auch speichern und verwalten? Integrieren Sie Zonka Feedback mit Zenkit!\",\"breadcrumb\":{\"@id\":\"https:\\\/\\\/zenkit.com\\\/de\\\/integrationen\\\/zonka-feedback\\\/#breadcrumb\"},\"inLanguage\":\"de\",\"potentialAction\":[{\"@type\":\"ReadAction\",\"target\":[\"https:\\\/\\\/zenkit.com\\\/de\\\/integrationen\\\/zonka-feedback\\\/\"]}]},{\"@type\":\"ImageObject\",\"inLanguage\":\"de\",\"@id\":\"https:\\\/\\\/zenkit.com\\\/de\\\/integrationen\\\/zonka-feedback\\\/#primaryimage\",\"url\":\"https:\\\/\\\/zenkit.com\\\/wp-content\\\/uploads\\\/2025\\\/07\\\/ZonkaFeedback_logo.webp\",\"contentUrl\":\"https:\\\/\\\/zenkit.com\\\/wp-content\\\/uploads\\\/2025\\\/07\\\/ZonkaFeedback_logo.webp\"},{\"@type\":\"BreadcrumbList\",\"@id\":\"https:\\\/\\\/zenkit.com\\\/de\\\/integrationen\\\/zonka-feedback\\\/#breadcrumb\",\"itemListElement\":[{\"@type\":\"ListItem\",\"position\":1,\"name\":\"Home\",\"item\":\"https:\\\/\\\/zenkit.com\\\/de\\\/\"},{\"@type\":\"ListItem\",\"position\":2,\"name\":\"Integrationen\",\"item\":\"https:\\\/\\\/zenkit.com\\\/de\\\/integrationen\\\/\"},{\"@type\":\"ListItem\",\"position\":3,\"name\":\"Zonka Feedback\"}]},{\"@type\":\"WebSite\",\"@id\":\"https:\\\/\\\/zenkit.com\\\/de\\\/#website\",\"url\":\"https:\\\/\\\/zenkit.com\\\/de\\\/\",\"name\":\"Zenkit\",\"description\":\"Zenkit Tagline\",\"potentialAction\":[{\"@type\":\"SearchAction\",\"target\":{\"@type\":\"EntryPoint\",\"urlTemplate\":\"https:\\\/\\\/zenkit.com\\\/de\\\/?s={search_term_string}\"},\"query-input\":{\"@type\":\"PropertyValueSpecification\",\"valueRequired\":true,\"valueName\":\"search_term_string\"}}],\"inLanguage\":\"de\"},false]}<\/script>\n<!-- \/ Yoast SEO plugin. -->","yoast_head_json":{"title":"Zonka Feedback | Zenkit","description":"Sie m\u00f6chten nicht nur Feedback einholen, sondern dieses auch speichern und verwalten? Integrieren Sie Zonka Feedback mit Zenkit!","robots":{"index":"index","follow":"follow","max-snippet":"max-snippet:-1","max-image-preview":"max-image-preview:large","max-video-preview":"max-video-preview:-1"},"canonical":"https:\/\/zenkit.com\/de\/integrationen\/zonka-feedback\/","og_locale":"de_DE","og_type":"article","og_title":"Zonka Feedback | Zenkit","og_description":"Sie m\u00f6chten nicht nur Feedback einholen, sondern dieses auch speichern und verwalten? Integrieren Sie Zonka Feedback mit Zenkit!","og_url":"https:\/\/zenkit.com\/de\/integrationen\/zonka-feedback\/","og_site_name":"Zenkit","article_publisher":"https:\/\/www.facebook.com\/ZenkitHQ","article_modified_time":"2025-11-04T05:53:10+00:00","og_image":[{"url":"https:\/\/zenkit.com\/wp-content\/uploads\/2025\/07\/ZonkaFeedback_logo.webp","type":"","width":"","height":""}],"twitter_card":"summary_large_image","twitter_site":"@ZenkitHQ","schema":{"@context":"https:\/\/schema.org","@graph":[{"@type":"WebPage","@id":"https:\/\/zenkit.com\/de\/integrationen\/zonka-feedback\/","url":"https:\/\/zenkit.com\/de\/integrationen\/zonka-feedback\/","name":"Zonka Feedback | Zenkit","isPartOf":{"@id":"https:\/\/zenkit.com\/de\/#website"},"primaryImageOfPage":{"@id":"https:\/\/zenkit.com\/de\/integrationen\/zonka-feedback\/#primaryimage"},"image":{"@id":"https:\/\/zenkit.com\/de\/integrationen\/zonka-feedback\/#primaryimage"},"thumbnailUrl":"https:\/\/zenkit.com\/wp-content\/uploads\/2025\/07\/ZonkaFeedback_logo.webp","datePublished":"2019-10-16T12:29:13+00:00","dateModified":"2025-11-04T05:53:10+00:00","description":"Sie m\u00f6chten nicht nur Feedback einholen, sondern dieses auch speichern und verwalten? Integrieren Sie Zonka Feedback mit Zenkit!","breadcrumb":{"@id":"https:\/\/zenkit.com\/de\/integrationen\/zonka-feedback\/#breadcrumb"},"inLanguage":"de","potentialAction":[{"@type":"ReadAction","target":["https:\/\/zenkit.com\/de\/integrationen\/zonka-feedback\/"]}]},{"@type":"ImageObject","inLanguage":"de","@id":"https:\/\/zenkit.com\/de\/integrationen\/zonka-feedback\/#primaryimage","url":"https:\/\/zenkit.com\/wp-content\/uploads\/2025\/07\/ZonkaFeedback_logo.webp","contentUrl":"https:\/\/zenkit.com\/wp-content\/uploads\/2025\/07\/ZonkaFeedback_logo.webp"},{"@type":"BreadcrumbList","@id":"https:\/\/zenkit.com\/de\/integrationen\/zonka-feedback\/#breadcrumb","itemListElement":[{"@type":"ListItem","position":1,"name":"Home","item":"https:\/\/zenkit.com\/de\/"},{"@type":"ListItem","position":2,"name":"Integrationen","item":"https:\/\/zenkit.com\/de\/integrationen\/"},{"@type":"ListItem","position":3,"name":"Zonka Feedback"}]},{"@type":"WebSite","@id":"https:\/\/zenkit.com\/de\/#website","url":"https:\/\/zenkit.com\/de\/","name":"Zenkit","description":"Zenkit Tagline","potentialAction":[{"@type":"SearchAction","target":{"@type":"EntryPoint","urlTemplate":"https:\/\/zenkit.com\/de\/?s={search_term_string}"},"query-input":{"@type":"PropertyValueSpecification","valueRequired":true,"valueName":"search_term_string"}}],"inLanguage":"de"},false]}},"yasr_visitor_votes":{"stars_attributes":{"read_only":false,"span_bottom":false},"number_of_votes":0,"sum_votes":0},"_links":{"self":[{"href":"https:\/\/zenkit.com\/de\/wp-json\/wp\/v2\/pages\/32829","targetHints":{"allow":["GET"]}}],"collection":[{"href":"https:\/\/zenkit.com\/de\/wp-json\/wp\/v2\/pages"}],"about":[{"href":"https:\/\/zenkit.com\/de\/wp-json\/wp\/v2\/types\/page"}],"author":[{"embeddable":true,"href":"https:\/\/zenkit.com\/de\/wp-json\/wp\/v2\/users\/15"}],"replies":[{"embeddable":true,"href":"https:\/\/zenkit.com\/de\/wp-json\/wp\/v2\/comments?post=32829"}],"version-history":[{"count":3,"href":"https:\/\/zenkit.com\/de\/wp-json\/wp\/v2\/pages\/32829\/revisions"}],"predecessor-version":[{"id":117751,"href":"https:\/\/zenkit.com\/de\/wp-json\/wp\/v2\/pages\/32829\/revisions\/117751"}],"up":[{"embeddable":true,"href":"https:\/\/zenkit.com\/de\/wp-json\/wp\/v2\/pages\/67564"}],"wp:attachment":[{"href":"https:\/\/zenkit.com\/de\/wp-json\/wp\/v2\/media?parent=32829"}],"curies":[{"name":"wp","href":"https:\/\/api.w.org\/{rel}","templated":true}]}}