{"id":32910,"date":"2019-09-27T15:50:18","date_gmt":"2019-09-27T13:50:18","guid":{"rendered":"https:\/\/zenkit.com\/integrationen\/timeneye\/"},"modified":"2025-11-04T06:53:10","modified_gmt":"2025-11-04T05:53:10","slug":"timeneye","status":"publish","type":"page","link":"https:\/\/zenkit.com\/de\/timeneye\/","title":{"rendered":"Timeneye"},"content":{"rendered":"\n<div style=\"height:45px;--tablet-height:45px;--mobile-height:16px\" class=\"wp-block-lookeen-blocks-responsive-spacer\"><\/div>\n\n\n\n<div class=\"wp-block-group has-global-padding is-layout-constrained wp-block-group-is-layout-constrained\">\n<div class=\"wp-block-columns is-layout-flex wp-container-core-columns-is-layout-467d341d wp-block-columns-is-layout-flex\" id=\"main__integrations\" style=\"margin-top:0px;margin-bottom:0px\">\n<div class=\"wp-block-column side__bar__integrations is-layout-flow wp-block-column-is-layout-flow\" style=\"flex-basis:23%\">\n<h2 class=\"wp-block-heading has-da-blue-color-new has-text-color has-link-color wp-elements-47e6a21834f124d3eeca2206f31c647f\" style=\"margin-top:0px;margin-bottom:0px;font-size:16px;line-height:1.5\">Zeiterfassungs Integrationen<\/h2>\n\n\n<nav class=\"is-vertical integrations__menu wp-block-navigation is-layout-flex wp-container-core-navigation-is-layout-5f9f5280 wp-block-navigation-is-layout-flex\" aria-label=\"de-timetracking-integrations\"><ul class=\"wp-block-navigation__container  is-vertical integrations__menu wp-block-navigation\"><li class=\" wp-block-navigation-item wp-block-navigation-link\"><a class=\"wp-block-navigation-item__content\"  href=\"https:\/\/zenkit.com\/de\/integrationen\/clicktime\/\"><span class=\"wp-block-navigation-item__label\">ClickTime<\/span><\/a><\/li><li class=\" wp-block-navigation-item wp-block-navigation-link\"><a class=\"wp-block-navigation-item__content\"  href=\"https:\/\/zenkit.com\/de\/integrationen\/clockify\/\"><span class=\"wp-block-navigation-item__label\">Clockify<\/span><\/a><\/li><li class=\" wp-block-navigation-item wp-block-navigation-link\"><a class=\"wp-block-navigation-item__content\"  href=\"https:\/\/zenkit.com\/de\/integrationen\/desktime\/\"><span class=\"wp-block-navigation-item__label\">DeskTime<\/span><\/a><\/li><li class=\" wp-block-navigation-item wp-block-navigation-link\"><a class=\"wp-block-navigation-item__content\"  href=\"https:\/\/zenkit.com\/de\/integrationen\/everhour\/\"><span class=\"wp-block-navigation-item__label\">Everhour<\/span><\/a><\/li><li class=\" wp-block-navigation-item wp-block-navigation-link\"><a class=\"wp-block-navigation-item__content\"  href=\"https:\/\/zenkit.com\/de\/integrationen\/pomodoneapp\/\"><span class=\"wp-block-navigation-item__label\">PomoDoneApp<\/span><\/a><\/li><li class=\" wp-block-navigation-item wp-block-navigation-link\"><a class=\"wp-block-navigation-item__content\"  href=\"https:\/\/zenkit.com\/de\/integrationen\/timecamp\/\"><span class=\"wp-block-navigation-item__label\">TimeCamp<\/span><\/a><\/li><li class=\" wp-block-navigation-item wp-block-navigation-link\"><a class=\"wp-block-navigation-item__content\"  href=\"https:\/\/zenkit.com\/de\/integrationen\/time-doctor\/\"><span class=\"wp-block-navigation-item__label\">Time Doctor<\/span><\/a><\/li><li class=\" wp-block-navigation-item wp-block-navigation-link\"><a class=\"wp-block-navigation-item__content\"  href=\"https:\/\/zenkit.com\/de\/integrationen\/tmetric\/\"><span class=\"wp-block-navigation-item__label\">TMetric<\/span><\/a><\/li><li class=\" wp-block-navigation-item wp-block-navigation-link\"><a class=\"wp-block-navigation-item__content\"  href=\"https:\/\/zenkit.com\/de\/integrationen\/toggl-track\/\"><span class=\"wp-block-navigation-item__label\">Toggl Track<\/span><\/a><\/li><\/ul><\/nav><\/div>\n\n\n\n<div class=\"wp-block-column content__integrations is-layout-flow wp-block-column-is-layout-flow\" style=\"flex-basis:77%\">\n<div class=\"wp-block-group has-global-padding is-layout-constrained wp-block-group-is-layout-constrained\">\n<div class=\"wp-block-group title is-layout-flex wp-container-core-group-is-layout-ed4b00df wp-block-group-is-layout-flex\">\n<figure class=\"wp-block-image size-full is-resized\"><img loading=\"lazy\" decoding=\"async\" width=\"600\" height=\"600\" src=\"https:\/\/zenkit.com\/wp-content\/uploads\/2025\/07\/Timeneye-logo.webp\" alt=\"\" class=\"wp-image-118759\" style=\"width:auto;height:46px\" srcset=\"https:\/\/zenkit.com\/wp-content\/uploads\/2025\/07\/Timeneye-logo.webp 600w, https:\/\/zenkit.com\/wp-content\/uploads\/2025\/07\/Timeneye-logo-300x300.webp 300w, https:\/\/zenkit.com\/wp-content\/uploads\/2025\/07\/Timeneye-logo-150x150.webp 150w\" sizes=\"auto, (max-width: 600px) 100vw, 600px\" \/><\/figure>\n\n\n\n<h1 class=\"wp-block-heading\">Timeneye und Zenkit<\/h1>\n<\/div>\n\n\n\n<div class=\"wp-block-group has-global-padding is-layout-constrained wp-block-group-is-layout-constrained\">\n<h3 class=\"wp-block-heading display-h2\">Verbinden Sie Ihre Zenkit \u2013 und Clockify-Konten<\/h3>\n\n\n\n<p>Die Integration von Timeneye in Zenkit bietet Nutzern eine kraftvolle Kombination aus Zeiterfassung und Projektmanagement.<\/p>\n\n\n\n<p>Durch die Verbindung beider Tools profitieren Nutzer von einer nahtlosen Integration, die es ihnen erm\u00f6glicht, ihre Zeit direkt in Zenkit zu erfassen, zu verwalten und zu analysieren. Dies f\u00fchrt zu einer optimierten Arbeitsweise, da alle relevanten Informationen an einem Ort geb\u00fcndelt sind.<\/p>\n\n\n\n<p>Die Integration unterst\u00fctzt die Transparenz und Effizienz in Projekten, da Zeiten automatisch in den entsprechenden Aufgaben und Projekten erfasst werden. So erhalten Teams wertvolle Einblicke in den Zeitaufwand und k\u00f6nnen ihre Arbeitsprozesse kontinuierlich verbessern.<\/p>\n<\/div>\n<\/div>\n\n\n\n<div style=\"height:48px;--tablet-height:36px;--mobile-height:24px\" class=\"wp-block-lookeen-blocks-responsive-spacer\"><\/div>\n\n\n\n<div class=\"wp-block-group has-global-padding is-layout-constrained wp-block-group-is-layout-constrained\">\n<figure class=\"wp-block-image size-full\"><img loading=\"lazy\" decoding=\"async\" width=\"1632\" height=\"890\" src=\"https:\/\/zenkit.com\/wp-content\/uploads\/2019\/09\/Timeneye-screenshot.jpg\" alt=\"\" class=\"wp-image-32344\" srcset=\"https:\/\/zenkit.com\/wp-content\/uploads\/2019\/09\/Timeneye-screenshot.jpg 1632w, https:\/\/zenkit.com\/wp-content\/uploads\/2019\/09\/Timeneye-screenshot-300x164.jpg 300w, https:\/\/zenkit.com\/wp-content\/uploads\/2019\/09\/Timeneye-screenshot-768x419.jpg 768w, https:\/\/zenkit.com\/wp-content\/uploads\/2019\/09\/Timeneye-screenshot-1024x558.jpg 1024w\" sizes=\"auto, (max-width: 1632px) 100vw, 1632px\" \/><\/figure>\n<\/div>\n\n\n\n<div style=\"height:48px;--tablet-height:36px;--mobile-height:24px\" class=\"wp-block-lookeen-blocks-responsive-spacer\"><\/div>\n\n\n\n<div class=\"wp-block-group has-global-padding is-layout-constrained wp-block-group-is-layout-constrained\">\n<h3 class=\"wp-block-heading display-h2\">\u00dcber Timeneye<\/h3>\n\n\n\n<p>benutzerfreundliche Zeiterfassung mit leistungsstarken Funktionen, welche das Darstellen von Unternehmensprozessen oder das Visualisieren von t\u00e4glichen Aufgaben erm\u00f6glichen.<\/p>\n\n\n\n<p>Mit den detaillierten Berichten k\u00f6nnen Sie einen besseren \u00dcberblick \u00fcber Ihre Projekte und eine bessere Aufteilung von Ressourcen sicherstellen.<\/p>\n<\/div>\n\n\n\n<div style=\"height:48px;--tablet-height:36px;--mobile-height:24px\" class=\"wp-block-lookeen-blocks-responsive-spacer\"><\/div>\n\n\n\n<div class=\"wp-block-group has-global-padding is-layout-constrained wp-block-group-is-layout-constrained\">\n<h3 class=\"wp-block-heading display-h2\">\u00dcber Zenkit<\/h3>\n\n\n\n<p><a href=\"https:\/\/zenkit.com\/de\">Zenkit<\/a>&nbsp;ist eine vielseitige Online-Plattform zur Organisation und Verwaltung von Projekten und Aufgaben. Mit Funktionen wie Kanban-Boards, Tabellen, Kalenderansichten und Gantt-Diagrammen erm\u00f6glicht Zenkit eine flexible und effiziente Projektsteuerung<\/p>\n\n\n\n<p>Zenkit wurde in Deutschland entwickelt und mit deutschen Serverstandorten wird f\u00fcr h\u00f6chste Sicherheits- und Datenschutzstandards gem\u00e4\u00df der Datenschutz-Grundverordnung (DSGVO) gesorgt. Verschl\u00fcsselte Daten\u00fcbertragung, redundante Server und regelm\u00e4\u00dfige Backups sorgen daf\u00fcr, dass die Daten der Benutzer stets gesch\u00fctzt sind.<\/p>\n\n\n\n<p>Mit mobilen Apps f\u00fcr iOS und Android bleibt Zenkit auch unterwegs stets zug\u00e4nglich, was die Produktivit\u00e4t und Flexibilit\u00e4t weiter erh\u00f6ht.&nbsp;<a href=\"https:\/\/app.zenkit.com\/register\">Erstellen Sie Ihr kostenloses Konto!<\/a><\/p>\n<\/div>\n\n\n\n<div style=\"height:48px;--tablet-height:36px;--mobile-height:24px\" class=\"wp-block-lookeen-blocks-responsive-spacer\"><\/div>\n\n\n\n<div class=\"wp-block-group has-global-padding is-layout-constrained wp-block-group-is-layout-constrained\">\n<h3 class=\"wp-block-heading display-h2\">Wie synchronisieren Sie Timeneye und Zenkit?<\/h3>\n\n\n\n<ol class=\"wp-block-list list__style__position-inside\">\n<li>Erstellen Sie ein Konto bei\u00a0<a href=\"https:\/\/track.timeneye.com\/signup\/?ref=site&amp;btnId=global_topbar_cta1\">Timeneye<\/a>.<\/li>\n\n\n\n<li>Installieren Sie das Browser-Widget f\u00fcr\u00a0<a href=\"https:\/\/chrome.google.com\/webstore\/detail\/timeneye-widget\/bkahonfnnidbeekmmfklgfmodagnngfb?hl=en\">Chrome<\/a>\u00a0oder\u00a0<a href=\"https:\/\/addons.mozilla.org\/en-US\/firefox\/addon\/timeneye-widget\/\">Firefox<\/a>.<\/li>\n\n\n\n<li>Melden Sie sich bei Timeneye mit Ihren Zugangsdaten an.<\/li>\n\n\n\n<li>Klicken Sie auf ein Zenkit Item, um Details einzusehen.<\/li>\n\n\n\n<li>Dr\u00fccken Sie den \u201c+\u201d-Button um die Zeit f\u00fcr dieses Item zu erfassen (Sie k\u00f6nnen die Zeit manuell einstellen, oder eine Stoppuhr verwenden).<\/li>\n\n\n\n<li>F\u00fchren Sie die Zeitauswertung sp\u00e4ter in Timeneye aus.<\/li>\n<\/ol>\n<\/div>\n\n\n\n<div style=\"height:48px;--tablet-height:36px;--mobile-height:24px\" class=\"wp-block-lookeen-blocks-responsive-spacer\"><\/div>\n\n\n\n<div class=\"wp-block-group has-global-padding is-layout-constrained wp-block-group-is-layout-constrained\">\n<h3 class=\"wp-block-heading display-h2\">Wer profitiert von der Timeneye und Zenkit Integration?<\/h3>\n\n\n\n<ul class=\"wp-block-list is-style-da-left-indent\">\n<li><strong>Projektmanager, die ihre Zeitnachverfolgung und Aufgabenkoordination optimieren m\u00f6chten:<\/strong>\u00a0Durch die Integration von Timeneye mit Zenkit k\u00f6nnen Projektmanager ihre Zeit effizienter nachverfolgen und analysieren, da alle Zeiteintr\u00e4ge nahtlos in ihre Projektmanagementsysteme integriert werden. Dies erm\u00f6glicht eine pr\u00e4zisere Planung, Budgetierung und Berichterstattung, was zu einer besseren Ressourcenzuweisung und Produktivit\u00e4t f\u00fchrt.<\/li>\n\n\n\n<li><strong>Teams, die an verschiedenen Projekten gleichzeitig arbeiten:<\/strong>\u00a0Teams, die mehrere Projekte parallel verwalten, profitieren von der Integration, indem sie eine zentrale Plattform f\u00fcr Aufgabenmanagement und Zeiterfassung nutzen. Durch die automatische Synchronisierung von Aufgaben und Zeiteintr\u00e4gen zwischen Timeneye und Zenkit k\u00f6nnen Teammitglieder ihre Priorit\u00e4ten besser setzen, ihre Arbeitszeiten effizienter verwalten und eine h\u00f6here Transparenz \u00fcber den Fortschritt und die Arbeitsbelastung in den Projekten erreichen.<\/li>\n<\/ul>\n<\/div>\n\n\n\n<div style=\"height:48px;--tablet-height:36px;--mobile-height:24px\" class=\"wp-block-lookeen-blocks-responsive-spacer\"><\/div>\n\n\n\n<div class=\"wp-block-group has-global-padding is-layout-constrained wp-block-group-is-layout-constrained\">\n<h3 class=\"wp-block-heading display-h2\">Weitere Integrations-Details<\/h3>\n\n\n\n<ul class=\"wp-block-list is-style-da-left-indent\">\n<li>Unterst\u00fctzt von Zapier: Bitte kontaktieren Sie den\u00a0<a href=\"https:\/\/zapier.com\/app\/get-help\">Zapier-Support<\/a>, wenn Sie Probleme haben.<\/li>\n\n\n\n<li>F\u00fcr weitere Informationen zur Verwendung von Zenkit mit Zapier lesen Sie bitte unsere\u00a0<a href=\"https:\/\/help.zenkit.com\/de\/support\/solutions\/articles\/43000590360-andere-apps-mit-zapier-in-zenkit-integrieren\">Dokumentation<\/a>.<\/li>\n<\/ul>\n<\/div>\n<\/div>\n<\/div>\n<\/div>\n\n\n\n<div style=\"height:110px;--tablet-height:60px;--mobile-height:48px\" class=\"wp-block-lookeen-blocks-responsive-spacer\"><\/div>\n","protected":false},"excerpt":{"rendered":"<p>Zeiterfassungs Integrationen Timeneye und Zenkit Verbinden Sie Ihre Zenkit \u2013 und Clockify-Konten Die Integration von Timeneye in Zenkit bietet Nutzern eine kraftvolle Kombination aus Zeiterfassung und Projektmanagement. Durch die Verbindung beider Tools profitieren Nutzer von einer nahtlosen Integration, die es ihnen erm\u00f6glicht, ihre Zeit direkt in Zenkit zu erfassen, zu verwalten und zu analysieren. Dies [&hellip;]<\/p>\n","protected":false},"author":15,"featured_media":0,"parent":0,"menu_order":60,"comment_status":"closed","ping_status":"closed","template":"","meta":{"yasr_overall_rating":0,"yasr_post_is_review":"","yasr_auto_insert_disabled":"","yasr_review_type":"","footnotes":""},"class_list":["post-32910","page","type-page","status-publish","hentry"],"yoast_head":"<!-- This site is optimized with the Yoast SEO plugin v27.3 - https:\/\/yoast.com\/product\/yoast-seo-wordpress\/ -->\n<title>Timeneye | Zenkit Integrationen<\/title>\n<meta name=\"description\" content=\"Sie m\u00f6chten Ihre Effektivit\u00e4t auf ein neues Level bringen? Integrieren Sie Timeneye mit Zenkit und haben Sie Ihren Zeitaufwand detailiert im Blick!\" \/>\n<meta name=\"robots\" content=\"index, follow, max-snippet:-1, max-image-preview:large, max-video-preview:-1\" \/>\n<link rel=\"canonical\" href=\"https:\/\/zenkit.com\/de\/timeneye\/\" \/>\n<meta property=\"og:locale\" content=\"de_DE\" \/>\n<meta property=\"og:type\" content=\"article\" \/>\n<meta property=\"og:title\" content=\"Timeneye | Zenkit Integrationen\" \/>\n<meta property=\"og:description\" content=\"Sie m\u00f6chten Ihre Effektivit\u00e4t auf ein neues Level bringen? Integrieren Sie Timeneye mit Zenkit und haben Sie Ihren Zeitaufwand detailiert im Blick!\" \/>\n<meta property=\"og:url\" content=\"https:\/\/zenkit.com\/de\/timeneye\/\" \/>\n<meta property=\"og:site_name\" content=\"Zenkit\" \/>\n<meta property=\"article:publisher\" content=\"https:\/\/www.facebook.com\/ZenkitHQ\" \/>\n<meta property=\"article:modified_time\" content=\"2025-11-04T05:53:10+00:00\" \/>\n<meta property=\"og:image\" content=\"https:\/\/zenkit.com\/wp-content\/uploads\/2025\/07\/Timeneye-logo.webp\" \/>\n<meta name=\"twitter:card\" content=\"summary_large_image\" \/>\n<meta name=\"twitter:site\" content=\"@ZenkitHQ\" \/>\n<script type=\"application\/ld+json\" class=\"yoast-schema-graph\">{\"@context\":\"https:\\\/\\\/schema.org\",\"@graph\":[{\"@type\":\"WebPage\",\"@id\":\"https:\\\/\\\/zenkit.com\\\/de\\\/timeneye\\\/\",\"url\":\"https:\\\/\\\/zenkit.com\\\/de\\\/timeneye\\\/\",\"name\":\"Timeneye | Zenkit Integrationen\",\"isPartOf\":{\"@id\":\"https:\\\/\\\/zenkit.com\\\/de\\\/#website\"},\"primaryImageOfPage\":{\"@id\":\"https:\\\/\\\/zenkit.com\\\/de\\\/timeneye\\\/#primaryimage\"},\"image\":{\"@id\":\"https:\\\/\\\/zenkit.com\\\/de\\\/timeneye\\\/#primaryimage\"},\"thumbnailUrl\":\"https:\\\/\\\/zenkit.com\\\/wp-content\\\/uploads\\\/2025\\\/07\\\/Timeneye-logo.webp\",\"datePublished\":\"2019-09-27T13:50:18+00:00\",\"dateModified\":\"2025-11-04T05:53:10+00:00\",\"description\":\"Sie m\u00f6chten Ihre Effektivit\u00e4t auf ein neues Level bringen? Integrieren Sie Timeneye mit Zenkit und haben Sie Ihren Zeitaufwand detailiert im Blick!\",\"breadcrumb\":{\"@id\":\"https:\\\/\\\/zenkit.com\\\/de\\\/timeneye\\\/#breadcrumb\"},\"inLanguage\":\"de\",\"potentialAction\":[{\"@type\":\"ReadAction\",\"target\":[\"https:\\\/\\\/zenkit.com\\\/de\\\/timeneye\\\/\"]}]},{\"@type\":\"ImageObject\",\"inLanguage\":\"de\",\"@id\":\"https:\\\/\\\/zenkit.com\\\/de\\\/timeneye\\\/#primaryimage\",\"url\":\"https:\\\/\\\/zenkit.com\\\/wp-content\\\/uploads\\\/2025\\\/07\\\/Timeneye-logo.webp\",\"contentUrl\":\"https:\\\/\\\/zenkit.com\\\/wp-content\\\/uploads\\\/2025\\\/07\\\/Timeneye-logo.webp\"},{\"@type\":\"BreadcrumbList\",\"@id\":\"https:\\\/\\\/zenkit.com\\\/de\\\/timeneye\\\/#breadcrumb\",\"itemListElement\":[{\"@type\":\"ListItem\",\"position\":1,\"name\":\"Home\",\"item\":\"https:\\\/\\\/zenkit.com\\\/de\\\/\"},{\"@type\":\"ListItem\",\"position\":2,\"name\":\"Timeneye\"}]},{\"@type\":\"WebSite\",\"@id\":\"https:\\\/\\\/zenkit.com\\\/de\\\/#website\",\"url\":\"https:\\\/\\\/zenkit.com\\\/de\\\/\",\"name\":\"Zenkit\",\"description\":\"Zenkit Tagline\",\"potentialAction\":[{\"@type\":\"SearchAction\",\"target\":{\"@type\":\"EntryPoint\",\"urlTemplate\":\"https:\\\/\\\/zenkit.com\\\/de\\\/?s={search_term_string}\"},\"query-input\":{\"@type\":\"PropertyValueSpecification\",\"valueRequired\":true,\"valueName\":\"search_term_string\"}}],\"inLanguage\":\"de\"},false]}<\/script>\n<!-- \/ Yoast SEO plugin. -->","yoast_head_json":{"title":"Timeneye | Zenkit Integrationen","description":"Sie m\u00f6chten Ihre Effektivit\u00e4t auf ein neues Level bringen? Integrieren Sie Timeneye mit Zenkit und haben Sie Ihren Zeitaufwand detailiert im Blick!","robots":{"index":"index","follow":"follow","max-snippet":"max-snippet:-1","max-image-preview":"max-image-preview:large","max-video-preview":"max-video-preview:-1"},"canonical":"https:\/\/zenkit.com\/de\/timeneye\/","og_locale":"de_DE","og_type":"article","og_title":"Timeneye | Zenkit Integrationen","og_description":"Sie m\u00f6chten Ihre Effektivit\u00e4t auf ein neues Level bringen? Integrieren Sie Timeneye mit Zenkit und haben Sie Ihren Zeitaufwand detailiert im Blick!","og_url":"https:\/\/zenkit.com\/de\/timeneye\/","og_site_name":"Zenkit","article_publisher":"https:\/\/www.facebook.com\/ZenkitHQ","article_modified_time":"2025-11-04T05:53:10+00:00","og_image":[{"url":"https:\/\/zenkit.com\/wp-content\/uploads\/2025\/07\/Timeneye-logo.webp","type":"","width":"","height":""}],"twitter_card":"summary_large_image","twitter_site":"@ZenkitHQ","schema":{"@context":"https:\/\/schema.org","@graph":[{"@type":"WebPage","@id":"https:\/\/zenkit.com\/de\/timeneye\/","url":"https:\/\/zenkit.com\/de\/timeneye\/","name":"Timeneye | Zenkit Integrationen","isPartOf":{"@id":"https:\/\/zenkit.com\/de\/#website"},"primaryImageOfPage":{"@id":"https:\/\/zenkit.com\/de\/timeneye\/#primaryimage"},"image":{"@id":"https:\/\/zenkit.com\/de\/timeneye\/#primaryimage"},"thumbnailUrl":"https:\/\/zenkit.com\/wp-content\/uploads\/2025\/07\/Timeneye-logo.webp","datePublished":"2019-09-27T13:50:18+00:00","dateModified":"2025-11-04T05:53:10+00:00","description":"Sie m\u00f6chten Ihre Effektivit\u00e4t auf ein neues Level bringen? Integrieren Sie Timeneye mit Zenkit und haben Sie Ihren Zeitaufwand detailiert im Blick!","breadcrumb":{"@id":"https:\/\/zenkit.com\/de\/timeneye\/#breadcrumb"},"inLanguage":"de","potentialAction":[{"@type":"ReadAction","target":["https:\/\/zenkit.com\/de\/timeneye\/"]}]},{"@type":"ImageObject","inLanguage":"de","@id":"https:\/\/zenkit.com\/de\/timeneye\/#primaryimage","url":"https:\/\/zenkit.com\/wp-content\/uploads\/2025\/07\/Timeneye-logo.webp","contentUrl":"https:\/\/zenkit.com\/wp-content\/uploads\/2025\/07\/Timeneye-logo.webp"},{"@type":"BreadcrumbList","@id":"https:\/\/zenkit.com\/de\/timeneye\/#breadcrumb","itemListElement":[{"@type":"ListItem","position":1,"name":"Home","item":"https:\/\/zenkit.com\/de\/"},{"@type":"ListItem","position":2,"name":"Timeneye"}]},{"@type":"WebSite","@id":"https:\/\/zenkit.com\/de\/#website","url":"https:\/\/zenkit.com\/de\/","name":"Zenkit","description":"Zenkit Tagline","potentialAction":[{"@type":"SearchAction","target":{"@type":"EntryPoint","urlTemplate":"https:\/\/zenkit.com\/de\/?s={search_term_string}"},"query-input":{"@type":"PropertyValueSpecification","valueRequired":true,"valueName":"search_term_string"}}],"inLanguage":"de"},false]}},"yasr_visitor_votes":{"stars_attributes":{"read_only":false,"span_bottom":false},"number_of_votes":0,"sum_votes":0},"_links":{"self":[{"href":"https:\/\/zenkit.com\/de\/wp-json\/wp\/v2\/pages\/32910","targetHints":{"allow":["GET"]}}],"collection":[{"href":"https:\/\/zenkit.com\/de\/wp-json\/wp\/v2\/pages"}],"about":[{"href":"https:\/\/zenkit.com\/de\/wp-json\/wp\/v2\/types\/page"}],"author":[{"embeddable":true,"href":"https:\/\/zenkit.com\/de\/wp-json\/wp\/v2\/users\/15"}],"replies":[{"embeddable":true,"href":"https:\/\/zenkit.com\/de\/wp-json\/wp\/v2\/comments?post=32910"}],"version-history":[{"count":1,"href":"https:\/\/zenkit.com\/de\/wp-json\/wp\/v2\/pages\/32910\/revisions"}],"predecessor-version":[{"id":118770,"href":"https:\/\/zenkit.com\/de\/wp-json\/wp\/v2\/pages\/32910\/revisions\/118770"}],"wp:attachment":[{"href":"https:\/\/zenkit.com\/de\/wp-json\/wp\/v2\/media?parent=32910"}],"curies":[{"name":"wp","href":"https:\/\/api.w.org\/{rel}","templated":true}]}}