{"id":3308,"date":"2018-05-18T23:50:59","date_gmt":"2018-05-18T21:50:59","guid":{"rendered":"https:\/\/zenkit.com?page_id=3308"},"modified":"2026-03-08T14:57:54","modified_gmt":"2026-03-08T13:57:54","slug":"impressum","status":"publish","type":"page","link":"https:\/\/zenkit.com\/de\/impressum\/","title":{"rendered":"Impressum"},"content":{"rendered":"\n<div class=\"wp-block-group has-global-padding is-layout-constrained wp-block-group-is-layout-constrained\">\n<div class=\"wp-block-group has-global-padding is-layout-constrained wp-block-group-is-layout-constrained\">\n<div style=\"height:45px;--tablet-height:45px;--mobile-height:16px\" class=\"wp-block-lookeen-blocks-responsive-spacer\"><\/div>\n\n\n\n<div class=\"wp-block-columns is-layout-flex wp-container-core-columns-is-layout-28f84493 wp-block-columns-is-layout-flex\">\n<div class=\"wp-block-column is-vertically-aligned-center is-layout-flow wp-block-column-is-layout-flow\">\n<div class=\"wp-block-group has-global-padding is-layout-constrained wp-block-group-is-layout-constrained\">\n<h1 class=\"wp-block-heading has-text-align-left\" style=\"margin-bottom:8px\">Impressum<\/h1>\n<\/div>\n\n\n\n<div class=\"wp-block-group has-global-padding is-layout-constrained wp-block-group-is-layout-constrained\">\n<p><strong>Zenkit ist ein Projekt der Axonic GmbH<\/strong><\/p>\n\n\n\n<p>Axonic GmbH<br>Kaiserstra\u00dfe 241<br>76133 Karlsruhe<br>Deutschland<\/p>\n\n\n\n<p>Telefonnummer: +49 (721) 3528375<\/p>\n\n\n\n<p><strong>Vertretungsberechtigter des CEO: Dipl. Inform. <a href=\"https:\/\/martinwelker.com\/\" target=\"_blank\" rel=\"noreferrer noopener\">Martin Welker<\/a><\/strong><\/p>\n\n\n\n<p><strong>Handelsregister: Amtsgericht Mannheim, Registernummer HRB 110424<\/strong><\/p>\n\n\n\n<p><strong>Umsatzsteuer \u2013 Steueridentifikationsnummer gem\u00e4\u00df \u00a7 27a des deutschen Umsatzsteuergesetzes:<\/strong><br>DE 813834557<\/p>\n\n\n\n<p>Alle, aus Gesch\u00e4ftsbeziehungen mit der Axonic GmbH, entstehenden Konflikte unterliegen der ausschlie\u00dflichen Zust\u00e4ndigkeit der Gerichte in Baden-W\u00fcrttemberg, Deutschland.<\/p>\n\n\n\n<p>Alle Produkte und Unternehmensnamen sind Warenzeichen\u2122 oder eingetragene\u00ae Warenzeichen ihrer jeweiligen Inhaber. Deren Gebrauch auf dieser Webseite impliziert keinerlei Zugeh\u00f6rigkeit oder Verbindung mit Zenkit.<\/p>\n<\/div>\n<\/div>\n\n\n\n<div class=\"wp-block-column is-layout-flow wp-block-column-is-layout-flow\">\n<iframe id=\"contact-form\" class=\"border-radius--20\" src=\"https:\/\/public.zenkit.com\/f\/3ZOahaQ_-\/zenkit-contact-form?v=27OHGVHHc\" style=\"width: 100%; min-height: 750px;background: transparent; border:0; box-shadow: 0 0 20px rgb(0 0 0 \/ 10%);\" allowfullscreen=\"\">\n              <a href=\"https:\/\/public.zenkit.com\/f\/BHDPo4P5x\/zenkit-book-a-demo-form?v=90SJKpjkQ\" target=\"_blank\">\n                Your browser doesn&#8217;t support iframes. Click here to open the content in a new tab.\n              <\/a>\n            <\/iframe>\n<\/div>\n<\/div>\n<\/div>\n<\/div>\n\n\n\n<div style=\"height:110px;--tablet-height:60px;--mobile-height:48px\" class=\"wp-block-lookeen-blocks-responsive-spacer\"><\/div>\n","protected":false},"excerpt":{"rendered":"<p>Impressum Zenkit ist ein Projekt der Axonic GmbH Axonic GmbHKaiserstra\u00dfe 24176133 KarlsruheDeutschland Telefonnummer: +49 (721) 3528375 Vertretungsberechtigter des CEO: Dipl. Inform. Martin Welker Handelsregister: Amtsgericht Mannheim, Registernummer HRB 110424 Umsatzsteuer \u2013 Steueridentifikationsnummer gem\u00e4\u00df \u00a7 27a des deutschen Umsatzsteuergesetzes:DE 813834557 Alle, aus Gesch\u00e4ftsbeziehungen mit der Axonic GmbH, entstehenden Konflikte unterliegen der ausschlie\u00dflichen Zust\u00e4ndigkeit der Gerichte in [&hellip;]<\/p>\n","protected":false},"author":1,"featured_media":0,"parent":0,"menu_order":1,"comment_status":"closed","ping_status":"closed","template":"","meta":{"yasr_overall_rating":0,"yasr_post_is_review":"","yasr_auto_insert_disabled":"","yasr_review_type":"","footnotes":""},"class_list":["post-3308","page","type-page","status-publish","hentry"],"yoast_head":"<!-- This site is optimized with the Yoast SEO plugin v27.3 - https:\/\/yoast.com\/product\/yoast-seo-wordpress\/ -->\n<title>Impressum | Zenkit<\/title>\n<meta name=\"description\" content=\"Zenkit ist ein Projektmanagement Tool und ein Produkt der Axonic Informationssysteme GmbH. Kontaktieren Sie das Zenkit Team, um mehr \u00fcber uns zu erfahren.\" \/>\n<meta name=\"robots\" content=\"index, follow, max-snippet:-1, max-image-preview:large, max-video-preview:-1\" \/>\n<link rel=\"canonical\" href=\"https:\/\/zenkit.com\/de\/impressum\/\" \/>\n<meta property=\"og:locale\" content=\"de_DE\" \/>\n<meta property=\"og:type\" content=\"article\" \/>\n<meta property=\"og:title\" content=\"Impressum | Zenkit\" \/>\n<meta property=\"og:description\" content=\"Zenkit ist ein Projektmanagement Tool und ein Produkt der Axonic Informationssysteme GmbH. Kontaktieren Sie das Zenkit Team, um mehr \u00fcber uns zu erfahren.\" \/>\n<meta property=\"og:url\" content=\"https:\/\/zenkit.com\/de\/impressum\/\" \/>\n<meta property=\"og:site_name\" content=\"Zenkit\" \/>\n<meta property=\"article:publisher\" content=\"https:\/\/www.facebook.com\/ZenkitHQ\" \/>\n<meta property=\"article:modified_time\" content=\"2026-03-08T13:57:54+00:00\" \/>\n<meta name=\"twitter:card\" content=\"summary_large_image\" \/>\n<meta name=\"twitter:site\" content=\"@ZenkitHQ\" \/>\n<meta name=\"twitter:label1\" content=\"Gesch\u00e4tzte Lesezeit\" \/>\n\t<meta name=\"twitter:data1\" content=\"1\u00a0Minute\" \/>\n<script type=\"application\/ld+json\" class=\"yoast-schema-graph\">{\"@context\":\"https:\\\/\\\/schema.org\",\"@graph\":[{\"@type\":\"WebPage\",\"@id\":\"https:\\\/\\\/zenkit.com\\\/de\\\/impressum\\\/\",\"url\":\"https:\\\/\\\/zenkit.com\\\/de\\\/impressum\\\/\",\"name\":\"Impressum | Zenkit\",\"isPartOf\":{\"@id\":\"https:\\\/\\\/zenkit.com\\\/de\\\/#website\"},\"datePublished\":\"2018-05-18T21:50:59+00:00\",\"dateModified\":\"2026-03-08T13:57:54+00:00\",\"description\":\"Zenkit ist ein Projektmanagement Tool und ein Produkt der Axonic Informationssysteme GmbH. Kontaktieren Sie das Zenkit Team, um mehr \u00fcber uns zu erfahren.\",\"breadcrumb\":{\"@id\":\"https:\\\/\\\/zenkit.com\\\/de\\\/impressum\\\/#breadcrumb\"},\"inLanguage\":\"de\",\"potentialAction\":[{\"@type\":\"ReadAction\",\"target\":[\"https:\\\/\\\/zenkit.com\\\/de\\\/impressum\\\/\"]}]},{\"@type\":\"BreadcrumbList\",\"@id\":\"https:\\\/\\\/zenkit.com\\\/de\\\/impressum\\\/#breadcrumb\",\"itemListElement\":[{\"@type\":\"ListItem\",\"position\":1,\"name\":\"Home\",\"item\":\"https:\\\/\\\/zenkit.com\\\/de\\\/\"},{\"@type\":\"ListItem\",\"position\":2,\"name\":\"Impressum\"}]},{\"@type\":\"WebSite\",\"@id\":\"https:\\\/\\\/zenkit.com\\\/de\\\/#website\",\"url\":\"https:\\\/\\\/zenkit.com\\\/de\\\/\",\"name\":\"Zenkit\",\"description\":\"Zenkit Tagline\",\"potentialAction\":[{\"@type\":\"SearchAction\",\"target\":{\"@type\":\"EntryPoint\",\"urlTemplate\":\"https:\\\/\\\/zenkit.com\\\/de\\\/?s={search_term_string}\"},\"query-input\":{\"@type\":\"PropertyValueSpecification\",\"valueRequired\":true,\"valueName\":\"search_term_string\"}}],\"inLanguage\":\"de\"},false]}<\/script>\n<!-- \/ Yoast SEO plugin. -->","yoast_head_json":{"title":"Impressum | Zenkit","description":"Zenkit ist ein Projektmanagement Tool und ein Produkt der Axonic Informationssysteme GmbH. Kontaktieren Sie das Zenkit Team, um mehr \u00fcber uns zu erfahren.","robots":{"index":"index","follow":"follow","max-snippet":"max-snippet:-1","max-image-preview":"max-image-preview:large","max-video-preview":"max-video-preview:-1"},"canonical":"https:\/\/zenkit.com\/de\/impressum\/","og_locale":"de_DE","og_type":"article","og_title":"Impressum | Zenkit","og_description":"Zenkit ist ein Projektmanagement Tool und ein Produkt der Axonic Informationssysteme GmbH. Kontaktieren Sie das Zenkit Team, um mehr \u00fcber uns zu erfahren.","og_url":"https:\/\/zenkit.com\/de\/impressum\/","og_site_name":"Zenkit","article_publisher":"https:\/\/www.facebook.com\/ZenkitHQ","article_modified_time":"2026-03-08T13:57:54+00:00","twitter_card":"summary_large_image","twitter_site":"@ZenkitHQ","twitter_misc":{"Gesch\u00e4tzte Lesezeit":"1\u00a0Minute"},"schema":{"@context":"https:\/\/schema.org","@graph":[{"@type":"WebPage","@id":"https:\/\/zenkit.com\/de\/impressum\/","url":"https:\/\/zenkit.com\/de\/impressum\/","name":"Impressum | Zenkit","isPartOf":{"@id":"https:\/\/zenkit.com\/de\/#website"},"datePublished":"2018-05-18T21:50:59+00:00","dateModified":"2026-03-08T13:57:54+00:00","description":"Zenkit ist ein Projektmanagement Tool und ein Produkt der Axonic Informationssysteme GmbH. Kontaktieren Sie das Zenkit Team, um mehr \u00fcber uns zu erfahren.","breadcrumb":{"@id":"https:\/\/zenkit.com\/de\/impressum\/#breadcrumb"},"inLanguage":"de","potentialAction":[{"@type":"ReadAction","target":["https:\/\/zenkit.com\/de\/impressum\/"]}]},{"@type":"BreadcrumbList","@id":"https:\/\/zenkit.com\/de\/impressum\/#breadcrumb","itemListElement":[{"@type":"ListItem","position":1,"name":"Home","item":"https:\/\/zenkit.com\/de\/"},{"@type":"ListItem","position":2,"name":"Impressum"}]},{"@type":"WebSite","@id":"https:\/\/zenkit.com\/de\/#website","url":"https:\/\/zenkit.com\/de\/","name":"Zenkit","description":"Zenkit Tagline","potentialAction":[{"@type":"SearchAction","target":{"@type":"EntryPoint","urlTemplate":"https:\/\/zenkit.com\/de\/?s={search_term_string}"},"query-input":{"@type":"PropertyValueSpecification","valueRequired":true,"valueName":"search_term_string"}}],"inLanguage":"de"},false]}},"yasr_visitor_votes":{"stars_attributes":{"read_only":false,"span_bottom":false},"number_of_votes":0,"sum_votes":0},"_links":{"self":[{"href":"https:\/\/zenkit.com\/de\/wp-json\/wp\/v2\/pages\/3308","targetHints":{"allow":["GET"]}}],"collection":[{"href":"https:\/\/zenkit.com\/de\/wp-json\/wp\/v2\/pages"}],"about":[{"href":"https:\/\/zenkit.com\/de\/wp-json\/wp\/v2\/types\/page"}],"author":[{"embeddable":true,"href":"https:\/\/zenkit.com\/de\/wp-json\/wp\/v2\/users\/1"}],"replies":[{"embeddable":true,"href":"https:\/\/zenkit.com\/de\/wp-json\/wp\/v2\/comments?post=3308"}],"version-history":[{"count":4,"href":"https:\/\/zenkit.com\/de\/wp-json\/wp\/v2\/pages\/3308\/revisions"}],"predecessor-version":[{"id":175829,"href":"https:\/\/zenkit.com\/de\/wp-json\/wp\/v2\/pages\/3308\/revisions\/175829"}],"wp:attachment":[{"href":"https:\/\/zenkit.com\/de\/wp-json\/wp\/v2\/media?parent=3308"}],"curies":[{"name":"wp","href":"https:\/\/api.w.org\/{rel}","templated":true}]}}