{"id":34778,"date":"2019-12-17T16:57:30","date_gmt":"2019-12-17T15:57:30","guid":{"rendered":"https:\/\/zenkit.com\/?page_id=34778"},"modified":"2025-11-03T08:13:15","modified_gmt":"2025-11-03T07:13:15","slug":"wiki-ansicht","status":"publish","type":"page","link":"https:\/\/zenkit.com\/de\/loesungen\/wiki-ansicht\/","title":{"rendered":"Erstellen Sie ein Team Wiki"},"content":{"rendered":"\n<div class=\"wp-block-group has-global-padding is-layout-constrained wp-block-group-is-layout-constrained\">\n<div class=\"wp-block-group width--950 has-global-padding is-layout-constrained wp-block-group-is-layout-constrained\">\n<div style=\"height:45px;--tablet-height:45px;--mobile-height:16px\" class=\"wp-block-lookeen-blocks-responsive-spacer\"><\/div>\n\n\n\n<div class=\"wp-block-group has-global-padding is-layout-constrained wp-block-group-is-layout-constrained\">\n<h1 class=\"wp-block-heading has-text-align-center\" style=\"margin-bottom:8px\">Wiki Ansicht<\/h1>\n<\/div>\n\n\n\n<div class=\"wp-block-group has-global-padding is-layout-constrained wp-block-group-is-layout-constrained\">\n<p class=\"has-text-align-center subheading\">Ein funktionsreiches und kollaboratives Wiki f\u00fcr Ihr Team oder Ihre Organisation<\/p>\n<\/div>\n\n\n\n<div style=\"height:48px;--tablet-height:36px;--mobile-height:24px\" class=\"wp-block-lookeen-blocks-responsive-spacer\"><\/div>\n\n\n\n<div class=\"wp-block-group has-global-padding is-layout-constrained wp-block-group-is-layout-constrained\">\n<p class=\"has-text-align-center\">Mit der Zenkit Wiki Ansicht k\u00f6nnen Sie schnell und intuitiv inhaltsvolle und gleichzeitig \u00fcbersichtliche und funktionelle Wiki Seiten erstellen. Nutzen Sie Zenkit als Content Management System, um ein internes Team Wiki zu erstellen oder Ihre eigene Wiki Seite mit dem Internet zu teilen.<\/p>\n<\/div>\n<\/div>\n\n\n\n<div style=\"height:88px;--tablet-height:72px;--mobile-height:40px\" class=\"wp-block-lookeen-blocks-responsive-spacer\"><\/div>\n<\/div>\n\n\n\n<div class=\"wp-block-group has-global-padding is-layout-constrained wp-block-group-is-layout-constrained\">\n<div class=\"wp-block-group three-column-grid has-global-padding is-layout-constrained wp-block-group-is-layout-constrained\">\n<div class=\"wp-block-group is-style-da-box-shadow has-global-padding is-layout-constrained wp-container-core-group-is-layout-81115059 wp-block-group-is-layout-constrained\" style=\"border-radius:20px;padding-top:25px;padding-right:25px;padding-bottom:25px;padding-left:25px\">\n<figure class=\"wp-block-image aligncenter size-full is-resized\"><img loading=\"lazy\" decoding=\"async\" width=\"150\" height=\"150\" src=\"https:\/\/zenkit.com\/wp-content\/uploads\/2019\/12\/everything-in-one-place-2.png\" alt=\"Alles in einem Tool\" class=\"wp-image-35095\" style=\"width:150px\"\/><\/figure>\n\n\n\n<h3 class=\"wp-block-heading has-text-align-center\">Alles in einem Tool<\/h3>\n\n\n\n<p class=\"has-text-align-center\">In Zenkit k\u00f6nnen Sie problemlos Ihr eigenes Wiki erstellen, bearbeiten und ver\u00f6ffentlichen &#8211; Und das mit dem Tool, das Sie zudem dazu nutzen k\u00f6nnen, alle To-Dos Ihres (beruflichen) Alltags zu managen. Organisieren Sie jetzt Wiki Seiten, Projekte, Prozesse, Dokumente, Mitarbeiter, Kunden und vieles mehr in<strong>&nbsp;nur einer App<\/strong>.<\/p>\n<\/div>\n\n\n\n<div class=\"wp-block-group is-style-da-box-shadow has-global-padding is-layout-constrained wp-container-core-group-is-layout-81115059 wp-block-group-is-layout-constrained\" style=\"border-radius:20px;padding-top:25px;padding-right:25px;padding-bottom:25px;padding-left:25px\">\n<figure class=\"wp-block-image aligncenter size-full is-resized\"><img loading=\"lazy\" decoding=\"async\" width=\"150\" height=\"150\" src=\"https:\/\/zenkit.com\/wp-content\/uploads\/2019\/12\/create-beautiful-wikis-2.png\" alt=\"Erstellen Sie Wikis mit dem gewissen Etwas\" class=\"wp-image-35145\" style=\"width:150px\"\/><\/figure>\n\n\n\n<h3 class=\"wp-block-heading has-text-align-center\">Erstellen Sie Wikis mit dem gewissen Etwas<\/h3>\n\n\n\n<p class=\"has-text-align-center\">Verleihen Sie Ihrem Wiki mit Bildern, Embeds, Code Snippets, Projekten, Items und vielen weiteren Elementen mehr Bedeutung. HTML und Markdown helfen Ihnen dabei, das Wiki schnell und pr\u00e4zise zu erstellen.<\/p>\n<\/div>\n\n\n\n<div class=\"wp-block-group is-style-da-box-shadow has-global-padding is-layout-constrained wp-container-core-group-is-layout-81115059 wp-block-group-is-layout-constrained\" style=\"border-radius:20px;padding-top:25px;padding-right:25px;padding-bottom:25px;padding-left:25px\">\n<figure class=\"wp-block-image aligncenter size-full is-resized\"><img loading=\"lazy\" decoding=\"async\" width=\"150\" height=\"150\" src=\"https:\/\/zenkit.com\/wp-content\/uploads\/2019\/12\/collaborate-with-your-team-2-1.png\" alt=\"Ein Wiki f\u00fcr Ihr Team\" class=\"wp-image-35155\" style=\"width:150px\"\/><\/figure>\n\n\n\n<h3 class=\"wp-block-heading has-text-align-center\">Ein Wiki f\u00fcr Ihr Team<\/h3>\n\n\n\n<p class=\"has-text-align-center\">Laden Sie Ihre Team-Mitglieder dazu ein, zusammen mit Ihnen an Wikis in Echtzeit zu arbeiten. Legen Sie die Zugriffsrechte f\u00fcr das Wiki fest und bestimmen sie, welches Team-Mitglied was bearbeiten darf.<\/p>\n<\/div>\n\n\n\n<div class=\"wp-block-group is-style-da-box-shadow has-global-padding is-layout-constrained wp-container-core-group-is-layout-81115059 wp-block-group-is-layout-constrained\" style=\"border-radius:20px;padding-top:25px;padding-right:25px;padding-bottom:25px;padding-left:25px\">\n<figure class=\"wp-block-image aligncenter size-full is-resized\"><img loading=\"lazy\" decoding=\"async\" width=\"150\" height=\"150\" src=\"https:\/\/zenkit.com\/wp-content\/uploads\/2019\/12\/find-anything-in-moments-2.png\" alt=\"\u00dcbersichtlichkeit ist Trumpf\" class=\"wp-image-35105\" style=\"width:150px\"\/><\/figure>\n\n\n\n<h3 class=\"wp-block-heading has-text-align-center\">\u00dcbersichtlichkeit ist Trumpf<\/h3>\n\n\n\n<p class=\"has-text-align-center\">Nutzen Sie Zenkits starke Filter-Funktion, um es Ihren Lesern zu erm\u00f6glichen, jeden Wiki-Artikel unkompliziert zu finden. Gefiltert werden kann beispielsweise nach Label, Thema, Ver\u00f6ffentlichkeitsdatum oder Autor.<\/p>\n<\/div>\n\n\n\n<div class=\"wp-block-group is-style-da-box-shadow has-global-padding is-layout-constrained wp-container-core-group-is-layout-81115059 wp-block-group-is-layout-constrained\" style=\"border-radius:20px;padding-top:25px;padding-right:25px;padding-bottom:25px;padding-left:25px\">\n<figure class=\"wp-block-image aligncenter size-full is-resized\"><img loading=\"lazy\" decoding=\"async\" width=\"150\" height=\"150\" src=\"https:\/\/zenkit.com\/wp-content\/uploads\/2019\/12\/work-in-any-view-2.png\" alt=\"Flexibel dank verschiedener Zenkit Ansichten\" class=\"wp-image-35115\" style=\"width:150px\"\/><\/figure>\n\n\n\n<h3 class=\"wp-block-heading has-text-align-center\">Flexibel dank verschiedener Zenkit Ansichten<\/h3>\n\n\n\n<p class=\"has-text-align-center\">Nutzen Sie ein Mind-Map, um sich einen \u00dcberblick \u00fcber Ihr Wiki zu verschaffen, kontrollieren Sie den Fortschritt Ihres Wiki Artikels in der Kanban Ansicht oder halten Sie F\u00e4lligkeitsdaten im Zenkit Kalender fest.<\/p>\n<\/div>\n\n\n\n<div class=\"wp-block-group is-style-da-box-shadow has-global-padding is-layout-constrained wp-container-core-group-is-layout-81115059 wp-block-group-is-layout-constrained\" style=\"border-radius:20px;padding-top:25px;padding-right:25px;padding-bottom:25px;padding-left:25px\">\n<figure class=\"wp-block-image aligncenter size-full is-resized\"><img loading=\"lazy\" decoding=\"async\" width=\"150\" height=\"150\" src=\"https:\/\/zenkit.com\/wp-content\/uploads\/2019\/12\/an-easy-to-use-diy-solution-2.png\" alt=\"Eine unkomplizierte DIY L\u00f6sung\" class=\"wp-image-35125\" style=\"width:150px\"\/><\/figure>\n\n\n\n<h3 class=\"wp-block-heading has-text-align-center\">Eine unkomplizierte DIY L\u00f6sung<\/h3>\n\n\n\n<p class=\"has-text-align-center\">Sie ben\u00f6tigen weder Programmier-Erfahrung noch spezielle Sondergenehmigungen. Die Wiki Ansicht verf\u00fcgt \u00fcber eine interne \u00e4nderbare Struktur, die auf bereits bestehenden Zenkit Elementen (wie bspw. Labels, Hierarchien oder Mitgliedsfeldern) beruht.<\/p>\n<\/div>\n<\/div>\n<\/div>\n\n\n\n<div style=\"height:88px;--tablet-height:72px;--mobile-height:40px\" class=\"wp-block-lookeen-blocks-responsive-spacer\"><\/div>\n\n\n\n<div class=\"wp-block-group has-global-padding is-layout-constrained wp-block-group-is-layout-constrained\">\n<h2 class=\"wp-block-heading has-text-align-center\">Wieso lohnt sich ein internes Wiki?<\/h2>\n\n\n\n<p class=\"has-text-align-center\">Interne Wikis (oder auch Team Wikis) sind eine effektive Methode, um Wissen in Ihrem Unternehmen zu b\u00fcndeln, verkn\u00fcpfen und zu erweitern. Teilen Sie interne Dokumentationen wie beispielsweise Unternehmensrichtlinien- und Prozesse, Projekte, Produkte, Kontrolllisten und vieles mehr. Sie k\u00f6nnen das Wiki auf viele Arten nutzen. Egal ob als interne Pinnwand oder breit aufgestellte Wissensdatenbank\u2026 Wikis helfen all Ihren Mitarbeitern, Ihr Unternehmen besser zu verstehen.<\/p>\n\n\n\n<div style=\"height:48px;--tablet-height:36px;--mobile-height:24px\" class=\"wp-block-lookeen-blocks-responsive-spacer\"><\/div>\n\n\n\n<div class=\"wp-block-group three-column-grid has-global-padding is-layout-constrained wp-block-group-is-layout-constrained\">\n<div class=\"wp-block-group is-style-da-box-shadow has-global-padding is-layout-constrained wp-container-core-group-is-layout-edcd9cee wp-block-group-is-layout-constrained\" style=\"border-radius:20px;padding-top:30px;padding-right:30px;padding-bottom:30px;padding-left:30px\">\n<h3 class=\"wp-block-heading has-text-align-center\">Onboarding neuer Mitarbeiter<\/h3>\n<\/div>\n\n\n\n<div class=\"wp-block-group is-style-da-box-shadow has-global-padding is-layout-constrained wp-container-core-group-is-layout-edcd9cee wp-block-group-is-layout-constrained\" style=\"border-radius:20px;padding-top:30px;padding-right:30px;padding-bottom:30px;padding-left:30px\">\n<h3 class=\"wp-block-heading has-text-align-center\">Sammlung und B\u00fcndelung des Wissens alteingesessener Mitarbeiter<\/h3>\n<\/div>\n\n\n\n<div class=\"wp-block-group is-style-da-box-shadow has-global-padding is-layout-constrained wp-container-core-group-is-layout-edcd9cee wp-block-group-is-layout-constrained\" style=\"border-radius:20px;padding-top:30px;padding-right:30px;padding-bottom:30px;padding-left:30px\">\n<h3 class=\"wp-block-heading has-text-align-center\">Verbreitung von Unternehmensrichtlinien<\/h3>\n<\/div>\n\n\n\n<div class=\"wp-block-group is-style-da-box-shadow has-global-padding is-layout-constrained wp-container-core-group-is-layout-edcd9cee wp-block-group-is-layout-constrained\" style=\"border-radius:20px;padding-top:30px;padding-right:30px;padding-bottom:30px;padding-left:30px\">\n<h3 class=\"wp-block-heading has-text-align-center\">K\u00fcrzere Kommunikationswege<\/h3>\n<\/div>\n\n\n\n<div class=\"wp-block-group is-style-da-box-shadow has-global-padding is-layout-constrained wp-container-core-group-is-layout-edcd9cee wp-block-group-is-layout-constrained\" style=\"border-radius:20px;padding-top:30px;padding-right:30px;padding-bottom:30px;padding-left:30px\">\n<h3 class=\"wp-block-heading has-text-align-center\">Teilen von Marken- Guidelines und Design-Materialien<\/h3>\n<\/div>\n\n\n\n<div class=\"wp-block-group is-style-da-box-shadow has-global-padding is-layout-constrained wp-container-core-group-is-layout-edcd9cee wp-block-group-is-layout-constrained\" style=\"border-radius:20px;padding-top:30px;padding-right:30px;padding-bottom:30px;padding-left:30px\">\n<h3 class=\"wp-block-heading has-text-align-center\">Ver\u00f6ffentlichung von Guides und Trainingsdokumenten<\/h3>\n<\/div>\n\n\n\n<div class=\"wp-block-group is-style-da-box-shadow has-global-padding is-layout-constrained wp-container-core-group-is-layout-edcd9cee wp-block-group-is-layout-constrained\" style=\"border-radius:20px;padding-top:30px;padding-right:30px;padding-bottom:30px;padding-left:30px\">\n<h3 class=\"wp-block-heading has-text-align-center\">Erstellung einer internen Pinnwand<\/h3>\n<\/div>\n\n\n\n<div class=\"wp-block-group is-style-da-box-shadow has-global-padding is-layout-constrained wp-container-core-group-is-layout-edcd9cee wp-block-group-is-layout-constrained\" style=\"border-radius:20px;padding-top:30px;padding-right:30px;padding-bottom:30px;padding-left:30px\">\n<h3 class=\"wp-block-heading has-text-align-center\">und noch viel mehr\u2026<\/h3>\n<\/div>\n<\/div>\n\n\n\n<div style=\"height:88px;--tablet-height:72px;--mobile-height:40px\" class=\"wp-block-lookeen-blocks-responsive-spacer\"><\/div>\n<\/div>\n\n\n\n<div class=\"wp-block-group has-da-blue-light-background-color has-background has-global-padding is-layout-constrained wp-container-core-group-is-layout-7cc94c3e wp-block-group-is-layout-constrained\">\n<div style=\"height:88px;--tablet-height:72px;--mobile-height:40px\" class=\"wp-block-lookeen-blocks-responsive-spacer\"><\/div>\n\n\n\n<div class=\"wp-block-group has-global-padding is-layout-constrained wp-block-group-is-layout-constrained\">\n<h2 class=\"wp-block-heading has-text-align-center\" style=\"margin-bottom:8px;font-style:normal;font-weight:700\">Legen Sie jetzt los!<\/h2>\n\n\n\n<p class=\"has-text-align-center has-da-grey-2-color has-text-color has-link-color wp-elements-122b0c488dd858ff17454740a76d433d\">Registrieren Sie sich f\u00fcr ein kostenloses Zenkit Konto, um jetzt Ihr Wiki zu erstellen.<\/p>\n<\/div>\n\n\n\n<div style=\"height:48px;--tablet-height:36px;--mobile-height:24px\" class=\"wp-block-lookeen-blocks-responsive-spacer\"><\/div>\n\n\n\n<div class=\"wp-block-buttons is-content-justification-center is-layout-flex wp-container-core-buttons-is-layout-f78c5dac wp-block-buttons-is-layout-flex\" style=\"margin-top:0px;margin-bottom:0px\">\n<div class=\"wp-block-button\"><a class=\"wp-block-button__link wp-element-button\" href=\"https:\/\/app.zenkit.com\/register\/de\" target=\"_blank\" rel=\"noreferrer noopener\">Mein Wiki erstellen<\/a><\/div>\n<\/div>\n\n\n\n<div style=\"height:88px;--tablet-height:72px;--mobile-height:40px\" class=\"wp-block-lookeen-blocks-responsive-spacer\"><\/div>\n<\/div>\n\n\n\n<div class=\"wp-block-group has-global-padding is-layout-constrained wp-container-core-group-is-layout-7cc94c3e wp-block-group-is-layout-constrained\">\n<div style=\"height:88px;--tablet-height:72px;--mobile-height:40px\" class=\"wp-block-lookeen-blocks-responsive-spacer\"><\/div>\n\n\n\n<div class=\"wp-block-group has-global-padding is-layout-constrained wp-block-group-is-layout-constrained\">\n<p class=\"has-text-align-center\">Egal wie Sie es verwenden m\u00f6chten, Zenkit bietet den perfekten Ausgangspunkt f\u00fcr jede Art von Wiki, die Sie ausw\u00e4hlen.<\/p>\n\n\n\n<p class=\"has-text-align-center has-da-grey-2-color has-text-color has-link-color wp-elements-ca5a297b711ae5ee1806f4e079d78776\"><a href=\"https:\/\/zenkit.com\/documentation#\/lists\/HJQBQ1Hw\/sections\/ByG-c9G0\/entries\/1z7lfd1Q1?_k=cfohg6\">Erfahren Sie mehr \u00fcber die Wiki-Ansicht von Zenkit<\/a><\/p>\n<\/div>\n\n\n\n<div style=\"height:48px;--tablet-height:36px;--mobile-height:24px\" class=\"wp-block-lookeen-blocks-responsive-spacer\"><\/div>\n\n\n\n<div class=\"wp-block-group is-style-da-box-shadow has-global-padding is-layout-constrained wp-container-core-group-is-layout-2d0b482a wp-block-group-is-layout-constrained has-background\" style=\"border-radius:20px;padding-top:40px;padding-right:25px;padding-bottom:40px;padding-left:25px;background-image:url(&#039;https:\/\/zenkit.com\/wp-content\/uploads\/2025\/09\/bg-suite-left.svg&#039;);background-size:cover;\">\n<h2 class=\"wp-block-heading has-text-align-center\">Nutzen Sie Zenkit auf allen Ger\u00e4ten<\/h2>\n\n\n\n<p class=\"has-text-align-center\">Nutzen Sie Zenkit in Ihrem Browser oder laden Sie sich unsere Desktop und mobilen Apps herunter.<\/p>\n\n\n\n<figure class=\"wp-block-image aligncenter size-full\"><img loading=\"lazy\" decoding=\"async\" width=\"636\" height=\"110\" src=\"https:\/\/zenkit.com\/wp-content\/uploads\/2021\/01\/app-downloads-1.png\" alt=\"\" class=\"wp-image-55591\" srcset=\"https:\/\/zenkit.com\/wp-content\/uploads\/2021\/01\/app-downloads-1.png 636w, https:\/\/zenkit.com\/wp-content\/uploads\/2021\/01\/app-downloads-1-300x52.png 300w\" sizes=\"auto, (max-width: 636px) 100vw, 636px\" \/><\/figure>\n\n\n\n<div style=\"height:48px;--tablet-height:36px;--mobile-height:24px\" class=\"wp-block-lookeen-blocks-responsive-spacer\"><\/div>\n\n\n\n<p class=\"has-text-align-center\"><a href=\"https:\/\/zenkit.com\/de\/plattformen\/\" data-type=\"page\" data-id=\"47961\">Zenkit App nutzen<\/a><\/p>\n<\/div>\n<\/div>\n\n\n\n<div class=\"wp-block-group has-global-padding is-layout-constrained wp-container-core-group-is-layout-7cc94c3e wp-block-group-is-layout-constrained\">\n<div style=\"height:88px;--tablet-height:72px;--mobile-height:40px\" class=\"wp-block-lookeen-blocks-responsive-spacer\"><\/div>\n<\/div>\n\n\n\n<div style=\"height:110px;--tablet-height:60px;--mobile-height:48px\" class=\"wp-block-lookeen-blocks-responsive-spacer\"><\/div>\n","protected":false},"excerpt":{"rendered":"<p>Wiki Ansicht Ein funktionsreiches und kollaboratives Wiki f\u00fcr Ihr Team oder Ihre Organisation Mit der Zenkit Wiki Ansicht k\u00f6nnen Sie schnell und intuitiv inhaltsvolle und gleichzeitig \u00fcbersichtliche und funktionelle Wiki Seiten erstellen. Nutzen Sie Zenkit als Content Management System, um ein internes Team Wiki zu erstellen oder Ihre eigene Wiki Seite mit dem Internet zu [&hellip;]<\/p>\n","protected":false},"author":6,"featured_media":0,"parent":67251,"menu_order":2,"comment_status":"closed","ping_status":"closed","template":"","meta":{"yasr_overall_rating":0,"yasr_post_is_review":"","yasr_auto_insert_disabled":"","yasr_review_type":"","footnotes":""},"class_list":["post-34778","page","type-page","status-publish","hentry"],"yoast_head":"<!-- This site is optimized with the Yoast SEO plugin v27.3 - https:\/\/yoast.com\/product\/yoast-seo-wordpress\/ -->\n<title>Team Wiki erstellen | Zenkit<\/title>\n<meta name=\"description\" content=\"Erstellen Sie blitzschnell ein \u00fcbersichtliches und intuitives Zenkit Wiki. Teilen Sie Ihr Wiki intern mit Ihrem Team oder ver\u00f6ffentlichen Sie es online.\" \/>\n<meta name=\"robots\" content=\"index, follow, max-snippet:-1, max-image-preview:large, max-video-preview:-1\" \/>\n<link rel=\"canonical\" href=\"https:\/\/zenkit.com\/de\/loesungen\/wiki-ansicht\/\" \/>\n<meta property=\"og:locale\" content=\"de_DE\" \/>\n<meta property=\"og:type\" content=\"article\" \/>\n<meta property=\"og:title\" content=\"Team Wiki erstellen | Zenkit\" \/>\n<meta property=\"og:description\" content=\"Erstellen Sie blitzschnell ein \u00fcbersichtliches und intuitives Zenkit Wiki. Teilen Sie Ihr Wiki intern mit Ihrem Team oder ver\u00f6ffentlichen Sie es online.\" \/>\n<meta property=\"og:url\" content=\"https:\/\/zenkit.com\/de\/loesungen\/wiki-ansicht\/\" \/>\n<meta property=\"og:site_name\" content=\"Zenkit\" \/>\n<meta property=\"article:publisher\" content=\"https:\/\/www.facebook.com\/ZenkitHQ\" \/>\n<meta property=\"article:modified_time\" content=\"2025-11-03T07:13:15+00:00\" \/>\n<meta property=\"og:image\" content=\"https:\/\/zenkit.com\/wp-content\/uploads\/2019\/12\/everything-in-one-place-2.png\" \/>\n<meta name=\"twitter:card\" content=\"summary_large_image\" \/>\n<meta name=\"twitter:site\" content=\"@ZenkitHQ\" \/>\n<meta name=\"twitter:label1\" content=\"Gesch\u00e4tzte Lesezeit\" \/>\n\t<meta name=\"twitter:data1\" content=\"2\u00a0Minuten\" \/>\n<script type=\"application\/ld+json\" class=\"yoast-schema-graph\">{\"@context\":\"https:\\\/\\\/schema.org\",\"@graph\":[{\"@type\":\"WebPage\",\"@id\":\"https:\\\/\\\/zenkit.com\\\/de\\\/loesungen\\\/wiki-ansicht\\\/\",\"url\":\"https:\\\/\\\/zenkit.com\\\/de\\\/loesungen\\\/wiki-ansicht\\\/\",\"name\":\"Team Wiki erstellen | Zenkit\",\"isPartOf\":{\"@id\":\"https:\\\/\\\/zenkit.com\\\/de\\\/#website\"},\"primaryImageOfPage\":{\"@id\":\"https:\\\/\\\/zenkit.com\\\/de\\\/loesungen\\\/wiki-ansicht\\\/#primaryimage\"},\"image\":{\"@id\":\"https:\\\/\\\/zenkit.com\\\/de\\\/loesungen\\\/wiki-ansicht\\\/#primaryimage\"},\"thumbnailUrl\":\"https:\\\/\\\/zenkit.com\\\/wp-content\\\/uploads\\\/2019\\\/12\\\/everything-in-one-place-2.png\",\"datePublished\":\"2019-12-17T15:57:30+00:00\",\"dateModified\":\"2025-11-03T07:13:15+00:00\",\"description\":\"Erstellen Sie blitzschnell ein \u00fcbersichtliches und intuitives Zenkit Wiki. Teilen Sie Ihr Wiki intern mit Ihrem Team oder ver\u00f6ffentlichen Sie es online.\",\"breadcrumb\":{\"@id\":\"https:\\\/\\\/zenkit.com\\\/de\\\/loesungen\\\/wiki-ansicht\\\/#breadcrumb\"},\"inLanguage\":\"de\",\"potentialAction\":[{\"@type\":\"ReadAction\",\"target\":[\"https:\\\/\\\/zenkit.com\\\/de\\\/loesungen\\\/wiki-ansicht\\\/\"]}]},{\"@type\":\"ImageObject\",\"inLanguage\":\"de\",\"@id\":\"https:\\\/\\\/zenkit.com\\\/de\\\/loesungen\\\/wiki-ansicht\\\/#primaryimage\",\"url\":\"https:\\\/\\\/zenkit.com\\\/wp-content\\\/uploads\\\/2019\\\/12\\\/everything-in-one-place-2.png\",\"contentUrl\":\"https:\\\/\\\/zenkit.com\\\/wp-content\\\/uploads\\\/2019\\\/12\\\/everything-in-one-place-2.png\"},{\"@type\":\"BreadcrumbList\",\"@id\":\"https:\\\/\\\/zenkit.com\\\/de\\\/loesungen\\\/wiki-ansicht\\\/#breadcrumb\",\"itemListElement\":[{\"@type\":\"ListItem\",\"position\":1,\"name\":\"Home\",\"item\":\"https:\\\/\\\/zenkit.com\\\/de\\\/\"},{\"@type\":\"ListItem\",\"position\":2,\"name\":\"L\u00f6sungen\",\"item\":\"https:\\\/\\\/zenkit.com\\\/de\\\/loesungen\\\/\"},{\"@type\":\"ListItem\",\"position\":3,\"name\":\"Erstellen Sie ein Team Wiki\"}]},{\"@type\":\"WebSite\",\"@id\":\"https:\\\/\\\/zenkit.com\\\/de\\\/#website\",\"url\":\"https:\\\/\\\/zenkit.com\\\/de\\\/\",\"name\":\"Zenkit\",\"description\":\"Zenkit Tagline\",\"potentialAction\":[{\"@type\":\"SearchAction\",\"target\":{\"@type\":\"EntryPoint\",\"urlTemplate\":\"https:\\\/\\\/zenkit.com\\\/de\\\/?s={search_term_string}\"},\"query-input\":{\"@type\":\"PropertyValueSpecification\",\"valueRequired\":true,\"valueName\":\"search_term_string\"}}],\"inLanguage\":\"de\"},false]}<\/script>\n<!-- \/ Yoast SEO plugin. -->","yoast_head_json":{"title":"Team Wiki erstellen | Zenkit","description":"Erstellen Sie blitzschnell ein \u00fcbersichtliches und intuitives Zenkit Wiki. Teilen Sie Ihr Wiki intern mit Ihrem Team oder ver\u00f6ffentlichen Sie es online.","robots":{"index":"index","follow":"follow","max-snippet":"max-snippet:-1","max-image-preview":"max-image-preview:large","max-video-preview":"max-video-preview:-1"},"canonical":"https:\/\/zenkit.com\/de\/loesungen\/wiki-ansicht\/","og_locale":"de_DE","og_type":"article","og_title":"Team Wiki erstellen | Zenkit","og_description":"Erstellen Sie blitzschnell ein \u00fcbersichtliches und intuitives Zenkit Wiki. Teilen Sie Ihr Wiki intern mit Ihrem Team oder ver\u00f6ffentlichen Sie es online.","og_url":"https:\/\/zenkit.com\/de\/loesungen\/wiki-ansicht\/","og_site_name":"Zenkit","article_publisher":"https:\/\/www.facebook.com\/ZenkitHQ","article_modified_time":"2025-11-03T07:13:15+00:00","og_image":[{"url":"https:\/\/zenkit.com\/wp-content\/uploads\/2019\/12\/everything-in-one-place-2.png","type":"","width":"","height":""}],"twitter_card":"summary_large_image","twitter_site":"@ZenkitHQ","twitter_misc":{"Gesch\u00e4tzte Lesezeit":"2\u00a0Minuten"},"schema":{"@context":"https:\/\/schema.org","@graph":[{"@type":"WebPage","@id":"https:\/\/zenkit.com\/de\/loesungen\/wiki-ansicht\/","url":"https:\/\/zenkit.com\/de\/loesungen\/wiki-ansicht\/","name":"Team Wiki erstellen | Zenkit","isPartOf":{"@id":"https:\/\/zenkit.com\/de\/#website"},"primaryImageOfPage":{"@id":"https:\/\/zenkit.com\/de\/loesungen\/wiki-ansicht\/#primaryimage"},"image":{"@id":"https:\/\/zenkit.com\/de\/loesungen\/wiki-ansicht\/#primaryimage"},"thumbnailUrl":"https:\/\/zenkit.com\/wp-content\/uploads\/2019\/12\/everything-in-one-place-2.png","datePublished":"2019-12-17T15:57:30+00:00","dateModified":"2025-11-03T07:13:15+00:00","description":"Erstellen Sie blitzschnell ein \u00fcbersichtliches und intuitives Zenkit Wiki. Teilen Sie Ihr Wiki intern mit Ihrem Team oder ver\u00f6ffentlichen Sie es online.","breadcrumb":{"@id":"https:\/\/zenkit.com\/de\/loesungen\/wiki-ansicht\/#breadcrumb"},"inLanguage":"de","potentialAction":[{"@type":"ReadAction","target":["https:\/\/zenkit.com\/de\/loesungen\/wiki-ansicht\/"]}]},{"@type":"ImageObject","inLanguage":"de","@id":"https:\/\/zenkit.com\/de\/loesungen\/wiki-ansicht\/#primaryimage","url":"https:\/\/zenkit.com\/wp-content\/uploads\/2019\/12\/everything-in-one-place-2.png","contentUrl":"https:\/\/zenkit.com\/wp-content\/uploads\/2019\/12\/everything-in-one-place-2.png"},{"@type":"BreadcrumbList","@id":"https:\/\/zenkit.com\/de\/loesungen\/wiki-ansicht\/#breadcrumb","itemListElement":[{"@type":"ListItem","position":1,"name":"Home","item":"https:\/\/zenkit.com\/de\/"},{"@type":"ListItem","position":2,"name":"L\u00f6sungen","item":"https:\/\/zenkit.com\/de\/loesungen\/"},{"@type":"ListItem","position":3,"name":"Erstellen Sie ein Team Wiki"}]},{"@type":"WebSite","@id":"https:\/\/zenkit.com\/de\/#website","url":"https:\/\/zenkit.com\/de\/","name":"Zenkit","description":"Zenkit Tagline","potentialAction":[{"@type":"SearchAction","target":{"@type":"EntryPoint","urlTemplate":"https:\/\/zenkit.com\/de\/?s={search_term_string}"},"query-input":{"@type":"PropertyValueSpecification","valueRequired":true,"valueName":"search_term_string"}}],"inLanguage":"de"},false]}},"yasr_visitor_votes":{"stars_attributes":{"read_only":false,"span_bottom":false},"number_of_votes":0,"sum_votes":0},"_links":{"self":[{"href":"https:\/\/zenkit.com\/de\/wp-json\/wp\/v2\/pages\/34778","targetHints":{"allow":["GET"]}}],"collection":[{"href":"https:\/\/zenkit.com\/de\/wp-json\/wp\/v2\/pages"}],"about":[{"href":"https:\/\/zenkit.com\/de\/wp-json\/wp\/v2\/types\/page"}],"author":[{"embeddable":true,"href":"https:\/\/zenkit.com\/de\/wp-json\/wp\/v2\/users\/6"}],"replies":[{"embeddable":true,"href":"https:\/\/zenkit.com\/de\/wp-json\/wp\/v2\/comments?post=34778"}],"version-history":[{"count":6,"href":"https:\/\/zenkit.com\/de\/wp-json\/wp\/v2\/pages\/34778\/revisions"}],"predecessor-version":[{"id":138767,"href":"https:\/\/zenkit.com\/de\/wp-json\/wp\/v2\/pages\/34778\/revisions\/138767"}],"up":[{"embeddable":true,"href":"https:\/\/zenkit.com\/de\/wp-json\/wp\/v2\/pages\/67251"}],"wp:attachment":[{"href":"https:\/\/zenkit.com\/de\/wp-json\/wp\/v2\/media?parent=34778"}],"curies":[{"name":"wp","href":"https:\/\/api.w.org\/{rel}","templated":true}]}}