{"id":37471,"date":"2020-01-22T08:38:24","date_gmt":"2020-01-22T07:38:24","guid":{"rendered":"https:\/\/zenkit.com\/funktionen\/gantt-view\/"},"modified":"2025-05-15T20:59:32","modified_gmt":"2025-05-15T18:59:32","slug":"gantt-diagramm","status":"publish","type":"page","link":"https:\/\/zenkit.com\/de\/loesungen\/gantt-diagramm\/","title":{"rendered":"Gantt Diagramm"},"content":{"rendered":"\n<div class=\"wp-block-group has-global-padding is-layout-constrained wp-block-group-is-layout-constrained\">\n<div class=\"wp-block-group width--950 has-global-padding is-layout-constrained wp-block-group-is-layout-constrained\">\n<div style=\"height:45px;--tablet-height:45px;--mobile-height:16px\" class=\"wp-block-lookeen-blocks-responsive-spacer\"><\/div>\n\n\n\n<div class=\"wp-block-group has-global-padding is-layout-constrained wp-block-group-is-layout-constrained\">\n<h1 class=\"wp-block-heading has-text-align-center\" style=\"margin-bottom:8px\">Komplexe Projekte mit Gantt-Diagrammen in Zenkit durchf\u00fchren<\/h1>\n<\/div>\n\n\n\n<div class=\"wp-block-group has-global-padding is-layout-constrained wp-block-group-is-layout-constrained\">\n<p class=\"has-text-align-center subheading\">Planen Sie Projekte mit Hilfe eines klaren Zeitplans und Abh\u00e4ngigkeiten<\/p>\n<\/div>\n\n\n\n<div style=\"height:48px;--tablet-height:36px;--mobile-height:24px\" class=\"wp-block-lookeen-blocks-responsive-spacer\"><\/div>\n\n\n\n<p class=\"has-text-align-center\">Mit unseren Gantt-Diagrammen k\u00f6nnen Teams und Projektmanager systematisch alle Projektpl\u00e4ne, Ressourcen und zugeh\u00f6rige Mitarbeiter organisieren und steuern. Erhalten Sie einen intuitiven \u00dcberblick \u00fcber den Zeitplan Ihres Projekts. Anpassungen gelingen ganz einfach via Drag and Drop.<\/p>\n\n\n\n<div style=\"height:48px;--tablet-height:36px;--mobile-height:24px\" class=\"wp-block-lookeen-blocks-responsive-spacer\"><\/div>\n<\/div>\n<\/div>\n\n\n\n<div class=\"wp-block-group has-global-padding is-layout-constrained wp-block-group-is-layout-constrained\">\n<div class=\"wp-block-group functions__grid has-global-padding is-layout-constrained wp-block-group-is-layout-constrained\">\n<div class=\"wp-block-group functions__box has-global-padding is-layout-constrained wp-block-group-is-layout-constrained\" style=\"border-radius:20px\">\n<figure class=\"wp-block-image size-full\"><img loading=\"lazy\" decoding=\"async\" width=\"500\" height=\"300\" src=\"https:\/\/zenkit.com\/wp-content\/uploads\/2025\/05\/task_dependencies.webp\" alt=\"Aufgaben-Abh\u00e4ngigkeiten\" class=\"wp-image-112208\" srcset=\"https:\/\/zenkit.com\/wp-content\/uploads\/2025\/05\/task_dependencies.webp 500w, https:\/\/zenkit.com\/wp-content\/uploads\/2025\/05\/task_dependencies-300x180.webp 300w\" sizes=\"auto, (max-width: 500px) 100vw, 500px\" \/><\/figure>\n\n\n\n<h3 class=\"wp-block-heading has-text-align-center card__title\">Aufgaben-Abh\u00e4ngigkeiten<\/h3>\n\n\n\n<div class=\"wp-block-group has-global-padding is-layout-constrained wp-block-group-is-layout-constrained\">\n<p class=\"has-text-align-center has-da-grey-1-color has-text-color has-link-color wp-elements-76aa88711b7225687a64d55a77adea67\">Erstellen Sie schnell und einfach Abh\u00e4ngigkeiten zwischen Ihren Aufgaben. Bestimmen Sie Ende-Anfang, Anfang-Ende, Anfang-Anfang oder Ende-Ende Abh\u00e4ngigkeiten und f\u00fcgen Sie diesen detaillierte Beschreibungen hinzu.<\/p>\n<\/div>\n<\/div>\n\n\n\n<div class=\"wp-block-group functions__box has-global-padding is-layout-constrained wp-block-group-is-layout-constrained\" style=\"border-radius:20px\">\n<figure class=\"wp-block-image size-full\"><img loading=\"lazy\" decoding=\"async\" width=\"500\" height=\"300\" src=\"https:\/\/zenkit.com\/wp-content\/uploads\/2025\/05\/lag_and_lead.webp\" alt=\"Lag- und Lead-Zeiten\" class=\"wp-image-112225\" srcset=\"https:\/\/zenkit.com\/wp-content\/uploads\/2025\/05\/lag_and_lead.webp 500w, https:\/\/zenkit.com\/wp-content\/uploads\/2025\/05\/lag_and_lead-300x180.webp 300w\" sizes=\"auto, (max-width: 500px) 100vw, 500px\" \/><\/figure>\n\n\n\n<h3 class=\"wp-block-heading has-text-align-center card__title\">Lag- und Lead-Zeiten<\/h3>\n\n\n\n<div class=\"wp-block-group has-global-padding is-layout-constrained wp-block-group-is-layout-constrained\">\n<p class=\"has-text-align-center has-da-grey-1-color has-text-color has-link-color wp-elements-93d2676c57ef6b98fa9ba410532b6ada\">Zenkit visualisiert Lag- und Lead-Zeiten \u00fcbersichtlich und eindeutig. Bestimmen Sie Lag und Lead, um Verz\u00f6gerungen festzuhalten oder festzulegen, wenn bestimmte Aufgaben fr\u00fcher als geplant angegangen werden.<\/p>\n<\/div>\n<\/div>\n\n\n\n<div class=\"wp-block-group functions__box has-global-padding is-layout-constrained wp-block-group-is-layout-constrained\" style=\"border-radius:20px\">\n<figure class=\"wp-block-image size-full\"><img loading=\"lazy\" decoding=\"async\" width=\"500\" height=\"300\" src=\"https:\/\/zenkit.com\/wp-content\/uploads\/2025\/05\/critical_path.webp\" alt=\"Kritischer Pfad\" class=\"wp-image-112236\" srcset=\"https:\/\/zenkit.com\/wp-content\/uploads\/2025\/05\/critical_path.webp 500w, https:\/\/zenkit.com\/wp-content\/uploads\/2025\/05\/critical_path-300x180.webp 300w\" sizes=\"auto, (max-width: 500px) 100vw, 500px\" \/><\/figure>\n\n\n\n<h3 class=\"wp-block-heading has-text-align-center card__title\">Kritischer Pfad<\/h3>\n\n\n\n<div class=\"wp-block-group has-global-padding is-layout-constrained wp-block-group-is-layout-constrained\">\n<p class=\"has-text-align-center has-da-grey-1-color has-text-color has-link-color wp-elements-d55f3d59848234698def76888e206e05\">Verabschieden Sie sich von aufw\u00e4ndigen Kalkulationen und Leichtsinnsfehlern. Zenkit zeigt Ihnen den kritischen Pfad Ihres Projekts. \u00c4nderungen am Projektplan werden automatisch im kritischen Pfad \u00fcbernommen.<\/p>\n<\/div>\n<\/div>\n\n\n\n<div class=\"wp-block-group functions__box has-global-padding is-layout-constrained wp-block-group-is-layout-constrained\" style=\"border-radius:20px\">\n<figure class=\"wp-block-image size-full\"><img loading=\"lazy\" decoding=\"async\" width=\"500\" height=\"300\" src=\"https:\/\/zenkit.com\/wp-content\/uploads\/2025\/05\/milestones.webp\" alt=\"Meilensteine\" class=\"wp-image-112246\" srcset=\"https:\/\/zenkit.com\/wp-content\/uploads\/2025\/05\/milestones.webp 500w, https:\/\/zenkit.com\/wp-content\/uploads\/2025\/05\/milestones-300x180.webp 300w\" sizes=\"auto, (max-width: 500px) 100vw, 500px\" \/><\/figure>\n\n\n\n<h3 class=\"wp-block-heading has-text-align-center card__title\">Meilensteine<\/h3>\n\n\n\n<div class=\"wp-block-group has-global-padding is-layout-constrained wp-block-group-is-layout-constrained\">\n<p class=\"has-text-align-center has-da-grey-1-color has-text-color has-link-color wp-elements-fdc5a598def06ca968295dcf05d11d5e\">Mit Meilensteinen k\u00f6nnen Sie wichtige Termine oder Anfangs- und Enddaten von Projektphasen markieren. Meilensteine sind fix und werden nicht ge\u00e4ndert, wenn Sie Projektpl\u00e4ne aktualisieren.<\/p>\n<\/div>\n<\/div>\n\n\n\n<div class=\"wp-block-group functions__box has-global-padding is-layout-constrained wp-block-group-is-layout-constrained\" style=\"border-radius:20px\">\n<figure class=\"wp-block-image size-full\"><img loading=\"lazy\" decoding=\"async\" width=\"500\" height=\"300\" src=\"https:\/\/zenkit.com\/wp-content\/uploads\/2025\/05\/secondary_date_field.webp\" alt=\"Parallele Terminansichten\" class=\"wp-image-112256\" srcset=\"https:\/\/zenkit.com\/wp-content\/uploads\/2025\/05\/secondary_date_field.webp 500w, https:\/\/zenkit.com\/wp-content\/uploads\/2025\/05\/secondary_date_field-300x180.webp 300w\" sizes=\"auto, (max-width: 500px) 100vw, 500px\" \/><\/figure>\n\n\n\n<h3 class=\"wp-block-heading has-text-align-center card__title\">Parallele Terminansichten<\/h3>\n\n\n\n<div class=\"wp-block-group has-global-padding is-layout-constrained wp-block-group-is-layout-constrained\">\n<p class=\"has-text-align-center has-da-grey-1-color has-text-color has-link-color wp-elements-0b7d8c54a71dabbc28c386d3061eef26\">Lassen Sie sich zwei Versionen Ihres Gantt Diagramms \u00fcbereinander gelagert anzeigen. Vergleichen Sie den Vorentwurf und Ihren tats\u00e4chlichen Projektplan miteinander. So behalten Sie stets den \u00dcberblick und treffen gezielt Entscheidungen.<\/p>\n<\/div>\n<\/div>\n\n\n\n<div class=\"wp-block-group functions__box has-global-padding is-layout-constrained wp-block-group-is-layout-constrained\" style=\"border-radius:20px\">\n<figure class=\"wp-block-image size-full\"><img loading=\"lazy\" decoding=\"async\" width=\"500\" height=\"300\" src=\"https:\/\/zenkit.com\/wp-content\/uploads\/2025\/05\/time_breakdown.webp\" alt=\"Zeitliche Projektorganisation\" class=\"wp-image-112266\" srcset=\"https:\/\/zenkit.com\/wp-content\/uploads\/2025\/05\/time_breakdown.webp 500w, https:\/\/zenkit.com\/wp-content\/uploads\/2025\/05\/time_breakdown-300x180.webp 300w\" sizes=\"auto, (max-width: 500px) 100vw, 500px\" \/><\/figure>\n\n\n\n<h3 class=\"wp-block-heading has-text-align-center card__title\">Zeitliche Projektorganisation<\/h3>\n\n\n\n<div class=\"wp-block-group has-global-padding is-layout-constrained wp-block-group-is-layout-constrained\">\n<p class=\"has-text-align-center has-da-grey-1-color has-text-color has-link-color wp-elements-9864449d3b8cf717c1d16995ed59cd2c\">\u00c4ndern Sie den Zeitstrahl Ihres Gantt Diagramms, um Ihn an lange oder kurzfristige Projekte anzupassen. Zoomen Sie in Ihr Gantt Diagramm, um detaillierte Einblicke zu erhalten oder betrachten Sie das gro\u00dfe Ganze.<\/p>\n<\/div>\n<\/div>\n<\/div>\n\n\n\n<div style=\"height:88px;--tablet-height:72px;--mobile-height:36px\" class=\"wp-block-lookeen-blocks-responsive-spacer\"><\/div>\n<\/div>\n\n\n\n<div class=\"wp-block-group has-da-blue-light-background-color has-background has-global-padding is-layout-constrained wp-block-group-is-layout-constrained\">\n<div style=\"height:88px;--tablet-height:72px;--mobile-height:36px\" class=\"wp-block-lookeen-blocks-responsive-spacer\"><\/div>\n\n\n\n<div class=\"wp-block-group width--950 has-global-padding is-layout-constrained wp-container-core-group-is-layout-081cea82 wp-block-group-is-layout-constrained\">\n<h2 class=\"wp-block-heading has-text-align-center\" style=\"margin-bottom:8px\">Nutzen Sie Zenkit von \u00fcberall aus<\/h2>\n\n\n\n<p class=\"has-text-align-center\">Managen Sie Ihre Aufgaben in Ihrem Browser oder laden Sie unsere Desktop oder mobilen Apps herunter.<\/p>\n\n\n\n<figure class=\"wp-block-image aligncenter size-full\"><img loading=\"lazy\" decoding=\"async\" width=\"636\" height=\"110\" src=\"https:\/\/zenkit.com\/wp-content\/uploads\/2025\/05\/app-downloads-2.webp\" alt=\"Nutzen Sie Zenkit von \u00fcberall aus\" class=\"wp-image-112280\" srcset=\"https:\/\/zenkit.com\/wp-content\/uploads\/2025\/05\/app-downloads-2.webp 636w, https:\/\/zenkit.com\/wp-content\/uploads\/2025\/05\/app-downloads-2-300x52.webp 300w\" sizes=\"auto, (max-width: 636px) 100vw, 636px\" \/><\/figure>\n\n\n\n<div style=\"height:48px;--tablet-height:36px;--mobile-height:24px\" class=\"wp-block-lookeen-blocks-responsive-spacer\"><\/div>\n\n\n\n<p class=\"has-text-align-center\" style=\"margin-bottom:0px\"><a href=\"https:\/\/zenkit.com\/de\/zenkit-app\/\">Holen Sie sich jetzt die Zenkit Apps<\/a><\/p>\n<\/div>\n\n\n\n<div style=\"height:88px;--tablet-height:72px;--mobile-height:36px\" class=\"wp-block-lookeen-blocks-responsive-spacer\"><\/div>\n<\/div>\n","protected":false},"excerpt":{"rendered":"<p>Komplexe Projekte mit Gantt-Diagrammen in Zenkit durchf\u00fchren Planen Sie Projekte mit Hilfe eines klaren Zeitplans und Abh\u00e4ngigkeiten Mit unseren Gantt-Diagrammen k\u00f6nnen Teams und Projektmanager systematisch alle Projektpl\u00e4ne, Ressourcen und zugeh\u00f6rige Mitarbeiter organisieren und steuern. Erhalten Sie einen intuitiven \u00dcberblick \u00fcber den Zeitplan Ihres Projekts. Anpassungen gelingen ganz einfach via Drag and Drop. Aufgaben-Abh\u00e4ngigkeiten Erstellen Sie [&hellip;]<\/p>\n","protected":false},"author":5,"featured_media":0,"parent":67251,"menu_order":2,"comment_status":"closed","ping_status":"closed","template":"","meta":{"yasr_overall_rating":0,"yasr_post_is_review":"","yasr_auto_insert_disabled":"","yasr_review_type":"","footnotes":""},"class_list":["post-37471","page","type-page","status-publish","hentry"],"yoast_head":"<!-- This site is optimized with the Yoast SEO plugin v27.4 - https:\/\/yoast.com\/product\/yoast-seo-wordpress\/ -->\n<title>Gantt Diagramm | Zenkit<\/title>\n<meta name=\"description\" content=\"Managen Sie jetzt Ihre Projekte mit Gantt Diagrammen in Zenkit. Bestimmen Sie Meilensteine, Abh\u00e4ngigkeiten und Puffer- oder Durchlaufzeiten und setzen Sie Projektpl\u00e4ne effektiv um.\" \/>\n<meta name=\"robots\" content=\"index, follow, max-snippet:-1, max-image-preview:large, max-video-preview:-1\" \/>\n<link rel=\"canonical\" href=\"https:\/\/zenkit.com\/de\/loesungen\/gantt-diagramm\/\" \/>\n<meta property=\"og:locale\" content=\"de_DE\" \/>\n<meta property=\"og:type\" content=\"article\" \/>\n<meta property=\"og:title\" content=\"Gantt Diagramm | Zenkit\" \/>\n<meta property=\"og:description\" content=\"Managen Sie jetzt Ihre Projekte mit Gantt Diagrammen in Zenkit. Bestimmen Sie Meilensteine, Abh\u00e4ngigkeiten und Puffer- oder Durchlaufzeiten und setzen Sie Projektpl\u00e4ne effektiv um.\" \/>\n<meta property=\"og:url\" content=\"https:\/\/zenkit.com\/de\/loesungen\/gantt-diagramm\/\" \/>\n<meta property=\"og:site_name\" content=\"Zenkit\" \/>\n<meta property=\"article:publisher\" content=\"https:\/\/www.facebook.com\/ZenkitHQ\" \/>\n<meta property=\"article:modified_time\" content=\"2025-05-15T18:59:32+00:00\" \/>\n<meta property=\"og:image\" content=\"https:\/\/zenkit.com\/wp-content\/uploads\/2025\/05\/task_dependencies.webp\" \/>\n<meta name=\"twitter:card\" content=\"summary_large_image\" \/>\n<meta name=\"twitter:site\" content=\"@ZenkitHQ\" \/>\n<script type=\"application\/ld+json\" class=\"yoast-schema-graph\">{\"@context\":\"https:\\\/\\\/schema.org\",\"@graph\":[{\"@type\":\"WebPage\",\"@id\":\"https:\\\/\\\/zenkit.com\\\/de\\\/loesungen\\\/gantt-diagramm\\\/\",\"url\":\"https:\\\/\\\/zenkit.com\\\/de\\\/loesungen\\\/gantt-diagramm\\\/\",\"name\":\"Gantt Diagramm | Zenkit\",\"isPartOf\":{\"@id\":\"https:\\\/\\\/zenkit.com\\\/de\\\/#website\"},\"primaryImageOfPage\":{\"@id\":\"https:\\\/\\\/zenkit.com\\\/de\\\/loesungen\\\/gantt-diagramm\\\/#primaryimage\"},\"image\":{\"@id\":\"https:\\\/\\\/zenkit.com\\\/de\\\/loesungen\\\/gantt-diagramm\\\/#primaryimage\"},\"thumbnailUrl\":\"https:\\\/\\\/zenkit.com\\\/wp-content\\\/uploads\\\/2025\\\/05\\\/task_dependencies.webp\",\"datePublished\":\"2020-01-22T07:38:24+00:00\",\"dateModified\":\"2025-05-15T18:59:32+00:00\",\"description\":\"Managen Sie jetzt Ihre Projekte mit Gantt Diagrammen in Zenkit. Bestimmen Sie Meilensteine, Abh\u00e4ngigkeiten und Puffer- oder Durchlaufzeiten und setzen Sie Projektpl\u00e4ne effektiv um.\",\"breadcrumb\":{\"@id\":\"https:\\\/\\\/zenkit.com\\\/de\\\/loesungen\\\/gantt-diagramm\\\/#breadcrumb\"},\"inLanguage\":\"de\",\"potentialAction\":[{\"@type\":\"ReadAction\",\"target\":[\"https:\\\/\\\/zenkit.com\\\/de\\\/loesungen\\\/gantt-diagramm\\\/\"]}]},{\"@type\":\"ImageObject\",\"inLanguage\":\"de\",\"@id\":\"https:\\\/\\\/zenkit.com\\\/de\\\/loesungen\\\/gantt-diagramm\\\/#primaryimage\",\"url\":\"https:\\\/\\\/zenkit.com\\\/wp-content\\\/uploads\\\/2025\\\/05\\\/task_dependencies.webp\",\"contentUrl\":\"https:\\\/\\\/zenkit.com\\\/wp-content\\\/uploads\\\/2025\\\/05\\\/task_dependencies.webp\"},{\"@type\":\"BreadcrumbList\",\"@id\":\"https:\\\/\\\/zenkit.com\\\/de\\\/loesungen\\\/gantt-diagramm\\\/#breadcrumb\",\"itemListElement\":[{\"@type\":\"ListItem\",\"position\":1,\"name\":\"Home\",\"item\":\"https:\\\/\\\/zenkit.com\\\/de\\\/\"},{\"@type\":\"ListItem\",\"position\":2,\"name\":\"L\u00f6sungen\",\"item\":\"https:\\\/\\\/zenkit.com\\\/de\\\/loesungen\\\/\"},{\"@type\":\"ListItem\",\"position\":3,\"name\":\"Gantt Diagramm\"}]},{\"@type\":\"WebSite\",\"@id\":\"https:\\\/\\\/zenkit.com\\\/de\\\/#website\",\"url\":\"https:\\\/\\\/zenkit.com\\\/de\\\/\",\"name\":\"Zenkit\",\"description\":\"Zenkit Tagline\",\"potentialAction\":[{\"@type\":\"SearchAction\",\"target\":{\"@type\":\"EntryPoint\",\"urlTemplate\":\"https:\\\/\\\/zenkit.com\\\/de\\\/?s={search_term_string}\"},\"query-input\":{\"@type\":\"PropertyValueSpecification\",\"valueRequired\":true,\"valueName\":\"search_term_string\"}}],\"inLanguage\":\"de\"},false]}<\/script>\n<!-- \/ Yoast SEO plugin. -->","yoast_head_json":{"title":"Gantt Diagramm | Zenkit","description":"Managen Sie jetzt Ihre Projekte mit Gantt Diagrammen in Zenkit. Bestimmen Sie Meilensteine, Abh\u00e4ngigkeiten und Puffer- oder Durchlaufzeiten und setzen Sie Projektpl\u00e4ne effektiv um.","robots":{"index":"index","follow":"follow","max-snippet":"max-snippet:-1","max-image-preview":"max-image-preview:large","max-video-preview":"max-video-preview:-1"},"canonical":"https:\/\/zenkit.com\/de\/loesungen\/gantt-diagramm\/","og_locale":"de_DE","og_type":"article","og_title":"Gantt Diagramm | Zenkit","og_description":"Managen Sie jetzt Ihre Projekte mit Gantt Diagrammen in Zenkit. Bestimmen Sie Meilensteine, Abh\u00e4ngigkeiten und Puffer- oder Durchlaufzeiten und setzen Sie Projektpl\u00e4ne effektiv um.","og_url":"https:\/\/zenkit.com\/de\/loesungen\/gantt-diagramm\/","og_site_name":"Zenkit","article_publisher":"https:\/\/www.facebook.com\/ZenkitHQ","article_modified_time":"2025-05-15T18:59:32+00:00","og_image":[{"url":"https:\/\/zenkit.com\/wp-content\/uploads\/2025\/05\/task_dependencies.webp","type":"","width":"","height":""}],"twitter_card":"summary_large_image","twitter_site":"@ZenkitHQ","schema":{"@context":"https:\/\/schema.org","@graph":[{"@type":"WebPage","@id":"https:\/\/zenkit.com\/de\/loesungen\/gantt-diagramm\/","url":"https:\/\/zenkit.com\/de\/loesungen\/gantt-diagramm\/","name":"Gantt Diagramm | Zenkit","isPartOf":{"@id":"https:\/\/zenkit.com\/de\/#website"},"primaryImageOfPage":{"@id":"https:\/\/zenkit.com\/de\/loesungen\/gantt-diagramm\/#primaryimage"},"image":{"@id":"https:\/\/zenkit.com\/de\/loesungen\/gantt-diagramm\/#primaryimage"},"thumbnailUrl":"https:\/\/zenkit.com\/wp-content\/uploads\/2025\/05\/task_dependencies.webp","datePublished":"2020-01-22T07:38:24+00:00","dateModified":"2025-05-15T18:59:32+00:00","description":"Managen Sie jetzt Ihre Projekte mit Gantt Diagrammen in Zenkit. Bestimmen Sie Meilensteine, Abh\u00e4ngigkeiten und Puffer- oder Durchlaufzeiten und setzen Sie Projektpl\u00e4ne effektiv um.","breadcrumb":{"@id":"https:\/\/zenkit.com\/de\/loesungen\/gantt-diagramm\/#breadcrumb"},"inLanguage":"de","potentialAction":[{"@type":"ReadAction","target":["https:\/\/zenkit.com\/de\/loesungen\/gantt-diagramm\/"]}]},{"@type":"ImageObject","inLanguage":"de","@id":"https:\/\/zenkit.com\/de\/loesungen\/gantt-diagramm\/#primaryimage","url":"https:\/\/zenkit.com\/wp-content\/uploads\/2025\/05\/task_dependencies.webp","contentUrl":"https:\/\/zenkit.com\/wp-content\/uploads\/2025\/05\/task_dependencies.webp"},{"@type":"BreadcrumbList","@id":"https:\/\/zenkit.com\/de\/loesungen\/gantt-diagramm\/#breadcrumb","itemListElement":[{"@type":"ListItem","position":1,"name":"Home","item":"https:\/\/zenkit.com\/de\/"},{"@type":"ListItem","position":2,"name":"L\u00f6sungen","item":"https:\/\/zenkit.com\/de\/loesungen\/"},{"@type":"ListItem","position":3,"name":"Gantt Diagramm"}]},{"@type":"WebSite","@id":"https:\/\/zenkit.com\/de\/#website","url":"https:\/\/zenkit.com\/de\/","name":"Zenkit","description":"Zenkit Tagline","potentialAction":[{"@type":"SearchAction","target":{"@type":"EntryPoint","urlTemplate":"https:\/\/zenkit.com\/de\/?s={search_term_string}"},"query-input":{"@type":"PropertyValueSpecification","valueRequired":true,"valueName":"search_term_string"}}],"inLanguage":"de"},false]}},"yasr_visitor_votes":{"stars_attributes":{"read_only":false,"span_bottom":false},"number_of_votes":0,"sum_votes":0},"_links":{"self":[{"href":"https:\/\/zenkit.com\/de\/wp-json\/wp\/v2\/pages\/37471","targetHints":{"allow":["GET"]}}],"collection":[{"href":"https:\/\/zenkit.com\/de\/wp-json\/wp\/v2\/pages"}],"about":[{"href":"https:\/\/zenkit.com\/de\/wp-json\/wp\/v2\/types\/page"}],"author":[{"embeddable":true,"href":"https:\/\/zenkit.com\/de\/wp-json\/wp\/v2\/users\/5"}],"replies":[{"embeddable":true,"href":"https:\/\/zenkit.com\/de\/wp-json\/wp\/v2\/comments?post=37471"}],"version-history":[{"count":14,"href":"https:\/\/zenkit.com\/de\/wp-json\/wp\/v2\/pages\/37471\/revisions"}],"predecessor-version":[{"id":112296,"href":"https:\/\/zenkit.com\/de\/wp-json\/wp\/v2\/pages\/37471\/revisions\/112296"}],"up":[{"embeddable":true,"href":"https:\/\/zenkit.com\/de\/wp-json\/wp\/v2\/pages\/67251"}],"wp:attachment":[{"href":"https:\/\/zenkit.com\/de\/wp-json\/wp\/v2\/media?parent=37471"}],"curies":[{"name":"wp","href":"https:\/\/api.w.org\/{rel}","templated":true}]}}