{"id":38579,"date":"2020-02-10T15:57:00","date_gmt":"2020-02-10T14:57:00","guid":{"rendered":"https:\/\/zenkit.com\/?page_id=38579"},"modified":"2025-11-04T06:53:10","modified_gmt":"2025-11-04T05:53:10","slug":"invoiceberry","status":"publish","type":"page","link":"https:\/\/zenkit.com\/de\/integrationen\/invoiceberry\/","title":{"rendered":"InvoiceBerry"},"content":{"rendered":"\n<div style=\"height:45px;--tablet-height:45px;--mobile-height:16px\" class=\"wp-block-lookeen-blocks-responsive-spacer\"><\/div>\n\n\n\n<div class=\"wp-block-group has-global-padding is-layout-constrained wp-block-group-is-layout-constrained\">\n<div class=\"wp-block-columns is-layout-flex wp-container-core-columns-is-layout-467d341d wp-block-columns-is-layout-flex\" id=\"main__integrations\" style=\"margin-top:0px;margin-bottom:0px\">\n<div class=\"wp-block-column side__bar__integrations is-layout-flow wp-block-column-is-layout-flow\" style=\"flex-basis:23%\">\n<h2 class=\"wp-block-heading has-da-blue-color-new has-text-color has-link-color wp-elements-57c9302ddca5d4dee974f1cb2015caf4\" style=\"margin-top:0px;margin-bottom:0px;font-size:16px;line-height:1.5\">Rechnungsstellungs Integrationen<\/h2>\n\n\n<nav class=\"is-vertical integrations__menu wp-block-navigation is-layout-flex wp-container-core-navigation-is-layout-5f9f5280 wp-block-navigation-is-layout-flex\" aria-label=\"de-invoicing-integrations\"><ul class=\"wp-block-navigation__container  is-vertical integrations__menu wp-block-navigation\"><li class=\" wp-block-navigation-item wp-block-navigation-link\"><a class=\"wp-block-navigation-item__content\"  href=\"https:\/\/zenkit.com\/de\/integrationen\/invoiceberry\/\"><span class=\"wp-block-navigation-item__label\">InvoiceBerry<\/span><\/a><\/li><\/ul><\/nav><\/div>\n\n\n\n<div class=\"wp-block-column content__integrations is-layout-flow wp-block-column-is-layout-flow\" style=\"flex-basis:77%\">\n<div class=\"wp-block-group has-global-padding is-layout-constrained wp-block-group-is-layout-constrained\">\n<div class=\"wp-block-group title is-layout-flex wp-container-core-group-is-layout-ed4b00df wp-block-group-is-layout-flex\">\n<figure class=\"wp-block-image size-full is-resized\"><img loading=\"lazy\" decoding=\"async\" width=\"295\" height=\"295\" src=\"https:\/\/zenkit.com\/wp-content\/uploads\/2025\/07\/InvoiceBerry_logo.webp\" alt=\"\" class=\"wp-image-117789\" style=\"width:auto;height:46px\" srcset=\"https:\/\/zenkit.com\/wp-content\/uploads\/2025\/07\/InvoiceBerry_logo.webp 295w, https:\/\/zenkit.com\/wp-content\/uploads\/2025\/07\/InvoiceBerry_logo-150x150.webp 150w\" sizes=\"auto, (max-width: 295px) 100vw, 295px\" \/><\/figure>\n\n\n\n<h1 class=\"wp-block-heading\">InvoiceBerry und Zenkit<\/h1>\n<\/div>\n\n\n\n<div class=\"wp-block-group has-global-padding is-layout-constrained wp-block-group-is-layout-constrained\">\n<h3 class=\"wp-block-heading display-h2\">Verbinden Sie Ihre Zenkit- und InvoiceBerry Konten<\/h3>\n\n\n\n<p>Unabh\u00e4ngig davon, ob Sie zusammen mit Ihrem Team in einem kleinen Unternehmen oder als Freiberufler t\u00e4tig sind: wahrscheinlich m\u00fcssen Sie bei der Arbeit verschiedene Tools gleichzeitig verwenden. Ihren Rechnungsstellungsprozess k\u00f6nnen Sie durch die Verbindung von InvoiceBerry und Zenkit mit Hilfe einer automatisierten Integration vereinfachen.<\/p>\n\n\n\n<p>Konkret bedeutet dies, dass Sie Rechnungsinformationen nicht mehr manuell kopieren und in Ihre Zenkit-Datenbank einf\u00fcgen m\u00fcssen.Testen Sie jetzt die Zenkit und InvoiceBerry Integration und steigern Sie Ihre Produktivit\u00e4t!<\/p>\n<\/div>\n\n\n\n<div style=\"height:48px;--tablet-height:36px;--mobile-height:24px\" class=\"wp-block-lookeen-blocks-responsive-spacer\"><\/div>\n<\/div>\n\n\n\n<div class=\"wp-block-group has-global-padding is-layout-constrained wp-block-group-is-layout-constrained\">\n<figure class=\"wp-block-image size-full\"><img loading=\"lazy\" decoding=\"async\" width=\"1024\" height=\"476\" src=\"https:\/\/zenkit.com\/wp-content\/uploads\/2025\/07\/InvoiceBerry_screenshot-1024x476-1.webp\" alt=\"\" class=\"wp-image-117800\" srcset=\"https:\/\/zenkit.com\/wp-content\/uploads\/2025\/07\/InvoiceBerry_screenshot-1024x476-1.webp 1024w, https:\/\/zenkit.com\/wp-content\/uploads\/2025\/07\/InvoiceBerry_screenshot-1024x476-1-300x139.webp 300w, https:\/\/zenkit.com\/wp-content\/uploads\/2025\/07\/InvoiceBerry_screenshot-1024x476-1-768x357.webp 768w\" sizes=\"auto, (max-width: 1024px) 100vw, 1024px\" \/><\/figure>\n<\/div>\n\n\n\n<div style=\"height:48px;--tablet-height:36px;--mobile-height:24px\" class=\"wp-block-lookeen-blocks-responsive-spacer\"><\/div>\n\n\n\n<div class=\"wp-block-group has-global-padding is-layout-constrained wp-block-group-is-layout-constrained\">\n<h3 class=\"wp-block-heading display-h2\">\u00dcber InvoiceBerry: Die Software f\u00fcr die Online-Rechnungsstellung<\/h3>\n\n\n\n<p>InvoiceBerry ist eine Online-Software zur Rechnungsstellung, die speziell f\u00fcr die Rechnungsstellung kleiner Unternehmen und Freiberufler entwickelt wurde. Kunden k\u00f6nnen mit Hilfe von InvoiceBerry professionell aussehende Rechnungen erstellen, die an ihrem Corporate Design orientiert sind. Au\u00dferdem k\u00f6nnen innerhalb von Sekunden Rechnungen per E-Mail versendet werden.<\/p>\n\n\n\n<p>Zudem erm\u00f6glicht InvoiceBerry&nbsp; es Unternehmen, ihre Ausgaben im Auge zu behalten, Mahnungen an Nichtzahler zu senden, wiederkehrende Rechnungen zu erstellen und diese automatisch an Stammkunden weiterzuleiten.<br>Erstellen Sie hier ihr eigenes Konto, um mehr \u00fcber InvoiceBerry zu erfahren: <a href=\"https:\/\/www.invoiceberry.com\/\" data-type=\"link\" data-id=\"https:\/\/www.invoiceberry.com\/\" target=\"_blank\" rel=\"noreferrer noopener\">https:\/\/www.invoiceberry.com\/.<\/a><\/p>\n<\/div>\n\n\n\n<div style=\"height:48px;--tablet-height:36px;--mobile-height:24px\" class=\"wp-block-lookeen-blocks-responsive-spacer\"><\/div>\n\n\n\n<div class=\"wp-block-group has-global-padding is-layout-constrained wp-block-group-is-layout-constrained\">\n<h3 class=\"wp-block-heading display-h2\">\u00dcber Zenkit<\/h3>\n\n\n\n<p><a href=\"https:\/\/zenkit.com\/\">Zenkit<\/a>&nbsp;ist ein benutzerfreundliches Tool mit zahlreichen Funktionen f\u00fcr effizientes Projektmanagement. Um jedes Projekt bestm\u00f6glich anzugehen, k\u00f6nnen Sie bei Zenkit zwischen diesen 5 verschiedenen Ansichten mit nur einem Klick wechseln:<\/p>\n\n\n\n<ul class=\"wp-block-list is-style-da-left-indent\">\n<li>Tabelle<\/li>\n\n\n\n<li>Aufgabenliste<\/li>\n\n\n\n<li>Kanban<\/li>\n\n\n\n<li>Kalender<\/li>\n\n\n\n<li>Mind Map<\/li>\n\n\n\n<li>Gantt Diagramm<\/li>\n\n\n\n<li>Hierarchie-Ansicht<\/li>\n\n\n\n<li>Wiki-Ansicht<\/li>\n<\/ul>\n\n\n\n<p>Sie m\u00f6chten Ihre Daten mit Freunden, Kollegen, oder Kunden teilen? Dank \u00f6ffentlichen und eingebetteten Collections ist dies ohne Probleme m\u00f6glich. Mithilfe der dokumentierten API k\u00f6nnen Sie sogar eigene Integrationen erstellen. Zenkit ist flexibel genug, um sich jedem Workflow anzupassen. Mit Zenkit sind Sie sogar in der Lage, alle internen Prozesse Ihres Unternehmen digital abzubilden. Erstellen Sie jetzt<a href=\"https:\/\/app.zenkit.com\/register\">&nbsp;Ihr kostenloses Konto<\/a>!<\/p>\n<\/div>\n\n\n\n<div style=\"height:48px;--tablet-height:36px;--mobile-height:24px\" class=\"wp-block-lookeen-blocks-responsive-spacer\"><\/div>\n\n\n\n<div class=\"wp-block-group has-global-padding is-layout-constrained wp-block-group-is-layout-constrained\">\n<h3 class=\"wp-block-heading display-h2\">Synchronisieren Sie InvoiceBerry und Zenkit<\/h3>\n\n\n\n<ol class=\"wp-block-list list__style__position-inside\">\n<li><a href=\"https:\/\/zapier.com\/sign-up\/\">Registrieren Sie sich<\/a>&nbsp;bei Zapier, um Zugang zu Zapier zu erhalten.<\/li>\n\n\n\n<li><a href=\"https:\/\/surveypal.com\/\">Erstellen Sie ein Konto<\/a>&nbsp;bei InvoiceBerry.<\/li>\n\n\n\n<li>Melden Sie sich bei Zapier an und gehen Sie zum<a href=\"https:\/\/zapier.com\/apps\/zenkit\/integrations\/surveypal\">&nbsp;Zenkit +&nbsp;<\/a>InvoiceBerry&nbsp;<a href=\"https:\/\/zapier.com\/apps\/zenkit\/integrations\/surveypal\">Zapbook<\/a>, um Zap-Vorlagen zu finden.<\/li>\n\n\n\n<li>Sie k\u00f6nnen auch Ihre eigene Zenkit und InvoiceBerry-Integration erstellen, indem Sie diese beim Erstellen eines Zaps ausw\u00e4hlen.<\/li>\n<\/ol>\n<\/div>\n\n\n\n<div style=\"height:48px;--tablet-height:36px;--mobile-height:24px\" class=\"wp-block-lookeen-blocks-responsive-spacer\"><\/div>\n\n\n\n<div class=\"wp-block-group has-global-padding is-layout-constrained wp-block-group-is-layout-constrained\">\n<script type=\"text\/javascript\" src=\"https:\/\/zapier.com\/apps\/embed\/widget.js?guided_zaps=69042,69043\"><\/script>\n<\/div>\n\n\n\n<div style=\"height:48px;--tablet-height:36px;--mobile-height:24px\" class=\"wp-block-lookeen-blocks-responsive-spacer\"><\/div>\n\n\n\n<div class=\"wp-block-group has-global-padding is-layout-constrained wp-block-group-is-layout-constrained\">\n<h3 class=\"wp-block-heading display-h2\">Wer profitiert von der InvoiceBerry- und Zenkit-Integration?<\/h3>\n\n\n\n<ul class=\"wp-block-list is-style-da-left-indent\">\n<li>Kleinunternehmer, die ihren Rechnungsprozess von der Rechnungsstellung bis hin zur Verwaltung ihrer Rechnungsdatenbank vereinfachen m\u00f6chten.<\/li>\n\n\n\n<li>Freiberufler, die Zeit sparen m\u00f6chten, indem sie ihre Software mithilfe der Automatisierung verbinden.<\/li>\n<\/ul>\n<\/div>\n\n\n\n<div style=\"height:48px;--tablet-height:36px;--mobile-height:24px\" class=\"wp-block-lookeen-blocks-responsive-spacer\"><\/div>\n\n\n\n<div class=\"wp-block-group has-global-padding is-layout-constrained wp-block-group-is-layout-constrained\">\n<h3 class=\"wp-block-heading display-h2\">Zus\u00e4tzliche Integrationsdetails<\/h3>\n\n\n\n<ul class=\"wp-block-list is-style-da-left-indent\">\n<li>Von Zapier unterst\u00fctzt: Wenden Sie sich bei Problemen an den Zapier-Support.<\/li>\n\n\n\n<li>Weitere Informationen zur Verwendung von Zenkit mit Zapier finden Sie in unserer&nbsp;<a href=\"https:\/\/zenkit.com\/documentation#\/lists\/HJQBQ1Hw\/sections\/SJYE55zA\/entries\/BJGOKQtA?_k=hyyynn\">Dokumentation<\/a>.<\/li>\n<\/ul>\n<\/div>\n<\/div>\n<\/div>\n<\/div>\n\n\n\n<div style=\"height:110px;--tablet-height:60px;--mobile-height:48px\" class=\"wp-block-lookeen-blocks-responsive-spacer\"><\/div>\n","protected":false},"excerpt":{"rendered":"<p>Rechnungsstellungs Integrationen InvoiceBerry und Zenkit Verbinden Sie Ihre Zenkit- und InvoiceBerry Konten Unabh\u00e4ngig davon, ob Sie zusammen mit Ihrem Team in einem kleinen Unternehmen oder als Freiberufler t\u00e4tig sind: wahrscheinlich m\u00fcssen Sie bei der Arbeit verschiedene Tools gleichzeitig verwenden. Ihren Rechnungsstellungsprozess k\u00f6nnen Sie durch die Verbindung von InvoiceBerry und Zenkit mit Hilfe einer automatisierten Integration [&hellip;]<\/p>\n","protected":false},"author":15,"featured_media":0,"parent":67564,"menu_order":2,"comment_status":"closed","ping_status":"closed","template":"","meta":{"yasr_overall_rating":0,"yasr_post_is_review":"","yasr_auto_insert_disabled":"","yasr_review_type":"","footnotes":""},"class_list":["post-38579","page","type-page","status-publish","hentry"],"yoast_head":"<!-- This site is optimized with the Yoast SEO plugin v27.3 - https:\/\/yoast.com\/product\/yoast-seo-wordpress\/ -->\n<title>InvoiceBerry | Zenkit<\/title>\n<meta name=\"description\" content=\"Integrieren Sie InvoiceBerry mit Zenkit Base und verwalten Sie ganz einfach Ihre Rechnungen in vielseitigen Datenbanken!\" \/>\n<meta name=\"robots\" content=\"index, follow, max-snippet:-1, max-image-preview:large, max-video-preview:-1\" \/>\n<link rel=\"canonical\" href=\"https:\/\/zenkit.com\/de\/integrationen\/invoiceberry\/\" \/>\n<meta property=\"og:locale\" content=\"de_DE\" \/>\n<meta property=\"og:type\" content=\"article\" \/>\n<meta property=\"og:title\" content=\"InvoiceBerry | Zenkit\" \/>\n<meta property=\"og:description\" content=\"Integrieren Sie InvoiceBerry mit Zenkit Base und verwalten Sie ganz einfach Ihre Rechnungen in vielseitigen Datenbanken!\" \/>\n<meta property=\"og:url\" content=\"https:\/\/zenkit.com\/de\/integrationen\/invoiceberry\/\" \/>\n<meta property=\"og:site_name\" content=\"Zenkit\" \/>\n<meta property=\"article:publisher\" content=\"https:\/\/www.facebook.com\/ZenkitHQ\" \/>\n<meta property=\"article:modified_time\" content=\"2025-11-04T05:53:10+00:00\" \/>\n<meta property=\"og:image\" content=\"https:\/\/zenkit.com\/wp-content\/uploads\/2025\/07\/InvoiceBerry_logo.webp\" \/>\n<meta name=\"twitter:card\" content=\"summary_large_image\" \/>\n<meta name=\"twitter:site\" content=\"@ZenkitHQ\" \/>\n<script type=\"application\/ld+json\" class=\"yoast-schema-graph\">{\"@context\":\"https:\\\/\\\/schema.org\",\"@graph\":[{\"@type\":\"WebPage\",\"@id\":\"https:\\\/\\\/zenkit.com\\\/de\\\/integrationen\\\/invoiceberry\\\/\",\"url\":\"https:\\\/\\\/zenkit.com\\\/de\\\/integrationen\\\/invoiceberry\\\/\",\"name\":\"InvoiceBerry | Zenkit\",\"isPartOf\":{\"@id\":\"https:\\\/\\\/zenkit.com\\\/de\\\/#website\"},\"primaryImageOfPage\":{\"@id\":\"https:\\\/\\\/zenkit.com\\\/de\\\/integrationen\\\/invoiceberry\\\/#primaryimage\"},\"image\":{\"@id\":\"https:\\\/\\\/zenkit.com\\\/de\\\/integrationen\\\/invoiceberry\\\/#primaryimage\"},\"thumbnailUrl\":\"https:\\\/\\\/zenkit.com\\\/wp-content\\\/uploads\\\/2025\\\/07\\\/InvoiceBerry_logo.webp\",\"datePublished\":\"2020-02-10T14:57:00+00:00\",\"dateModified\":\"2025-11-04T05:53:10+00:00\",\"description\":\"Integrieren Sie InvoiceBerry mit Zenkit Base und verwalten Sie ganz einfach Ihre Rechnungen in vielseitigen Datenbanken!\",\"breadcrumb\":{\"@id\":\"https:\\\/\\\/zenkit.com\\\/de\\\/integrationen\\\/invoiceberry\\\/#breadcrumb\"},\"inLanguage\":\"de\",\"potentialAction\":[{\"@type\":\"ReadAction\",\"target\":[\"https:\\\/\\\/zenkit.com\\\/de\\\/integrationen\\\/invoiceberry\\\/\"]}]},{\"@type\":\"ImageObject\",\"inLanguage\":\"de\",\"@id\":\"https:\\\/\\\/zenkit.com\\\/de\\\/integrationen\\\/invoiceberry\\\/#primaryimage\",\"url\":\"https:\\\/\\\/zenkit.com\\\/wp-content\\\/uploads\\\/2025\\\/07\\\/InvoiceBerry_logo.webp\",\"contentUrl\":\"https:\\\/\\\/zenkit.com\\\/wp-content\\\/uploads\\\/2025\\\/07\\\/InvoiceBerry_logo.webp\"},{\"@type\":\"BreadcrumbList\",\"@id\":\"https:\\\/\\\/zenkit.com\\\/de\\\/integrationen\\\/invoiceberry\\\/#breadcrumb\",\"itemListElement\":[{\"@type\":\"ListItem\",\"position\":1,\"name\":\"Home\",\"item\":\"https:\\\/\\\/zenkit.com\\\/de\\\/\"},{\"@type\":\"ListItem\",\"position\":2,\"name\":\"Integrationen\",\"item\":\"https:\\\/\\\/zenkit.com\\\/de\\\/integrationen\\\/\"},{\"@type\":\"ListItem\",\"position\":3,\"name\":\"InvoiceBerry\"}]},{\"@type\":\"WebSite\",\"@id\":\"https:\\\/\\\/zenkit.com\\\/de\\\/#website\",\"url\":\"https:\\\/\\\/zenkit.com\\\/de\\\/\",\"name\":\"Zenkit\",\"description\":\"Zenkit Tagline\",\"potentialAction\":[{\"@type\":\"SearchAction\",\"target\":{\"@type\":\"EntryPoint\",\"urlTemplate\":\"https:\\\/\\\/zenkit.com\\\/de\\\/?s={search_term_string}\"},\"query-input\":{\"@type\":\"PropertyValueSpecification\",\"valueRequired\":true,\"valueName\":\"search_term_string\"}}],\"inLanguage\":\"de\"},false]}<\/script>\n<!-- \/ Yoast SEO plugin. -->","yoast_head_json":{"title":"InvoiceBerry | Zenkit","description":"Integrieren Sie InvoiceBerry mit Zenkit Base und verwalten Sie ganz einfach Ihre Rechnungen in vielseitigen Datenbanken!","robots":{"index":"index","follow":"follow","max-snippet":"max-snippet:-1","max-image-preview":"max-image-preview:large","max-video-preview":"max-video-preview:-1"},"canonical":"https:\/\/zenkit.com\/de\/integrationen\/invoiceberry\/","og_locale":"de_DE","og_type":"article","og_title":"InvoiceBerry | Zenkit","og_description":"Integrieren Sie InvoiceBerry mit Zenkit Base und verwalten Sie ganz einfach Ihre Rechnungen in vielseitigen Datenbanken!","og_url":"https:\/\/zenkit.com\/de\/integrationen\/invoiceberry\/","og_site_name":"Zenkit","article_publisher":"https:\/\/www.facebook.com\/ZenkitHQ","article_modified_time":"2025-11-04T05:53:10+00:00","og_image":[{"url":"https:\/\/zenkit.com\/wp-content\/uploads\/2025\/07\/InvoiceBerry_logo.webp","type":"","width":"","height":""}],"twitter_card":"summary_large_image","twitter_site":"@ZenkitHQ","schema":{"@context":"https:\/\/schema.org","@graph":[{"@type":"WebPage","@id":"https:\/\/zenkit.com\/de\/integrationen\/invoiceberry\/","url":"https:\/\/zenkit.com\/de\/integrationen\/invoiceberry\/","name":"InvoiceBerry | Zenkit","isPartOf":{"@id":"https:\/\/zenkit.com\/de\/#website"},"primaryImageOfPage":{"@id":"https:\/\/zenkit.com\/de\/integrationen\/invoiceberry\/#primaryimage"},"image":{"@id":"https:\/\/zenkit.com\/de\/integrationen\/invoiceberry\/#primaryimage"},"thumbnailUrl":"https:\/\/zenkit.com\/wp-content\/uploads\/2025\/07\/InvoiceBerry_logo.webp","datePublished":"2020-02-10T14:57:00+00:00","dateModified":"2025-11-04T05:53:10+00:00","description":"Integrieren Sie InvoiceBerry mit Zenkit Base und verwalten Sie ganz einfach Ihre Rechnungen in vielseitigen Datenbanken!","breadcrumb":{"@id":"https:\/\/zenkit.com\/de\/integrationen\/invoiceberry\/#breadcrumb"},"inLanguage":"de","potentialAction":[{"@type":"ReadAction","target":["https:\/\/zenkit.com\/de\/integrationen\/invoiceberry\/"]}]},{"@type":"ImageObject","inLanguage":"de","@id":"https:\/\/zenkit.com\/de\/integrationen\/invoiceberry\/#primaryimage","url":"https:\/\/zenkit.com\/wp-content\/uploads\/2025\/07\/InvoiceBerry_logo.webp","contentUrl":"https:\/\/zenkit.com\/wp-content\/uploads\/2025\/07\/InvoiceBerry_logo.webp"},{"@type":"BreadcrumbList","@id":"https:\/\/zenkit.com\/de\/integrationen\/invoiceberry\/#breadcrumb","itemListElement":[{"@type":"ListItem","position":1,"name":"Home","item":"https:\/\/zenkit.com\/de\/"},{"@type":"ListItem","position":2,"name":"Integrationen","item":"https:\/\/zenkit.com\/de\/integrationen\/"},{"@type":"ListItem","position":3,"name":"InvoiceBerry"}]},{"@type":"WebSite","@id":"https:\/\/zenkit.com\/de\/#website","url":"https:\/\/zenkit.com\/de\/","name":"Zenkit","description":"Zenkit Tagline","potentialAction":[{"@type":"SearchAction","target":{"@type":"EntryPoint","urlTemplate":"https:\/\/zenkit.com\/de\/?s={search_term_string}"},"query-input":{"@type":"PropertyValueSpecification","valueRequired":true,"valueName":"search_term_string"}}],"inLanguage":"de"},false]}},"yasr_visitor_votes":{"stars_attributes":{"read_only":false,"span_bottom":false},"number_of_votes":0,"sum_votes":0},"_links":{"self":[{"href":"https:\/\/zenkit.com\/de\/wp-json\/wp\/v2\/pages\/38579","targetHints":{"allow":["GET"]}}],"collection":[{"href":"https:\/\/zenkit.com\/de\/wp-json\/wp\/v2\/pages"}],"about":[{"href":"https:\/\/zenkit.com\/de\/wp-json\/wp\/v2\/types\/page"}],"author":[{"embeddable":true,"href":"https:\/\/zenkit.com\/de\/wp-json\/wp\/v2\/users\/15"}],"replies":[{"embeddable":true,"href":"https:\/\/zenkit.com\/de\/wp-json\/wp\/v2\/comments?post=38579"}],"version-history":[{"count":6,"href":"https:\/\/zenkit.com\/de\/wp-json\/wp\/v2\/pages\/38579\/revisions"}],"predecessor-version":[{"id":117833,"href":"https:\/\/zenkit.com\/de\/wp-json\/wp\/v2\/pages\/38579\/revisions\/117833"}],"up":[{"embeddable":true,"href":"https:\/\/zenkit.com\/de\/wp-json\/wp\/v2\/pages\/67564"}],"wp:attachment":[{"href":"https:\/\/zenkit.com\/de\/wp-json\/wp\/v2\/media?parent=38579"}],"curies":[{"name":"wp","href":"https:\/\/api.w.org\/{rel}","templated":true}]}}