{"id":41561,"date":"2020-04-21T13:34:48","date_gmt":"2020-04-21T11:34:48","guid":{"rendered":"https:\/\/zenkit.com\/integrationen\/microsoft-teams\/"},"modified":"2025-11-04T06:53:10","modified_gmt":"2025-11-04T05:53:10","slug":"microsoft-teams","status":"publish","type":"page","link":"https:\/\/zenkit.com\/de\/integrationen\/microsoft-teams\/","title":{"rendered":"Microsoft Teams"},"content":{"rendered":"\n<div style=\"height:45px;--tablet-height:45px;--mobile-height:16px\" class=\"wp-block-lookeen-blocks-responsive-spacer\"><\/div>\n\n\n\n<div class=\"wp-block-group has-global-padding is-layout-constrained wp-block-group-is-layout-constrained\">\n<div class=\"wp-block-columns is-layout-flex wp-container-core-columns-is-layout-467d341d wp-block-columns-is-layout-flex\" id=\"main__integrations\" style=\"margin-top:0px;margin-bottom:0px\">\n<div class=\"wp-block-column side__bar__integrations is-layout-flow wp-block-column-is-layout-flow\" style=\"flex-basis:23%\">\n<h2 class=\"wp-block-heading has-da-blue-color-new has-text-color has-link-color wp-elements-1ed4a9529b31959468bb2c86e52be285\" style=\"margin-top:0px;margin-bottom:0px;font-size:16px;line-height:1.5\">Kommunikations Integrationen<\/h2>\n\n\n<nav class=\"is-vertical integrations__menu wp-block-navigation is-layout-flex wp-container-core-navigation-is-layout-5f9f5280 wp-block-navigation-is-layout-flex\" aria-label=\"de-integrations-communications\"><ul class=\"wp-block-navigation__container  is-vertical integrations__menu wp-block-navigation\"><li class=\" wp-block-navigation-item wp-block-navigation-link\"><a class=\"wp-block-navigation-item__content\"  href=\"https:\/\/zenkit.com\/de\/integrationen\/gmail\/\"><span class=\"wp-block-navigation-item__label\">Gmail<\/span><\/a><\/li><li class=\" wp-block-navigation-item wp-block-navigation-link\"><a class=\"wp-block-navigation-item__content\"  href=\"https:\/\/zenkit.com\/de\/integrationen\/microsoft-teams\/\"><span class=\"wp-block-navigation-item__label\">Microsoft Teams<\/span><\/a><\/li><li class=\" wp-block-navigation-item wp-block-navigation-link\"><a class=\"wp-block-navigation-item__content\"  href=\"https:\/\/zenkit.com\/de\/integrationen\/slack\/\"><span class=\"wp-block-navigation-item__label\">Slack<\/span><\/a><\/li><\/ul><\/nav><\/div>\n\n\n\n<div class=\"wp-block-column content__integrations is-layout-flow wp-block-column-is-layout-flow\" style=\"flex-basis:77%\">\n<div class=\"wp-block-group has-global-padding is-layout-constrained wp-block-group-is-layout-constrained\">\n<div class=\"wp-block-group title is-layout-flex wp-container-core-group-is-layout-ed4b00df wp-block-group-is-layout-flex\">\n<figure class=\"wp-block-image size-full is-resized\"><img loading=\"lazy\" decoding=\"async\" width=\"480\" height=\"480\" src=\"https:\/\/zenkit.com\/wp-content\/uploads\/2025\/07\/microsoft-teams.webp\" alt=\"\" class=\"wp-image-117753\" style=\"width:auto;height:46px\" srcset=\"https:\/\/zenkit.com\/wp-content\/uploads\/2025\/07\/microsoft-teams.webp 480w, https:\/\/zenkit.com\/wp-content\/uploads\/2025\/07\/microsoft-teams-300x300.webp 300w, https:\/\/zenkit.com\/wp-content\/uploads\/2025\/07\/microsoft-teams-150x150.webp 150w\" sizes=\"auto, (max-width: 480px) 100vw, 480px\" \/><\/figure>\n\n\n\n<h1 class=\"wp-block-heading\">Microsoft Teams und Zenkit<\/h1>\n<\/div>\n\n\n\n<div class=\"wp-block-group has-global-padding is-layout-constrained wp-block-group-is-layout-constrained\">\n<p>Diese Integration erm\u00f6glicht es Nutzern, alle Projektmanagement-Aktivit\u00e4ten direkt innerhalb von Teams zu verwalten, was die Notwendigkeit zwischen verschiedenen Tools zu wechseln, eliminiert.<\/p>\n\n\n\n<p>Dies f\u00fchrt nicht nur zu einer verbesserten \u00dcbersicht und Kontrolle \u00fcber Projekte, sondern auch zu einer optimierten Teamkommunikation und einem reibungsloseren Workflow.<\/p>\n\n\n\n<p>Durch die Kombination der robusten Kommunikationsfunktionen von Microsoft Teams mit den vielseitigen Projektmanagement-Tools von Zenkit, k\u00f6nnen Teams effizienter arbeiten, Ressourcen besser verwalten und letztlich ihre Ziele schneller erreichen.<\/p>\n<\/div>\n\n\n\n<div style=\"height:48px;--tablet-height:36px;--mobile-height:24px\" class=\"wp-block-lookeen-blocks-responsive-spacer\"><\/div>\n<\/div>\n\n\n\n<div class=\"wp-block-group has-global-padding is-layout-constrained wp-block-group-is-layout-constrained\">\n<figure class=\"wp-block-image size-full\"><img loading=\"lazy\" decoding=\"async\" width=\"750\" height=\"503\" src=\"https:\/\/zenkit.com\/wp-content\/uploads\/2025\/07\/Synchronisation_MSTeamsundZenkit.webp\" alt=\"\" class=\"wp-image-117778\" srcset=\"https:\/\/zenkit.com\/wp-content\/uploads\/2025\/07\/Synchronisation_MSTeamsundZenkit.webp 750w, https:\/\/zenkit.com\/wp-content\/uploads\/2025\/07\/Synchronisation_MSTeamsundZenkit-300x201.webp 300w\" sizes=\"auto, (max-width: 750px) 100vw, 750px\" \/><\/figure>\n<\/div>\n\n\n\n<div style=\"height:48px;--tablet-height:36px;--mobile-height:24px\" class=\"wp-block-lookeen-blocks-responsive-spacer\"><\/div>\n\n\n\n<div class=\"wp-block-group has-global-padding is-layout-constrained wp-block-group-is-layout-constrained\">\n<h3 class=\"wp-block-heading display-h2\">\u00dcber Microsoft Teams<\/h3>\n\n\n\n<p>Microsoft Teams ist eine Plattform f\u00fcr Zusammenarbeit und Kommunikation, die von Microsoft entwickelt wurde und ein integraler Bestandteil der Microsoft 365 Suite ist.<\/p>\n\n\n\n<p>Die Plattform bietet eine Vielzahl von Funktionen, die darauf abzielen, die Teamarbeit zu optimieren und die Effizienz in modernen Arbeitsumgebungen zu steigern.<\/p>\n\n\n\n<p>Zu den Hauptfunktionen von Microsoft Teams geh\u00f6ren Echtzeit-Chat und Messaging, die sowohl Einzelgespr\u00e4che als auch Gruppen-Chats erm\u00f6glichen. Dar\u00fcber hinaus unterst\u00fctzt Teams Video- und Audiokonferenzen, was es Teams erlaubt, virtuelle Besprechungen abzuhalten, unabh\u00e4ngig davon, wo sich die Teammitglieder befinden.<\/p>\n<\/div>\n\n\n\n<div style=\"height:48px;--tablet-height:36px;--mobile-height:24px\" class=\"wp-block-lookeen-blocks-responsive-spacer\"><\/div>\n\n\n\n<div class=\"wp-block-group has-global-padding is-layout-constrained wp-block-group-is-layout-constrained\">\n<h3 class=\"wp-block-heading display-h2\">\u00dcber Zenkit<\/h3>\n\n\n\n<p><a href=\"https:\/\/zenkit.com\/de\">Zenkit<\/a>&nbsp;ist eine vielseitige Online-Plattform zur Organisation und Verwaltung von Projekten und Aufgaben. Mit Funktionen wie Kanban-Boards, Tabellen, Kalenderansichten und Gantt-Diagrammen erm\u00f6glicht Zenkit eine flexible und effiziente Projektsteuerung<\/p>\n\n\n\n<p>Zenkit wurde in Deutschland entwickelt und mit deutschen Serverstandorten wird f\u00fcr h\u00f6chste Sicherheits- und Datenschutzstandards gem\u00e4\u00df der Datenschutz-Grundverordnung (DSGVO) gesorgt. Verschl\u00fcsselte Daten\u00fcbertragung, redundante Server und regelm\u00e4\u00dfige Backups sorgen daf\u00fcr, dass die Daten der Benutzer stets gesch\u00fctzt sind.<\/p>\n\n\n\n<p>Mit mobilen Apps f\u00fcr iOS und Android bleibt Zenkit auch unterwegs stets zug\u00e4nglich, was die Produktivit\u00e4t und Flexibilit\u00e4t weiter erh\u00f6ht.&nbsp;<a href=\"https:\/\/www.zenkit.com\/register\">Erstellen Sie Ihr kostenloses Konto!<\/a><\/p>\n<\/div>\n\n\n\n<div style=\"height:48px;--tablet-height:36px;--mobile-height:24px\" class=\"wp-block-lookeen-blocks-responsive-spacer\"><\/div>\n\n\n\n<div class=\"wp-block-group has-global-padding is-layout-constrained wp-block-group-is-layout-constrained\">\n<h3 class=\"wp-block-heading display-h2\">Wie synchronisieren Sie Microsoft Teams und Zenkit?<\/h3>\n\n\n\n<p>In unserer\u00a0<a href=\"https:\/\/help.zenkit.com\/de\/support\/solutions\/articles\/43000590355-zenkit-mit-microsoft-teams-verbinden#:~:text=Einloggen%20bei%20Zenkit%20in%20MS,Bot%20im%20Nachrichtenkanal%20Ihres%20Teams.\">Wissensdatenbank<\/a>\u00a0finden Sie eine ausf\u00fchrliche Anleitung.<\/p>\n<\/div>\n\n\n\n<div style=\"height:48px;--tablet-height:36px;--mobile-height:24px\" class=\"wp-block-lookeen-blocks-responsive-spacer\"><\/div>\n\n\n\n<div class=\"wp-block-group has-global-padding is-layout-constrained wp-block-group-is-layout-constrained\">\n<h3 class=\"wp-block-heading display-h2\">Wer profitiert von der Microsoft Teams und Zenkit Integration?<\/h3>\n\n\n\n<ul class=\"wp-block-list is-style-da-left-indent\">\n<li><strong>Unternehmen, die ihre Teamkommunikation und Projektmanagementprozesse optimieren m\u00f6chten:<\/strong>\u00a0Durch die Integration von Microsoft Teams mit Zenkit k\u00f6nnen Teams in Echtzeit kommunizieren, Dateien austauschen und Aufgaben direkt in ihrer Projektmanagementumgebung erstellen und verfolgen. Dies f\u00fchrt zu einer verbesserten Zusammenarbeit und einer effizienteren Abwicklung von Projekten, da alle relevanten Informationen an einem zentralen Ort zug\u00e4nglich sind.<\/li>\n\n\n\n<li><strong>Vertriebsteams, die ihre Kundeninteraktionen und Verkaufsprozesse besser organisieren m\u00f6chten:<\/strong>\u00a0Mit der Integration von Microsoft Teams und Zenkit k\u00f6nnen Vertriebsteams Meetings planen, Kundeninformationen speichern und Verkaufsaktivit\u00e4ten in einem nahtlosen Workflow verwalten. Dadurch wird die Nachverfolgung von Leads und die Verwaltung von Verkaufsprozessen erheblich vereinfacht, was zu einer h\u00f6heren Produktivit\u00e4t und besseren Kundenerfahrungen f\u00fchrt.<\/li>\n<\/ul>\n<\/div>\n\n\n\n<div style=\"height:48px;--tablet-height:36px;--mobile-height:24px\" class=\"wp-block-lookeen-blocks-responsive-spacer\"><\/div>\n\n\n\n<div class=\"wp-block-group has-global-padding is-layout-constrained wp-block-group-is-layout-constrained\">\n<h3 class=\"wp-block-heading display-h2\">Weitere Integrations-Details<\/h3>\n\n\n\n<ul class=\"wp-block-list is-style-da-left-indent\">\n<li>Unterst\u00fctzt von Zapier: Bitte kontaktieren Sie den\u00a0<a href=\"https:\/\/zapier.com\/app\/get-help\">Zapier-Support<\/a>, wenn Sie Probleme haben.<\/li>\n\n\n\n<li>F\u00fcr weitere Informationen zur Verwendung von Zenkit mit Zapier lesen Sie bitte unsere\u00a0<a href=\"https:\/\/help.zenkit.com\/de\/support\/solutions\/articles\/43000590360-andere-apps-mit-zapier-in-zenkit-integrieren\">Dokumentation<\/a>.<\/li>\n<\/ul>\n<\/div>\n<\/div>\n<\/div>\n<\/div>\n\n\n\n<div style=\"height:110px;--tablet-height:60px;--mobile-height:48px\" class=\"wp-block-lookeen-blocks-responsive-spacer\"><\/div>\n","protected":false},"excerpt":{"rendered":"<p>Kommunikations Integrationen Microsoft Teams und Zenkit Diese Integration erm\u00f6glicht es Nutzern, alle Projektmanagement-Aktivit\u00e4ten direkt innerhalb von Teams zu verwalten, was die Notwendigkeit zwischen verschiedenen Tools zu wechseln, eliminiert. Dies f\u00fchrt nicht nur zu einer verbesserten \u00dcbersicht und Kontrolle \u00fcber Projekte, sondern auch zu einer optimierten Teamkommunikation und einem reibungsloseren Workflow. Durch die Kombination der robusten [&hellip;]<\/p>\n","protected":false},"author":15,"featured_media":0,"parent":67564,"menu_order":46,"comment_status":"closed","ping_status":"closed","template":"","meta":{"yasr_overall_rating":0,"yasr_post_is_review":"","yasr_auto_insert_disabled":"","yasr_review_type":"","footnotes":""},"class_list":["post-41561","page","type-page","status-publish","hentry"],"yoast_head":"<!-- This site is optimized with the Yoast SEO plugin v27.4 - https:\/\/yoast.com\/product\/yoast-seo-wordpress\/ -->\n<title>Microsoft Teams | Zenkit<\/title>\n<meta name=\"description\" content=\"\u00dcbertragen Sie Zenkit Benachrichtigungen automatisch in Ihre Chats in Microsoft Teams und arbeiten Sie noch produktiver!\" \/>\n<meta name=\"robots\" content=\"index, follow, max-snippet:-1, max-image-preview:large, max-video-preview:-1\" \/>\n<link rel=\"canonical\" href=\"https:\/\/zenkit.com\/de\/integrationen\/microsoft-teams\/\" \/>\n<meta property=\"og:locale\" content=\"de_DE\" \/>\n<meta property=\"og:type\" content=\"article\" \/>\n<meta property=\"og:title\" content=\"Microsoft Teams | Zenkit\" \/>\n<meta property=\"og:description\" content=\"\u00dcbertragen Sie Zenkit Benachrichtigungen automatisch in Ihre Chats in Microsoft Teams und arbeiten Sie noch produktiver!\" \/>\n<meta property=\"og:url\" content=\"https:\/\/zenkit.com\/de\/integrationen\/microsoft-teams\/\" \/>\n<meta property=\"og:site_name\" content=\"Zenkit\" \/>\n<meta property=\"article:publisher\" content=\"https:\/\/www.facebook.com\/ZenkitHQ\" \/>\n<meta property=\"article:modified_time\" content=\"2025-11-04T05:53:10+00:00\" \/>\n<meta property=\"og:image\" content=\"https:\/\/zenkit.com\/wp-content\/uploads\/2025\/07\/microsoft-teams.webp\" \/>\n<meta name=\"twitter:card\" content=\"summary_large_image\" \/>\n<meta name=\"twitter:site\" content=\"@ZenkitHQ\" \/>\n<script type=\"application\/ld+json\" class=\"yoast-schema-graph\">{\"@context\":\"https:\\\/\\\/schema.org\",\"@graph\":[{\"@type\":\"WebPage\",\"@id\":\"https:\\\/\\\/zenkit.com\\\/de\\\/integrationen\\\/microsoft-teams\\\/\",\"url\":\"https:\\\/\\\/zenkit.com\\\/de\\\/integrationen\\\/microsoft-teams\\\/\",\"name\":\"Microsoft Teams | Zenkit\",\"isPartOf\":{\"@id\":\"https:\\\/\\\/zenkit.com\\\/de\\\/#website\"},\"primaryImageOfPage\":{\"@id\":\"https:\\\/\\\/zenkit.com\\\/de\\\/integrationen\\\/microsoft-teams\\\/#primaryimage\"},\"image\":{\"@id\":\"https:\\\/\\\/zenkit.com\\\/de\\\/integrationen\\\/microsoft-teams\\\/#primaryimage\"},\"thumbnailUrl\":\"https:\\\/\\\/zenkit.com\\\/wp-content\\\/uploads\\\/2025\\\/07\\\/microsoft-teams.webp\",\"datePublished\":\"2020-04-21T11:34:48+00:00\",\"dateModified\":\"2025-11-04T05:53:10+00:00\",\"description\":\"\u00dcbertragen Sie Zenkit Benachrichtigungen automatisch in Ihre Chats in Microsoft Teams und arbeiten Sie noch produktiver!\",\"breadcrumb\":{\"@id\":\"https:\\\/\\\/zenkit.com\\\/de\\\/integrationen\\\/microsoft-teams\\\/#breadcrumb\"},\"inLanguage\":\"de\",\"potentialAction\":[{\"@type\":\"ReadAction\",\"target\":[\"https:\\\/\\\/zenkit.com\\\/de\\\/integrationen\\\/microsoft-teams\\\/\"]}]},{\"@type\":\"ImageObject\",\"inLanguage\":\"de\",\"@id\":\"https:\\\/\\\/zenkit.com\\\/de\\\/integrationen\\\/microsoft-teams\\\/#primaryimage\",\"url\":\"https:\\\/\\\/zenkit.com\\\/wp-content\\\/uploads\\\/2025\\\/07\\\/microsoft-teams.webp\",\"contentUrl\":\"https:\\\/\\\/zenkit.com\\\/wp-content\\\/uploads\\\/2025\\\/07\\\/microsoft-teams.webp\"},{\"@type\":\"BreadcrumbList\",\"@id\":\"https:\\\/\\\/zenkit.com\\\/de\\\/integrationen\\\/microsoft-teams\\\/#breadcrumb\",\"itemListElement\":[{\"@type\":\"ListItem\",\"position\":1,\"name\":\"Home\",\"item\":\"https:\\\/\\\/zenkit.com\\\/de\\\/\"},{\"@type\":\"ListItem\",\"position\":2,\"name\":\"Integrationen\",\"item\":\"https:\\\/\\\/zenkit.com\\\/de\\\/integrationen\\\/\"},{\"@type\":\"ListItem\",\"position\":3,\"name\":\"Microsoft Teams\"}]},{\"@type\":\"WebSite\",\"@id\":\"https:\\\/\\\/zenkit.com\\\/de\\\/#website\",\"url\":\"https:\\\/\\\/zenkit.com\\\/de\\\/\",\"name\":\"Zenkit\",\"description\":\"Zenkit Tagline\",\"potentialAction\":[{\"@type\":\"SearchAction\",\"target\":{\"@type\":\"EntryPoint\",\"urlTemplate\":\"https:\\\/\\\/zenkit.com\\\/de\\\/?s={search_term_string}\"},\"query-input\":{\"@type\":\"PropertyValueSpecification\",\"valueRequired\":true,\"valueName\":\"search_term_string\"}}],\"inLanguage\":\"de\"},false]}<\/script>\n<!-- \/ Yoast SEO plugin. -->","yoast_head_json":{"title":"Microsoft Teams | Zenkit","description":"\u00dcbertragen Sie Zenkit Benachrichtigungen automatisch in Ihre Chats in Microsoft Teams und arbeiten Sie noch produktiver!","robots":{"index":"index","follow":"follow","max-snippet":"max-snippet:-1","max-image-preview":"max-image-preview:large","max-video-preview":"max-video-preview:-1"},"canonical":"https:\/\/zenkit.com\/de\/integrationen\/microsoft-teams\/","og_locale":"de_DE","og_type":"article","og_title":"Microsoft Teams | Zenkit","og_description":"\u00dcbertragen Sie Zenkit Benachrichtigungen automatisch in Ihre Chats in Microsoft Teams und arbeiten Sie noch produktiver!","og_url":"https:\/\/zenkit.com\/de\/integrationen\/microsoft-teams\/","og_site_name":"Zenkit","article_publisher":"https:\/\/www.facebook.com\/ZenkitHQ","article_modified_time":"2025-11-04T05:53:10+00:00","og_image":[{"url":"https:\/\/zenkit.com\/wp-content\/uploads\/2025\/07\/microsoft-teams.webp","type":"","width":"","height":""}],"twitter_card":"summary_large_image","twitter_site":"@ZenkitHQ","schema":{"@context":"https:\/\/schema.org","@graph":[{"@type":"WebPage","@id":"https:\/\/zenkit.com\/de\/integrationen\/microsoft-teams\/","url":"https:\/\/zenkit.com\/de\/integrationen\/microsoft-teams\/","name":"Microsoft Teams | Zenkit","isPartOf":{"@id":"https:\/\/zenkit.com\/de\/#website"},"primaryImageOfPage":{"@id":"https:\/\/zenkit.com\/de\/integrationen\/microsoft-teams\/#primaryimage"},"image":{"@id":"https:\/\/zenkit.com\/de\/integrationen\/microsoft-teams\/#primaryimage"},"thumbnailUrl":"https:\/\/zenkit.com\/wp-content\/uploads\/2025\/07\/microsoft-teams.webp","datePublished":"2020-04-21T11:34:48+00:00","dateModified":"2025-11-04T05:53:10+00:00","description":"\u00dcbertragen Sie Zenkit Benachrichtigungen automatisch in Ihre Chats in Microsoft Teams und arbeiten Sie noch produktiver!","breadcrumb":{"@id":"https:\/\/zenkit.com\/de\/integrationen\/microsoft-teams\/#breadcrumb"},"inLanguage":"de","potentialAction":[{"@type":"ReadAction","target":["https:\/\/zenkit.com\/de\/integrationen\/microsoft-teams\/"]}]},{"@type":"ImageObject","inLanguage":"de","@id":"https:\/\/zenkit.com\/de\/integrationen\/microsoft-teams\/#primaryimage","url":"https:\/\/zenkit.com\/wp-content\/uploads\/2025\/07\/microsoft-teams.webp","contentUrl":"https:\/\/zenkit.com\/wp-content\/uploads\/2025\/07\/microsoft-teams.webp"},{"@type":"BreadcrumbList","@id":"https:\/\/zenkit.com\/de\/integrationen\/microsoft-teams\/#breadcrumb","itemListElement":[{"@type":"ListItem","position":1,"name":"Home","item":"https:\/\/zenkit.com\/de\/"},{"@type":"ListItem","position":2,"name":"Integrationen","item":"https:\/\/zenkit.com\/de\/integrationen\/"},{"@type":"ListItem","position":3,"name":"Microsoft Teams"}]},{"@type":"WebSite","@id":"https:\/\/zenkit.com\/de\/#website","url":"https:\/\/zenkit.com\/de\/","name":"Zenkit","description":"Zenkit Tagline","potentialAction":[{"@type":"SearchAction","target":{"@type":"EntryPoint","urlTemplate":"https:\/\/zenkit.com\/de\/?s={search_term_string}"},"query-input":{"@type":"PropertyValueSpecification","valueRequired":true,"valueName":"search_term_string"}}],"inLanguage":"de"},false]}},"yasr_visitor_votes":{"stars_attributes":{"read_only":false,"span_bottom":false},"number_of_votes":0,"sum_votes":0},"_links":{"self":[{"href":"https:\/\/zenkit.com\/de\/wp-json\/wp\/v2\/pages\/41561","targetHints":{"allow":["GET"]}}],"collection":[{"href":"https:\/\/zenkit.com\/de\/wp-json\/wp\/v2\/pages"}],"about":[{"href":"https:\/\/zenkit.com\/de\/wp-json\/wp\/v2\/types\/page"}],"author":[{"embeddable":true,"href":"https:\/\/zenkit.com\/de\/wp-json\/wp\/v2\/users\/15"}],"replies":[{"embeddable":true,"href":"https:\/\/zenkit.com\/de\/wp-json\/wp\/v2\/comments?post=41561"}],"version-history":[{"count":2,"href":"https:\/\/zenkit.com\/de\/wp-json\/wp\/v2\/pages\/41561\/revisions"}],"predecessor-version":[{"id":117788,"href":"https:\/\/zenkit.com\/de\/wp-json\/wp\/v2\/pages\/41561\/revisions\/117788"}],"up":[{"embeddable":true,"href":"https:\/\/zenkit.com\/de\/wp-json\/wp\/v2\/pages\/67564"}],"wp:attachment":[{"href":"https:\/\/zenkit.com\/de\/wp-json\/wp\/v2\/media?parent=41561"}],"curies":[{"name":"wp","href":"https:\/\/api.w.org\/{rel}","templated":true}]}}