{"id":420,"date":"2018-05-04T11:07:20","date_gmt":"2018-05-04T09:07:20","guid":{"rendered":"https:\/\/zenkit.com?page_id=420"},"modified":"2025-03-14T09:23:05","modified_gmt":"2025-03-14T08:23:05","slug":"ueber-uns","status":"publish","type":"page","link":"https:\/\/zenkit.com\/de\/ueber-uns\/","title":{"rendered":"\u00dcber uns"},"content":{"rendered":"\n<div class=\"wp-block-group page__header has-global-padding is-layout-constrained wp-block-group-is-layout-constrained\">\n<div class=\"wp-block-group width--950 has-global-padding is-layout-constrained wp-block-group-is-layout-constrained\">\n<div style=\"height:45px;--tablet-height:45px;--mobile-height:16px\" class=\"wp-block-lookeen-blocks-responsive-spacer\"><\/div>\n\n\n\n<div class=\"wp-block-group has-global-padding is-layout-constrained wp-block-group-is-layout-constrained\">\n<h1 class=\"wp-block-heading has-text-align-center\" style=\"margin-bottom:8px\">Unsere Reise<\/h1>\n<\/div>\n\n\n\n<div class=\"wp-block-group has-global-padding is-layout-constrained wp-block-group-is-layout-constrained\">\n<p class=\"has-text-align-center subheading\">Wagen wir einen Blick in die ferne Zukunft &#8211; wie k\u00f6nnten die Informationstechnologien von Morgen aussehen?<\/p>\n<\/div>\n\n\n\n<div style=\"height:48px;--tablet-height:36px;--mobile-height:24px\" class=\"wp-block-lookeen-blocks-responsive-spacer\"><\/div>\n\n\n\n<div class=\"wp-block-group has-global-padding is-layout-constrained wp-block-group-is-layout-constrained\" style=\"margin-bottom:8px\">\n<p class=\"has-text-align-center\">Etwa in 200, 300, 500 Jahren? Gar nicht so leicht zu beantworten. Um darauf eine Antwort finden zu k\u00f6nnen, ist viel Kreativit\u00e4t gefragt. Selbstverst\u00e4ndlich kann man selbst mit der k\u00fchnsten Vorstellung nicht ann\u00e4hernd erahnen, was die Zukunft bringen wird. Und doch erlaubt die Frage so manchen Einblick in die Zukunft unserer Arbeitswelt, wie wir selbst feststellen durften&#8230;<\/p>\n<\/div>\n<\/div>\n\n\n\n<div style=\"height:88px;--tablet-height:72px;--mobile-height:40px\" class=\"wp-block-lookeen-blocks-responsive-spacer\"><\/div>\n<\/div>\n\n\n\n<div class=\"wp-block-group has-global-padding is-layout-constrained wp-block-group-is-layout-constrained\">\n<figure class=\"wp-block-image size-full has-custom-border\"><img loading=\"lazy\" decoding=\"async\" width=\"2500\" height=\"463\" src=\"https:\/\/zenkit.com\/wp-content\/uploads\/2018\/05\/Zenkit-Plane-Drawing.png\" alt=\"Zenkit Flugzeugzeichnung\" class=\"wp-image-3844\" style=\"border-radius:20px;object-fit:cover\" srcset=\"https:\/\/zenkit.com\/wp-content\/uploads\/2018\/05\/Zenkit-Plane-Drawing.png 2500w, https:\/\/zenkit.com\/wp-content\/uploads\/2018\/05\/Zenkit-Plane-Drawing-300x56.png 300w, https:\/\/zenkit.com\/wp-content\/uploads\/2018\/05\/Zenkit-Plane-Drawing-768x142.png 768w, https:\/\/zenkit.com\/wp-content\/uploads\/2018\/05\/Zenkit-Plane-Drawing-1024x190.png 1024w\" sizes=\"auto, (max-width: 2500px) 100vw, 2500px\" \/><\/figure>\n<\/div>\n\n\n\n<div class=\"wp-block-group has-global-padding is-layout-constrained wp-block-group-is-layout-constrained\">\n<div style=\"height:88px;--tablet-height:72px;--mobile-height:40px\" class=\"wp-block-lookeen-blocks-responsive-spacer\"><\/div>\n\n\n\n<p class=\"has-text-align-center\">Eine ganze Menge Vorstellungskraft hat auch unser CEO Martin aufgebracht, als er sich bereits w\u00e4hrend des Studiums diese Frage stellte und zu folgendem Schluss kam: Ein leicht zu bedienendes, nutzerfreundliches und ansprechendes System muss die L\u00f6sung sein. Eines, dem wir gerne unser Wissen anvertrauen. Eines, das nicht nur Mittel zum Zweck ist, sondern von seinen Nutzern vielmehr als allgegenw\u00e4rtige Kraft wie Luft, Wasser und Elektrizit\u00e4t wahrgenommen wird. K\u00fcnftig wird ein solch hohes Technologielevel erreicht werden k\u00f6nnen, dass wir uns nicht l\u00e4nger mit l\u00e4stigen technischen Problemen herumschlagen m\u00fcssen. Denken wir an unseren morgigen Umgang mit Daten und Informationen, tun wir das mit h\u00f6chster Gelassenheit. Genau wie Luft und Wasser uns umgibt, werden dies auch unsere Daten tun.<\/p>\n\n\n\n<p class=\"has-text-align-center\">Ab dem Jahre 2003 nahmen die Dinge ihren Lauf. Martin gr\u00fcndete die Axonic Informationssysteme GmbH, ein Softwareunternehmen mit mittlerweile \u00fcber 5 Millionen Nutzern und begann 2014 mit einem kleinen Team Zenkit zu entwickeln. Damals kam der Plattform allerdings eine ganz andere Funktion zu als heute: Zenkit sollte es Nutzern erm\u00f6glichen, eine App gem\u00e4\u00df ihren W\u00fcnschen und Anforderungen eigenst\u00e4ndig zu entwickeln, ohne dass diese \u00fcber tiefe Programmierkenntnisse verf\u00fcgen m\u00fcssen. Nach nur zwei Jahren Entwicklungsphase wuchs das Produkt stetig und stand bereits kurz vor der Ver\u00f6ffentlichung.<\/p>\n\n\n\n<p class=\"has-text-align-center\">Um Weihnachten 2015 herum, kam allerdings alles ganz anders. Unserem Team fiel auf, dass irgendetwas nicht stimmte. Zenkit war zwar ein starkes Tool, leicht bedienbar und nutzerfreundlich, aber eine Komponente fehlte: Wir nutzten es selbst nicht, zumindest nicht regelm\u00e4\u00dfig. Zenkit sollte aber vor allem eines sein: Ein System, das vom ersten Moment an zum festen Bestandteil unseres Alltags wird.<br>Zenkit ben\u00f6tigte also einen ganz neuen Anstrich. Wir h\u00f6rten auf an der Weiterentwicklung der bisherigen Plattform zu arbeiten und gaben alles, um Zenkit f\u00fcr den Nutzer unentbehrlich zu machen. Was die neue Version unbedingt beibehalten sollte war, mit Hilfe modernster Technologie, ein flexibles System mit gro\u00dfer Wirkung entstehen zu lassen.<\/p>\n\n\n\n<p class=\"has-text-align-center\">Im Oktober 2016 brachten wir Zenkit auf den Markt. Eine Projektmanagement Plattform, die perfekt in die heutige technologische Landschaft passt &#8211; denn letztendlich entscheidet der Nutzer, welche Produkte er t\u00e4glich anwenden m\u00f6chte. Heute ist Zenkit bereits viel mehr. Als eine Plattform, die verschiedene Bereiche des privaten und beruflichen Alltags miteinander vereint, hilft Zenkit dabei die Produktivit\u00e4t unserer Nutzer zu optimieren. Ob Kundendaten, Rechnungen, Bugs, Aufgaben, Leads oder andere Dokumente und Ressourcen &#8211; mit Zenkit k\u00f6nnen Nutzer die Synergien dieser Elemente maximal aussch\u00f6pfen.<\/p>\n<\/div>\n\n\n\n<div style=\"height:110px;--tablet-height:60px;--mobile-height:48px\" class=\"wp-block-lookeen-blocks-responsive-spacer\"><\/div>\n","protected":false},"excerpt":{"rendered":"<p>Unsere Reise Wagen wir einen Blick in die ferne Zukunft &#8211; wie k\u00f6nnten die Informationstechnologien von Morgen aussehen? Etwa in 200, 300, 500 Jahren? Gar nicht so leicht zu beantworten. Um darauf eine Antwort finden zu k\u00f6nnen, ist viel Kreativit\u00e4t gefragt. Selbstverst\u00e4ndlich kann man selbst mit der k\u00fchnsten Vorstellung nicht ann\u00e4hernd erahnen, was die Zukunft [&hellip;]<\/p>\n","protected":false},"author":1,"featured_media":0,"parent":0,"menu_order":0,"comment_status":"closed","ping_status":"closed","template":"","meta":{"yasr_overall_rating":0,"yasr_post_is_review":"","yasr_auto_insert_disabled":"","yasr_review_type":"","footnotes":""},"class_list":["post-420","page","type-page","status-publish","hentry"],"yoast_head":"<!-- This site is optimized with the Yoast SEO plugin v27.4 - https:\/\/yoast.com\/product\/yoast-seo-wordpress\/ -->\n<title>\u00dcber uns | Zenkit<\/title>\n<meta name=\"description\" content=\"Zenkit w\u00e4chst mit Ihnen und Ihrem Erfolg. Erfahren Sie jetzt, welche Idee hinter unserem Projektmanagement Tool steckt und was wir k\u00fcnftig f\u00fcr Sie planen.\" \/>\n<meta name=\"robots\" content=\"index, follow, max-snippet:-1, max-image-preview:large, max-video-preview:-1\" \/>\n<link rel=\"canonical\" href=\"https:\/\/zenkit.com\/de\/ueber-uns\/\" \/>\n<meta property=\"og:locale\" content=\"de_DE\" \/>\n<meta property=\"og:type\" content=\"article\" \/>\n<meta property=\"og:title\" content=\"\u00dcber uns | Zenkit\" \/>\n<meta property=\"og:description\" content=\"Zenkit w\u00e4chst mit Ihnen und Ihrem Erfolg. Erfahren Sie jetzt, welche Idee hinter unserem Projektmanagement Tool steckt und was wir k\u00fcnftig f\u00fcr Sie planen.\" \/>\n<meta property=\"og:url\" content=\"https:\/\/zenkit.com\/de\/ueber-uns\/\" \/>\n<meta property=\"og:site_name\" content=\"Zenkit\" \/>\n<meta property=\"article:publisher\" content=\"https:\/\/www.facebook.com\/ZenkitHQ\" \/>\n<meta property=\"article:modified_time\" content=\"2025-03-14T08:23:05+00:00\" \/>\n<meta property=\"og:image\" content=\"https:\/\/zenkit.com\/wp-content\/uploads\/2018\/05\/Zenkit-Plane-Drawing.png\" \/>\n<meta name=\"twitter:card\" content=\"summary_large_image\" \/>\n<meta name=\"twitter:site\" content=\"@ZenkitHQ\" \/>\n<meta name=\"twitter:label1\" content=\"Gesch\u00e4tzte Lesezeit\" \/>\n\t<meta name=\"twitter:data1\" content=\"2\u00a0Minuten\" \/>\n<script type=\"application\/ld+json\" class=\"yoast-schema-graph\">{\"@context\":\"https:\\\/\\\/schema.org\",\"@graph\":[{\"@type\":\"WebPage\",\"@id\":\"https:\\\/\\\/zenkit.com\\\/de\\\/ueber-uns\\\/\",\"url\":\"https:\\\/\\\/zenkit.com\\\/de\\\/ueber-uns\\\/\",\"name\":\"\u00dcber uns | Zenkit\",\"isPartOf\":{\"@id\":\"https:\\\/\\\/zenkit.com\\\/de\\\/#website\"},\"primaryImageOfPage\":{\"@id\":\"https:\\\/\\\/zenkit.com\\\/de\\\/ueber-uns\\\/#primaryimage\"},\"image\":{\"@id\":\"https:\\\/\\\/zenkit.com\\\/de\\\/ueber-uns\\\/#primaryimage\"},\"thumbnailUrl\":\"https:\\\/\\\/zenkit.com\\\/wp-content\\\/uploads\\\/2018\\\/05\\\/Zenkit-Plane-Drawing.png\",\"datePublished\":\"2018-05-04T09:07:20+00:00\",\"dateModified\":\"2025-03-14T08:23:05+00:00\",\"description\":\"Zenkit w\u00e4chst mit Ihnen und Ihrem Erfolg. Erfahren Sie jetzt, welche Idee hinter unserem Projektmanagement Tool steckt und was wir k\u00fcnftig f\u00fcr Sie planen.\",\"breadcrumb\":{\"@id\":\"https:\\\/\\\/zenkit.com\\\/de\\\/ueber-uns\\\/#breadcrumb\"},\"inLanguage\":\"de\",\"potentialAction\":[{\"@type\":\"ReadAction\",\"target\":[\"https:\\\/\\\/zenkit.com\\\/de\\\/ueber-uns\\\/\"]}]},{\"@type\":\"ImageObject\",\"inLanguage\":\"de\",\"@id\":\"https:\\\/\\\/zenkit.com\\\/de\\\/ueber-uns\\\/#primaryimage\",\"url\":\"https:\\\/\\\/zenkit.com\\\/wp-content\\\/uploads\\\/2018\\\/05\\\/Zenkit-Plane-Drawing.png\",\"contentUrl\":\"https:\\\/\\\/zenkit.com\\\/wp-content\\\/uploads\\\/2018\\\/05\\\/Zenkit-Plane-Drawing.png\"},{\"@type\":\"BreadcrumbList\",\"@id\":\"https:\\\/\\\/zenkit.com\\\/de\\\/ueber-uns\\\/#breadcrumb\",\"itemListElement\":[{\"@type\":\"ListItem\",\"position\":1,\"name\":\"Home\",\"item\":\"https:\\\/\\\/zenkit.com\\\/de\\\/\"},{\"@type\":\"ListItem\",\"position\":2,\"name\":\"\u00dcber uns\"}]},{\"@type\":\"WebSite\",\"@id\":\"https:\\\/\\\/zenkit.com\\\/de\\\/#website\",\"url\":\"https:\\\/\\\/zenkit.com\\\/de\\\/\",\"name\":\"Zenkit\",\"description\":\"Zenkit Tagline\",\"potentialAction\":[{\"@type\":\"SearchAction\",\"target\":{\"@type\":\"EntryPoint\",\"urlTemplate\":\"https:\\\/\\\/zenkit.com\\\/de\\\/?s={search_term_string}\"},\"query-input\":{\"@type\":\"PropertyValueSpecification\",\"valueRequired\":true,\"valueName\":\"search_term_string\"}}],\"inLanguage\":\"de\"},false]}<\/script>\n<!-- \/ Yoast SEO plugin. -->","yoast_head_json":{"title":"\u00dcber uns | Zenkit","description":"Zenkit w\u00e4chst mit Ihnen und Ihrem Erfolg. Erfahren Sie jetzt, welche Idee hinter unserem Projektmanagement Tool steckt und was wir k\u00fcnftig f\u00fcr Sie planen.","robots":{"index":"index","follow":"follow","max-snippet":"max-snippet:-1","max-image-preview":"max-image-preview:large","max-video-preview":"max-video-preview:-1"},"canonical":"https:\/\/zenkit.com\/de\/ueber-uns\/","og_locale":"de_DE","og_type":"article","og_title":"\u00dcber uns | Zenkit","og_description":"Zenkit w\u00e4chst mit Ihnen und Ihrem Erfolg. Erfahren Sie jetzt, welche Idee hinter unserem Projektmanagement Tool steckt und was wir k\u00fcnftig f\u00fcr Sie planen.","og_url":"https:\/\/zenkit.com\/de\/ueber-uns\/","og_site_name":"Zenkit","article_publisher":"https:\/\/www.facebook.com\/ZenkitHQ","article_modified_time":"2025-03-14T08:23:05+00:00","og_image":[{"url":"https:\/\/zenkit.com\/wp-content\/uploads\/2018\/05\/Zenkit-Plane-Drawing.png","type":"","width":"","height":""}],"twitter_card":"summary_large_image","twitter_site":"@ZenkitHQ","twitter_misc":{"Gesch\u00e4tzte Lesezeit":"2\u00a0Minuten"},"schema":{"@context":"https:\/\/schema.org","@graph":[{"@type":"WebPage","@id":"https:\/\/zenkit.com\/de\/ueber-uns\/","url":"https:\/\/zenkit.com\/de\/ueber-uns\/","name":"\u00dcber uns | Zenkit","isPartOf":{"@id":"https:\/\/zenkit.com\/de\/#website"},"primaryImageOfPage":{"@id":"https:\/\/zenkit.com\/de\/ueber-uns\/#primaryimage"},"image":{"@id":"https:\/\/zenkit.com\/de\/ueber-uns\/#primaryimage"},"thumbnailUrl":"https:\/\/zenkit.com\/wp-content\/uploads\/2018\/05\/Zenkit-Plane-Drawing.png","datePublished":"2018-05-04T09:07:20+00:00","dateModified":"2025-03-14T08:23:05+00:00","description":"Zenkit w\u00e4chst mit Ihnen und Ihrem Erfolg. Erfahren Sie jetzt, welche Idee hinter unserem Projektmanagement Tool steckt und was wir k\u00fcnftig f\u00fcr Sie planen.","breadcrumb":{"@id":"https:\/\/zenkit.com\/de\/ueber-uns\/#breadcrumb"},"inLanguage":"de","potentialAction":[{"@type":"ReadAction","target":["https:\/\/zenkit.com\/de\/ueber-uns\/"]}]},{"@type":"ImageObject","inLanguage":"de","@id":"https:\/\/zenkit.com\/de\/ueber-uns\/#primaryimage","url":"https:\/\/zenkit.com\/wp-content\/uploads\/2018\/05\/Zenkit-Plane-Drawing.png","contentUrl":"https:\/\/zenkit.com\/wp-content\/uploads\/2018\/05\/Zenkit-Plane-Drawing.png"},{"@type":"BreadcrumbList","@id":"https:\/\/zenkit.com\/de\/ueber-uns\/#breadcrumb","itemListElement":[{"@type":"ListItem","position":1,"name":"Home","item":"https:\/\/zenkit.com\/de\/"},{"@type":"ListItem","position":2,"name":"\u00dcber uns"}]},{"@type":"WebSite","@id":"https:\/\/zenkit.com\/de\/#website","url":"https:\/\/zenkit.com\/de\/","name":"Zenkit","description":"Zenkit Tagline","potentialAction":[{"@type":"SearchAction","target":{"@type":"EntryPoint","urlTemplate":"https:\/\/zenkit.com\/de\/?s={search_term_string}"},"query-input":{"@type":"PropertyValueSpecification","valueRequired":true,"valueName":"search_term_string"}}],"inLanguage":"de"},false]}},"yasr_visitor_votes":{"stars_attributes":{"read_only":false,"span_bottom":false},"number_of_votes":0,"sum_votes":0},"_links":{"self":[{"href":"https:\/\/zenkit.com\/de\/wp-json\/wp\/v2\/pages\/420","targetHints":{"allow":["GET"]}}],"collection":[{"href":"https:\/\/zenkit.com\/de\/wp-json\/wp\/v2\/pages"}],"about":[{"href":"https:\/\/zenkit.com\/de\/wp-json\/wp\/v2\/types\/page"}],"author":[{"embeddable":true,"href":"https:\/\/zenkit.com\/de\/wp-json\/wp\/v2\/users\/1"}],"replies":[{"embeddable":true,"href":"https:\/\/zenkit.com\/de\/wp-json\/wp\/v2\/comments?post=420"}],"version-history":[{"count":5,"href":"https:\/\/zenkit.com\/de\/wp-json\/wp\/v2\/pages\/420\/revisions"}],"predecessor-version":[{"id":116904,"href":"https:\/\/zenkit.com\/de\/wp-json\/wp\/v2\/pages\/420\/revisions\/116904"}],"wp:attachment":[{"href":"https:\/\/zenkit.com\/de\/wp-json\/wp\/v2\/media?parent=420"}],"curies":[{"name":"wp","href":"https:\/\/api.w.org\/{rel}","templated":true}]}}