{"id":48933,"date":"2018-12-04T10:43:54","date_gmt":"2018-12-04T09:43:54","guid":{"rendered":"https:\/\/zenkit.com\/affiliate-agreement\/"},"modified":"2025-03-14T08:37:19","modified_gmt":"2025-03-14T07:37:19","slug":"affiliate-agreement","status":"publish","type":"page","link":"https:\/\/zenkit.com\/de\/affiliate-agreement\/","title":{"rendered":"Affiliate Agreement"},"content":{"rendered":"\n<div class=\"wp-block-group affiliate__agreement has-global-padding is-content-justification-center is-layout-constrained wp-block-group-is-layout-constrained\">\n<div class=\"wp-block-group has-global-padding is-content-justification-left is-layout-constrained wp-container-core-group-is-layout-af28b952 wp-block-group-is-layout-constrained\">\n<div style=\"height:45px;--tablet-height:45px;--mobile-height:16px\" class=\"wp-block-lookeen-blocks-responsive-spacer\"><\/div>\n\n\n\n<div class=\"wp-block-group has-global-padding is-layout-constrained wp-block-group-is-layout-constrained\">\n<h1 class=\"wp-block-heading\">Zenkit Affiliate Vereinbarung<\/h1>\n\n\n\n<p class=\"has-text-align-left has-text-color has-link-color wp-elements-8e0c8918aad9e01e169708129543c61e\" style=\"color:#939393;font-size:24px;font-style:normal;font-weight:700;line-height:1.5\">Zuletzt aktualisiert: M\u00e4rz, 2023.<\/p>\n<\/div>\n\n\n\n<div style=\"height:48px;--tablet-height:36px;--mobile-height:24px\" class=\"wp-block-lookeen-blocks-responsive-spacer\"><\/div>\n\n\n\n<div class=\"wp-block-group has-global-padding is-layout-constrained wp-block-group-is-layout-constrained\" style=\"margin-bottom:8px\">\n<h3 class=\"wp-block-heading lp-copy-small-bold\" style=\"margin-bottom:8px;font-size:20px;font-style:normal;font-weight:700;line-height:1.5\">Dem Programm beitreten<\/h3>\n\n\n\n<p class=\"has-text-align-left has-da-grey-1-color has-text-color has-link-color wp-elements-9b9e3f0b490e69f4b47104cd51c7186a\">Wenn Sie einen Antrag auf Aufnahme als Affiliate Partner einreichen und diesen annehmen, best\u00e4tigen Sie als Partner, dass Sie diese Vereinbarung gelesen und verstanden haben, und Sie erkl\u00e4ren sich damit einverstanden, im gleichen Ma\u00dfe daran gebunden zu sein, als wenn Sie dieses Dokument pers\u00f6nlich unterzeichnet h\u00e4tten. Ihre Teilnahme an dem Programm dient ausschlie\u00dflich dem Zweck, legal f\u00fcr die Produkte und Dienstleistungen von Zenkit zu werben, um eine Provision f\u00fcr Produkte zu erhalten, die von den von Ihnen empfohlenen Personen gekauft wurden.<\/p>\n<\/div>\n\n\n\n<div style=\"height:48px;--tablet-height:36px;--mobile-height:24px\" class=\"wp-block-lookeen-blocks-responsive-spacer\"><\/div>\n\n\n\n<div class=\"wp-block-group has-global-padding is-layout-constrained wp-block-group-is-layout-constrained\" style=\"margin-bottom:8px\">\n<h3 class=\"wp-block-heading lp-copy-small-bold\" style=\"margin-bottom:8px;font-size:20px;font-style:normal;font-weight:700;line-height:1.5\">Verpflichtungen der Partner<\/h3>\n\n\n\n<ul class=\"wp-block-list left__indent has-da-grey-1-color has-text-color has-link-color wp-elements-4c721196680629f86bfbf55b7b81de12\">\n<li>Alle Werbeaktivit\u00e4ten die von Ihnen zur F\u00f6rderung der Produkte oder Dienstleistungen von Zenkit unternommen werden, m\u00fcssen in \u00dcbereinstimmung mit vern\u00fcnftigen, rationalen und umsichtigen Gesch\u00e4ftspraktiken, den Richtlinien von Zenkit (die sich m\u00f6glicherweise von Zeit zu Zeit nach eigenem Ermessen \u00e4ndern k\u00f6nnen) und in \u00dcbereinstimmung mit allen anwendbaren Gesetzen und Vorschriften durchgef\u00fchrt werden. Alle Informationen die Sie auf unserer Website von Personen erhalten, die einen Link zur Zenkit Website haben, sind das alleinige und ausschlie\u00dfliche Eigentum von Zenkit und sofern nicht ausdr\u00fccklich hierin vorgesehen, haben Sie weder Zugang zu diesen Informationen noch d\u00fcrfen Sie Ger\u00e4te, Techniken oder Software verwenden, um Informationen von der Zenkit Website zu erhalten.<\/li>\n\n\n\n<li>Sie m\u00fcssen jegliche Werbung, die auf Ihrer\/n Website(s) angezeigt wird, innerhalb von f\u00fcnf Werktagen, nachdem Sie von uns eine Mitteilung \u00fcber die neue Werbung erhalten haben, durch eine neue, von Zenkit bereitgestellte Werbung ersetzen. Sie d\u00fcrfen in keiner Weise Anpassungen an einer Werbung vornehmen.<\/li>\n\n\n\n<li>Sie sind daf\u00fcr verantwortlich, sicherzustellen, dass die auf Ihrer\/n Website(s) geposteten Materialien die Rechte Dritter (einschlie\u00dflich z.B. Urheberrechte, Marken, Privatsph\u00e4re oder andere pers\u00f6nliche oder Eigentumsrechte) nicht verletzen oder gegen diese versto\u00dfen. Sie m\u00fcssen sicherstellen, dass die auf Ihrer\/n Website(s) geposteten Materialien nicht verleumderisch, illegal oder anderweitig anst\u00f6\u00dfig sind. Sie m\u00fcssen gew\u00e4hrleisten, dass Ihre Website(s) korrekt und angemessen offenlegt, entweder durch eine Datenschutzrichtlinie oder auf andere Weise, wie Sie von Besuchern gesammelte Daten sammeln, verwenden, speichern und offenlegen, einschlie\u00dflich, falls zutreffend, dass Dritte (einschlie\u00dflich Werbetreibende) Inhalte und\/oder Werbung anbieten und Informationen direkt von Besuchern sammeln und Cookies auf den Browsern der Besucher platzieren oder erkennen k\u00f6nnen. Zenkit lehnt jegliche Haftung f\u00fcr diese Angelegenheiten ab.<\/li>\n\n\n\n<li>Des Weiteren erkl\u00e4ren Sie sich damit einverstanden, uns von allen Anspr\u00fcchen, Sch\u00e4den, Verlusten und Ausgaben (einschlie\u00dflich, ohne Einschr\u00e4nkung, Anwaltskosten, zahlbar nach Anfall) im Zusammenhang mit der Entwicklung, dem Betrieb, der Wartung und den Inhalten Ihrer Website(s), der Nutzung der Werbung, der Verletzung dieser Vereinbarung und\/oder der Verletzung von Rechten Dritter freizustellen und schadlos zu halten.<\/li>\n\n\n\n<li>Zenkit ist nicht Partei einer Vereinbarung, die Sie mit einem Vertreter abgeschlossen haben und Sie sind nicht befugt, im Namen von Zenkit Verpflichtungen gegen\u00fcber einem solchen Vertreter einzugehen, einschlie\u00dflich Verpflichtungen bez\u00fcglich der Zahlung von Geb\u00fchren an den Vertreter durch Zenkit oder Verpflichtungen f\u00fcr Lizenzen an Zenkits Namen, Logo(s), bereitgestellten Bildern oder anderem geistigen Eigentum. Vertreter sind keine Drittbeg\u00fcnstigten dieser Vereinbarung mit Zenkit. Jede Verletzung der Bestimmungen und Bedingungen dieser Vereinbarung durch Ihre Vertreter gilt als Vertragsverletzung durch Sie, und Zenkit hat in Bezug auf eine solche Verletzung volle Regressanspr\u00fcche Gegen Sie.<\/li>\n\n\n\n<li>W\u00e4hrend und nach Ihrer Zeit als Partner von Zenkit werden Sie Zenkit, die Zenkit Website oder unsere Produkte oder Dienstleistungen nicht herabw\u00fcrdigen oder in einer herabw\u00fcrdigenden, abwertenden oder negativen Weise darstellen.<\/li>\n\n\n\n<li>Diese Vereinbarung darf von Ihnen ohne schriftliche Genehmigung von Zenkit nicht abgetreten oder anderweitig \u00fcbertragen werden. Sie d\u00fcrfen ohne die vorherige schriftliche Zustimmung und Genehmigung von Zenkit keine \u00f6ffentliche Ank\u00fcndigung oder Pressemitteilung \u00fcber die Bedingungen oder das Bestehen der Vereinbarung machen.<\/li>\n\n\n\n<li>Die fortgesetzte Einhaltung dieser Vereinbarung durch den Partner ist eine Bedingung f\u00fcr die fortgesetzte Teilnahme am Programm. Zenkit beh\u00e4lt sich das Recht vor, die Website(s) des Affiliates von Zeit zu Zeit zu \u00fcberpr\u00fcfen, zu bewerten und zu auditieren, um festzustellen, ob der Affiliate diese Vereinbarung weiterhin einh\u00e4lt. Die Website(s) des Partners m\u00fcssen voll funktionsf\u00e4hig sein und bleiben.<\/li>\n<\/ul>\n<\/div>\n\n\n\n<div style=\"height:48px;--tablet-height:36px;--mobile-height:24px\" class=\"wp-block-lookeen-blocks-responsive-spacer\"><\/div>\n\n\n\n<div class=\"wp-block-group has-global-padding is-layout-constrained wp-block-group-is-layout-constrained\" style=\"margin-bottom:8px\">\n<h3 class=\"wp-block-heading lp-copy-small-bold\" style=\"margin-bottom:8px;font-size:20px;font-style:normal;font-weight:700;line-height:1.5\">Beendigung<\/h3>\n\n\n\n<ul class=\"wp-block-list left__indent has-da-grey-1-color has-text-color has-link-color wp-elements-a194f88239ffafb6a15b095508da9fde\">\n<li>Bei Beendigung dieser Vereinbarung hat der Partner die Zustellung oder Verwendung von Zenkit-Werbung unverz\u00fcglich einzustellen.<\/li>\n\n\n\n<li>Zuk\u00fcnftige Provisionen f\u00fcr bereits geworbene Kunden werden gek\u00fcndigt.<\/li>\n\n\n\n<li>F\u00fcr Kunden, die sich nach dem Datum der K\u00fcndigung registrieren, werden keine Empfehlungsgeb\u00fchren oder Boni f\u00e4llig. Wir behalten uns das Recht vor, Ihre Abschlusszahlung f\u00fcr bis zu 120 Tage zur\u00fcckzuhalten, soweit dies zur ordnungsgem\u00e4\u00dfen Berechnung eines Ihnen zustehenden Betrags erforderlich ist.<\/li>\n<\/ul>\n<\/div>\n\n\n\n<div style=\"height:48px;--tablet-height:36px;--mobile-height:24px\" class=\"wp-block-lookeen-blocks-responsive-spacer\"><\/div>\n\n\n\n<div class=\"wp-block-group has-global-padding is-layout-constrained wp-block-group-is-layout-constrained\" style=\"margin-bottom:8px\">\n<h3 class=\"wp-block-heading lp-copy-small-bold\" style=\"margin-bottom:8px;font-size:20px;font-style:normal;font-weight:700;line-height:1.5\">\u00c4nderung<\/h3>\n\n\n\n<ul class=\"wp-block-list left__indent has-da-grey-1-color has-text-color has-link-color wp-elements-7a76f2fa9c0d850fcbde5382c7873313\">\n<li>Zenkit kann jede der in dieser Vereinbarung enthaltenen Bestimmungen und Bedingungen jederzeit nach unserem alleinigen und absoluten Ermessen mit sofortiger Wirkung nach Mitteilung an Sie \u00e4ndern. Zu den \u00c4nderungen k\u00f6nnen unter anderem \u00c4nderungen der \u00dcberweisungsgeb\u00fchren, Zahlungsverfahren und autorisierten Werbeaktivit\u00e4ten geh\u00f6ren.<\/li>\n\n\n\n<li>Ihre fortgesetzte Teilnahme am Zenkit Partnerprogramm nach unserer Ank\u00fcndigung einer \u00c4nderungsmitteilung oder einer neuen Vereinbarung auf unserer Website gilt als verbindliche Annahme der \u00c4nderung bzw. der neuen Vereinbarung, sofern zutreffend. Sollte eine \u00c4nderung oder Modifikation f\u00fcr Sie nicht akzeptabel sein, besteht Ihre einzige M\u00f6glichkeit darin, diese Vereinbarung zu beenden.<\/li>\n<\/ul>\n<\/div>\n\n\n\n<div style=\"height:48px;--tablet-height:36px;--mobile-height:24px\" class=\"wp-block-lookeen-blocks-responsive-spacer\"><\/div>\n\n\n\n<div class=\"wp-block-group has-global-padding is-layout-constrained wp-block-group-is-layout-constrained\" style=\"margin-bottom:8px\">\n<h3 class=\"wp-block-heading lp-copy-small-bold\" style=\"margin-bottom:8px;font-size:20px;font-style:normal;font-weight:700;line-height:1.5\">Vermittlungsgeb\u00fchr<\/h3>\n\n\n\n<ul class=\"wp-block-list left__indent has-da-grey-1-color has-text-color has-link-color wp-elements-c11e99b1bba048dcbfb99403723cee32\">\n<li>Ab dem 1. Dezember 2018 und w\u00e4hrend der Laufzeit dieser Vereinbarung zahlt Zenkit dem Partner eine Provision in H\u00f6he von 20 Prozent jedes bezahlten Zenkit Plus Plan und Zenkit Enterprise Plan Abonnements, die von einem Kunden geleistet wird, der vom Partner an Zenkit verwiesen wurde (nach alleinigem Ermessen von Zenkit). Wenn eine Benachrichtigung \u00fcber die Erneuerung des Abonnements durch einen Kunden eingeht, erh\u00e4lt der Affiliate ebenfalls eine Provision f\u00fcr diesen Erneuerungskauf.<\/li>\n\n\n\n<li>Zenkit beh\u00e4lt sich das Recht vor, die an den Affiliate zu zahlende Empfehlungsgeb\u00fchr im Umfang von Meldefehlern, betr\u00fcgerischen Verk\u00e4ufen, betr\u00fcgerischen oder automatisierten Klicks oder absichtlichen Manipulationen des Registrierungs- oder Verkaufsprozesses nach eigenem Ermessen anzupassen.<\/li>\n\n\n\n<li>Zenkit beh\u00e4lt sich das Recht vor, die hiernach zu zahlenden Empfehlungsgeb\u00fchren zu \u00e4ndern, indem wir Sie dar\u00fcber informieren (einschlie\u00dflich per E-Mail) und\/oder solche \u00c4nderungen auf der Website des Partnerprogramms wiedergeben. Jegliche Senkung der Empfehlungsgeb\u00fchren tritt unmittelbar in Kraft, sobald (a) eine Mitteilung an Sie erfolgt oder (b) die neue Empfehlungsgeb\u00fchr auf der Website des Partnerprogramms ver\u00f6ffentlicht wird, je nachdem, welcher Zeitpunkt fr\u00fcher liegt.<\/li>\n\n\n\n<li>Die Empfehlungsgeb\u00fchr wird von Zenkit nach der Zahlung des Kunden \u00fcberpr\u00fcft, um R\u00fcckerstattungen, R\u00fcckbuchungen und Herabstufungen zu vermeiden. Wenn der Kunde w\u00e4hrend des Verifizierungszeitraums auf kostenlos herabgestuft wird, ein Konto l\u00f6scht oder eine R\u00fcckerstattung verlangt, wird keine Provision gezahlt. Wenn ein Kunde w\u00e4hrend des Pr\u00fcfzeitraums vom Enterprise- auf das Plus-Konto herabgestuft wird, wird die Provision f\u00fcr das Plus-Abonnement gezahlt.<\/li>\n<\/ul>\n<\/div>\n<\/div>\n<\/div>\n\n\n\n<div style=\"height:110px;--tablet-height:60px;--mobile-height:48px\" class=\"wp-block-lookeen-blocks-responsive-spacer\"><\/div>\n\n\n\n<div class=\"wp-block-group lp-big-cta has-da-blue-light-background-color has-background has-global-padding is-layout-constrained wp-block-group-is-layout-constrained\">\n<div style=\"height:80px;--tablet-height:36px;--mobile-height:26px\" class=\"wp-block-lookeen-blocks-responsive-spacer\"><\/div>\n\n\n\n<div class=\"wp-block-group has-global-padding is-layout-constrained wp-container-core-group-is-layout-d7701c0d wp-block-group-is-layout-constrained\">\n<h2 class=\"wp-block-heading has-text-align-center\">Werden Sie noch heute Mitglied!<\/h2>\n\n\n\n<div class=\"wp-block-group has-global-padding is-layout-constrained wp-block-group-is-layout-constrained\">\n<p class=\"has-text-align-center has-da-grey-1-color has-text-color has-link-color wp-elements-d5c3888d2dfba805c75f506b7ff7eec4\">Wenn Sie anfangen oder weitere Informationen \u00fcber unser Programm erhalten m\u00f6chten, klicken Sie auf den Link unten um Kontakt aufzunehmen.<\/p>\n<\/div>\n\n\n\n<div style=\"height:48px;--tablet-height:36px;--mobile-height:24px\" class=\"wp-block-lookeen-blocks-responsive-spacer\"><\/div>\n\n\n\n<div class=\"wp-block-buttons is-content-justification-center is-layout-flex wp-container-core-buttons-is-layout-f78c5dac wp-block-buttons-is-layout-flex\" style=\"margin-top:0px;margin-bottom:0px\">\n<div class=\"wp-block-button is-style-default\"><a class=\"wp-block-button__link has-text-align-center wp-element-button\" href=\"https:\/\/zenkit.com\/en\/contact-us-affiliate\">Legen Sie noch heute los!<\/a><\/div>\n<\/div>\n<\/div>\n\n\n\n<div style=\"height:80px;--tablet-height:36px;--mobile-height:26px\" class=\"wp-block-lookeen-blocks-responsive-spacer\"><\/div>\n<\/div>\n","protected":false},"excerpt":{"rendered":"<p>Zenkit Affiliate Vereinbarung Zuletzt aktualisiert: M\u00e4rz, 2023. Dem Programm beitreten Wenn Sie einen Antrag auf Aufnahme als Affiliate Partner einreichen und diesen annehmen, best\u00e4tigen Sie als Partner, dass Sie diese Vereinbarung gelesen und verstanden haben, und Sie erkl\u00e4ren sich damit einverstanden, im gleichen Ma\u00dfe daran gebunden zu sein, als wenn Sie dieses Dokument pers\u00f6nlich unterzeichnet [&hellip;]<\/p>\n","protected":false},"author":6,"featured_media":0,"parent":0,"menu_order":0,"comment_status":"closed","ping_status":"closed","template":"","meta":{"yasr_overall_rating":0,"yasr_post_is_review":"","yasr_auto_insert_disabled":"","yasr_review_type":"","footnotes":""},"class_list":["post-48933","page","type-page","status-publish","hentry"],"yoast_head":"<!-- This site is optimized with the Yoast SEO plugin v27.3 - https:\/\/yoast.com\/product\/yoast-seo-wordpress\/ -->\n<title>Affiliate Agreement | Zenkit<\/title>\n<meta name=\"description\" content=\"The Zenkit Affiliate Agreement includes the terms and conditions that apply to your participation as an affiliate in the program.\" \/>\n<meta name=\"robots\" content=\"index, follow, max-snippet:-1, max-image-preview:large, max-video-preview:-1\" \/>\n<link rel=\"canonical\" href=\"https:\/\/zenkit.com\/de\/affiliate-agreement\/\" \/>\n<meta property=\"og:locale\" content=\"de_DE\" \/>\n<meta property=\"og:type\" content=\"article\" \/>\n<meta property=\"og:title\" content=\"Affiliate Agreement | Zenkit\" \/>\n<meta property=\"og:description\" content=\"The Zenkit Affiliate Agreement includes the terms and conditions that apply to your participation as an affiliate in the program.\" \/>\n<meta property=\"og:url\" content=\"https:\/\/zenkit.com\/de\/affiliate-agreement\/\" \/>\n<meta property=\"og:site_name\" content=\"Zenkit\" \/>\n<meta property=\"article:publisher\" content=\"https:\/\/www.facebook.com\/ZenkitHQ\" \/>\n<meta property=\"article:modified_time\" content=\"2025-03-14T07:37:19+00:00\" \/>\n<meta name=\"twitter:card\" content=\"summary_large_image\" \/>\n<meta name=\"twitter:site\" content=\"@ZenkitHQ\" \/>\n<script type=\"application\/ld+json\" class=\"yoast-schema-graph\">{\"@context\":\"https:\\\/\\\/schema.org\",\"@graph\":[{\"@type\":\"WebPage\",\"@id\":\"https:\\\/\\\/zenkit.com\\\/de\\\/affiliate-agreement\\\/\",\"url\":\"https:\\\/\\\/zenkit.com\\\/de\\\/affiliate-agreement\\\/\",\"name\":\"Affiliate Agreement | Zenkit\",\"isPartOf\":{\"@id\":\"https:\\\/\\\/zenkit.com\\\/de\\\/#website\"},\"datePublished\":\"2018-12-04T09:43:54+00:00\",\"dateModified\":\"2025-03-14T07:37:19+00:00\",\"description\":\"The Zenkit Affiliate Agreement includes the terms and conditions that apply to your participation as an affiliate in the program.\",\"breadcrumb\":{\"@id\":\"https:\\\/\\\/zenkit.com\\\/de\\\/affiliate-agreement\\\/#breadcrumb\"},\"inLanguage\":\"de\",\"potentialAction\":[{\"@type\":\"ReadAction\",\"target\":[\"https:\\\/\\\/zenkit.com\\\/de\\\/affiliate-agreement\\\/\"]}]},{\"@type\":\"BreadcrumbList\",\"@id\":\"https:\\\/\\\/zenkit.com\\\/de\\\/affiliate-agreement\\\/#breadcrumb\",\"itemListElement\":[{\"@type\":\"ListItem\",\"position\":1,\"name\":\"Home\",\"item\":\"https:\\\/\\\/zenkit.com\\\/de\\\/\"},{\"@type\":\"ListItem\",\"position\":2,\"name\":\"Affiliate Agreement\"}]},{\"@type\":\"WebSite\",\"@id\":\"https:\\\/\\\/zenkit.com\\\/de\\\/#website\",\"url\":\"https:\\\/\\\/zenkit.com\\\/de\\\/\",\"name\":\"Zenkit\",\"description\":\"Zenkit Tagline\",\"potentialAction\":[{\"@type\":\"SearchAction\",\"target\":{\"@type\":\"EntryPoint\",\"urlTemplate\":\"https:\\\/\\\/zenkit.com\\\/de\\\/?s={search_term_string}\"},\"query-input\":{\"@type\":\"PropertyValueSpecification\",\"valueRequired\":true,\"valueName\":\"search_term_string\"}}],\"inLanguage\":\"de\"},false]}<\/script>\n<!-- \/ Yoast SEO plugin. -->","yoast_head_json":{"title":"Affiliate Agreement | Zenkit","description":"The Zenkit Affiliate Agreement includes the terms and conditions that apply to your participation as an affiliate in the program.","robots":{"index":"index","follow":"follow","max-snippet":"max-snippet:-1","max-image-preview":"max-image-preview:large","max-video-preview":"max-video-preview:-1"},"canonical":"https:\/\/zenkit.com\/de\/affiliate-agreement\/","og_locale":"de_DE","og_type":"article","og_title":"Affiliate Agreement | Zenkit","og_description":"The Zenkit Affiliate Agreement includes the terms and conditions that apply to your participation as an affiliate in the program.","og_url":"https:\/\/zenkit.com\/de\/affiliate-agreement\/","og_site_name":"Zenkit","article_publisher":"https:\/\/www.facebook.com\/ZenkitHQ","article_modified_time":"2025-03-14T07:37:19+00:00","twitter_card":"summary_large_image","twitter_site":"@ZenkitHQ","schema":{"@context":"https:\/\/schema.org","@graph":[{"@type":"WebPage","@id":"https:\/\/zenkit.com\/de\/affiliate-agreement\/","url":"https:\/\/zenkit.com\/de\/affiliate-agreement\/","name":"Affiliate Agreement | Zenkit","isPartOf":{"@id":"https:\/\/zenkit.com\/de\/#website"},"datePublished":"2018-12-04T09:43:54+00:00","dateModified":"2025-03-14T07:37:19+00:00","description":"The Zenkit Affiliate Agreement includes the terms and conditions that apply to your participation as an affiliate in the program.","breadcrumb":{"@id":"https:\/\/zenkit.com\/de\/affiliate-agreement\/#breadcrumb"},"inLanguage":"de","potentialAction":[{"@type":"ReadAction","target":["https:\/\/zenkit.com\/de\/affiliate-agreement\/"]}]},{"@type":"BreadcrumbList","@id":"https:\/\/zenkit.com\/de\/affiliate-agreement\/#breadcrumb","itemListElement":[{"@type":"ListItem","position":1,"name":"Home","item":"https:\/\/zenkit.com\/de\/"},{"@type":"ListItem","position":2,"name":"Affiliate Agreement"}]},{"@type":"WebSite","@id":"https:\/\/zenkit.com\/de\/#website","url":"https:\/\/zenkit.com\/de\/","name":"Zenkit","description":"Zenkit Tagline","potentialAction":[{"@type":"SearchAction","target":{"@type":"EntryPoint","urlTemplate":"https:\/\/zenkit.com\/de\/?s={search_term_string}"},"query-input":{"@type":"PropertyValueSpecification","valueRequired":true,"valueName":"search_term_string"}}],"inLanguage":"de"},false]}},"yasr_visitor_votes":{"stars_attributes":{"read_only":false,"span_bottom":false},"number_of_votes":0,"sum_votes":0},"_links":{"self":[{"href":"https:\/\/zenkit.com\/de\/wp-json\/wp\/v2\/pages\/48933","targetHints":{"allow":["GET"]}}],"collection":[{"href":"https:\/\/zenkit.com\/de\/wp-json\/wp\/v2\/pages"}],"about":[{"href":"https:\/\/zenkit.com\/de\/wp-json\/wp\/v2\/types\/page"}],"author":[{"embeddable":true,"href":"https:\/\/zenkit.com\/de\/wp-json\/wp\/v2\/users\/6"}],"replies":[{"embeddable":true,"href":"https:\/\/zenkit.com\/de\/wp-json\/wp\/v2\/comments?post=48933"}],"version-history":[{"count":18,"href":"https:\/\/zenkit.com\/de\/wp-json\/wp\/v2\/pages\/48933\/revisions"}],"predecessor-version":[{"id":125736,"href":"https:\/\/zenkit.com\/de\/wp-json\/wp\/v2\/pages\/48933\/revisions\/125736"}],"wp:attachment":[{"href":"https:\/\/zenkit.com\/de\/wp-json\/wp\/v2\/media?parent=48933"}],"curies":[{"name":"wp","href":"https:\/\/api.w.org\/{rel}","templated":true}]}}