{"id":49067,"date":"2019-12-10T14:30:03","date_gmt":"2019-12-10T13:30:03","guid":{"rendered":"https:\/\/zenkit.com\/integrationen\/clicdata\/"},"modified":"2025-11-04T06:53:10","modified_gmt":"2025-11-04T05:53:10","slug":"clicdata","status":"publish","type":"page","link":"https:\/\/zenkit.com\/de\/integrationen\/clicdata\/","title":{"rendered":"ClicData"},"content":{"rendered":"\n<div style=\"height:45px;--tablet-height:45px;--mobile-height:16px\" class=\"wp-block-lookeen-blocks-responsive-spacer\"><\/div>\n\n\n\n<div class=\"wp-block-group has-global-padding is-layout-constrained wp-block-group-is-layout-constrained\">\n<div class=\"wp-block-columns is-layout-flex wp-container-core-columns-is-layout-467d341d wp-block-columns-is-layout-flex\" id=\"main__integrations\" style=\"margin-top:0px;margin-bottom:0px\">\n<div class=\"wp-block-column side__bar__integrations is-layout-flow wp-block-column-is-layout-flow\" style=\"flex-basis:23%\">\n<h2 class=\"wp-block-heading has-da-blue-color-new has-text-color has-link-color wp-elements-da44773fa129cd6fcf092510254da659\" style=\"margin-top:0px;margin-bottom:0px;font-size:16px;line-height:1.5\">Dashboard &amp; Berichte Integrationen<\/h2>\n\n\n<nav class=\"is-vertical integrations__menu wp-block-navigation is-layout-flex wp-container-core-navigation-is-layout-5f9f5280 wp-block-navigation-is-layout-flex\" aria-label=\"de-dashboards-reports-integrations\"><ul class=\"wp-block-navigation__container  is-vertical integrations__menu wp-block-navigation\"><li class=\" wp-block-navigation-item wp-block-navigation-link\"><a class=\"wp-block-navigation-item__content\"  href=\"https:\/\/zenkit.com\/de\/integrationen\/clicdata\/\"><span class=\"wp-block-navigation-item__label\">ClicData<\/span><\/a><\/li><li class=\" wp-block-navigation-item wp-block-navigation-link\"><a class=\"wp-block-navigation-item__content\"  href=\"https:\/\/zenkit.com\/de\/integrationen\/status-hero\/\"><span class=\"wp-block-navigation-item__label\">Status Hero<\/span><\/a><\/li><\/ul><\/nav><\/div>\n\n\n\n<div class=\"wp-block-column content__integrations is-layout-flow wp-block-column-is-layout-flow\" style=\"flex-basis:77%\">\n<div class=\"wp-block-group has-global-padding is-layout-constrained wp-block-group-is-layout-constrained\">\n<div class=\"wp-block-group title is-layout-flex wp-container-core-group-is-layout-ed4b00df wp-block-group-is-layout-flex\">\n<figure class=\"wp-block-image size-full is-resized\"><img loading=\"lazy\" decoding=\"async\" width=\"1024\" height=\"1024\" src=\"https:\/\/zenkit.com\/wp-content\/uploads\/2025\/07\/Clicdata_Logo-Icon.webp\" alt=\"\" class=\"wp-image-117819\" style=\"width:auto;height:46px\" srcset=\"https:\/\/zenkit.com\/wp-content\/uploads\/2025\/07\/Clicdata_Logo-Icon.webp 1024w, https:\/\/zenkit.com\/wp-content\/uploads\/2025\/07\/Clicdata_Logo-Icon-300x300.webp 300w, https:\/\/zenkit.com\/wp-content\/uploads\/2025\/07\/Clicdata_Logo-Icon-150x150.webp 150w, https:\/\/zenkit.com\/wp-content\/uploads\/2025\/07\/Clicdata_Logo-Icon-768x768.webp 768w\" sizes=\"auto, (max-width: 1024px) 100vw, 1024px\" \/><\/figure>\n\n\n\n<h1 class=\"wp-block-heading\">ClicData und Zenkit<\/h1>\n<\/div>\n\n\n\n<div class=\"wp-block-group has-global-padding is-layout-constrained wp-block-group-is-layout-constrained\">\n<h3 class=\"wp-block-heading display-h2\">Verbinden Sie Ihre Zenkit- und ClicData-Konten<\/h3>\n\n\n\n<p>Wenn Sie eine Datenbank mit Zenkit aufgebaut haben und nach einer Reporting-L\u00f6sung zur Visualisierung dieser Daten suchen, ist die Integration zwischen Zenkit und ClicData vielleicht genau das, was Sie suchen.<\/p>\n\n\n\n<p>Unabh\u00e4ngig davon, ob es sich bei den in Zenkit gespeicherten Daten um Verkaufszahlen, Rechnungsdaten oder sogar geografische Details handelt, k\u00f6nnen Sie ganz einfach ein individuelles und ansprechendes Dashboard zur Darstellung der Daten erstellen. Dies kann dazu beitragen, neue Einblicke in Ihre Daten zu gewinnen, und es Ihnen erm\u00f6glichen, sie anders zu analysieren.<\/p>\n\n\n\n<p>Eine gro\u00dfartige Sache an dieser Integration ist, dass nach dem Aufbau der Verbindung zum einmaligen Senden von Zenkit-Daten an ClicData diese automatisch ausgef\u00fchrt wird, um Ihren Bericht mit den aktuellsten Informationen zu aktualisieren!<\/p>\n<\/div>\n\n\n\n<div style=\"height:48px;--tablet-height:36px;--mobile-height:24px\" class=\"wp-block-lookeen-blocks-responsive-spacer\"><\/div>\n<\/div>\n\n\n\n<div class=\"wp-block-group has-global-padding is-layout-constrained wp-block-group-is-layout-constrained\">\n<figure class=\"wp-block-video\"><video controls src=\"https:\/\/zenkit.com\/wp-content\/uploads\/2019\/12\/Dashboard_reporting.mp4\"><\/video><\/figure>\n<\/div>\n\n\n\n<div style=\"height:48px;--tablet-height:36px;--mobile-height:24px\" class=\"wp-block-lookeen-blocks-responsive-spacer\"><\/div>\n\n\n\n<div class=\"wp-block-group has-global-padding is-layout-constrained wp-block-group-is-layout-constrained\">\n<h3 class=\"wp-block-heading display-h2\">\u00dcber ClicData: Dashboard- und Berichtssoftware<\/h3>\n\n\n\n<p><a href=\"https:\/\/www.clicdata.com\/\">ClicData<\/a>&nbsp;ist eine Cloud-basierte Business Intelligence- und Datenmanagement-Plattform. Sie bietet alles, was Sie f\u00fcr Ihre Gesch\u00e4ftsberichte ben\u00f6tigen, einschlie\u00dflich<\/p>\n\n\n\n<ul class=\"wp-block-list is-style-da-left-indent\">\n<li>Datenverbindung: Verbinden Sie Daten aus \u00fcber 250 Datenquellen \u00fcber Konnektoren oder \u00fcber API.<\/li>\n\n\n\n<li>Datenverwaltung: Zentralisieren Sie Ihre Daten in einem integrierten Data Warehouse und konvertieren Sie sie mit den ETL-Funktionen (Extract, Transform, and Load).<\/li>\n\n\n\n<li>AAutomatisierung: Richten Sie Ihre Daten-Aktualisierungspl\u00e4ne und -Warnungen einmal ein, dann brauchen Sie sich nicht mehr darum zu k\u00fcmmern.<\/li>\n\n\n\n<li>Daten-Visualisierung: Erstellen Sie interaktive Dashboards mit einer Drag-and-Drop-Dashboard-Designer-Funktion und \u00fcber 70 Widgets.<\/li>\n\n\n\n<li>Zusammenarbeit: Geben Sie Ihre Live-Dashboards \u00fcber einen einfachen Link oder in automatisierten E-Mails an Ihr Team und Ihre Kunden weiter.<\/li>\n<\/ul>\n\n\n\n<p>Um mehr \u00fcber diese Dashboard- und Berichtssoftware zu erfahren, melden Sie sich hier f\u00fcr eine kostenlose Testversion von ClicData an:&nbsp;<a href=\"https:\/\/app.clicdata.com\/signup\">https:\/\/app.clicdata.com\/signup<\/a>.<\/p>\n<\/div>\n\n\n\n<div style=\"height:48px;--tablet-height:36px;--mobile-height:24px\" class=\"wp-block-lookeen-blocks-responsive-spacer\"><\/div>\n\n\n\n<div class=\"wp-block-group has-global-padding is-layout-constrained wp-block-group-is-layout-constrained\">\n<h3 class=\"wp-block-heading display-h2\">\u00dcber Zenkit: Online Projekt Management<\/h3>\n\n\n\n<p><a href=\"https:\/\/zenkit.com\/\">Zenkit<\/a>&nbsp;ist ein benutzerfreundliches Tool mit zahlreichen Funktionen f\u00fcr effizientes Projektmanagement. Um jedes Projekt bestm\u00f6glich anzugehen, k\u00f6nnen Sie bei Zenkit zwischen diesen 5 verschiedenen Ansichten mit nur einem Klick wechseln:<\/p>\n\n\n\n<ul class=\"wp-block-list is-style-da-left-indent\">\n<li>Tabelle<\/li>\n\n\n\n<li>Aufgabenliste<\/li>\n\n\n\n<li>Kanban<\/li>\n\n\n\n<li>Kalender<\/li>\n\n\n\n<li>Mind Map<\/li>\n<\/ul>\n\n\n\n<p>Sie m\u00f6chten Ihre Daten mit Freunden, Kollegen, oder Kunden teilen? Dank \u00f6ffentlichen und eingebetteten Collections ist dies ohne Probleme m\u00f6glich. Mithilfe der dokumentierten API k\u00f6nnen Sie sogar eigene Integrationen erstellen. Zenkit ist flexibel genug, um sich jedem Workflow anzupassen. Mit Zenkit sind Sie sogar in der Lage, alle internen Prozesse Ihres Unternehmen digital abzubilden. Erstellen Sie jetzt<br><a href=\"https:\/\/app.zenkit.com\/register\">ihr kostensloses Konto<\/a>.<\/p>\n<\/div>\n\n\n\n<div style=\"height:48px;--tablet-height:36px;--mobile-height:24px\" class=\"wp-block-lookeen-blocks-responsive-spacer\"><\/div>\n\n\n\n<div class=\"wp-block-group has-global-padding is-layout-constrained wp-block-group-is-layout-constrained\">\n<h3 class=\"wp-block-heading display-h2\">Wie verbindet man ClicData und Zenkit?<\/h3>\n\n\n\n<p>Diese Integration umfasst nur zwei Schritte!<\/p>\n\n\n\n<p><strong>Schritt 1<\/strong>:Senden Sie automatisch Daten aus einer Zenkit-Sammlung \u00fcber Zapier an Google Sheets.<\/p>\n\n\n\n<div class=\"wp-block-group has-global-padding is-layout-constrained wp-block-group-is-layout-constrained\">\n<iframe style=\"width: 100%; min-height: 500px; background: transparent; border: 1px solid #ccc;\" src=\"https:\/\/public.zenkit.com\/c\/7_m8erU4O\/invoices?v=34Mwc4itbW\" allowfullscreen=\"allowfullscreen\"><a href=\"https:\/\/public.zenkit.com\/c\/7_m8erU4O\/invoices?v=34Mwc4itbW\" target=\"_blank\">Your browser doesn&#8217;t support iframes. Click here to open the content in a new tab.<\/a><\/iframe>\n<\/div>\n\n\n\n<div style=\"height:48px;--tablet-height:36px;--mobile-height:24px\" class=\"wp-block-lookeen-blocks-responsive-spacer\"><\/div>\n\n\n\n<div class=\"wp-block-group has-global-padding is-layout-constrained wp-block-group-is-layout-constrained\">\n<figure class=\"wp-block-image size-large\"><img loading=\"lazy\" decoding=\"async\" width=\"1024\" height=\"487\" src=\"https:\/\/zenkit.com\/wp-content\/uploads\/2025\/07\/Googlesheets-1024x487.webp\" alt=\"\" class=\"wp-image-117837\" srcset=\"https:\/\/zenkit.com\/wp-content\/uploads\/2025\/07\/Googlesheets-1024x487.webp 1024w, https:\/\/zenkit.com\/wp-content\/uploads\/2025\/07\/Googlesheets-300x143.webp 300w, https:\/\/zenkit.com\/wp-content\/uploads\/2025\/07\/Googlesheets-768x366.webp 768w, https:\/\/zenkit.com\/wp-content\/uploads\/2025\/07\/Googlesheets-1536x731.webp 1536w, https:\/\/zenkit.com\/wp-content\/uploads\/2025\/07\/Googlesheets.webp 1920w\" sizes=\"auto, (max-width: 1024px) 100vw, 1024px\" \/><\/figure>\n<\/div>\n\n\n\n<div style=\"height:48px;--tablet-height:36px;--mobile-height:24px\" class=\"wp-block-lookeen-blocks-responsive-spacer\"><\/div>\n\n\n\n<ul class=\"wp-block-list is-style-da-left-indent\">\n<li>Erstellen Sie ein Checkbox-Feld in Ihrer Zenkit-Sammlung. In dieser Beispielsammlung haben wir es \u201eSync to Google Sheets\u201c genannt.<\/li>\n\n\n\n<li>Melden Sie sich in Ihrem&nbsp;<a href=\"https:\/\/www.google.com\/sheets\/about\/\">Google Sheets<\/a>Konto an und erstellen Sie ein Blatt mit den gleichen Spalten wie Ihre Zenkit-Sammlung.<\/li>\n\n\n\n<li><a href=\"https:\/\/zapier.com\/sign-up\/\">Registrieren Sie sich<\/a>&nbsp;f\u00fcr ein Zapier-Konto und&nbsp;<a href=\"https:\/\/zapier.com\/app\/editor\/\">erstellen Sie einen Zapier-Zap<\/a>. itte folgen Sie den Anweisungen auf der Einrichtungsseite (Hinweis: W\u00e4hlen Sie \u201eItem Wert ge\u00e4ndert\u201c als Zenkit-Ausl\u00f6ser und \u201eTabellenzeile aktualisieren\u201c als Google Sheets-Aktion).<\/li>\n\n\n\n<li>Nachdem Sie den Zap aktiviert haben, werden f\u00fcr jedes Kontrollk\u00e4stchen, das Sie in Ihrer Zenkit-Sammlung aktivieren, diese Artikeldetails gesendet, um eine neue Zeile in Google Sheets zu aktualisieren oder zu erstellen.<\/li>\n<\/ul>\n\n\n\n<div style=\"height:48px;--tablet-height:36px;--mobile-height:24px\" class=\"wp-block-lookeen-blocks-responsive-spacer\"><\/div>\n\n\n\n<p><strong>Schritt 2<\/strong>: Verbinden Sie Google Sheets mit ClicData.<\/p>\n\n\n\n<div class=\"wp-block-group has-global-padding is-layout-constrained wp-block-group-is-layout-constrained\">\n<iframe src=\"https:\/\/marketplace.clicdata.com\/v\/Zenkit\" width=\"100%\" style=\"height:500px;\"><\/iframe>\n<\/div>\n\n\n\n<div style=\"height:48px;--tablet-height:36px;--mobile-height:24px\" class=\"wp-block-lookeen-blocks-responsive-spacer\"><\/div>\n\n\n\n<ul class=\"wp-block-list is-style-da-left-indent\">\n<li><a href=\"https:\/\/app.clicdata.com\/signup\">Registrieren Sie sich<\/a>&nbsp;f\u00fcr ein ClicData-Konto.<\/li>\n\n\n\n<li>F\u00fcgen Sie das Google Sheets-Dokument als Datenquelle zu ClicData hinzu und erstellen Sie Ihr individuelles Dashboard.<\/li>\n<\/ul>\n<\/div>\n\n\n\n<div style=\"height:48px;--tablet-height:36px;--mobile-height:24px\" class=\"wp-block-lookeen-blocks-responsive-spacer\"><\/div>\n\n\n\n<div class=\"wp-block-group has-global-padding is-layout-constrained wp-block-group-is-layout-constrained\">\n<h3 class=\"wp-block-heading display-h2\">Wer wird von dieser Integration von ClicData und Zenkit profitieren?<\/h3>\n\n\n\n<ul class=\"wp-block-list is-style-da-left-indent\">\n<li>Projektleiter, die auf einfache Weise visualisierte und interaktive Berichte mit in Zenkit gespeicherten Daten erstellen m\u00f6chten.<\/li>\n\n\n\n<li>Datenanalysten, die ihre Gesch\u00e4fts-Dashboards optimieren m\u00f6chten, um eine genaue und tiefgreifende Analyse durchf\u00fchren zu k\u00f6nnen.<\/li>\n<\/ul>\n<\/div>\n\n\n\n<div style=\"height:48px;--tablet-height:36px;--mobile-height:24px\" class=\"wp-block-lookeen-blocks-responsive-spacer\"><\/div>\n\n\n\n<div class=\"wp-block-group has-global-padding is-layout-constrained wp-block-group-is-layout-constrained\">\n<h3 class=\"wp-block-heading display-h2\">Zus\u00e4tzliche Details zur Integration<\/h3>\n\n\n\n<ul class=\"wp-block-list is-style-da-left-indent\">\n<li>Unterst\u00fctzt von Zapier: Bitte wenden Sie sich an den&nbsp;<a href=\"https:\/\/zapier.com\/help\/contact-us\/\">Zapier support<\/a>&nbsp;, wenn Sie Probleme haben.<\/li>\n\n\n\n<li>F\u00fcr weitere Informationen \u00fcber die Verwendung von Zenkit mit Zapier lesen Sie bitte unsere&nbsp;<a href=\"https:\/\/zenkit.com\/documentation#\/lists\/HJQBQ1Hw\/sections\/SJYE55zA\/entries\/BJGOKQtA?_k=hyyynn\">Dokumenation<\/a>.<\/li>\n\n\n\n<li>Sie k\u00f6nnen hier klicken&nbsp;<a href=\"https:\/\/public.zenkit.com\/c\/7_m8erU4O\/invoices?v=34Mwc4itbW\">here<\/a>&nbsp;tum die Zenkit-Beispielsammlung zu sehen,<br><a href=\"https:\/\/marketplace.clicdata.com\/v\/Zenkit\">und hier klicken<\/a>&nbsp;, um das ClicData-Beispiel-Dashboard zu sehen.<\/li>\n<\/ul>\n<\/div>\n<\/div>\n<\/div>\n<\/div>\n\n\n\n<div style=\"height:110px;--tablet-height:60px;--mobile-height:48px\" class=\"wp-block-lookeen-blocks-responsive-spacer\"><\/div>\n","protected":false},"excerpt":{"rendered":"<p>Dashboard &amp; Berichte Integrationen ClicData und Zenkit Verbinden Sie Ihre Zenkit- und ClicData-Konten Wenn Sie eine Datenbank mit Zenkit aufgebaut haben und nach einer Reporting-L\u00f6sung zur Visualisierung dieser Daten suchen, ist die Integration zwischen Zenkit und ClicData vielleicht genau das, was Sie suchen. Unabh\u00e4ngig davon, ob es sich bei den in Zenkit gespeicherten Daten um [&hellip;]<\/p>\n","protected":false},"author":15,"featured_media":0,"parent":67564,"menu_order":39,"comment_status":"closed","ping_status":"closed","template":"","meta":{"yasr_overall_rating":0,"yasr_post_is_review":"","yasr_auto_insert_disabled":"","yasr_review_type":"","footnotes":""},"class_list":["post-49067","page","type-page","status-publish","hentry"],"yoast_head":"<!-- This site is optimized with the Yoast SEO plugin v27.3 - https:\/\/yoast.com\/product\/yoast-seo-wordpress\/ -->\n<title>ClicData | Zenkit<\/title>\n<meta name=\"description\" content=\"Visualisieren Sie die Daten aus Ihren Zenkit-Datenbanken mit der ClicData-Integration und erhalten Sie wertvolle Einblicke in detaillierten Reports!\" \/>\n<meta name=\"robots\" content=\"index, follow, max-snippet:-1, max-image-preview:large, max-video-preview:-1\" \/>\n<link rel=\"canonical\" href=\"https:\/\/zenkit.com\/de\/integrationen\/clicdata\/\" \/>\n<meta property=\"og:locale\" content=\"de_DE\" \/>\n<meta property=\"og:type\" content=\"article\" \/>\n<meta property=\"og:title\" content=\"ClicData | Zenkit\" \/>\n<meta property=\"og:description\" content=\"Visualisieren Sie die Daten aus Ihren Zenkit-Datenbanken mit der ClicData-Integration und erhalten Sie wertvolle Einblicke in detaillierten Reports!\" \/>\n<meta property=\"og:url\" content=\"https:\/\/zenkit.com\/de\/integrationen\/clicdata\/\" \/>\n<meta property=\"og:site_name\" content=\"Zenkit\" \/>\n<meta property=\"article:publisher\" content=\"https:\/\/www.facebook.com\/ZenkitHQ\" \/>\n<meta property=\"article:modified_time\" content=\"2025-11-04T05:53:10+00:00\" \/>\n<meta property=\"og:image\" content=\"https:\/\/zenkit.com\/wp-content\/uploads\/2025\/07\/Clicdata_Logo-Icon.webp\" \/>\n<meta name=\"twitter:card\" content=\"summary_large_image\" \/>\n<meta name=\"twitter:site\" content=\"@ZenkitHQ\" \/>\n<script type=\"application\/ld+json\" class=\"yoast-schema-graph\">{\"@context\":\"https:\\\/\\\/schema.org\",\"@graph\":[{\"@type\":\"WebPage\",\"@id\":\"https:\\\/\\\/zenkit.com\\\/de\\\/integrationen\\\/clicdata\\\/\",\"url\":\"https:\\\/\\\/zenkit.com\\\/de\\\/integrationen\\\/clicdata\\\/\",\"name\":\"ClicData | Zenkit\",\"isPartOf\":{\"@id\":\"https:\\\/\\\/zenkit.com\\\/de\\\/#website\"},\"primaryImageOfPage\":{\"@id\":\"https:\\\/\\\/zenkit.com\\\/de\\\/integrationen\\\/clicdata\\\/#primaryimage\"},\"image\":{\"@id\":\"https:\\\/\\\/zenkit.com\\\/de\\\/integrationen\\\/clicdata\\\/#primaryimage\"},\"thumbnailUrl\":\"https:\\\/\\\/zenkit.com\\\/wp-content\\\/uploads\\\/2025\\\/07\\\/Clicdata_Logo-Icon.webp\",\"datePublished\":\"2019-12-10T13:30:03+00:00\",\"dateModified\":\"2025-11-04T05:53:10+00:00\",\"description\":\"Visualisieren Sie die Daten aus Ihren Zenkit-Datenbanken mit der ClicData-Integration und erhalten Sie wertvolle Einblicke in detaillierten Reports!\",\"breadcrumb\":{\"@id\":\"https:\\\/\\\/zenkit.com\\\/de\\\/integrationen\\\/clicdata\\\/#breadcrumb\"},\"inLanguage\":\"de\",\"potentialAction\":[{\"@type\":\"ReadAction\",\"target\":[\"https:\\\/\\\/zenkit.com\\\/de\\\/integrationen\\\/clicdata\\\/\"]}]},{\"@type\":\"ImageObject\",\"inLanguage\":\"de\",\"@id\":\"https:\\\/\\\/zenkit.com\\\/de\\\/integrationen\\\/clicdata\\\/#primaryimage\",\"url\":\"https:\\\/\\\/zenkit.com\\\/wp-content\\\/uploads\\\/2025\\\/07\\\/Clicdata_Logo-Icon.webp\",\"contentUrl\":\"https:\\\/\\\/zenkit.com\\\/wp-content\\\/uploads\\\/2025\\\/07\\\/Clicdata_Logo-Icon.webp\"},{\"@type\":\"BreadcrumbList\",\"@id\":\"https:\\\/\\\/zenkit.com\\\/de\\\/integrationen\\\/clicdata\\\/#breadcrumb\",\"itemListElement\":[{\"@type\":\"ListItem\",\"position\":1,\"name\":\"Home\",\"item\":\"https:\\\/\\\/zenkit.com\\\/de\\\/\"},{\"@type\":\"ListItem\",\"position\":2,\"name\":\"Integrationen\",\"item\":\"https:\\\/\\\/zenkit.com\\\/de\\\/integrationen\\\/\"},{\"@type\":\"ListItem\",\"position\":3,\"name\":\"ClicData\"}]},{\"@type\":\"WebSite\",\"@id\":\"https:\\\/\\\/zenkit.com\\\/de\\\/#website\",\"url\":\"https:\\\/\\\/zenkit.com\\\/de\\\/\",\"name\":\"Zenkit\",\"description\":\"Zenkit Tagline\",\"potentialAction\":[{\"@type\":\"SearchAction\",\"target\":{\"@type\":\"EntryPoint\",\"urlTemplate\":\"https:\\\/\\\/zenkit.com\\\/de\\\/?s={search_term_string}\"},\"query-input\":{\"@type\":\"PropertyValueSpecification\",\"valueRequired\":true,\"valueName\":\"search_term_string\"}}],\"inLanguage\":\"de\"},false]}<\/script>\n<!-- \/ Yoast SEO plugin. -->","yoast_head_json":{"title":"ClicData | Zenkit","description":"Visualisieren Sie die Daten aus Ihren Zenkit-Datenbanken mit der ClicData-Integration und erhalten Sie wertvolle Einblicke in detaillierten Reports!","robots":{"index":"index","follow":"follow","max-snippet":"max-snippet:-1","max-image-preview":"max-image-preview:large","max-video-preview":"max-video-preview:-1"},"canonical":"https:\/\/zenkit.com\/de\/integrationen\/clicdata\/","og_locale":"de_DE","og_type":"article","og_title":"ClicData | Zenkit","og_description":"Visualisieren Sie die Daten aus Ihren Zenkit-Datenbanken mit der ClicData-Integration und erhalten Sie wertvolle Einblicke in detaillierten Reports!","og_url":"https:\/\/zenkit.com\/de\/integrationen\/clicdata\/","og_site_name":"Zenkit","article_publisher":"https:\/\/www.facebook.com\/ZenkitHQ","article_modified_time":"2025-11-04T05:53:10+00:00","og_image":[{"url":"https:\/\/zenkit.com\/wp-content\/uploads\/2025\/07\/Clicdata_Logo-Icon.webp","type":"","width":"","height":""}],"twitter_card":"summary_large_image","twitter_site":"@ZenkitHQ","schema":{"@context":"https:\/\/schema.org","@graph":[{"@type":"WebPage","@id":"https:\/\/zenkit.com\/de\/integrationen\/clicdata\/","url":"https:\/\/zenkit.com\/de\/integrationen\/clicdata\/","name":"ClicData | Zenkit","isPartOf":{"@id":"https:\/\/zenkit.com\/de\/#website"},"primaryImageOfPage":{"@id":"https:\/\/zenkit.com\/de\/integrationen\/clicdata\/#primaryimage"},"image":{"@id":"https:\/\/zenkit.com\/de\/integrationen\/clicdata\/#primaryimage"},"thumbnailUrl":"https:\/\/zenkit.com\/wp-content\/uploads\/2025\/07\/Clicdata_Logo-Icon.webp","datePublished":"2019-12-10T13:30:03+00:00","dateModified":"2025-11-04T05:53:10+00:00","description":"Visualisieren Sie die Daten aus Ihren Zenkit-Datenbanken mit der ClicData-Integration und erhalten Sie wertvolle Einblicke in detaillierten Reports!","breadcrumb":{"@id":"https:\/\/zenkit.com\/de\/integrationen\/clicdata\/#breadcrumb"},"inLanguage":"de","potentialAction":[{"@type":"ReadAction","target":["https:\/\/zenkit.com\/de\/integrationen\/clicdata\/"]}]},{"@type":"ImageObject","inLanguage":"de","@id":"https:\/\/zenkit.com\/de\/integrationen\/clicdata\/#primaryimage","url":"https:\/\/zenkit.com\/wp-content\/uploads\/2025\/07\/Clicdata_Logo-Icon.webp","contentUrl":"https:\/\/zenkit.com\/wp-content\/uploads\/2025\/07\/Clicdata_Logo-Icon.webp"},{"@type":"BreadcrumbList","@id":"https:\/\/zenkit.com\/de\/integrationen\/clicdata\/#breadcrumb","itemListElement":[{"@type":"ListItem","position":1,"name":"Home","item":"https:\/\/zenkit.com\/de\/"},{"@type":"ListItem","position":2,"name":"Integrationen","item":"https:\/\/zenkit.com\/de\/integrationen\/"},{"@type":"ListItem","position":3,"name":"ClicData"}]},{"@type":"WebSite","@id":"https:\/\/zenkit.com\/de\/#website","url":"https:\/\/zenkit.com\/de\/","name":"Zenkit","description":"Zenkit Tagline","potentialAction":[{"@type":"SearchAction","target":{"@type":"EntryPoint","urlTemplate":"https:\/\/zenkit.com\/de\/?s={search_term_string}"},"query-input":{"@type":"PropertyValueSpecification","valueRequired":true,"valueName":"search_term_string"}}],"inLanguage":"de"},false]}},"yasr_visitor_votes":{"stars_attributes":{"read_only":false,"span_bottom":false},"number_of_votes":0,"sum_votes":0},"_links":{"self":[{"href":"https:\/\/zenkit.com\/de\/wp-json\/wp\/v2\/pages\/49067","targetHints":{"allow":["GET"]}}],"collection":[{"href":"https:\/\/zenkit.com\/de\/wp-json\/wp\/v2\/pages"}],"about":[{"href":"https:\/\/zenkit.com\/de\/wp-json\/wp\/v2\/types\/page"}],"author":[{"embeddable":true,"href":"https:\/\/zenkit.com\/de\/wp-json\/wp\/v2\/users\/15"}],"replies":[{"embeddable":true,"href":"https:\/\/zenkit.com\/de\/wp-json\/wp\/v2\/comments?post=49067"}],"version-history":[{"count":14,"href":"https:\/\/zenkit.com\/de\/wp-json\/wp\/v2\/pages\/49067\/revisions"}],"predecessor-version":[{"id":150969,"href":"https:\/\/zenkit.com\/de\/wp-json\/wp\/v2\/pages\/49067\/revisions\/150969"}],"up":[{"embeddable":true,"href":"https:\/\/zenkit.com\/de\/wp-json\/wp\/v2\/pages\/67564"}],"wp:attachment":[{"href":"https:\/\/zenkit.com\/de\/wp-json\/wp\/v2\/media?parent=49067"}],"curies":[{"name":"wp","href":"https:\/\/api.w.org\/{rel}","templated":true}]}}