{"id":51316,"date":"2020-06-16T08:56:56","date_gmt":"2020-06-16T06:56:56","guid":{"rendered":"https:\/\/zenkit.com\/chat\/"},"modified":"2025-10-15T07:30:27","modified_gmt":"2025-10-15T05:30:27","slug":"chat","status":"publish","type":"page","link":"https:\/\/zenkit.com\/de\/chat\/","title":{"rendered":"Zenchat"},"content":{"rendered":"\n<div class=\"wp-block-group page__header has-global-padding is-layout-constrained wp-block-group-is-layout-constrained\">\n<div class=\"wp-block-group width--950 has-global-padding is-layout-constrained wp-block-group-is-layout-constrained\">\n<div style=\"height:45px;--tablet-height:45px;--mobile-height:16px\" class=\"wp-block-lookeen-blocks-responsive-spacer\"><\/div>\n\n\n\n<div class=\"wp-block-group has-global-padding is-layout-constrained wp-block-group-is-layout-constrained\">\n<h1 class=\"wp-block-heading has-text-align-center\" style=\"margin-bottom:8px\">Chat + Aufgaben = Magie<\/h1>\n<\/div>\n\n\n\n<div class=\"wp-block-group has-global-padding is-layout-constrained wp-block-group-is-layout-constrained\">\n<p class=\"has-text-align-center subheading\">Endlich &#8211; ein Team Messenger mit integrierter Aufgabenverwaltung.<\/p>\n<\/div>\n\n\n\n<div style=\"height:48px;--tablet-height:36px;--mobile-height:24px\" class=\"wp-block-lookeen-blocks-responsive-spacer\"><\/div>\n\n\n\n<div class=\"wp-block-group has-global-padding is-layout-constrained wp-container-core-group-is-layout-6cb1c577 wp-block-group-is-layout-constrained\" style=\"margin-bottom:8px\">\n<figure class=\"wp-block-image aligncenter size-full iphone__screen\"><img loading=\"lazy\" decoding=\"async\" width=\"1033\" height=\"860\" src=\"https:\/\/zenkit.com\/wp-content\/uploads\/2025\/06\/chat-hero-1.gif\" alt=\"\" class=\"wp-image-115724\"\/><\/figure>\n<\/div>\n<\/div>\n\n\n\n<div style=\"height:88px;--tablet-height:72px;--mobile-height:40px\" class=\"wp-block-lookeen-blocks-responsive-spacer\"><\/div>\n<\/div>\n\n\n\n<div class=\"wp-block-group hide__desktop play__store-cta has-global-padding is-layout-constrained wp-block-group-is-layout-constrained\">\n<div class=\"wp-block-group is-content-justification-center is-nowrap is-layout-flex wp-container-core-group-is-layout-3be9d861 wp-block-group-is-layout-flex\">\n<figure class=\"wp-block-image size-full is-resized\"><a href=\"https:\/\/apps.apple.com\/de\/app\/zenchat\/id1522869826\" target=\"_blank\" rel=\" noreferrer noopener\"><img decoding=\"async\" src=\"https:\/\/zenkit.com\/wp-content\/uploads\/2020\/10\/apple-store-badge.svg\" alt=\"\" class=\"wp-image-51606\" style=\"width:300px\"\/><\/a><\/figure>\n\n\n\n<figure class=\"wp-block-image size-full is-resized\"><a href=\"https:\/\/play.google.com\/store\/apps\/details?id=com.zenkit.chat&amp;gl=DE\" target=\"_blank\" rel=\" noreferrer noopener\"><img decoding=\"async\" src=\"https:\/\/zenkit.com\/wp-content\/uploads\/2020\/10\/google-play-badge.svg\" alt=\"\" class=\"wp-image-51616\" style=\"width:300px\"\/><\/a><\/figure>\n<\/div>\n\n\n\n<div style=\"height:88px;--tablet-height:72px;--mobile-height:40px\" class=\"wp-block-lookeen-blocks-responsive-spacer\"><\/div>\n<\/div>\n\n\n\n<div class=\"wp-block-group has-global-padding is-layout-constrained wp-block-group-is-layout-constrained\">\n<div class=\"wp-block-columns is-style-da-column-order-reverse is-layout-flex wp-container-core-columns-is-layout-2eb748b2 wp-block-columns-is-layout-flex\" style=\"margin-top:0px;margin-bottom:0px\">\n<div class=\"wp-block-column is-vertically-aligned-center is-layout-flow wp-block-column-is-layout-flow\">\n<h2 class=\"wp-block-heading has-text-align-center\">Willkommen bei Zenchat<\/h2>\n\n\n\n<p class=\"has-text-align-center\">Kommunikation ist vielleicht das wichtigste Werkzeug der Zusammenarbeit \u2013 und eine sehr interessante und nat\u00fcrliche Besch\u00e4ftigung ebenso. Zenchat ist ein Team-Messenger der neuesten Generation: Sicher, zuverl\u00e4ssig, Enterprise-f\u00e4hig, alles komplett an die Bed\u00fcrfnisse Ihres Teams angepasst.<\/p>\n\n\n\n<p class=\"has-text-align-center\">Doch damit nicht genug. Als Experten f\u00fcr Aufgaben und Projekte gehen wir mit Zenchat neue Wege, und verbinden Messaging und Aufgabenverwaltung \u2013 und diese Kombination ist einfach magisch\u2026<\/p>\n<\/div>\n\n\n\n<div class=\"wp-block-column is-vertically-aligned-center is-layout-flow wp-block-column-is-layout-flow\">\n<figure class=\"wp-block-image aligncenter size-large\"><img loading=\"lazy\" decoding=\"async\" width=\"1024\" height=\"809\" src=\"https:\/\/zenkit.com\/wp-content\/uploads\/2025\/06\/Zenkit_Web_Zenchat_Welcome-1024x809.webp\" alt=\"Willkommen bei Zenchat\n\" class=\"wp-image-115737\" srcset=\"https:\/\/zenkit.com\/wp-content\/uploads\/2025\/06\/Zenkit_Web_Zenchat_Welcome-1024x809.webp 1024w, https:\/\/zenkit.com\/wp-content\/uploads\/2025\/06\/Zenkit_Web_Zenchat_Welcome-300x237.webp 300w, https:\/\/zenkit.com\/wp-content\/uploads\/2025\/06\/Zenkit_Web_Zenchat_Welcome-768x606.webp 768w, https:\/\/zenkit.com\/wp-content\/uploads\/2025\/06\/Zenkit_Web_Zenchat_Welcome.webp 1184w\" sizes=\"auto, (max-width: 1024px) 100vw, 1024px\" \/><\/figure>\n<\/div>\n<\/div>\n\n\n\n<div style=\"height:48px;--tablet-height:36px;--mobile-height:24px\" class=\"wp-block-lookeen-blocks-responsive-spacer\"><\/div>\n\n\n\n<div class=\"wp-block-columns is-layout-flex wp-container-core-columns-is-layout-2eb748b2 wp-block-columns-is-layout-flex\" style=\"margin-top:0px;margin-bottom:0px\">\n<div class=\"wp-block-column is-vertically-aligned-center is-layout-flow wp-block-column-is-layout-flow\">\n<figure class=\"wp-block-image aligncenter size-large\"><img loading=\"lazy\" decoding=\"async\" width=\"1024\" height=\"809\" src=\"https:\/\/zenkit.com\/wp-content\/uploads\/2025\/06\/Zenkit_Web_Zenchat_Reminder-1024x809.webp\" alt=\"Eine neue Art der Team-Kommunikation\n\" class=\"wp-image-115747\" srcset=\"https:\/\/zenkit.com\/wp-content\/uploads\/2025\/06\/Zenkit_Web_Zenchat_Reminder-1024x809.webp 1024w, https:\/\/zenkit.com\/wp-content\/uploads\/2025\/06\/Zenkit_Web_Zenchat_Reminder-300x237.webp 300w, https:\/\/zenkit.com\/wp-content\/uploads\/2025\/06\/Zenkit_Web_Zenchat_Reminder-768x606.webp 768w, https:\/\/zenkit.com\/wp-content\/uploads\/2025\/06\/Zenkit_Web_Zenchat_Reminder.webp 1184w\" sizes=\"auto, (max-width: 1024px) 100vw, 1024px\" \/><\/figure>\n<\/div>\n\n\n\n<div class=\"wp-block-column is-vertically-aligned-center is-layout-flow wp-block-column-is-layout-flow\">\n<h2 class=\"wp-block-heading has-text-align-center\">Eine neue Art der Team-Kommunikation<\/h2>\n\n\n\n<p class=\"has-text-align-center\">Heutzutage sind Team-Messenger ein zentrales Werkzeug der Zusammenarbeit. Aber sie reichen allein noch nicht aus, um die Zusammenarbeit wirklich abzudecken. Es fehlt die Aufgabenverwaltung als integraler Bestandteil der Team-Arbeit \u2013 nur so kann Team-Arbeit koordiniert und geplant werden.<\/p>\n\n\n\n<p class=\"has-text-align-center\">Daher haben wir mit Zenchat beide Welten in einem neuen, intuitiven Weg zusammengef\u00fchrt. Das Ergebnis f\u00fchlt sich einfach nur gut an: Kein Wechsel mehr zwischen Apps, keine Unterbrechung des nat\u00fcrlichen Workflows.<\/p>\n<\/div>\n<\/div>\n\n\n\n<div style=\"height:48px;--tablet-height:36px;--mobile-height:24px\" class=\"wp-block-lookeen-blocks-responsive-spacer\"><\/div>\n\n\n\n<div class=\"wp-block-columns is-style-da-column-order-reverse is-layout-flex wp-container-core-columns-is-layout-2eb748b2 wp-block-columns-is-layout-flex\" style=\"margin-top:0px;margin-bottom:0px\">\n<div class=\"wp-block-column is-vertically-aligned-center is-layout-flow wp-block-column-is-layout-flow\">\n<h2 class=\"wp-block-heading has-text-align-center\">Themenbasierte Chats<\/h2>\n\n\n\n<p class=\"has-text-align-center\">Ein gro\u00dfer Teil jeder Unterhaltung sind Einzelthemen: Aufgaben, Kunden, Features, etc. Nun k\u00f6nnen Sie zu jedem dieser Topics einen \u201eMini-Chat\u201c im eigentlichen Chat beginnen und ins Detail gehen. Das hat 2 unschlagbare Vorteile:<\/p>\n\n\n\n<p class=\"has-text-align-center\">1. Der Original-Chat ist weniger \u00fcberladen und dadurch besser lesbar (kein endloses Scrollen mehr).<\/p>\n\n\n\n<p class=\"has-text-align-center\">2. Zu jedem Topic haben Sie immer alle Informationen geb\u00fcndelt verf\u00fcgbar.<\/p>\n<\/div>\n\n\n\n<div class=\"wp-block-column is-vertically-aligned-center is-layout-flow wp-block-column-is-layout-flow\">\n<figure class=\"wp-block-image aligncenter size-full\"><img loading=\"lazy\" decoding=\"async\" width=\"800\" height=\"631\" src=\"https:\/\/zenkit.com\/wp-content\/uploads\/2025\/06\/Zenchat_Web_3_Topic-based-chatting_1.gif\" alt=\"Themenbasierte Chats\n\" class=\"wp-image-115757\"\/><\/figure>\n<\/div>\n<\/div>\n\n\n\n<div style=\"height:48px;--tablet-height:36px;--mobile-height:24px\" class=\"wp-block-lookeen-blocks-responsive-spacer\"><\/div>\n\n\n\n<div class=\"wp-block-columns is-layout-flex wp-container-core-columns-is-layout-2eb748b2 wp-block-columns-is-layout-flex\" style=\"margin-top:0px;margin-bottom:0px\">\n<div class=\"wp-block-column is-vertically-aligned-center is-layout-flow wp-block-column-is-layout-flow\">\n<figure class=\"wp-block-image aligncenter size-large\"><img loading=\"lazy\" decoding=\"async\" width=\"1024\" height=\"809\" src=\"https:\/\/zenkit.com\/wp-content\/uploads\/2025\/06\/Zenkit_Web_Zenchat_Collaborate-1024x809.webp\" alt=\"Den \u00dcberblick behalten\n\" class=\"wp-image-115769\" srcset=\"https:\/\/zenkit.com\/wp-content\/uploads\/2025\/06\/Zenkit_Web_Zenchat_Collaborate-1024x809.webp 1024w, https:\/\/zenkit.com\/wp-content\/uploads\/2025\/06\/Zenkit_Web_Zenchat_Collaborate-300x237.webp 300w, https:\/\/zenkit.com\/wp-content\/uploads\/2025\/06\/Zenkit_Web_Zenchat_Collaborate-768x606.webp 768w, https:\/\/zenkit.com\/wp-content\/uploads\/2025\/06\/Zenkit_Web_Zenchat_Collaborate.webp 1184w\" sizes=\"auto, (max-width: 1024px) 100vw, 1024px\" \/><\/figure>\n<\/div>\n\n\n\n<div class=\"wp-block-column is-vertically-aligned-center is-layout-flow wp-block-column-is-layout-flow\">\n<h2 class=\"wp-block-heading has-text-align-center\">Den \u00dcberblick behalten<\/h2>\n\n\n\n<p class=\"has-text-align-center\">In einem Chat f\u00e4llt es Ihnen mit Zenchat wesentlich leichter, den \u00dcberblick zu behalten. Allgemeine Nachrichten und themenbezogene Nachrichten sind klar voneinander abgrenzbar. F\u00fcr jedes Einzelthema (also etwa Aufgaben) wird die Unterhaltung als Kommentar abgelegt und ist so dauerhaft mit dem Thema verbunden.<\/p>\n<\/div>\n<\/div>\n\n\n\n<div style=\"height:48px;--tablet-height:36px;--mobile-height:24px\" class=\"wp-block-lookeen-blocks-responsive-spacer\"><\/div>\n\n\n\n<div class=\"wp-block-columns is-style-da-column-order-reverse is-layout-flex wp-container-core-columns-is-layout-2eb748b2 wp-block-columns-is-layout-flex\" style=\"margin-top:0px;margin-bottom:0px\">\n<div class=\"wp-block-column is-vertically-aligned-center is-layout-flow wp-block-column-is-layout-flow\">\n<h2 class=\"wp-block-heading has-text-align-center\">Verbinden Sie sich mit der Zenkit Suite<\/h2>\n\n\n\n<p class=\"has-text-align-center\">Zenchat ist Teil der Zenkit-Produkt-Suite. In Zenchat kann man \u00fcber alle Daten aus anderen Zenkit Produkten sprechen und einen Chat er\u00f6ffnen: Aufgabenlisten aus Zenkit To Do, Projekte und Kundenlisten aus Zenkit Base \u2013 kein Problem. Und alles was im Chat themenbezogen \u00fcber Aufgaben, usw. kommuniziert wird, ist automatisch in To Do und Base verf\u00fcgbar \u2013 ohne Synchronisationsaufwand.<\/p>\n<\/div>\n\n\n\n<div class=\"wp-block-column is-vertically-aligned-center is-layout-flow wp-block-column-is-layout-flow\">\n<figure class=\"wp-block-image aligncenter size-full\"><img loading=\"lazy\" decoding=\"async\" width=\"1184\" height=\"935\" src=\"https:\/\/zenkit.com\/wp-content\/uploads\/2025\/06\/Zenkit_Web_Zenchat_Universe.webp\" alt=\"\" class=\"wp-image-115780\" srcset=\"https:\/\/zenkit.com\/wp-content\/uploads\/2025\/06\/Zenkit_Web_Zenchat_Universe.webp 1184w, https:\/\/zenkit.com\/wp-content\/uploads\/2025\/06\/Zenkit_Web_Zenchat_Universe-300x237.webp 300w, https:\/\/zenkit.com\/wp-content\/uploads\/2025\/06\/Zenkit_Web_Zenchat_Universe-1024x809.webp 1024w, https:\/\/zenkit.com\/wp-content\/uploads\/2025\/06\/Zenkit_Web_Zenchat_Universe-768x606.webp 768w\" sizes=\"auto, (max-width: 1184px) 100vw, 1184px\" \/><\/figure>\n<\/div>\n<\/div>\n\n\n\n<div style=\"height:48px;--tablet-height:36px;--mobile-height:24px\" class=\"wp-block-lookeen-blocks-responsive-spacer\"><\/div>\n\n\n\n<div class=\"wp-block-columns is-layout-flex wp-container-core-columns-is-layout-2eb748b2 wp-block-columns-is-layout-flex\" style=\"margin-top:0px;margin-bottom:0px\">\n<div class=\"wp-block-column is-vertically-aligned-center is-layout-flow wp-block-column-is-layout-flow\">\n<figure class=\"wp-block-image aligncenter size-large\"><img loading=\"lazy\" decoding=\"async\" width=\"1024\" height=\"734\" src=\"https:\/\/zenkit.com\/wp-content\/uploads\/2025\/06\/Zenkit_Web_Zenchat_Enterprise-1024x734.webp\" alt=\"\" class=\"wp-image-115791\" srcset=\"https:\/\/zenkit.com\/wp-content\/uploads\/2025\/06\/Zenkit_Web_Zenchat_Enterprise-1024x734.webp 1024w, https:\/\/zenkit.com\/wp-content\/uploads\/2025\/06\/Zenkit_Web_Zenchat_Enterprise-300x215.webp 300w, https:\/\/zenkit.com\/wp-content\/uploads\/2025\/06\/Zenkit_Web_Zenchat_Enterprise-768x551.webp 768w, https:\/\/zenkit.com\/wp-content\/uploads\/2025\/06\/Zenkit_Web_Zenchat_Enterprise.webp 1192w\" sizes=\"auto, (max-width: 1024px) 100vw, 1024px\" \/><\/figure>\n<\/div>\n\n\n\n<div class=\"wp-block-column is-vertically-aligned-center is-layout-flow wp-block-column-is-layout-flow\">\n<h2 class=\"wp-block-heading has-text-align-center\">Enterprise-Ready<\/h2>\n\n\n\n<p class=\"has-text-align-center\">Die Zenkit-Plattform ist eine Enterprise-f\u00e4hige Infrastruktur, die f\u00fcr Organisationen und Unternehmen jeder Gr\u00f6\u00dfe ausgelegt ist. Zum Funktionsumfang geh\u00f6ren Zugriffsverwaltung (Rollen, Gruppen), Provisionierung (SCIM), Identit\u00e4tsverwaltung (SAML, 2FA), Audits, Offline-F\u00e4higkeit und mehr.<\/p>\n<\/div>\n<\/div>\n<\/div>\n\n\n\n<div style=\"height:88px;--tablet-height:72px;--mobile-height:40px\" class=\"wp-block-lookeen-blocks-responsive-spacer\"><\/div>\n\n\n\n<div class=\"wp-block-group page__header has-global-padding is-layout-constrained wp-block-group-is-layout-constrained\">\n<div class=\"wp-block-group has-global-padding is-layout-constrained wp-container-core-group-is-layout-a099c240 wp-block-group-is-layout-constrained\">\n<figure class=\"wp-block-image aligncenter size-large\"><img loading=\"lazy\" decoding=\"async\" width=\"1024\" height=\"705\" src=\"https:\/\/zenkit.com\/wp-content\/uploads\/2025\/06\/zenchat-experience-1024x705.webp\" alt=\"Mit Zenchat erleben Sie ...\n\" class=\"wp-image-115803\" srcset=\"https:\/\/zenkit.com\/wp-content\/uploads\/2025\/06\/zenchat-experience-1024x705.webp 1024w, https:\/\/zenkit.com\/wp-content\/uploads\/2025\/06\/zenchat-experience-300x207.webp 300w, https:\/\/zenkit.com\/wp-content\/uploads\/2025\/06\/zenchat-experience-768x529.webp 768w, https:\/\/zenkit.com\/wp-content\/uploads\/2025\/06\/zenchat-experience-1536x1058.webp 1536w, https:\/\/zenkit.com\/wp-content\/uploads\/2025\/06\/zenchat-experience.webp 1586w\" sizes=\"auto, (max-width: 1024px) 100vw, 1024px\" \/><\/figure>\n<\/div>\n\n\n\n<div style=\"height:48px;--tablet-height:36px;--mobile-height:24px\" class=\"wp-block-lookeen-blocks-responsive-spacer\"><\/div>\n\n\n\n<h2 class=\"wp-block-heading has-text-align-center\">Mit Zenchat erleben Sie &#8230;<\/h2>\n\n\n\n<div class=\"wp-block-columns is-layout-flex wp-container-core-columns-is-layout-2eb748b2 wp-block-columns-is-layout-flex\" style=\"margin-top:0px;margin-bottom:0px\">\n<div class=\"wp-block-column is-layout-flow wp-block-column-is-layout-flow\">\n<ul class=\"wp-block-list is-style-default zenkitExperience__list less\">\n<li>weniger Wechsel von Chat zu Aufgaben und andersrum<\/li>\n\n\n\n<li>weniger \u00fcberf\u00fcllte Chats, weniger Scrolling, weniger Suche<\/li>\n\n\n\n<li>weniger Verwirrung, wo Informationen hinzugef\u00fcgt werden sollen<\/li>\n\n\n\n<li>weniger Administrations- und Integrationsaufwand<\/li>\n<\/ul>\n<\/div>\n\n\n\n<div class=\"wp-block-column is-layout-flow wp-block-column-is-layout-flow\">\n<ul class=\"wp-block-list is-style-default zenkitExperience__list more\">\n<li>mehr Zeit in Ihrem nat\u00fcrlichen Arbeitsfluss<\/li>\n\n\n\n<li>mehr Motivation, Inspiration und Engagement in Ihrem Team<\/li>\n\n\n\n<li>mehr \u00dcberblick und Verst\u00e4ndnis \u00fcber Team-Aktivit\u00e4ten<\/li>\n\n\n\n<li>mehr Wert in den Informationen f\u00fcr Topic-Chats<\/li>\n<\/ul>\n<\/div>\n<\/div>\n<\/div>\n\n\n\n<div style=\"height:110px;--tablet-height:60px;--mobile-height:48px\" class=\"wp-block-lookeen-blocks-responsive-spacer\"><\/div>\n","protected":false},"excerpt":{"rendered":"<p>Chat + Aufgaben = Magie Endlich &#8211; ein Team Messenger mit integrierter Aufgabenverwaltung. Willkommen bei Zenchat Kommunikation ist vielleicht das wichtigste Werkzeug der Zusammenarbeit \u2013 und eine sehr interessante und nat\u00fcrliche Besch\u00e4ftigung ebenso. Zenchat ist ein Team-Messenger der neuesten Generation: Sicher, zuverl\u00e4ssig, Enterprise-f\u00e4hig, alles komplett an die Bed\u00fcrfnisse Ihres Teams angepasst. Doch damit nicht genug. [&hellip;]<\/p>\n","protected":false},"author":9,"featured_media":0,"parent":0,"menu_order":22,"comment_status":"closed","ping_status":"closed","template":"wp-custom-template-de-page-chat","meta":{"yasr_overall_rating":0,"yasr_post_is_review":"","yasr_auto_insert_disabled":"","yasr_review_type":"","footnotes":""},"class_list":["post-51316","page","type-page","status-publish","hentry"],"yoast_head":"<!-- This site is optimized with the Yoast SEO plugin v27.3 - https:\/\/yoast.com\/product\/yoast-seo-wordpress\/ -->\n<title>Zenchat | Zenkit<\/title>\n<meta name=\"description\" content=\"Zenchat ist eine Team Messenger L\u00f6sung mit eingebautem Task Management. Endlich - ein zentraler Ort f\u00fcr Kommunikation und Aufgabenverwaltung.\" \/>\n<meta name=\"robots\" content=\"index, follow, max-snippet:-1, max-image-preview:large, max-video-preview:-1\" \/>\n<link rel=\"canonical\" href=\"https:\/\/zenkit.com\/de\/chat\/\" \/>\n<meta property=\"og:locale\" content=\"de_DE\" \/>\n<meta property=\"og:type\" content=\"article\" \/>\n<meta property=\"og:title\" content=\"Zenchat - Team Messenger mit integrierter Aufgabenverwaltung\" \/>\n<meta property=\"og:description\" content=\"Kommunikation ist vielleicht das wichtigste Werkzeug der Zusammenarbeit \u2013 und eine sehr interessante und nat\u00fcrliche Besch\u00e4ftigung ebenso.\" \/>\n<meta property=\"og:url\" content=\"https:\/\/zenkit.com\/de\/chat\/\" \/>\n<meta property=\"og:site_name\" content=\"Zenkit\" \/>\n<meta property=\"article:publisher\" content=\"https:\/\/www.facebook.com\/ZenkitHQ\" \/>\n<meta property=\"article:modified_time\" content=\"2025-10-15T05:30:27+00:00\" \/>\n<meta property=\"og:image\" content=\"https:\/\/zenkit.com\/wp-content\/uploads\/2021\/01\/zenchat-social.jpg\" \/>\n\t<meta property=\"og:image:width\" content=\"1200\" \/>\n\t<meta property=\"og:image:height\" content=\"630\" \/>\n\t<meta property=\"og:image:type\" content=\"image\/jpeg\" \/>\n<meta name=\"twitter:card\" content=\"summary_large_image\" \/>\n<meta name=\"twitter:title\" content=\"Zenchat - Team Messenger mit integrierter Aufgabenverwaltung\" \/>\n<meta name=\"twitter:description\" content=\"Kommunikation ist vielleicht das wichtigste Werkzeug der Zusammenarbeit \u2013 und eine sehr interessante und nat\u00fcrliche Besch\u00e4ftigung ebenso.\" \/>\n<meta name=\"twitter:site\" content=\"@ZenkitHQ\" \/>\n<meta name=\"twitter:label1\" content=\"Gesch\u00e4tzte Lesezeit\" \/>\n\t<meta name=\"twitter:data1\" content=\"50\u00a0Minuten\" \/>\n<script type=\"application\/ld+json\" class=\"yoast-schema-graph\">{\"@context\":\"https:\\\/\\\/schema.org\",\"@graph\":[{\"@type\":\"WebPage\",\"@id\":\"https:\\\/\\\/zenkit.com\\\/de\\\/chat\\\/\",\"url\":\"https:\\\/\\\/zenkit.com\\\/de\\\/chat\\\/\",\"name\":\"Zenchat | Zenkit\",\"isPartOf\":{\"@id\":\"https:\\\/\\\/zenkit.com\\\/de\\\/#website\"},\"primaryImageOfPage\":{\"@id\":\"https:\\\/\\\/zenkit.com\\\/de\\\/chat\\\/#primaryimage\"},\"image\":{\"@id\":\"https:\\\/\\\/zenkit.com\\\/de\\\/chat\\\/#primaryimage\"},\"thumbnailUrl\":\"https:\\\/\\\/zenkit.com\\\/wp-content\\\/uploads\\\/2025\\\/06\\\/chat-hero-1.gif\",\"datePublished\":\"2020-06-16T06:56:56+00:00\",\"dateModified\":\"2025-10-15T05:30:27+00:00\",\"description\":\"Zenchat ist eine Team Messenger L\u00f6sung mit eingebautem Task Management. Endlich - ein zentraler Ort f\u00fcr Kommunikation und Aufgabenverwaltung.\",\"breadcrumb\":{\"@id\":\"https:\\\/\\\/zenkit.com\\\/de\\\/chat\\\/#breadcrumb\"},\"inLanguage\":\"de\",\"potentialAction\":[{\"@type\":\"ReadAction\",\"target\":[\"https:\\\/\\\/zenkit.com\\\/de\\\/chat\\\/\"]}]},{\"@type\":\"ImageObject\",\"inLanguage\":\"de\",\"@id\":\"https:\\\/\\\/zenkit.com\\\/de\\\/chat\\\/#primaryimage\",\"url\":\"https:\\\/\\\/zenkit.com\\\/wp-content\\\/uploads\\\/2025\\\/06\\\/chat-hero-1.gif\",\"contentUrl\":\"https:\\\/\\\/zenkit.com\\\/wp-content\\\/uploads\\\/2025\\\/06\\\/chat-hero-1.gif\"},{\"@type\":\"BreadcrumbList\",\"@id\":\"https:\\\/\\\/zenkit.com\\\/de\\\/chat\\\/#breadcrumb\",\"itemListElement\":[{\"@type\":\"ListItem\",\"position\":1,\"name\":\"Home\",\"item\":\"https:\\\/\\\/zenkit.com\\\/de\\\/\"},{\"@type\":\"ListItem\",\"position\":2,\"name\":\"Zenchat\"}]},{\"@type\":\"WebSite\",\"@id\":\"https:\\\/\\\/zenkit.com\\\/de\\\/#website\",\"url\":\"https:\\\/\\\/zenkit.com\\\/de\\\/\",\"name\":\"Zenkit\",\"description\":\"Zenkit Tagline\",\"potentialAction\":[{\"@type\":\"SearchAction\",\"target\":{\"@type\":\"EntryPoint\",\"urlTemplate\":\"https:\\\/\\\/zenkit.com\\\/de\\\/?s={search_term_string}\"},\"query-input\":{\"@type\":\"PropertyValueSpecification\",\"valueRequired\":true,\"valueName\":\"search_term_string\"}}],\"inLanguage\":\"de\"},false]}<\/script>\n<!-- \/ Yoast SEO plugin. -->","yoast_head_json":{"title":"Zenchat | Zenkit","description":"Zenchat ist eine Team Messenger L\u00f6sung mit eingebautem Task Management. Endlich - ein zentraler Ort f\u00fcr Kommunikation und Aufgabenverwaltung.","robots":{"index":"index","follow":"follow","max-snippet":"max-snippet:-1","max-image-preview":"max-image-preview:large","max-video-preview":"max-video-preview:-1"},"canonical":"https:\/\/zenkit.com\/de\/chat\/","og_locale":"de_DE","og_type":"article","og_title":"Zenchat - Team Messenger mit integrierter Aufgabenverwaltung","og_description":"Kommunikation ist vielleicht das wichtigste Werkzeug der Zusammenarbeit \u2013 und eine sehr interessante und nat\u00fcrliche Besch\u00e4ftigung ebenso.","og_url":"https:\/\/zenkit.com\/de\/chat\/","og_site_name":"Zenkit","article_publisher":"https:\/\/www.facebook.com\/ZenkitHQ","article_modified_time":"2025-10-15T05:30:27+00:00","og_image":[{"width":1200,"height":630,"url":"https:\/\/zenkit.com\/wp-content\/uploads\/2021\/01\/zenchat-social.jpg","type":"image\/jpeg"}],"twitter_card":"summary_large_image","twitter_title":"Zenchat - Team Messenger mit integrierter Aufgabenverwaltung","twitter_description":"Kommunikation ist vielleicht das wichtigste Werkzeug der Zusammenarbeit \u2013 und eine sehr interessante und nat\u00fcrliche Besch\u00e4ftigung ebenso.","twitter_site":"@ZenkitHQ","twitter_misc":{"Gesch\u00e4tzte Lesezeit":"50\u00a0Minuten"},"schema":{"@context":"https:\/\/schema.org","@graph":[{"@type":"WebPage","@id":"https:\/\/zenkit.com\/de\/chat\/","url":"https:\/\/zenkit.com\/de\/chat\/","name":"Zenchat | Zenkit","isPartOf":{"@id":"https:\/\/zenkit.com\/de\/#website"},"primaryImageOfPage":{"@id":"https:\/\/zenkit.com\/de\/chat\/#primaryimage"},"image":{"@id":"https:\/\/zenkit.com\/de\/chat\/#primaryimage"},"thumbnailUrl":"https:\/\/zenkit.com\/wp-content\/uploads\/2025\/06\/chat-hero-1.gif","datePublished":"2020-06-16T06:56:56+00:00","dateModified":"2025-10-15T05:30:27+00:00","description":"Zenchat ist eine Team Messenger L\u00f6sung mit eingebautem Task Management. Endlich - ein zentraler Ort f\u00fcr Kommunikation und Aufgabenverwaltung.","breadcrumb":{"@id":"https:\/\/zenkit.com\/de\/chat\/#breadcrumb"},"inLanguage":"de","potentialAction":[{"@type":"ReadAction","target":["https:\/\/zenkit.com\/de\/chat\/"]}]},{"@type":"ImageObject","inLanguage":"de","@id":"https:\/\/zenkit.com\/de\/chat\/#primaryimage","url":"https:\/\/zenkit.com\/wp-content\/uploads\/2025\/06\/chat-hero-1.gif","contentUrl":"https:\/\/zenkit.com\/wp-content\/uploads\/2025\/06\/chat-hero-1.gif"},{"@type":"BreadcrumbList","@id":"https:\/\/zenkit.com\/de\/chat\/#breadcrumb","itemListElement":[{"@type":"ListItem","position":1,"name":"Home","item":"https:\/\/zenkit.com\/de\/"},{"@type":"ListItem","position":2,"name":"Zenchat"}]},{"@type":"WebSite","@id":"https:\/\/zenkit.com\/de\/#website","url":"https:\/\/zenkit.com\/de\/","name":"Zenkit","description":"Zenkit Tagline","potentialAction":[{"@type":"SearchAction","target":{"@type":"EntryPoint","urlTemplate":"https:\/\/zenkit.com\/de\/?s={search_term_string}"},"query-input":{"@type":"PropertyValueSpecification","valueRequired":true,"valueName":"search_term_string"}}],"inLanguage":"de"},false]}},"yasr_visitor_votes":{"stars_attributes":{"read_only":false,"span_bottom":false},"number_of_votes":0,"sum_votes":0},"_links":{"self":[{"href":"https:\/\/zenkit.com\/de\/wp-json\/wp\/v2\/pages\/51316","targetHints":{"allow":["GET"]}}],"collection":[{"href":"https:\/\/zenkit.com\/de\/wp-json\/wp\/v2\/pages"}],"about":[{"href":"https:\/\/zenkit.com\/de\/wp-json\/wp\/v2\/types\/page"}],"author":[{"embeddable":true,"href":"https:\/\/zenkit.com\/de\/wp-json\/wp\/v2\/users\/9"}],"replies":[{"embeddable":true,"href":"https:\/\/zenkit.com\/de\/wp-json\/wp\/v2\/comments?post=51316"}],"version-history":[{"count":26,"href":"https:\/\/zenkit.com\/de\/wp-json\/wp\/v2\/pages\/51316\/revisions"}],"predecessor-version":[{"id":167994,"href":"https:\/\/zenkit.com\/de\/wp-json\/wp\/v2\/pages\/51316\/revisions\/167994"}],"wp:attachment":[{"href":"https:\/\/zenkit.com\/de\/wp-json\/wp\/v2\/media?parent=51316"}],"curies":[{"name":"wp","href":"https:\/\/api.w.org\/{rel}","templated":true}]}}