{"id":53585,"date":"2020-11-11T11:14:47","date_gmt":"2020-11-11T10:14:47","guid":{"rendered":"https:\/\/zenkit.com\/solutions_hypernotes\/"},"modified":"2025-10-14T16:15:42","modified_gmt":"2025-10-14T14:15:42","slug":"loesungen","status":"publish","type":"page","link":"https:\/\/zenkit.com\/de\/hypernotes\/loesungen\/","title":{"rendered":"L\u00f6sungen"},"content":{"rendered":"\n<div class=\"wp-block-group has-global-padding is-layout-constrained wp-block-group-is-layout-constrained\">\n<div class=\"wp-block-group width--950 has-global-padding is-layout-constrained wp-block-group-is-layout-constrained\">\n<div style=\"height:45px;--tablet-height:45px;--mobile-height:16px\" class=\"wp-block-lookeen-blocks-responsive-spacer\"><\/div>\n\n\n\n<div class=\"wp-block-group has-global-padding is-layout-constrained wp-block-group-is-layout-constrained\">\n<h1 class=\"wp-block-heading has-text-align-center\" style=\"margin-bottom:8px\">Was Hypernotes f\u00fcr Sie tun kann&#8230;<\/h1>\n<\/div>\n\n\n\n<div class=\"wp-block-group has-global-padding is-layout-constrained wp-block-group-is-layout-constrained\">\n<p class=\"has-text-align-center subheading\">Hypernotes ist ein univerelles Werkzeug zur Darstellung und Verbreitung von Wisseninhalten.<\/p>\n<\/div>\n\n\n\n<div style=\"height:48px;--tablet-height:48px;--mobile-height:36px\" class=\"wp-block-lookeen-blocks-responsive-spacer\"><\/div>\n<\/div>\n<\/div>\n\n\n\n<div class=\"wp-block-group has-global-padding is-layout-constrained wp-block-group-is-layout-constrained\">\n<div class=\"wp-block-group application__grid has-global-padding is-layout-constrained wp-block-group-is-layout-constrained\">\n<div class=\"wp-block-group application__box has-global-padding is-layout-constrained wp-block-group-is-layout-constrained\" style=\"border-radius:20px\">\n<h3 class=\"wp-block-heading has-text-align-center card__title\" style=\"font-size:20px\">Wissensmanagement<\/h3>\n\n\n\n<p class=\"has-text-align-center has-da-grey-1-color has-text-color has-link-color wp-elements-803c32d20883a4b70243e7f84f2739f8\">Wissen einfach zu erzeugen und verst\u00e4ndlich aufzubereiten ist die Kernidee von Hypernotes.<\/p>\n<\/div>\n\n\n\n<div class=\"wp-block-group application__box has-global-padding is-layout-constrained wp-block-group-is-layout-constrained\" style=\"border-radius:20px\">\n<h3 class=\"wp-block-heading has-text-align-center card__title\" style=\"font-size:20px\">Knowledge Management<\/h3>\n\n\n\n<p class=\"has-text-align-center has-da-grey-1-color has-text-color has-link-color wp-elements-14ca4c7c055bf98eeb7f00813b486d69\">Visuelles Erstellen und Bearbeiten Ihrer Gedanken ist Dank der Graphenansicht so intuitiv wie nie.<\/p>\n<\/div>\n\n\n\n<div class=\"wp-block-group application__box has-global-padding is-layout-constrained wp-block-group-is-layout-constrained\" style=\"border-radius:20px\">\n<h3 class=\"wp-block-heading has-text-align-center card__title\" style=\"font-size:20px\">Mind mapping<\/h3>\n\n\n\n<p class=\"has-text-align-center has-da-grey-1-color has-text-color has-link-color wp-elements-fc48c74ea1730bcf9a450c7fb0c911c2\">Hypernotes eignet sich sehr gut als zentrale Anlaufstelle f\u00fcr alle Informationen innerhalb Ihrer Organisation.<\/p>\n<\/div>\n\n\n\n<div class=\"wp-block-group application__box has-global-padding is-layout-constrained wp-block-group-is-layout-constrained\" style=\"border-radius:20px\">\n<h3 class=\"wp-block-heading has-text-align-center card__title\" style=\"font-size:20px\">Intranet<\/h3>\n\n\n\n<p class=\"has-text-align-center has-da-grey-1-color has-text-color has-link-color wp-elements-641ea743e9111380680c12cedada71e3\">Was auch immer Sie innerhalb Ihrer Organisation kommunizieren m\u00fcssen, Hypernotes kann es dokumentieren.<\/p>\n<\/div>\n\n\n\n<div class=\"wp-block-group application__box has-global-padding is-layout-constrained wp-block-group-is-layout-constrained\" style=\"border-radius:20px\">\n<h3 class=\"wp-block-heading has-text-align-center card__title\" style=\"font-size:20px\">Dokumentationen<\/h3>\n\n\n\n<p class=\"has-text-align-center has-da-grey-1-color has-text-color has-link-color wp-elements-93880ea66193df88046fa1f2e3e403a0\">Ob Beschreibungen von Vorg\u00e4ngen, Produkten oder anderen Themen, Hypernotes bietet sich als Dokumentationstool an.<\/p>\n<\/div>\n\n\n\n<div class=\"wp-block-group application__box has-global-padding is-layout-constrained wp-block-group-is-layout-constrained\" style=\"border-radius:20px\">\n<h3 class=\"wp-block-heading has-text-align-center card__title\" style=\"font-size:20px\">Notizen<\/h3>\n\n\n\n<p class=\"has-text-align-center has-da-grey-1-color has-text-color has-link-color wp-elements-6f402f09a8dec260a84b413f5ba34638\">Realisieren Sie alles von der Universit\u00e4tsverwaltung \u00fcber die Unterrichtsplanung bis hin zu den Studienpl\u00e4nen f\u00fcr Studenten.<\/p>\n<\/div>\n\n\n\n<div class=\"wp-block-group application__box has-global-padding is-layout-constrained wp-block-group-is-layout-constrained\" style=\"border-radius:20px\">\n<h3 class=\"wp-block-heading has-text-align-center card__title\" style=\"font-size:20px\">Digitaler Zettelkasten<\/h3>\n\n\n\n<p class=\"has-text-align-center has-da-grey-1-color has-text-color has-link-color wp-elements-2341ed5703e6c2ab32177a5d3116865d\">Erschaffen Sie nach dem Prinzip &#8222;Zettelkasten&#8220; Ihre eigenen Wissensdatenbank.<\/p>\n<\/div>\n\n\n\n<div class=\"wp-block-group application__box has-global-padding is-layout-constrained wp-block-group-is-layout-constrained\" style=\"border-radius:20px\">\n<h3 class=\"wp-block-heading has-text-align-center card__title\" style=\"font-size:20px\">Anleitungen<\/h3>\n\n\n\n<p class=\"has-text-align-center has-da-grey-1-color has-text-color has-link-color wp-elements-ccb50fd599e3a09d8361e66d73cdb21b\">Mit Hypernotes verfassen Sie Anleitunge, die gelesen und verstanden weden.<\/p>\n<\/div>\n\n\n\n<div class=\"wp-block-group application__box has-global-padding is-layout-constrained wp-block-group-is-layout-constrained\" style=\"border-radius:20px\">\n<h3 class=\"wp-block-heading has-text-align-center card__title\" style=\"font-size:20px\">Forschungsvorhaben<\/h3>\n\n\n\n<p class=\"has-text-align-center has-da-grey-1-color has-text-color has-link-color wp-elements-7b205f6520901dc80973610ff27aea4c\">Begleiten Sie Ihre Forschungsarbeiten mittels Hypernotes<\/p>\n<\/div>\n\n\n\n<div class=\"wp-block-group application__box has-global-padding is-layout-constrained wp-block-group-is-layout-constrained\" style=\"border-radius:20px\">\n<h3 class=\"wp-block-heading has-text-align-center card__title\" style=\"font-size:20px\">First Principles<\/h3>\n\n\n\n<p class=\"has-text-align-center has-da-grey-1-color has-text-color has-link-color wp-elements-6e0a3e3e02ce3fd3effa1d1e6c710f15\">Mit Hypernotes k\u00f6nnen Sie den Grundsteil legen f\u00fcr Ihre Buchprojekte oder Artikel.<\/p>\n<\/div>\n\n\n\n<div class=\"wp-block-group application__box has-global-padding is-layout-constrained wp-block-group-is-layout-constrained\" style=\"border-radius:20px\">\n<h3 class=\"wp-block-heading has-text-align-center card__title\" style=\"font-size:20px\">Netzwerk-Datenbank<\/h3>\n\n\n\n<p class=\"has-text-align-center has-da-grey-1-color has-text-color has-link-color wp-elements-3f0989efc6a1173136505fb1c115868c\">S\u00e4mtliche Informationen in Hypernotes sind vernetzt. Entdecken Sie neue Zusammenh\u00e4nge in Ihren Daten.<\/p>\n<\/div>\n\n\n\n<div class=\"wp-block-group application__box has-global-padding is-layout-constrained wp-block-group-is-layout-constrained\" style=\"border-radius:20px\">\n<h3 class=\"wp-block-heading has-text-align-center card__title\" style=\"font-size:20px\">Mind Mapping<\/h3>\n\n\n\n<p class=\"has-text-align-center has-da-grey-1-color has-text-color has-link-color wp-elements-0104a046357f99f7cfbf453e6fe6e55c\">Erfassen Sie Ihre Fortschritte visuell mit Hilfe eines Kanban Boards. Nutzen Sie Swimlanes und Zeilen, um einen umfassenden \u00dcberblick \u00fcber Ihre Projekte zu bekommen.<\/p>\n<\/div>\n\n\n\n<div class=\"wp-block-group application__box has-global-padding is-layout-constrained wp-block-group-is-layout-constrained\" style=\"border-radius:20px\">\n<h3 class=\"wp-block-heading has-text-align-center card__title\" style=\"font-size:20px\">Second Brain<\/h3>\n\n\n\n<p class=\"has-text-align-center has-da-grey-1-color has-text-color has-link-color wp-elements-90bec2339032f53beb1689cf62addf46\">If you like the idea that your notes should follow the same prininciples as your brain, Hypernotes is for you: Non-linear, Hierachical, bi-directional &#8211; and mobile (because you can use your brain everywhere, right?).<\/p>\n<\/div>\n<\/div>\n<\/div>\n\n\n\n<div class=\"wp-block-group has-global-padding is-layout-constrained wp-block-group-is-layout-constrained\">\n<div class=\"wp-block-group width--950 has-global-padding is-layout-constrained wp-block-group-is-layout-constrained\">\n<div style=\"height:88px;--tablet-height:72px;--mobile-height:36px\" class=\"wp-block-lookeen-blocks-responsive-spacer\"><\/div>\n\n\n\n<div class=\"wp-block-group has-global-padding is-layout-constrained wp-block-group-is-layout-constrained\">\n<h2 class=\"wp-block-heading has-text-align-center display-h1\" style=\"margin-bottom:8px\">F\u00fcr wen haben wir Hypernotes gebaut?<\/h2>\n<\/div>\n\n\n\n<div class=\"wp-block-group has-global-padding is-layout-constrained wp-block-group-is-layout-constrained\">\n<p class=\"has-text-align-center subheading\">Wo immer Texte verfasst und verstanden werden m\u00fcssen &#8211; Hypernotes ist f\u00fcr Sie da.<\/p>\n<\/div>\n\n\n\n<div style=\"height:48px;--tablet-height:36px;--mobile-height:24px\" class=\"wp-block-lookeen-blocks-responsive-spacer\"><\/div>\n<\/div>\n\n\n\n<div class=\"wp-block-group application__grid has-global-padding is-layout-constrained wp-block-group-is-layout-constrained\">\n<div class=\"wp-block-group application__box has-global-padding is-layout-constrained wp-block-group-is-layout-constrained\" style=\"border-radius:20px\">\n<h3 class=\"wp-block-heading has-text-align-center card__title\" style=\"font-size:20px\">Projektmanager<\/h3>\n\n\n\n<p class=\"has-text-align-center has-da-grey-1-color has-text-color has-link-color wp-elements-04289df1a91027ed78ac2922ec43191f\">Verfolgen Sie Ihren Fortschritt, kontrollieren Sie Ihre Ressourcen und managen Sie Ihr Team. Nutzen Sie Zenkit so, wie Sie es ben\u00f6tigen.<\/p>\n<\/div>\n\n\n\n<div class=\"wp-block-group application__box has-global-padding is-layout-constrained wp-block-group-is-layout-constrained\" style=\"border-radius:20px\">\n<h3 class=\"wp-block-heading has-text-align-center card__title\" style=\"font-size:20px\">Produkt-Manager<\/h3>\n\n\n\n<p class=\"has-text-align-center has-da-grey-1-color has-text-color has-link-color wp-elements-5c413e95fc8a4e8cc29661b2b26ac090\">Planen Sie neue Funktionen und Produkte, koordinieren Sie Ihr Team und tracken Sie Fehlermeldungen. Verhelfen Sie Ihrem Team zu mehr Produktivit\u00e4t.<\/p>\n<\/div>\n\n\n\n<div class=\"wp-block-group application__box has-global-padding is-layout-constrained wp-block-group-is-layout-constrained\" style=\"border-radius:20px\">\n<h3 class=\"wp-block-heading has-text-align-center card__title\" style=\"font-size:20px\">Startups &amp; Gr\u00fcnder<\/h3>\n\n\n\n<p class=\"has-text-align-center has-da-grey-1-color has-text-color has-link-color wp-elements-2b77885c3725eca3ca0055827a19cba5\">Verhelfen Sie Ihrem Unternehmen zu mehr Wachstum und \u00fcberwinden Sie Hindernisse durch den stetigen Austausch mit Ihrem Team.<\/p>\n<\/div>\n\n\n\n<div class=\"wp-block-group application__box has-global-padding is-layout-constrained wp-block-group-is-layout-constrained\" style=\"border-radius:20px\">\n<h3 class=\"wp-block-heading has-text-align-center card__title\" style=\"font-size:20px\">Startup Accelerators<\/h3>\n\n\n\n<p class=\"has-text-align-center has-da-grey-1-color has-text-color has-link-color wp-elements-4e82b327041429e2072d37d70447bde9\">F\u00f6rdern Sie Innovation und Zusammenarbeit. Bauen Sie Ihr Unternehmen und Team mit Zenkit auf.<\/p>\n<\/div>\n\n\n\n<div class=\"wp-block-group application__box has-global-padding is-layout-constrained wp-block-group-is-layout-constrained\" style=\"border-radius:20px\">\n<h3 class=\"wp-block-heading has-text-align-center card__title\" style=\"font-size:20px\">Lehrer, Studenten, Sch\u00fcler<\/h3>\n\n\n\n<p class=\"has-text-align-center has-da-grey-1-color has-text-color has-link-color wp-elements-4a9fffe2209d9ee5f6018e98db51f8a2\">Realisieren Sie alles von der Universit\u00e4tsverwaltung \u00fcber die Unterrichtsplanung bis hin zu den Studienpl\u00e4nen f\u00fcr Studenten<\/p>\n<\/div>\n\n\n\n<div class=\"wp-block-group application__box has-global-padding is-layout-constrained wp-block-group-is-layout-constrained\" style=\"border-radius:20px\">\n<h3 class=\"wp-block-heading has-text-align-center card__title\" style=\"font-size:20px\">Universit\u00e4ten, Hochschulen, Schulen<\/h3>\n\n\n\n<p class=\"has-text-align-center has-da-grey-1-color has-text-color has-link-color wp-elements-26da54b279d2add9b638bd94b0342641\">Organisieren Sie Ihre Fakult\u00e4t, planen Sie Vorlesung oder strukturieren Sie Gruppenarbeiten in Zenkit.<\/p>\n<\/div>\n\n\n\n<div class=\"wp-block-group application__box has-global-padding is-layout-constrained wp-block-group-is-layout-constrained\" style=\"border-radius:20px\">\n<h3 class=\"wp-block-heading has-text-align-center card__title\" style=\"font-size:20px\">Agile Teams<\/h3>\n\n\n\n<p class=\"has-text-align-center has-da-grey-1-color has-text-color has-link-color wp-elements-f7d72b769f66ed3b6e534429e275012c\">Zenkit ist perfekt geeignet, Ihre Team-Abl\u00e4ufe zu unterst\u00fctzen<\/p>\n<\/div>\n<\/div>\n<\/div>\n\n\n\n<div style=\"height:110px;--tablet-height:60px;--mobile-height:48px\" class=\"wp-block-lookeen-blocks-responsive-spacer\"><\/div>\n","protected":false},"excerpt":{"rendered":"<p>Was Hypernotes f\u00fcr Sie tun kann&#8230; Hypernotes ist ein univerelles Werkzeug zur Darstellung und Verbreitung von Wisseninhalten. Wissensmanagement Wissen einfach zu erzeugen und verst\u00e4ndlich aufzubereiten ist die Kernidee von Hypernotes. Knowledge Management Visuelles Erstellen und Bearbeiten Ihrer Gedanken ist Dank der Graphenansicht so intuitiv wie nie. Mind mapping Hypernotes eignet sich sehr gut als zentrale [&hellip;]<\/p>\n","protected":false},"author":28,"featured_media":0,"parent":53565,"menu_order":1,"comment_status":"closed","ping_status":"closed","template":"","meta":{"yasr_overall_rating":0,"yasr_post_is_review":"","yasr_auto_insert_disabled":"","yasr_review_type":"","footnotes":""},"class_list":["post-53585","page","type-page","status-publish","hentry"],"yoast_head":"<!-- This site is optimized with the Yoast SEO plugin v27.4 - https:\/\/yoast.com\/product\/yoast-seo-wordpress\/ -->\n<title>L\u00f6sungen | Zenkit<\/title>\n<meta name=\"description\" content=\"Finden Sie heraus in welchen Bereichen Ihnen Hypernotes als univerelles Werkzeug zur Darstellung und Verbreitung von Wissensinhalten hilft!\" \/>\n<meta name=\"robots\" content=\"index, follow, max-snippet:-1, max-image-preview:large, max-video-preview:-1\" \/>\n<link rel=\"canonical\" href=\"https:\/\/zenkit.com\/de\/hypernotes\/loesungen\/\" \/>\n<meta property=\"og:locale\" content=\"de_DE\" \/>\n<meta property=\"og:type\" content=\"article\" \/>\n<meta property=\"og:title\" content=\"L\u00f6sungen | Zenkit\" \/>\n<meta property=\"og:description\" content=\"Finden Sie heraus in welchen Bereichen Ihnen Hypernotes als univerelles Werkzeug zur Darstellung und Verbreitung von Wissensinhalten hilft!\" \/>\n<meta property=\"og:url\" content=\"https:\/\/zenkit.com\/de\/hypernotes\/loesungen\/\" \/>\n<meta property=\"og:site_name\" content=\"Zenkit\" \/>\n<meta property=\"article:publisher\" content=\"https:\/\/www.facebook.com\/ZenkitHQ\" \/>\n<meta property=\"article:modified_time\" content=\"2025-10-14T14:15:42+00:00\" \/>\n<meta name=\"twitter:card\" content=\"summary_large_image\" \/>\n<meta name=\"twitter:site\" content=\"@ZenkitHQ\" \/>\n<script type=\"application\/ld+json\" class=\"yoast-schema-graph\">{\"@context\":\"https:\\\/\\\/schema.org\",\"@graph\":[{\"@type\":\"WebPage\",\"@id\":\"https:\\\/\\\/zenkit.com\\\/de\\\/hypernotes\\\/loesungen\\\/\",\"url\":\"https:\\\/\\\/zenkit.com\\\/de\\\/hypernotes\\\/loesungen\\\/\",\"name\":\"L\u00f6sungen | Zenkit\",\"isPartOf\":{\"@id\":\"https:\\\/\\\/zenkit.com\\\/de\\\/#website\"},\"datePublished\":\"2020-11-11T10:14:47+00:00\",\"dateModified\":\"2025-10-14T14:15:42+00:00\",\"description\":\"Finden Sie heraus in welchen Bereichen Ihnen Hypernotes als univerelles Werkzeug zur Darstellung und Verbreitung von Wissensinhalten hilft!\",\"breadcrumb\":{\"@id\":\"https:\\\/\\\/zenkit.com\\\/de\\\/hypernotes\\\/loesungen\\\/#breadcrumb\"},\"inLanguage\":\"de\",\"potentialAction\":[{\"@type\":\"ReadAction\",\"target\":[\"https:\\\/\\\/zenkit.com\\\/de\\\/hypernotes\\\/loesungen\\\/\"]}]},{\"@type\":\"BreadcrumbList\",\"@id\":\"https:\\\/\\\/zenkit.com\\\/de\\\/hypernotes\\\/loesungen\\\/#breadcrumb\",\"itemListElement\":[{\"@type\":\"ListItem\",\"position\":1,\"name\":\"Home\",\"item\":\"https:\\\/\\\/zenkit.com\\\/de\\\/\"},{\"@type\":\"ListItem\",\"position\":2,\"name\":\"Zenkit Hypernotes\",\"item\":\"https:\\\/\\\/zenkit.com\\\/de\\\/hypernotes\\\/\"},{\"@type\":\"ListItem\",\"position\":3,\"name\":\"L\u00f6sungen\"}]},{\"@type\":\"WebSite\",\"@id\":\"https:\\\/\\\/zenkit.com\\\/de\\\/#website\",\"url\":\"https:\\\/\\\/zenkit.com\\\/de\\\/\",\"name\":\"Zenkit\",\"description\":\"Zenkit Tagline\",\"potentialAction\":[{\"@type\":\"SearchAction\",\"target\":{\"@type\":\"EntryPoint\",\"urlTemplate\":\"https:\\\/\\\/zenkit.com\\\/de\\\/?s={search_term_string}\"},\"query-input\":{\"@type\":\"PropertyValueSpecification\",\"valueRequired\":true,\"valueName\":\"search_term_string\"}}],\"inLanguage\":\"de\"},false]}<\/script>\n<!-- \/ Yoast SEO plugin. -->","yoast_head_json":{"title":"L\u00f6sungen | Zenkit","description":"Finden Sie heraus in welchen Bereichen Ihnen Hypernotes als univerelles Werkzeug zur Darstellung und Verbreitung von Wissensinhalten hilft!","robots":{"index":"index","follow":"follow","max-snippet":"max-snippet:-1","max-image-preview":"max-image-preview:large","max-video-preview":"max-video-preview:-1"},"canonical":"https:\/\/zenkit.com\/de\/hypernotes\/loesungen\/","og_locale":"de_DE","og_type":"article","og_title":"L\u00f6sungen | Zenkit","og_description":"Finden Sie heraus in welchen Bereichen Ihnen Hypernotes als univerelles Werkzeug zur Darstellung und Verbreitung von Wissensinhalten hilft!","og_url":"https:\/\/zenkit.com\/de\/hypernotes\/loesungen\/","og_site_name":"Zenkit","article_publisher":"https:\/\/www.facebook.com\/ZenkitHQ","article_modified_time":"2025-10-14T14:15:42+00:00","twitter_card":"summary_large_image","twitter_site":"@ZenkitHQ","schema":{"@context":"https:\/\/schema.org","@graph":[{"@type":"WebPage","@id":"https:\/\/zenkit.com\/de\/hypernotes\/loesungen\/","url":"https:\/\/zenkit.com\/de\/hypernotes\/loesungen\/","name":"L\u00f6sungen | Zenkit","isPartOf":{"@id":"https:\/\/zenkit.com\/de\/#website"},"datePublished":"2020-11-11T10:14:47+00:00","dateModified":"2025-10-14T14:15:42+00:00","description":"Finden Sie heraus in welchen Bereichen Ihnen Hypernotes als univerelles Werkzeug zur Darstellung und Verbreitung von Wissensinhalten hilft!","breadcrumb":{"@id":"https:\/\/zenkit.com\/de\/hypernotes\/loesungen\/#breadcrumb"},"inLanguage":"de","potentialAction":[{"@type":"ReadAction","target":["https:\/\/zenkit.com\/de\/hypernotes\/loesungen\/"]}]},{"@type":"BreadcrumbList","@id":"https:\/\/zenkit.com\/de\/hypernotes\/loesungen\/#breadcrumb","itemListElement":[{"@type":"ListItem","position":1,"name":"Home","item":"https:\/\/zenkit.com\/de\/"},{"@type":"ListItem","position":2,"name":"Zenkit Hypernotes","item":"https:\/\/zenkit.com\/de\/hypernotes\/"},{"@type":"ListItem","position":3,"name":"L\u00f6sungen"}]},{"@type":"WebSite","@id":"https:\/\/zenkit.com\/de\/#website","url":"https:\/\/zenkit.com\/de\/","name":"Zenkit","description":"Zenkit Tagline","potentialAction":[{"@type":"SearchAction","target":{"@type":"EntryPoint","urlTemplate":"https:\/\/zenkit.com\/de\/?s={search_term_string}"},"query-input":{"@type":"PropertyValueSpecification","valueRequired":true,"valueName":"search_term_string"}}],"inLanguage":"de"},false]}},"yasr_visitor_votes":{"stars_attributes":{"read_only":false,"span_bottom":false},"number_of_votes":0,"sum_votes":0},"_links":{"self":[{"href":"https:\/\/zenkit.com\/de\/wp-json\/wp\/v2\/pages\/53585","targetHints":{"allow":["GET"]}}],"collection":[{"href":"https:\/\/zenkit.com\/de\/wp-json\/wp\/v2\/pages"}],"about":[{"href":"https:\/\/zenkit.com\/de\/wp-json\/wp\/v2\/types\/page"}],"author":[{"embeddable":true,"href":"https:\/\/zenkit.com\/de\/wp-json\/wp\/v2\/users\/28"}],"replies":[{"embeddable":true,"href":"https:\/\/zenkit.com\/de\/wp-json\/wp\/v2\/comments?post=53585"}],"version-history":[{"count":10,"href":"https:\/\/zenkit.com\/de\/wp-json\/wp\/v2\/pages\/53585\/revisions"}],"predecessor-version":[{"id":167960,"href":"https:\/\/zenkit.com\/de\/wp-json\/wp\/v2\/pages\/53585\/revisions\/167960"}],"up":[{"embeddable":true,"href":"https:\/\/zenkit.com\/de\/wp-json\/wp\/v2\/pages\/53565"}],"wp:attachment":[{"href":"https:\/\/zenkit.com\/de\/wp-json\/wp\/v2\/media?parent=53585"}],"curies":[{"name":"wp","href":"https:\/\/api.w.org\/{rel}","templated":true}]}}