{"id":59447,"date":"2021-04-06T10:14:06","date_gmt":"2021-04-06T08:14:06","guid":{"rendered":"https:\/\/zenkit.com\/baeckerei-sipl\/"},"modified":"2025-11-03T08:13:15","modified_gmt":"2025-11-03T07:13:15","slug":"baeckerei-sipl","status":"publish","type":"page","link":"https:\/\/zenkit.com\/de\/referenzen\/baeckerei-sipl\/","title":{"rendered":"B\u00e4ckerei Sipl"},"content":{"rendered":"\n<div class=\"wp-block-group page__header has-global-padding is-layout-constrained wp-block-group-is-layout-constrained\">\n<div class=\"wp-block-group width--950 has-global-padding is-layout-constrained wp-block-group-is-layout-constrained\">\n<div style=\"height:45px;--tablet-height:45px;--mobile-height:16px\" class=\"wp-block-lookeen-blocks-responsive-spacer\"><\/div>\n\n\n\n<div class=\"wp-block-group has-global-padding is-layout-constrained wp-block-group-is-layout-constrained\">\n<h1 class=\"wp-block-heading has-text-align-center\" style=\"margin-bottom:8px\">Erfolgsgeschichte: B\u00e4ckerei Sipl<\/h1>\n<\/div>\n\n\n\n<div class=\"wp-block-group has-global-padding is-layout-constrained wp-block-group-is-layout-constrained\">\n<p class=\"has-text-align-center subheading\">Die B\u00e4ckerei Sipl organisiert wichtige Unternehmensprozesse deutlich effektiver mit der Hilfe von Zenkit<\/p>\n<\/div>\n\n\n\n<div style=\"height:48px;--tablet-height:36px;--mobile-height:24px\" class=\"wp-block-lookeen-blocks-responsive-spacer\"><\/div>\n\n\n\n<section class=\"wp-block-group da-banner-customer-story-pattern is-layout-flow wp-block-group-is-layout-flow\">\n<div class=\"wp-block-group container container--small is-layout-flow wp-block-group-is-layout-flow\">\n<div class=\"wp-block-group da-banner-customer-story-pattern__image-wrapper is-layout-flow wp-block-group-is-layout-flow\">\n<figure class=\"wp-block-image size-large\"><img loading=\"lazy\" decoding=\"async\" width=\"1024\" height=\"695\" src=\"https:\/\/zenkit.com\/wp-content\/uploads\/2025\/05\/baeckerei-sipl-team-1024x695.webp\" alt=\"sipl team\" class=\"wp-image-113166\" srcset=\"https:\/\/zenkit.com\/wp-content\/uploads\/2025\/05\/baeckerei-sipl-team-1024x695.webp 1024w, https:\/\/zenkit.com\/wp-content\/uploads\/2025\/05\/baeckerei-sipl-team-300x204.webp 300w, https:\/\/zenkit.com\/wp-content\/uploads\/2025\/05\/baeckerei-sipl-team-768x521.webp 768w, https:\/\/zenkit.com\/wp-content\/uploads\/2025\/05\/baeckerei-sipl-team-1536x1042.webp 1536w, https:\/\/zenkit.com\/wp-content\/uploads\/2025\/05\/baeckerei-sipl-team.webp 1637w\" sizes=\"auto, (max-width: 1024px) 100vw, 1024px\" \/><\/figure>\n\n\n\n<figure class=\"wp-block-image size-full da-banner-customer-story-pattern__logo\"><img loading=\"lazy\" decoding=\"async\" width=\"580\" height=\"266\" src=\"https:\/\/zenkit.com\/wp-content\/uploads\/2025\/05\/sipl-logo.webp\" alt=\"sipl logo\" class=\"wp-image-113177\" srcset=\"https:\/\/zenkit.com\/wp-content\/uploads\/2025\/05\/sipl-logo.webp 580w, https:\/\/zenkit.com\/wp-content\/uploads\/2025\/05\/sipl-logo-300x138.webp 300w\" sizes=\"auto, (max-width: 580px) 100vw, 580px\" \/><\/figure>\n<\/div>\n<\/div>\n<\/section>\n\n\n\n<div style=\"height:88px;--tablet-height:72px;--mobile-height:40px\" class=\"wp-block-lookeen-blocks-responsive-spacer\"><\/div>\n\n\n\n<p class=\"has-text-align-center\"><strong>Die B\u00e4ckerei Sipl GmbH ist eine familiengef\u00fchrte, mittelgro\u00dfe B\u00e4ckerei mit Sitz in Bayern, die 1914 gegr\u00fcndet wurde. Ihre Philosophie ist es, jedes Brot, Br\u00f6tchen, Kuchen und Geb\u00e4ck mit Liebe, Sorgfalt und auf traditionelle Weise herzustellen. In Anbetracht dieser Philosophie garantieren sie auch, dass keine tiefgefrorenen Waren oder vorgefertigten Backwaren verkauft werden. Die Marke wird von vielen Menschen geliebt und das Unternehmen hat bisher rund 50 physische B\u00e4ckereien er\u00f6ffnet.<\/strong><\/p>\n\n\n\n<p class=\"has-text-align-center\"><strong>Was sind die Geheimnisse, die die B\u00e4ckerei Sipl zu einer so erfolgreichen Marke gemacht haben? Franz Sipl, der Inhaber der B\u00e4ckerei, freut sich uns mitteilen zu k\u00f6nnen, warum Zenkit eine entscheidende Rolle bei der Verbesserung seines Gesch\u00e4fts spielt.<\/strong><\/p>\n<\/div>\n\n\n\n<div style=\"height:88px;--tablet-height:72px;--mobile-height:40px\" class=\"wp-block-lookeen-blocks-responsive-spacer\"><\/div>\n<\/div>\n\n\n\n<section class=\"wp-block-group da-columns-cards has-global-padding is-layout-constrained wp-block-group-is-layout-constrained\">\n<div class=\"wp-block-group container has-global-padding is-layout-constrained wp-block-group-is-layout-constrained\">\n<div class=\"wp-block-columns is-not-stacked-on-mobile is-layout-flex wp-container-core-columns-is-layout-28f84493 wp-block-columns-is-layout-flex\">\n<div class=\"wp-block-column is-layout-flow wp-block-column-is-layout-flow\">\n<figure class=\"wp-block-image aligncenter size-full\"><img decoding=\"async\" src=\"https:\/\/zenkit.com\/wp-content\/uploads\/2025\/03\/loca-1.svg\" alt=\"location pin\" class=\"wp-image-111491\"\/><\/figure>\n\n\n\n<p class=\"has-text-align-center is-style-default\">Bavaria,<br>Germany<\/p>\n<\/div>\n\n\n\n<div class=\"wp-block-column is-layout-flow wp-block-column-is-layout-flow\">\n<figure class=\"wp-block-image aligncenter size-full\"><img decoding=\"async\" src=\"https:\/\/zenkit.com\/wp-content\/uploads\/2025\/03\/loca-2.svg\" alt=\"people\" class=\"wp-image-111501\"\/><\/figure>\n\n\n\n<p class=\"has-text-align-center\">600<br>employees<\/p>\n<\/div>\n\n\n\n<div class=\"wp-block-column is-layout-flow wp-block-column-is-layout-flow\">\n<figure class=\"wp-block-image aligncenter size-full\"><img decoding=\"async\" src=\"https:\/\/zenkit.com\/wp-content\/uploads\/2025\/03\/loca-3.svg\" alt=\"website\" class=\"wp-image-111511\"\/><\/figure>\n\n\n\n<p class=\"has-text-align-center link_style-inherit\"><a href=\"https:\/\/www.sipl.de\/\" target=\"_blank\" rel=\"noreferrer noopener\">www.sipl.de<\/a><\/p>\n<\/div>\n\n\n\n<div class=\"wp-block-column is-layout-flow wp-block-column-is-layout-flow\">\n<figure class=\"wp-block-image aligncenter size-full\"><img decoding=\"async\" src=\"https:\/\/zenkit.com\/wp-content\/uploads\/2025\/05\/base-1.svg\" alt=\"zenkit Base and Zenchat\" class=\"wp-image-112995\"\/><\/figure>\n\n\n\n<p class=\"has-text-align-center\">1 year using<br>Zenkit Base<\/p>\n<\/div>\n\n\n\n<div class=\"wp-block-column is-layout-flow wp-block-column-is-layout-flow\">\n<figure class=\"wp-block-image aligncenter size-full\"><img decoding=\"async\" src=\"https:\/\/zenkit.com\/wp-content\/uploads\/2025\/03\/loca-5.svg\" alt=\"Project Management, documentation\n&amp; team communication\" class=\"wp-image-111531\"\/><\/figure>\n\n\n\n<p class=\"has-text-align-center\">Task management, team Wiki,<br>and process management<\/p>\n<\/div>\n<\/div>\n<\/div>\n<\/section>\n\n\n\n<div class=\"wp-block-group has-global-padding is-layout-constrained wp-block-group-is-layout-constrained\">\n<div style=\"height:88px;--tablet-height:72px;--mobile-height:40px\" class=\"wp-block-lookeen-blocks-responsive-spacer\"><\/div>\n\n\n\n<div class=\"wp-block-columns is-style-default is-layout-flex wp-container-core-columns-is-layout-2eb748b2 wp-block-columns-is-layout-flex\" style=\"margin-top:0px;margin-bottom:0px\">\n<div class=\"wp-block-column is-layout-flow wp-block-column-is-layout-flow\">\n<h2 class=\"wp-block-heading\" style=\"margin-top:0;margin-right:0;margin-bottom:0;margin-left:0\">\u201cZenkit ist DER zentrale Ort, an dem wir wichtige Prozesse organisieren k\u00f6nnen.\u201d<\/h2>\n\n\n\n<div style=\"height:24px;--tablet-height:24px;--mobile-height:24px\" class=\"wp-block-lookeen-blocks-responsive-spacer\"><\/div>\n\n\n\n<hr class=\"wp-block-separator has-alpha-channel-opacity is-style-colored-line\"\/>\n<\/div>\n\n\n\n<div class=\"wp-block-column is-layout-flow wp-block-column-is-layout-flow\">\n<p class=\"has-da-grey-2-color has-text-color has-link-color wp-elements-0814222fcf436838ef7cdbd494dd8c85\">Es ist keine leichte Aufgabe, ein Unternehmen mit Hunderten von Mitarbeitern zu f\u00fchren. Vor allem ist es f\u00fcr die B\u00e4ckerei Sipl eine Herausforderung, jeden noch so kleinen Aspekt bei der Herstellung der hochwertigen Produkte und Dienstleistungen im Auge zu behalten. Franz erz\u00e4hlte, dass sie nach der Einf\u00fchrung von Zenkit in seinem Team vor einem Jahr das Management vieler Dinge aufgrund seiner umfangreichen Funktionen auf Zenkit \u00fcbertragen konnten.<\/p>\n\n\n\n<p class=\"has-da-grey-2-color has-text-color has-link-color wp-elements-f4e76fdc7592651a773f91581165f7ee\">Mit Zenkit k\u00f6nnen sie Qualit\u00e4tssicherung, Anwendungs- und Facility-Management, CRM, Finanzplanung, Besprechungen, Fahrgemeinschaften, Aufgabenverwaltung, Wikipedia f\u00fcr Vertrieb und Produktion, internen Chat und viele andere wichtige Prozesse f\u00fcr ihren Betrieb durchf\u00fchren.<\/p>\n<\/div>\n<\/div>\n\n\n\n<div style=\"height:88px;--tablet-height:72px;--mobile-height:40px\" class=\"wp-block-lookeen-blocks-responsive-spacer\"><\/div>\n\n\n\n<div class=\"wp-block-columns is-style-da-column-order-reverse is-layout-flex wp-container-core-columns-is-layout-2eb748b2 wp-block-columns-is-layout-flex\" style=\"margin-top:0px;margin-bottom:0px\">\n<div class=\"wp-block-column is-layout-flow wp-block-column-is-layout-flow\">\n<p class=\"has-da-grey-2-color has-text-color has-link-color wp-elements-c4e1f4b37578845c03b5cf7b4dc9f39c\">Da die B\u00e4ckerei Sipl mittlerweile 50 Filialen hat, ist ihnen eine effiziente Kommunikation besonders wichtig. Hier konnte uns Franz ein passendes ein Beispiel gegeben, das zeigt, wie ihr Hauptsitz und verschiedene Gesch\u00e4fte mit Hilfe von Zenkit nahtlos miteinander kommunizieren k\u00f6nnen.<\/p>\n\n\n\n<p>Wenn es darum geht, ein B\u00e4ckereigesch\u00e4ft zu f\u00fchren, ist es wichtig sicherzustellen, dass jede Maschine und Einrichtung gut funktioniert. In der B\u00e4ckerei Sipl haben sie genau zu diesem Zweck eine Zenkit-Collection eingerichtet. Das bedeutet, dass Gesch\u00e4fte, die eine Anfrage zur Reparatur von Ger\u00e4ten haben, einfach einen neuen Artikel in dieser Zenkit-Collection erstellen. Im Hauptsitz der B\u00e4ckerei kann dann auf einfache Weise der verantwortliche Handwerker \u00fcberpr\u00fcft werden und entsprechende Aufgaben zuweisen. Sobald die Reparatur abgeschlossen ist, kann jeder Handwerker einfach das Kontrollk\u00e4stchen aktivieren, um die Aufgabe als erledigt zu markieren.<\/p>\n\n\n\n<p class=\"has-da-grey-2-color has-text-color has-link-color wp-elements-d7d2a72a9a14d732664b247933313a53\">Wie man in diesem Beispiel sehen kann, werden mit Hilfe von Zenkit der Hauptsitz, die Gesch\u00e4fte und Handwerker immer auf einen Blick dar\u00fcber informiert, was passiert. Dar\u00fcber hinaus gef\u00e4llt Franz auch, dass jedes Mitglied seine eigenen Ansichten in der Sammlung erstellen konnte, um seinen pers\u00f6nlichen Vorlieben zu entsprechen, ohne den Workflow anderer zu beeintr\u00e4chtigen.<\/p>\n<\/div>\n\n\n\n<div class=\"wp-block-column is-layout-flow wp-block-column-is-layout-flow\">\n<h2 class=\"wp-block-heading\" style=\"margin-top:0;margin-right:0;margin-bottom:0;margin-left:0\">\u201cZenkit erleichtert die Kommunikation zwischen unserem Hauptsitz und den verschiedenen Gesch\u00e4ften.\u201d<\/h2>\n\n\n\n<div style=\"height:24px;--tablet-height:24px;--mobile-height:24px\" class=\"wp-block-lookeen-blocks-responsive-spacer\"><\/div>\n\n\n\n<hr class=\"wp-block-separator has-alpha-channel-opacity is-style-colored-line\"\/>\n<\/div>\n<\/div>\n<\/div>\n\n\n\n<div class=\"wp-block-group has-global-padding is-layout-constrained wp-block-group-is-layout-constrained\">\n<div style=\"height:88px;--tablet-height:72px;--mobile-height:40px\" class=\"wp-block-lookeen-blocks-responsive-spacer\"><\/div>\n\n\n\n<div class=\"wp-block-group has-global-padding is-layout-constrained wp-container-core-group-is-layout-61f7a5d6 wp-block-group-is-layout-constrained\">\n<figure class=\"wp-block-image aligncenter size-full border-radius--20 overflow__hidden box__shadow\"><img loading=\"lazy\" decoding=\"async\" width=\"795\" height=\"495\" src=\"https:\/\/zenkit.com\/wp-content\/uploads\/2025\/05\/sipl-impression.webp\" alt=\"B\u00e4ckerei Sipl GmbH \" class=\"wp-image-113188\" srcset=\"https:\/\/zenkit.com\/wp-content\/uploads\/2025\/05\/sipl-impression.webp 795w, https:\/\/zenkit.com\/wp-content\/uploads\/2025\/05\/sipl-impression-300x187.webp 300w, https:\/\/zenkit.com\/wp-content\/uploads\/2025\/05\/sipl-impression-768x478.webp 768w\" sizes=\"auto, (max-width: 795px) 100vw, 795px\" \/><\/figure>\n<\/div>\n\n\n\n<div style=\"height:88px;--tablet-height:72px;--mobile-height:40px\" class=\"wp-block-lookeen-blocks-responsive-spacer\"><\/div>\n<\/div>\n\n\n\n<div class=\"wp-block-group has-global-padding is-layout-constrained wp-block-group-is-layout-constrained\">\n<div class=\"wp-block-columns is-style-default is-layout-flex wp-container-core-columns-is-layout-2eb748b2 wp-block-columns-is-layout-flex\" style=\"margin-top:0px;margin-bottom:0px\">\n<div class=\"wp-block-column is-layout-flow wp-block-column-is-layout-flow\">\n<h2 class=\"wp-block-heading\" style=\"margin-top:0;margin-right:0;margin-bottom:0;margin-left:0\">\u201cWir verk\u00fcrzen den Zeitaufwand um Probleme zu l\u00f6sen mit der Hilfe von Zenkit.\u201d<\/h2>\n\n\n\n<div style=\"height:24px;--tablet-height:24px;--mobile-height:24px\" class=\"wp-block-lookeen-blocks-responsive-spacer\"><\/div>\n\n\n\n<hr class=\"wp-block-separator has-alpha-channel-opacity is-style-colored-line\"\/>\n<\/div>\n\n\n\n<div class=\"wp-block-column is-layout-flow wp-block-column-is-layout-flow\">\n<p class=\"has-da-grey-2-color has-text-color has-link-color wp-elements-9e313289b637a03aac5c8dc2d4545c78\">Es w\u00e4re naiv zu glauben, dass eine Organisation nach der Implementierung von Zenkit niemals auf Probleme sto\u00dfen wird. In einer sich st\u00e4ndig ver\u00e4ndernden Welt steht jedes Unternehmen hier und da vor neuen und unterschiedlichen Problemen, egal wie gut es vorbereitet ist.<\/p>\n\n\n\n<p class=\"has-da-grey-2-color has-text-color has-link-color wp-elements-b0cac9d02025b3336aa2b336158e0a50\">Franz sieht die Probleml\u00f6sung jedoch positiv. F\u00fcr ihn ergeben sich L\u00f6sungen, wenn man anf\u00e4ngt sich damit zu befassen. Er weist darauf hin, dass Zenkit die Digitalisierung ihrer Prozesse erm\u00f6glicht und mit Funktionen wie \u201eE-Mail an Sammlung\u201c und \u201eVerbindung mit Zenchat\u201c (einem weiteren Produkt in der Zenkit Suite) Zeit sparen kann, wenn zwischen verschiedenen Tools gewechselt wird w\u00e4hrend auftretende Probleme gel\u00f6st werden sollen. Zusammenfassend l\u00e4sst sich sagen, dass ihnen Zenkit als gut konzipierte digitale L\u00f6sung dabei hilft, Gesch\u00e4fte effizienter abzuwickeln!<\/p>\n<\/div>\n<\/div>\n\n\n\n<div style=\"height:88px;--tablet-height:72px;--mobile-height:40px\" class=\"wp-block-lookeen-blocks-responsive-spacer\"><\/div>\n\n\n\n<div class=\"wp-block-columns is-style-da-column-order-reverse is-layout-flex wp-container-core-columns-is-layout-2eb748b2 wp-block-columns-is-layout-flex\" style=\"margin-top:0px;margin-bottom:0px\">\n<div class=\"wp-block-column is-layout-flow wp-block-column-is-layout-flow\">\n<p class=\"has-da-grey-2-color has-text-color has-link-color wp-elements-79bde4f965a079385d234c9dacd58138\">Franz betonte, wie Zenkit die Teamzusammenarbeit erleichtert hat, indem es Transparenz in seine Organisation gebracht hat. Franz und sein Team verwalten t\u00e4glich umfangreiche Daten, was sie nat\u00fcrlich fragen l\u00e4sst, ob wichtige Informationen in einer Datenflut vergraben sind und verloren gehen. Nat\u00fcrlich ist der Verlust von Daten auf diese Weise nicht w\u00fcnschenswert, da dies den Erfolg der Teamkommunikation und -zusammenarbeit behindern w\u00fcrde.<\/p>\n\n\n\n<p>Laut Franz erm\u00f6glicht es Zenkit jedoch, massive Daten und Prozessdetails auf einem Ger\u00e4t zusammenzuf\u00fchren. Er f\u00fcgte hinzu, dass die Teammitglieder immer gut informiert sind, da die Daten mit Zenkit sinnvoll und angemessen dargestellt werden.<\/p>\n\n\n\n<p class=\"has-da-grey-2-color has-text-color has-link-color wp-elements-97d0f0eac01417cdb1261513c699c56d\">Schlie\u00dflich erw\u00e4hnte Franz einen wichtigen Punkt, der allen Unternehmen am Herzen liegt: die Kosten. Die Verwendung von Zenkit in einem Unternehmen ist eine kosteneffiziente Entscheidung. Wie Franz schlussfolgerte, kann Zenkit selbst viele Systeme ersetzen, die in anderen Unternehmen eingesetzt werden. Wenn sich ein Unternehmen f\u00fcr Zenkit entscheidet, m\u00fcssen sie nicht in viele andere Tools investieren!<\/p>\n<\/div>\n\n\n\n<div class=\"wp-block-column is-layout-flow wp-block-column-is-layout-flow\">\n<h2 class=\"wp-block-heading\" style=\"margin-top:0;margin-right:0;margin-bottom:0;margin-left:0\">\u201cDie Transparenz von Zenkit erleichtert unsere Teamzusammenarbeit.\u201d<\/h2>\n\n\n\n<div style=\"height:24px;--tablet-height:24px;--mobile-height:24px\" class=\"wp-block-lookeen-blocks-responsive-spacer\"><\/div>\n\n\n\n<hr class=\"wp-block-separator has-alpha-channel-opacity is-style-colored-line\"\/>\n<\/div>\n<\/div>\n<\/div>\n\n\n\n<div style=\"height:88px;--tablet-height:72px;--mobile-height:40px\" class=\"wp-block-lookeen-blocks-responsive-spacer\"><\/div>\n\n\n\n<div class=\"wp-block-group has-global-padding is-layout-constrained wp-block-group-is-layout-constrained\">\n<div class=\"wp-block-buttons is-content-justification-center is-layout-flex wp-container-core-buttons-is-layout-f78c5dac wp-block-buttons-is-layout-flex\" style=\"margin-top:0px;margin-bottom:0px\">\n<div class=\"wp-block-button is-style-rainbow\"><a class=\"wp-block-button__link wp-element-button\" href=\"https:\/\/zenkit.com\/wp-content\/uploads\/2023\/09\/zenkit-customer-story-baeckerei-sipl-de.pdf\" target=\"_blank\" rel=\"noreferrer noopener\"><span>PDF herunterladen<\/span><\/a><\/div>\n<\/div>\n<\/div>\n\n\n\n<div style=\"height:110px;--tablet-height:60px;--mobile-height:48px\" class=\"wp-block-lookeen-blocks-responsive-spacer\"><\/div>\n","protected":false},"excerpt":{"rendered":"<p>Erfolgsgeschichte: B\u00e4ckerei Sipl Die B\u00e4ckerei Sipl organisiert wichtige Unternehmensprozesse deutlich effektiver mit der Hilfe von Zenkit Die B\u00e4ckerei Sipl GmbH ist eine familiengef\u00fchrte, mittelgro\u00dfe B\u00e4ckerei mit Sitz in Bayern, die 1914 gegr\u00fcndet wurde. Ihre Philosophie ist es, jedes Brot, Br\u00f6tchen, Kuchen und Geb\u00e4ck mit Liebe, Sorgfalt und auf traditionelle Weise herzustellen. In Anbetracht dieser Philosophie [&hellip;]<\/p>\n","protected":false},"author":28,"featured_media":0,"parent":59464,"menu_order":0,"comment_status":"closed","ping_status":"closed","template":"","meta":{"yasr_overall_rating":0,"yasr_post_is_review":"","yasr_auto_insert_disabled":"","yasr_review_type":"","footnotes":""},"class_list":["post-59447","page","type-page","status-publish","hentry"],"yoast_head":"<!-- This site is optimized with the Yoast SEO plugin v27.4 - https:\/\/yoast.com\/product\/yoast-seo-wordpress\/ -->\n<title>B\u00e4ckerei Sipl | Zenkit<\/title>\n<meta name=\"robots\" content=\"index, follow, max-snippet:-1, max-image-preview:large, max-video-preview:-1\" \/>\n<link rel=\"canonical\" href=\"https:\/\/zenkit.com\/de\/referenzen\/baeckerei-sipl\/\" \/>\n<meta property=\"og:locale\" content=\"de_DE\" \/>\n<meta property=\"og:type\" content=\"article\" \/>\n<meta property=\"og:title\" content=\"B\u00e4ckerei Sipl | Zenkit\" \/>\n<meta property=\"og:description\" content=\"Erfolgsgeschichte: B\u00e4ckerei Sipl Die B\u00e4ckerei Sipl organisiert wichtige Unternehmensprozesse deutlich effektiver mit der Hilfe von Zenkit Die B\u00e4ckerei Sipl GmbH ist eine familiengef\u00fchrte, mittelgro\u00dfe B\u00e4ckerei mit Sitz in Bayern, die 1914 gegr\u00fcndet wurde. Ihre Philosophie ist es, jedes Brot, Br\u00f6tchen, Kuchen und Geb\u00e4ck mit Liebe, Sorgfalt und auf traditionelle Weise herzustellen. In Anbetracht dieser Philosophie [&hellip;]\" \/>\n<meta property=\"og:url\" content=\"https:\/\/zenkit.com\/de\/referenzen\/baeckerei-sipl\/\" \/>\n<meta property=\"og:site_name\" content=\"Zenkit\" \/>\n<meta property=\"article:publisher\" content=\"https:\/\/www.facebook.com\/ZenkitHQ\" \/>\n<meta property=\"article:modified_time\" content=\"2025-11-03T07:13:15+00:00\" \/>\n<meta property=\"og:image\" content=\"https:\/\/zenkit.com\/wp-content\/uploads\/2021\/05\/Sipl-1.png\" \/>\n<meta name=\"twitter:card\" content=\"summary_large_image\" \/>\n<meta name=\"twitter:image\" content=\"https:\/\/zenkit.com\/wp-content\/uploads\/2021\/05\/Sipl-1.png\" \/>\n<meta name=\"twitter:site\" content=\"@ZenkitHQ\" \/>\n<script type=\"application\/ld+json\" class=\"yoast-schema-graph\">{\"@context\":\"https:\\\/\\\/schema.org\",\"@graph\":[{\"@type\":\"WebPage\",\"@id\":\"https:\\\/\\\/zenkit.com\\\/de\\\/referenzen\\\/baeckerei-sipl\\\/\",\"url\":\"https:\\\/\\\/zenkit.com\\\/de\\\/referenzen\\\/baeckerei-sipl\\\/\",\"name\":\"B\u00e4ckerei Sipl | Zenkit\",\"isPartOf\":{\"@id\":\"https:\\\/\\\/zenkit.com\\\/de\\\/#website\"},\"primaryImageOfPage\":{\"@id\":\"https:\\\/\\\/zenkit.com\\\/de\\\/referenzen\\\/baeckerei-sipl\\\/#primaryimage\"},\"image\":{\"@id\":\"https:\\\/\\\/zenkit.com\\\/de\\\/referenzen\\\/baeckerei-sipl\\\/#primaryimage\"},\"thumbnailUrl\":\"https:\\\/\\\/zenkit.com\\\/wp-content\\\/uploads\\\/2025\\\/05\\\/baeckerei-sipl-team-1024x695.webp\",\"datePublished\":\"2021-04-06T08:14:06+00:00\",\"dateModified\":\"2025-11-03T07:13:15+00:00\",\"breadcrumb\":{\"@id\":\"https:\\\/\\\/zenkit.com\\\/de\\\/referenzen\\\/baeckerei-sipl\\\/#breadcrumb\"},\"inLanguage\":\"de\",\"potentialAction\":[{\"@type\":\"ReadAction\",\"target\":[\"https:\\\/\\\/zenkit.com\\\/de\\\/referenzen\\\/baeckerei-sipl\\\/\"]}]},{\"@type\":\"ImageObject\",\"inLanguage\":\"de\",\"@id\":\"https:\\\/\\\/zenkit.com\\\/de\\\/referenzen\\\/baeckerei-sipl\\\/#primaryimage\",\"url\":\"https:\\\/\\\/zenkit.com\\\/wp-content\\\/uploads\\\/2025\\\/05\\\/baeckerei-sipl-team-1024x695.webp\",\"contentUrl\":\"https:\\\/\\\/zenkit.com\\\/wp-content\\\/uploads\\\/2025\\\/05\\\/baeckerei-sipl-team-1024x695.webp\"},{\"@type\":\"BreadcrumbList\",\"@id\":\"https:\\\/\\\/zenkit.com\\\/de\\\/referenzen\\\/baeckerei-sipl\\\/#breadcrumb\",\"itemListElement\":[{\"@type\":\"ListItem\",\"position\":1,\"name\":\"Home\",\"item\":\"https:\\\/\\\/zenkit.com\\\/de\\\/\"},{\"@type\":\"ListItem\",\"position\":2,\"name\":\"Referenzen\",\"item\":\"https:\\\/\\\/zenkit.com\\\/de\\\/referenzen\\\/\"},{\"@type\":\"ListItem\",\"position\":3,\"name\":\"B\u00e4ckerei Sipl\"}]},{\"@type\":\"WebSite\",\"@id\":\"https:\\\/\\\/zenkit.com\\\/de\\\/#website\",\"url\":\"https:\\\/\\\/zenkit.com\\\/de\\\/\",\"name\":\"Zenkit\",\"description\":\"Zenkit Tagline\",\"potentialAction\":[{\"@type\":\"SearchAction\",\"target\":{\"@type\":\"EntryPoint\",\"urlTemplate\":\"https:\\\/\\\/zenkit.com\\\/de\\\/?s={search_term_string}\"},\"query-input\":{\"@type\":\"PropertyValueSpecification\",\"valueRequired\":true,\"valueName\":\"search_term_string\"}}],\"inLanguage\":\"de\"},false]}<\/script>\n<!-- \/ Yoast SEO plugin. -->","yoast_head_json":{"title":"B\u00e4ckerei Sipl | Zenkit","robots":{"index":"index","follow":"follow","max-snippet":"max-snippet:-1","max-image-preview":"max-image-preview:large","max-video-preview":"max-video-preview:-1"},"canonical":"https:\/\/zenkit.com\/de\/referenzen\/baeckerei-sipl\/","og_locale":"de_DE","og_type":"article","og_title":"B\u00e4ckerei Sipl | Zenkit","og_description":"Erfolgsgeschichte: B\u00e4ckerei Sipl Die B\u00e4ckerei Sipl organisiert wichtige Unternehmensprozesse deutlich effektiver mit der Hilfe von Zenkit Die B\u00e4ckerei Sipl GmbH ist eine familiengef\u00fchrte, mittelgro\u00dfe B\u00e4ckerei mit Sitz in Bayern, die 1914 gegr\u00fcndet wurde. Ihre Philosophie ist es, jedes Brot, Br\u00f6tchen, Kuchen und Geb\u00e4ck mit Liebe, Sorgfalt und auf traditionelle Weise herzustellen. In Anbetracht dieser Philosophie [&hellip;]","og_url":"https:\/\/zenkit.com\/de\/referenzen\/baeckerei-sipl\/","og_site_name":"Zenkit","article_publisher":"https:\/\/www.facebook.com\/ZenkitHQ","article_modified_time":"2025-11-03T07:13:15+00:00","og_image":[{"url":"https:\/\/zenkit.com\/wp-content\/uploads\/2021\/05\/Sipl-1.png","type":"","width":"","height":""}],"twitter_card":"summary_large_image","twitter_image":"https:\/\/zenkit.com\/wp-content\/uploads\/2021\/05\/Sipl-1.png","twitter_site":"@ZenkitHQ","schema":{"@context":"https:\/\/schema.org","@graph":[{"@type":"WebPage","@id":"https:\/\/zenkit.com\/de\/referenzen\/baeckerei-sipl\/","url":"https:\/\/zenkit.com\/de\/referenzen\/baeckerei-sipl\/","name":"B\u00e4ckerei Sipl | Zenkit","isPartOf":{"@id":"https:\/\/zenkit.com\/de\/#website"},"primaryImageOfPage":{"@id":"https:\/\/zenkit.com\/de\/referenzen\/baeckerei-sipl\/#primaryimage"},"image":{"@id":"https:\/\/zenkit.com\/de\/referenzen\/baeckerei-sipl\/#primaryimage"},"thumbnailUrl":"https:\/\/zenkit.com\/wp-content\/uploads\/2025\/05\/baeckerei-sipl-team-1024x695.webp","datePublished":"2021-04-06T08:14:06+00:00","dateModified":"2025-11-03T07:13:15+00:00","breadcrumb":{"@id":"https:\/\/zenkit.com\/de\/referenzen\/baeckerei-sipl\/#breadcrumb"},"inLanguage":"de","potentialAction":[{"@type":"ReadAction","target":["https:\/\/zenkit.com\/de\/referenzen\/baeckerei-sipl\/"]}]},{"@type":"ImageObject","inLanguage":"de","@id":"https:\/\/zenkit.com\/de\/referenzen\/baeckerei-sipl\/#primaryimage","url":"https:\/\/zenkit.com\/wp-content\/uploads\/2025\/05\/baeckerei-sipl-team-1024x695.webp","contentUrl":"https:\/\/zenkit.com\/wp-content\/uploads\/2025\/05\/baeckerei-sipl-team-1024x695.webp"},{"@type":"BreadcrumbList","@id":"https:\/\/zenkit.com\/de\/referenzen\/baeckerei-sipl\/#breadcrumb","itemListElement":[{"@type":"ListItem","position":1,"name":"Home","item":"https:\/\/zenkit.com\/de\/"},{"@type":"ListItem","position":2,"name":"Referenzen","item":"https:\/\/zenkit.com\/de\/referenzen\/"},{"@type":"ListItem","position":3,"name":"B\u00e4ckerei Sipl"}]},{"@type":"WebSite","@id":"https:\/\/zenkit.com\/de\/#website","url":"https:\/\/zenkit.com\/de\/","name":"Zenkit","description":"Zenkit Tagline","potentialAction":[{"@type":"SearchAction","target":{"@type":"EntryPoint","urlTemplate":"https:\/\/zenkit.com\/de\/?s={search_term_string}"},"query-input":{"@type":"PropertyValueSpecification","valueRequired":true,"valueName":"search_term_string"}}],"inLanguage":"de"},false]}},"yasr_visitor_votes":{"stars_attributes":{"read_only":false,"span_bottom":false},"number_of_votes":0,"sum_votes":0},"_links":{"self":[{"href":"https:\/\/zenkit.com\/de\/wp-json\/wp\/v2\/pages\/59447","targetHints":{"allow":["GET"]}}],"collection":[{"href":"https:\/\/zenkit.com\/de\/wp-json\/wp\/v2\/pages"}],"about":[{"href":"https:\/\/zenkit.com\/de\/wp-json\/wp\/v2\/types\/page"}],"author":[{"embeddable":true,"href":"https:\/\/zenkit.com\/de\/wp-json\/wp\/v2\/users\/28"}],"replies":[{"embeddable":true,"href":"https:\/\/zenkit.com\/de\/wp-json\/wp\/v2\/comments?post=59447"}],"version-history":[{"count":7,"href":"https:\/\/zenkit.com\/de\/wp-json\/wp\/v2\/pages\/59447\/revisions"}],"predecessor-version":[{"id":119327,"href":"https:\/\/zenkit.com\/de\/wp-json\/wp\/v2\/pages\/59447\/revisions\/119327"}],"up":[{"embeddable":true,"href":"https:\/\/zenkit.com\/de\/wp-json\/wp\/v2\/pages\/59464"}],"wp:attachment":[{"href":"https:\/\/zenkit.com\/de\/wp-json\/wp\/v2\/media?parent=59447"}],"curies":[{"name":"wp","href":"https:\/\/api.w.org\/{rel}","templated":true}]}}