{"id":59451,"date":"2021-03-18T09:56:53","date_gmt":"2021-03-18T08:56:53","guid":{"rendered":"https:\/\/zenkit.com\/awo-giessen\/"},"modified":"2025-11-03T08:13:15","modified_gmt":"2025-11-03T07:13:15","slug":"awo-giessen","status":"publish","type":"page","link":"https:\/\/zenkit.com\/de\/referenzen\/awo-giessen\/","title":{"rendered":"AWO Gie\u00dfen"},"content":{"rendered":"\n<div class=\"wp-block-group page__header has-global-padding is-layout-constrained wp-block-group-is-layout-constrained\">\n<div class=\"wp-block-group width--950 has-global-padding is-layout-constrained wp-block-group-is-layout-constrained\">\n<div style=\"height:45px;--tablet-height:45px;--mobile-height:16px\" class=\"wp-block-lookeen-blocks-responsive-spacer\"><\/div>\n\n\n\n<div class=\"wp-block-group has-global-padding is-layout-constrained wp-block-group-is-layout-constrained\">\n<h1 class=\"wp-block-heading has-text-align-center\" style=\"margin-bottom:8px\">Erfolgsgeschichte: AWO in Gie\u00dfen!<\/h1>\n<\/div>\n\n\n\n<div class=\"wp-block-group has-global-padding is-layout-constrained wp-block-group-is-layout-constrained\">\n<p class=\"has-text-align-center subheading\"><strong>Die AWO in Gie\u00dfen minimiert ihren Zeitaufwand f\u00fcr Projekte mit der Hilfe von Zenkit<\/strong><\/p>\n<\/div>\n\n\n\n<div style=\"height:48px;--tablet-height:36px;--mobile-height:24px\" class=\"wp-block-lookeen-blocks-responsive-spacer\"><\/div>\n\n\n\n<section class=\"wp-block-group da-banner-customer-story-pattern is-layout-flow wp-block-group-is-layout-flow\">\n<div class=\"wp-block-group container container--small is-layout-flow wp-block-group-is-layout-flow\">\n<div class=\"wp-block-group da-banner-customer-story-pattern__image-wrapper is-layout-flow wp-block-group-is-layout-flow\">\n<figure class=\"wp-block-image\" style=\"margin-top:0px;margin-bottom:0px\"><img decoding=\"async\" src=\"https:\/\/zenkit.com\/wp-content\/uploads\/2021\/03\/awo_team_innovationsmanagement-2-1.png\" alt=\"Erfolgsgeschichte: AWO in Gie\u00dfen\"\/><\/figure>\n\n\n\n<figure class=\"wp-block-image da-banner-customer-story-pattern__logo\"><img decoding=\"async\" src=\"https:\/\/zenkit.com\/wp-content\/uploads\/2021\/04\/awo-giessen.jpg\" alt=\"awo logo\"\/><\/figure>\n<\/div>\n<\/div>\n<\/section>\n\n\n\n<div style=\"height:88px;--tablet-height:72px;--mobile-height:40px\" class=\"wp-block-lookeen-blocks-responsive-spacer\"><\/div>\n\n\n\n<p class=\"has-text-align-center\"><strong>Die AWO in Gie\u00dfen ist ein lokales Mitglied der in Deutschland registrierten Non-profit Organisation Arbeiterwohlfart Bundesverband (AWO). Sie bieten Sozialdienste an und unterst\u00fctzen bed\u00fcrftige Senioren und Kinder mit Mitgef\u00fchl und F\u00fcrsorge.<\/strong><\/p>\n\n\n\n<p class=\"has-text-align-center\"><strong>Um perfekte Arbeitsabl\u00e4ufe f\u00fcr aktuelle Events und Projekte zu garantieren, nutzt die AWO in Gie\u00dfen unsere Projektmanagementl\u00f6sung Zenkit Base nun schon seit mehr als 2 Jahren in ihren Teams. Heute wird Roland Scheld, der Fachbereichsleiter f\u00fcr Senioren und Innovationsmanagement bei der AWO Gie\u00dfen, erz\u00e4hlen, wie Zenkit ihrem Unternehmen helfen konnte die Prozesse zu optimieren und ihre Arbeit f\u00fcr die Gesellschaft unterst\u00fctzen konnte.<\/strong><\/p>\n<\/div>\n\n\n\n<div style=\"height:88px;--tablet-height:72px;--mobile-height:40px\" class=\"wp-block-lookeen-blocks-responsive-spacer\"><\/div>\n<\/div>\n\n\n\n<section class=\"wp-block-group da-columns-cards has-global-padding is-layout-constrained wp-block-group-is-layout-constrained\">\n<div class=\"wp-block-group container has-global-padding is-layout-constrained wp-block-group-is-layout-constrained\">\n<div class=\"wp-block-columns is-not-stacked-on-mobile is-layout-flex wp-container-core-columns-is-layout-28f84493 wp-block-columns-is-layout-flex\">\n<div class=\"wp-block-column is-layout-flow wp-block-column-is-layout-flow\">\n<figure class=\"wp-block-image aligncenter size-full\"><img decoding=\"async\" src=\"https:\/\/zenkit.com\/wp-content\/uploads\/2025\/03\/loca-1.svg\" alt=\"location pin\" class=\"wp-image-111491\"\/><\/figure>\n\n\n\n<p class=\"has-text-align-center is-style-default\">Gie\u00dfen,<br>Germany<\/p>\n<\/div>\n\n\n\n<div class=\"wp-block-column is-layout-flow wp-block-column-is-layout-flow\">\n<figure class=\"wp-block-image aligncenter size-full\"><img decoding=\"async\" src=\"https:\/\/zenkit.com\/wp-content\/uploads\/2025\/03\/loca-2.svg\" alt=\"people\" class=\"wp-image-111501\"\/><\/figure>\n\n\n\n<p class=\"has-text-align-center\">480<br>employees<\/p>\n<\/div>\n\n\n\n<div class=\"wp-block-column is-layout-flow wp-block-column-is-layout-flow\">\n<figure class=\"wp-block-image aligncenter size-full\"><img decoding=\"async\" src=\"https:\/\/zenkit.com\/wp-content\/uploads\/2025\/03\/loca-3.svg\" alt=\"website\" class=\"wp-image-111511\"\/><\/figure>\n\n\n\n<p class=\"has-text-align-center link_style-inherit\"><a href=\"http:\/\/www.awo-giessen.org\" target=\"_blank\" rel=\"noreferrer noopener\">www.awo-giessen.org<\/a><\/p>\n<\/div>\n\n\n\n<div class=\"wp-block-column is-layout-flow wp-block-column-is-layout-flow\">\n<figure class=\"wp-block-image aligncenter size-full\"><img decoding=\"async\" src=\"https:\/\/zenkit.com\/wp-content\/uploads\/2025\/03\/loca-4.svg\" alt=\"Time\" class=\"wp-image-111521\"\/><\/figure>\n\n\n\n<p class=\"has-text-align-center\">2 years using<br>Zenkit Base<\/p>\n<\/div>\n\n\n\n<div class=\"wp-block-column is-layout-flow wp-block-column-is-layout-flow\">\n<figure class=\"wp-block-image aligncenter size-full\"><img decoding=\"async\" src=\"https:\/\/zenkit.com\/wp-content\/uploads\/2025\/03\/loca-5.svg\" alt=\"Project Management, documentation\n&amp; team communication\" class=\"wp-image-111531\"\/><\/figure>\n\n\n\n<p class=\"has-text-align-center\">Project management, task management and relational database<\/p>\n<\/div>\n<\/div>\n<\/div>\n<\/section>\n\n\n\n<div class=\"wp-block-group has-global-padding is-layout-constrained wp-block-group-is-layout-constrained\">\n<div style=\"height:88px;--tablet-height:72px;--mobile-height:40px\" class=\"wp-block-lookeen-blocks-responsive-spacer\"><\/div>\n\n\n\n<div class=\"wp-block-columns is-style-default is-layout-flex wp-container-core-columns-is-layout-2eb748b2 wp-block-columns-is-layout-flex\" style=\"margin-top:0px;margin-bottom:0px\">\n<div class=\"wp-block-column is-layout-flow wp-block-column-is-layout-flow\">\n<h2 class=\"wp-block-heading\" style=\"margin-top:0;margin-right:0;margin-bottom:0;margin-left:0\">\u201cViele komplexe Projekte zu verwalten ist ganz einfach mit Zenkits vielf\u00e4ltigen Datenansichten\u201d<\/h2>\n\n\n\n<div style=\"height:24px;--tablet-height:24px;--mobile-height:24px\" class=\"wp-block-lookeen-blocks-responsive-spacer\"><\/div>\n\n\n\n<hr class=\"wp-block-separator has-alpha-channel-opacity is-style-colored-line\"\/>\n<\/div>\n\n\n\n<div class=\"wp-block-column is-layout-flow wp-block-column-is-layout-flow\">\n<p>Die AWO in Gie\u00dfen verwendet Zenkit haupts\u00e4chlich daf\u00fcr, um die Herausforderung, viele Projekte gleichzeitig verwalten zu k\u00f6nnen, zu bew\u00e4ltigen. Roland weist darauf hin, dass Zenkit ihnen mit den vielf\u00e4ltigen und hilfreichen Datenansichten, dabei geholfen hat, Projekte deutlich erfolgreicher umzusetzen.<\/p>\n\n\n\n<p>Um ihre Projekte durchzuf\u00fchren hat die AWO in Gie\u00dfen viele verschiedene und n\u00fctzliche Collections in Zenkit erstellt. Diese reichen von Projektpl\u00e4nen, einem Mitgliederverzeichnis, einem umfassenden Projektkalender und Projektdokumenten, bis hin zu ganzen Archiven f\u00fcr Dokumente. Innerhalb jeder Collection sind sie in der Lage, die passende Ansicht f\u00fcr genau die enthaltenen Daten zu verwenden.<\/p>\n\n\n\n<p>Da beispielsweise die Wiki-Ansicht eine klare Struktur f\u00fcr die darin enthaltenen Informationen und Daten bietet und somit jedes Teammitglied auf dem aktuellen Stand ist, verwenden sie diese Ansicht f\u00fcr ihre Projektpl\u00e4ne, sowie in den Collections f\u00fcr die Projektthemen, da hier ein klares und tiefgreifendes Verst\u00e4ndnis n\u00f6tig ist. Dies bildet die Wiki-Ansicht perfekt ab. W\u00e4hrenddessen eignet sich die Listenansicht besser f\u00fcr ihr Mitgliederverzeichnis und die Projektdaten- und Dokumente. Die Informationen darin m\u00fcssen nicht strukturiert sein und so k\u00f6nnen die Daten ganz einfach gesucht und gefiltert werden. Nicht zu vergessen: Bei t\u00e4glich anfallenden Aufgaben und Projektmanagement verwenden sie nat\u00fcrlich die Kanban-Ansicht, welche es ihnen erm\u00f6glicht die Daten ganz einfach zu visualisieren und die Fortschritte der einzelnen Aufgaben einzusehen.<\/p>\n<\/div>\n<\/div>\n<\/div>\n\n\n\n<div style=\"height:88px;--tablet-height:72px;--mobile-height:40px\" class=\"wp-block-lookeen-blocks-responsive-spacer\"><\/div>\n\n\n\n<div class=\"wp-block-group has-global-padding is-layout-constrained wp-block-group-is-layout-constrained\">\n<div class=\"wp-block-columns is-style-da-column-order-reverse is-layout-flex wp-container-core-columns-is-layout-2eb748b2 wp-block-columns-is-layout-flex\" style=\"margin-top:0px;margin-bottom:0px\">\n<div class=\"wp-block-column is-layout-flow wp-block-column-is-layout-flow\">\n<p>Um die Vielzahl der unterschiedlichen Projekte, Datenbanken und Wikis zu verwalten und zu unterscheiden, verwendet die AWO in Gie\u00dfen mehrere Collections, welche jeweils in den themenspezifischen Workspaces voneinander getrennt werden. Mithilfe der Referenz-Funktion ist es dann m\u00f6glich, zusammenh\u00e4ngende Collections miteinander zu verkn\u00fcpfen.<\/p>\n\n\n\n<p>Beispielsweise verkn\u00fcpfen sie ihre Collection f\u00fcr den Projektplan mit der Collection f\u00fcr die einzelnen Projektaufgaben, sodass sie immer genau verfolgen k\u00f6nnen, zu welchem \u200b\u200bTeil des Plans eine spezifische Aufgabe geh\u00f6rt. Auf diese Weise sind sie in der Lage ganz genau den Fortschritt der einzelnen Projekte zu \u00fcberwachen ohne dabei ihren Plan mit kleinen, eher unwichtigen Aufgaben zu \u00fcberladen.<\/p>\n\n\n\n<p>Die Referenzfunktion in Zenkit ist nat\u00fcrlich nur eine von vielen n\u00fctzlichen Tools. Auch die Aggregation von referenzierten Elementen \u00fcber mehrere Collections hinweg ist eine Funktion, welche die AWO speziell genannt hat. F\u00fcr Roland ist ebenfalls die intuitive und benutzerfreundliche Benutzeroberfl\u00e4che hilfreich, da es ihnen so einfach f\u00e4llt kleine Datenbanken zu erstellen, welche sie ben\u00f6tigen um ihre Projekte ohne Probleme umzusetzen.<\/p>\n<\/div>\n\n\n\n<div class=\"wp-block-column is-layout-flow wp-block-column-is-layout-flow\">\n<h2 class=\"wp-block-heading\" style=\"margin-top:0;margin-right:0;margin-bottom:0;margin-left:0\">\u201cAm meisten sticht f\u00fcr uns die Referenz-Funktion hervor, da wir mit deren Hilfe ganz simpel verschiedene Collections miteinander verkn\u00fcpfen k\u00f6nnen\u201d<\/h2>\n\n\n\n<div style=\"height:24px;--tablet-height:24px;--mobile-height:24px\" class=\"wp-block-lookeen-blocks-responsive-spacer\"><\/div>\n\n\n\n<hr class=\"wp-block-separator has-alpha-channel-opacity is-style-colored-line\"\/>\n<\/div>\n<\/div>\n<\/div>\n\n\n\n<div class=\"wp-block-group has-global-padding is-layout-constrained wp-block-group-is-layout-constrained\">\n<div style=\"height:88px;--tablet-height:72px;--mobile-height:40px\" class=\"wp-block-lookeen-blocks-responsive-spacer\"><\/div>\n\n\n\n<div class=\"wp-block-group has-global-padding is-layout-constrained wp-container-core-group-is-layout-61f7a5d6 wp-block-group-is-layout-constrained\">\n<figure class=\"wp-block-image size-full\"><img loading=\"lazy\" decoding=\"async\" width=\"660\" height=\"444\" src=\"https:\/\/zenkit.com\/wp-content\/uploads\/2025\/03\/Albert-Osswald-Giesen-1.jpg\" alt=\"awo building\" class=\"wp-image-111561\" srcset=\"https:\/\/zenkit.com\/wp-content\/uploads\/2025\/03\/Albert-Osswald-Giesen-1.jpg 660w, https:\/\/zenkit.com\/wp-content\/uploads\/2025\/03\/Albert-Osswald-Giesen-1-300x202.jpg 300w\" sizes=\"auto, (max-width: 660px) 100vw, 660px\" \/><\/figure>\n<\/div>\n\n\n\n<div style=\"height:88px;--tablet-height:72px;--mobile-height:40px\" class=\"wp-block-lookeen-blocks-responsive-spacer\"><\/div>\n<\/div>\n\n\n\n<div class=\"wp-block-group has-global-padding is-layout-constrained wp-block-group-is-layout-constrained\">\n<div class=\"wp-block-columns is-style-default is-layout-flex wp-container-core-columns-is-layout-2eb748b2 wp-block-columns-is-layout-flex\" style=\"margin-top:0px;margin-bottom:0px\">\n<div class=\"wp-block-column is-layout-flow wp-block-column-is-layout-flow\">\n<h2 class=\"wp-block-heading\" style=\"margin-top:0;margin-right:0;margin-bottom:0;margin-left:0\">\u201cMit Zenkit k\u00f6nnen wir uns schnell einen klaren \u00dcberblick verschaffen, indem wir die numerischen Daten automatisch berechnen\u201d<\/h2>\n\n\n\n<div style=\"height:24px;--tablet-height:24px;--mobile-height:24px\" class=\"wp-block-lookeen-blocks-responsive-spacer\"><\/div>\n\n\n\n<hr class=\"wp-block-separator has-alpha-channel-opacity is-style-colored-line\"\/>\n<\/div>\n\n\n\n<div class=\"wp-block-column is-layout-flow wp-block-column-is-layout-flow\">\n<p>Die Mitarbeiter der AWO in Gie\u00dfen speichern die Zeit welche sie f\u00fcr bestimmte Projekte aufgewandt haben direkt in Zenkit. Mithilfe der Aggregations- und Formelfunktionen von Zenkit werden die f\u00fcr ein Projekt aufgewendete Gesamtzeit, die Aufteilung der Stunden pro Mitarbeiter, die Stunden pro Aufgabe und vieles mehr automatisch berechnet. Das bedeutet, dass Manager einen schnellen \u00dcberblick \u00fcber diese Zahlen erhalten k\u00f6nnen, ohne sie manuell berechnen zu m\u00fcssen. Zudem ist auch keine externe Berichtssoftware notwendig.<\/p>\n\n\n\n<p>Dank der Klarheit dieser Funktionen k\u00f6nnen die Projektmanager der AWO in Gie\u00dfen ihre Projekte verfolgen und Ressourcen effizienter planen und neu zuweisen.<\/p>\n<\/div>\n<\/div>\n\n\n\n<div style=\"height:88px;--tablet-height:72px;--mobile-height:40px\" class=\"wp-block-lookeen-blocks-responsive-spacer\"><\/div>\n\n\n\n<div class=\"wp-block-columns is-style-da-column-order-reverse is-layout-flex wp-container-core-columns-is-layout-2eb748b2 wp-block-columns-is-layout-flex\" style=\"margin-top:0px;margin-bottom:0px\">\n<div class=\"wp-block-column is-layout-flow wp-block-column-is-layout-flow\">\n<p>Gegen Ende kam Roland zu dem Schluss, dass die Verwendung von Zenkit dazu f\u00fchrt, dass sowohl die geplante als auch die tats\u00e4chliche Zeit f\u00fcr ganze Projekte reduziert wird. Er schrieb diese Leistung Zenkit zu, da Zenkit Klarheit und Einfachheit in jede Phase des Projektmanagements bringt. Dies umfasst die \u00dcberwachung und Verbesserung von Prozessen sowie die Reduzierung des Zeitaufwands f\u00fcr Planung, Ausf\u00fchrung, \u00dcberwachung und \u00dcberarbeitung bis zum endg\u00fcltigen Abschluss von Projekten. Mit seinen leistungsstarken und dennoch benutzerfreundlichen Funktionen empfand die AWO in Gie\u00dfen Zenkit als das ideale Werkzeug, um die Arbeitseffizienz zu verbessern und produktiv arbeiten zu k\u00f6nnen!<\/p>\n<\/div>\n\n\n\n<div class=\"wp-block-column is-layout-flow wp-block-column-is-layout-flow\">\n<h2 class=\"wp-block-heading\" style=\"margin-top:0;margin-right:0;margin-bottom:0;margin-left:0\">\u201cMit Zenkit verbessern wir das Zeitmanagement unseres Teams.\u201d<\/h2>\n\n\n\n<div style=\"height:24px;--tablet-height:24px;--mobile-height:24px\" class=\"wp-block-lookeen-blocks-responsive-spacer\"><\/div>\n\n\n\n<hr class=\"wp-block-separator has-alpha-channel-opacity is-style-colored-line\"\/>\n<\/div>\n<\/div>\n<\/div>\n\n\n\n<div style=\"height:88px;--tablet-height:72px;--mobile-height:40px\" class=\"wp-block-lookeen-blocks-responsive-spacer\"><\/div>\n\n\n\n<p class=\"has-text-align-center\" style=\"margin-bottom:8px\"><strong>PDF herunterladen<\/strong><\/p>\n\n\n\n<div class=\"wp-block-group has-global-padding is-layout-constrained wp-block-group-is-layout-constrained\">\n<div class=\"wp-block-buttons is-content-justification-center is-layout-flex wp-container-core-buttons-is-layout-a89b3969 wp-block-buttons-is-layout-flex\">\n<div class=\"wp-block-button is-style-rainbow\"><a class=\"wp-block-button__link wp-element-button\" href=\"https:\/\/zenkit.com\/wp-content\/uploads\/2023\/09\/zenkit-customer-story-awo-giessen-de.pdf\" target=\"_blank\" rel=\"noreferrer noopener\"><span>PDF herunterladen<\/span><\/a><\/div>\n<\/div>\n<\/div>\n\n\n\n<div style=\"height:110px;--tablet-height:60px;--mobile-height:48px\" class=\"wp-block-lookeen-blocks-responsive-spacer\"><\/div>\n\n\n\n<div style=\"height:110px;--tablet-height:60px;--mobile-height:60px\" class=\"wp-block-lookeen-blocks-responsive-spacer\"><\/div>\n","protected":false},"excerpt":{"rendered":"<p>Erfolgsgeschichte: AWO in Gie\u00dfen! Die AWO in Gie\u00dfen minimiert ihren Zeitaufwand f\u00fcr Projekte mit der Hilfe von Zenkit Die AWO in Gie\u00dfen ist ein lokales Mitglied der in Deutschland registrierten Non-profit Organisation Arbeiterwohlfart Bundesverband (AWO). Sie bieten Sozialdienste an und unterst\u00fctzen bed\u00fcrftige Senioren und Kinder mit Mitgef\u00fchl und F\u00fcrsorge. Um perfekte Arbeitsabl\u00e4ufe f\u00fcr aktuelle Events [&hellip;]<\/p>\n","protected":false},"author":28,"featured_media":0,"parent":59464,"menu_order":0,"comment_status":"closed","ping_status":"closed","template":"","meta":{"yasr_overall_rating":0,"yasr_post_is_review":"","yasr_auto_insert_disabled":"","yasr_review_type":"","footnotes":""},"class_list":["post-59451","page","type-page","status-publish","hentry"],"yoast_head":"<!-- This site is optimized with the Yoast SEO plugin v27.4 - https:\/\/yoast.com\/product\/yoast-seo-wordpress\/ -->\n<title>AWO Gie\u00dfen | Zenkit<\/title>\n<meta name=\"robots\" content=\"index, follow, max-snippet:-1, max-image-preview:large, max-video-preview:-1\" \/>\n<link rel=\"canonical\" href=\"https:\/\/zenkit.com\/de\/referenzen\/awo-giessen\/\" \/>\n<meta property=\"og:locale\" content=\"de_DE\" \/>\n<meta property=\"og:type\" content=\"article\" \/>\n<meta property=\"og:title\" content=\"AWO Gie\u00dfen | Zenkit\" \/>\n<meta property=\"og:description\" content=\"Erfolgsgeschichte: AWO in Gie\u00dfen! Die AWO in Gie\u00dfen minimiert ihren Zeitaufwand f\u00fcr Projekte mit der Hilfe von Zenkit Die AWO in Gie\u00dfen ist ein lokales Mitglied der in Deutschland registrierten Non-profit Organisation Arbeiterwohlfart Bundesverband (AWO). Sie bieten Sozialdienste an und unterst\u00fctzen bed\u00fcrftige Senioren und Kinder mit Mitgef\u00fchl und F\u00fcrsorge. Um perfekte Arbeitsabl\u00e4ufe f\u00fcr aktuelle Events [&hellip;]\" \/>\n<meta property=\"og:url\" content=\"https:\/\/zenkit.com\/de\/referenzen\/awo-giessen\/\" \/>\n<meta property=\"og:site_name\" content=\"Zenkit\" \/>\n<meta property=\"article:publisher\" content=\"https:\/\/www.facebook.com\/ZenkitHQ\" \/>\n<meta property=\"article:modified_time\" content=\"2025-11-03T07:13:15+00:00\" \/>\n<meta property=\"og:image\" content=\"https:\/\/zenkit.com\/wp-content\/uploads\/2021\/04\/awo-social.png\" \/>\n<meta name=\"twitter:card\" content=\"summary_large_image\" \/>\n<meta name=\"twitter:image\" content=\"https:\/\/zenkit.com\/wp-content\/uploads\/2021\/04\/awo-social.png\" \/>\n<meta name=\"twitter:site\" content=\"@ZenkitHQ\" \/>\n<script type=\"application\/ld+json\" class=\"yoast-schema-graph\">{\"@context\":\"https:\\\/\\\/schema.org\",\"@graph\":[{\"@type\":\"WebPage\",\"@id\":\"https:\\\/\\\/zenkit.com\\\/de\\\/referenzen\\\/awo-giessen\\\/\",\"url\":\"https:\\\/\\\/zenkit.com\\\/de\\\/referenzen\\\/awo-giessen\\\/\",\"name\":\"AWO Gie\u00dfen | Zenkit\",\"isPartOf\":{\"@id\":\"https:\\\/\\\/zenkit.com\\\/de\\\/#website\"},\"primaryImageOfPage\":{\"@id\":\"https:\\\/\\\/zenkit.com\\\/de\\\/referenzen\\\/awo-giessen\\\/#primaryimage\"},\"image\":{\"@id\":\"https:\\\/\\\/zenkit.com\\\/de\\\/referenzen\\\/awo-giessen\\\/#primaryimage\"},\"thumbnailUrl\":\"https:\\\/\\\/zenkit.com\\\/wp-content\\\/uploads\\\/2021\\\/03\\\/awo_team_innovationsmanagement-2-1.png\",\"datePublished\":\"2021-03-18T08:56:53+00:00\",\"dateModified\":\"2025-11-03T07:13:15+00:00\",\"breadcrumb\":{\"@id\":\"https:\\\/\\\/zenkit.com\\\/de\\\/referenzen\\\/awo-giessen\\\/#breadcrumb\"},\"inLanguage\":\"de\",\"potentialAction\":[{\"@type\":\"ReadAction\",\"target\":[\"https:\\\/\\\/zenkit.com\\\/de\\\/referenzen\\\/awo-giessen\\\/\"]}]},{\"@type\":\"ImageObject\",\"inLanguage\":\"de\",\"@id\":\"https:\\\/\\\/zenkit.com\\\/de\\\/referenzen\\\/awo-giessen\\\/#primaryimage\",\"url\":\"https:\\\/\\\/zenkit.com\\\/wp-content\\\/uploads\\\/2021\\\/03\\\/awo_team_innovationsmanagement-2-1.png\",\"contentUrl\":\"https:\\\/\\\/zenkit.com\\\/wp-content\\\/uploads\\\/2021\\\/03\\\/awo_team_innovationsmanagement-2-1.png\"},{\"@type\":\"BreadcrumbList\",\"@id\":\"https:\\\/\\\/zenkit.com\\\/de\\\/referenzen\\\/awo-giessen\\\/#breadcrumb\",\"itemListElement\":[{\"@type\":\"ListItem\",\"position\":1,\"name\":\"Home\",\"item\":\"https:\\\/\\\/zenkit.com\\\/de\\\/\"},{\"@type\":\"ListItem\",\"position\":2,\"name\":\"Referenzen\",\"item\":\"https:\\\/\\\/zenkit.com\\\/de\\\/referenzen\\\/\"},{\"@type\":\"ListItem\",\"position\":3,\"name\":\"AWO Gie\u00dfen\"}]},{\"@type\":\"WebSite\",\"@id\":\"https:\\\/\\\/zenkit.com\\\/de\\\/#website\",\"url\":\"https:\\\/\\\/zenkit.com\\\/de\\\/\",\"name\":\"Zenkit\",\"description\":\"Zenkit Tagline\",\"potentialAction\":[{\"@type\":\"SearchAction\",\"target\":{\"@type\":\"EntryPoint\",\"urlTemplate\":\"https:\\\/\\\/zenkit.com\\\/de\\\/?s={search_term_string}\"},\"query-input\":{\"@type\":\"PropertyValueSpecification\",\"valueRequired\":true,\"valueName\":\"search_term_string\"}}],\"inLanguage\":\"de\"},false]}<\/script>\n<!-- \/ Yoast SEO plugin. -->","yoast_head_json":{"title":"AWO Gie\u00dfen | Zenkit","robots":{"index":"index","follow":"follow","max-snippet":"max-snippet:-1","max-image-preview":"max-image-preview:large","max-video-preview":"max-video-preview:-1"},"canonical":"https:\/\/zenkit.com\/de\/referenzen\/awo-giessen\/","og_locale":"de_DE","og_type":"article","og_title":"AWO Gie\u00dfen | Zenkit","og_description":"Erfolgsgeschichte: AWO in Gie\u00dfen! Die AWO in Gie\u00dfen minimiert ihren Zeitaufwand f\u00fcr Projekte mit der Hilfe von Zenkit Die AWO in Gie\u00dfen ist ein lokales Mitglied der in Deutschland registrierten Non-profit Organisation Arbeiterwohlfart Bundesverband (AWO). Sie bieten Sozialdienste an und unterst\u00fctzen bed\u00fcrftige Senioren und Kinder mit Mitgef\u00fchl und F\u00fcrsorge. Um perfekte Arbeitsabl\u00e4ufe f\u00fcr aktuelle Events [&hellip;]","og_url":"https:\/\/zenkit.com\/de\/referenzen\/awo-giessen\/","og_site_name":"Zenkit","article_publisher":"https:\/\/www.facebook.com\/ZenkitHQ","article_modified_time":"2025-11-03T07:13:15+00:00","og_image":[{"url":"https:\/\/zenkit.com\/wp-content\/uploads\/2021\/04\/awo-social.png","type":"","width":"","height":""}],"twitter_card":"summary_large_image","twitter_image":"https:\/\/zenkit.com\/wp-content\/uploads\/2021\/04\/awo-social.png","twitter_site":"@ZenkitHQ","schema":{"@context":"https:\/\/schema.org","@graph":[{"@type":"WebPage","@id":"https:\/\/zenkit.com\/de\/referenzen\/awo-giessen\/","url":"https:\/\/zenkit.com\/de\/referenzen\/awo-giessen\/","name":"AWO Gie\u00dfen | Zenkit","isPartOf":{"@id":"https:\/\/zenkit.com\/de\/#website"},"primaryImageOfPage":{"@id":"https:\/\/zenkit.com\/de\/referenzen\/awo-giessen\/#primaryimage"},"image":{"@id":"https:\/\/zenkit.com\/de\/referenzen\/awo-giessen\/#primaryimage"},"thumbnailUrl":"https:\/\/zenkit.com\/wp-content\/uploads\/2021\/03\/awo_team_innovationsmanagement-2-1.png","datePublished":"2021-03-18T08:56:53+00:00","dateModified":"2025-11-03T07:13:15+00:00","breadcrumb":{"@id":"https:\/\/zenkit.com\/de\/referenzen\/awo-giessen\/#breadcrumb"},"inLanguage":"de","potentialAction":[{"@type":"ReadAction","target":["https:\/\/zenkit.com\/de\/referenzen\/awo-giessen\/"]}]},{"@type":"ImageObject","inLanguage":"de","@id":"https:\/\/zenkit.com\/de\/referenzen\/awo-giessen\/#primaryimage","url":"https:\/\/zenkit.com\/wp-content\/uploads\/2021\/03\/awo_team_innovationsmanagement-2-1.png","contentUrl":"https:\/\/zenkit.com\/wp-content\/uploads\/2021\/03\/awo_team_innovationsmanagement-2-1.png"},{"@type":"BreadcrumbList","@id":"https:\/\/zenkit.com\/de\/referenzen\/awo-giessen\/#breadcrumb","itemListElement":[{"@type":"ListItem","position":1,"name":"Home","item":"https:\/\/zenkit.com\/de\/"},{"@type":"ListItem","position":2,"name":"Referenzen","item":"https:\/\/zenkit.com\/de\/referenzen\/"},{"@type":"ListItem","position":3,"name":"AWO Gie\u00dfen"}]},{"@type":"WebSite","@id":"https:\/\/zenkit.com\/de\/#website","url":"https:\/\/zenkit.com\/de\/","name":"Zenkit","description":"Zenkit Tagline","potentialAction":[{"@type":"SearchAction","target":{"@type":"EntryPoint","urlTemplate":"https:\/\/zenkit.com\/de\/?s={search_term_string}"},"query-input":{"@type":"PropertyValueSpecification","valueRequired":true,"valueName":"search_term_string"}}],"inLanguage":"de"},false]}},"yasr_visitor_votes":{"stars_attributes":{"read_only":false,"span_bottom":false},"number_of_votes":0,"sum_votes":0},"_links":{"self":[{"href":"https:\/\/zenkit.com\/de\/wp-json\/wp\/v2\/pages\/59451","targetHints":{"allow":["GET"]}}],"collection":[{"href":"https:\/\/zenkit.com\/de\/wp-json\/wp\/v2\/pages"}],"about":[{"href":"https:\/\/zenkit.com\/de\/wp-json\/wp\/v2\/types\/page"}],"author":[{"embeddable":true,"href":"https:\/\/zenkit.com\/de\/wp-json\/wp\/v2\/users\/28"}],"replies":[{"embeddable":true,"href":"https:\/\/zenkit.com\/de\/wp-json\/wp\/v2\/comments?post=59451"}],"version-history":[{"count":62,"href":"https:\/\/zenkit.com\/de\/wp-json\/wp\/v2\/pages\/59451\/revisions"}],"predecessor-version":[{"id":119319,"href":"https:\/\/zenkit.com\/de\/wp-json\/wp\/v2\/pages\/59451\/revisions\/119319"}],"up":[{"embeddable":true,"href":"https:\/\/zenkit.com\/de\/wp-json\/wp\/v2\/pages\/59464"}],"wp:attachment":[{"href":"https:\/\/zenkit.com\/de\/wp-json\/wp\/v2\/media?parent=59451"}],"curies":[{"name":"wp","href":"https:\/\/api.w.org\/{rel}","templated":true}]}}