{"id":59464,"date":"2021-03-04T08:56:30","date_gmt":"2021-03-04T07:56:30","guid":{"rendered":"https:\/\/zenkit.com\/customer-stories\/"},"modified":"2025-11-04T06:53:11","modified_gmt":"2025-11-04T05:53:11","slug":"referenzen","status":"publish","type":"page","link":"https:\/\/zenkit.com\/de\/referenzen\/","title":{"rendered":"Referenzen"},"content":{"rendered":"\n<div class=\"wp-block-group has-global-padding is-layout-constrained wp-block-group-is-layout-constrained\">\n<div class=\"wp-block-group width--950 has-global-padding is-layout-constrained wp-block-group-is-layout-constrained\">\n<div style=\"height:45px;--tablet-height:45px;--mobile-height:16px\" class=\"wp-block-lookeen-blocks-responsive-spacer\"><\/div>\n\n\n\n<div class=\"wp-block-group has-global-padding is-layout-constrained wp-block-group-is-layout-constrained\">\n<h1 class=\"wp-block-heading has-text-align-center\" style=\"margin-bottom:8px\">Referenzen<\/h1>\n<\/div>\n\n\n\n<div class=\"wp-block-group has-global-padding is-layout-constrained wp-block-group-is-layout-constrained\">\n<p class=\"has-text-align-center subheading\">\u00dcberzeugen Sie sich selbst von unserer Qualit\u00e4t. Kunden unterschiedlicher Branchen erkl\u00e4ren, wie Zenkit, effizientes Management etabliert hat.<\/p>\n<\/div>\n\n\n\n<div style=\"height:48px;--tablet-height:36px;--mobile-height:24px\" class=\"wp-block-lookeen-blocks-responsive-spacer\"><\/div>\n<\/div>\n<\/div>\n\n\n\n<div class=\"wp-block-group has-global-padding is-layout-constrained wp-block-group-is-layout-constrained\">\n<div class=\"wp-block-group reference__grid has-global-padding is-layout-constrained wp-block-group-is-layout-constrained\">\n<div class=\"wp-block-group reference__box has-global-padding is-layout-constrained wp-block-group-is-layout-constrained\">\n<figure class=\"wp-block-image size-full\"><img loading=\"lazy\" decoding=\"async\" width=\"1637\" height=\"1111\" src=\"https:\/\/zenkit.com\/wp-content\/uploads\/2021\/03\/awo_team_innovationsmanagement-2-1.png\" alt=\"AWO Gie\u00dfen\" class=\"wp-image-58653\" srcset=\"https:\/\/zenkit.com\/wp-content\/uploads\/2021\/03\/awo_team_innovationsmanagement-2-1.png 1637w, https:\/\/zenkit.com\/wp-content\/uploads\/2021\/03\/awo_team_innovationsmanagement-2-1-300x204.png 300w, https:\/\/zenkit.com\/wp-content\/uploads\/2021\/03\/awo_team_innovationsmanagement-2-1-1024x695.png 1024w, https:\/\/zenkit.com\/wp-content\/uploads\/2021\/03\/awo_team_innovationsmanagement-2-1-768x521.png 768w, https:\/\/zenkit.com\/wp-content\/uploads\/2021\/03\/awo_team_innovationsmanagement-2-1-1536x1042.png 1536w\" sizes=\"auto, (max-width: 1637px) 100vw, 1637px\" \/><\/figure>\n\n\n\n<div class=\"wp-block-group has-global-padding is-layout-constrained wp-block-group-is-layout-constrained\">\n<h3 class=\"wp-block-heading card__title has-da-blue-color-new has-text-color has-link-color wp-elements-b7c7dfa7d0b32f9f0bf203116408bf91\" style=\"font-size:30px\">AWO Gie\u00dfen<\/h3>\n\n\n\n<p class=\"read__more\" style=\"font-style:normal;font-weight:700\"><a href=\"https:\/\/zenkit.com\/de\/referenzen\/awo-giessen\/\">Mehr erfahren<\/a><\/p>\n<\/div>\n<\/div>\n\n\n\n<div class=\"wp-block-group reference__box has-global-padding is-layout-constrained wp-block-group-is-layout-constrained\">\n<figure class=\"wp-block-image size-full\"><img loading=\"lazy\" decoding=\"async\" width=\"580\" height=\"386\" src=\"https:\/\/zenkit.com\/wp-content\/uploads\/2024\/01\/andreas-tecklenburg.png.png\" alt=\"Marienhaus\" class=\"wp-image-103800\" srcset=\"https:\/\/zenkit.com\/wp-content\/uploads\/2024\/01\/andreas-tecklenburg.png.png 580w, https:\/\/zenkit.com\/wp-content\/uploads\/2024\/01\/andreas-tecklenburg.png-300x200.png 300w\" sizes=\"auto, (max-width: 580px) 100vw, 580px\" \/><\/figure>\n\n\n\n<div class=\"wp-block-group has-global-padding is-layout-constrained wp-block-group-is-layout-constrained\">\n<h3 class=\"wp-block-heading card__title has-da-blue-color-new has-text-color has-link-color wp-elements-5d65d3bb43071efc0361cc412ab1d5b8\" style=\"font-size:30px\">Marienhaus<\/h3>\n\n\n\n<p class=\"read__more\" style=\"font-style:normal;font-weight:700\"><a href=\"https:\/\/zenkit.com\/de\/referenzen\/marienhaus\/\" data-type=\"link\" data-id=\"https:\/\/zenkit.com\/de\/referenzen\/marienhaus\/\">Mehr erfahren<\/a><\/p>\n<\/div>\n<\/div>\n\n\n\n<div class=\"wp-block-group reference__box has-global-padding is-layout-constrained wp-block-group-is-layout-constrained\">\n<figure class=\"wp-block-image size-full\"><img loading=\"lazy\" decoding=\"async\" width=\"1201\" height=\"800\" src=\"https:\/\/zenkit.com\/wp-content\/uploads\/2024\/01\/csm_HTW-Berlin-DJI_0291-HTW_Berlin-Alexander_Rentsch_77f670faaa.jpg\" alt=\"HTW Berlin\" class=\"wp-image-103789\" srcset=\"https:\/\/zenkit.com\/wp-content\/uploads\/2024\/01\/csm_HTW-Berlin-DJI_0291-HTW_Berlin-Alexander_Rentsch_77f670faaa.jpg 1201w, https:\/\/zenkit.com\/wp-content\/uploads\/2024\/01\/csm_HTW-Berlin-DJI_0291-HTW_Berlin-Alexander_Rentsch_77f670faaa-300x200.jpg 300w, https:\/\/zenkit.com\/wp-content\/uploads\/2024\/01\/csm_HTW-Berlin-DJI_0291-HTW_Berlin-Alexander_Rentsch_77f670faaa-1024x682.jpg 1024w, https:\/\/zenkit.com\/wp-content\/uploads\/2024\/01\/csm_HTW-Berlin-DJI_0291-HTW_Berlin-Alexander_Rentsch_77f670faaa-768x512.jpg 768w\" sizes=\"auto, (max-width: 1201px) 100vw, 1201px\" \/><\/figure>\n\n\n\n<div class=\"wp-block-group has-global-padding is-layout-constrained wp-block-group-is-layout-constrained\">\n<h3 class=\"wp-block-heading card__title has-da-blue-color-new has-text-color has-link-color wp-elements-c0138a6e6b92bc339ecba0859a2c9173\" style=\"font-size:30px\">HTW Berlin<\/h3>\n\n\n\n<p class=\"read__more\" style=\"font-style:normal;font-weight:700\"><a href=\"https:\/\/zenkit.com\/de\/referenzen\/htw-berlin\/\" data-type=\"link\" data-id=\"https:\/\/zenkit.com\/de\/referenzen\/htw-berlin\/\">Mehr erfahren<\/a><\/p>\n<\/div>\n<\/div>\n\n\n\n<div class=\"wp-block-group reference__box has-global-padding is-layout-constrained wp-block-group-is-layout-constrained\">\n<figure class=\"wp-block-image size-full\"><img loading=\"lazy\" decoding=\"async\" width=\"1637\" height=\"1111\" src=\"https:\/\/zenkit.com\/wp-content\/uploads\/2021\/04\/baeckerei-sipl-team.jpg\" alt=\"B\u00e4ckerei Sipl\" class=\"wp-image-59402\" srcset=\"https:\/\/zenkit.com\/wp-content\/uploads\/2021\/04\/baeckerei-sipl-team.jpg 1637w, https:\/\/zenkit.com\/wp-content\/uploads\/2021\/04\/baeckerei-sipl-team-300x204.jpg 300w, https:\/\/zenkit.com\/wp-content\/uploads\/2021\/04\/baeckerei-sipl-team-1024x695.jpg 1024w, https:\/\/zenkit.com\/wp-content\/uploads\/2021\/04\/baeckerei-sipl-team-768x521.jpg 768w, https:\/\/zenkit.com\/wp-content\/uploads\/2021\/04\/baeckerei-sipl-team-1536x1042.jpg 1536w\" sizes=\"auto, (max-width: 1637px) 100vw, 1637px\" \/><\/figure>\n\n\n\n<div class=\"wp-block-group has-global-padding is-layout-constrained wp-block-group-is-layout-constrained\">\n<h3 class=\"wp-block-heading card__title has-da-blue-color-new has-text-color has-link-color wp-elements-5812420a1674f447e1c24f80d6032448\" style=\"font-size:30px\">B\u00e4ckerei Sipl<\/h3>\n\n\n\n<p class=\"read__more\" style=\"font-style:normal;font-weight:700\"><a href=\"https:\/\/zenkit.com\/de\/referenzen\/baeckerei-sipl\/\" data-type=\"link\" data-id=\"https:\/\/zenkit.com\/de\/referenzen\/baeckerei-sipl\/\">Mehr erfahren<\/a><\/p>\n<\/div>\n<\/div>\n\n\n\n<div class=\"wp-block-group reference__box has-global-padding is-layout-constrained wp-block-group-is-layout-constrained\">\n<figure class=\"wp-block-image size-full\"><img loading=\"lazy\" decoding=\"async\" width=\"1637\" height=\"1111\" src=\"https:\/\/zenkit.com\/wp-content\/uploads\/2022\/08\/5g4hc-banner.jpg\" alt=\"Ostbayerische TH Amberg-Weiden\" class=\"wp-image-82363\" srcset=\"https:\/\/zenkit.com\/wp-content\/uploads\/2022\/08\/5g4hc-banner.jpg 1637w, https:\/\/zenkit.com\/wp-content\/uploads\/2022\/08\/5g4hc-banner-300x204.jpg 300w, https:\/\/zenkit.com\/wp-content\/uploads\/2022\/08\/5g4hc-banner-1024x695.jpg 1024w, https:\/\/zenkit.com\/wp-content\/uploads\/2022\/08\/5g4hc-banner-768x521.jpg 768w, https:\/\/zenkit.com\/wp-content\/uploads\/2022\/08\/5g4hc-banner-1536x1042.jpg 1536w\" sizes=\"auto, (max-width: 1637px) 100vw, 1637px\" \/><\/figure>\n\n\n\n<div class=\"wp-block-group has-global-padding is-layout-constrained wp-block-group-is-layout-constrained\">\n<h3 class=\"wp-block-heading card__title has-da-blue-color-new has-text-color has-link-color wp-elements-03f8b425155fb729294bbb8a5b2d096b\" style=\"font-size:30px\">Ostbayerische TH Amberg-Weiden<\/h3>\n\n\n\n<p class=\"read__more\" style=\"font-style:normal;font-weight:700\"><a href=\"https:\/\/zenkit.com\/de\/referenzen\/ostbayerische-technische-hochschule-amberg-weiden\/\" data-type=\"link\" data-id=\"https:\/\/zenkit.com\/de\/referenzen\/ostbayerische-technische-hochschule-amberg-weiden\/\">Mehr erfahren<\/a><\/p>\n<\/div>\n<\/div>\n\n\n\n<div class=\"wp-block-group reference__box has-global-padding is-layout-constrained wp-block-group-is-layout-constrained\">\n<figure class=\"wp-block-image size-full\"><img loading=\"lazy\" decoding=\"async\" width=\"1076\" height=\"744\" src=\"https:\/\/zenkit.com\/wp-content\/uploads\/2021\/12\/afs-banner.jpg\" alt=\"AFS\" class=\"wp-image-70452\" srcset=\"https:\/\/zenkit.com\/wp-content\/uploads\/2021\/12\/afs-banner.jpg 1076w, https:\/\/zenkit.com\/wp-content\/uploads\/2021\/12\/afs-banner-300x207.jpg 300w, https:\/\/zenkit.com\/wp-content\/uploads\/2021\/12\/afs-banner-1024x708.jpg 1024w, https:\/\/zenkit.com\/wp-content\/uploads\/2021\/12\/afs-banner-768x531.jpg 768w\" sizes=\"auto, (max-width: 1076px) 100vw, 1076px\" \/><\/figure>\n\n\n\n<div class=\"wp-block-group has-global-padding is-layout-constrained wp-block-group-is-layout-constrained\">\n<h3 class=\"wp-block-heading card__title has-da-blue-color-new has-text-color has-link-color wp-elements-2f814f52f97c6cb424a88ca003a8e499\" style=\"font-size:30px\">AFS<\/h3>\n\n\n\n<p class=\"read__more\" style=\"font-style:normal;font-weight:700\"><a href=\"https:\/\/zenkit.com\/de\/referenzen\/afs\/\" data-type=\"link\" data-id=\"https:\/\/zenkit.com\/de\/referenzen\/afs\/\">Mehr erfahren<\/a><\/p>\n<\/div>\n<\/div>\n\n\n\n<div class=\"wp-block-group reference__box has-global-padding is-layout-constrained wp-block-group-is-layout-constrained\">\n<figure class=\"wp-block-image size-full\"><img loading=\"lazy\" decoding=\"async\" width=\"775\" height=\"490\" src=\"https:\/\/zenkit.com\/wp-content\/uploads\/2021\/10\/crystal-miad.jpg\" alt=\"Milwaukee Institute of Art &amp; Design\" class=\"wp-image-67867\" srcset=\"https:\/\/zenkit.com\/wp-content\/uploads\/2021\/10\/crystal-miad.jpg 775w, https:\/\/zenkit.com\/wp-content\/uploads\/2021\/10\/crystal-miad-300x190.jpg 300w, https:\/\/zenkit.com\/wp-content\/uploads\/2021\/10\/crystal-miad-768x486.jpg 768w\" sizes=\"auto, (max-width: 775px) 100vw, 775px\" \/><\/figure>\n\n\n\n<div class=\"wp-block-group has-global-padding is-layout-constrained wp-block-group-is-layout-constrained\">\n<h3 class=\"wp-block-heading card__title has-da-blue-color-new has-text-color has-link-color wp-elements-27818e65c6b4651e21e9a1e213e0239d\" style=\"font-size:30px\">Milwaukee Institute of Art &amp; Design<\/h3>\n\n\n\n<p class=\"read__more\" style=\"font-style:normal;font-weight:700\"><a href=\"https:\/\/zenkit.com\/de\/referenzen\/miad\/\" data-type=\"link\" data-id=\"https:\/\/zenkit.com\/de\/referenzen\/miad\/\">Mehr erfahren<\/a><\/p>\n<\/div>\n<\/div>\n\n\n\n<div class=\"wp-block-group reference__box has-global-padding is-layout-constrained wp-block-group-is-layout-constrained\">\n<figure class=\"wp-block-image size-full\"><img loading=\"lazy\" decoding=\"async\" width=\"1024\" height=\"476\" src=\"https:\/\/zenkit.com\/wp-content\/uploads\/2021\/05\/abs_aussenstelle_hanau.jpg\" alt=\"August Bebel Schule\" class=\"wp-image-62283\" srcset=\"https:\/\/zenkit.com\/wp-content\/uploads\/2021\/05\/abs_aussenstelle_hanau.jpg 1024w, https:\/\/zenkit.com\/wp-content\/uploads\/2021\/05\/abs_aussenstelle_hanau-300x139.jpg 300w, https:\/\/zenkit.com\/wp-content\/uploads\/2021\/05\/abs_aussenstelle_hanau-768x357.jpg 768w\" sizes=\"auto, (max-width: 1024px) 100vw, 1024px\" \/><\/figure>\n\n\n\n<div class=\"wp-block-group has-global-padding is-layout-constrained wp-block-group-is-layout-constrained\">\n<h3 class=\"wp-block-heading card__title has-da-blue-color-new has-text-color has-link-color wp-elements-2d0ac26f900ce2bcb9b6fa052d4c2c4c\" style=\"font-size:30px\">August Bebel Schule<\/h3>\n\n\n\n<p class=\"read__more\" style=\"font-style:normal;font-weight:700\"><a href=\"https:\/\/zenkit.com\/de\/referenzen\/august-bebel-schule\/\" data-type=\"link\" data-id=\"https:\/\/zenkit.com\/de\/referenzen\/august-bebel-schule\/\">Mehr erfahren<\/a><\/p>\n<\/div>\n<\/div>\n\n\n\n<div class=\"wp-block-group reference__box has-global-padding is-layout-constrained wp-block-group-is-layout-constrained\">\n<figure class=\"wp-block-image size-full\"><img loading=\"lazy\" decoding=\"async\" width=\"640\" height=\"374\" src=\"https:\/\/zenkit.com\/wp-content\/uploads\/2021\/12\/atv-impression.jpg\" alt=\"ATV\" class=\"wp-image-70413\" srcset=\"https:\/\/zenkit.com\/wp-content\/uploads\/2021\/12\/atv-impression.jpg 640w, https:\/\/zenkit.com\/wp-content\/uploads\/2021\/12\/atv-impression-300x175.jpg 300w\" sizes=\"auto, (max-width: 640px) 100vw, 640px\" \/><\/figure>\n\n\n\n<div class=\"wp-block-group has-global-padding is-layout-constrained wp-block-group-is-layout-constrained\">\n<h3 class=\"wp-block-heading card__title has-da-blue-color-new has-text-color has-link-color wp-elements-df96eb4a580f404c7f1d9a66bda5a297\" style=\"font-size:30px\">ATV<\/h3>\n\n\n\n<p class=\"read__more\" style=\"font-style:normal;font-weight:700\"><a href=\"https:\/\/zenkit.com\/de\/referenzen\/atv\/\" data-type=\"link\" data-id=\"https:\/\/zenkit.com\/de\/referenzen\/atv\/\">Mehr erfahren<\/a><\/p>\n<\/div>\n<\/div>\n<\/div>\n<\/div>\n\n\n\n<div style=\"height:110px;--tablet-height:60px;--mobile-height:48px\" class=\"wp-block-lookeen-blocks-responsive-spacer\"><\/div>\n","protected":false},"excerpt":{"rendered":"<p>Referenzen \u00dcberzeugen Sie sich selbst von unserer Qualit\u00e4t. Kunden unterschiedlicher Branchen erkl\u00e4ren, wie Zenkit, effizientes Management etabliert hat. AWO Gie\u00dfen Mehr erfahren Marienhaus Mehr erfahren HTW Berlin Mehr erfahren B\u00e4ckerei Sipl Mehr erfahren Ostbayerische TH Amberg-Weiden Mehr erfahren AFS Mehr erfahren Milwaukee Institute of Art &amp; Design Mehr erfahren August Bebel Schule Mehr erfahren ATV [&hellip;]<\/p>\n","protected":false},"author":28,"featured_media":0,"parent":0,"menu_order":0,"comment_status":"closed","ping_status":"closed","template":"","meta":{"yasr_overall_rating":0,"yasr_post_is_review":"","yasr_auto_insert_disabled":"","yasr_review_type":"","footnotes":""},"class_list":["post-59464","page","type-page","status-publish","hentry"],"yoast_head":"<!-- This site is optimized with the Yoast SEO plugin v27.3 - https:\/\/yoast.com\/product\/yoast-seo-wordpress\/ -->\n<title>Referenzen | Zenkit<\/title>\n<meta name=\"robots\" content=\"index, follow, max-snippet:-1, max-image-preview:large, max-video-preview:-1\" \/>\n<link rel=\"canonical\" href=\"https:\/\/zenkit.com\/de\/referenzen\/\" \/>\n<meta property=\"og:locale\" content=\"de_DE\" \/>\n<meta property=\"og:type\" content=\"article\" \/>\n<meta property=\"og:title\" content=\"Referenzen | Zenkit\" \/>\n<meta property=\"og:description\" content=\"Referenzen \u00dcberzeugen Sie sich selbst von unserer Qualit\u00e4t. Kunden unterschiedlicher Branchen erkl\u00e4ren, wie Zenkit, effizientes Management etabliert hat. AWO Gie\u00dfen Mehr erfahren Marienhaus Mehr erfahren HTW Berlin Mehr erfahren B\u00e4ckerei Sipl Mehr erfahren Ostbayerische TH Amberg-Weiden Mehr erfahren AFS Mehr erfahren Milwaukee Institute of Art &amp; Design Mehr erfahren August Bebel Schule Mehr erfahren ATV [&hellip;]\" \/>\n<meta property=\"og:url\" content=\"https:\/\/zenkit.com\/de\/referenzen\/\" \/>\n<meta property=\"og:site_name\" content=\"Zenkit\" \/>\n<meta property=\"article:publisher\" content=\"https:\/\/www.facebook.com\/ZenkitHQ\" \/>\n<meta property=\"article:modified_time\" content=\"2025-11-04T05:53:11+00:00\" \/>\n<meta property=\"og:image\" content=\"https:\/\/zenkit.com\/wp-content\/uploads\/2021\/01\/collaborate.jpg\" \/>\n<meta name=\"twitter:card\" content=\"summary_large_image\" \/>\n<meta name=\"twitter:site\" content=\"@ZenkitHQ\" \/>\n<script type=\"application\/ld+json\" class=\"yoast-schema-graph\">{\"@context\":\"https:\\\/\\\/schema.org\",\"@graph\":[{\"@type\":\"WebPage\",\"@id\":\"https:\\\/\\\/zenkit.com\\\/de\\\/referenzen\\\/\",\"url\":\"https:\\\/\\\/zenkit.com\\\/de\\\/referenzen\\\/\",\"name\":\"Referenzen | Zenkit\",\"isPartOf\":{\"@id\":\"https:\\\/\\\/zenkit.com\\\/de\\\/#website\"},\"primaryImageOfPage\":{\"@id\":\"https:\\\/\\\/zenkit.com\\\/de\\\/referenzen\\\/#primaryimage\"},\"image\":{\"@id\":\"https:\\\/\\\/zenkit.com\\\/de\\\/referenzen\\\/#primaryimage\"},\"thumbnailUrl\":\"https:\\\/\\\/zenkit.com\\\/wp-content\\\/uploads\\\/2021\\\/03\\\/awo_team_innovationsmanagement-2-1.png\",\"datePublished\":\"2021-03-04T07:56:30+00:00\",\"dateModified\":\"2025-11-04T05:53:11+00:00\",\"breadcrumb\":{\"@id\":\"https:\\\/\\\/zenkit.com\\\/de\\\/referenzen\\\/#breadcrumb\"},\"inLanguage\":\"de\",\"potentialAction\":[{\"@type\":\"ReadAction\",\"target\":[\"https:\\\/\\\/zenkit.com\\\/de\\\/referenzen\\\/\"]}]},{\"@type\":\"ImageObject\",\"inLanguage\":\"de\",\"@id\":\"https:\\\/\\\/zenkit.com\\\/de\\\/referenzen\\\/#primaryimage\",\"url\":\"https:\\\/\\\/zenkit.com\\\/wp-content\\\/uploads\\\/2021\\\/03\\\/awo_team_innovationsmanagement-2-1.png\",\"contentUrl\":\"https:\\\/\\\/zenkit.com\\\/wp-content\\\/uploads\\\/2021\\\/03\\\/awo_team_innovationsmanagement-2-1.png\"},{\"@type\":\"BreadcrumbList\",\"@id\":\"https:\\\/\\\/zenkit.com\\\/de\\\/referenzen\\\/#breadcrumb\",\"itemListElement\":[{\"@type\":\"ListItem\",\"position\":1,\"name\":\"Home\",\"item\":\"https:\\\/\\\/zenkit.com\\\/de\\\/\"},{\"@type\":\"ListItem\",\"position\":2,\"name\":\"Referenzen\"}]},{\"@type\":\"WebSite\",\"@id\":\"https:\\\/\\\/zenkit.com\\\/de\\\/#website\",\"url\":\"https:\\\/\\\/zenkit.com\\\/de\\\/\",\"name\":\"Zenkit\",\"description\":\"Zenkit Tagline\",\"potentialAction\":[{\"@type\":\"SearchAction\",\"target\":{\"@type\":\"EntryPoint\",\"urlTemplate\":\"https:\\\/\\\/zenkit.com\\\/de\\\/?s={search_term_string}\"},\"query-input\":{\"@type\":\"PropertyValueSpecification\",\"valueRequired\":true,\"valueName\":\"search_term_string\"}}],\"inLanguage\":\"de\"},false]}<\/script>\n<!-- \/ Yoast SEO plugin. -->","yoast_head_json":{"title":"Referenzen | Zenkit","robots":{"index":"index","follow":"follow","max-snippet":"max-snippet:-1","max-image-preview":"max-image-preview:large","max-video-preview":"max-video-preview:-1"},"canonical":"https:\/\/zenkit.com\/de\/referenzen\/","og_locale":"de_DE","og_type":"article","og_title":"Referenzen | Zenkit","og_description":"Referenzen \u00dcberzeugen Sie sich selbst von unserer Qualit\u00e4t. Kunden unterschiedlicher Branchen erkl\u00e4ren, wie Zenkit, effizientes Management etabliert hat. AWO Gie\u00dfen Mehr erfahren Marienhaus Mehr erfahren HTW Berlin Mehr erfahren B\u00e4ckerei Sipl Mehr erfahren Ostbayerische TH Amberg-Weiden Mehr erfahren AFS Mehr erfahren Milwaukee Institute of Art &amp; Design Mehr erfahren August Bebel Schule Mehr erfahren ATV [&hellip;]","og_url":"https:\/\/zenkit.com\/de\/referenzen\/","og_site_name":"Zenkit","article_publisher":"https:\/\/www.facebook.com\/ZenkitHQ","article_modified_time":"2025-11-04T05:53:11+00:00","og_image":[{"url":"https:\/\/zenkit.com\/wp-content\/uploads\/2021\/01\/collaborate.jpg","type":"","width":"","height":""}],"twitter_card":"summary_large_image","twitter_site":"@ZenkitHQ","schema":{"@context":"https:\/\/schema.org","@graph":[{"@type":"WebPage","@id":"https:\/\/zenkit.com\/de\/referenzen\/","url":"https:\/\/zenkit.com\/de\/referenzen\/","name":"Referenzen | Zenkit","isPartOf":{"@id":"https:\/\/zenkit.com\/de\/#website"},"primaryImageOfPage":{"@id":"https:\/\/zenkit.com\/de\/referenzen\/#primaryimage"},"image":{"@id":"https:\/\/zenkit.com\/de\/referenzen\/#primaryimage"},"thumbnailUrl":"https:\/\/zenkit.com\/wp-content\/uploads\/2021\/03\/awo_team_innovationsmanagement-2-1.png","datePublished":"2021-03-04T07:56:30+00:00","dateModified":"2025-11-04T05:53:11+00:00","breadcrumb":{"@id":"https:\/\/zenkit.com\/de\/referenzen\/#breadcrumb"},"inLanguage":"de","potentialAction":[{"@type":"ReadAction","target":["https:\/\/zenkit.com\/de\/referenzen\/"]}]},{"@type":"ImageObject","inLanguage":"de","@id":"https:\/\/zenkit.com\/de\/referenzen\/#primaryimage","url":"https:\/\/zenkit.com\/wp-content\/uploads\/2021\/03\/awo_team_innovationsmanagement-2-1.png","contentUrl":"https:\/\/zenkit.com\/wp-content\/uploads\/2021\/03\/awo_team_innovationsmanagement-2-1.png"},{"@type":"BreadcrumbList","@id":"https:\/\/zenkit.com\/de\/referenzen\/#breadcrumb","itemListElement":[{"@type":"ListItem","position":1,"name":"Home","item":"https:\/\/zenkit.com\/de\/"},{"@type":"ListItem","position":2,"name":"Referenzen"}]},{"@type":"WebSite","@id":"https:\/\/zenkit.com\/de\/#website","url":"https:\/\/zenkit.com\/de\/","name":"Zenkit","description":"Zenkit Tagline","potentialAction":[{"@type":"SearchAction","target":{"@type":"EntryPoint","urlTemplate":"https:\/\/zenkit.com\/de\/?s={search_term_string}"},"query-input":{"@type":"PropertyValueSpecification","valueRequired":true,"valueName":"search_term_string"}}],"inLanguage":"de"},false]}},"yasr_visitor_votes":{"stars_attributes":{"read_only":false,"span_bottom":false},"number_of_votes":0,"sum_votes":0},"_links":{"self":[{"href":"https:\/\/zenkit.com\/de\/wp-json\/wp\/v2\/pages\/59464","targetHints":{"allow":["GET"]}}],"collection":[{"href":"https:\/\/zenkit.com\/de\/wp-json\/wp\/v2\/pages"}],"about":[{"href":"https:\/\/zenkit.com\/de\/wp-json\/wp\/v2\/types\/page"}],"author":[{"embeddable":true,"href":"https:\/\/zenkit.com\/de\/wp-json\/wp\/v2\/users\/28"}],"replies":[{"embeddable":true,"href":"https:\/\/zenkit.com\/de\/wp-json\/wp\/v2\/comments?post=59464"}],"version-history":[{"count":11,"href":"https:\/\/zenkit.com\/de\/wp-json\/wp\/v2\/pages\/59464\/revisions"}],"predecessor-version":[{"id":110514,"href":"https:\/\/zenkit.com\/de\/wp-json\/wp\/v2\/pages\/59464\/revisions\/110514"}],"wp:attachment":[{"href":"https:\/\/zenkit.com\/de\/wp-json\/wp\/v2\/media?parent=59464"}],"curies":[{"name":"wp","href":"https:\/\/api.w.org\/{rel}","templated":true}]}}