{"id":60930,"date":"2021-04-21T14:12:34","date_gmt":"2021-04-21T12:12:34","guid":{"rendered":"https:\/\/zenkit.com\/tutorials-re\/"},"modified":"2025-03-14T10:48:57","modified_gmt":"2025-03-14T09:48:57","slug":"tutorials","status":"publish","type":"page","link":"https:\/\/zenkit.com\/de\/tutorials\/","title":{"rendered":"Tutorials"},"content":{"rendered":"\n<div class=\"wp-block-group page__header has-global-padding is-layout-constrained wp-block-group-is-layout-constrained\">\n<div class=\"wp-block-group width--950 has-global-padding is-layout-constrained wp-block-group-is-layout-constrained\">\n<div style=\"height:45px;--tablet-height:45px;--mobile-height:16px\" class=\"wp-block-lookeen-blocks-responsive-spacer\"><\/div>\n\n\n\n<div class=\"wp-block-group has-global-padding is-layout-constrained wp-block-group-is-layout-constrained\">\n<h1 class=\"wp-block-heading has-text-align-center\" style=\"margin-bottom:8px\">Leitfaden<\/h1>\n<\/div>\n\n\n\n<div class=\"wp-block-group has-global-padding is-layout-constrained wp-block-group-is-layout-constrained\">\n<p class=\"has-text-align-center subheading\">Lernen Sie Zenkits Basis-Funktionen kennen und verschaffen Sie sich einen \u00dcberblick \u00fcber die wichtigsten Anwendungsm\u00f6glichkeiten.<\/p>\n<\/div>\n\n\n\n<div style=\"height:48px;--tablet-height:36px;--mobile-height:24px\" class=\"wp-block-lookeen-blocks-responsive-spacer\"><\/div>\n<\/div>\n<\/div>\n\n\n\n<div class=\"wp-block-group has-global-padding is-layout-constrained wp-block-group-is-layout-constrained\">\n<div class=\"wp-block-zenkit-blocks-js-search\"><div class=\"da__search-wrapper\"><input type=\"search\" placeholder=\"Suche\" aria-label=\"Search\" data-target=\"videos\"\/><svg xmlns=\"http:\/\/www.w3.org\/2000\/svg\" width=\"20\" height=\"20\" viewBox=\"0 0 20 20\" fill=\"none\"><g clip-path=\"url(#clip0_11309_6679)\"><path d=\"M19.6848 18.1668L14.9689 13.4517C16.2884 11.9805 17.036 10.0771 17.036 8.07122C17.036 3.62049 13.4155 0 8.96478 0C4.51405 0 0.892578 3.62049 0.892578 8.07122C0.892578 12.522 4.51404 16.1434 8.96478 16.1434C10.5206 16.1434 12.0358 15.6854 13.3318 14.8507L18.1667 19.6849C18.3765 19.8947 18.6506 20 18.9257 20C19.2009 20 19.476 19.8946 19.6848 19.6849C20.1043 19.2654 20.1043 18.5854 19.6848 18.1668ZM3.04087 8.07122C3.04087 4.80488 5.69843 2.14829 8.96477 2.14829C12.2311 2.14829 14.8877 4.80488 14.8877 8.07122C14.8877 9.82732 14.116 11.4819 12.7696 12.6117C11.7072 13.5044 10.356 13.9951 8.96477 13.9951C5.69843 13.9951 3.04087 11.3376 3.04087 8.07122Z\" fill=\"\"><\/path><\/g><defs><clipPath id=\"clip0_11309_6679\"><rect width=\"19.1068\" height=\"20\" fill=\"white\" transform=\"translate(0.892578)\"><\/rect><\/clipPath><\/defs><\/svg><button type=\"button\" class=\"da__clear-btn\" aria-label=\"Clear search\" style=\"display:none\">\u00d7<\/button><\/div><\/div>\n\n\n\n<div style=\"height:48px;--tablet-height:36px;--mobile-height:24px\" class=\"wp-block-lookeen-blocks-responsive-spacer\"><\/div>\n\n\n\n<div class=\"wp-block-group videos has-global-padding is-layout-constrained wp-block-group-is-layout-constrained\">\n<div class=\"wp-block-group has-global-padding is-layout-constrained wp-block-group-is-layout-constrained\">\n<div class=\"wp-block-group video__container-grid has-global-padding is-layout-constrained wp-block-group-is-layout-constrained\">\n<div class=\"wp-block-group video__container has-global-padding is-layout-constrained wp-block-group-is-layout-constrained\">\n<iframe loading=\"lazy\" width=\"560\" height=\"315\" src=\"https:\/\/www.youtube.com\/embed\/dlrb7Xesp-U?si=1NJ61_eD_yeYpA-7\" title=\"YouTube video player\" frameborder=\"0\" allow=\"accelerometer; autoplay; clipboard-write; encrypted-media; gyroscope; picture-in-picture; web-share\" referrerpolicy=\"strict-origin-when-cross-origin\" allowfullscreen><\/iframe>\n\n\n\n<p class=\"has-text-align-center card__title has-da-grey-2-color has-text-color has-link-color wp-elements-6087845f20dcb7ccbe32a5ccb059aa6c\">Dieses Einf\u00fchrungsvideo gibt Ihnen einen Einblick in Zenkits Collections, Items und verschiedene Datenansichten.<\/p>\n<\/div>\n\n\n\n<div class=\"wp-block-group video__container has-global-padding is-layout-constrained wp-block-group-is-layout-constrained\">\n<iframe loading=\"lazy\" width=\"560\" height=\"315\" src=\"https:\/\/www.youtube.com\/embed\/PCBr4lUjG3Y?si=RcMz1HtvPCcYOXUs\" title=\"YouTube video player\" frameborder=\"0\" allow=\"accelerometer; autoplay; clipboard-write; encrypted-media; gyroscope; picture-in-picture; web-share\" referrerpolicy=\"strict-origin-when-cross-origin\" allowfullscreen><\/iframe>\n\n\n\n<p class=\"has-text-align-center card__title has-da-grey-2-color has-text-color has-link-color wp-elements-fee068cd681af1737dda130f17bf6856\">Eine Einf\u00fchrung in Zenkit f\u00fcr Trello Nutzer. Hier erfahren Sie, wie Sie Ihre Trello Boards importieren k\u00f6nnen und weshalb sich der Wechsel zu uns lohnt.<\/p>\n<\/div>\n\n\n\n<div class=\"wp-block-group video__container has-global-padding is-layout-constrained wp-block-group-is-layout-constrained\">\n<iframe loading=\"lazy\" width=\"560\" height=\"315\" src=\"https:\/\/www.youtube.com\/embed\/O5J4w8f4Bz8?si=_WRKyfbzk4tJnm8c\" title=\"YouTube video player\" frameborder=\"0\" allow=\"accelerometer; autoplay; clipboard-write; encrypted-media; gyroscope; picture-in-picture; web-share\" referrerpolicy=\"strict-origin-when-cross-origin\" allowfullscreen><\/iframe>\n\n\n\n<p class=\"has-text-align-center card__title has-da-grey-1-color has-text-color has-link-color wp-elements-b3b7946a8f455b13f09fa65fdd5f1754\">Ein schneller \u00dcberblick \u00fcber Zenkits benutzerdefinierte Felder.<\/p>\n<\/div>\n<\/div>\n<\/div>\n\n\n\n<div style=\"height:88px;--tablet-height:72px;--mobile-height:40px\" class=\"wp-block-lookeen-blocks-responsive-spacer\"><\/div>\n\n\n\n<div class=\"wp-block-group has-global-padding is-layout-constrained wp-block-group-is-layout-constrained\">\n<h2 class=\"wp-block-heading has-text-align-center display-h1\" style=\"margin-bottom:8px\">Ansichten<\/h2>\n\n\n\n<p class=\"has-text-align-center is-style-subtext\" style=\"margin-bottom:0px\">Eine ausf\u00fchrliche \u00dcbersicht \u00fcber die verschiedenen Ansichtsm\u00f6glichkeiten in Zenkit.<\/p>\n\n\n\n<div style=\"height:48px;--tablet-height:36px;--mobile-height:24px\" class=\"wp-block-lookeen-blocks-responsive-spacer\"><\/div>\n\n\n\n<div class=\"wp-block-group video__container-grid has-global-padding is-layout-constrained wp-block-group-is-layout-constrained\">\n<div class=\"wp-block-group video__container has-global-padding is-layout-constrained wp-block-group-is-layout-constrained\">\n<iframe loading=\"lazy\" width=\"560\" height=\"315\" src=\"https:\/\/www.youtube.com\/embed\/AuPXZeKhwyY?si=SHz3FDQ98yuCqiVZ\" title=\"YouTube video player\" frameborder=\"0\" allow=\"accelerometer; autoplay; clipboard-write; encrypted-media; gyroscope; picture-in-picture; web-share\" referrerpolicy=\"strict-origin-when-cross-origin\" allowfullscreen><\/iframe>\n\n\n\n<p class=\"has-text-align-center card__title has-da-grey-2-color has-text-color has-link-color wp-elements-769457191c3a87536e92158717831edd\">So setzten sie die Kanban Methode mit Hilfe von Zenkit um.<\/p>\n<\/div>\n\n\n\n<div class=\"wp-block-group video__container has-global-padding is-layout-constrained wp-block-group-is-layout-constrained\">\n<iframe loading=\"lazy\" width=\"560\" height=\"315\" src=\"https:\/\/www.youtube.com\/embed\/EbyKCvf9_DQ?si=aMwaBrknLPbgMx-7\" title=\"YouTube video player\" frameborder=\"0\" allow=\"accelerometer; autoplay; clipboard-write; encrypted-media; gyroscope; picture-in-picture; web-share\" referrerpolicy=\"strict-origin-when-cross-origin\" allowfullscreen><\/iframe>\n\n\n\n<p class=\"has-text-align-center card__title has-da-grey-2-color has-text-color has-link-color wp-elements-5ef0bafa40c8f33d5ee7f438cc6e0bea\">Ein schneller \u00dcberblick \u00fcber die Funktionen der Tabellenansicht in Zenkit.<\/p>\n<\/div>\n\n\n\n<div class=\"wp-block-group video__container has-global-padding is-layout-constrained wp-block-group-is-layout-constrained\">\n<iframe loading=\"lazy\" width=\"560\" height=\"315\" src=\"https:\/\/www.youtube.com\/embed\/0KgEbJ3Q8gI?si=KnB8AIipkxTf8sDw\" title=\"YouTube video player\" frameborder=\"0\" allow=\"accelerometer; autoplay; clipboard-write; encrypted-media; gyroscope; picture-in-picture; web-share\" referrerpolicy=\"strict-origin-when-cross-origin\" allowfullscreen><\/iframe>\n\n\n\n<p class=\"has-text-align-center card__title has-da-grey-1-color has-text-color has-link-color wp-elements-3fe17e1a93e4e92a38734aab056f7365\">So nutzen Sie Datumsfelder und die Kalenderansicht in Zenkit.<\/p>\n<\/div>\n\n\n\n<div class=\"wp-block-group video__container has-global-padding is-layout-constrained wp-block-group-is-layout-constrained\">\n<iframe loading=\"lazy\" width=\"560\" height=\"315\" src=\"https:\/\/www.youtube.com\/embed\/wc-wG_sTlS0?si=8alVSaVHK3iOQ1lV\" title=\"YouTube video player\" frameborder=\"0\" allow=\"accelerometer; autoplay; clipboard-write; encrypted-media; gyroscope; picture-in-picture; web-share\" referrerpolicy=\"strict-origin-when-cross-origin\" allowfullscreen><\/iframe>\n\n\n\n<p class=\"has-text-align-center card__title has-da-grey-1-color has-text-color has-link-color wp-elements-bbf7012f5984a3e20cc3c4d99fdac8dd\">Ein \u00dcberblick \u00fcber die Funktionen der Listenansicht in Zenkit.<\/p>\n<\/div>\n\n\n\n<div class=\"wp-block-group video__container has-global-padding is-layout-constrained wp-block-group-is-layout-constrained\">\n<iframe loading=\"lazy\" width=\"560\" height=\"315\" src=\"https:\/\/www.youtube.com\/embed\/wICBOV2ZLmM?si=ESqRd4bcNeczD2cC\" title=\"YouTube video player\" frameborder=\"0\" allow=\"accelerometer; autoplay; clipboard-write; encrypted-media; gyroscope; picture-in-picture; web-share\" referrerpolicy=\"strict-origin-when-cross-origin\" allowfullscreen><\/iframe>\n\n\n\n<p class=\"has-text-align-center card__title has-da-grey-1-color has-text-color has-link-color wp-elements-9c216af139c5e2ac7bd16e27df0ade27\">So nutzen Sie die Mind Map Ansicht in Zenkit.<\/p>\n<\/div>\n<\/div>\n<\/div>\n\n\n\n<div style=\"height:88px;--tablet-height:72px;--mobile-height:40px\" class=\"wp-block-lookeen-blocks-responsive-spacer\"><\/div>\n\n\n\n<div class=\"wp-block-group has-global-padding is-layout-constrained wp-block-group-is-layout-constrained\">\n<h2 class=\"wp-block-heading has-text-align-center display-h1\" style=\"margin-bottom:8px\">Zenkit f\u00fcr Fortgeschrittene<\/h2>\n\n\n\n<p class=\"has-text-align-center is-style-subtext\" style=\"margin-bottom:0px\">Erhalten Sie ein umfassendes Verst\u00e4ndnis von Zenkits komplexeren Funktionen.<\/p>\n\n\n\n<div style=\"height:48px;--tablet-height:36px;--mobile-height:24px\" class=\"wp-block-lookeen-blocks-responsive-spacer\"><\/div>\n\n\n\n<div class=\"wp-block-group video__container-grid has-global-padding is-layout-constrained wp-block-group-is-layout-constrained\">\n<div class=\"wp-block-group video__container has-global-padding is-layout-constrained wp-block-group-is-layout-constrained\">\n<iframe loading=\"lazy\" width=\"560\" height=\"315\" src=\"https:\/\/www.youtube.com\/embed\/D6G0Ec39Cxc?si=dN_2hdkwkGmg-8eu\" title=\"YouTube video player\" frameborder=\"0\" allow=\"accelerometer; autoplay; clipboard-write; encrypted-media; gyroscope; picture-in-picture; web-share\" referrerpolicy=\"strict-origin-when-cross-origin\" allowfullscreen><\/iframe>\n\n\n\n<p class=\"has-text-align-center card__title has-da-grey-2-color has-text-color has-link-color wp-elements-83d7dbed9d18aa5527fb8b7cb67aa25f\">So f\u00fcgen Sie Ihren Workspaces und Collections neue Mitglieder hinzu, bekommen einen \u00dcberblick \u00fcber die Aktivit\u00e4ten Ihrer Workspace-Mitglieder und tauschen sich durch die Kommentarfunktion miteinander aus.<\/p>\n<\/div>\n\n\n\n<div class=\"wp-block-group video__container has-global-padding is-layout-constrained wp-block-group-is-layout-constrained\">\n<iframe loading=\"lazy\" width=\"560\" height=\"315\" src=\"https:\/\/www.youtube.com\/embed\/genNxGN7zCU?si=qVfebQ5miJmUC-mA\" title=\"YouTube video player\" frameborder=\"0\" allow=\"accelerometer; autoplay; clipboard-write; encrypted-media; gyroscope; picture-in-picture; web-share\" referrerpolicy=\"strict-origin-when-cross-origin\" allowfullscreen><\/iframe>\n\n\n\n<p class=\"has-text-align-center card__title has-da-grey-2-color has-text-color has-link-color wp-elements-cf1d16e51c0a50a35897b05e2dd63b03\">So nutzen Sie Formeln in Zenkit.<\/p>\n<\/div>\n\n\n\n<div class=\"wp-block-group video__container has-global-padding is-layout-constrained wp-block-group-is-layout-constrained\">\n<iframe loading=\"lazy\" width=\"560\" height=\"315\" src=\"https:\/\/www.youtube.com\/embed\/Jwci_4SbUAU?si=RGY8Mu0NrQrfQcaK\" title=\"YouTube video player\" frameborder=\"0\" allow=\"accelerometer; autoplay; clipboard-write; encrypted-media; gyroscope; picture-in-picture; web-share\" referrerpolicy=\"strict-origin-when-cross-origin\" allowfullscreen><\/iframe>\n\n\n\n<p class=\"has-text-align-center card__title has-da-grey-1-color has-text-color has-link-color wp-elements-49438cbe15f62d259f13023eb283a35a\">So stellen Sie Bez\u00fcge zwischen Collections her und inkludieren diese in Ihre Formeln.<\/p>\n<\/div>\n\n\n\n<div class=\"wp-block-group video__container has-global-padding is-layout-constrained wp-block-group-is-layout-constrained\">\n<iframe loading=\"lazy\" width=\"560\" height=\"315\" src=\"https:\/\/www.youtube.com\/embed\/4ZvnJRmuwIo?si=sVa9mMhfp3CW3JAu\" title=\"YouTube video player\" frameborder=\"0\" allow=\"accelerometer; autoplay; clipboard-write; encrypted-media; gyroscope; picture-in-picture; web-share\" referrerpolicy=\"strict-origin-when-cross-origin\" allowfullscreen><\/iframe>\n\n\n\n<p class=\"has-text-align-center card__title has-da-grey-1-color has-text-color has-link-color wp-elements-46cdd175eae83be86a114bdb3c1cd734\">So helfen Ihnen Bulk Actions dabei, Dinge schneller geregelt zu bekommen.<\/p>\n<\/div>\n\n\n\n<div class=\"wp-block-group video__container has-global-padding is-layout-constrained wp-block-group-is-layout-constrained\">\n<iframe loading=\"lazy\" width=\"560\" height=\"315\" src=\"https:\/\/www.youtube.com\/embed\/tdlwBw1pMpI?si=LJIEk7SOEHcyPSxS\" title=\"YouTube video player\" frameborder=\"0\" allow=\"accelerometer; autoplay; clipboard-write; encrypted-media; gyroscope; picture-in-picture; web-share\" referrerpolicy=\"strict-origin-when-cross-origin\" allowfullscreen><\/iframe>\n\n\n\n<p class=\"has-text-align-center card__title has-da-grey-1-color has-text-color has-link-color wp-elements-a64f28799647861f7b5251f21bbd1b3d\">So verschieben Sie Collections innerhalb mehrerer Workspaces sowie Items innerhalb verschiedener Collections.<\/p>\n<\/div>\n\n\n\n<div class=\"wp-block-group video__container has-global-padding is-layout-constrained wp-block-group-is-layout-constrained\">\n<iframe loading=\"lazy\" width=\"560\" height=\"315\" src=\"https:\/\/www.youtube.com\/embed\/mtdM6RxFiE0?si=s6dll2u3qkmMbHGk\" title=\"YouTube video player\" frameborder=\"0\" allow=\"accelerometer; autoplay; clipboard-write; encrypted-media; gyroscope; picture-in-picture; web-share\" referrerpolicy=\"strict-origin-when-cross-origin\" allowfullscreen><\/iframe>\n\n\n\n<p class=\"has-text-align-center card__title has-da-grey-1-color has-text-color has-link-color wp-elements-3b4566ed0fdf5cd1e43f95ff8f9b3ff2\">Ein kurzer Einblick, wie Sie Profileinstellungen, Passworteinstellungen und Hintergrundoptionen in Zenkit individualisiert anpassen k\u00f6nnen.<\/p>\n<\/div>\n\n\n\n<div class=\"wp-block-group video__container has-global-padding is-layout-constrained wp-block-group-is-layout-constrained\">\n<iframe loading=\"lazy\" width=\"560\" height=\"315\" src=\"https:\/\/www.youtube.com\/embed\/P_pOIEMnrrI?si=UL8NoN1XlXcLV_yF\" title=\"YouTube video player\" frameborder=\"0\" allow=\"accelerometer; autoplay; clipboard-write; encrypted-media; gyroscope; picture-in-picture; web-share\" referrerpolicy=\"strict-origin-when-cross-origin\" allowfullscreen><\/iframe>\n\n\n\n<p class=\"has-text-align-center card__title has-da-grey-1-color has-text-color has-link-color wp-elements-94f6924aa804639817fa675d0864cecc\">So nutzen Sie Zenkits Filterfunktion.<\/p>\n<\/div>\n\n\n\n<div class=\"wp-block-group video__container has-global-padding is-layout-constrained wp-block-group-is-layout-constrained\">\n<iframe loading=\"lazy\" width=\"560\" height=\"315\" src=\"https:\/\/www.youtube.com\/embed\/SyHqkXSd9Dw?si=q66bSJKVoEdZji7d\" title=\"YouTube video player\" frameborder=\"0\" allow=\"accelerometer; autoplay; clipboard-write; encrypted-media; gyroscope; picture-in-picture; web-share\" referrerpolicy=\"strict-origin-when-cross-origin\" allowfullscreen><\/iframe>\n\n\n\n<p class=\"has-text-align-center card__title has-da-grey-1-color has-text-color has-link-color wp-elements-294d2943262499050a59c70b34ba13f4\">So wandeln Sie in Zenkit standardisierte in benutzerdefinierte Felder um.<\/p>\n<\/div>\n\n\n\n<div class=\"wp-block-group video__container has-global-padding is-layout-constrained wp-block-group-is-layout-constrained\">\n<iframe loading=\"lazy\" width=\"560\" height=\"315\" src=\"https:\/\/www.youtube.com\/embed\/X_HcbP1MunQ?si=jQte-D5kiDugXhm9\" title=\"YouTube video player\" frameborder=\"0\" allow=\"accelerometer; autoplay; clipboard-write; encrypted-media; gyroscope; picture-in-picture; web-share\" referrerpolicy=\"strict-origin-when-cross-origin\" allowfullscreen><\/iframe>\n\n\n\n<p class=\"has-text-align-center card__title has-da-grey-1-color has-text-color has-link-color wp-elements-30aa69b202b9ac38dd7edc93cf0ef5b9\">Zoomen Sie auf Ihre Items, um schnell einen \u00dcberblick \u00fcber alle zugeh\u00f6rigen Daten und Dateien zu gewinnen und \u00e4ndern Sie die Reihenfolge der Felder.<\/p>\n<\/div>\n\n\n\n<div class=\"wp-block-group video__container has-global-padding is-layout-constrained wp-block-group-is-layout-constrained\">\n<iframe loading=\"lazy\" width=\"560\" height=\"315\" src=\"https:\/\/www.youtube.com\/embed\/lqV32njC96w?si=qhk-do0eUfIuilpZ\" title=\"YouTube video player\" frameborder=\"0\" allow=\"accelerometer; autoplay; clipboard-write; encrypted-media; gyroscope; picture-in-picture; web-share\" referrerpolicy=\"strict-origin-when-cross-origin\" allowfullscreen><\/iframe>\n\n\n\n<p class=\"has-text-align-center card__title has-da-grey-1-color has-text-color has-link-color wp-elements-10dff23f16d9a8b99a0a5e703ac8043b\">So nutzen Sie individualisierte Icons, um Ihren Collections mehr Pep zu verleihen.<\/p>\n<\/div>\n\n\n\n<div class=\"wp-block-group video__container has-global-padding is-layout-constrained wp-block-group-is-layout-constrained\">\n<iframe loading=\"lazy\" width=\"560\" height=\"315\" src=\"https:\/\/www.youtube.com\/embed\/joGEeKnaTHo?si=T9jXivvk1bMKUUN0\" title=\"YouTube video player\" frameborder=\"0\" allow=\"accelerometer; autoplay; clipboard-write; encrypted-media; gyroscope; picture-in-picture; web-share\" referrerpolicy=\"strict-origin-when-cross-origin\" allowfullscreen><\/iframe>\n\n\n\n<p class=\"has-text-align-center card__title has-da-grey-1-color has-text-color has-link-color wp-elements-0c6f5f216204933af2e5762650a95159\">So managen Sie Ihre Zenkit Dateien mittels Datei-Feldern.<\/p>\n<\/div>\n\n\n\n<div class=\"wp-block-group video__container has-global-padding is-layout-constrained wp-block-group-is-layout-constrained\">\n<iframe loading=\"lazy\" width=\"560\" height=\"315\" src=\"https:\/\/www.youtube.com\/embed\/OuNezLRPXVU?si=hYtwAhv4Y_U89dgg\" title=\"YouTube video player\" frameborder=\"0\" allow=\"accelerometer; autoplay; clipboard-write; encrypted-media; gyroscope; picture-in-picture; web-share\" referrerpolicy=\"strict-origin-when-cross-origin\" allowfullscreen><\/iframe>\n\n\n\n<p class=\"has-text-align-center card__title has-da-grey-1-color has-text-color has-link-color wp-elements-4a78a939e6e15b5fd9ca1f6e5d909efb\">Ein kurzer Leitfaden, der Ihnen dabei hilft individualisierte Hintergr\u00fcnde zu erstellen und Ihnen die verschiedenen Item-Typen n\u00e4her erkl\u00e4rt.<\/p>\n<\/div>\n<\/div>\n<\/div>\n<\/div>\n<\/div>\n\n\n\n<div style=\"height:110px;--tablet-height:60px;--mobile-height:48px\" class=\"wp-block-lookeen-blocks-responsive-spacer\"><\/div>\n\n\n\n<p><\/p>\n","protected":false},"excerpt":{"rendered":"<p>Leitfaden Lernen Sie Zenkits Basis-Funktionen kennen und verschaffen Sie sich einen \u00dcberblick \u00fcber die wichtigsten Anwendungsm\u00f6glichkeiten. Dieses Einf\u00fchrungsvideo gibt Ihnen einen Einblick in Zenkits Collections, Items und verschiedene Datenansichten. Eine Einf\u00fchrung in Zenkit f\u00fcr Trello Nutzer. Hier erfahren Sie, wie Sie Ihre Trello Boards importieren k\u00f6nnen und weshalb sich der Wechsel zu uns lohnt. Ein [&hellip;]<\/p>\n","protected":false},"author":28,"featured_media":0,"parent":0,"menu_order":16,"comment_status":"closed","ping_status":"closed","template":"","meta":{"yasr_overall_rating":0,"yasr_post_is_review":"","yasr_auto_insert_disabled":"","yasr_review_type":"","footnotes":""},"class_list":["post-60930","page","type-page","status-publish","hentry"],"yoast_head":"<!-- This site is optimized with the Yoast SEO plugin v27.3 - https:\/\/yoast.com\/product\/yoast-seo-wordpress\/ -->\n<title>Tutorials | Zenkit<\/title>\n<meta name=\"robots\" content=\"index, follow, max-snippet:-1, max-image-preview:large, max-video-preview:-1\" \/>\n<link rel=\"canonical\" href=\"https:\/\/zenkit.com\/de\/tutorials\/\" \/>\n<meta property=\"og:locale\" content=\"de_DE\" \/>\n<meta property=\"og:type\" content=\"article\" \/>\n<meta property=\"og:title\" content=\"Tutorials | Zenkit\" \/>\n<meta property=\"og:description\" content=\"Leitfaden Lernen Sie Zenkits Basis-Funktionen kennen und verschaffen Sie sich einen \u00dcberblick \u00fcber die wichtigsten Anwendungsm\u00f6glichkeiten. Dieses Einf\u00fchrungsvideo gibt Ihnen einen Einblick in Zenkits Collections, Items und verschiedene Datenansichten. Eine Einf\u00fchrung in Zenkit f\u00fcr Trello Nutzer. Hier erfahren Sie, wie Sie Ihre Trello Boards importieren k\u00f6nnen und weshalb sich der Wechsel zu uns lohnt. Ein [&hellip;]\" \/>\n<meta property=\"og:url\" content=\"https:\/\/zenkit.com\/de\/tutorials\/\" \/>\n<meta property=\"og:site_name\" content=\"Zenkit\" \/>\n<meta property=\"article:publisher\" content=\"https:\/\/www.facebook.com\/ZenkitHQ\" \/>\n<meta property=\"article:modified_time\" content=\"2025-03-14T09:48:57+00:00\" \/>\n<meta name=\"twitter:card\" content=\"summary_large_image\" \/>\n<meta name=\"twitter:site\" content=\"@ZenkitHQ\" \/>\n<script type=\"application\/ld+json\" class=\"yoast-schema-graph\">{\"@context\":\"https:\\\/\\\/schema.org\",\"@graph\":[{\"@type\":\"WebPage\",\"@id\":\"https:\\\/\\\/zenkit.com\\\/de\\\/tutorials\\\/\",\"url\":\"https:\\\/\\\/zenkit.com\\\/de\\\/tutorials\\\/\",\"name\":\"Tutorials | Zenkit\",\"isPartOf\":{\"@id\":\"https:\\\/\\\/zenkit.com\\\/de\\\/#website\"},\"datePublished\":\"2021-04-21T12:12:34+00:00\",\"dateModified\":\"2025-03-14T09:48:57+00:00\",\"breadcrumb\":{\"@id\":\"https:\\\/\\\/zenkit.com\\\/de\\\/tutorials\\\/#breadcrumb\"},\"inLanguage\":\"de\",\"potentialAction\":[{\"@type\":\"ReadAction\",\"target\":[\"https:\\\/\\\/zenkit.com\\\/de\\\/tutorials\\\/\"]}]},{\"@type\":\"BreadcrumbList\",\"@id\":\"https:\\\/\\\/zenkit.com\\\/de\\\/tutorials\\\/#breadcrumb\",\"itemListElement\":[{\"@type\":\"ListItem\",\"position\":1,\"name\":\"Home\",\"item\":\"https:\\\/\\\/zenkit.com\\\/de\\\/\"},{\"@type\":\"ListItem\",\"position\":2,\"name\":\"Tutorials\"}]},{\"@type\":\"WebSite\",\"@id\":\"https:\\\/\\\/zenkit.com\\\/de\\\/#website\",\"url\":\"https:\\\/\\\/zenkit.com\\\/de\\\/\",\"name\":\"Zenkit\",\"description\":\"Zenkit Tagline\",\"potentialAction\":[{\"@type\":\"SearchAction\",\"target\":{\"@type\":\"EntryPoint\",\"urlTemplate\":\"https:\\\/\\\/zenkit.com\\\/de\\\/?s={search_term_string}\"},\"query-input\":{\"@type\":\"PropertyValueSpecification\",\"valueRequired\":true,\"valueName\":\"search_term_string\"}}],\"inLanguage\":\"de\"},false]}<\/script>\n<!-- \/ Yoast SEO plugin. -->","yoast_head_json":{"title":"Tutorials | Zenkit","robots":{"index":"index","follow":"follow","max-snippet":"max-snippet:-1","max-image-preview":"max-image-preview:large","max-video-preview":"max-video-preview:-1"},"canonical":"https:\/\/zenkit.com\/de\/tutorials\/","og_locale":"de_DE","og_type":"article","og_title":"Tutorials | Zenkit","og_description":"Leitfaden Lernen Sie Zenkits Basis-Funktionen kennen und verschaffen Sie sich einen \u00dcberblick \u00fcber die wichtigsten Anwendungsm\u00f6glichkeiten. Dieses Einf\u00fchrungsvideo gibt Ihnen einen Einblick in Zenkits Collections, Items und verschiedene Datenansichten. Eine Einf\u00fchrung in Zenkit f\u00fcr Trello Nutzer. Hier erfahren Sie, wie Sie Ihre Trello Boards importieren k\u00f6nnen und weshalb sich der Wechsel zu uns lohnt. Ein [&hellip;]","og_url":"https:\/\/zenkit.com\/de\/tutorials\/","og_site_name":"Zenkit","article_publisher":"https:\/\/www.facebook.com\/ZenkitHQ","article_modified_time":"2025-03-14T09:48:57+00:00","twitter_card":"summary_large_image","twitter_site":"@ZenkitHQ","schema":{"@context":"https:\/\/schema.org","@graph":[{"@type":"WebPage","@id":"https:\/\/zenkit.com\/de\/tutorials\/","url":"https:\/\/zenkit.com\/de\/tutorials\/","name":"Tutorials | Zenkit","isPartOf":{"@id":"https:\/\/zenkit.com\/de\/#website"},"datePublished":"2021-04-21T12:12:34+00:00","dateModified":"2025-03-14T09:48:57+00:00","breadcrumb":{"@id":"https:\/\/zenkit.com\/de\/tutorials\/#breadcrumb"},"inLanguage":"de","potentialAction":[{"@type":"ReadAction","target":["https:\/\/zenkit.com\/de\/tutorials\/"]}]},{"@type":"BreadcrumbList","@id":"https:\/\/zenkit.com\/de\/tutorials\/#breadcrumb","itemListElement":[{"@type":"ListItem","position":1,"name":"Home","item":"https:\/\/zenkit.com\/de\/"},{"@type":"ListItem","position":2,"name":"Tutorials"}]},{"@type":"WebSite","@id":"https:\/\/zenkit.com\/de\/#website","url":"https:\/\/zenkit.com\/de\/","name":"Zenkit","description":"Zenkit Tagline","potentialAction":[{"@type":"SearchAction","target":{"@type":"EntryPoint","urlTemplate":"https:\/\/zenkit.com\/de\/?s={search_term_string}"},"query-input":{"@type":"PropertyValueSpecification","valueRequired":true,"valueName":"search_term_string"}}],"inLanguage":"de"},false]}},"yasr_visitor_votes":{"stars_attributes":{"read_only":false,"span_bottom":false},"number_of_votes":0,"sum_votes":0},"_links":{"self":[{"href":"https:\/\/zenkit.com\/de\/wp-json\/wp\/v2\/pages\/60930","targetHints":{"allow":["GET"]}}],"collection":[{"href":"https:\/\/zenkit.com\/de\/wp-json\/wp\/v2\/pages"}],"about":[{"href":"https:\/\/zenkit.com\/de\/wp-json\/wp\/v2\/types\/page"}],"author":[{"embeddable":true,"href":"https:\/\/zenkit.com\/de\/wp-json\/wp\/v2\/users\/28"}],"replies":[{"embeddable":true,"href":"https:\/\/zenkit.com\/de\/wp-json\/wp\/v2\/comments?post=60930"}],"version-history":[{"count":22,"href":"https:\/\/zenkit.com\/de\/wp-json\/wp\/v2\/pages\/60930\/revisions"}],"predecessor-version":[{"id":111792,"href":"https:\/\/zenkit.com\/de\/wp-json\/wp\/v2\/pages\/60930\/revisions\/111792"}],"wp:attachment":[{"href":"https:\/\/zenkit.com\/de\/wp-json\/wp\/v2\/media?parent=60930"}],"curies":[{"name":"wp","href":"https:\/\/api.w.org\/{rel}","templated":true}]}}