{"id":61170,"date":"2021-04-26T15:56:35","date_gmt":"2021-04-26T13:56:35","guid":{"rendered":"https:\/\/zenkit.com\/todo\/alternativen\/ticktick-alternative-re\/"},"modified":"2025-11-04T06:53:11","modified_gmt":"2025-11-04T05:53:11","slug":"ticktick-alternative","status":"publish","type":"page","link":"https:\/\/zenkit.com\/de\/todo\/alternativen\/ticktick-alternative\/","title":{"rendered":"TickTick vs. Zenkit To Do"},"content":{"rendered":"\n<div class=\"wp-block-group has-global-padding is-layout-constrained wp-block-group-is-layout-constrained\">\n<div class=\"wp-block-group has-global-padding is-layout-constrained wp-container-core-group-is-layout-5bc7cfa1 wp-block-group-is-layout-constrained\">\n<div style=\"height:45px;--tablet-height:45px;--mobile-height:16px\" class=\"wp-block-lookeen-blocks-responsive-spacer\"><\/div>\n\n\n\n<div class=\"wp-block-group has-global-padding is-layout-constrained wp-block-group-is-layout-constrained\">\n<h1 class=\"wp-block-heading has-text-align-center has-da-blue-color-new has-text-color has-link-color wp-elements-64216c8a8fac29faab3646d7b135b6e6\" style=\"margin-bottom:8px;font-size:24px;line-height:1.5\">Zenkit To Do als TickTick Alternative<\/h1>\n\n\n\n<h2 class=\"wp-block-heading has-text-align-center display-h1\">TickTick ist eine To-do-Listen-App, die Ihnen hilft, Ihren Alltag zu planen<\/h2>\n<\/div>\n\n\n\n<div style=\"height:48px;--tablet-height:36px;--mobile-height:24px\" class=\"wp-block-lookeen-blocks-responsive-spacer\"><\/div>\n\n\n\n<p class=\"has-text-align-center\" style=\"margin-top:0px\">Sie k\u00f6nnen Ihre Listen auch mit Ihrem Team, Freunden und Familienmitgliedern teilen, um gemeinsam organisiert zu bleiben. Einige Personen in Ihrem Team brauchen vielleicht nur ein einfaches Werkzeug zur Aufgabenverwaltung. Was aber, wenn andere f\u00fcr die Verwaltung komplexer Projekte zus\u00e4tzliche Sichten auf Ihre Informationen ben\u00f6tigen?<\/p>\n\n\n\n<p class=\"has-text-align-center\">Uns ist bewusst, dass ein Projektmanagement-Tool all Ihren Anforderungen gewachsen sein muss. Aus diesem Grund haben wir die Zenkit Suite entwickelt, mit Zenkit To Do (Aufgabenverwaltungstool), der urspr\u00fcnglichen Zenkit Base (Projektverwaltungstool) und vielen weiteren Apps die bald folgen. Unsere Zenkit To Do App ist vollst\u00e4ndig in die Zenkit Base integriert. Das bedeutet, dass die Teammitglieder an ihren Aufgaben in der To-Do-App arbeiten oder anspruchsvolle Ansichten wie Kanban- und Gantt-Diagramme f\u00fcr komplexere Projektmanagement Zwecke nutzen k\u00f6nnen.<\/p>\n\n\n\n<p class=\"has-text-align-center\" style=\"margin-top:0px\">Mit Zenkit haben wir eine einfach zu bedienende, aber dennoch leistungsstarke Suite entwickelt, die sich weiterentwickelt und an Ihre Bed\u00fcrfnisse anpasst! Wenn Sie auf der Suche nach einer flexibleren Alternative zu TickTick sind, probieren Sie Zenkit To Do aus!<\/p>\n<\/div>\n<\/div>\n\n\n\n<div class=\"wp-block-group badges__section has-global-padding is-layout-constrained wp-block-group-is-layout-constrained\">\n<div style=\"height:88px;--tablet-height:60px;--mobile-height:45px\" class=\"wp-block-lookeen-blocks-responsive-spacer\"><\/div>\n\n\n\n<div class=\"wp-block-group has-global-padding is-layout-constrained wp-block-group-is-layout-constrained\">\n<div class=\"wp-block-zenkit-blocks-flexible-table comparison--table first__cell__inrow_header table-cell-mw-318px-desktop h-scroll-mobile\"><div class=\"zenkit-table-wrapper\"><table><tbody>\n\n<tr class=\"wp-block-zenkit-blocks-flexible-table-row table-row\">\n\n<td class=\"wp-block-zenkit-blocks-flexible-table-cell table-cell\">\n\n<p><\/p>\n\n<\/td>\n\n\n<td class=\"wp-block-zenkit-blocks-flexible-table-cell table-cell\">\n\n<p class=\"has-text-align-center has-da-blue-color-new has-text-color has-link-color wp-elements-caa632ee95f2fa67128ed5a07a9a7cd1\" style=\"font-size:22px;font-style:normal;font-weight:700;line-height:1.36\">TickTick<\/p>\n\n<\/td>\n\n\n<td class=\"wp-block-zenkit-blocks-flexible-table-cell table-cell\">\n\n<p class=\"has-text-align-center has-da-blue-color-new has-text-color has-link-color wp-elements-9c6028a5b9446820835bd0d4b5ad1877\" style=\"font-size:22px;font-style:normal;font-weight:700;line-height:1.36\">Zenkit To Do<\/p>\n\n<\/td>\n\n<\/tr>\n\n\n<tr class=\"wp-block-zenkit-blocks-flexible-table-row table-row\">\n\n<td class=\"wp-block-zenkit-blocks-flexible-table-cell table-cell\">\n\n<p>\u2705 Aufgaben- und Projektverwaltung<\/p>\n\n<\/td>\n\n\n<td class=\"wp-block-zenkit-blocks-flexible-table-cell table-cell\">\n\n<figure class=\"wp-block-image size-full is-resized\"><img decoding=\"async\" src=\"https:\/\/zenkit.com\/wp-content\/uploads\/2025\/06\/check.svg\" alt=\"\" class=\"wp-image-115965\" style=\"width:18px\"\/><\/figure>\n\n<\/td>\n\n\n<td class=\"wp-block-zenkit-blocks-flexible-table-cell table-cell\">\n\n<figure class=\"wp-block-image size-full is-resized\"><img decoding=\"async\" src=\"https:\/\/zenkit.com\/wp-content\/uploads\/2025\/06\/check.svg\" alt=\"\" class=\"wp-image-115965\" style=\"width:18px\"\/><\/figure>\n\n<\/td>\n\n<\/tr>\n\n\n<tr class=\"wp-block-zenkit-blocks-flexible-table-row table-row\">\n\n<td class=\"wp-block-zenkit-blocks-flexible-table-cell table-cell\">\n\n<p>\ud83d\udccb Kanban, Listenansicht, Gantt<\/p>\n\n<\/td>\n\n\n<td class=\"wp-block-zenkit-blocks-flexible-table-cell table-cell\">\n\n<figure class=\"wp-block-image size-full is-resized\"><img decoding=\"async\" src=\"https:\/\/zenkit.com\/wp-content\/uploads\/2025\/06\/check.svg\" alt=\"\" class=\"wp-image-115965\" style=\"width:18px\"\/><\/figure>\n\n<\/td>\n\n\n<td class=\"wp-block-zenkit-blocks-flexible-table-cell table-cell\">\n\n<figure class=\"wp-block-image size-full is-resized\"><img decoding=\"async\" src=\"https:\/\/zenkit.com\/wp-content\/uploads\/2025\/06\/check.svg\" alt=\"\" class=\"wp-image-115965\" style=\"width:18px\"\/><\/figure>\n\n<\/td>\n\n<\/tr>\n\n\n<tr class=\"wp-block-zenkit-blocks-flexible-table-row table-row\">\n\n<td class=\"wp-block-zenkit-blocks-flexible-table-cell table-cell\">\n\n<p>\ud83e\udd16 Zapier-Integration f\u00fcr Automatisierung<\/p>\n\n<\/td>\n\n\n<td class=\"wp-block-zenkit-blocks-flexible-table-cell table-cell\">\n\n<figure class=\"wp-block-image size-full is-resized\"><img decoding=\"async\" src=\"https:\/\/zenkit.com\/wp-content\/uploads\/2025\/06\/check.svg\" alt=\"\" class=\"wp-image-115965\" style=\"width:18px\"\/><\/figure>\n\n<\/td>\n\n\n<td class=\"wp-block-zenkit-blocks-flexible-table-cell table-cell\">\n\n<figure class=\"wp-block-image size-full is-resized\"><img decoding=\"async\" src=\"https:\/\/zenkit.com\/wp-content\/uploads\/2025\/06\/check.svg\" alt=\"\" class=\"wp-image-115965\" style=\"width:18px\"\/><\/figure>\n\n<\/td>\n\n<\/tr>\n\n\n<tr class=\"wp-block-zenkit-blocks-flexible-table-row table-row\">\n\n<td class=\"wp-block-zenkit-blocks-flexible-table-cell table-cell\">\n\n<p>\ud83d\udcd6 Wikis und Dokumentationen<\/p>\n\n<\/td>\n\n\n<td class=\"wp-block-zenkit-blocks-flexible-table-cell table-cell\">\n\n<figure class=\"wp-block-image size-full is-resized\"><img decoding=\"async\" src=\"https:\/\/zenkit.com\/wp-content\/uploads\/2025\/06\/check.svg\" alt=\"\" class=\"wp-image-115965\" style=\"width:18px\"\/><\/figure>\n\n<\/td>\n\n\n<td class=\"wp-block-zenkit-blocks-flexible-table-cell table-cell\">\n\n<figure class=\"wp-block-image size-full is-resized\"><img decoding=\"async\" src=\"https:\/\/zenkit.com\/wp-content\/uploads\/2025\/06\/check.svg\" alt=\"\" class=\"wp-image-115965\" style=\"width:18px\"\/><\/figure>\n\n<\/td>\n\n<\/tr>\n\n\n<tr class=\"wp-block-zenkit-blocks-flexible-table-row table-row\">\n\n<td class=\"wp-block-zenkit-blocks-flexible-table-cell table-cell\">\n\n<p>\ud83d\udcac Gruppenchats und Direktnachrichten<\/p>\n\n<\/td>\n\n\n<td class=\"wp-block-zenkit-blocks-flexible-table-cell table-cell\">\n\n<figure class=\"wp-block-image size-full is-resized\"><img decoding=\"async\" src=\"https:\/\/zenkit.com\/wp-content\/uploads\/2025\/06\/check.svg\" alt=\"\" class=\"wp-image-115965\" style=\"width:18px\"\/><\/figure>\n\n<\/td>\n\n\n<td class=\"wp-block-zenkit-blocks-flexible-table-cell table-cell\">\n\n<figure class=\"wp-block-image size-full is-resized\"><img decoding=\"async\" src=\"https:\/\/zenkit.com\/wp-content\/uploads\/2025\/06\/check.svg\" alt=\"\" class=\"wp-image-115965\" style=\"width:18px\"\/><\/figure>\n\n<\/td>\n\n<\/tr>\n\n\n<tr class=\"wp-block-zenkit-blocks-flexible-table-row table-row\">\n\n<td class=\"wp-block-zenkit-blocks-flexible-table-cell table-cell\">\n\n<p>\ud83c\udf0d Verf\u00fcgbar in 10+ Sprachen<\/p>\n\n<\/td>\n\n\n<td class=\"wp-block-zenkit-blocks-flexible-table-cell table-cell\">\n\n<figure class=\"wp-block-image size-full is-resized\"><img decoding=\"async\" src=\"https:\/\/zenkit.com\/wp-content\/uploads\/2025\/06\/check.svg\" alt=\"\" class=\"wp-image-115965\" style=\"width:18px\"\/><\/figure>\n\n<\/td>\n\n\n<td class=\"wp-block-zenkit-blocks-flexible-table-cell table-cell\">\n\n<figure class=\"wp-block-image size-full is-resized\"><img decoding=\"async\" src=\"https:\/\/zenkit.com\/wp-content\/uploads\/2025\/06\/check.svg\" alt=\"\" class=\"wp-image-115965\" style=\"width:18px\"\/><\/figure>\n\n<\/td>\n\n<\/tr>\n\n\n<tr class=\"wp-block-zenkit-blocks-flexible-table-row table-row\">\n\n<td class=\"wp-block-zenkit-blocks-flexible-table-cell table-cell\">\n\n<p>\ud83d\udcde Kostenlose deutschsprachige Erstberatung<\/p>\n\n<\/td>\n\n\n<td class=\"wp-block-zenkit-blocks-flexible-table-cell table-cell\">\n\n<figure class=\"wp-block-image size-full is-resized\"><img decoding=\"async\" src=\"https:\/\/zenkit.com\/wp-content\/uploads\/2025\/06\/cross.svg\" alt=\"\" class=\"wp-image-115982\" style=\"width:21px;height:auto\"\/><\/figure>\n\n<\/td>\n\n\n<td class=\"wp-block-zenkit-blocks-flexible-table-cell table-cell\">\n\n<figure class=\"wp-block-image size-full is-resized\"><img decoding=\"async\" src=\"https:\/\/zenkit.com\/wp-content\/uploads\/2025\/06\/check.svg\" alt=\"\" class=\"wp-image-115965\" style=\"width:18px\"\/><\/figure>\n\n<\/td>\n\n<\/tr>\n\n\n<tr class=\"wp-block-zenkit-blocks-flexible-table-row table-row\">\n\n<td class=\"wp-block-zenkit-blocks-flexible-table-cell table-cell\">\n\n<p>\ud83c\udde9\ud83c\uddea Au\u00dfschlie\u00dflich deutscher Serverstandort<\/p>\n\n<\/td>\n\n\n<td class=\"wp-block-zenkit-blocks-flexible-table-cell table-cell\">\n\n<figure class=\"wp-block-image size-full is-resized\"><img decoding=\"async\" src=\"https:\/\/zenkit.com\/wp-content\/uploads\/2025\/06\/cross.svg\" alt=\"\" class=\"wp-image-115982\" style=\"width:18px\"\/><\/figure>\n\n<\/td>\n\n\n<td class=\"wp-block-zenkit-blocks-flexible-table-cell table-cell\">\n\n<figure class=\"wp-block-image size-full is-resized\"><img decoding=\"async\" src=\"https:\/\/zenkit.com\/wp-content\/uploads\/2025\/06\/check.svg\" alt=\"\" class=\"wp-image-115965\" style=\"width:18px\"\/><\/figure>\n\n<\/td>\n\n<\/tr>\n\n\n<tr class=\"wp-block-zenkit-blocks-flexible-table-row table-row\">\n\n<td class=\"wp-block-zenkit-blocks-flexible-table-cell table-cell\">\n\n<p>\ud83d\udd12 Fokus auf deutschen Datenschutz<\/p>\n\n<\/td>\n\n\n<td class=\"wp-block-zenkit-blocks-flexible-table-cell table-cell\">\n\n<figure class=\"wp-block-image size-full is-resized\"><img decoding=\"async\" src=\"https:\/\/zenkit.com\/wp-content\/uploads\/2025\/06\/cross.svg\" alt=\"\" class=\"wp-image-115982\" style=\"width:18px\"\/><\/figure>\n\n<\/td>\n\n\n<td class=\"wp-block-zenkit-blocks-flexible-table-cell table-cell\">\n\n<figure class=\"wp-block-image size-full is-resized\"><img decoding=\"async\" src=\"https:\/\/zenkit.com\/wp-content\/uploads\/2025\/06\/check.svg\" alt=\"\" class=\"wp-image-115965\" style=\"width:18px\"\/><\/figure>\n\n<\/td>\n\n<\/tr>\n\n\n<tr class=\"wp-block-zenkit-blocks-flexible-table-row table-row\">\n\n<td class=\"wp-block-zenkit-blocks-flexible-table-cell table-cell\">\n\n<p>\ud83d\udedf Deutscher Kundenservice per Email und Chat<\/p>\n\n<\/td>\n\n\n<td class=\"wp-block-zenkit-blocks-flexible-table-cell table-cell\">\n\n<figure class=\"wp-block-image size-full is-resized\"><img decoding=\"async\" src=\"https:\/\/zenkit.com\/wp-content\/uploads\/2025\/06\/cross.svg\" alt=\"\" class=\"wp-image-115982\" style=\"width:18px\"\/><\/figure>\n\n<\/td>\n\n\n<td class=\"wp-block-zenkit-blocks-flexible-table-cell table-cell\">\n\n<figure class=\"wp-block-image size-full is-resized\"><img decoding=\"async\" src=\"https:\/\/zenkit.com\/wp-content\/uploads\/2025\/06\/check.svg\" alt=\"\" class=\"wp-image-115965\" style=\"width:18px\"\/><\/figure>\n\n<\/td>\n\n<\/tr>\n\n<\/tbody><\/table><\/div><\/div>\n<\/div>\n<\/div>\n\n\n\n<div class=\"wp-block-group has-global-padding is-layout-constrained wp-block-group-is-layout-constrained\">\n<div style=\"height:88px;--tablet-height:60px;--mobile-height:45px\" class=\"wp-block-lookeen-blocks-responsive-spacer\"><\/div>\n\n\n\n<div class=\"wp-block-zenkit-blocks-flexible-table comparison--table  table-cell-mw-318px-desktop h-scroll-mobile\"><div class=\"zenkit-table-wrapper\"><table><tbody>\n\n<tr class=\"wp-block-zenkit-blocks-flexible-table-row table-row\">\n\n<td class=\"wp-block-zenkit-blocks-flexible-table-cell table-cell\">\n\n<p class=\"has-text-align-center has-da-blue-color-new has-text-color has-link-color wp-elements-e2f28c8e46ec4336814ebea96bb6ccf5\" style=\"font-size:22px;font-style:normal;font-weight:700;line-height:1.36\">Vorteile: TickTick<\/p>\n\n<\/td>\n\n\n<td class=\"wp-block-zenkit-blocks-flexible-table-cell table-cell\">\n\n<p class=\"has-text-align-center has-da-blue-color-new has-text-color has-link-color wp-elements-089f7e45941327e968438e46a97f94fe\" style=\"font-size:22px;font-style:normal;font-weight:700;line-height:1.36\">Nachteile:\u00a0TickTick<\/p>\n\n<\/td>\n\n\n<td class=\"wp-block-zenkit-blocks-flexible-table-cell table-cell\">\n\n<p class=\"has-text-align-center has-da-blue-color-new has-text-color has-link-color wp-elements-5a68a7926d41becdf14e7bf085a0dcee\" style=\"font-size:22px;font-style:normal;font-weight:700;line-height:1.36\">Vorteile: Zenkit To Do<\/p>\n\n<\/td>\n\n<\/tr>\n\n\n<tr class=\"wp-block-zenkit-blocks-flexible-table-row table-row\">\n\n<td class=\"wp-block-zenkit-blocks-flexible-table-cell table-cell\">\n\n<p class=\"has-text-align-center\">Minimalistisches Design<\/p>\n\n<\/td>\n\n\n<td class=\"wp-block-zenkit-blocks-flexible-table-cell table-cell\">\n\n<p class=\"has-text-align-center\">Keine Benutzerrollen<\/p>\n\n<\/td>\n\n\n<td class=\"wp-block-zenkit-blocks-flexible-table-cell table-cell\">\n\n<p class=\"has-text-align-center\">Flexible Aufgabenzuweisung<\/p>\n\n<\/td>\n\n<\/tr>\n\n\n<tr class=\"wp-block-zenkit-blocks-flexible-table-row table-row\">\n\n<td class=\"wp-block-zenkit-blocks-flexible-table-cell table-cell\">\n\n<p class=\"has-text-align-center\">Teamarbeitsfunktionen<\/p>\n\n<\/td>\n\n\n<td class=\"wp-block-zenkit-blocks-flexible-table-cell table-cell\">\n\n<p class=\"has-text-align-center\">Keine Favoriten<\/p>\n\n<\/td>\n\n\n<td class=\"wp-block-zenkit-blocks-flexible-table-cell table-cell\">\n\n<p class=\"has-text-align-center\">Stapel-Verarbeitung m\u00f6glich<\/p>\n\n<\/td>\n\n<\/tr>\n\n\n<tr class=\"wp-block-zenkit-blocks-flexible-table-row table-row\">\n\n<td class=\"wp-block-zenkit-blocks-flexible-table-cell table-cell\">\n\n<p class=\"has-text-align-center\">Pomodoro Timer<\/p>\n\n<\/td>\n\n\n<td class=\"wp-block-zenkit-blocks-flexible-table-cell table-cell\">\n\n<p class=\"has-text-align-center\">Keine Zwei-Faktor-Authentifizierung<\/p>\n\n<\/td>\n\n\n<td class=\"wp-block-zenkit-blocks-flexible-table-cell table-cell\">\n\n<p class=\"has-text-align-center\">DSGVO-konform<\/p>\n\n<\/td>\n\n<\/tr>\n\n<\/tbody><\/table><\/div><\/div>\n\n\n\n<div style=\"height:88px;--tablet-height:60px;--mobile-height:45px\" class=\"wp-block-lookeen-blocks-responsive-spacer\"><\/div>\n<\/div>\n\n\n\n<div class=\"wp-block-group has-global-padding is-layout-constrained wp-container-core-group-is-layout-7cc94c3e wp-block-group-is-layout-constrained\">\n<figure class=\"wp-block-image aligncenter size-full is-resized\" style=\"margin-bottom:8px\"><img decoding=\"async\" src=\"https:\/\/zenkit.com\/wp-content\/uploads\/2025\/05\/info.svg\" alt=\"Haftungsausschluss\" class=\"wp-image-113476\" style=\"width:36px;height:auto\"\/><\/figure>\n\n\n\n<p class=\"has-text-align-center has-da-grey-1-color has-text-color has-link-color wp-elements-24580c380a0a305534fdc2e4e0b1b275\" style=\"margin-top:0px;margin-bottom:0px;font-style:normal;font-weight:700\">Haftungsausschluss:<\/p>\n\n\n\n<p class=\"has-text-align-center has-da-grey-1-color has-text-color has-link-color wp-elements-e5246c78105b7c978c93a5d27c04bd95\">Zenkit steht in keinerlei Verbindung zu jeglichen, auf dieser Webseite genannten, Produkten. Daten und Angaben zu Produktmerkmalen stammen direkt von den jeweiligen Webseiten und aus Marketingmaterialien (Stand Mai 2020). Der Autor und Betreiber dieser Website \u00fcbernimmt keinerlei Gew\u00e4hr f\u00fcr die Aktualit\u00e4t, Korrektheit, Vollst\u00e4ndigkeit oder Qualit\u00e4t der bereitgestellten Informationen. Jegliche Haftungsanspr\u00fcche sind grunds\u00e4tzlich ausgeschlossen, sofern seitens des Autors und Betreibers dieser Website kein nachweislich vors\u00e4tzliches oder grob fahrl\u00e4ssiges Verschulden vorliegt. Um uns Korrekturen zukommen zu lassen,&nbsp;<a href=\"https:\/\/zenkit.com\/de\/kontakt\/\" data-type=\"page\" data-id=\"98184\">kontaktieren Sie uns<\/a>&nbsp;bitte.<\/p>\n<\/div>\n\n\n\n<div style=\"height:110px;--tablet-height:60px;--mobile-height:60px\" class=\"wp-block-lookeen-blocks-responsive-spacer\"><\/div>\n","protected":false},"excerpt":{"rendered":"<p>Zenkit To Do als TickTick Alternative TickTick ist eine To-do-Listen-App, die Ihnen hilft, Ihren Alltag zu planen Sie k\u00f6nnen Ihre Listen auch mit Ihrem Team, Freunden und Familienmitgliedern teilen, um gemeinsam organisiert zu bleiben. Einige Personen in Ihrem Team brauchen vielleicht nur ein einfaches Werkzeug zur Aufgabenverwaltung. Was aber, wenn andere f\u00fcr die Verwaltung komplexer [&hellip;]<\/p>\n","protected":false},"author":28,"featured_media":0,"parent":61209,"menu_order":6,"comment_status":"closed","ping_status":"closed","template":"wp-custom-template-de-page-todo","meta":{"yasr_overall_rating":0,"yasr_post_is_review":"","yasr_auto_insert_disabled":"","yasr_review_type":"","footnotes":""},"class_list":["post-61170","page","type-page","status-publish","hentry"],"yoast_head":"<!-- This site is optimized with the Yoast SEO plugin v27.4 - https:\/\/yoast.com\/product\/yoast-seo-wordpress\/ -->\n<title>TickTick vs. Zenkit To Do | Zenkit<\/title>\n<meta name=\"description\" content=\"Wechseln Sie zu Zenkit To Do, wenn Sie f\u00fcr die Verwaltung komplexer Projekte zus\u00e4tzliche Datenansichten ben\u00f6tigen!\" \/>\n<meta name=\"robots\" content=\"index, follow, max-snippet:-1, max-image-preview:large, max-video-preview:-1\" \/>\n<link rel=\"canonical\" href=\"https:\/\/zenkit.com\/de\/todo\/alternativen\/ticktick-alternative\/\" \/>\n<meta property=\"og:locale\" content=\"de_DE\" \/>\n<meta property=\"og:type\" content=\"article\" \/>\n<meta property=\"og:title\" content=\"TickTick vs. Zenkit To Do | Zenkit\" \/>\n<meta property=\"og:description\" content=\"Wechseln Sie zu Zenkit To Do, wenn Sie f\u00fcr die Verwaltung komplexer Projekte zus\u00e4tzliche Datenansichten ben\u00f6tigen!\" \/>\n<meta property=\"og:url\" content=\"https:\/\/zenkit.com\/de\/todo\/alternativen\/ticktick-alternative\/\" \/>\n<meta property=\"og:site_name\" content=\"Zenkit\" \/>\n<meta property=\"article:publisher\" content=\"https:\/\/www.facebook.com\/ZenkitHQ\" \/>\n<meta property=\"article:modified_time\" content=\"2025-11-04T05:53:11+00:00\" \/>\n<meta name=\"twitter:card\" content=\"summary_large_image\" \/>\n<meta name=\"twitter:site\" content=\"@ZenkitHQ\" \/>\n<script type=\"application\/ld+json\" class=\"yoast-schema-graph\">{\"@context\":\"https:\\\/\\\/schema.org\",\"@graph\":[{\"@type\":\"WebPage\",\"@id\":\"https:\\\/\\\/zenkit.com\\\/de\\\/todo\\\/alternativen\\\/ticktick-alternative\\\/\",\"url\":\"https:\\\/\\\/zenkit.com\\\/de\\\/todo\\\/alternativen\\\/ticktick-alternative\\\/\",\"name\":\"TickTick vs. Zenkit To Do | Zenkit\",\"isPartOf\":{\"@id\":\"https:\\\/\\\/zenkit.com\\\/de\\\/#website\"},\"primaryImageOfPage\":{\"@id\":\"https:\\\/\\\/zenkit.com\\\/de\\\/todo\\\/alternativen\\\/ticktick-alternative\\\/#primaryimage\"},\"image\":{\"@id\":\"https:\\\/\\\/zenkit.com\\\/de\\\/todo\\\/alternativen\\\/ticktick-alternative\\\/#primaryimage\"},\"thumbnailUrl\":\"https:\\\/\\\/zenkit.com\\\/wp-content\\\/uploads\\\/2025\\\/06\\\/check.svg\",\"datePublished\":\"2021-04-26T13:56:35+00:00\",\"dateModified\":\"2025-11-04T05:53:11+00:00\",\"description\":\"Wechseln Sie zu Zenkit To Do, wenn Sie f\u00fcr die Verwaltung komplexer Projekte zus\u00e4tzliche Datenansichten ben\u00f6tigen!\",\"breadcrumb\":{\"@id\":\"https:\\\/\\\/zenkit.com\\\/de\\\/todo\\\/alternativen\\\/ticktick-alternative\\\/#breadcrumb\"},\"inLanguage\":\"de\",\"potentialAction\":[{\"@type\":\"ReadAction\",\"target\":[\"https:\\\/\\\/zenkit.com\\\/de\\\/todo\\\/alternativen\\\/ticktick-alternative\\\/\"]}]},{\"@type\":\"ImageObject\",\"inLanguage\":\"de\",\"@id\":\"https:\\\/\\\/zenkit.com\\\/de\\\/todo\\\/alternativen\\\/ticktick-alternative\\\/#primaryimage\",\"url\":\"https:\\\/\\\/zenkit.com\\\/wp-content\\\/uploads\\\/2025\\\/06\\\/check.svg\",\"contentUrl\":\"https:\\\/\\\/zenkit.com\\\/wp-content\\\/uploads\\\/2025\\\/06\\\/check.svg\"},{\"@type\":\"BreadcrumbList\",\"@id\":\"https:\\\/\\\/zenkit.com\\\/de\\\/todo\\\/alternativen\\\/ticktick-alternative\\\/#breadcrumb\",\"itemListElement\":[{\"@type\":\"ListItem\",\"position\":1,\"name\":\"Home\",\"item\":\"https:\\\/\\\/zenkit.com\\\/de\\\/\"},{\"@type\":\"ListItem\",\"position\":2,\"name\":\"Zenkit To Do\",\"item\":\"https:\\\/\\\/zenkit.com\\\/de\\\/todo\\\/\"},{\"@type\":\"ListItem\",\"position\":3,\"name\":\"To Do Alternativen\",\"item\":\"https:\\\/\\\/zenkit.com\\\/de\\\/todo\\\/alternativen\\\/\"},{\"@type\":\"ListItem\",\"position\":4,\"name\":\"TickTick vs. Zenkit To Do\"}]},{\"@type\":\"WebSite\",\"@id\":\"https:\\\/\\\/zenkit.com\\\/de\\\/#website\",\"url\":\"https:\\\/\\\/zenkit.com\\\/de\\\/\",\"name\":\"Zenkit\",\"description\":\"Zenkit Tagline\",\"potentialAction\":[{\"@type\":\"SearchAction\",\"target\":{\"@type\":\"EntryPoint\",\"urlTemplate\":\"https:\\\/\\\/zenkit.com\\\/de\\\/?s={search_term_string}\"},\"query-input\":{\"@type\":\"PropertyValueSpecification\",\"valueRequired\":true,\"valueName\":\"search_term_string\"}}],\"inLanguage\":\"de\"},false]}<\/script>\n<!-- \/ Yoast SEO plugin. -->","yoast_head_json":{"title":"TickTick vs. Zenkit To Do | Zenkit","description":"Wechseln Sie zu Zenkit To Do, wenn Sie f\u00fcr die Verwaltung komplexer Projekte zus\u00e4tzliche Datenansichten ben\u00f6tigen!","robots":{"index":"index","follow":"follow","max-snippet":"max-snippet:-1","max-image-preview":"max-image-preview:large","max-video-preview":"max-video-preview:-1"},"canonical":"https:\/\/zenkit.com\/de\/todo\/alternativen\/ticktick-alternative\/","og_locale":"de_DE","og_type":"article","og_title":"TickTick vs. Zenkit To Do | Zenkit","og_description":"Wechseln Sie zu Zenkit To Do, wenn Sie f\u00fcr die Verwaltung komplexer Projekte zus\u00e4tzliche Datenansichten ben\u00f6tigen!","og_url":"https:\/\/zenkit.com\/de\/todo\/alternativen\/ticktick-alternative\/","og_site_name":"Zenkit","article_publisher":"https:\/\/www.facebook.com\/ZenkitHQ","article_modified_time":"2025-11-04T05:53:11+00:00","twitter_card":"summary_large_image","twitter_site":"@ZenkitHQ","schema":{"@context":"https:\/\/schema.org","@graph":[{"@type":"WebPage","@id":"https:\/\/zenkit.com\/de\/todo\/alternativen\/ticktick-alternative\/","url":"https:\/\/zenkit.com\/de\/todo\/alternativen\/ticktick-alternative\/","name":"TickTick vs. Zenkit To Do | Zenkit","isPartOf":{"@id":"https:\/\/zenkit.com\/de\/#website"},"primaryImageOfPage":{"@id":"https:\/\/zenkit.com\/de\/todo\/alternativen\/ticktick-alternative\/#primaryimage"},"image":{"@id":"https:\/\/zenkit.com\/de\/todo\/alternativen\/ticktick-alternative\/#primaryimage"},"thumbnailUrl":"https:\/\/zenkit.com\/wp-content\/uploads\/2025\/06\/check.svg","datePublished":"2021-04-26T13:56:35+00:00","dateModified":"2025-11-04T05:53:11+00:00","description":"Wechseln Sie zu Zenkit To Do, wenn Sie f\u00fcr die Verwaltung komplexer Projekte zus\u00e4tzliche Datenansichten ben\u00f6tigen!","breadcrumb":{"@id":"https:\/\/zenkit.com\/de\/todo\/alternativen\/ticktick-alternative\/#breadcrumb"},"inLanguage":"de","potentialAction":[{"@type":"ReadAction","target":["https:\/\/zenkit.com\/de\/todo\/alternativen\/ticktick-alternative\/"]}]},{"@type":"ImageObject","inLanguage":"de","@id":"https:\/\/zenkit.com\/de\/todo\/alternativen\/ticktick-alternative\/#primaryimage","url":"https:\/\/zenkit.com\/wp-content\/uploads\/2025\/06\/check.svg","contentUrl":"https:\/\/zenkit.com\/wp-content\/uploads\/2025\/06\/check.svg"},{"@type":"BreadcrumbList","@id":"https:\/\/zenkit.com\/de\/todo\/alternativen\/ticktick-alternative\/#breadcrumb","itemListElement":[{"@type":"ListItem","position":1,"name":"Home","item":"https:\/\/zenkit.com\/de\/"},{"@type":"ListItem","position":2,"name":"Zenkit To Do","item":"https:\/\/zenkit.com\/de\/todo\/"},{"@type":"ListItem","position":3,"name":"To Do Alternativen","item":"https:\/\/zenkit.com\/de\/todo\/alternativen\/"},{"@type":"ListItem","position":4,"name":"TickTick vs. Zenkit To Do"}]},{"@type":"WebSite","@id":"https:\/\/zenkit.com\/de\/#website","url":"https:\/\/zenkit.com\/de\/","name":"Zenkit","description":"Zenkit Tagline","potentialAction":[{"@type":"SearchAction","target":{"@type":"EntryPoint","urlTemplate":"https:\/\/zenkit.com\/de\/?s={search_term_string}"},"query-input":{"@type":"PropertyValueSpecification","valueRequired":true,"valueName":"search_term_string"}}],"inLanguage":"de"},false]}},"yasr_visitor_votes":{"stars_attributes":{"read_only":false,"span_bottom":false},"number_of_votes":0,"sum_votes":0},"_links":{"self":[{"href":"https:\/\/zenkit.com\/de\/wp-json\/wp\/v2\/pages\/61170","targetHints":{"allow":["GET"]}}],"collection":[{"href":"https:\/\/zenkit.com\/de\/wp-json\/wp\/v2\/pages"}],"about":[{"href":"https:\/\/zenkit.com\/de\/wp-json\/wp\/v2\/types\/page"}],"author":[{"embeddable":true,"href":"https:\/\/zenkit.com\/de\/wp-json\/wp\/v2\/users\/28"}],"replies":[{"embeddable":true,"href":"https:\/\/zenkit.com\/de\/wp-json\/wp\/v2\/comments?post=61170"}],"version-history":[{"count":4,"href":"https:\/\/zenkit.com\/de\/wp-json\/wp\/v2\/pages\/61170\/revisions"}],"predecessor-version":[{"id":129743,"href":"https:\/\/zenkit.com\/de\/wp-json\/wp\/v2\/pages\/61170\/revisions\/129743"}],"up":[{"embeddable":true,"href":"https:\/\/zenkit.com\/de\/wp-json\/wp\/v2\/pages\/61209"}],"wp:attachment":[{"href":"https:\/\/zenkit.com\/de\/wp-json\/wp\/v2\/media?parent=61170"}],"curies":[{"name":"wp","href":"https:\/\/api.w.org\/{rel}","templated":true}]}}