{"id":61306,"date":"2021-04-27T14:45:20","date_gmt":"2021-04-27T12:45:20","guid":{"rendered":"https:\/\/zenkit.comterprise-re\/"},"modified":"2025-09-24T00:56:05","modified_gmt":"2025-09-23T22:56:05","slug":"unternehmen","status":"publish","type":"page","link":"https:\/\/zenkit.com\/de\/unternehmen\/","title":{"rendered":"Unternehmensfunktionen"},"content":{"rendered":"\n<div class=\"wp-block-group has-global-padding is-layout-constrained wp-container-core-group-is-layout-118822e0 wp-block-group-is-layout-constrained\">\n<div style=\"height:45px;--tablet-height:45px;--mobile-height:16px\" class=\"wp-block-lookeen-blocks-responsive-spacer\"><\/div>\n\n\n\n<div class=\"wp-block-group has-global-padding is-layout-constrained wp-block-group-is-layout-constrained\">\n<h1 class=\"wp-block-heading has-text-align-center\" style=\"margin-top:0;margin-right:0;margin-bottom:8px;margin-left:0\">Zenkit f\u00fcr Unternehmen<\/h1>\n\n\n\n<p class=\"has-text-align-center is-style-subtext\" style=\"margin-top:0;margin-right:0;margin-bottom:0;margin-left:0\">Eine sichere Kollaborationsplattform f\u00fcr Ihre Organisation<br><\/p>\n<\/div>\n\n\n\n<div style=\"height:48px;--tablet-height:36px;--mobile-height:24px\" class=\"wp-block-lookeen-blocks-responsive-spacer\"><\/div>\n\n\n\n<div class=\"wp-block-buttons is-content-justification-center is-layout-flex wp-container-core-buttons-is-layout-f78c5dac wp-block-buttons-is-layout-flex\" style=\"margin-top:0px;margin-bottom:0px\">\n<div class=\"wp-block-button is-style-default\"><a class=\"wp-block-button__link wp-element-button\" href=\"https:\/\/zenkit.com\/de\/kontakt\/\">Kontaktieren Sie uns<\/a><\/div>\n<\/div>\n<\/div>\n\n\n\n<div style=\"height:88px;--tablet-height:72px;--mobile-height:36px\" class=\"wp-block-lookeen-blocks-responsive-spacer\"><\/div>\n\n\n\n<div class=\"wp-block-group has-global-padding is-layout-constrained wp-block-group-is-layout-constrained\">\n<div class=\"wp-block-group has-global-padding is-layout-constrained wp-block-group-is-layout-constrained\">\n<h2 class=\"wp-block-heading has-text-align-center has-x-large-font-size\" style=\"margin-top:0;margin-bottom:8px\">Unternehmensfunktionen<\/h2>\n\n\n\n<p class=\"has-text-align-center is-style-subtext\" style=\"margin-top:0;margin-right:0;margin-bottom:0;margin-left:0\">\u00dcberblick<\/p>\n<\/div>\n\n\n\n<div style=\"height:48px;--tablet-height:36px;--mobile-height:24px\" class=\"wp-block-lookeen-blocks-responsive-spacer\"><\/div>\n\n\n\n<div class=\"wp-block-group four-col-grid has-global-padding is-layout-constrained wp-block-group-is-layout-constrained\">\n<div class=\"wp-block-group alternatives__box has-global-padding is-layout-constrained wp-container-core-group-is-layout-be9188a4 wp-block-group-is-layout-constrained\" style=\"border-radius:20px;padding-top:40px;padding-right:35px;padding-bottom:40px;padding-left:35px\">\n<figure class=\"wp-block-image aligncenter size-full is-resized\"><img decoding=\"async\" src=\"https:\/\/zenkit.com\/wp-content\/uploads\/2025\/07\/Single-Sign-On.svg\" alt=\"\" class=\"wp-image-119191\" style=\"object-fit:contain;width:76px;height:82px\"\/><\/figure>\n\n\n\n<h3 class=\"wp-block-heading has-text-align-center\" style=\"margin-bottom:4px;font-size:22px\">Single Sign-On (SSO)<\/h3>\n\n\n\n<p class=\"has-text-align-center has-da-grey-1-color has-text-color has-link-color wp-elements-fa9524d850fd41aaf4051c18ae52dc61\">Single Sign-On verhilft Ihnen zu einem optimierten Benutzermanagement und einem sicheren Log-in Prozess. Zenkit unterst\u00fctzt SSO mit Hilfe f\u00fchrender Serviceanbieter, um Ihnen maximale Sicherheit zu gew\u00e4hrleisten.<\/p>\n<\/div>\n\n\n\n<div class=\"wp-block-group alternatives__box has-global-padding is-layout-constrained wp-container-core-group-is-layout-be9188a4 wp-block-group-is-layout-constrained\" style=\"border-radius:20px;padding-top:40px;padding-right:35px;padding-bottom:40px;padding-left:35px\">\n<figure class=\"wp-block-image aligncenter size-full is-resized\"><img decoding=\"async\" src=\"https:\/\/zenkit.com\/wp-content\/uploads\/2025\/07\/Zwei-Faktor-Authentifizierung-2FA.svg\" alt=\"\" class=\"wp-image-119201\" style=\"object-fit:contain;width:76px;height:82px\"\/><\/figure>\n\n\n\n<h3 class=\"wp-block-heading has-text-align-center\" style=\"margin-bottom:4px;font-size:22px\">Zwei-Faktor-Authentifizierung (2FA)<\/h3>\n\n\n\n<p class=\"has-text-align-center has-da-grey-1-color has-text-color has-link-color wp-elements-11e2974b10ae7a570d59031989dbf222\">2FA bietet zus\u00e4tzlichen Schutz vor unberechtigten Zugriffen auf Ihren Account. Wird auf Ihren Account von einem anderen Endger\u00e4t aus zugegriffen, muss zus\u00e4tzlich zu Ihrem Passwort ein Security-Code eingegeben werden.<\/p>\n<\/div>\n\n\n\n<div class=\"wp-block-group alternatives__box has-global-padding is-layout-constrained wp-container-core-group-is-layout-be9188a4 wp-block-group-is-layout-constrained\" style=\"border-radius:20px;padding-top:40px;padding-right:35px;padding-bottom:40px;padding-left:35px\">\n<figure class=\"wp-block-image aligncenter size-full is-resized\"><img decoding=\"async\" src=\"https:\/\/zenkit.com\/wp-content\/uploads\/2025\/07\/Intrusion-detection-IDS.svg\" alt=\"\" class=\"wp-image-119211\" style=\"object-fit:contain;width:76px;height:82px\"\/><\/figure>\n\n\n\n<h3 class=\"wp-block-heading has-text-align-center\" style=\"margin-bottom:4px;font-size:22px\">Intrusion detection (IDS)<\/h3>\n\n\n\n<p class=\"has-text-align-center has-da-grey-1-color has-text-color has-link-color wp-elements-d96c41e0c94ebc8b05e5c65bbaa2c009\">Zenkit nutzt IDS-Software, um b\u00f6sartige Aktivit\u00e4ten und Verletzungen der Sicherheitsrichtlinien zu identifizieren. So werden Sie sofort informiert, wenn interne oder externe Bedrohungen auftauchen.<\/p>\n<\/div>\n\n\n\n<div class=\"wp-block-group alternatives__box has-global-padding is-layout-constrained wp-container-core-group-is-layout-be9188a4 wp-block-group-is-layout-constrained\" style=\"border-radius:20px;padding-top:40px;padding-right:35px;padding-bottom:40px;padding-left:35px\">\n<figure class=\"wp-block-image aligncenter size-full is-resized\"><img decoding=\"async\" src=\"https:\/\/zenkit.com\/wp-content\/uploads\/2025\/07\/Service-Level-Agreements.svg\" alt=\"\" class=\"wp-image-119221\" style=\"object-fit:contain;width:76px;height:82px\"\/><\/figure>\n\n\n\n<h3 class=\"wp-block-heading has-text-align-center\" style=\"margin-bottom:4px;font-size:22px\">Service Level Agreements (SLA)<\/h3>\n\n\n\n<p class=\"has-text-align-center has-da-grey-1-color has-text-color has-link-color wp-elements-530a27d7a822c348ed6caba09dca5f4a\">Ein umfangreicher, rechtskr\u00e4ftiger Vertrag und erweiterte Service Level Agreements stellen eine st\u00e4ndige, zuverl\u00e4ssige und reaktive Nutzererfahrung sicher. Zenkit wird \u00fcber AWS in Deutschland gehostet und garantiert Ihnen \u00fcber 99 Prozent Erreichbarkeit.<\/p>\n<\/div>\n<\/div>\n<\/div>\n\n\n\n<div style=\"height:88px;--tablet-height:72px;--mobile-height:36px\" class=\"wp-block-lookeen-blocks-responsive-spacer\"><\/div>\n\n\n\n<div class=\"wp-block-group has-global-padding is-layout-constrained wp-block-group-is-layout-constrained\">\n<div class=\"wp-block-group has-global-padding is-layout-constrained wp-container-core-group-is-layout-7cc94c3e wp-block-group-is-layout-constrained\">\n<h2 class=\"wp-block-heading has-text-align-center display-h1 has-x-large-font-size\" style=\"margin-top:0;margin-bottom:8px\">Granulare Kontrolle<\/h2>\n\n\n\n<p class=\"has-text-align-center is-style-subtext\" style=\"margin-top:0;margin-right:0;margin-bottom:24px;margin-left:0\">Mit Identit\u00e4ts- und Zugriffsmanagement (IAM) gibt Ihnen Zenkit die Kontrolle dar\u00fcber, wer Zugriff auf Ihre Sammlungen und Teams hat<\/p>\n\n\n\n<p class=\"has-text-align-center\">Legen Sie fest, wer \u00f6ffentliche oder private Sammlungen erstellen darf, beschr\u00e4nken Sie Einladungen und deaktivieren Sie Mitglieder, um die Zusammenarbeit im Team aufrechtzuerhalten und gleichzeitig private Daten zu sch\u00fctzen.<\/p>\n\n\n\n<p class=\"has-text-align-center\" style=\"margin-top:0;margin-bottom:0\">Granulare Admin-Funktionen erm\u00f6glichen es Ihnen, die Zugriffseinstellungen schnell anzupassen und Benutzerrollen und -funktionen von \u00fcberall in der App aus zuzuweisen und einzuschr\u00e4nken.<\/p>\n<\/div>\n\n\n\n<div style=\"height:88px;--tablet-height:72px;--mobile-height:36px\" class=\"wp-block-lookeen-blocks-responsive-spacer\"><\/div>\n\n\n\n<div class=\"wp-block-group has-global-padding is-layout-constrained wp-block-group-is-layout-constrained\">\n<div class=\"wp-block-group four-col-grid has-global-padding is-layout-constrained wp-block-group-is-layout-constrained\">\n<div class=\"wp-block-group alternatives__box has-global-padding is-layout-constrained wp-container-core-group-is-layout-be9188a4 wp-block-group-is-layout-constrained\" style=\"border-radius:20px;padding-top:40px;padding-right:35px;padding-bottom:40px;padding-left:35px\">\n<h3 class=\"wp-block-heading has-text-align-center\" style=\"margin-bottom:4px;font-size:22px\">Kundenberater<\/h3>\n\n\n\n<p class=\"has-text-align-center has-da-grey-1-color has-text-color has-link-color wp-elements-95584093db6900d331b4cfa96fe8bb57\">Ein erfahrener Kundenberater h\u00e4lt mit Ihnen und Ihrem Team Trainingssitzungen ab und steht Ihnen bei Fragen zur Abrechnung stets zur Seite.<\/p>\n<\/div>\n\n\n\n<div class=\"wp-block-group alternatives__box has-global-padding is-layout-constrained wp-container-core-group-is-layout-be9188a4 wp-block-group-is-layout-constrained\" style=\"border-radius:20px;padding-top:40px;padding-right:35px;padding-bottom:40px;padding-left:35px\">\n<h3 class=\"wp-block-heading has-text-align-center\" style=\"margin-bottom:4px;font-size:22px\">Personalisierte Einf\u00fchrung<\/h3>\n\n\n\n<p class=\"has-text-align-center has-da-grey-1-color has-text-color has-link-color wp-elements-f59f8cc1e2beb6d3c22758b0db5608bb\">Ein speziell auf Ihr Unternehmen zugeschnittener Einf\u00fchrungsprozess sichert die erfolgreiche \u00dcbernahme und Eingliederung Ihrer bisher genutzten Systeme und Prozesse.<\/p>\n<\/div>\n\n\n\n<div class=\"wp-block-group alternatives__box has-global-padding is-layout-constrained wp-container-core-group-is-layout-be9188a4 wp-block-group-is-layout-constrained\" style=\"border-radius:20px;padding-top:40px;padding-right:35px;padding-bottom:40px;padding-left:35px\">\n<h3 class=\"wp-block-heading has-text-align-center\" style=\"margin-bottom:4px;font-size:22px\">Vorlagen<\/h3>\n\n\n\n<p class=\"has-text-align-center has-da-grey-1-color has-text-color has-link-color wp-elements-f3f2eca90c7ec8e782ce33793e374dff\">Zenkit bietet eine Vielzahl an Vorlagen, die Ihre Unternehmensprozesse und Workflows von Anfang an optimal unterst\u00fctzen<\/p>\n<\/div>\n\n\n\n<div class=\"wp-block-group alternatives__box has-global-padding is-layout-constrained wp-container-core-group-is-layout-be9188a4 wp-block-group-is-layout-constrained\" style=\"border-radius:20px;padding-top:40px;padding-right:35px;padding-bottom:40px;padding-left:35px\">\n<h3 class=\"wp-block-heading has-text-align-center\" style=\"margin-bottom:4px;font-size:22px\">Priority Support<\/h3>\n\n\n\n<p class=\"has-text-align-center has-da-grey-1-color has-text-color has-link-color wp-elements-71081a6ebd631eb876e53a52e2269ca4\">Als Unternehmenskunde garantieren wir Ihnen einen beschleunigten Priority Support via E-Mail und Telefon.<\/p>\n<\/div>\n<\/div>\n<\/div>\n<\/div>\n\n\n\n<div style=\"height:88px;--tablet-height:72px;--mobile-height:36px\" class=\"wp-block-lookeen-blocks-responsive-spacer\"><\/div>\n\n\n\n<div class=\"wp-block-group has-da-blue-light-background-color has-background has-global-padding is-layout-constrained wp-container-core-group-is-layout-d7701c0d wp-block-group-is-layout-constrained\">\n<div style=\"height:80px;--tablet-height:64px;--mobile-height:35px\" class=\"wp-block-lookeen-blocks-responsive-spacer\"><\/div>\n\n\n\n<h2 class=\"wp-block-heading has-text-align-center\">Kontaktieren Sie unser Sales-Team, um mehr \u00fcber anstehende Unternehmensfunktionen in Zenkit zu erfahren.<\/h2>\n\n\n\n<div class=\"wp-block-buttons is-content-justification-center is-layout-flex wp-container-core-buttons-is-layout-f78c5dac wp-block-buttons-is-layout-flex\" style=\"margin-top:0px;margin-bottom:0px\">\n<div class=\"wp-block-button is-style-default\"><a class=\"wp-block-button__link wp-element-button\" href=\"https:\/\/zenkit.com\/de\/kontakt\/\">Kontaktieren Sie uns<\/a><\/div>\n<\/div>\n\n\n\n<div style=\"height:80px;--tablet-height:64px;--mobile-height:35px\" class=\"wp-block-lookeen-blocks-responsive-spacer\"><\/div>\n<\/div>\n","protected":false},"excerpt":{"rendered":"<p>Zenkit f\u00fcr Unternehmen Eine sichere Kollaborationsplattform f\u00fcr Ihre Organisation Unternehmensfunktionen \u00dcberblick Single Sign-On (SSO) Single Sign-On verhilft Ihnen zu einem optimierten Benutzermanagement und einem sicheren Log-in Prozess. Zenkit unterst\u00fctzt SSO mit Hilfe f\u00fchrender Serviceanbieter, um Ihnen maximale Sicherheit zu gew\u00e4hrleisten. Zwei-Faktor-Authentifizierung (2FA) 2FA bietet zus\u00e4tzlichen Schutz vor unberechtigten Zugriffen auf Ihren Account. Wird auf Ihren [&hellip;]<\/p>\n","protected":false},"author":28,"featured_media":0,"parent":0,"menu_order":17,"comment_status":"closed","ping_status":"closed","template":"","meta":{"yasr_overall_rating":0,"yasr_post_is_review":"","yasr_auto_insert_disabled":"","yasr_review_type":"","footnotes":""},"class_list":["post-61306","page","type-page","status-publish","hentry"],"yoast_head":"<!-- This site is optimized with the Yoast SEO plugin v27.3 - https:\/\/yoast.com\/product\/yoast-seo-wordpress\/ -->\n<title>Unternehmensfunktionen | Zenkit<\/title>\n<meta name=\"robots\" content=\"index, follow, max-snippet:-1, max-image-preview:large, max-video-preview:-1\" \/>\n<link rel=\"canonical\" href=\"https:\/\/zenkit.com\/de\/unternehmen\/\" \/>\n<meta property=\"og:locale\" content=\"de_DE\" \/>\n<meta property=\"og:type\" content=\"article\" \/>\n<meta property=\"og:title\" content=\"Unternehmensfunktionen | Zenkit\" \/>\n<meta property=\"og:description\" content=\"Zenkit f\u00fcr Unternehmen Eine sichere Kollaborationsplattform f\u00fcr Ihre Organisation Unternehmensfunktionen \u00dcberblick Single Sign-On (SSO) Single Sign-On verhilft Ihnen zu einem optimierten Benutzermanagement und einem sicheren Log-in Prozess. Zenkit unterst\u00fctzt SSO mit Hilfe f\u00fchrender Serviceanbieter, um Ihnen maximale Sicherheit zu gew\u00e4hrleisten. Zwei-Faktor-Authentifizierung (2FA) 2FA bietet zus\u00e4tzlichen Schutz vor unberechtigten Zugriffen auf Ihren Account. Wird auf Ihren [&hellip;]\" \/>\n<meta property=\"og:url\" content=\"https:\/\/zenkit.com\/de\/unternehmen\/\" \/>\n<meta property=\"og:site_name\" content=\"Zenkit\" \/>\n<meta property=\"article:publisher\" content=\"https:\/\/www.facebook.com\/ZenkitHQ\" \/>\n<meta property=\"article:modified_time\" content=\"2025-09-23T22:56:05+00:00\" \/>\n<meta name=\"twitter:card\" content=\"summary_large_image\" \/>\n<meta name=\"twitter:site\" content=\"@ZenkitHQ\" \/>\n<meta name=\"twitter:label1\" content=\"Gesch\u00e4tzte Lesezeit\" \/>\n\t<meta name=\"twitter:data1\" content=\"13\u00a0Minuten\" \/>\n<script type=\"application\/ld+json\" class=\"yoast-schema-graph\">{\"@context\":\"https:\\\/\\\/schema.org\",\"@graph\":[{\"@type\":\"WebPage\",\"@id\":\"https:\\\/\\\/zenkit.com\\\/de\\\/unternehmen\\\/\",\"url\":\"https:\\\/\\\/zenkit.com\\\/de\\\/unternehmen\\\/\",\"name\":\"Unternehmensfunktionen | Zenkit\",\"isPartOf\":{\"@id\":\"https:\\\/\\\/zenkit.com\\\/de\\\/#website\"},\"primaryImageOfPage\":{\"@id\":\"https:\\\/\\\/zenkit.com\\\/de\\\/unternehmen\\\/#primaryimage\"},\"image\":{\"@id\":\"https:\\\/\\\/zenkit.com\\\/de\\\/unternehmen\\\/#primaryimage\"},\"thumbnailUrl\":\"https:\\\/\\\/zenkit.com\\\/wp-content\\\/uploads\\\/2025\\\/07\\\/Single-Sign-On.svg\",\"datePublished\":\"2021-04-27T12:45:20+00:00\",\"dateModified\":\"2025-09-23T22:56:05+00:00\",\"breadcrumb\":{\"@id\":\"https:\\\/\\\/zenkit.com\\\/de\\\/unternehmen\\\/#breadcrumb\"},\"inLanguage\":\"de\",\"potentialAction\":[{\"@type\":\"ReadAction\",\"target\":[\"https:\\\/\\\/zenkit.com\\\/de\\\/unternehmen\\\/\"]}]},{\"@type\":\"ImageObject\",\"inLanguage\":\"de\",\"@id\":\"https:\\\/\\\/zenkit.com\\\/de\\\/unternehmen\\\/#primaryimage\",\"url\":\"https:\\\/\\\/zenkit.com\\\/wp-content\\\/uploads\\\/2025\\\/07\\\/Single-Sign-On.svg\",\"contentUrl\":\"https:\\\/\\\/zenkit.com\\\/wp-content\\\/uploads\\\/2025\\\/07\\\/Single-Sign-On.svg\"},{\"@type\":\"BreadcrumbList\",\"@id\":\"https:\\\/\\\/zenkit.com\\\/de\\\/unternehmen\\\/#breadcrumb\",\"itemListElement\":[{\"@type\":\"ListItem\",\"position\":1,\"name\":\"Home\",\"item\":\"https:\\\/\\\/zenkit.com\\\/de\\\/\"},{\"@type\":\"ListItem\",\"position\":2,\"name\":\"Unternehmensfunktionen\"}]},{\"@type\":\"WebSite\",\"@id\":\"https:\\\/\\\/zenkit.com\\\/de\\\/#website\",\"url\":\"https:\\\/\\\/zenkit.com\\\/de\\\/\",\"name\":\"Zenkit\",\"description\":\"Zenkit Tagline\",\"potentialAction\":[{\"@type\":\"SearchAction\",\"target\":{\"@type\":\"EntryPoint\",\"urlTemplate\":\"https:\\\/\\\/zenkit.com\\\/de\\\/?s={search_term_string}\"},\"query-input\":{\"@type\":\"PropertyValueSpecification\",\"valueRequired\":true,\"valueName\":\"search_term_string\"}}],\"inLanguage\":\"de\"},false]}<\/script>\n<!-- \/ Yoast SEO plugin. -->","yoast_head_json":{"title":"Unternehmensfunktionen | Zenkit","robots":{"index":"index","follow":"follow","max-snippet":"max-snippet:-1","max-image-preview":"max-image-preview:large","max-video-preview":"max-video-preview:-1"},"canonical":"https:\/\/zenkit.com\/de\/unternehmen\/","og_locale":"de_DE","og_type":"article","og_title":"Unternehmensfunktionen | Zenkit","og_description":"Zenkit f\u00fcr Unternehmen Eine sichere Kollaborationsplattform f\u00fcr Ihre Organisation Unternehmensfunktionen \u00dcberblick Single Sign-On (SSO) Single Sign-On verhilft Ihnen zu einem optimierten Benutzermanagement und einem sicheren Log-in Prozess. Zenkit unterst\u00fctzt SSO mit Hilfe f\u00fchrender Serviceanbieter, um Ihnen maximale Sicherheit zu gew\u00e4hrleisten. Zwei-Faktor-Authentifizierung (2FA) 2FA bietet zus\u00e4tzlichen Schutz vor unberechtigten Zugriffen auf Ihren Account. Wird auf Ihren [&hellip;]","og_url":"https:\/\/zenkit.com\/de\/unternehmen\/","og_site_name":"Zenkit","article_publisher":"https:\/\/www.facebook.com\/ZenkitHQ","article_modified_time":"2025-09-23T22:56:05+00:00","twitter_card":"summary_large_image","twitter_site":"@ZenkitHQ","twitter_misc":{"Gesch\u00e4tzte Lesezeit":"13\u00a0Minuten"},"schema":{"@context":"https:\/\/schema.org","@graph":[{"@type":"WebPage","@id":"https:\/\/zenkit.com\/de\/unternehmen\/","url":"https:\/\/zenkit.com\/de\/unternehmen\/","name":"Unternehmensfunktionen | Zenkit","isPartOf":{"@id":"https:\/\/zenkit.com\/de\/#website"},"primaryImageOfPage":{"@id":"https:\/\/zenkit.com\/de\/unternehmen\/#primaryimage"},"image":{"@id":"https:\/\/zenkit.com\/de\/unternehmen\/#primaryimage"},"thumbnailUrl":"https:\/\/zenkit.com\/wp-content\/uploads\/2025\/07\/Single-Sign-On.svg","datePublished":"2021-04-27T12:45:20+00:00","dateModified":"2025-09-23T22:56:05+00:00","breadcrumb":{"@id":"https:\/\/zenkit.com\/de\/unternehmen\/#breadcrumb"},"inLanguage":"de","potentialAction":[{"@type":"ReadAction","target":["https:\/\/zenkit.com\/de\/unternehmen\/"]}]},{"@type":"ImageObject","inLanguage":"de","@id":"https:\/\/zenkit.com\/de\/unternehmen\/#primaryimage","url":"https:\/\/zenkit.com\/wp-content\/uploads\/2025\/07\/Single-Sign-On.svg","contentUrl":"https:\/\/zenkit.com\/wp-content\/uploads\/2025\/07\/Single-Sign-On.svg"},{"@type":"BreadcrumbList","@id":"https:\/\/zenkit.com\/de\/unternehmen\/#breadcrumb","itemListElement":[{"@type":"ListItem","position":1,"name":"Home","item":"https:\/\/zenkit.com\/de\/"},{"@type":"ListItem","position":2,"name":"Unternehmensfunktionen"}]},{"@type":"WebSite","@id":"https:\/\/zenkit.com\/de\/#website","url":"https:\/\/zenkit.com\/de\/","name":"Zenkit","description":"Zenkit Tagline","potentialAction":[{"@type":"SearchAction","target":{"@type":"EntryPoint","urlTemplate":"https:\/\/zenkit.com\/de\/?s={search_term_string}"},"query-input":{"@type":"PropertyValueSpecification","valueRequired":true,"valueName":"search_term_string"}}],"inLanguage":"de"},false]}},"yasr_visitor_votes":{"stars_attributes":{"read_only":false,"span_bottom":false},"number_of_votes":0,"sum_votes":0},"_links":{"self":[{"href":"https:\/\/zenkit.com\/de\/wp-json\/wp\/v2\/pages\/61306","targetHints":{"allow":["GET"]}}],"collection":[{"href":"https:\/\/zenkit.com\/de\/wp-json\/wp\/v2\/pages"}],"about":[{"href":"https:\/\/zenkit.com\/de\/wp-json\/wp\/v2\/types\/page"}],"author":[{"embeddable":true,"href":"https:\/\/zenkit.com\/de\/wp-json\/wp\/v2\/users\/28"}],"replies":[{"embeddable":true,"href":"https:\/\/zenkit.com\/de\/wp-json\/wp\/v2\/comments?post=61306"}],"version-history":[{"count":57,"href":"https:\/\/zenkit.com\/de\/wp-json\/wp\/v2\/pages\/61306\/revisions"}],"predecessor-version":[{"id":167096,"href":"https:\/\/zenkit.com\/de\/wp-json\/wp\/v2\/pages\/61306\/revisions\/167096"}],"wp:attachment":[{"href":"https:\/\/zenkit.com\/de\/wp-json\/wp\/v2\/media?parent=61306"}],"curies":[{"name":"wp","href":"https:\/\/api.w.org\/{rel}","templated":true}]}}