{"id":61467,"date":"2021-04-21T13:32:29","date_gmt":"2021-04-21T11:32:29","guid":{"rendered":"https:\/\/zenkit.com\/academy-re\/"},"modified":"2025-01-10T06:38:00","modified_gmt":"2025-01-10T05:38:00","slug":"akademie","status":"publish","type":"page","link":"https:\/\/zenkit.com\/de\/akademie\/","title":{"rendered":"Akademie"},"content":{"rendered":"\n<div class=\"wp-block-group has-global-padding is-layout-constrained wp-block-group-is-layout-constrained\">\n<div class=\"wp-block-group width--950 has-global-padding is-layout-constrained wp-block-group-is-layout-constrained\">\n<div style=\"height:45px;--tablet-height:45px;--mobile-height:16px\" class=\"wp-block-lookeen-blocks-responsive-spacer\"><\/div>\n\n\n\n<div class=\"wp-block-group has-global-padding is-layout-constrained wp-block-group-is-layout-constrained\">\n<h1 class=\"wp-block-heading has-text-align-center\" style=\"margin-bottom:8px\">Zenkit&nbsp;\/ Akademie<\/h1>\n<\/div>\n\n\n\n<div class=\"wp-block-group has-global-padding is-layout-constrained wp-block-group-is-layout-constrained\">\n<p class=\"has-text-align-center subheading\">Ziel von Zenkit ist es, Sie dabei zu unterst\u00fctzen, Ihren privaten und beruflichen Alltag so unkompliziert wie m\u00f6glich zu organisieren<\/p>\n<\/div>\n\n\n\n<div style=\"height:48px;--tablet-height:36px;--mobile-height:24px\" class=\"wp-block-lookeen-blocks-responsive-spacer\"><\/div>\n\n\n\n<div class=\"wp-block-group has-global-padding is-layout-constrained wp-block-group-is-layout-constrained\" style=\"margin-bottom:8px\">\n<p class=\"has-text-align-center\">Erg\u00e4nzend zu unserer Plattform werden wir in K\u00fcrze Kurse und Tutorials zu den wichtigsten Themen Ihrer Organisation, Ihres Unternehmens oder Start-Ups anbieten. Die Zenkit Akademie ist bald verf\u00fcgbar. F\u00fcr Fragen und n\u00e4here Informationen stehen wir gerne zur Verf\u00fcgung.<\/p>\n<\/div>\n\n\n\n<div class=\"wp-block-group has-global-padding is-layout-constrained wp-block-group-is-layout-constrained\">\n<p class=\"has-text-align-center\"><a href=\"https:\/\/zenkit.com\/de\/kontakt\/\" data-type=\"page\" data-id=\"98184\">Kontaktieren Sie uns<\/a><\/p>\n<\/div>\n<\/div>\n\n\n\n<div style=\"height:88px;--tablet-height:72px;--mobile-height:40px\" class=\"wp-block-lookeen-blocks-responsive-spacer\"><\/div>\n<\/div>\n\n\n\n<div class=\"wp-block-group has-global-padding is-layout-constrained wp-block-group-is-layout-constrained\">\n<div class=\"wp-block-group da__icon-box-grid has-global-padding is-layout-constrained wp-container-core-group-is-layout-48dbd97c wp-block-group-is-layout-constrained\" style=\"padding-right:0px;padding-left:0px\">\n<div class=\"wp-block-group da__icon-box has-global-padding is-layout-constrained wp-block-group-is-layout-constrained\" style=\"border-radius:20px\">\n<figure class=\"wp-block-image aligncenter size-full is-resized\" style=\"margin-bottom:24px\"><img decoding=\"async\" src=\"https:\/\/zenkit.com\/wp-content\/uploads\/2025\/01\/Projektmanagement.svg\" alt=\"\" class=\"wp-image-109234\" style=\"width:auto;height:82px\"\/><\/figure>\n\n\n\n<p class=\"has-text-align-center\" style=\"margin-bottom:0px;font-size:20px\"><strong>Projektmanagement<\/strong><\/p>\n\n\n\n<p class=\"has-text-align-center\" style=\"margin-bottom:0px;font-size:20px\"><strong>Digital Leadership<\/strong><\/p>\n\n\n\n<p class=\"has-text-align-center\" style=\"font-size:20px\"><strong>Teamarbeit<\/strong><\/p>\n<\/div>\n\n\n\n<div class=\"wp-block-group da__icon-box has-global-padding is-layout-constrained wp-block-group-is-layout-constrained\" style=\"border-radius:20px\">\n<figure class=\"wp-block-image aligncenter size-full is-resized\" style=\"margin-bottom:24px\"><img decoding=\"async\" src=\"https:\/\/zenkit.com\/wp-content\/uploads\/2025\/01\/Kundenmanagement.svg\" alt=\"\" class=\"wp-image-109244\" style=\"width:auto;height:82px\"\/><\/figure>\n\n\n\n<p class=\"has-text-align-center\" style=\"margin-bottom:0px;font-size:20px\"><strong>Kundenmanagement<\/strong><\/p>\n\n\n\n<p class=\"has-text-align-center\" style=\"margin-bottom:0px;font-size:20px\"><strong>Customer Success Management<\/strong><\/p>\n\n\n\n<p class=\"has-text-align-center\" style=\"font-size:20px\"><strong>Kundenakquisition<\/strong><\/p>\n<\/div>\n\n\n\n<div class=\"wp-block-group da__icon-box has-global-padding is-layout-constrained wp-block-group-is-layout-constrained\" style=\"border-radius:20px\">\n<figure class=\"wp-block-image aligncenter size-full is-resized\" style=\"margin-bottom:24px\"><img decoding=\"async\" src=\"https:\/\/zenkit.com\/wp-content\/uploads\/2025\/01\/DigitalAssetManagement.svg\" alt=\"\" class=\"wp-image-109255\" style=\"width:auto;height:82px\"\/><\/figure>\n\n\n\n<p class=\"has-text-align-center\" style=\"margin-bottom:0px;font-size:20px\"><strong>Digital Asset Management<\/strong><\/p>\n\n\n\n<p class=\"has-text-align-center\" style=\"margin-bottom:0px;font-size:20px\"><strong>Dokumenten-management<\/strong><\/p>\n\n\n\n<p class=\"has-text-align-center\" style=\"font-size:20px\"><strong>Digitaler Lebenszyklus<\/strong><\/p>\n<\/div>\n\n\n\n<div class=\"wp-block-group da__icon-box has-global-padding is-layout-constrained wp-block-group-is-layout-constrained\" style=\"border-radius:20px\">\n<figure class=\"wp-block-image aligncenter size-full is-resized\" style=\"margin-bottom:24px\"><img decoding=\"async\" src=\"https:\/\/zenkit.com\/wp-content\/uploads\/2025\/01\/Finanzplanung.svg\" alt=\"\" class=\"wp-image-109265\" style=\"width:auto;height:82px\"\/><\/figure>\n\n\n\n<p class=\"has-text-align-center\" style=\"margin-bottom:0px;font-size:20px\"><strong>Finanzplanung<\/strong><\/p>\n\n\n\n<p class=\"has-text-align-center\" style=\"margin-bottom:0px;font-size:20px\"><strong>Monitoring<\/strong><\/p>\n\n\n\n<p class=\"has-text-align-center\" style=\"font-size:20px\"><strong>Prognosen<\/strong><\/p>\n<\/div>\n\n\n\n<div class=\"wp-block-group da__icon-box has-global-padding is-layout-constrained wp-block-group-is-layout-constrained\" style=\"border-radius:20px\">\n<figure class=\"wp-block-image aligncenter size-full is-resized\" style=\"margin-bottom:24px\"><img decoding=\"async\" src=\"https:\/\/zenkit.com\/wp-content\/uploads\/2025\/01\/Personalmanagement.svg\" alt=\"\" class=\"wp-image-109281\" style=\"width:auto;height:82px\"\/><\/figure>\n\n\n\n<p class=\"has-text-align-center\" style=\"margin-bottom:0px;font-size:20px\"><strong>Personalmanagement<\/strong><\/p>\n\n\n\n<p class=\"has-text-align-center\" style=\"margin-bottom:0px;font-size:20px\"><strong>Bewerbermanagement<\/strong><\/p>\n\n\n\n<p class=\"has-text-align-center\" style=\"margin-bottom:0px;font-size:20px\"><strong>Teambuilding<\/strong><\/p>\n<\/div>\n\n\n\n<div class=\"wp-block-group da__icon-box has-global-padding is-layout-constrained wp-block-group-is-layout-constrained\" style=\"border-radius:20px\">\n<figure class=\"wp-block-image aligncenter size-full is-resized\" style=\"margin-bottom:24px\"><img decoding=\"async\" src=\"https:\/\/zenkit.com\/wp-content\/uploads\/2025\/01\/Empowerment.svg\" alt=\"\" class=\"wp-image-109291\" style=\"width:auto;height:82px\"\/><\/figure>\n\n\n\n<p class=\"has-text-align-center\" style=\"margin-bottom:0px;font-size:20px\"><strong>Empowerment<\/strong><\/p>\n\n\n\n<p class=\"has-text-align-center\" style=\"margin-bottom:0px;font-size:20px\"><strong>Personalmanagement<\/strong><\/p>\n\n\n\n<p class=\"has-text-align-center\" style=\"font-size:20px\"><strong>Personal Growth<\/strong><\/p>\n<\/div>\n<\/div>\n<\/div>\n\n\n\n<div style=\"height:110px;--tablet-height:60px;--mobile-height:48px\" class=\"wp-block-lookeen-blocks-responsive-spacer\"><\/div>\n","protected":false},"excerpt":{"rendered":"<p>Zenkit&nbsp;\/ Akademie Ziel von Zenkit ist es, Sie dabei zu unterst\u00fctzen, Ihren privaten und beruflichen Alltag so unkompliziert wie m\u00f6glich zu organisieren Erg\u00e4nzend zu unserer Plattform werden wir in K\u00fcrze Kurse und Tutorials zu den wichtigsten Themen Ihrer Organisation, Ihres Unternehmens oder Start-Ups anbieten. Die Zenkit Akademie ist bald verf\u00fcgbar. F\u00fcr Fragen und n\u00e4here Informationen [&hellip;]<\/p>\n","protected":false},"author":28,"featured_media":0,"parent":0,"menu_order":18,"comment_status":"closed","ping_status":"closed","template":"","meta":{"yasr_overall_rating":0,"yasr_post_is_review":"","yasr_auto_insert_disabled":"","yasr_review_type":"","footnotes":""},"class_list":["post-61467","page","type-page","status-publish","hentry"],"yoast_head":"<!-- This site is optimized with the Yoast SEO plugin v27.3 - https:\/\/yoast.com\/product\/yoast-seo-wordpress\/ -->\n<title>Akademie | Zenkit<\/title>\n<meta name=\"robots\" content=\"index, follow, max-snippet:-1, max-image-preview:large, max-video-preview:-1\" \/>\n<link rel=\"canonical\" href=\"https:\/\/zenkit.com\/de\/akademie\/\" \/>\n<meta property=\"og:locale\" content=\"de_DE\" \/>\n<meta property=\"og:type\" content=\"article\" \/>\n<meta property=\"og:title\" content=\"Akademie | Zenkit\" \/>\n<meta property=\"og:description\" content=\"Zenkit&nbsp;\/ Akademie Ziel von Zenkit ist es, Sie dabei zu unterst\u00fctzen, Ihren privaten und beruflichen Alltag so unkompliziert wie m\u00f6glich zu organisieren Erg\u00e4nzend zu unserer Plattform werden wir in K\u00fcrze Kurse und Tutorials zu den wichtigsten Themen Ihrer Organisation, Ihres Unternehmens oder Start-Ups anbieten. Die Zenkit Akademie ist bald verf\u00fcgbar. F\u00fcr Fragen und n\u00e4here Informationen [&hellip;]\" \/>\n<meta property=\"og:url\" content=\"https:\/\/zenkit.com\/de\/akademie\/\" \/>\n<meta property=\"og:site_name\" content=\"Zenkit\" \/>\n<meta property=\"article:publisher\" content=\"https:\/\/www.facebook.com\/ZenkitHQ\" \/>\n<meta property=\"article:modified_time\" content=\"2025-01-10T05:38:00+00:00\" \/>\n<meta property=\"og:image\" content=\"https:\/\/zenkit.com\/wp-content\/uploads\/2025\/01\/Projektmanagement.svg\" \/>\n<meta name=\"twitter:card\" content=\"summary_large_image\" \/>\n<meta name=\"twitter:site\" content=\"@ZenkitHQ\" \/>\n<script type=\"application\/ld+json\" class=\"yoast-schema-graph\">{\"@context\":\"https:\\\/\\\/schema.org\",\"@graph\":[{\"@type\":\"WebPage\",\"@id\":\"https:\\\/\\\/zenkit.com\\\/de\\\/akademie\\\/\",\"url\":\"https:\\\/\\\/zenkit.com\\\/de\\\/akademie\\\/\",\"name\":\"Akademie | Zenkit\",\"isPartOf\":{\"@id\":\"https:\\\/\\\/zenkit.com\\\/de\\\/#website\"},\"primaryImageOfPage\":{\"@id\":\"https:\\\/\\\/zenkit.com\\\/de\\\/akademie\\\/#primaryimage\"},\"image\":{\"@id\":\"https:\\\/\\\/zenkit.com\\\/de\\\/akademie\\\/#primaryimage\"},\"thumbnailUrl\":\"https:\\\/\\\/zenkit.com\\\/wp-content\\\/uploads\\\/2025\\\/01\\\/Projektmanagement.svg\",\"datePublished\":\"2021-04-21T11:32:29+00:00\",\"dateModified\":\"2025-01-10T05:38:00+00:00\",\"breadcrumb\":{\"@id\":\"https:\\\/\\\/zenkit.com\\\/de\\\/akademie\\\/#breadcrumb\"},\"inLanguage\":\"de\",\"potentialAction\":[{\"@type\":\"ReadAction\",\"target\":[\"https:\\\/\\\/zenkit.com\\\/de\\\/akademie\\\/\"]}]},{\"@type\":\"ImageObject\",\"inLanguage\":\"de\",\"@id\":\"https:\\\/\\\/zenkit.com\\\/de\\\/akademie\\\/#primaryimage\",\"url\":\"https:\\\/\\\/zenkit.com\\\/wp-content\\\/uploads\\\/2025\\\/01\\\/Projektmanagement.svg\",\"contentUrl\":\"https:\\\/\\\/zenkit.com\\\/wp-content\\\/uploads\\\/2025\\\/01\\\/Projektmanagement.svg\"},{\"@type\":\"BreadcrumbList\",\"@id\":\"https:\\\/\\\/zenkit.com\\\/de\\\/akademie\\\/#breadcrumb\",\"itemListElement\":[{\"@type\":\"ListItem\",\"position\":1,\"name\":\"Home\",\"item\":\"https:\\\/\\\/zenkit.com\\\/de\\\/\"},{\"@type\":\"ListItem\",\"position\":2,\"name\":\"Akademie\"}]},{\"@type\":\"WebSite\",\"@id\":\"https:\\\/\\\/zenkit.com\\\/de\\\/#website\",\"url\":\"https:\\\/\\\/zenkit.com\\\/de\\\/\",\"name\":\"Zenkit\",\"description\":\"Zenkit Tagline\",\"potentialAction\":[{\"@type\":\"SearchAction\",\"target\":{\"@type\":\"EntryPoint\",\"urlTemplate\":\"https:\\\/\\\/zenkit.com\\\/de\\\/?s={search_term_string}\"},\"query-input\":{\"@type\":\"PropertyValueSpecification\",\"valueRequired\":true,\"valueName\":\"search_term_string\"}}],\"inLanguage\":\"de\"},false]}<\/script>\n<!-- \/ Yoast SEO plugin. -->","yoast_head_json":{"title":"Akademie | Zenkit","robots":{"index":"index","follow":"follow","max-snippet":"max-snippet:-1","max-image-preview":"max-image-preview:large","max-video-preview":"max-video-preview:-1"},"canonical":"https:\/\/zenkit.com\/de\/akademie\/","og_locale":"de_DE","og_type":"article","og_title":"Akademie | Zenkit","og_description":"Zenkit&nbsp;\/ Akademie Ziel von Zenkit ist es, Sie dabei zu unterst\u00fctzen, Ihren privaten und beruflichen Alltag so unkompliziert wie m\u00f6glich zu organisieren Erg\u00e4nzend zu unserer Plattform werden wir in K\u00fcrze Kurse und Tutorials zu den wichtigsten Themen Ihrer Organisation, Ihres Unternehmens oder Start-Ups anbieten. Die Zenkit Akademie ist bald verf\u00fcgbar. F\u00fcr Fragen und n\u00e4here Informationen [&hellip;]","og_url":"https:\/\/zenkit.com\/de\/akademie\/","og_site_name":"Zenkit","article_publisher":"https:\/\/www.facebook.com\/ZenkitHQ","article_modified_time":"2025-01-10T05:38:00+00:00","og_image":[{"url":"https:\/\/zenkit.com\/wp-content\/uploads\/2025\/01\/Projektmanagement.svg","type":"","width":"","height":""}],"twitter_card":"summary_large_image","twitter_site":"@ZenkitHQ","schema":{"@context":"https:\/\/schema.org","@graph":[{"@type":"WebPage","@id":"https:\/\/zenkit.com\/de\/akademie\/","url":"https:\/\/zenkit.com\/de\/akademie\/","name":"Akademie | Zenkit","isPartOf":{"@id":"https:\/\/zenkit.com\/de\/#website"},"primaryImageOfPage":{"@id":"https:\/\/zenkit.com\/de\/akademie\/#primaryimage"},"image":{"@id":"https:\/\/zenkit.com\/de\/akademie\/#primaryimage"},"thumbnailUrl":"https:\/\/zenkit.com\/wp-content\/uploads\/2025\/01\/Projektmanagement.svg","datePublished":"2021-04-21T11:32:29+00:00","dateModified":"2025-01-10T05:38:00+00:00","breadcrumb":{"@id":"https:\/\/zenkit.com\/de\/akademie\/#breadcrumb"},"inLanguage":"de","potentialAction":[{"@type":"ReadAction","target":["https:\/\/zenkit.com\/de\/akademie\/"]}]},{"@type":"ImageObject","inLanguage":"de","@id":"https:\/\/zenkit.com\/de\/akademie\/#primaryimage","url":"https:\/\/zenkit.com\/wp-content\/uploads\/2025\/01\/Projektmanagement.svg","contentUrl":"https:\/\/zenkit.com\/wp-content\/uploads\/2025\/01\/Projektmanagement.svg"},{"@type":"BreadcrumbList","@id":"https:\/\/zenkit.com\/de\/akademie\/#breadcrumb","itemListElement":[{"@type":"ListItem","position":1,"name":"Home","item":"https:\/\/zenkit.com\/de\/"},{"@type":"ListItem","position":2,"name":"Akademie"}]},{"@type":"WebSite","@id":"https:\/\/zenkit.com\/de\/#website","url":"https:\/\/zenkit.com\/de\/","name":"Zenkit","description":"Zenkit Tagline","potentialAction":[{"@type":"SearchAction","target":{"@type":"EntryPoint","urlTemplate":"https:\/\/zenkit.com\/de\/?s={search_term_string}"},"query-input":{"@type":"PropertyValueSpecification","valueRequired":true,"valueName":"search_term_string"}}],"inLanguage":"de"},false]}},"yasr_visitor_votes":{"stars_attributes":{"read_only":false,"span_bottom":false},"number_of_votes":0,"sum_votes":0},"_links":{"self":[{"href":"https:\/\/zenkit.com\/de\/wp-json\/wp\/v2\/pages\/61467","targetHints":{"allow":["GET"]}}],"collection":[{"href":"https:\/\/zenkit.com\/de\/wp-json\/wp\/v2\/pages"}],"about":[{"href":"https:\/\/zenkit.com\/de\/wp-json\/wp\/v2\/types\/page"}],"author":[{"embeddable":true,"href":"https:\/\/zenkit.com\/de\/wp-json\/wp\/v2\/users\/28"}],"replies":[{"embeddable":true,"href":"https:\/\/zenkit.com\/de\/wp-json\/wp\/v2\/comments?post=61467"}],"version-history":[{"count":31,"href":"https:\/\/zenkit.com\/de\/wp-json\/wp\/v2\/pages\/61467\/revisions"}],"predecessor-version":[{"id":110038,"href":"https:\/\/zenkit.com\/de\/wp-json\/wp\/v2\/pages\/61467\/revisions\/110038"}],"wp:attachment":[{"href":"https:\/\/zenkit.com\/de\/wp-json\/wp\/v2\/media?parent=61467"}],"curies":[{"name":"wp","href":"https:\/\/api.w.org\/{rel}","templated":true}]}}