{"id":61961,"date":"2018-11-16T20:04:04","date_gmt":"2018-11-16T19:04:04","guid":{"rendered":"https:\/\/zenkit.com\/suite\/roadmap\/"},"modified":"2025-08-05T15:16:40","modified_gmt":"2025-08-05T13:16:40","slug":"roadmap","status":"publish","type":"page","link":"https:\/\/zenkit.com\/de\/roadmap\/","title":{"rendered":"Roadmap"},"content":{"rendered":"\n<div class=\"wp-block-group has-global-padding is-layout-constrained wp-container-core-group-is-layout-118822e0 wp-block-group-is-layout-constrained\">\n<div style=\"height:45px;--tablet-height:45px;--mobile-height:16px\" class=\"wp-block-lookeen-blocks-responsive-spacer\"><\/div>\n\n\n\n<h1 class=\"wp-block-heading has-text-align-center\" style=\"margin-top:0;margin-right:0;margin-bottom:8px;margin-left:0\">Roadmap<\/h1>\n\n\n\n<p class=\"has-text-align-center is-style-subtext\" style=\"margin-top:0;margin-right:0;margin-bottom:0;margin-left:0\">Die Zukunft ist ein spannender Ort. Also halten Sie Ausschau nach neuen Features, gr\u00f6\u00dferen Updates und anderen Dingen, die wir noch ver\u00f6ffentlichen werden. Aktuelle \u00c4nderungen sehen Sie im\u00a0<a href=\"https:\/\/public.zenkit.com\/collections\/BlZOqywun\/views\/i53XOILPJr?hide=workspaceLists\" target=\"_blank\" rel=\"noreferrer noopener\">Changelog<\/a>.<\/p>\n\n\n\n<div style=\"height:48px;--tablet-height:36px;--mobile-height:24px\" class=\"wp-block-lookeen-blocks-responsive-spacer\"><\/div>\n<\/div>\n\n\n\n<div class=\"wp-block-group has-global-padding is-layout-constrained wp-block-group-is-layout-constrained\">\n<div class=\"wp-block-group has-global-padding is-layout-constrained wp-block-group-is-layout-constrained\">\n<iframe src=\"https:\/\/public.zenkit.com\/c\/QIO2f7nkc\/zenkit-roadmap?v=i1vBIPgke0Y\" style=\"width: 100%; min-height: 500px;background: transparent; border: 1px solid #ccc;\" allowfullscreen class=\"border-radius--20\"><a href=\"https:\/\/public.zenkit.com\/c\/QIO2f7nkc\/zenkit-roadmap?v=i1vBIPgke0Y\" target=\"_blank\">Your browser doesn&#8217;t support iframes. Click here to open the content in a new tab.<\/a><\/iframe>\n<\/div>\n<\/div>\n\n\n\n<div style=\"height:110px;--tablet-height:80px;--mobile-height:48px\" class=\"wp-block-lookeen-blocks-responsive-spacer\"><\/div>\n","protected":false},"excerpt":{"rendered":"<p>Roadmap Die Zukunft ist ein spannender Ort. Also halten Sie Ausschau nach neuen Features, gr\u00f6\u00dferen Updates und anderen Dingen, die wir noch ver\u00f6ffentlichen werden. Aktuelle \u00c4nderungen sehen Sie im\u00a0Changelog. Your browser doesn&#8217;t support iframes. Click here to open the content in a new tab.<\/p>\n","protected":false},"author":1,"featured_media":0,"parent":0,"menu_order":0,"comment_status":"closed","ping_status":"closed","template":"","meta":{"yasr_overall_rating":0,"yasr_post_is_review":"","yasr_auto_insert_disabled":"","yasr_review_type":"","footnotes":""},"class_list":["post-61961","page","type-page","status-publish","hentry"],"yoast_head":"<!-- This site is optimized with the Yoast SEO plugin v27.3 - https:\/\/yoast.com\/product\/yoast-seo-wordpress\/ -->\n<title>Roadmap | Zenkit<\/title>\n<meta name=\"description\" content=\"Want to know what&#039;s coming up next? Check out the Zenkit roadmap to see what big features we have planned for the next few months.\" \/>\n<meta name=\"robots\" content=\"index, follow, max-snippet:-1, max-image-preview:large, max-video-preview:-1\" \/>\n<link rel=\"canonical\" href=\"https:\/\/zenkit.com\/de\/roadmap\/\" \/>\n<meta property=\"og:locale\" content=\"de_DE\" \/>\n<meta property=\"og:type\" content=\"article\" \/>\n<meta property=\"og:title\" content=\"Roadmap | Zenkit\" \/>\n<meta property=\"og:description\" content=\"Want to know what&#039;s coming up next? Check out the Zenkit roadmap to see what big features we have planned for the next few months.\" \/>\n<meta property=\"og:url\" content=\"https:\/\/zenkit.com\/de\/roadmap\/\" \/>\n<meta property=\"og:site_name\" content=\"Zenkit\" \/>\n<meta property=\"article:publisher\" content=\"https:\/\/www.facebook.com\/ZenkitHQ\" \/>\n<meta property=\"article:modified_time\" content=\"2025-08-05T13:16:40+00:00\" \/>\n<meta property=\"og:image\" content=\"https:\/\/zenkit.com\/wp-content\/uploads\/2018\/05\/Zenkit_integrations_header.png\" \/>\n\t<meta property=\"og:image:width\" content=\"1000\" \/>\n\t<meta property=\"og:image:height\" content=\"577\" \/>\n\t<meta property=\"og:image:type\" content=\"image\/png\" \/>\n<meta name=\"twitter:card\" content=\"summary_large_image\" \/>\n<meta name=\"twitter:site\" content=\"@ZenkitHQ\" \/>\n<script type=\"application\/ld+json\" class=\"yoast-schema-graph\">{\"@context\":\"https:\\\/\\\/schema.org\",\"@graph\":[{\"@type\":\"WebPage\",\"@id\":\"https:\\\/\\\/zenkit.com\\\/de\\\/roadmap\\\/\",\"url\":\"https:\\\/\\\/zenkit.com\\\/de\\\/roadmap\\\/\",\"name\":\"Roadmap | Zenkit\",\"isPartOf\":{\"@id\":\"https:\\\/\\\/zenkit.com\\\/de\\\/#website\"},\"datePublished\":\"2018-11-16T19:04:04+00:00\",\"dateModified\":\"2025-08-05T13:16:40+00:00\",\"description\":\"Want to know what's coming up next? Check out the Zenkit roadmap to see what big features we have planned for the next few months.\",\"breadcrumb\":{\"@id\":\"https:\\\/\\\/zenkit.com\\\/de\\\/roadmap\\\/#breadcrumb\"},\"inLanguage\":\"de\",\"potentialAction\":[{\"@type\":\"ReadAction\",\"target\":[\"https:\\\/\\\/zenkit.com\\\/de\\\/roadmap\\\/\"]}]},{\"@type\":\"BreadcrumbList\",\"@id\":\"https:\\\/\\\/zenkit.com\\\/de\\\/roadmap\\\/#breadcrumb\",\"itemListElement\":[{\"@type\":\"ListItem\",\"position\":1,\"name\":\"Home\",\"item\":\"https:\\\/\\\/zenkit.com\\\/de\\\/\"},{\"@type\":\"ListItem\",\"position\":2,\"name\":\"Roadmap\"}]},{\"@type\":\"WebSite\",\"@id\":\"https:\\\/\\\/zenkit.com\\\/de\\\/#website\",\"url\":\"https:\\\/\\\/zenkit.com\\\/de\\\/\",\"name\":\"Zenkit\",\"description\":\"Zenkit Tagline\",\"potentialAction\":[{\"@type\":\"SearchAction\",\"target\":{\"@type\":\"EntryPoint\",\"urlTemplate\":\"https:\\\/\\\/zenkit.com\\\/de\\\/?s={search_term_string}\"},\"query-input\":{\"@type\":\"PropertyValueSpecification\",\"valueRequired\":true,\"valueName\":\"search_term_string\"}}],\"inLanguage\":\"de\"},false]}<\/script>\n<!-- \/ Yoast SEO plugin. -->","yoast_head_json":{"title":"Roadmap | Zenkit","description":"Want to know what's coming up next? Check out the Zenkit roadmap to see what big features we have planned for the next few months.","robots":{"index":"index","follow":"follow","max-snippet":"max-snippet:-1","max-image-preview":"max-image-preview:large","max-video-preview":"max-video-preview:-1"},"canonical":"https:\/\/zenkit.com\/de\/roadmap\/","og_locale":"de_DE","og_type":"article","og_title":"Roadmap | Zenkit","og_description":"Want to know what's coming up next? Check out the Zenkit roadmap to see what big features we have planned for the next few months.","og_url":"https:\/\/zenkit.com\/de\/roadmap\/","og_site_name":"Zenkit","article_publisher":"https:\/\/www.facebook.com\/ZenkitHQ","article_modified_time":"2025-08-05T13:16:40+00:00","og_image":[{"width":1000,"height":577,"url":"https:\/\/zenkit.com\/wp-content\/uploads\/2018\/05\/Zenkit_integrations_header.png","type":"image\/png"}],"twitter_card":"summary_large_image","twitter_site":"@ZenkitHQ","schema":{"@context":"https:\/\/schema.org","@graph":[{"@type":"WebPage","@id":"https:\/\/zenkit.com\/de\/roadmap\/","url":"https:\/\/zenkit.com\/de\/roadmap\/","name":"Roadmap | Zenkit","isPartOf":{"@id":"https:\/\/zenkit.com\/de\/#website"},"datePublished":"2018-11-16T19:04:04+00:00","dateModified":"2025-08-05T13:16:40+00:00","description":"Want to know what's coming up next? Check out the Zenkit roadmap to see what big features we have planned for the next few months.","breadcrumb":{"@id":"https:\/\/zenkit.com\/de\/roadmap\/#breadcrumb"},"inLanguage":"de","potentialAction":[{"@type":"ReadAction","target":["https:\/\/zenkit.com\/de\/roadmap\/"]}]},{"@type":"BreadcrumbList","@id":"https:\/\/zenkit.com\/de\/roadmap\/#breadcrumb","itemListElement":[{"@type":"ListItem","position":1,"name":"Home","item":"https:\/\/zenkit.com\/de\/"},{"@type":"ListItem","position":2,"name":"Roadmap"}]},{"@type":"WebSite","@id":"https:\/\/zenkit.com\/de\/#website","url":"https:\/\/zenkit.com\/de\/","name":"Zenkit","description":"Zenkit Tagline","potentialAction":[{"@type":"SearchAction","target":{"@type":"EntryPoint","urlTemplate":"https:\/\/zenkit.com\/de\/?s={search_term_string}"},"query-input":{"@type":"PropertyValueSpecification","valueRequired":true,"valueName":"search_term_string"}}],"inLanguage":"de"},false]}},"yasr_visitor_votes":{"stars_attributes":{"read_only":false,"span_bottom":false},"number_of_votes":0,"sum_votes":0},"_links":{"self":[{"href":"https:\/\/zenkit.com\/de\/wp-json\/wp\/v2\/pages\/61961","targetHints":{"allow":["GET"]}}],"collection":[{"href":"https:\/\/zenkit.com\/de\/wp-json\/wp\/v2\/pages"}],"about":[{"href":"https:\/\/zenkit.com\/de\/wp-json\/wp\/v2\/types\/page"}],"author":[{"embeddable":true,"href":"https:\/\/zenkit.com\/de\/wp-json\/wp\/v2\/users\/1"}],"replies":[{"embeddable":true,"href":"https:\/\/zenkit.com\/de\/wp-json\/wp\/v2\/comments?post=61961"}],"version-history":[{"count":12,"href":"https:\/\/zenkit.com\/de\/wp-json\/wp\/v2\/pages\/61961\/revisions"}],"predecessor-version":[{"id":126048,"href":"https:\/\/zenkit.com\/de\/wp-json\/wp\/v2\/pages\/61961\/revisions\/126048"}],"wp:attachment":[{"href":"https:\/\/zenkit.com\/de\/wp-json\/wp\/v2\/media?parent=61961"}],"curies":[{"name":"wp","href":"https:\/\/api.w.org\/{rel}","templated":true}]}}