{"id":62319,"date":"2021-04-20T11:43:06","date_gmt":"2021-04-20T09:43:06","guid":{"rendered":"https:\/\/zenkit.com\/suite\/find-a-partner\/"},"modified":"2025-11-04T06:53:11","modified_gmt":"2025-11-04T05:53:11","slug":"partner-finden","status":"publish","type":"page","link":"https:\/\/zenkit.com\/de\/partner-finden\/","title":{"rendered":"Partner finden"},"content":{"rendered":"\n<div class=\"wp-block-group has-global-padding is-layout-constrained wp-container-core-group-is-layout-118822e0 wp-block-group-is-layout-constrained\">\n<div style=\"height:45px;--tablet-height:45px;--mobile-height:16px\" class=\"wp-block-lookeen-blocks-responsive-spacer\"><\/div>\n\n\n\n<h1 class=\"wp-block-heading has-text-align-center\" style=\"margin-top:0;margin-right:0;margin-bottom:8px;margin-left:0\">Finden Sie einen Partner<\/h1>\n\n\n\n<p class=\"has-text-align-center is-style-subtext\" style=\"margin-top:0;margin-right:0;margin-bottom:0;margin-left:0\">Kontaktieren Sie einen Partner von Zenkit in Ihrer N\u00e4he, um Ihren Arbeitsfluss zu optimieren, Coaching durch Experten zu erhalten und f\u00fcr vieles mehr.<\/p>\n\n\n\n<div style=\"height:48px;--tablet-height:36px;--mobile-height:24px\" class=\"wp-block-lookeen-blocks-responsive-spacer\"><\/div>\n<\/div>\n\n\n\n<div class=\"wp-block-group has-global-padding is-layout-constrained wp-block-group-is-layout-constrained\">\n<div class=\"wp-block-group has-global-padding is-layout-constrained wp-block-group-is-layout-constrained\">\n<iframe style=\"width: 100%; min-height: 500px; background: transparent; border: 0; margin-bottom: 0px;\" src=\"https:\/\/public.zenkit.com\/c\/47-FTrcmfI\/zenkit-partner-directory?v=8bk6-5S0l0k&amp;hide=views,workspaceLists\" allowfullscreen=\"allowfullscreen\" class=\"border-radius--20\"><a href=\"https:\/\/public.zenkit.com\/c\/47-FTrcmfI\/zenkit-partner-directory?v=8bk6-5S0l0k&amp;hide=views,workspaceLists\" target=\"_blank\">Your browser doesn&#8217;t support iframes. Click here to open the content in a new tab.<\/a><\/iframe>\n<\/div>\n<\/div>\n\n\n\n<div style=\"height:110px;--tablet-height:60px;--mobile-height:48px\" class=\"wp-block-lookeen-blocks-responsive-spacer\"><\/div>\n\n\n\n<div class=\"wp-block-group has-global-padding is-layout-constrained wp-block-group-is-layout-constrained\">\n<div class=\"wp-block-columns is-layout-flex wp-container-core-columns-is-layout-2eb748b2 wp-block-columns-is-layout-flex\" style=\"margin-top:0px;margin-bottom:0px\">\n<div class=\"wp-block-column is-vertically-aligned-center is-layout-flow wp-block-column-is-layout-flow\">\n<figure class=\"wp-block-image size-full\"><img loading=\"lazy\" decoding=\"async\" width=\"1184\" height=\"600\" src=\"https:\/\/zenkit.com\/wp-content\/uploads\/2021\/05\/double-arrows-3.jpg\" alt=\"Details zu unseren Partnern finden Sie im seitlichen Panel\" class=\"wp-image-61888\" srcset=\"https:\/\/zenkit.com\/wp-content\/uploads\/2021\/05\/double-arrows-3.jpg 1184w, https:\/\/zenkit.com\/wp-content\/uploads\/2021\/05\/double-arrows-3-300x152.jpg 300w, https:\/\/zenkit.com\/wp-content\/uploads\/2021\/05\/double-arrows-3-1024x519.jpg 1024w, https:\/\/zenkit.com\/wp-content\/uploads\/2021\/05\/double-arrows-3-768x389.jpg 768w\" sizes=\"auto, (max-width: 1184px) 100vw, 1184px\" \/><\/figure>\n<\/div>\n\n\n\n<div class=\"wp-block-column is-vertically-aligned-center is-layout-flow wp-block-column-is-layout-flow\">\n<h2 class=\"wp-block-heading\">Details zu unseren Partnern finden Sie im seitlichen Panel<\/h2>\n\n\n\n<p>Klicken Sie hierzu auf die doppelten Pfeile neben dem Namen des jeweiligen Partners um das Item zu vergr\u00f6\u00dfern und Details im Panel zu betrachten.<\/p>\n<\/div>\n<\/div>\n\n\n\n<div style=\"height:88px;--tablet-height:66px;--mobile-height:46px\" class=\"wp-block-lookeen-blocks-responsive-spacer\"><\/div>\n\n\n\n<div class=\"wp-block-columns is-style-da-column-order-reverse is-layout-flex wp-container-core-columns-is-layout-2eb748b2 wp-block-columns-is-layout-flex\" style=\"margin-top:0px;margin-bottom:0px\">\n<div class=\"wp-block-column is-vertically-aligned-center is-layout-flow wp-block-column-is-layout-flow\">\n<h2 class=\"wp-block-heading\">Einen Filter erstellen<\/h2>\n\n\n\n<p>Klicken Sie auf das Filter-Icon neben dem Titel der Collection &gt; klicken Sie auf \u201cBedingung hinzuf\u00fcgen\u201d &gt; w\u00e4hlen Sie ein Feld oder mehrere Felder aus.<\/p>\n\n\n\n<p>Oder noch einfacher: klicken Sie auf den Namen einer beliebigen Spalte und w\u00e4hlen Sie ein Label um nach diesem zu filtern. Zum Beispiel, Sie m\u00f6chten einen Partner finden der einen Service auf Deutsch anbietet, also klicken Sie auf das Feld f\u00fcr Sprache und w\u00e4hlen anschlie\u00dfend Deutsch.<\/p>\n<\/div>\n\n\n\n<div class=\"wp-block-column is-vertically-aligned-center is-layout-flow wp-block-column-is-layout-flow\">\n<figure class=\"wp-block-image size-full\"><img loading=\"lazy\" decoding=\"async\" width=\"1184\" height=\"600\" src=\"https:\/\/zenkit.com\/wp-content\/uploads\/2021\/05\/filter-2.jpg\" alt=\"Einen Filter erstellen\" class=\"wp-image-61904\" srcset=\"https:\/\/zenkit.com\/wp-content\/uploads\/2021\/05\/filter-2.jpg 1184w, https:\/\/zenkit.com\/wp-content\/uploads\/2021\/05\/filter-2-300x152.jpg 300w, https:\/\/zenkit.com\/wp-content\/uploads\/2021\/05\/filter-2-1024x519.jpg 1024w, https:\/\/zenkit.com\/wp-content\/uploads\/2021\/05\/filter-2-768x389.jpg 768w\" sizes=\"auto, (max-width: 1184px) 100vw, 1184px\" \/><\/figure>\n<\/div>\n<\/div>\n<\/div>\n\n\n\n<div style=\"height:88px;--tablet-height:72px;--mobile-height:36px\" class=\"wp-block-lookeen-blocks-responsive-spacer\"><\/div>\n\n\n\n<div class=\"wp-block-group has-global-padding is-layout-constrained wp-container-core-group-is-layout-9235c805 wp-block-group-is-layout-constrained\">\n<h2 class=\"wp-block-heading has-text-align-center has-da-blue-color-new has-text-color has-link-color wp-elements-13376b14bc40335180b802b2ab0ab2c1\" style=\"margin-top:0;margin-right:0;margin-bottom:0;margin-left:0\">Ta-da! Das ist alles.<\/h2>\n\n\n\n<p class=\"has-text-align-center is-style-default display-h2 has-da-grey-2-color has-text-color has-link-color wp-elements-5a8e325070d4d883c1ac243b134afcd7\" style=\"line-height:1.4\">Senden Sie noch heute eine Anfrage an einen Partner, der Ihnen zusagt!<\/p>\n<\/div>\n\n\n\n<div style=\"height:88px;--tablet-height:72px;--mobile-height:36px\" class=\"wp-block-lookeen-blocks-responsive-spacer\"><\/div>\n\n\n\n<div class=\"wp-block-group has-da-blue-light-background-color has-background has-global-padding is-layout-constrained wp-container-core-group-is-layout-9235c805 wp-block-group-is-layout-constrained\">\n<div style=\"height:80px;--tablet-height:64px;--mobile-height:35px\" class=\"wp-block-lookeen-blocks-responsive-spacer\"><\/div>\n\n\n\n<div class=\"wp-block-group has-global-padding is-layout-constrained wp-block-group-is-layout-constrained\">\n<h2 class=\"wp-block-heading has-text-align-center\">Sind Sie ein potentieller Partner?<\/h2>\n\n\n\n<p class=\"has-text-align-center\">Sind Sie ein Zenkit Experte? Bietet Ihr Unternehmen Schulungen zu Zenkit oder haben Sie spezialisierte Experten von denen andere Zenkit Nutzer profitieren k\u00f6nnten?<\/p>\n\n\n\n<p class=\"has-text-align-center\" style=\"margin-top:0;margin-right:0;margin-bottom:0;margin-left:0\">Dann kontaktieren Sie uns und werden Sie teil unseres Netzwerks!<\/p>\n<\/div>\n\n\n\n<div class=\"wp-block-group has-global-padding is-layout-constrained wp-block-group-is-layout-constrained\">\n<div style=\"height:48px;--tablet-height:36px;--mobile-height:24px\" class=\"wp-block-lookeen-blocks-responsive-spacer\"><\/div>\n<\/div>\n\n\n\n<div class=\"wp-block-buttons is-content-justification-center is-layout-flex wp-container-core-buttons-is-layout-f78c5dac wp-block-buttons-is-layout-flex\" style=\"margin-top:0px;margin-bottom:0px\">\n<div class=\"wp-block-button is-style-default\"><a class=\"wp-block-button__link wp-element-button\" href=\"https:\/\/zenkit.com\/de\/kontakt\/\">Kontakt<\/a><\/div>\n<\/div>\n\n\n\n<div style=\"height:80px;--tablet-height:64px;--mobile-height:35px\" class=\"wp-block-lookeen-blocks-responsive-spacer\"><\/div>\n<\/div>\n","protected":false},"excerpt":{"rendered":"<p>Finden Sie einen Partner Kontaktieren Sie einen Partner von Zenkit in Ihrer N\u00e4he, um Ihren Arbeitsfluss zu optimieren, Coaching durch Experten zu erhalten und f\u00fcr vieles mehr. Your browser doesn&#8217;t support iframes. Click here to open the content in a new tab. Details zu unseren Partnern finden Sie im seitlichen Panel Klicken Sie hierzu auf [&hellip;]<\/p>\n","protected":false},"author":28,"featured_media":0,"parent":0,"menu_order":23,"comment_status":"closed","ping_status":"closed","template":"","meta":{"yasr_overall_rating":0,"yasr_post_is_review":"","yasr_auto_insert_disabled":"","yasr_review_type":"","footnotes":""},"class_list":["post-62319","page","type-page","status-publish","hentry"],"yoast_head":"<!-- This site is optimized with the Yoast SEO plugin v27.3 - https:\/\/yoast.com\/product\/yoast-seo-wordpress\/ -->\n<title>Partner finden | Zenkit<\/title>\n<meta name=\"description\" content=\"Our partner directory help you find a consulting partner near you to optimize workflows, receive expert coaching, and more.\" \/>\n<meta name=\"robots\" content=\"index, follow, max-snippet:-1, max-image-preview:large, max-video-preview:-1\" \/>\n<link rel=\"canonical\" href=\"https:\/\/zenkit.com\/de\/partner-finden\/\" \/>\n<meta property=\"og:locale\" content=\"de_DE\" \/>\n<meta property=\"og:type\" content=\"article\" \/>\n<meta property=\"og:title\" content=\"Partner finden | Zenkit\" \/>\n<meta property=\"og:description\" content=\"Our partner directory help you find a consulting partner near you to optimize workflows, receive expert coaching, and more.\" \/>\n<meta property=\"og:url\" content=\"https:\/\/zenkit.com\/de\/partner-finden\/\" \/>\n<meta property=\"og:site_name\" content=\"Zenkit\" \/>\n<meta property=\"article:publisher\" content=\"https:\/\/www.facebook.com\/ZenkitHQ\" \/>\n<meta property=\"article:modified_time\" content=\"2025-11-04T05:53:11+00:00\" \/>\n<meta property=\"og:image\" content=\"https:\/\/zenkit.com\/wp-content\/uploads\/2023\/10\/zenkit-suite-hello-1024x809.jpg\" \/>\n<meta name=\"twitter:card\" content=\"summary_large_image\" \/>\n<meta name=\"twitter:site\" content=\"@ZenkitHQ\" \/>\n<script type=\"application\/ld+json\" class=\"yoast-schema-graph\">{\"@context\":\"https:\\\/\\\/schema.org\",\"@graph\":[{\"@type\":\"WebPage\",\"@id\":\"https:\\\/\\\/zenkit.com\\\/de\\\/partner-finden\\\/\",\"url\":\"https:\\\/\\\/zenkit.com\\\/de\\\/partner-finden\\\/\",\"name\":\"Partner finden | Zenkit\",\"isPartOf\":{\"@id\":\"https:\\\/\\\/zenkit.com\\\/de\\\/#website\"},\"primaryImageOfPage\":{\"@id\":\"https:\\\/\\\/zenkit.com\\\/de\\\/partner-finden\\\/#primaryimage\"},\"image\":{\"@id\":\"https:\\\/\\\/zenkit.com\\\/de\\\/partner-finden\\\/#primaryimage\"},\"thumbnailUrl\":\"https:\\\/\\\/zenkit.com\\\/wp-content\\\/uploads\\\/2021\\\/05\\\/double-arrows-3.jpg\",\"datePublished\":\"2021-04-20T09:43:06+00:00\",\"dateModified\":\"2025-11-04T05:53:11+00:00\",\"description\":\"Our partner directory help you find a consulting partner near you to optimize workflows, receive expert coaching, and more.\",\"breadcrumb\":{\"@id\":\"https:\\\/\\\/zenkit.com\\\/de\\\/partner-finden\\\/#breadcrumb\"},\"inLanguage\":\"de\",\"potentialAction\":[{\"@type\":\"ReadAction\",\"target\":[\"https:\\\/\\\/zenkit.com\\\/de\\\/partner-finden\\\/\"]}]},{\"@type\":\"ImageObject\",\"inLanguage\":\"de\",\"@id\":\"https:\\\/\\\/zenkit.com\\\/de\\\/partner-finden\\\/#primaryimage\",\"url\":\"https:\\\/\\\/zenkit.com\\\/wp-content\\\/uploads\\\/2021\\\/05\\\/double-arrows-3.jpg\",\"contentUrl\":\"https:\\\/\\\/zenkit.com\\\/wp-content\\\/uploads\\\/2021\\\/05\\\/double-arrows-3.jpg\"},{\"@type\":\"BreadcrumbList\",\"@id\":\"https:\\\/\\\/zenkit.com\\\/de\\\/partner-finden\\\/#breadcrumb\",\"itemListElement\":[{\"@type\":\"ListItem\",\"position\":1,\"name\":\"Home\",\"item\":\"https:\\\/\\\/zenkit.com\\\/de\\\/\"},{\"@type\":\"ListItem\",\"position\":2,\"name\":\"Partner finden\"}]},{\"@type\":\"WebSite\",\"@id\":\"https:\\\/\\\/zenkit.com\\\/de\\\/#website\",\"url\":\"https:\\\/\\\/zenkit.com\\\/de\\\/\",\"name\":\"Zenkit\",\"description\":\"Zenkit Tagline\",\"potentialAction\":[{\"@type\":\"SearchAction\",\"target\":{\"@type\":\"EntryPoint\",\"urlTemplate\":\"https:\\\/\\\/zenkit.com\\\/de\\\/?s={search_term_string}\"},\"query-input\":{\"@type\":\"PropertyValueSpecification\",\"valueRequired\":true,\"valueName\":\"search_term_string\"}}],\"inLanguage\":\"de\"},false]}<\/script>\n<!-- \/ Yoast SEO plugin. -->","yoast_head_json":{"title":"Partner finden | Zenkit","description":"Our partner directory help you find a consulting partner near you to optimize workflows, receive expert coaching, and more.","robots":{"index":"index","follow":"follow","max-snippet":"max-snippet:-1","max-image-preview":"max-image-preview:large","max-video-preview":"max-video-preview:-1"},"canonical":"https:\/\/zenkit.com\/de\/partner-finden\/","og_locale":"de_DE","og_type":"article","og_title":"Partner finden | Zenkit","og_description":"Our partner directory help you find a consulting partner near you to optimize workflows, receive expert coaching, and more.","og_url":"https:\/\/zenkit.com\/de\/partner-finden\/","og_site_name":"Zenkit","article_publisher":"https:\/\/www.facebook.com\/ZenkitHQ","article_modified_time":"2025-11-04T05:53:11+00:00","og_image":[{"url":"https:\/\/zenkit.com\/wp-content\/uploads\/2023\/10\/zenkit-suite-hello-1024x809.jpg","type":"","width":"","height":""}],"twitter_card":"summary_large_image","twitter_site":"@ZenkitHQ","schema":{"@context":"https:\/\/schema.org","@graph":[{"@type":"WebPage","@id":"https:\/\/zenkit.com\/de\/partner-finden\/","url":"https:\/\/zenkit.com\/de\/partner-finden\/","name":"Partner finden | Zenkit","isPartOf":{"@id":"https:\/\/zenkit.com\/de\/#website"},"primaryImageOfPage":{"@id":"https:\/\/zenkit.com\/de\/partner-finden\/#primaryimage"},"image":{"@id":"https:\/\/zenkit.com\/de\/partner-finden\/#primaryimage"},"thumbnailUrl":"https:\/\/zenkit.com\/wp-content\/uploads\/2021\/05\/double-arrows-3.jpg","datePublished":"2021-04-20T09:43:06+00:00","dateModified":"2025-11-04T05:53:11+00:00","description":"Our partner directory help you find a consulting partner near you to optimize workflows, receive expert coaching, and more.","breadcrumb":{"@id":"https:\/\/zenkit.com\/de\/partner-finden\/#breadcrumb"},"inLanguage":"de","potentialAction":[{"@type":"ReadAction","target":["https:\/\/zenkit.com\/de\/partner-finden\/"]}]},{"@type":"ImageObject","inLanguage":"de","@id":"https:\/\/zenkit.com\/de\/partner-finden\/#primaryimage","url":"https:\/\/zenkit.com\/wp-content\/uploads\/2021\/05\/double-arrows-3.jpg","contentUrl":"https:\/\/zenkit.com\/wp-content\/uploads\/2021\/05\/double-arrows-3.jpg"},{"@type":"BreadcrumbList","@id":"https:\/\/zenkit.com\/de\/partner-finden\/#breadcrumb","itemListElement":[{"@type":"ListItem","position":1,"name":"Home","item":"https:\/\/zenkit.com\/de\/"},{"@type":"ListItem","position":2,"name":"Partner finden"}]},{"@type":"WebSite","@id":"https:\/\/zenkit.com\/de\/#website","url":"https:\/\/zenkit.com\/de\/","name":"Zenkit","description":"Zenkit Tagline","potentialAction":[{"@type":"SearchAction","target":{"@type":"EntryPoint","urlTemplate":"https:\/\/zenkit.com\/de\/?s={search_term_string}"},"query-input":{"@type":"PropertyValueSpecification","valueRequired":true,"valueName":"search_term_string"}}],"inLanguage":"de"},false]}},"yasr_visitor_votes":{"stars_attributes":{"read_only":false,"span_bottom":false},"number_of_votes":0,"sum_votes":0},"_links":{"self":[{"href":"https:\/\/zenkit.com\/de\/wp-json\/wp\/v2\/pages\/62319","targetHints":{"allow":["GET"]}}],"collection":[{"href":"https:\/\/zenkit.com\/de\/wp-json\/wp\/v2\/pages"}],"about":[{"href":"https:\/\/zenkit.com\/de\/wp-json\/wp\/v2\/types\/page"}],"author":[{"embeddable":true,"href":"https:\/\/zenkit.com\/de\/wp-json\/wp\/v2\/users\/28"}],"replies":[{"embeddable":true,"href":"https:\/\/zenkit.com\/de\/wp-json\/wp\/v2\/comments?post=62319"}],"version-history":[{"count":56,"href":"https:\/\/zenkit.com\/de\/wp-json\/wp\/v2\/pages\/62319\/revisions"}],"predecessor-version":[{"id":119295,"href":"https:\/\/zenkit.com\/de\/wp-json\/wp\/v2\/pages\/62319\/revisions\/119295"}],"wp:attachment":[{"href":"https:\/\/zenkit.com\/de\/wp-json\/wp\/v2\/media?parent=62319"}],"curies":[{"name":"wp","href":"https:\/\/api.w.org\/{rel}","templated":true}]}}