{"id":63840,"date":"2021-06-17T15:31:22","date_gmt":"2021-06-17T13:31:22","guid":{"rendered":"https:\/\/zenkit.com\/?page_id=63840"},"modified":"2025-09-16T14:55:59","modified_gmt":"2025-09-16T12:55:59","slug":"internet-datenschutz","status":"publish","type":"page","link":"https:\/\/zenkit.com\/de\/internet-datenschutz\/","title":{"rendered":"Zenkit Web Datenschutzerkl\u00e4rung"},"content":{"rendered":"\n<div class=\"wp-block-group has-global-padding is-layout-constrained wp-block-group-is-layout-constrained\">\n<div class=\"wp-block-group width--950 has-global-padding is-layout-constrained wp-block-group-is-layout-constrained\">\n<div style=\"height:45px;--tablet-height:45px;--mobile-height:16px\" class=\"wp-block-lookeen-blocks-responsive-spacer\"><\/div>\n\n\n\n<div class=\"wp-block-group has-global-padding is-layout-constrained wp-block-group-is-layout-constrained\">\n<h1 class=\"wp-block-heading has-text-align-center\" style=\"margin-bottom:8px\">Datenschutzerkl\u00e4rung<\/h1>\n<\/div>\n\n\n\n<div class=\"wp-block-group has-global-padding is-layout-constrained wp-block-group-is-layout-constrained\">\n<p class=\"has-text-align-center subheading\">Diese Datenschutzrichtlinie gilt f\u00fcr die Nutzung der Zenkit Marketing Website. Die Datenschutzerkl\u00e4rung f\u00fcr die Zenkit Software finden Sie\u00a0<a href=\"https:\/\/zenkit.com\/de\/datenschutzrichtlinien\/\">hier<\/a>.<\/p>\n<\/div>\n<\/div>\n<\/div>\n\n\n\n<div class=\"wp-block-group has-global-padding is-layout-constrained wp-block-group-is-layout-constrained\">\n<div style=\"height:88px;--tablet-height:72px;--mobile-height:36px\" class=\"wp-block-lookeen-blocks-responsive-spacer\"><\/div>\n\n\n\n<style>\n#iub-pp-container *{\ncolor:#444746 !important;\n}\n#iub-pp-container h1,\n#iub-pp-container h2,\n#iub-pp-container h3{\ncolor:#000000 !important;\n}\n<\/style>\n\n<a class=\"iubenda-white no-brand iub-body-embed iubenda-embed zenkit-privacy-placeholder\" title=\"Privacy Policy\" href=\"\/\/www.iubenda.com\/privacy-policy\/49352627\">\nLoading Privacy Policy&#8230;\n<\/a>\n<script type=\"text\/javascript\">(function (w,d) {var loader = function () {var s = d.createElement(\"script\"), tag = d.getElementsByTagName(\"script\")[0]; s.src = \"\/\/cdn.iubenda.com\/iubenda.js\"; tag.parentNode.insertBefore(s,tag);}; if(w.addEventListener){w.addEventListener(\"load\", loader, false);}else if(w.attachEvent){w.attachEvent(\"onload\", loader);}else{w.onload = loader;}})(window, document);<\/script>\n\n\n\n<div style=\"height:110px;--tablet-height:60px;--mobile-height:48px\" class=\"wp-block-lookeen-blocks-responsive-spacer\"><\/div>\n<\/div>\n","protected":false},"excerpt":{"rendered":"<p>Datenschutzerkl\u00e4rung Diese Datenschutzrichtlinie gilt f\u00fcr die Nutzung der Zenkit Marketing Website. Die Datenschutzerkl\u00e4rung f\u00fcr die Zenkit Software finden Sie\u00a0hier. Loading Privacy Policy&#8230;<\/p>\n","protected":false},"author":28,"featured_media":0,"parent":0,"menu_order":0,"comment_status":"closed","ping_status":"closed","template":"","meta":{"yasr_overall_rating":0,"yasr_post_is_review":"","yasr_auto_insert_disabled":"","yasr_review_type":"","footnotes":""},"class_list":["post-63840","page","type-page","status-publish","hentry"],"yoast_head":"<!-- This site is optimized with the Yoast SEO plugin v27.3 - https:\/\/yoast.com\/product\/yoast-seo-wordpress\/ -->\n<title>Zenkit Web Datenschutzerkl\u00e4rung | Zenkit<\/title>\n<meta name=\"description\" content=\"Diese Datenschutzrichtlinie bezieht sich nur auf Zenkit-Produkte, einschlie\u00dflich Base, To Do, Zenchat und Hypernotes und nicht auf unsere Website.\" \/>\n<meta name=\"robots\" content=\"index, follow, max-snippet:-1, max-image-preview:large, max-video-preview:-1\" \/>\n<link rel=\"canonical\" href=\"https:\/\/zenkit.com\/de\/internet-datenschutz\/\" \/>\n<meta property=\"og:locale\" content=\"de_DE\" \/>\n<meta property=\"og:type\" content=\"article\" \/>\n<meta property=\"og:title\" content=\"Zenkit Web Datenschutzerkl\u00e4rung | Zenkit\" \/>\n<meta property=\"og:description\" content=\"Diese Datenschutzrichtlinie bezieht sich nur auf Zenkit-Produkte, einschlie\u00dflich Base, To Do, Zenchat und Hypernotes und nicht auf unsere Website.\" \/>\n<meta property=\"og:url\" content=\"https:\/\/zenkit.com\/de\/internet-datenschutz\/\" \/>\n<meta property=\"og:site_name\" content=\"Zenkit\" \/>\n<meta property=\"article:publisher\" content=\"https:\/\/www.facebook.com\/ZenkitHQ\" \/>\n<meta property=\"article:modified_time\" content=\"2025-09-16T12:55:59+00:00\" \/>\n<meta name=\"twitter:card\" content=\"summary_large_image\" \/>\n<meta name=\"twitter:site\" content=\"@ZenkitHQ\" \/>\n<meta name=\"twitter:label1\" content=\"Gesch\u00e4tzte Lesezeit\" \/>\n\t<meta name=\"twitter:data1\" content=\"1\u00a0Minute\" \/>\n<script type=\"application\/ld+json\" class=\"yoast-schema-graph\">{\"@context\":\"https:\\\/\\\/schema.org\",\"@graph\":[{\"@type\":\"WebPage\",\"@id\":\"https:\\\/\\\/zenkit.com\\\/de\\\/internet-datenschutz\\\/\",\"url\":\"https:\\\/\\\/zenkit.com\\\/de\\\/internet-datenschutz\\\/\",\"name\":\"Zenkit Web Datenschutzerkl\u00e4rung | Zenkit\",\"isPartOf\":{\"@id\":\"https:\\\/\\\/zenkit.com\\\/de\\\/#website\"},\"datePublished\":\"2021-06-17T13:31:22+00:00\",\"dateModified\":\"2025-09-16T12:55:59+00:00\",\"description\":\"Diese Datenschutzrichtlinie bezieht sich nur auf Zenkit-Produkte, einschlie\u00dflich Base, To Do, Zenchat und Hypernotes und nicht auf unsere Website.\",\"breadcrumb\":{\"@id\":\"https:\\\/\\\/zenkit.com\\\/de\\\/internet-datenschutz\\\/#breadcrumb\"},\"inLanguage\":\"de\",\"potentialAction\":[{\"@type\":\"ReadAction\",\"target\":[\"https:\\\/\\\/zenkit.com\\\/de\\\/internet-datenschutz\\\/\"]}]},{\"@type\":\"BreadcrumbList\",\"@id\":\"https:\\\/\\\/zenkit.com\\\/de\\\/internet-datenschutz\\\/#breadcrumb\",\"itemListElement\":[{\"@type\":\"ListItem\",\"position\":1,\"name\":\"Home\",\"item\":\"https:\\\/\\\/zenkit.com\\\/de\\\/\"},{\"@type\":\"ListItem\",\"position\":2,\"name\":\"Zenkit Web Datenschutzerkl\u00e4rung\"}]},{\"@type\":\"WebSite\",\"@id\":\"https:\\\/\\\/zenkit.com\\\/de\\\/#website\",\"url\":\"https:\\\/\\\/zenkit.com\\\/de\\\/\",\"name\":\"Zenkit\",\"description\":\"Zenkit Tagline\",\"potentialAction\":[{\"@type\":\"SearchAction\",\"target\":{\"@type\":\"EntryPoint\",\"urlTemplate\":\"https:\\\/\\\/zenkit.com\\\/de\\\/?s={search_term_string}\"},\"query-input\":{\"@type\":\"PropertyValueSpecification\",\"valueRequired\":true,\"valueName\":\"search_term_string\"}}],\"inLanguage\":\"de\"},false]}<\/script>\n<!-- \/ Yoast SEO plugin. -->","yoast_head_json":{"title":"Zenkit Web Datenschutzerkl\u00e4rung | Zenkit","description":"Diese Datenschutzrichtlinie bezieht sich nur auf Zenkit-Produkte, einschlie\u00dflich Base, To Do, Zenchat und Hypernotes und nicht auf unsere Website.","robots":{"index":"index","follow":"follow","max-snippet":"max-snippet:-1","max-image-preview":"max-image-preview:large","max-video-preview":"max-video-preview:-1"},"canonical":"https:\/\/zenkit.com\/de\/internet-datenschutz\/","og_locale":"de_DE","og_type":"article","og_title":"Zenkit Web Datenschutzerkl\u00e4rung | Zenkit","og_description":"Diese Datenschutzrichtlinie bezieht sich nur auf Zenkit-Produkte, einschlie\u00dflich Base, To Do, Zenchat und Hypernotes und nicht auf unsere Website.","og_url":"https:\/\/zenkit.com\/de\/internet-datenschutz\/","og_site_name":"Zenkit","article_publisher":"https:\/\/www.facebook.com\/ZenkitHQ","article_modified_time":"2025-09-16T12:55:59+00:00","twitter_card":"summary_large_image","twitter_site":"@ZenkitHQ","twitter_misc":{"Gesch\u00e4tzte Lesezeit":"1\u00a0Minute"},"schema":{"@context":"https:\/\/schema.org","@graph":[{"@type":"WebPage","@id":"https:\/\/zenkit.com\/de\/internet-datenschutz\/","url":"https:\/\/zenkit.com\/de\/internet-datenschutz\/","name":"Zenkit Web Datenschutzerkl\u00e4rung | Zenkit","isPartOf":{"@id":"https:\/\/zenkit.com\/de\/#website"},"datePublished":"2021-06-17T13:31:22+00:00","dateModified":"2025-09-16T12:55:59+00:00","description":"Diese Datenschutzrichtlinie bezieht sich nur auf Zenkit-Produkte, einschlie\u00dflich Base, To Do, Zenchat und Hypernotes und nicht auf unsere Website.","breadcrumb":{"@id":"https:\/\/zenkit.com\/de\/internet-datenschutz\/#breadcrumb"},"inLanguage":"de","potentialAction":[{"@type":"ReadAction","target":["https:\/\/zenkit.com\/de\/internet-datenschutz\/"]}]},{"@type":"BreadcrumbList","@id":"https:\/\/zenkit.com\/de\/internet-datenschutz\/#breadcrumb","itemListElement":[{"@type":"ListItem","position":1,"name":"Home","item":"https:\/\/zenkit.com\/de\/"},{"@type":"ListItem","position":2,"name":"Zenkit Web Datenschutzerkl\u00e4rung"}]},{"@type":"WebSite","@id":"https:\/\/zenkit.com\/de\/#website","url":"https:\/\/zenkit.com\/de\/","name":"Zenkit","description":"Zenkit Tagline","potentialAction":[{"@type":"SearchAction","target":{"@type":"EntryPoint","urlTemplate":"https:\/\/zenkit.com\/de\/?s={search_term_string}"},"query-input":{"@type":"PropertyValueSpecification","valueRequired":true,"valueName":"search_term_string"}}],"inLanguage":"de"},false]}},"yasr_visitor_votes":{"stars_attributes":{"read_only":false,"span_bottom":false},"number_of_votes":0,"sum_votes":0},"_links":{"self":[{"href":"https:\/\/zenkit.com\/de\/wp-json\/wp\/v2\/pages\/63840","targetHints":{"allow":["GET"]}}],"collection":[{"href":"https:\/\/zenkit.com\/de\/wp-json\/wp\/v2\/pages"}],"about":[{"href":"https:\/\/zenkit.com\/de\/wp-json\/wp\/v2\/types\/page"}],"author":[{"embeddable":true,"href":"https:\/\/zenkit.com\/de\/wp-json\/wp\/v2\/users\/28"}],"replies":[{"embeddable":true,"href":"https:\/\/zenkit.com\/de\/wp-json\/wp\/v2\/comments?post=63840"}],"version-history":[{"count":8,"href":"https:\/\/zenkit.com\/de\/wp-json\/wp\/v2\/pages\/63840\/revisions"}],"predecessor-version":[{"id":152996,"href":"https:\/\/zenkit.com\/de\/wp-json\/wp\/v2\/pages\/63840\/revisions\/152996"}],"wp:attachment":[{"href":"https:\/\/zenkit.com\/de\/wp-json\/wp\/v2\/media?parent=63840"}],"curies":[{"name":"wp","href":"https:\/\/api.w.org\/{rel}","templated":true}]}}