{"id":64761,"date":"2021-07-12T14:06:27","date_gmt":"2021-07-12T12:06:27","guid":{"rendered":"https:\/\/zenkit.com\/hypernotes\/alternativen\/goodnotes-alternative\/"},"modified":"2025-11-04T06:53:12","modified_gmt":"2025-11-04T05:53:12","slug":"goodnotes-alternative","status":"publish","type":"page","link":"https:\/\/zenkit.com\/de\/hypernotes\/alternativen\/goodnotes-alternative\/","title":{"rendered":"Goodnotes vs. Hypernotes"},"content":{"rendered":"\n<div class=\"wp-block-group has-global-padding is-layout-constrained wp-block-group-is-layout-constrained\">\n<div class=\"wp-block-group has-global-padding is-layout-constrained wp-container-core-group-is-layout-5bc7cfa1 wp-block-group-is-layout-constrained\">\n<div style=\"height:45px;--tablet-height:45px;--mobile-height:16px\" class=\"wp-block-lookeen-blocks-responsive-spacer\"><\/div>\n\n\n\n<h1 class=\"wp-block-heading has-text-align-center has-da-blue-color-new has-text-color has-link-color wp-elements-e4572aa9c50b7c4996668f98d1acb106\" style=\"margin-bottom:8px;font-size:24px;line-height:1.5\">Hypernotes als GoodNotes Alternative<\/h1>\n\n\n\n<h2 class=\"wp-block-heading has-text-align-center display-h1\">GoodNotes ist eine App f\u00fcr Notizen, die haupts\u00e4chlich f\u00fcr iPad-Nutzer entwickelt wurde.<\/h2>\n\n\n\n<div style=\"height:48px;--tablet-height:36px;--mobile-height:24px\" class=\"wp-block-lookeen-blocks-responsive-spacer\"><\/div>\n\n\n\n<p class=\"has-text-align-center\" style=\"margin-top:0px\">Sie bietet eine papier\u00e4hnliche digitale Plattform, um handschriftliche Notizen einfach vorzunehmen. Was, wenn Sie mehr als nur Notizen verfassen wollen? Was w\u00e4re, wenn Sie ein semantisches Netzwerk Ihres Wissens erstellen und auf Ihrem vorhandenen Wissen aufbauen k\u00f6nnten?<\/p>\n\n\n\n<p class=\"has-text-align-center\">Aus diesem Grund haben wir Hypernotes entwickelt, ein Wissensmanagement-System, das Ihnen hilft, Wissen auf eine neue Art und Weise zu erstellen, zu teilen und zu verstehen. Uns ist bewusst, dass ein Projektmanagement-Tool all Ihren Anforderungen gewachsen sein muss. Aus diesem Grund haben wir die Zenkit Suite entwickelt, mit Zenkit To Do (Aufgabenverwaltungstool), der urspr\u00fcnglichen Zenkit Base (Projektverwaltungstool) und vielen weiteren Apps die bald folgen. Hypernotes ist vollst\u00e4ndig in die Zenkit Base integriert und zielt darauf ab, die Erstellung und Verwaltung von Wissen zu erleichtern. Mit leistungsstarken Aufgabenmanagement-Funktionen verbessert Hypernotes die Zusammenarbeit und Kommunikation schreibbezogener Aufgaben mit anderen Personen.<\/p>\n\n\n\n<p class=\"has-text-align-center\" style=\"margin-top:0px\">Mit Zenkit haben wir eine einfach zu bedienende, aber dennoch leistungsstarke Suite entwickelt, die sich weiterentwickelt und an Ihre Bed\u00fcrfnisse anpasst! Wenn Sie auf der Suche nach einer flexibleren Alternative zu GoodNotes sind, probieren Sie Hypernotes aus!<\/p>\n<\/div>\n<\/div>\n\n\n\n<div class=\"wp-block-group badges__section has-global-padding is-layout-constrained wp-block-group-is-layout-constrained\">\n<div style=\"height:88px;--tablet-height:60px;--mobile-height:45px\" class=\"wp-block-lookeen-blocks-responsive-spacer\"><\/div>\n\n\n\n<div class=\"wp-block-group has-global-padding is-layout-constrained wp-block-group-is-layout-constrained\">\n<div class=\"wp-block-zenkit-blocks-flexible-table comparison--table first__cell__inrow_header table-cell-mw-318px-desktop h-scroll-mobile\"><div class=\"zenkit-table-wrapper\"><table><tbody>\n<tr class=\"wp-block-zenkit-blocks-flexible-table-row table-row\">\n<td class=\"wp-block-zenkit-blocks-flexible-table-cell table-cell\">\n<p><\/p>\n<\/td>\n\n\n\n<td class=\"wp-block-zenkit-blocks-flexible-table-cell table-cell\">\n<p class=\"has-text-align-center has-da-blue-color-new has-text-color has-link-color wp-elements-061d90e37aa482e13fc4c53bce06d8f3\" style=\"font-size:22px;font-style:normal;font-weight:700;line-height:1.36\">GoodNotes<\/p>\n<\/td>\n\n\n\n<td class=\"wp-block-zenkit-blocks-flexible-table-cell table-cell\">\n<p class=\"has-text-align-center has-da-blue-color-new has-text-color has-link-color wp-elements-0f1fe2646445d653b2f1b934bf693c42\" style=\"font-size:22px;font-style:normal;font-weight:700;line-height:1.36\">Hypernotes<\/p>\n<\/td>\n<\/tr>\n\n\n\n<tr class=\"wp-block-zenkit-blocks-flexible-table-row table-row\">\n<td class=\"wp-block-zenkit-blocks-flexible-table-cell table-cell\">\n<p>\u2705 Aufgaben- und Projektverwaltung<\/p>\n<\/td>\n\n\n\n<td class=\"wp-block-zenkit-blocks-flexible-table-cell table-cell\">\n<figure class=\"wp-block-image size-full is-resized\"><img decoding=\"async\" src=\"https:\/\/zenkit.com\/wp-content\/uploads\/2025\/06\/check.svg\" alt=\"\" class=\"wp-image-115965\" style=\"width:18px\"\/><\/figure>\n<\/td>\n\n\n\n<td class=\"wp-block-zenkit-blocks-flexible-table-cell table-cell\">\n<figure class=\"wp-block-image size-full is-resized\"><img decoding=\"async\" src=\"https:\/\/zenkit.com\/wp-content\/uploads\/2025\/06\/check.svg\" alt=\"\" class=\"wp-image-115965\" style=\"width:18px\"\/><\/figure>\n<\/td>\n<\/tr>\n\n\n\n<tr class=\"wp-block-zenkit-blocks-flexible-table-row table-row\">\n<td class=\"wp-block-zenkit-blocks-flexible-table-cell table-cell\">\n<p>\ud83d\udccb Kanban, Listenansicht, Gantt<\/p>\n<\/td>\n\n\n\n<td class=\"wp-block-zenkit-blocks-flexible-table-cell table-cell\">\n<figure class=\"wp-block-image size-full is-resized\"><img decoding=\"async\" src=\"https:\/\/zenkit.com\/wp-content\/uploads\/2025\/06\/check.svg\" alt=\"\" class=\"wp-image-115965\" style=\"width:18px\"\/><\/figure>\n<\/td>\n\n\n\n<td class=\"wp-block-zenkit-blocks-flexible-table-cell table-cell\">\n<figure class=\"wp-block-image size-full is-resized\"><img decoding=\"async\" src=\"https:\/\/zenkit.com\/wp-content\/uploads\/2025\/06\/check.svg\" alt=\"\" class=\"wp-image-115965\" style=\"width:18px\"\/><\/figure>\n<\/td>\n<\/tr>\n\n\n\n<tr class=\"wp-block-zenkit-blocks-flexible-table-row table-row\">\n<td class=\"wp-block-zenkit-blocks-flexible-table-cell table-cell\">\n<p>\ud83e\udd16 Zapier-Integration f\u00fcr Automatisierung<\/p>\n<\/td>\n\n\n\n<td class=\"wp-block-zenkit-blocks-flexible-table-cell table-cell\">\n<figure class=\"wp-block-image size-full is-resized\"><img decoding=\"async\" src=\"https:\/\/zenkit.com\/wp-content\/uploads\/2025\/06\/check.svg\" alt=\"\" class=\"wp-image-115965\" style=\"width:18px\"\/><\/figure>\n<\/td>\n\n\n\n<td class=\"wp-block-zenkit-blocks-flexible-table-cell table-cell\">\n<figure class=\"wp-block-image size-full is-resized\"><img decoding=\"async\" src=\"https:\/\/zenkit.com\/wp-content\/uploads\/2025\/06\/check.svg\" alt=\"\" class=\"wp-image-115965\" style=\"width:18px\"\/><\/figure>\n<\/td>\n<\/tr>\n\n\n\n<tr class=\"wp-block-zenkit-blocks-flexible-table-row table-row\">\n<td class=\"wp-block-zenkit-blocks-flexible-table-cell table-cell\">\n<p>\ud83d\udcd6 Wikis und Dokumentationen<\/p>\n<\/td>\n\n\n\n<td class=\"wp-block-zenkit-blocks-flexible-table-cell table-cell\">\n<figure class=\"wp-block-image size-full is-resized\"><img decoding=\"async\" src=\"https:\/\/zenkit.com\/wp-content\/uploads\/2025\/06\/check.svg\" alt=\"\" class=\"wp-image-115965\" style=\"width:18px\"\/><\/figure>\n<\/td>\n\n\n\n<td class=\"wp-block-zenkit-blocks-flexible-table-cell table-cell\">\n<figure class=\"wp-block-image size-full is-resized\"><img decoding=\"async\" src=\"https:\/\/zenkit.com\/wp-content\/uploads\/2025\/06\/check.svg\" alt=\"\" class=\"wp-image-115965\" style=\"width:18px\"\/><\/figure>\n<\/td>\n<\/tr>\n\n\n\n<tr class=\"wp-block-zenkit-blocks-flexible-table-row table-row\">\n<td class=\"wp-block-zenkit-blocks-flexible-table-cell table-cell\">\n<p>\ud83d\udcac Gruppenchats und Direktnachrichten<\/p>\n<\/td>\n\n\n\n<td class=\"wp-block-zenkit-blocks-flexible-table-cell table-cell\">\n<figure class=\"wp-block-image size-full is-resized\"><img decoding=\"async\" src=\"https:\/\/zenkit.com\/wp-content\/uploads\/2025\/06\/check.svg\" alt=\"\" class=\"wp-image-115965\" style=\"width:18px\"\/><\/figure>\n<\/td>\n\n\n\n<td class=\"wp-block-zenkit-blocks-flexible-table-cell table-cell\">\n<figure class=\"wp-block-image size-full is-resized\"><img decoding=\"async\" src=\"https:\/\/zenkit.com\/wp-content\/uploads\/2025\/06\/check.svg\" alt=\"\" class=\"wp-image-115965\" style=\"width:18px\"\/><\/figure>\n<\/td>\n<\/tr>\n\n\n\n<tr class=\"wp-block-zenkit-blocks-flexible-table-row table-row\">\n<td class=\"wp-block-zenkit-blocks-flexible-table-cell table-cell\">\n<p>\ud83c\udf0d Verf\u00fcgbar in 10+ Sprachen<\/p>\n<\/td>\n\n\n\n<td class=\"wp-block-zenkit-blocks-flexible-table-cell table-cell\">\n<figure class=\"wp-block-image size-full is-resized\"><img decoding=\"async\" src=\"https:\/\/zenkit.com\/wp-content\/uploads\/2025\/06\/check.svg\" alt=\"\" class=\"wp-image-115965\" style=\"width:18px\"\/><\/figure>\n<\/td>\n\n\n\n<td class=\"wp-block-zenkit-blocks-flexible-table-cell table-cell\">\n<figure class=\"wp-block-image size-full is-resized\"><img decoding=\"async\" src=\"https:\/\/zenkit.com\/wp-content\/uploads\/2025\/06\/check.svg\" alt=\"\" class=\"wp-image-115965\" style=\"width:18px\"\/><\/figure>\n<\/td>\n<\/tr>\n\n\n\n<tr class=\"wp-block-zenkit-blocks-flexible-table-row table-row\">\n<td class=\"wp-block-zenkit-blocks-flexible-table-cell table-cell\">\n<p>\ud83d\udcde Kostenlose deutschsprachige Erstberatung<\/p>\n<\/td>\n\n\n\n<td class=\"wp-block-zenkit-blocks-flexible-table-cell table-cell\">\n<figure class=\"wp-block-image size-full is-resized\"><img decoding=\"async\" src=\"https:\/\/zenkit.com\/wp-content\/uploads\/2025\/06\/cross.svg\" alt=\"\" class=\"wp-image-115982\" style=\"width:21px;height:auto\"\/><\/figure>\n<\/td>\n\n\n\n<td class=\"wp-block-zenkit-blocks-flexible-table-cell table-cell\">\n<figure class=\"wp-block-image size-full is-resized\"><img decoding=\"async\" src=\"https:\/\/zenkit.com\/wp-content\/uploads\/2025\/06\/check.svg\" alt=\"\" class=\"wp-image-115965\" style=\"width:18px\"\/><\/figure>\n<\/td>\n<\/tr>\n\n\n\n<tr class=\"wp-block-zenkit-blocks-flexible-table-row table-row\">\n<td class=\"wp-block-zenkit-blocks-flexible-table-cell table-cell\">\n<p>\ud83c\udde9\ud83c\uddea Au\u00dfschlie\u00dflich deutscher Serverstandort<\/p>\n<\/td>\n\n\n\n<td class=\"wp-block-zenkit-blocks-flexible-table-cell table-cell\">\n<figure class=\"wp-block-image size-full is-resized\"><img decoding=\"async\" src=\"https:\/\/zenkit.com\/wp-content\/uploads\/2025\/06\/cross.svg\" alt=\"\" class=\"wp-image-115982\" style=\"width:18px\"\/><\/figure>\n<\/td>\n\n\n\n<td class=\"wp-block-zenkit-blocks-flexible-table-cell table-cell\">\n<figure class=\"wp-block-image size-full is-resized\"><img decoding=\"async\" src=\"https:\/\/zenkit.com\/wp-content\/uploads\/2025\/06\/check.svg\" alt=\"\" class=\"wp-image-115965\" style=\"width:18px\"\/><\/figure>\n<\/td>\n<\/tr>\n\n\n\n<tr class=\"wp-block-zenkit-blocks-flexible-table-row table-row\">\n<td class=\"wp-block-zenkit-blocks-flexible-table-cell table-cell\">\n<p>\ud83d\udd12 Fokus auf deutschen Datenschutz<\/p>\n<\/td>\n\n\n\n<td class=\"wp-block-zenkit-blocks-flexible-table-cell table-cell\">\n<figure class=\"wp-block-image size-full is-resized\"><img decoding=\"async\" src=\"https:\/\/zenkit.com\/wp-content\/uploads\/2025\/06\/cross.svg\" alt=\"\" class=\"wp-image-115982\" style=\"width:18px\"\/><\/figure>\n<\/td>\n\n\n\n<td class=\"wp-block-zenkit-blocks-flexible-table-cell table-cell\">\n<figure class=\"wp-block-image size-full is-resized\"><img decoding=\"async\" src=\"https:\/\/zenkit.com\/wp-content\/uploads\/2025\/06\/check.svg\" alt=\"\" class=\"wp-image-115965\" style=\"width:18px\"\/><\/figure>\n<\/td>\n<\/tr>\n\n\n\n<tr class=\"wp-block-zenkit-blocks-flexible-table-row table-row\">\n<td class=\"wp-block-zenkit-blocks-flexible-table-cell table-cell\">\n<p>\ud83d\udedf Deutscher Kundenservice per Email und Chat<\/p>\n<\/td>\n\n\n\n<td class=\"wp-block-zenkit-blocks-flexible-table-cell table-cell\">\n<figure class=\"wp-block-image size-full is-resized\"><img decoding=\"async\" src=\"https:\/\/zenkit.com\/wp-content\/uploads\/2025\/06\/cross.svg\" alt=\"\" class=\"wp-image-115982\" style=\"width:18px\"\/><\/figure>\n<\/td>\n\n\n\n<td class=\"wp-block-zenkit-blocks-flexible-table-cell table-cell\">\n<figure class=\"wp-block-image size-full is-resized\"><img decoding=\"async\" src=\"https:\/\/zenkit.com\/wp-content\/uploads\/2025\/06\/check.svg\" alt=\"\" class=\"wp-image-115965\" style=\"width:18px\"\/><\/figure>\n<\/td>\n<\/tr>\n<\/tbody><\/table><\/div><\/div>\n<\/div>\n<\/div>\n\n\n\n<div class=\"wp-block-group has-global-padding is-layout-constrained wp-block-group-is-layout-constrained\">\n<div style=\"height:88px;--tablet-height:60px;--mobile-height:45px\" class=\"wp-block-lookeen-blocks-responsive-spacer\"><\/div>\n\n\n\n<div class=\"wp-block-zenkit-blocks-flexible-table comparison--table  table-cell-mw-318px-desktop h-scroll-mobile\"><div class=\"zenkit-table-wrapper\"><table><tbody>\n<tr class=\"wp-block-zenkit-blocks-flexible-table-row table-row\">\n<td class=\"wp-block-zenkit-blocks-flexible-table-cell table-cell\">\n<p class=\"has-text-align-center has-da-blue-color-new has-text-color has-link-color wp-elements-3ee586ea7a2c775e232fe912b44ea282\" style=\"font-size:22px;font-style:normal;font-weight:700;line-height:1.36\">Vorteile: GoodNotes<\/p>\n<\/td>\n\n\n\n<td class=\"wp-block-zenkit-blocks-flexible-table-cell table-cell\">\n<p class=\"has-text-align-center has-da-blue-color-new has-text-color has-link-color wp-elements-c52373bb9de71e99b73820018e85da08\" style=\"font-size:22px;font-style:normal;font-weight:700;line-height:1.36\">Nachteile:\u00a0GoodNotes<\/p>\n<\/td>\n\n\n\n<td class=\"wp-block-zenkit-blocks-flexible-table-cell table-cell\">\n<p class=\"has-text-align-center has-da-blue-color-new has-text-color has-link-color wp-elements-6e4c906fa71b66b4454ae53920301ac5\" style=\"font-size:22px;font-style:normal;font-weight:700;line-height:1.36\">Vorteile: Hypernotes<\/p>\n<\/td>\n<\/tr>\n\n\n\n<tr class=\"wp-block-zenkit-blocks-flexible-table-row table-row\">\n<td class=\"wp-block-zenkit-blocks-flexible-table-cell table-cell\">\n<p class=\"has-text-align-center\">Handschriftliche Notizen<\/p>\n<\/td>\n\n\n\n<td class=\"wp-block-zenkit-blocks-flexible-table-cell table-cell\">\n<p class=\"has-text-align-center\">Nur f\u00fcr Apple-Nutzer<\/p>\n<\/td>\n\n\n\n<td class=\"wp-block-zenkit-blocks-flexible-table-cell table-cell\">\n<p class=\"has-text-align-center\">Verf\u00fcgbar auf allen Plattformen<\/p>\n<\/td>\n<\/tr>\n\n\n\n<tr class=\"wp-block-zenkit-blocks-flexible-table-row table-row\">\n<td class=\"wp-block-zenkit-blocks-flexible-table-cell table-cell\">\n<p class=\"has-text-align-center\">Anpassbare Vorlagen<\/p>\n<\/td>\n\n\n\n<td class=\"wp-block-zenkit-blocks-flexible-table-cell table-cell\">\n<p class=\"has-text-align-center\">Keine Notizfunktion f\u00fcr zus\u00e4tzliche Details<\/p>\n<\/td>\n\n\n\n<td class=\"wp-block-zenkit-blocks-flexible-table-cell table-cell\">\n<p class=\"has-text-align-center\">Integriertes Aufgabenmanagement<\/p>\n<\/td>\n<\/tr>\n\n\n\n<tr class=\"wp-block-zenkit-blocks-flexible-table-row table-row\">\n<td class=\"wp-block-zenkit-blocks-flexible-table-cell table-cell\">\n<p class=\"has-text-align-center\">Einfache, \u00fcbersichtliche Oberfl\u00e4che<\/p>\n<\/td>\n\n\n\n<td class=\"wp-block-zenkit-blocks-flexible-table-cell table-cell\">\n<p class=\"has-text-align-center\">Keine Bi-direktionale Referenzen<\/p>\n<\/td>\n\n\n\n<td class=\"wp-block-zenkit-blocks-flexible-table-cell table-cell\">\n<p class=\"has-text-align-center\">Integration mit anderen Tools der Zenkit Suite<\/p>\n<\/td>\n<\/tr>\n<\/tbody><\/table><\/div><\/div>\n\n\n\n<div style=\"height:88px;--tablet-height:60px;--mobile-height:45px\" class=\"wp-block-lookeen-blocks-responsive-spacer\"><\/div>\n<\/div>\n\n\n\n<div class=\"wp-block-group has-global-padding is-layout-constrained wp-container-core-group-is-layout-7cc94c3e wp-block-group-is-layout-constrained\">\n<figure class=\"wp-block-image aligncenter size-full is-resized\" style=\"margin-bottom:8px\"><img decoding=\"async\" src=\"https:\/\/zenkit.com\/wp-content\/uploads\/2025\/05\/info.svg\" alt=\"Haftungsausschluss\" class=\"wp-image-113476\" style=\"width:36px;height:auto\"\/><\/figure>\n\n\n\n<p class=\"has-text-align-center has-da-grey-1-color has-text-color has-link-color wp-elements-24580c380a0a305534fdc2e4e0b1b275\" style=\"margin-top:0px;margin-bottom:0px;font-style:normal;font-weight:700\">Haftungsausschluss:<\/p>\n\n\n\n<p class=\"has-text-align-center has-da-grey-1-color has-text-color has-link-color wp-elements-fc9773eac098c7565ca42cd735992e76\">Zenkit steht in keinerlei Verbindung zu jeglichen, auf dieser Webseite genannten, Produkten. Daten und Angaben zu Produktmerkmalen stammen direkt von den jeweiligen Webseiten und aus Marketingmaterialien Juli 2021. Der Autor und Betreiber dieser Website \u00fcbernimmt keinerlei Gew\u00e4hr f\u00fcr die Aktualit\u00e4t, Korrektheit, Vollst\u00e4ndigkeit oder Qualit\u00e4t der bereitgestellten Informationen. Jegliche Haftungsanspr\u00fcche sind grunds\u00e4tzlich ausgeschlossen, sofern seitens des Autors und Betreibers dieser Website kein nachweislich vors\u00e4tzliches oder grob fahrl\u00e4ssiges Verschulden vorliegt. Um uns Korrekturen zukommen zu lassen,&nbsp;<a href=\"https:\/\/zenkit.com\/de\/kontakt\/\" data-type=\"page\" data-id=\"98184\">kontaktieren Sie uns<\/a>&nbsp;bitte.<\/p>\n<\/div>\n\n\n\n<div style=\"height:110px;--tablet-height:60px;--mobile-height:60px\" class=\"wp-block-lookeen-blocks-responsive-spacer\"><\/div>\n","protected":false},"excerpt":{"rendered":"<p>Hypernotes als GoodNotes Alternative GoodNotes ist eine App f\u00fcr Notizen, die haupts\u00e4chlich f\u00fcr iPad-Nutzer entwickelt wurde. Sie bietet eine papier\u00e4hnliche digitale Plattform, um handschriftliche Notizen einfach vorzunehmen. Was, wenn Sie mehr als nur Notizen verfassen wollen? Was w\u00e4re, wenn Sie ein semantisches Netzwerk Ihres Wissens erstellen und auf Ihrem vorhandenen Wissen aufbauen k\u00f6nnten? Aus diesem [&hellip;]<\/p>\n","protected":false},"author":15,"featured_media":0,"parent":58859,"menu_order":2,"comment_status":"closed","ping_status":"closed","template":"wp-custom-template-de-page-hypernotes","meta":{"yasr_overall_rating":0,"yasr_post_is_review":"","yasr_auto_insert_disabled":"","yasr_review_type":"","footnotes":""},"class_list":["post-64761","page","type-page","status-publish","hentry"],"yoast_head":"<!-- This site is optimized with the Yoast SEO plugin v27.3 - https:\/\/yoast.com\/product\/yoast-seo-wordpress\/ -->\n<title>Goodnotes vs. Hypernotes | Zenkit<\/title>\n<meta name=\"description\" content=\"Erstellen Sie mit Hypernotes ein strukturiertes Netzwerk aus Ihren handschriftlichen Notizen und verlieren Sie nie wieder den \u00dcberblick!\" \/>\n<meta name=\"robots\" content=\"index, follow, max-snippet:-1, max-image-preview:large, max-video-preview:-1\" \/>\n<link rel=\"canonical\" href=\"https:\/\/zenkit.com\/de\/hypernotes\/alternativen\/goodnotes-alternative\/\" \/>\n<meta property=\"og:locale\" content=\"de_DE\" \/>\n<meta property=\"og:type\" content=\"article\" \/>\n<meta property=\"og:title\" content=\"Goodnotes vs. Hypernotes | Zenkit\" \/>\n<meta property=\"og:description\" content=\"Erstellen Sie mit Hypernotes ein strukturiertes Netzwerk aus Ihren handschriftlichen Notizen und verlieren Sie nie wieder den \u00dcberblick!\" \/>\n<meta property=\"og:url\" content=\"https:\/\/zenkit.com\/de\/hypernotes\/alternativen\/goodnotes-alternative\/\" \/>\n<meta property=\"og:site_name\" content=\"Zenkit\" \/>\n<meta property=\"article:publisher\" content=\"https:\/\/www.facebook.com\/ZenkitHQ\" \/>\n<meta property=\"article:modified_time\" content=\"2025-11-04T05:53:12+00:00\" \/>\n<meta name=\"twitter:card\" content=\"summary_large_image\" \/>\n<meta name=\"twitter:site\" content=\"@ZenkitHQ\" \/>\n<script type=\"application\/ld+json\" class=\"yoast-schema-graph\">{\"@context\":\"https:\\\/\\\/schema.org\",\"@graph\":[{\"@type\":\"WebPage\",\"@id\":\"https:\\\/\\\/zenkit.com\\\/de\\\/hypernotes\\\/alternativen\\\/goodnotes-alternative\\\/\",\"url\":\"https:\\\/\\\/zenkit.com\\\/de\\\/hypernotes\\\/alternativen\\\/goodnotes-alternative\\\/\",\"name\":\"Goodnotes vs. Hypernotes | Zenkit\",\"isPartOf\":{\"@id\":\"https:\\\/\\\/zenkit.com\\\/de\\\/#website\"},\"primaryImageOfPage\":{\"@id\":\"https:\\\/\\\/zenkit.com\\\/de\\\/hypernotes\\\/alternativen\\\/goodnotes-alternative\\\/#primaryimage\"},\"image\":{\"@id\":\"https:\\\/\\\/zenkit.com\\\/de\\\/hypernotes\\\/alternativen\\\/goodnotes-alternative\\\/#primaryimage\"},\"thumbnailUrl\":\"https:\\\/\\\/zenkit.com\\\/wp-content\\\/uploads\\\/2025\\\/06\\\/check.svg\",\"datePublished\":\"2021-07-12T12:06:27+00:00\",\"dateModified\":\"2025-11-04T05:53:12+00:00\",\"description\":\"Erstellen Sie mit Hypernotes ein strukturiertes Netzwerk aus Ihren handschriftlichen Notizen und verlieren Sie nie wieder den \u00dcberblick!\",\"breadcrumb\":{\"@id\":\"https:\\\/\\\/zenkit.com\\\/de\\\/hypernotes\\\/alternativen\\\/goodnotes-alternative\\\/#breadcrumb\"},\"inLanguage\":\"de\",\"potentialAction\":[{\"@type\":\"ReadAction\",\"target\":[\"https:\\\/\\\/zenkit.com\\\/de\\\/hypernotes\\\/alternativen\\\/goodnotes-alternative\\\/\"]}]},{\"@type\":\"ImageObject\",\"inLanguage\":\"de\",\"@id\":\"https:\\\/\\\/zenkit.com\\\/de\\\/hypernotes\\\/alternativen\\\/goodnotes-alternative\\\/#primaryimage\",\"url\":\"https:\\\/\\\/zenkit.com\\\/wp-content\\\/uploads\\\/2025\\\/06\\\/check.svg\",\"contentUrl\":\"https:\\\/\\\/zenkit.com\\\/wp-content\\\/uploads\\\/2025\\\/06\\\/check.svg\"},{\"@type\":\"BreadcrumbList\",\"@id\":\"https:\\\/\\\/zenkit.com\\\/de\\\/hypernotes\\\/alternativen\\\/goodnotes-alternative\\\/#breadcrumb\",\"itemListElement\":[{\"@type\":\"ListItem\",\"position\":1,\"name\":\"Home\",\"item\":\"https:\\\/\\\/zenkit.com\\\/de\\\/\"},{\"@type\":\"ListItem\",\"position\":2,\"name\":\"Zenkit Hypernotes\",\"item\":\"https:\\\/\\\/zenkit.com\\\/de\\\/hypernotes\\\/\"},{\"@type\":\"ListItem\",\"position\":3,\"name\":\"Hypernotes Alternativen\",\"item\":\"https:\\\/\\\/zenkit.com\\\/de\\\/hypernotes\\\/alternativen\\\/\"},{\"@type\":\"ListItem\",\"position\":4,\"name\":\"Goodnotes vs. Hypernotes\"}]},{\"@type\":\"WebSite\",\"@id\":\"https:\\\/\\\/zenkit.com\\\/de\\\/#website\",\"url\":\"https:\\\/\\\/zenkit.com\\\/de\\\/\",\"name\":\"Zenkit\",\"description\":\"Zenkit Tagline\",\"potentialAction\":[{\"@type\":\"SearchAction\",\"target\":{\"@type\":\"EntryPoint\",\"urlTemplate\":\"https:\\\/\\\/zenkit.com\\\/de\\\/?s={search_term_string}\"},\"query-input\":{\"@type\":\"PropertyValueSpecification\",\"valueRequired\":true,\"valueName\":\"search_term_string\"}}],\"inLanguage\":\"de\"},false]}<\/script>\n<!-- \/ Yoast SEO plugin. -->","yoast_head_json":{"title":"Goodnotes vs. Hypernotes | Zenkit","description":"Erstellen Sie mit Hypernotes ein strukturiertes Netzwerk aus Ihren handschriftlichen Notizen und verlieren Sie nie wieder den \u00dcberblick!","robots":{"index":"index","follow":"follow","max-snippet":"max-snippet:-1","max-image-preview":"max-image-preview:large","max-video-preview":"max-video-preview:-1"},"canonical":"https:\/\/zenkit.com\/de\/hypernotes\/alternativen\/goodnotes-alternative\/","og_locale":"de_DE","og_type":"article","og_title":"Goodnotes vs. Hypernotes | Zenkit","og_description":"Erstellen Sie mit Hypernotes ein strukturiertes Netzwerk aus Ihren handschriftlichen Notizen und verlieren Sie nie wieder den \u00dcberblick!","og_url":"https:\/\/zenkit.com\/de\/hypernotes\/alternativen\/goodnotes-alternative\/","og_site_name":"Zenkit","article_publisher":"https:\/\/www.facebook.com\/ZenkitHQ","article_modified_time":"2025-11-04T05:53:12+00:00","twitter_card":"summary_large_image","twitter_site":"@ZenkitHQ","schema":{"@context":"https:\/\/schema.org","@graph":[{"@type":"WebPage","@id":"https:\/\/zenkit.com\/de\/hypernotes\/alternativen\/goodnotes-alternative\/","url":"https:\/\/zenkit.com\/de\/hypernotes\/alternativen\/goodnotes-alternative\/","name":"Goodnotes vs. Hypernotes | Zenkit","isPartOf":{"@id":"https:\/\/zenkit.com\/de\/#website"},"primaryImageOfPage":{"@id":"https:\/\/zenkit.com\/de\/hypernotes\/alternativen\/goodnotes-alternative\/#primaryimage"},"image":{"@id":"https:\/\/zenkit.com\/de\/hypernotes\/alternativen\/goodnotes-alternative\/#primaryimage"},"thumbnailUrl":"https:\/\/zenkit.com\/wp-content\/uploads\/2025\/06\/check.svg","datePublished":"2021-07-12T12:06:27+00:00","dateModified":"2025-11-04T05:53:12+00:00","description":"Erstellen Sie mit Hypernotes ein strukturiertes Netzwerk aus Ihren handschriftlichen Notizen und verlieren Sie nie wieder den \u00dcberblick!","breadcrumb":{"@id":"https:\/\/zenkit.com\/de\/hypernotes\/alternativen\/goodnotes-alternative\/#breadcrumb"},"inLanguage":"de","potentialAction":[{"@type":"ReadAction","target":["https:\/\/zenkit.com\/de\/hypernotes\/alternativen\/goodnotes-alternative\/"]}]},{"@type":"ImageObject","inLanguage":"de","@id":"https:\/\/zenkit.com\/de\/hypernotes\/alternativen\/goodnotes-alternative\/#primaryimage","url":"https:\/\/zenkit.com\/wp-content\/uploads\/2025\/06\/check.svg","contentUrl":"https:\/\/zenkit.com\/wp-content\/uploads\/2025\/06\/check.svg"},{"@type":"BreadcrumbList","@id":"https:\/\/zenkit.com\/de\/hypernotes\/alternativen\/goodnotes-alternative\/#breadcrumb","itemListElement":[{"@type":"ListItem","position":1,"name":"Home","item":"https:\/\/zenkit.com\/de\/"},{"@type":"ListItem","position":2,"name":"Zenkit Hypernotes","item":"https:\/\/zenkit.com\/de\/hypernotes\/"},{"@type":"ListItem","position":3,"name":"Hypernotes Alternativen","item":"https:\/\/zenkit.com\/de\/hypernotes\/alternativen\/"},{"@type":"ListItem","position":4,"name":"Goodnotes vs. Hypernotes"}]},{"@type":"WebSite","@id":"https:\/\/zenkit.com\/de\/#website","url":"https:\/\/zenkit.com\/de\/","name":"Zenkit","description":"Zenkit Tagline","potentialAction":[{"@type":"SearchAction","target":{"@type":"EntryPoint","urlTemplate":"https:\/\/zenkit.com\/de\/?s={search_term_string}"},"query-input":{"@type":"PropertyValueSpecification","valueRequired":true,"valueName":"search_term_string"}}],"inLanguage":"de"},false]}},"yasr_visitor_votes":{"stars_attributes":{"read_only":false,"span_bottom":false},"number_of_votes":0,"sum_votes":0},"_links":{"self":[{"href":"https:\/\/zenkit.com\/de\/wp-json\/wp\/v2\/pages\/64761","targetHints":{"allow":["GET"]}}],"collection":[{"href":"https:\/\/zenkit.com\/de\/wp-json\/wp\/v2\/pages"}],"about":[{"href":"https:\/\/zenkit.com\/de\/wp-json\/wp\/v2\/types\/page"}],"author":[{"embeddable":true,"href":"https:\/\/zenkit.com\/de\/wp-json\/wp\/v2\/users\/15"}],"replies":[{"embeddable":true,"href":"https:\/\/zenkit.com\/de\/wp-json\/wp\/v2\/comments?post=64761"}],"version-history":[{"count":4,"href":"https:\/\/zenkit.com\/de\/wp-json\/wp\/v2\/pages\/64761\/revisions"}],"predecessor-version":[{"id":152904,"href":"https:\/\/zenkit.com\/de\/wp-json\/wp\/v2\/pages\/64761\/revisions\/152904"}],"up":[{"embeddable":true,"href":"https:\/\/zenkit.com\/de\/wp-json\/wp\/v2\/pages\/58859"}],"wp:attachment":[{"href":"https:\/\/zenkit.com\/de\/wp-json\/wp\/v2\/media?parent=64761"}],"curies":[{"name":"wp","href":"https:\/\/api.w.org\/{rel}","templated":true}]}}