{"id":67932,"date":"2021-10-18T09:34:58","date_gmt":"2021-10-18T07:34:58","guid":{"rendered":"https:\/\/zenkit.com\/suite\/referenzen\/miad\/"},"modified":"2025-11-03T08:13:15","modified_gmt":"2025-11-03T07:13:15","slug":"miad","status":"publish","type":"page","link":"https:\/\/zenkit.com\/de\/referenzen\/miad\/","title":{"rendered":"MIAD"},"content":{"rendered":"\n<div class=\"wp-block-group page__header has-global-padding is-layout-constrained wp-block-group-is-layout-constrained\">\n<div class=\"wp-block-group width--950 has-global-padding is-layout-constrained wp-block-group-is-layout-constrained\">\n<div style=\"height:45px;--tablet-height:45px;--mobile-height:16px\" class=\"wp-block-lookeen-blocks-responsive-spacer\"><\/div>\n\n\n\n<div class=\"wp-block-group has-global-padding is-layout-constrained wp-block-group-is-layout-constrained\">\n<h1 class=\"wp-block-heading has-text-align-center\" style=\"margin-bottom:8px\">Erfolgsgeschichte: MIAD<\/h1>\n<\/div>\n\n\n\n<div class=\"wp-block-group has-global-padding is-layout-constrained wp-block-group-is-layout-constrained\">\n<p class=\"has-text-align-center subheading\">MIAD ist mit der Hilfe von Zenkit besser organisiert und vernetzt. Damit kann der Fortschritt von Einzelpersonen und Gruppen leichter verfolgt werden.<\/p>\n<\/div>\n\n\n\n<div style=\"height:48px;--tablet-height:36px;--mobile-height:24px\" class=\"wp-block-lookeen-blocks-responsive-spacer\"><\/div>\n\n\n\n<section class=\"wp-block-group da-banner-customer-story-pattern is-layout-flow wp-block-group-is-layout-flow\">\n<div class=\"wp-block-group container container--small is-layout-flow wp-block-group-is-layout-flow\">\n<div class=\"wp-block-group da-banner-customer-story-pattern__image-wrapper is-layout-flow wp-block-group-is-layout-flow\">\n<figure class=\"wp-block-image size-large\" style=\"margin-top:0px;margin-bottom:0px\"><img loading=\"lazy\" decoding=\"async\" width=\"1024\" height=\"708\" src=\"https:\/\/zenkit.com\/wp-content\/uploads\/2025\/05\/miad-banner-1024x708.webp\" alt=\"Erfolgsgeschichte: MIAD\" class=\"wp-image-113134\" srcset=\"https:\/\/zenkit.com\/wp-content\/uploads\/2025\/05\/miad-banner-1024x708.webp 1024w, https:\/\/zenkit.com\/wp-content\/uploads\/2025\/05\/miad-banner-300x207.webp 300w, https:\/\/zenkit.com\/wp-content\/uploads\/2025\/05\/miad-banner-768x531.webp 768w, https:\/\/zenkit.com\/wp-content\/uploads\/2025\/05\/miad-banner.webp 1076w\" sizes=\"auto, (max-width: 1024px) 100vw, 1024px\" \/><\/figure>\n\n\n\n<figure class=\"wp-block-image size-full da-banner-customer-story-pattern__logo\"><img loading=\"lazy\" decoding=\"async\" width=\"325\" height=\"322\" src=\"https:\/\/zenkit.com\/wp-content\/uploads\/2025\/05\/miad-logo-2.webp\" alt=\"MIAD Logo\" class=\"wp-image-113144\" srcset=\"https:\/\/zenkit.com\/wp-content\/uploads\/2025\/05\/miad-logo-2.webp 325w, https:\/\/zenkit.com\/wp-content\/uploads\/2025\/05\/miad-logo-2-300x297.webp 300w, https:\/\/zenkit.com\/wp-content\/uploads\/2025\/05\/miad-logo-2-150x150.webp 150w\" sizes=\"auto, (max-width: 325px) 100vw, 325px\" \/><\/figure>\n<\/div>\n<\/div>\n<\/section>\n\n\n\n<div style=\"height:88px;--tablet-height:72px;--mobile-height:40px\" class=\"wp-block-lookeen-blocks-responsive-spacer\"><\/div>\n\n\n\n<p class=\"has-text-align-center\"><strong>Das Milwaukee Institute of Art &amp; Design (MIAD) ist eine private und gemeinn\u00fctzige Kunst- und Designhochschule in den Vereinigten Staaten von Amerika. Das MIAD bietet einen vierj\u00e4hrigen Bachelor of Fine Arts in f\u00fcnf Hauptf\u00e4chern an, darunter: Kommunikationsdesign, Illustration, Innenarchitektur und Design, Produktdesign und New Studio Practice: Bildende Kunst.<\/strong><\/p>\n\n\n\n<p class=\"has-text-align-center\"><strong>Crystal Lemmer, die Lehrkraft f\u00fcr Technologien am MIAD, benutzt Zenkit mit mehr als 30 Teammitgliedern seit 2 Jahren. In diesem Artikel berichtet Crystal Lemmer, wie Zenkit ihrem Team geholfen hat, effizienter zusammenzuarbeiten.<\/strong><\/p>\n<\/div>\n\n\n\n<div style=\"height:88px;--tablet-height:72px;--mobile-height:40px\" class=\"wp-block-lookeen-blocks-responsive-spacer\"><\/div>\n<\/div>\n\n\n\n<section class=\"wp-block-group da-columns-cards has-global-padding is-layout-constrained wp-block-group-is-layout-constrained\">\n<div class=\"wp-block-group container has-global-padding is-layout-constrained wp-block-group-is-layout-constrained\">\n<div class=\"wp-block-columns is-not-stacked-on-mobile is-layout-flex wp-container-core-columns-is-layout-28f84493 wp-block-columns-is-layout-flex\">\n<div class=\"wp-block-column is-layout-flow wp-block-column-is-layout-flow\">\n<figure class=\"wp-block-image aligncenter size-full\"><img decoding=\"async\" src=\"https:\/\/zenkit.com\/wp-content\/uploads\/2025\/03\/loca-1.svg\" alt=\"location pin\" class=\"wp-image-111491\"\/><\/figure>\n\n\n\n<p class=\"has-text-align-center is-style-default\">Milwaukee, Wisconsin, USA<\/p>\n<\/div>\n\n\n\n<div class=\"wp-block-column is-layout-flow wp-block-column-is-layout-flow\">\n<figure class=\"wp-block-image aligncenter size-full\"><img decoding=\"async\" src=\"https:\/\/zenkit.com\/wp-content\/uploads\/2025\/03\/loca-2.svg\" alt=\"people\" class=\"wp-image-111501\"\/><\/figure>\n\n\n\n<p class=\"has-text-align-center\">Around 135 faculty and 100 staff<\/p>\n<\/div>\n\n\n\n<div class=\"wp-block-column is-layout-flow wp-block-column-is-layout-flow\">\n<figure class=\"wp-block-image aligncenter size-full\"><img decoding=\"async\" src=\"https:\/\/zenkit.com\/wp-content\/uploads\/2025\/03\/loca-3.svg\" alt=\"website\" class=\"wp-image-111511\"\/><\/figure>\n\n\n\n<p class=\"has-text-align-center link_style-inherit\"><a href=\"http:\/\/www.miad.edu\/\" target=\"_blank\" rel=\"noreferrer noopener\">www.miad.edu<\/a><\/p>\n<\/div>\n\n\n\n<div class=\"wp-block-column is-layout-flow wp-block-column-is-layout-flow\">\n<figure class=\"wp-block-image aligncenter size-full\"><img decoding=\"async\" src=\"https:\/\/zenkit.com\/wp-content\/uploads\/2025\/05\/base-1.svg\" alt=\"zenkit Base and Zenchat\" class=\"wp-image-112995\"\/><\/figure>\n\n\n\n<p class=\"has-text-align-center\">2 years<\/p>\n<\/div>\n\n\n\n<div class=\"wp-block-column is-layout-flow wp-block-column-is-layout-flow\">\n<figure class=\"wp-block-image aligncenter size-full\"><img decoding=\"async\" src=\"https:\/\/zenkit.com\/wp-content\/uploads\/2025\/03\/loca-5.svg\" alt=\"Project Management, documentation\n&amp; team communication\" class=\"wp-image-111531\"\/><\/figure>\n\n\n\n<p class=\"has-text-align-center\">Project management, staff onboarding, tech training knowledge base and online learning switch during the pandemic<\/p>\n<\/div>\n<\/div>\n<\/div>\n<\/section>\n\n\n\n<div class=\"wp-block-group has-global-padding is-layout-constrained wp-block-group-is-layout-constrained\">\n<div style=\"height:88px;--tablet-height:72px;--mobile-height:40px\" class=\"wp-block-lookeen-blocks-responsive-spacer\"><\/div>\n\n\n\n<div class=\"wp-block-columns is-style-default is-layout-flex wp-container-core-columns-is-layout-2eb748b2 wp-block-columns-is-layout-flex\" style=\"margin-top:0px;margin-bottom:0px\">\n<div class=\"wp-block-column is-layout-flow wp-block-column-is-layout-flow\">\n<h2 class=\"wp-block-heading\" style=\"margin-top:0;margin-right:0;margin-bottom:0;margin-left:0\">\u201eZenkit sorgt f\u00fcr eine effiziente Organisation der allt\u00e4glichen Prozesse und erm\u00f6glicht die digitale Transformation w\u00e4hrend der Pandemie.\u201c<\/h2>\n\n\n\n<div style=\"height:24px;--tablet-height:24px;--mobile-height:24px\" class=\"wp-block-lookeen-blocks-responsive-spacer\"><\/div>\n\n\n\n<hr class=\"wp-block-separator has-alpha-channel-opacity is-style-colored-line\"\/>\n<\/div>\n\n\n\n<div class=\"wp-block-column is-layout-flow wp-block-column-is-layout-flow\">\n<p class=\"has-da-grey-2-color has-text-color has-link-color wp-elements-b2c541bc1dbb3c2549f93dfc4f5af811\">Crystal und ihre Teammitglieder f\u00fchren bei MIAD wichtige IT-Projekte durch. Wie Sie sich vorstellen k\u00f6nnen, beinhaltet jedes IT-Projekt verschiedene wichtige Prozesse: Dinge wie das Onboarding von Mitarbeitern und Fakult\u00e4tsmitgliedern, die R\u00fcckgabe von Mietvertr\u00e4gen, technische Schulungen. Diese und viele andere wichtige Projekte, erfordern eine effektive Organisation und Zusammenarbeit im Team. Dank der flexiblen Erfassungsstrukturen und Kollaborationsfunktionen von Zenkit sind Crystal und ihr Team in der Lage, ihre Arbeitsabl\u00e4ufe zu visualisieren und den Fortschritt der einzelnen Projekte zu verfolgen.<\/p>\n\n\n\n<p class=\"has-da-grey-2-color has-text-color has-link-color wp-elements-492b05e13584dc9dbf36522a05183f5a\">Dar\u00fcber hinaus hat die Covid-19-Pandemie das Leben der Menschen seit Anfang 2020 stark beeintr\u00e4chtigt. Viele Organisationen und Unternehmen auf der ganzen Welt sind sich bewusst, wie wichtig es ist, sich an die neue Norm anzupassen; doch wie das Sprichwort sagt, ist das leichter gesagt als getan. Gl\u00fccklicherweise hatte Crystal nicht die Schwierigkeiten, die viele Hochschulen bei der digitalen Transformation hatten. Sie erz\u00e4hlte uns, dass MIAD dank der Verwendung von Zenkit in der Lage war, w\u00e4hrend der Pandemie einfach und schnell auf virtuelle Arbeit umzustellen. So konnte Zenkit nicht nur die Effizienz bei der Organisation der t\u00e4glichen Abl\u00e4ufe verbessern, sondern auch die Flexibilit\u00e4t bieten, die die MIAD ben\u00f6tigte, um ihre \u00fcblichen Arbeitsabl\u00e4ufe in kurzer Zeit virtuell zu gestalten.<\/p>\n<\/div>\n<\/div>\n<\/div>\n\n\n\n<div class=\"wp-block-group has-global-padding is-layout-constrained wp-block-group-is-layout-constrained\">\n<div style=\"height:88px;--tablet-height:72px;--mobile-height:40px\" class=\"wp-block-lookeen-blocks-responsive-spacer\"><\/div>\n\n\n\n<div class=\"wp-block-group has-global-padding is-layout-constrained wp-container-core-group-is-layout-61f7a5d6 wp-block-group-is-layout-constrained\">\n<figure class=\"wp-block-image aligncenter size-full border-radius--20 overflow__hidden box__shadow\"><img loading=\"lazy\" decoding=\"async\" width=\"775\" height=\"490\" src=\"https:\/\/zenkit.com\/wp-content\/uploads\/2025\/05\/crystal-miad.webp\" alt=\"crystal-miad\" class=\"wp-image-113154\" srcset=\"https:\/\/zenkit.com\/wp-content\/uploads\/2025\/05\/crystal-miad.webp 775w, https:\/\/zenkit.com\/wp-content\/uploads\/2025\/05\/crystal-miad-300x190.webp 300w, https:\/\/zenkit.com\/wp-content\/uploads\/2025\/05\/crystal-miad-768x486.webp 768w\" sizes=\"auto, (max-width: 775px) 100vw, 775px\" \/><\/figure>\n<\/div>\n\n\n\n<div style=\"height:88px;--tablet-height:72px;--mobile-height:40px\" class=\"wp-block-lookeen-blocks-responsive-spacer\"><\/div>\n<\/div>\n\n\n\n<div class=\"wp-block-group has-global-padding is-layout-constrained wp-block-group-is-layout-constrained\">\n<div class=\"wp-block-columns is-style-da-column-order-reverse is-layout-flex wp-container-core-columns-is-layout-2eb748b2 wp-block-columns-is-layout-flex\" style=\"margin-top:0px;margin-bottom:0px\">\n<div class=\"wp-block-column is-layout-flow wp-block-column-is-layout-flow\">\n<p class=\"has-da-grey-2-color has-text-color has-link-color wp-elements-96c174030b6f1f22c8291b64261b5399\">Zum Beispiel, so Crystal, konnte dank Zenkit Base eine Kollektion erstellt werden, die eine Vielzahl von Schulungen leichter organisierte. Daf\u00fcr erstellten sie Elemente f\u00fcr jede Schulung und f\u00fcgten die passenden Labels hinzu, um die Art der Schulungen individuell zu unterscheiden. Daher bevorzugen sie auch die Kanban-Ansicht, die automatisch Elemente mit der gleichen Bezeichnung gruppiert und einen umfassenden \u00dcberblick \u00fcber die Aufgaben bietet. Ein gute \u00dcbersicht ben\u00f6tigt jedoch auch wichtige Details:<\/p>\n\n\n\n<p class=\"has-da-grey-2-color has-text-color has-link-color wp-elements-25d4095e13b9a473330169e3f3af451d\">Unter jedem Trainingselement f\u00fcgten sie zus\u00e4tzliche Links als Informationen und Referenzen hinzu, um jedem, der die Kollektion anschaut, mehr Kontext zu bieten. Sie erstellten auch das Progress Label, \u201eDone\u201d, das immer dann verwendet wurde, wenn eine Schulung als abgeschlossen galt. Anhand dieses Beispiels verdeutlichte uns Crystal, dass die Zenkit-Kollektion einen wichtigen zentralen Ort darstellt, um Wissen zu speichern, zu organisieren und weiterzugeben und um jede einzelne Schulung zu verfolgen.<\/p>\n<\/div>\n\n\n\n<div class=\"wp-block-column is-layout-flow wp-block-column-is-layout-flow\">\n<h2 class=\"wp-block-heading\" style=\"margin-top:0;margin-right:0;margin-bottom:0;margin-left:0\">\u201eZenkit bietet einen zentralen Ort, um verschiedene Schulungsmaterialien auf intelligente und organisierte Weise zu verwalten.\u201c<\/h2>\n\n\n\n<div style=\"height:24px;--tablet-height:24px;--mobile-height:24px\" class=\"wp-block-lookeen-blocks-responsive-spacer\"><\/div>\n\n\n\n<hr class=\"wp-block-separator has-alpha-channel-opacity is-style-colored-line\"\/>\n<\/div>\n<\/div>\n\n\n\n<div style=\"height:88px;--tablet-height:72px;--mobile-height:40px\" class=\"wp-block-lookeen-blocks-responsive-spacer\"><\/div>\n\n\n\n<div class=\"wp-block-columns is-style-default is-layout-flex wp-container-core-columns-is-layout-2eb748b2 wp-block-columns-is-layout-flex\" style=\"margin-top:0px;margin-bottom:0px\">\n<div class=\"wp-block-column is-layout-flow wp-block-column-is-layout-flow\">\n<h2 class=\"wp-block-heading\" style=\"margin-top:0;margin-right:0;margin-bottom:0;margin-left:0\">\u201eMit Zenkit k\u00f6nnen wir die Fortschritte von Einzelpersonen und Gruppen leichter verfolgen und sind dadurch besser organisiert und vernetzt.\u201c<\/h2>\n\n\n\n<div style=\"height:24px;--tablet-height:24px;--mobile-height:24px\" class=\"wp-block-lookeen-blocks-responsive-spacer\"><\/div>\n\n\n\n<hr class=\"wp-block-separator has-alpha-channel-opacity is-style-colored-line\"\/>\n<\/div>\n\n\n\n<div class=\"wp-block-column is-layout-flow wp-block-column-is-layout-flow\">\n<p class=\"has-da-grey-2-color has-text-color has-link-color wp-elements-68421f4d5fb6bab06bc7bc9a48ac8453\">Es ist kein Geheimnis, dass eine gute Zusammenarbeit im Team zu einer besseren Teamleistung und besseren Projektergebnissen beitragen kann. Viele Elemente k\u00f6nnen die Zusammenarbeit eines Teams beeinflussen: Die effektive Delegation von Aufgaben und Verantwortlichkeiten, die richtige Priorit\u00e4tensetzung, das Management von Erwartungen und vieles mehr. Viele Organisationen berichten jedoch, dass die Verfolgung des Fortschritts manchmal vernachl\u00e4ssigt wird oder schwer zu messen ist.<\/p>\n\n\n\n<p class=\"has-da-grey-2-color has-text-color has-link-color wp-elements-c44f3d7c8ae92c98045e959c54283f0c\">Bei MIAD konnte Zenkit diese Probleme l\u00f6sen, denn durch die Implementierung von Zenkit kann Crystal nun problemlos den eigenen Fortschritt innerhalb eines Projekts verfolgen, z. B. mit Hilfe eines Kanbans, um visuell darzustellen, welche Aufgaben erledigt wurden. Diese Darstellung hilft jedem Teammitglied seine eigenen Aufgabenlisten einfach abzuarbeiten, anstatt sich in den vielen Aufgaben zu verlieren. Au\u00dferdem kann das Team sehen, welche Aufgaben den einzelnen Mitgliedern zugewiesen sind, um zu verstehen, woran die anderen arbeiten. Dies ist f\u00fcr alle Beteiligten \u00e4u\u00dferst wichtig, vor allem aberf\u00fcr den Projektleiter, da er so Projekte besser planen und Aufgaben effizienter zuweisen kann.<\/p>\n<\/div>\n<\/div>\n\n\n\n<div style=\"height:88px;--tablet-height:72px;--mobile-height:40px\" class=\"wp-block-lookeen-blocks-responsive-spacer\"><\/div>\n\n\n\n<div class=\"wp-block-columns is-style-da-column-order-reverse is-layout-flex wp-container-core-columns-is-layout-2eb748b2 wp-block-columns-is-layout-flex\" style=\"margin-top:0px;margin-bottom:0px\">\n<div class=\"wp-block-column is-layout-flow wp-block-column-is-layout-flow\">\n<p class=\"has-da-grey-2-color has-text-color has-link-color wp-elements-4835fa11b8596c608aea122609718d1e\">Schlie\u00dflich fragten wir das Team, ob es anderen Teams, die den Einsatz von Zenkit in Erw\u00e4gung ziehen, etwas zu sagen h\u00e4tte. Crystal sagte uns: \u201cZenkit ist eine gro\u00dfartige Investition! Nicht nur, weil es viele einzigartige Funktionen hat, die es zu einem leistungsstarken Projektmanagement- Tool machen, sondern auch, weil es uns die M\u00f6glichkeit gibt, jedes Projekt und jeden Arbeitsablauf nach Belieben anzupassen. Die M\u00f6glichkeit, eine einfache Aufgabenliste zu erstellen und gleichzeitig ein komplexeres Projekt zu entwickeln, ist f\u00fcr MIAD sehr praktisch und profitabel. Diese Funktion ist unabh\u00e4ngig von dem Standort des jeweiligen Mitarbeiters. So kann mit Zenkit aus jeder Entfernung problemlos zusammengearbeitet werden. Home-Office ist damit ein Kinderspiel!<\/p>\n\n\n\n<p class=\"has-da-grey-2-color has-text-color has-link-color wp-elements-104b8feece3979081626720819b470ae\">Zu den beliebtesten Funktionen von Zenkit geh\u00f6ren Labels, Ansichtswechsel, die M\u00f6glichkeit zum Verschieben und Ablegen, benutzerdefinierte Felder und die Filtereinstellung. Crystal ist davon \u00fcberzeugt, dass jedes Team mit den umfangreichen Funktionen von Zenkit seine Ziele zeitnah erreichen kann.<\/p>\n<\/div>\n\n\n\n<div class=\"wp-block-column is-layout-flow wp-block-column-is-layout-flow\">\n<h2 class=\"wp-block-heading\" style=\"margin-top:0;margin-right:0;margin-bottom:0;margin-left:0\">\u201eZenkit ist eine gro\u00dfartige Investition f\u00fcr Teamarbeit.\u201c<\/h2>\n\n\n\n<div style=\"height:24px;--tablet-height:24px;--mobile-height:24px\" class=\"wp-block-lookeen-blocks-responsive-spacer\"><\/div>\n\n\n\n<hr class=\"wp-block-separator has-alpha-channel-opacity is-style-colored-line\"\/>\n<\/div>\n<\/div>\n<\/div>\n\n\n\n<div style=\"height:88px;--tablet-height:72px;--mobile-height:40px\" class=\"wp-block-lookeen-blocks-responsive-spacer\"><\/div>\n\n\n\n<div class=\"wp-block-group has-global-padding is-layout-constrained wp-block-group-is-layout-constrained\">\n<div class=\"wp-block-buttons is-content-justification-center is-layout-flex wp-container-core-buttons-is-layout-f78c5dac wp-block-buttons-is-layout-flex\" style=\"margin-top:0px;margin-bottom:0px\">\n<div class=\"wp-block-button is-style-rainbow\"><a class=\"wp-block-button__link wp-element-button\" href=\"https:\/\/zenkit.com\/wp-content\/uploads\/2023\/09\/zenkit-customer-story-miad-de.pdf\" target=\"_blank\" rel=\"noreferrer noopener\"><span>PDF herunterladen<\/span><\/a><\/div>\n<\/div>\n<\/div>\n\n\n\n<div style=\"height:110px;--tablet-height:60px;--mobile-height:48px\" class=\"wp-block-lookeen-blocks-responsive-spacer\"><\/div>\n","protected":false},"excerpt":{"rendered":"<p>Erfolgsgeschichte: MIAD MIAD ist mit der Hilfe von Zenkit besser organisiert und vernetzt. Damit kann der Fortschritt von Einzelpersonen und Gruppen leichter verfolgt werden. Das Milwaukee Institute of Art &amp; Design (MIAD) ist eine private und gemeinn\u00fctzige Kunst- und Designhochschule in den Vereinigten Staaten von Amerika. Das MIAD bietet einen vierj\u00e4hrigen Bachelor of Fine Arts [&hellip;]<\/p>\n","protected":false},"author":28,"featured_media":0,"parent":59464,"menu_order":0,"comment_status":"closed","ping_status":"closed","template":"","meta":{"yasr_overall_rating":0,"yasr_post_is_review":"","yasr_auto_insert_disabled":"","yasr_review_type":"","footnotes":""},"class_list":["post-67932","page","type-page","status-publish","hentry"],"yoast_head":"<!-- This site is optimized with the Yoast SEO plugin v27.3 - https:\/\/yoast.com\/product\/yoast-seo-wordpress\/ -->\n<title>MIAD | Zenkit<\/title>\n<meta name=\"robots\" content=\"index, follow, max-snippet:-1, max-image-preview:large, max-video-preview:-1\" \/>\n<link rel=\"canonical\" href=\"https:\/\/zenkit.com\/de\/referenzen\/miad\/\" \/>\n<meta property=\"og:locale\" content=\"de_DE\" \/>\n<meta property=\"og:type\" content=\"article\" \/>\n<meta property=\"og:title\" content=\"MIAD | Zenkit\" \/>\n<meta property=\"og:description\" content=\"Erfolgsgeschichte: MIAD MIAD ist mit der Hilfe von Zenkit besser organisiert und vernetzt. Damit kann der Fortschritt von Einzelpersonen und Gruppen leichter verfolgt werden. Das Milwaukee Institute of Art &amp; Design (MIAD) ist eine private und gemeinn\u00fctzige Kunst- und Designhochschule in den Vereinigten Staaten von Amerika. Das MIAD bietet einen vierj\u00e4hrigen Bachelor of Fine Arts [&hellip;]\" \/>\n<meta property=\"og:url\" content=\"https:\/\/zenkit.com\/de\/referenzen\/miad\/\" \/>\n<meta property=\"og:site_name\" content=\"Zenkit\" \/>\n<meta property=\"article:publisher\" content=\"https:\/\/www.facebook.com\/ZenkitHQ\" \/>\n<meta property=\"article:modified_time\" content=\"2025-11-03T07:13:15+00:00\" \/>\n<meta property=\"og:image\" content=\"https:\/\/zenkit.com\/wp-content\/uploads\/2025\/05\/miad-banner-1024x708.webp\" \/>\n<meta name=\"twitter:card\" content=\"summary_large_image\" \/>\n<meta name=\"twitter:image\" content=\"https:\/\/zenkit.com\/wp-content\/uploads\/2021\/07\/ABS-1.png\" \/>\n<meta name=\"twitter:site\" content=\"@ZenkitHQ\" \/>\n<script type=\"application\/ld+json\" class=\"yoast-schema-graph\">{\"@context\":\"https:\\\/\\\/schema.org\",\"@graph\":[{\"@type\":\"WebPage\",\"@id\":\"https:\\\/\\\/zenkit.com\\\/de\\\/referenzen\\\/miad\\\/\",\"url\":\"https:\\\/\\\/zenkit.com\\\/de\\\/referenzen\\\/miad\\\/\",\"name\":\"MIAD | Zenkit\",\"isPartOf\":{\"@id\":\"https:\\\/\\\/zenkit.com\\\/de\\\/#website\"},\"primaryImageOfPage\":{\"@id\":\"https:\\\/\\\/zenkit.com\\\/de\\\/referenzen\\\/miad\\\/#primaryimage\"},\"image\":{\"@id\":\"https:\\\/\\\/zenkit.com\\\/de\\\/referenzen\\\/miad\\\/#primaryimage\"},\"thumbnailUrl\":\"https:\\\/\\\/zenkit.com\\\/wp-content\\\/uploads\\\/2025\\\/05\\\/miad-banner-1024x708.webp\",\"datePublished\":\"2021-10-18T07:34:58+00:00\",\"dateModified\":\"2025-11-03T07:13:15+00:00\",\"breadcrumb\":{\"@id\":\"https:\\\/\\\/zenkit.com\\\/de\\\/referenzen\\\/miad\\\/#breadcrumb\"},\"inLanguage\":\"de\",\"potentialAction\":[{\"@type\":\"ReadAction\",\"target\":[\"https:\\\/\\\/zenkit.com\\\/de\\\/referenzen\\\/miad\\\/\"]}]},{\"@type\":\"ImageObject\",\"inLanguage\":\"de\",\"@id\":\"https:\\\/\\\/zenkit.com\\\/de\\\/referenzen\\\/miad\\\/#primaryimage\",\"url\":\"https:\\\/\\\/zenkit.com\\\/wp-content\\\/uploads\\\/2025\\\/05\\\/miad-banner-1024x708.webp\",\"contentUrl\":\"https:\\\/\\\/zenkit.com\\\/wp-content\\\/uploads\\\/2025\\\/05\\\/miad-banner-1024x708.webp\"},{\"@type\":\"BreadcrumbList\",\"@id\":\"https:\\\/\\\/zenkit.com\\\/de\\\/referenzen\\\/miad\\\/#breadcrumb\",\"itemListElement\":[{\"@type\":\"ListItem\",\"position\":1,\"name\":\"Home\",\"item\":\"https:\\\/\\\/zenkit.com\\\/de\\\/\"},{\"@type\":\"ListItem\",\"position\":2,\"name\":\"Referenzen\",\"item\":\"https:\\\/\\\/zenkit.com\\\/de\\\/referenzen\\\/\"},{\"@type\":\"ListItem\",\"position\":3,\"name\":\"MIAD\"}]},{\"@type\":\"WebSite\",\"@id\":\"https:\\\/\\\/zenkit.com\\\/de\\\/#website\",\"url\":\"https:\\\/\\\/zenkit.com\\\/de\\\/\",\"name\":\"Zenkit\",\"description\":\"Zenkit Tagline\",\"potentialAction\":[{\"@type\":\"SearchAction\",\"target\":{\"@type\":\"EntryPoint\",\"urlTemplate\":\"https:\\\/\\\/zenkit.com\\\/de\\\/?s={search_term_string}\"},\"query-input\":{\"@type\":\"PropertyValueSpecification\",\"valueRequired\":true,\"valueName\":\"search_term_string\"}}],\"inLanguage\":\"de\"},false]}<\/script>\n<!-- \/ Yoast SEO plugin. -->","yoast_head_json":{"title":"MIAD | Zenkit","robots":{"index":"index","follow":"follow","max-snippet":"max-snippet:-1","max-image-preview":"max-image-preview:large","max-video-preview":"max-video-preview:-1"},"canonical":"https:\/\/zenkit.com\/de\/referenzen\/miad\/","og_locale":"de_DE","og_type":"article","og_title":"MIAD | Zenkit","og_description":"Erfolgsgeschichte: MIAD MIAD ist mit der Hilfe von Zenkit besser organisiert und vernetzt. Damit kann der Fortschritt von Einzelpersonen und Gruppen leichter verfolgt werden. Das Milwaukee Institute of Art &amp; Design (MIAD) ist eine private und gemeinn\u00fctzige Kunst- und Designhochschule in den Vereinigten Staaten von Amerika. Das MIAD bietet einen vierj\u00e4hrigen Bachelor of Fine Arts [&hellip;]","og_url":"https:\/\/zenkit.com\/de\/referenzen\/miad\/","og_site_name":"Zenkit","article_publisher":"https:\/\/www.facebook.com\/ZenkitHQ","article_modified_time":"2025-11-03T07:13:15+00:00","og_image":[{"url":"https:\/\/zenkit.com\/wp-content\/uploads\/2025\/05\/miad-banner-1024x708.webp","type":"","width":"","height":""}],"twitter_card":"summary_large_image","twitter_image":"https:\/\/zenkit.com\/wp-content\/uploads\/2021\/07\/ABS-1.png","twitter_site":"@ZenkitHQ","schema":{"@context":"https:\/\/schema.org","@graph":[{"@type":"WebPage","@id":"https:\/\/zenkit.com\/de\/referenzen\/miad\/","url":"https:\/\/zenkit.com\/de\/referenzen\/miad\/","name":"MIAD | Zenkit","isPartOf":{"@id":"https:\/\/zenkit.com\/de\/#website"},"primaryImageOfPage":{"@id":"https:\/\/zenkit.com\/de\/referenzen\/miad\/#primaryimage"},"image":{"@id":"https:\/\/zenkit.com\/de\/referenzen\/miad\/#primaryimage"},"thumbnailUrl":"https:\/\/zenkit.com\/wp-content\/uploads\/2025\/05\/miad-banner-1024x708.webp","datePublished":"2021-10-18T07:34:58+00:00","dateModified":"2025-11-03T07:13:15+00:00","breadcrumb":{"@id":"https:\/\/zenkit.com\/de\/referenzen\/miad\/#breadcrumb"},"inLanguage":"de","potentialAction":[{"@type":"ReadAction","target":["https:\/\/zenkit.com\/de\/referenzen\/miad\/"]}]},{"@type":"ImageObject","inLanguage":"de","@id":"https:\/\/zenkit.com\/de\/referenzen\/miad\/#primaryimage","url":"https:\/\/zenkit.com\/wp-content\/uploads\/2025\/05\/miad-banner-1024x708.webp","contentUrl":"https:\/\/zenkit.com\/wp-content\/uploads\/2025\/05\/miad-banner-1024x708.webp"},{"@type":"BreadcrumbList","@id":"https:\/\/zenkit.com\/de\/referenzen\/miad\/#breadcrumb","itemListElement":[{"@type":"ListItem","position":1,"name":"Home","item":"https:\/\/zenkit.com\/de\/"},{"@type":"ListItem","position":2,"name":"Referenzen","item":"https:\/\/zenkit.com\/de\/referenzen\/"},{"@type":"ListItem","position":3,"name":"MIAD"}]},{"@type":"WebSite","@id":"https:\/\/zenkit.com\/de\/#website","url":"https:\/\/zenkit.com\/de\/","name":"Zenkit","description":"Zenkit Tagline","potentialAction":[{"@type":"SearchAction","target":{"@type":"EntryPoint","urlTemplate":"https:\/\/zenkit.com\/de\/?s={search_term_string}"},"query-input":{"@type":"PropertyValueSpecification","valueRequired":true,"valueName":"search_term_string"}}],"inLanguage":"de"},false]}},"yasr_visitor_votes":{"stars_attributes":{"read_only":false,"span_bottom":false},"number_of_votes":0,"sum_votes":0},"_links":{"self":[{"href":"https:\/\/zenkit.com\/de\/wp-json\/wp\/v2\/pages\/67932","targetHints":{"allow":["GET"]}}],"collection":[{"href":"https:\/\/zenkit.com\/de\/wp-json\/wp\/v2\/pages"}],"about":[{"href":"https:\/\/zenkit.com\/de\/wp-json\/wp\/v2\/types\/page"}],"author":[{"embeddable":true,"href":"https:\/\/zenkit.com\/de\/wp-json\/wp\/v2\/users\/28"}],"replies":[{"embeddable":true,"href":"https:\/\/zenkit.com\/de\/wp-json\/wp\/v2\/comments?post=67932"}],"version-history":[{"count":4,"href":"https:\/\/zenkit.com\/de\/wp-json\/wp\/v2\/pages\/67932\/revisions"}],"predecessor-version":[{"id":119325,"href":"https:\/\/zenkit.com\/de\/wp-json\/wp\/v2\/pages\/67932\/revisions\/119325"}],"up":[{"embeddable":true,"href":"https:\/\/zenkit.com\/de\/wp-json\/wp\/v2\/pages\/59464"}],"wp:attachment":[{"href":"https:\/\/zenkit.com\/de\/wp-json\/wp\/v2\/media?parent=67932"}],"curies":[{"name":"wp","href":"https:\/\/api.w.org\/{rel}","templated":true}]}}