{"id":70432,"date":"2021-12-23T09:51:10","date_gmt":"2021-12-23T08:51:10","guid":{"rendered":"https:\/\/zenkit.com\/suite\/referenzen\/atv\/"},"modified":"2025-11-03T08:13:15","modified_gmt":"2025-11-03T07:13:15","slug":"atv","status":"publish","type":"page","link":"https:\/\/zenkit.com\/de\/referenzen\/atv\/","title":{"rendered":"ATV"},"content":{"rendered":"\n<div class=\"wp-block-group page__header has-global-padding is-layout-constrained wp-block-group-is-layout-constrained\">\n<div class=\"wp-block-group width--950 has-global-padding is-layout-constrained wp-block-group-is-layout-constrained\">\n<div style=\"height:45px;--tablet-height:45px;--mobile-height:16px\" class=\"wp-block-lookeen-blocks-responsive-spacer\"><\/div>\n\n\n\n<div class=\"wp-block-group has-global-padding is-layout-constrained wp-block-group-is-layout-constrained\">\n<h1 class=\"wp-block-heading has-text-align-center\" style=\"margin-bottom:8px\">Erfolgsgeschichte: ATV<\/h1>\n<\/div>\n\n\n\n<div class=\"wp-block-group has-global-padding is-layout-constrained wp-block-group-is-layout-constrained\">\n<p class=\"has-text-align-center subheading\">Die ATV GmbH nutzt Zenkit erfolgreich, um ihre Mitarbeiter in Projektmanagement-Seminaren zu schulen<\/p>\n<\/div>\n\n\n\n<div style=\"height:48px;--tablet-height:36px;--mobile-height:24px\" class=\"wp-block-lookeen-blocks-responsive-spacer\"><\/div>\n\n\n\n<section class=\"wp-block-group da-banner-customer-story-pattern is-layout-flow wp-block-group-is-layout-flow\">\n<div class=\"wp-block-group container container--small is-layout-flow wp-block-group-is-layout-flow\">\n<div class=\"wp-block-group da-banner-customer-story-pattern__image-wrapper is-layout-flow wp-block-group-is-layout-flow\">\n<figure class=\"wp-block-image size-full\" style=\"margin-top:0px;margin-bottom:0px\"><img loading=\"lazy\" decoding=\"async\" width=\"1076\" height=\"744\" src=\"https:\/\/zenkit.com\/wp-content\/uploads\/2025\/05\/banner-atv.webp\" alt=\"ATV Banner\" class=\"wp-image-113316\" srcset=\"https:\/\/zenkit.com\/wp-content\/uploads\/2025\/05\/banner-atv.webp 1076w, https:\/\/zenkit.com\/wp-content\/uploads\/2025\/05\/banner-atv-300x207.webp 300w, https:\/\/zenkit.com\/wp-content\/uploads\/2025\/05\/banner-atv-1024x708.webp 1024w, https:\/\/zenkit.com\/wp-content\/uploads\/2025\/05\/banner-atv-768x531.webp 768w\" sizes=\"auto, (max-width: 1076px) 100vw, 1076px\" \/><\/figure>\n\n\n\n<figure class=\"wp-block-image size-full da-banner-customer-story-pattern__logo\"><img loading=\"lazy\" decoding=\"async\" width=\"325\" height=\"322\" src=\"https:\/\/zenkit.com\/wp-content\/uploads\/2025\/05\/atv-logo.webp\" alt=\"ATV Logo\" class=\"wp-image-113327\" srcset=\"https:\/\/zenkit.com\/wp-content\/uploads\/2025\/05\/atv-logo.webp 325w, https:\/\/zenkit.com\/wp-content\/uploads\/2025\/05\/atv-logo-300x297.webp 300w, https:\/\/zenkit.com\/wp-content\/uploads\/2025\/05\/atv-logo-150x150.webp 150w\" sizes=\"auto, (max-width: 325px) 100vw, 325px\" \/><\/figure>\n<\/div>\n<\/div>\n<\/section>\n\n\n\n<div style=\"height:88px;--tablet-height:72px;--mobile-height:40px\" class=\"wp-block-lookeen-blocks-responsive-spacer\"><\/div>\n\n\n\n<p class=\"has-text-align-center\"><strong>Die ATV GmbH ist ein wachsendes Bildungsunternehmen in M\u00fcnchen. Sie bieten Trainings f\u00fcr arbeitssuchende Menschen an, um ihre Chancen auf dem Arbeitsmarkt zu erh\u00f6hen. Ihre Coachings und Trainings spezialisieren sich auf allgemeine Management-Skills, inklusive Soft Skills, Projektmanagement, sowie Felder der Pharma- und Biotechindustrie. Seit \u00fcber 30 Jahren sind sie in f\u00fcnf St\u00e4dten aktiv (Hauptstandort: M\u00fcnchen) und haben mehr als 30.000 Teilnehmer bei ihrem Weg ins Berufsleben erfolgreich unterst\u00fctzt. Laut dem Gesch\u00e4ftsf\u00fchrer der ATV GmbH Clemens Wei\u00df wird Zenkit vor allem im Management-Training genutzt. Hier dient es als Tool, um die Seminarteilnehmer bei ihren Management-Projekten zu unterst\u00fctzen. Im Folgenden erz\u00e4hlt uns Clemens, wie genau Zenkit in den Trainings eingesetzt wird und welche Vorteile es dem ATV-Team bringt:<\/strong><\/p>\n<\/div>\n\n\n\n<div style=\"height:88px;--tablet-height:72px;--mobile-height:40px\" class=\"wp-block-lookeen-blocks-responsive-spacer\"><\/div>\n<\/div>\n\n\n\n<section class=\"wp-block-group da-columns-cards has-global-padding is-layout-constrained wp-block-group-is-layout-constrained\">\n<div class=\"wp-block-group container has-global-padding is-layout-constrained wp-block-group-is-layout-constrained\">\n<div class=\"wp-block-columns is-not-stacked-on-mobile is-layout-flex wp-container-core-columns-is-layout-28f84493 wp-block-columns-is-layout-flex\">\n<div class=\"wp-block-column is-layout-flow wp-block-column-is-layout-flow\">\n<figure class=\"wp-block-image aligncenter size-full\"><img decoding=\"async\" src=\"https:\/\/zenkit.com\/wp-content\/uploads\/2025\/03\/loca-1.svg\" alt=\"location pin\" class=\"wp-image-111491\"\/><\/figure>\n\n\n\n<p class=\"has-text-align-center is-style-default\">Munich, Germany<\/p>\n<\/div>\n\n\n\n<div class=\"wp-block-column is-layout-flow wp-block-column-is-layout-flow\">\n<figure class=\"wp-block-image aligncenter size-full\"><img decoding=\"async\" src=\"https:\/\/zenkit.com\/wp-content\/uploads\/2025\/03\/loca-2.svg\" alt=\"people\" class=\"wp-image-111501\"\/><\/figure>\n\n\n\n<p class=\"has-text-align-center\">15 full time + 100+ freelance coaches &amp; trainers<\/p>\n<\/div>\n\n\n\n<div class=\"wp-block-column is-layout-flow wp-block-column-is-layout-flow\">\n<figure class=\"wp-block-image aligncenter size-full\"><img decoding=\"async\" src=\"https:\/\/zenkit.com\/wp-content\/uploads\/2025\/03\/loca-3.svg\" alt=\"website\" class=\"wp-image-111511\"\/><\/figure>\n\n\n\n<p class=\"has-text-align-center link_style-inherit\"><a href=\"https:\/\/www.atv-seminare.de\/\" target=\"_blank\" rel=\"noreferrer noopener\">www.atv-seminare.de<\/a><\/p>\n<\/div>\n\n\n\n<div class=\"wp-block-column is-layout-flow wp-block-column-is-layout-flow\">\n<figure class=\"wp-block-image aligncenter size-full\"><img decoding=\"async\" src=\"https:\/\/zenkit.com\/wp-content\/uploads\/2025\/05\/base-1.svg\" alt=\"zenkit Base and Zenchat\" class=\"wp-image-112995\"\/><\/figure>\n\n\n\n<p class=\"has-text-align-center\">Over 2 years<\/p>\n<\/div>\n\n\n\n<div class=\"wp-block-column is-layout-flow wp-block-column-is-layout-flow\">\n<figure class=\"wp-block-image aligncenter size-full\"><img decoding=\"async\" src=\"https:\/\/zenkit.com\/wp-content\/uploads\/2025\/03\/loca-5.svg\" alt=\"Project Management, documentation\n&amp; team communication\" class=\"wp-image-111531\"\/><\/figure>\n\n\n\n<p class=\"has-text-align-center\">Project management training<\/p>\n<\/div>\n<\/div>\n<\/div>\n<\/section>\n\n\n\n<div class=\"wp-block-group has-global-padding is-layout-constrained wp-block-group-is-layout-constrained\">\n<div style=\"height:88px;--tablet-height:72px;--mobile-height:40px\" class=\"wp-block-lookeen-blocks-responsive-spacer\"><\/div>\n\n\n\n<div class=\"wp-block-columns is-style-default is-layout-flex wp-container-core-columns-is-layout-2eb748b2 wp-block-columns-is-layout-flex\" style=\"margin-top:0px;margin-bottom:0px\">\n<div class=\"wp-block-column is-layout-flow wp-block-column-is-layout-flow\">\n<h2 class=\"wp-block-heading\" style=\"margin-top:0;margin-right:0;margin-bottom:0;margin-left:0\">\u201eDank Zenkit sind neue Arbeits- und agile Prozesse eine greifbare Realit\u00e4t.\u201d<\/h2>\n\n\n\n<div style=\"height:24px;--tablet-height:24px;--mobile-height:24px\" class=\"wp-block-lookeen-blocks-responsive-spacer\"><\/div>\n\n\n\n<hr class=\"wp-block-separator has-alpha-channel-opacity is-style-colored-line\"\/>\n<\/div>\n\n\n\n<div class=\"wp-block-column is-layout-flow wp-block-column-is-layout-flow\">\n<p class=\"has-da-grey-2-color has-text-color has-link-color wp-elements-abd9f25ead0066b41f53afec24a78bc7\">Zenkit ist ein Tool, das von unseren ATV GmbH Trainern in einem 6-monatigen Seminar in 2 Wochen Abst\u00e4nden eingesetzt wird, um die Teilnehmern in neue Arbeits- und agile Prozesse einzuarbeiten. Eine typische Trainingseinheit besteht aus ca. 10-25 Mitgliedern. In den Trainings wird den teilnehmenden Arbeitssuchenden Zenkit vorgestellt und ihnen die M\u00f6glichkeit gegeben, die Software mit ihren Features in einer entspannten Atmosph\u00e4re auszuprobieren. Im Anschluss wird ein Pilot-Projekt gestartet, damit die Teilnehmer Erfahrung mit Zenkit sammeln k\u00f6nnen und verstehen, wie Zenkit in einem realen Arbeitskontext funktioniert. Weiterhin haben die Teilnehmer die Aufgabe, sich bei der Beschreibung von agilen Prozessen und Projektmanagement-Tools auf Zenkit zu beziehen. Mit dem Training verbessern wir die Lernprozesse unserer Mitglieder und statten sie f\u00fcr ihren zuk\u00fcnftigen Beruf mit essenziellem Wissen aus.<\/p>\n\n\n\n<p class=\"has-da-grey-2-color has-text-color has-link-color wp-elements-6dcb83fb12b3182f9becdffe0cc16c56\">Nach der Einf\u00fchrung starten die Teilnehmer ein reales Projekt, in dem sie Zenkit inkludieren. Das finale Zertifikat f\u00fcr das gesamte Seminar erhalten die Mitglieder, nachdem sie ein Projekt mit Zenkit erfolgreich abgeschlossen haben. Zudem d\u00fcrfen sie das Tool w\u00e4hrend der gesamten Dauer des Seminars von 6 Monaten auch f\u00fcr andere Projekte nutzen, um einen maximalen Lernerfolg zu erreichen.<\/p>\n<\/div>\n<\/div>\n<\/div>\n\n\n\n<div class=\"wp-block-group has-global-padding is-layout-constrained wp-block-group-is-layout-constrained\">\n<div style=\"height:88px;--tablet-height:72px;--mobile-height:40px\" class=\"wp-block-lookeen-blocks-responsive-spacer\"><\/div>\n\n\n\n<div class=\"wp-block-group has-global-padding is-layout-constrained wp-container-core-group-is-layout-61f7a5d6 wp-block-group-is-layout-constrained\">\n<figure class=\"wp-block-image aligncenter size-full border-radius--20 overflow__hidden box__shadow\"><img loading=\"lazy\" decoding=\"async\" width=\"640\" height=\"374\" src=\"https:\/\/zenkit.com\/wp-content\/uploads\/2025\/05\/atv-impression.webp\" alt=\"Dank Zenkit sind neue Arbeits- und agile Prozesse eine greifbare Realit\u00e4t.\" class=\"wp-image-113339\" srcset=\"https:\/\/zenkit.com\/wp-content\/uploads\/2025\/05\/atv-impression.webp 640w, https:\/\/zenkit.com\/wp-content\/uploads\/2025\/05\/atv-impression-300x175.webp 300w\" sizes=\"auto, (max-width: 640px) 100vw, 640px\" \/><\/figure>\n<\/div>\n\n\n\n<div style=\"height:88px;--tablet-height:72px;--mobile-height:40px\" class=\"wp-block-lookeen-blocks-responsive-spacer\"><\/div>\n<\/div>\n\n\n\n<div class=\"wp-block-group has-global-padding is-layout-constrained wp-block-group-is-layout-constrained\">\n<div class=\"wp-block-columns is-style-da-column-order-reverse is-layout-flex wp-container-core-columns-is-layout-2eb748b2 wp-block-columns-is-layout-flex\" style=\"margin-top:0px;margin-bottom:0px\">\n<div class=\"wp-block-column is-layout-flow wp-block-column-is-layout-flow\">\n<p class=\"has-da-grey-2-color has-text-color has-link-color wp-elements-640b402e7d24151e3bc89b1ff0db6c6a\">Das intuitive Design ist einer der Gr\u00fcnde, warum wir von ATV Zenkit als unser Projektmanagement-Tool gew\u00e4hlt haben. Wir finden, dass Zenkit ein modernes, ansprechendes und intuitives Tool ist. Zudem hat es eine gute Userstruktur. Die Teilnehmer lernen schnell mit dem Tool umzugehen, auch wenn sie keine hohe Technikaffinit\u00e4t haben. In unserem Training macht es den Teilnehmern Spa\u00df Projekte zu starten, da sie mit Zenkit auf spielerische Weise zu den n\u00f6tigen Skills gelangen.<\/p>\n\n\n\n<p class=\"has-da-grey-2-color has-text-color has-link-color wp-elements-bcfbc590cef408dcdc9a61a1cdd3bcf6\">Als Ergebnis erm\u00f6glicht Zenkit einen schnellen Lernerfolg und vereinfacht die Trainings der ATV GmbH. Jedes neue Tool, dass in einem Unternehmen vorgestellt wird, sollte eine schnelle Lernkurve bereitstellen, um ein besseres Zeitmanagement zu erm\u00f6glichen. Dieses Ziel hat das Bildungsunternehmen mit dem Einsatz von Zenkit erreicht.<\/p>\n<\/div>\n\n\n\n<div class=\"wp-block-column is-layout-flow wp-block-column-is-layout-flow\">\n<h2 class=\"wp-block-heading\" style=\"margin-top:0;margin-right:0;margin-bottom:0;margin-left:0\">\u201eSchnelle Erfolge bringen jeden auf spielerische Weise dazu, Projekte erfolgreich zu starten.\u201d<\/h2>\n\n\n\n<div style=\"height:24px;--tablet-height:24px;--mobile-height:24px\" class=\"wp-block-lookeen-blocks-responsive-spacer\"><\/div>\n\n\n\n<hr class=\"wp-block-separator has-alpha-channel-opacity is-style-colored-line\"\/>\n<\/div>\n<\/div>\n\n\n\n<div style=\"height:88px;--tablet-height:72px;--mobile-height:40px\" class=\"wp-block-lookeen-blocks-responsive-spacer\"><\/div>\n\n\n\n<div class=\"wp-block-columns is-style-default is-layout-flex wp-container-core-columns-is-layout-2eb748b2 wp-block-columns-is-layout-flex\" style=\"margin-top:0px;margin-bottom:0px\">\n<div class=\"wp-block-column is-layout-flow wp-block-column-is-layout-flow\">\n<h2 class=\"wp-block-heading\" style=\"margin-top:0;margin-right:0;margin-bottom:0;margin-left:0\">\u201eZenkit bietet eine Kombination aus agilem- und klassischem Projektmanagement.\u201d<\/h2>\n\n\n\n<div style=\"height:24px;--tablet-height:24px;--mobile-height:24px\" class=\"wp-block-lookeen-blocks-responsive-spacer\"><\/div>\n\n\n\n<hr class=\"wp-block-separator has-alpha-channel-opacity is-style-colored-line\"\/>\n<\/div>\n\n\n\n<div class=\"wp-block-column is-layout-flow wp-block-column-is-layout-flow\">\n<p>Mit vielen Features und Flexibilit\u00e4t bietet Zenkit den Teams einen Arbeitsbereich, der ihren Arbeitsfluss effizient verbessert. Zum Beispiel k\u00f6nnen Teams, die eher auf klassisches Projektmanagement setzen, Gantt-Charts nutzen. Doch auch andere Optionen wie die Kanban-Ansicht, die agiles Projektmanagement erm\u00f6glicht, k\u00f6nnen genutzt werden.<\/p>\n\n\n\n<p>Laut den ATV-Trainern sei die Kombination von klassischem- und agilem Projektmanagement das beste Feature an Zenkit, da die Teilnehmer auf diese Weise die M\u00f6glichkeit haben, ihre Projekte dual zu managen.<\/p>\n<\/div>\n<\/div>\n\n\n\n<div style=\"height:88px;--tablet-height:72px;--mobile-height:40px\" class=\"wp-block-lookeen-blocks-responsive-spacer\"><\/div>\n\n\n\n<div class=\"wp-block-columns is-style-da-column-order-reverse is-layout-flex wp-container-core-columns-is-layout-2eb748b2 wp-block-columns-is-layout-flex\" style=\"margin-top:0px;margin-bottom:0px\">\n<div class=\"wp-block-column is-layout-flow wp-block-column-is-layout-flow\">\n<p class=\"has-da-grey-2-color has-text-color has-link-color wp-elements-0497f658d35711e050ff05feeac79801\">Wie bereits erw\u00e4hnt wird Zenkit bei ATV daf\u00fcr genutzt, Seminarteilnehmern das Managen verschiedene Projekte zu lehren. Zum Beispiel wurde Zenkit f\u00fcr ein 3D-Drucker-Projekt genutzt. Hier konnten Teilnehmer mit dem Tool die verschiedenen Prozesse in den verschiedenen Ansichten darstellen, die zu der Herstellung eines 3D-Druckers notwendig sind.<\/p>\n\n\n\n<p class=\"has-da-grey-2-color has-text-color has-link-color wp-elements-85270a8f0a2297accbce5a2d9f6ab485\">ATV zufolge, sei Zenkit nicht nur gut, um Daten und Prozesse festzuhalten, sondern es biete dank der verschiedenen Ansichtsm\u00f6glichkeiten auch die n\u00f6tige Transparenz f\u00fcr das gesamte Projekt. Nutzer k\u00f6nnten mit Zenkit beispielsweise die Mind-Map-Ansicht ausw\u00e4hlen, um einen besseren \u00dcberblick \u00fcber ihr Projekts zu erhalten. Die Tabellenansicht w\u00fcrde den Teilnehmern helfen, Details zu verstehen. Die Datumsansicht erm\u00f6gliche eine bessere Zeitplanung. Die Kanban-Ansicht zeige am besten den Fortschritt der Arbeitsprozesse an und vieles mehr.<\/p>\n<\/div>\n\n\n\n<div class=\"wp-block-column is-layout-flow wp-block-column-is-layout-flow\">\n<h2 class=\"wp-block-heading\" style=\"margin-top:0;margin-right:0;margin-bottom:0;margin-left:0\">\u201eZenkit bietet sich f\u00fcr verschiedene Prozesse und Projekte an, da es eine All-in-one-L\u00f6sung ist.\u201d<\/h2>\n\n\n\n<div style=\"height:24px;--tablet-height:24px;--mobile-height:24px\" class=\"wp-block-lookeen-blocks-responsive-spacer\"><\/div>\n\n\n\n<hr class=\"wp-block-separator has-alpha-channel-opacity is-style-colored-line\"\/>\n<\/div>\n<\/div>\n<\/div>\n\n\n\n<div style=\"height:88px;--tablet-height:72px;--mobile-height:40px\" class=\"wp-block-lookeen-blocks-responsive-spacer\"><\/div>\n\n\n\n<div class=\"wp-block-group has-global-padding is-layout-constrained wp-block-group-is-layout-constrained\">\n<div class=\"wp-block-buttons is-content-justification-center is-layout-flex wp-container-core-buttons-is-layout-f78c5dac wp-block-buttons-is-layout-flex\" style=\"margin-top:0px;margin-bottom:0px\">\n<div class=\"wp-block-button is-style-rainbow\"><a class=\"wp-block-button__link wp-element-button\" href=\"https:\/\/zenkit.com\/wp-content\/uploads\/2022\/09\/ATV_DE.pdf\" target=\"_blank\" rel=\"noreferrer noopener\"><span>PDF herunterladen<\/span><\/a><\/div>\n<\/div>\n<\/div>\n\n\n\n<div style=\"height:110px;--tablet-height:60px;--mobile-height:48px\" class=\"wp-block-lookeen-blocks-responsive-spacer\"><\/div>\n","protected":false},"excerpt":{"rendered":"<p>Erfolgsgeschichte: ATV Die ATV GmbH nutzt Zenkit erfolgreich, um ihre Mitarbeiter in Projektmanagement-Seminaren zu schulen Die ATV GmbH ist ein wachsendes Bildungsunternehmen in M\u00fcnchen. Sie bieten Trainings f\u00fcr arbeitssuchende Menschen an, um ihre Chancen auf dem Arbeitsmarkt zu erh\u00f6hen. Ihre Coachings und Trainings spezialisieren sich auf allgemeine Management-Skills, inklusive Soft Skills, Projektmanagement, sowie Felder der [&hellip;]<\/p>\n","protected":false},"author":28,"featured_media":0,"parent":59464,"menu_order":0,"comment_status":"closed","ping_status":"closed","template":"","meta":{"yasr_overall_rating":0,"yasr_post_is_review":"","yasr_auto_insert_disabled":"","yasr_review_type":"","footnotes":""},"class_list":["post-70432","page","type-page","status-publish","hentry"],"yoast_head":"<!-- This site is optimized with the Yoast SEO plugin v27.4 - https:\/\/yoast.com\/product\/yoast-seo-wordpress\/ -->\n<title>ATV | Zenkit<\/title>\n<meta name=\"robots\" content=\"index, follow, max-snippet:-1, max-image-preview:large, max-video-preview:-1\" \/>\n<link rel=\"canonical\" href=\"https:\/\/zenkit.com\/de\/referenzen\/atv\/\" \/>\n<meta property=\"og:locale\" content=\"de_DE\" \/>\n<meta property=\"og:type\" content=\"article\" \/>\n<meta property=\"og:title\" content=\"ATV | Zenkit\" \/>\n<meta property=\"og:description\" content=\"Erfolgsgeschichte: ATV Die ATV GmbH nutzt Zenkit erfolgreich, um ihre Mitarbeiter in Projektmanagement-Seminaren zu schulen Die ATV GmbH ist ein wachsendes Bildungsunternehmen in M\u00fcnchen. Sie bieten Trainings f\u00fcr arbeitssuchende Menschen an, um ihre Chancen auf dem Arbeitsmarkt zu erh\u00f6hen. Ihre Coachings und Trainings spezialisieren sich auf allgemeine Management-Skills, inklusive Soft Skills, Projektmanagement, sowie Felder der [&hellip;]\" \/>\n<meta property=\"og:url\" content=\"https:\/\/zenkit.com\/de\/referenzen\/atv\/\" \/>\n<meta property=\"og:site_name\" content=\"Zenkit\" \/>\n<meta property=\"article:publisher\" content=\"https:\/\/www.facebook.com\/ZenkitHQ\" \/>\n<meta property=\"article:modified_time\" content=\"2025-11-03T07:13:15+00:00\" \/>\n<meta property=\"og:image\" content=\"https:\/\/zenkit.com\/wp-content\/uploads\/2025\/05\/banner-atv.webp\" \/>\n<meta name=\"twitter:card\" content=\"summary_large_image\" \/>\n<meta name=\"twitter:image\" content=\"https:\/\/zenkit.com\/wp-content\/uploads\/2021\/07\/ABS-1.png\" \/>\n<meta name=\"twitter:site\" content=\"@ZenkitHQ\" \/>\n<script type=\"application\/ld+json\" class=\"yoast-schema-graph\">{\"@context\":\"https:\\\/\\\/schema.org\",\"@graph\":[{\"@type\":\"WebPage\",\"@id\":\"https:\\\/\\\/zenkit.com\\\/de\\\/referenzen\\\/atv\\\/\",\"url\":\"https:\\\/\\\/zenkit.com\\\/de\\\/referenzen\\\/atv\\\/\",\"name\":\"ATV | Zenkit\",\"isPartOf\":{\"@id\":\"https:\\\/\\\/zenkit.com\\\/de\\\/#website\"},\"primaryImageOfPage\":{\"@id\":\"https:\\\/\\\/zenkit.com\\\/de\\\/referenzen\\\/atv\\\/#primaryimage\"},\"image\":{\"@id\":\"https:\\\/\\\/zenkit.com\\\/de\\\/referenzen\\\/atv\\\/#primaryimage\"},\"thumbnailUrl\":\"https:\\\/\\\/zenkit.com\\\/wp-content\\\/uploads\\\/2025\\\/05\\\/banner-atv.webp\",\"datePublished\":\"2021-12-23T08:51:10+00:00\",\"dateModified\":\"2025-11-03T07:13:15+00:00\",\"breadcrumb\":{\"@id\":\"https:\\\/\\\/zenkit.com\\\/de\\\/referenzen\\\/atv\\\/#breadcrumb\"},\"inLanguage\":\"de\",\"potentialAction\":[{\"@type\":\"ReadAction\",\"target\":[\"https:\\\/\\\/zenkit.com\\\/de\\\/referenzen\\\/atv\\\/\"]}]},{\"@type\":\"ImageObject\",\"inLanguage\":\"de\",\"@id\":\"https:\\\/\\\/zenkit.com\\\/de\\\/referenzen\\\/atv\\\/#primaryimage\",\"url\":\"https:\\\/\\\/zenkit.com\\\/wp-content\\\/uploads\\\/2025\\\/05\\\/banner-atv.webp\",\"contentUrl\":\"https:\\\/\\\/zenkit.com\\\/wp-content\\\/uploads\\\/2025\\\/05\\\/banner-atv.webp\"},{\"@type\":\"BreadcrumbList\",\"@id\":\"https:\\\/\\\/zenkit.com\\\/de\\\/referenzen\\\/atv\\\/#breadcrumb\",\"itemListElement\":[{\"@type\":\"ListItem\",\"position\":1,\"name\":\"Home\",\"item\":\"https:\\\/\\\/zenkit.com\\\/de\\\/\"},{\"@type\":\"ListItem\",\"position\":2,\"name\":\"Referenzen\",\"item\":\"https:\\\/\\\/zenkit.com\\\/de\\\/referenzen\\\/\"},{\"@type\":\"ListItem\",\"position\":3,\"name\":\"ATV\"}]},{\"@type\":\"WebSite\",\"@id\":\"https:\\\/\\\/zenkit.com\\\/de\\\/#website\",\"url\":\"https:\\\/\\\/zenkit.com\\\/de\\\/\",\"name\":\"Zenkit\",\"description\":\"Zenkit Tagline\",\"potentialAction\":[{\"@type\":\"SearchAction\",\"target\":{\"@type\":\"EntryPoint\",\"urlTemplate\":\"https:\\\/\\\/zenkit.com\\\/de\\\/?s={search_term_string}\"},\"query-input\":{\"@type\":\"PropertyValueSpecification\",\"valueRequired\":true,\"valueName\":\"search_term_string\"}}],\"inLanguage\":\"de\"},false]}<\/script>\n<!-- \/ Yoast SEO plugin. -->","yoast_head_json":{"title":"ATV | Zenkit","robots":{"index":"index","follow":"follow","max-snippet":"max-snippet:-1","max-image-preview":"max-image-preview:large","max-video-preview":"max-video-preview:-1"},"canonical":"https:\/\/zenkit.com\/de\/referenzen\/atv\/","og_locale":"de_DE","og_type":"article","og_title":"ATV | Zenkit","og_description":"Erfolgsgeschichte: ATV Die ATV GmbH nutzt Zenkit erfolgreich, um ihre Mitarbeiter in Projektmanagement-Seminaren zu schulen Die ATV GmbH ist ein wachsendes Bildungsunternehmen in M\u00fcnchen. Sie bieten Trainings f\u00fcr arbeitssuchende Menschen an, um ihre Chancen auf dem Arbeitsmarkt zu erh\u00f6hen. Ihre Coachings und Trainings spezialisieren sich auf allgemeine Management-Skills, inklusive Soft Skills, Projektmanagement, sowie Felder der [&hellip;]","og_url":"https:\/\/zenkit.com\/de\/referenzen\/atv\/","og_site_name":"Zenkit","article_publisher":"https:\/\/www.facebook.com\/ZenkitHQ","article_modified_time":"2025-11-03T07:13:15+00:00","og_image":[{"url":"https:\/\/zenkit.com\/wp-content\/uploads\/2025\/05\/banner-atv.webp","type":"","width":"","height":""}],"twitter_card":"summary_large_image","twitter_image":"https:\/\/zenkit.com\/wp-content\/uploads\/2021\/07\/ABS-1.png","twitter_site":"@ZenkitHQ","schema":{"@context":"https:\/\/schema.org","@graph":[{"@type":"WebPage","@id":"https:\/\/zenkit.com\/de\/referenzen\/atv\/","url":"https:\/\/zenkit.com\/de\/referenzen\/atv\/","name":"ATV | Zenkit","isPartOf":{"@id":"https:\/\/zenkit.com\/de\/#website"},"primaryImageOfPage":{"@id":"https:\/\/zenkit.com\/de\/referenzen\/atv\/#primaryimage"},"image":{"@id":"https:\/\/zenkit.com\/de\/referenzen\/atv\/#primaryimage"},"thumbnailUrl":"https:\/\/zenkit.com\/wp-content\/uploads\/2025\/05\/banner-atv.webp","datePublished":"2021-12-23T08:51:10+00:00","dateModified":"2025-11-03T07:13:15+00:00","breadcrumb":{"@id":"https:\/\/zenkit.com\/de\/referenzen\/atv\/#breadcrumb"},"inLanguage":"de","potentialAction":[{"@type":"ReadAction","target":["https:\/\/zenkit.com\/de\/referenzen\/atv\/"]}]},{"@type":"ImageObject","inLanguage":"de","@id":"https:\/\/zenkit.com\/de\/referenzen\/atv\/#primaryimage","url":"https:\/\/zenkit.com\/wp-content\/uploads\/2025\/05\/banner-atv.webp","contentUrl":"https:\/\/zenkit.com\/wp-content\/uploads\/2025\/05\/banner-atv.webp"},{"@type":"BreadcrumbList","@id":"https:\/\/zenkit.com\/de\/referenzen\/atv\/#breadcrumb","itemListElement":[{"@type":"ListItem","position":1,"name":"Home","item":"https:\/\/zenkit.com\/de\/"},{"@type":"ListItem","position":2,"name":"Referenzen","item":"https:\/\/zenkit.com\/de\/referenzen\/"},{"@type":"ListItem","position":3,"name":"ATV"}]},{"@type":"WebSite","@id":"https:\/\/zenkit.com\/de\/#website","url":"https:\/\/zenkit.com\/de\/","name":"Zenkit","description":"Zenkit Tagline","potentialAction":[{"@type":"SearchAction","target":{"@type":"EntryPoint","urlTemplate":"https:\/\/zenkit.com\/de\/?s={search_term_string}"},"query-input":{"@type":"PropertyValueSpecification","valueRequired":true,"valueName":"search_term_string"}}],"inLanguage":"de"},false]}},"yasr_visitor_votes":{"stars_attributes":{"read_only":false,"span_bottom":false},"number_of_votes":0,"sum_votes":0},"_links":{"self":[{"href":"https:\/\/zenkit.com\/de\/wp-json\/wp\/v2\/pages\/70432","targetHints":{"allow":["GET"]}}],"collection":[{"href":"https:\/\/zenkit.com\/de\/wp-json\/wp\/v2\/pages"}],"about":[{"href":"https:\/\/zenkit.com\/de\/wp-json\/wp\/v2\/types\/page"}],"author":[{"embeddable":true,"href":"https:\/\/zenkit.com\/de\/wp-json\/wp\/v2\/users\/28"}],"replies":[{"embeddable":true,"href":"https:\/\/zenkit.com\/de\/wp-json\/wp\/v2\/comments?post=70432"}],"version-history":[{"count":5,"href":"https:\/\/zenkit.com\/de\/wp-json\/wp\/v2\/pages\/70432\/revisions"}],"predecessor-version":[{"id":119331,"href":"https:\/\/zenkit.com\/de\/wp-json\/wp\/v2\/pages\/70432\/revisions\/119331"}],"up":[{"embeddable":true,"href":"https:\/\/zenkit.com\/de\/wp-json\/wp\/v2\/pages\/59464"}],"wp:attachment":[{"href":"https:\/\/zenkit.com\/de\/wp-json\/wp\/v2\/media?parent=70432"}],"curies":[{"name":"wp","href":"https:\/\/api.w.org\/{rel}","templated":true}]}}