{"id":72900,"date":"2022-04-08T14:01:52","date_gmt":"2022-04-08T12:01:52","guid":{"rendered":"https:\/\/zenkit.com\/pressemappe\/zenkit-projects-press-release\/"},"modified":"2025-01-28T15:20:36","modified_gmt":"2025-01-28T14:20:36","slug":"zenkit-projects-press-release","status":"publish","type":"page","link":"https:\/\/zenkit.com\/de\/pressemappe\/zenkit-projects-press-release\/","title":{"rendered":"Zenkit Press Release"},"content":{"rendered":"\n<div class=\"wp-block-group has-global-padding is-layout-constrained wp-block-group-is-layout-constrained\">\n<div class=\"wp-block-group width--950 has-global-padding is-layout-constrained wp-block-group-is-layout-constrained\">\n<div style=\"height:45px;--tablet-height:45px;--mobile-height:16px\" class=\"wp-block-lookeen-blocks-responsive-spacer\"><\/div>\n\n\n\n<div class=\"wp-block-group has-global-padding is-layout-constrained wp-block-group-is-layout-constrained\">\n<h1 class=\"wp-block-heading has-text-align-center\" style=\"margin-bottom:8px\">Zenkit bringt \u201cProjects\u201d heraus &#8211; Ein Neues Umfassendes Task-Management-Tool f\u00fcr Unternehmen<\/h1>\n<\/div>\n\n\n\n<div class=\"wp-block-group has-global-padding is-layout-constrained wp-block-group-is-layout-constrained\">\n<p class=\"has-text-align-center subheading\">Innovative und anpassungsf\u00e4hige Projektmanagement-App wird zur Zenkit Suite hinzugef\u00fcgt<\/p>\n<\/div>\n\n\n\n<div style=\"height:48px;--tablet-height:36px;--mobile-height:24px\" class=\"wp-block-lookeen-blocks-responsive-spacer\"><\/div>\n\n\n\n<div class=\"wp-block-group has-global-padding is-layout-constrained wp-block-group-is-layout-constrained\">\n<p class=\"has-text-align-center press__headline has-text-color has-link-color wp-elements-43b1399e87c5c5f417b0aee2a8c113dd\" style=\"color:#939393;font-size:24px;font-style:normal;font-weight:700;line-height:1.5\">08. August 2021 \u2013 Karlsruhe, Deutschland<\/p>\n<\/div>\n<\/div>\n\n\n\n<div style=\"height:88px;--tablet-height:72px;--mobile-height:40px\" class=\"wp-block-lookeen-blocks-responsive-spacer\"><\/div>\n<\/div>\n\n\n\n<div class=\"wp-block-group has-global-padding is-layout-constrained wp-block-group-is-layout-constrained\">\n<div class=\"wp-block-columns is-layout-flex wp-container-core-columns-is-layout-b8d659ec wp-block-columns-is-layout-flex\">\n<div class=\"wp-block-column is-layout-flow wp-block-column-is-layout-flow\">\n<p class=\"has-da-grey-2-color has-text-color has-link-color wp-elements-4f948ae2928eac3bc4f8c601be4e7c67\">Axonic, die Macher der Zenkit Produktivit\u00e4tssuite, verk\u00fcndigen die Ver\u00f6ffentlichung von \u201cProjects\u201d. Als f\u00fcnftes Produkt tritt \u201cProjects\u201d der wachsenden Zenkit Produktivit\u00e4ts- und Kollaborations-Suite bei, die sowohl von Konsumenten als auch Unternehmen genutzt wird. \u201cProjects\u201d liefert Teams und Arbeitsumgebungen eine umfassende Reihe von Funktionen, die zu einem besseren Zeitmanagement beitragen. Dadurch f\u00e4llt es leichter Fristen einzuhalten und Tasks zu delegieren sowie nachzuverfolgen, um Projekte p\u00fcnktlich zu erledigen und den Verlust von Aufgaben und Informationen zu vermeiden.<\/p>\n\n\n\n<p class=\"has-da-grey-2-color has-text-color has-link-color wp-elements-56dafc2fb961ab7241db1526d984ca17\">Zenkit Base, die erste App von Axonic welche digitale Transformation bietet, bildet die Grundlage f\u00fcr \u201cProjects\u201d. \u201cProjects\u201d sorgt nun in Arbeitsumgebungen daf\u00fcr, die Kollaboration zu st\u00e4rken, indem abteilungs\u00fcbergreifend kommuniziert und zusammengearbeitet werden kann. Nutzer k\u00f6nnen ihr \u201cProjects\u201d Dashboard personalisieren und ihre Projekte mit verschiedenen Methoden verwalten, wie Agil, Kanban oder Wasserfall.<\/p>\n<\/div>\n\n\n\n<div class=\"wp-block-column is-layout-flow wp-block-column-is-layout-flow\">\n<p class=\"has-da-grey-1-color has-text-color has-link-color wp-elements-73023962f171ab6187bf09d20389be68\">Au\u00dferdem kann jederzeit zwischen diesen Methoden hin und her gewechselt werden. \u201cProjects\u201d ist intuitiv und einfach strukturiert. Die Funktionen von \u201cProjects\u201d erm\u00f6glichen den Nutzern ihre Projekte und Prozesse mit wenig Zeit zu analysieren und zu verbessern und dabei den Fokus auf den Abschluss von wichtigen Aufgaben zu legen.<\/p>\n\n\n\n<p>\u201cSeitdem wir Zenkit vor 5 Jahren ver\u00f6ffentlicht haben, hatten wir die M\u00f6glichkeit eine Menge \u00fcber Projektmanagement zu lernen. Wir sind stolz sagen zu k\u00f6nnen, dass \u201cProjects\u201d die perfekte Mischung aus Einfachheit und Funktionalit\u00e4t ist.\u201d, sagt Martin Welker, der CEO von Axonic. \u201cProjects\u201d wurde erstellt, um professionelle und fortschrittliche Funktionen zu liefern. Aber auch um Projekte zu vereinfachen und den Ablauf zu gl\u00e4tten. Teams erhalten auf einen Blick eine bessere \u00dcbersicht \u00fcber die Leistung \u00fcber mehrere Projekte hinweg. Das macht \u201cProjects\u201d zum perfekten Tool, um Unternehmensziele und Meilensteine zu planen, auszuf\u00fchren und abzuliefern.<\/p>\n<\/div>\n<\/div>\n\n\n\n<div style=\"height:88px;--tablet-height:72px;--mobile-height:40px\" class=\"wp-block-lookeen-blocks-responsive-spacer\"><\/div>\n<\/div>\n\n\n\n<div class=\"wp-block-group has-global-padding is-layout-constrained wp-block-group-is-layout-constrained\">\n<div style=\"height:45px;--tablet-height:45px;--mobile-height:16px\" class=\"wp-block-lookeen-blocks-responsive-spacer\"><\/div>\n\n\n\n<h2 class=\"wp-block-heading has-text-align-center\" style=\"margin-bottom:0px\">Diese einzigartigen Funktionen bringt \u201cProjects\u201d mit sich:<\/h2>\n\n\n\n<div style=\"height:48px;--tablet-height:36px;--mobile-height:24px\" class=\"wp-block-lookeen-blocks-responsive-spacer\"><\/div>\n\n\n\n<div class=\"wp-block-group has-global-padding is-layout-constrained wp-block-group-is-layout-constrained\">\n<div class=\"wp-block-columns is-layout-flex wp-container-core-columns-is-layout-28f84493 wp-block-columns-is-layout-flex\">\n<div class=\"wp-block-column is-layout-flow wp-block-column-is-layout-flow\">\n<ul class=\"wp-block-list list__with-checkmark-blue-and-underline has-da-grey-2-color has-text-color has-link-color wp-elements-3eaae87de986cf8bd6b9fe9ec0e4e020\">\n<li>Ein dynamisches Dashboard, das eine \u00dcbersicht \u00fcber pers\u00f6nliche Aufgaben und die Aufgaben des Teams, sowie den Fortschritt \u00fcber alle Projekte hinweg abbildet.<\/li>\n\n\n\n<li>Globale und smarte Ansichten: Kanbanboard, Aufgabenlisten, Kalenderansicht, Tag- und Wochenansicht.<\/li>\n\n\n\n<li>Einen globalen Ressourcenplaner, um projekt\u00fcbergreifend Workloads einzuteilen.<\/li>\n\n\n\n<li>Ressourcen Planung und Management in Gantt-Diagrammen.<\/li>\n<\/ul>\n<\/div>\n\n\n\n<div class=\"wp-block-column is-layout-flow wp-block-column-is-layout-flow\">\n<ul class=\"wp-block-list list__with-checkmark-blue-and-underline has-da-grey-2-color has-text-color has-link-color wp-elements-ce82662490d1cb9ae70b2f203750c0d6\">\n<li>Gruppieren, Sortieren und Filtern in globalen Ansichten und Berichten.<\/li>\n\n\n\n<li>Benutzerdefinierte Berichte mit \u00fcber 720 verschiedenen Konfigurationsm\u00f6glichkeiten.<\/li>\n\n\n\n<li>Mehrere M\u00f6glichkeiten, um an Projekten zu arbeiten wie Gantt, Kanban, Kalender oder hierarchischen Ansichten.<\/li>\n<\/ul>\n<\/div>\n<\/div>\n<\/div>\n\n\n\n<div style=\"height:88px;--tablet-height:72px;--mobile-height:40px\" class=\"wp-block-lookeen-blocks-responsive-spacer\"><\/div>\n\n\n\n<div class=\"wp-block-group has-global-padding is-layout-constrained wp-container-core-group-is-layout-7cc94c3e wp-block-group-is-layout-constrained\">\n<div class=\"wp-block-group has-global-padding is-layout-constrained wp-block-group-is-layout-constrained\">\n<p class=\"has-text-align-center has-da-grey-2-color has-text-color has-link-color wp-elements-1c6195790c67f0f0f71ca420e138ee78\">Wie alle Produkte in der Zenkit Suite ist \u201cProjects\u201d DSGVO-konform und bereit, im unternehmerischen Bereich genutzt zu werden. Um mehr \u00fcber \u201cProjects\u201d zu erfahren, besuchen Sie bitte <a href=\"https:\/\/zenkit.com\/de\/projects\/\" target=\"_blank\" rel=\"noreferrer noopener\">https:\/\/zenkit.com\/de\/projects\/<\/a> oder laden Sie die App herunter \u2013 erh\u00e4ltlich f\u00fcr <a href=\"https:\/\/apps.apple.com\/app\/id1575193611\" target=\"_blank\" rel=\"noreferrer noopener\">iOS<\/a>, <a href=\"https:\/\/play.google.com\/store\/apps\/details?id=com.zenkit.projects\" target=\"_blank\" rel=\"noreferrer noopener\">Android<\/a>, <a href=\"https:\/\/zenkit.com\/de\/projects\/plattformen\/\" target=\"_blank\" rel=\"noreferrer noopener\">Mac, Windows, und Linux<\/a>.<\/p>\n<\/div>\n\n\n\n<div style=\"height:88px;--tablet-height:72px;--mobile-height:40px\" class=\"wp-block-lookeen-blocks-responsive-spacer\"><\/div>\n\n\n\n<h3 class=\"wp-block-heading has-text-align-center\" style=\"margin-bottom:8px;font-style:normal;font-weight:700\">\u00dcber Zenkit<\/h3>\n\n\n\n<p class=\"has-text-align-center has-da-grey-2-color has-text-color has-link-color wp-elements-55e7d64b2a50c728479f4e88312a3b2f\">Zenkit ist ein Startup der Axonic Informationssysteme GmbH, einem 2003 gegr\u00fcndeten deutschen Unternehmen. Die SaaS-Projektmanagement- und Kollaborationsplattform wurde im Oktober 2016 gestartet. Projects, das f\u00fcnfte Produkt der Zenkit Suite, wurde von Zenkit entwickelt und 2021 ver\u00f6ffentlicht.<\/p>\n<\/div>\n<\/div>\n\n\n\n<div style=\"height:110px;--tablet-height:60px;--mobile-height:48px\" class=\"wp-block-lookeen-blocks-responsive-spacer\"><\/div>\n","protected":false},"excerpt":{"rendered":"<p>Zenkit bringt \u201cProjects\u201d heraus &#8211; Ein Neues Umfassendes Task-Management-Tool f\u00fcr Unternehmen Innovative und anpassungsf\u00e4hige Projektmanagement-App wird zur Zenkit Suite hinzugef\u00fcgt 08. August 2021 \u2013 Karlsruhe, Deutschland Axonic, die Macher der Zenkit Produktivit\u00e4tssuite, verk\u00fcndigen die Ver\u00f6ffentlichung von \u201cProjects\u201d. Als f\u00fcnftes Produkt tritt \u201cProjects\u201d der wachsenden Zenkit Produktivit\u00e4ts- und Kollaborations-Suite bei, die sowohl von Konsumenten als auch [&hellip;]<\/p>\n","protected":false},"author":28,"featured_media":0,"parent":61675,"menu_order":2,"comment_status":"closed","ping_status":"closed","template":"","meta":{"yasr_overall_rating":0,"yasr_post_is_review":"","yasr_auto_insert_disabled":"","yasr_review_type":"","footnotes":""},"class_list":["post-72900","page","type-page","status-publish","hentry"],"yoast_head":"<!-- This site is optimized with the Yoast SEO plugin v27.3 - https:\/\/yoast.com\/product\/yoast-seo-wordpress\/ -->\n<title>Zenkit Press Release | Zenkit<\/title>\n<meta name=\"robots\" content=\"index, follow, max-snippet:-1, max-image-preview:large, max-video-preview:-1\" \/>\n<link rel=\"canonical\" href=\"https:\/\/zenkit.com\/de\/pressemappe\/zenkit-projects-press-release\/\" \/>\n<meta property=\"og:locale\" content=\"de_DE\" \/>\n<meta property=\"og:type\" content=\"article\" \/>\n<meta property=\"og:title\" content=\"Zenkit Press Release | Zenkit\" \/>\n<meta property=\"og:description\" content=\"Zenkit bringt \u201cProjects\u201d heraus &#8211; Ein Neues Umfassendes Task-Management-Tool f\u00fcr Unternehmen Innovative und anpassungsf\u00e4hige Projektmanagement-App wird zur Zenkit Suite hinzugef\u00fcgt 08. August 2021 \u2013 Karlsruhe, Deutschland Axonic, die Macher der Zenkit Produktivit\u00e4tssuite, verk\u00fcndigen die Ver\u00f6ffentlichung von \u201cProjects\u201d. Als f\u00fcnftes Produkt tritt \u201cProjects\u201d der wachsenden Zenkit Produktivit\u00e4ts- und Kollaborations-Suite bei, die sowohl von Konsumenten als auch [&hellip;]\" \/>\n<meta property=\"og:url\" content=\"https:\/\/zenkit.com\/de\/pressemappe\/zenkit-projects-press-release\/\" \/>\n<meta property=\"og:site_name\" content=\"Zenkit\" \/>\n<meta property=\"article:publisher\" content=\"https:\/\/www.facebook.com\/ZenkitHQ\" \/>\n<meta property=\"article:modified_time\" content=\"2025-01-28T14:20:36+00:00\" \/>\n<meta name=\"twitter:card\" content=\"summary_large_image\" \/>\n<meta name=\"twitter:site\" content=\"@ZenkitHQ\" \/>\n<meta name=\"twitter:label1\" content=\"Gesch\u00e4tzte Lesezeit\" \/>\n\t<meta name=\"twitter:data1\" content=\"2\u00a0Minuten\" \/>\n<script type=\"application\/ld+json\" class=\"yoast-schema-graph\">{\"@context\":\"https:\\\/\\\/schema.org\",\"@graph\":[{\"@type\":\"WebPage\",\"@id\":\"https:\\\/\\\/zenkit.com\\\/de\\\/pressemappe\\\/zenkit-projects-press-release\\\/\",\"url\":\"https:\\\/\\\/zenkit.com\\\/de\\\/pressemappe\\\/zenkit-projects-press-release\\\/\",\"name\":\"Zenkit Press Release | Zenkit\",\"isPartOf\":{\"@id\":\"https:\\\/\\\/zenkit.com\\\/de\\\/#website\"},\"datePublished\":\"2022-04-08T12:01:52+00:00\",\"dateModified\":\"2025-01-28T14:20:36+00:00\",\"breadcrumb\":{\"@id\":\"https:\\\/\\\/zenkit.com\\\/de\\\/pressemappe\\\/zenkit-projects-press-release\\\/#breadcrumb\"},\"inLanguage\":\"de\",\"potentialAction\":[{\"@type\":\"ReadAction\",\"target\":[\"https:\\\/\\\/zenkit.com\\\/de\\\/pressemappe\\\/zenkit-projects-press-release\\\/\"]}]},{\"@type\":\"BreadcrumbList\",\"@id\":\"https:\\\/\\\/zenkit.com\\\/de\\\/pressemappe\\\/zenkit-projects-press-release\\\/#breadcrumb\",\"itemListElement\":[{\"@type\":\"ListItem\",\"position\":1,\"name\":\"Home\",\"item\":\"https:\\\/\\\/zenkit.com\\\/de\\\/\"},{\"@type\":\"ListItem\",\"position\":2,\"name\":\"Pressemappe\",\"item\":\"https:\\\/\\\/zenkit.com\\\/de\\\/pressemappe\\\/\"},{\"@type\":\"ListItem\",\"position\":3,\"name\":\"Zenkit Projects Press Release\"}]},{\"@type\":\"WebSite\",\"@id\":\"https:\\\/\\\/zenkit.com\\\/de\\\/#website\",\"url\":\"https:\\\/\\\/zenkit.com\\\/de\\\/\",\"name\":\"Zenkit\",\"description\":\"Zenkit Tagline\",\"potentialAction\":[{\"@type\":\"SearchAction\",\"target\":{\"@type\":\"EntryPoint\",\"urlTemplate\":\"https:\\\/\\\/zenkit.com\\\/de\\\/?s={search_term_string}\"},\"query-input\":{\"@type\":\"PropertyValueSpecification\",\"valueRequired\":true,\"valueName\":\"search_term_string\"}}],\"inLanguage\":\"de\"},false]}<\/script>\n<!-- \/ Yoast SEO plugin. -->","yoast_head_json":{"title":"Zenkit Press Release | Zenkit","robots":{"index":"index","follow":"follow","max-snippet":"max-snippet:-1","max-image-preview":"max-image-preview:large","max-video-preview":"max-video-preview:-1"},"canonical":"https:\/\/zenkit.com\/de\/pressemappe\/zenkit-projects-press-release\/","og_locale":"de_DE","og_type":"article","og_title":"Zenkit Press Release | Zenkit","og_description":"Zenkit bringt \u201cProjects\u201d heraus &#8211; Ein Neues Umfassendes Task-Management-Tool f\u00fcr Unternehmen Innovative und anpassungsf\u00e4hige Projektmanagement-App wird zur Zenkit Suite hinzugef\u00fcgt 08. August 2021 \u2013 Karlsruhe, Deutschland Axonic, die Macher der Zenkit Produktivit\u00e4tssuite, verk\u00fcndigen die Ver\u00f6ffentlichung von \u201cProjects\u201d. Als f\u00fcnftes Produkt tritt \u201cProjects\u201d der wachsenden Zenkit Produktivit\u00e4ts- und Kollaborations-Suite bei, die sowohl von Konsumenten als auch [&hellip;]","og_url":"https:\/\/zenkit.com\/de\/pressemappe\/zenkit-projects-press-release\/","og_site_name":"Zenkit","article_publisher":"https:\/\/www.facebook.com\/ZenkitHQ","article_modified_time":"2025-01-28T14:20:36+00:00","twitter_card":"summary_large_image","twitter_site":"@ZenkitHQ","twitter_misc":{"Gesch\u00e4tzte Lesezeit":"2\u00a0Minuten"},"schema":{"@context":"https:\/\/schema.org","@graph":[{"@type":"WebPage","@id":"https:\/\/zenkit.com\/de\/pressemappe\/zenkit-projects-press-release\/","url":"https:\/\/zenkit.com\/de\/pressemappe\/zenkit-projects-press-release\/","name":"Zenkit Press Release | Zenkit","isPartOf":{"@id":"https:\/\/zenkit.com\/de\/#website"},"datePublished":"2022-04-08T12:01:52+00:00","dateModified":"2025-01-28T14:20:36+00:00","breadcrumb":{"@id":"https:\/\/zenkit.com\/de\/pressemappe\/zenkit-projects-press-release\/#breadcrumb"},"inLanguage":"de","potentialAction":[{"@type":"ReadAction","target":["https:\/\/zenkit.com\/de\/pressemappe\/zenkit-projects-press-release\/"]}]},{"@type":"BreadcrumbList","@id":"https:\/\/zenkit.com\/de\/pressemappe\/zenkit-projects-press-release\/#breadcrumb","itemListElement":[{"@type":"ListItem","position":1,"name":"Home","item":"https:\/\/zenkit.com\/de\/"},{"@type":"ListItem","position":2,"name":"Pressemappe","item":"https:\/\/zenkit.com\/de\/pressemappe\/"},{"@type":"ListItem","position":3,"name":"Zenkit Projects Press Release"}]},{"@type":"WebSite","@id":"https:\/\/zenkit.com\/de\/#website","url":"https:\/\/zenkit.com\/de\/","name":"Zenkit","description":"Zenkit Tagline","potentialAction":[{"@type":"SearchAction","target":{"@type":"EntryPoint","urlTemplate":"https:\/\/zenkit.com\/de\/?s={search_term_string}"},"query-input":{"@type":"PropertyValueSpecification","valueRequired":true,"valueName":"search_term_string"}}],"inLanguage":"de"},false]}},"yasr_visitor_votes":{"stars_attributes":{"read_only":false,"span_bottom":false},"number_of_votes":0,"sum_votes":0},"_links":{"self":[{"href":"https:\/\/zenkit.com\/de\/wp-json\/wp\/v2\/pages\/72900","targetHints":{"allow":["GET"]}}],"collection":[{"href":"https:\/\/zenkit.com\/de\/wp-json\/wp\/v2\/pages"}],"about":[{"href":"https:\/\/zenkit.com\/de\/wp-json\/wp\/v2\/types\/page"}],"author":[{"embeddable":true,"href":"https:\/\/zenkit.com\/de\/wp-json\/wp\/v2\/users\/28"}],"replies":[{"embeddable":true,"href":"https:\/\/zenkit.com\/de\/wp-json\/wp\/v2\/comments?post=72900"}],"version-history":[{"count":4,"href":"https:\/\/zenkit.com\/de\/wp-json\/wp\/v2\/pages\/72900\/revisions"}],"predecessor-version":[{"id":119358,"href":"https:\/\/zenkit.com\/de\/wp-json\/wp\/v2\/pages\/72900\/revisions\/119358"}],"up":[{"embeddable":true,"href":"https:\/\/zenkit.com\/de\/wp-json\/wp\/v2\/pages\/61675"}],"wp:attachment":[{"href":"https:\/\/zenkit.com\/de\/wp-json\/wp\/v2\/media?parent=72900"}],"curies":[{"name":"wp","href":"https:\/\/api.w.org\/{rel}","templated":true}]}}