{"id":72912,"date":"2022-04-08T15:16:06","date_gmt":"2022-04-08T13:16:06","guid":{"rendered":"https:\/\/zenkit.com\/pressemappe\/zenforms-press-release\/"},"modified":"2025-01-28T15:03:09","modified_gmt":"2025-01-28T14:03:09","slug":"zenforms-press-release","status":"publish","type":"page","link":"https:\/\/zenkit.com\/de\/pressemappe\/zenforms-press-release\/","title":{"rendered":"Zenforms Press Release"},"content":{"rendered":"\n<div class=\"wp-block-group has-global-padding is-layout-constrained wp-block-group-is-layout-constrained\">\n<div class=\"wp-block-group width--950 has-global-padding is-layout-constrained wp-block-group-is-layout-constrained\">\n<div style=\"height:45px;--tablet-height:45px;--mobile-height:16px\" class=\"wp-block-lookeen-blocks-responsive-spacer\"><\/div>\n\n\n\n<div class=\"wp-block-group has-global-padding is-layout-constrained wp-block-group-is-layout-constrained\">\n<h1 class=\"wp-block-heading has-text-align-center\" style=\"margin-bottom:8px\">Zenkit ver\u00f6ffentlicht datenschutzkonforme Webformular-App Zenforms<\/h1>\n<\/div>\n\n\n\n<div class=\"wp-block-group has-global-padding is-layout-constrained wp-block-group-is-layout-constrained\">\n<p class=\"has-text-align-center subheading\">Die deutsche DSGVO-konforme Formulare-App, erm\u00f6glicht es Daten einfach und ohne Programmierkenntnisse direkt in eine eigene Datenbank einzuarbeiten.<\/p>\n<\/div>\n\n\n\n<div style=\"height:48px;--tablet-height:36px;--mobile-height:24px\" class=\"wp-block-lookeen-blocks-responsive-spacer\"><\/div>\n\n\n\n<div class=\"wp-block-group has-global-padding is-layout-constrained wp-block-group-is-layout-constrained\">\n<p class=\"has-text-align-center press__headline has-text-color has-link-color wp-elements-f13c43896f60fd4bdc477d949746ba86\" style=\"color:#939393;font-size:24px;font-style:normal;font-weight:700;line-height:1.5\">03. M\u00e4rz 2022 \u2013 Karlsruhe, Deutschland<\/p>\n<\/div>\n<\/div>\n\n\n\n<div style=\"height:88px;--tablet-height:72px;--mobile-height:40px\" class=\"wp-block-lookeen-blocks-responsive-spacer\"><\/div>\n<\/div>\n\n\n\n<div class=\"wp-block-group has-global-padding is-layout-constrained wp-block-group-is-layout-constrained\">\n<div class=\"wp-block-columns is-layout-flex wp-container-core-columns-is-layout-b8d659ec wp-block-columns-is-layout-flex\">\n<div class=\"wp-block-column is-layout-flow wp-block-column-is-layout-flow\">\n<p class=\"has-da-grey-2-color has-text-color has-link-color wp-elements-ca445cb1b204c7143eccfdc1e52b5ea1\">Das Zenkit Team, Macher der preisgekr\u00f6nten Projektmanagementl\u00f6sung Zenkit, ver\u00f6ffentlicht Zenforms, eine Formular-App, die \u00fcber generische Webformulare hinaus die M\u00f6glichkeit der Sammlung komplexer Daten liefert.<br><br>Zenforms wird am 03. M\u00e4rz 2022 verf\u00fcgbar f\u00fcr iOS, Android, Mac, Windows und Linux.<br><br>Online-Formulare spielen eine Schl\u00fcsselrolle in der Kommunikation von Teams. Eine Anwendung zu finden, die Formulare und deren Daten ordnungsgem\u00e4\u00df nach DSGVO verarbeitet, ist fast unm\u00f6glich. Gro\u00dfe US-Amerikanische Unternehmen werben zwar mit solchen Apps, k\u00f6nnen der Datenschutzverordnung jedoch nicht standhalten und stellen somit ein Sicherheitsproblem dar.<br><br>Durch die noch immer andauernde Pandemie arbeiten einige Teams noch immer komplett remote oder in Hybrid-Modellen und werden auch nach der Pandemie wahrscheinlich nicht zu einem hundertprozentig anwesenden Team zur\u00fcckkehren. Eine der gr\u00f6\u00dften Herausforderungen f\u00fcr Unternehmen ist dabei die Kommunikation, sowohl mit<\/p>\n<\/div>\n\n\n\n<div class=\"wp-block-column is-layout-flow wp-block-column-is-layout-flow\">\n<p class=\"has-da-grey-1-color has-text-color has-link-color wp-elements-a517ad9bf48fc17519089a808caa3346\">Mitarbeiter:innen als auch Kund:innen. Die Pandemie hat laut <a href=\"https:\/\/www.researchgate.net\/publication\/349546057_Business_Communication_and_COVID-19\" target=\"_blank\" rel=\"noreferrer noopener\">Geert Jacobs<\/a> den Bedarf f\u00fcr transparente und klare Kommunikation hervorgehoben. Webformular-Apps erm\u00f6glichen Unternehmen mit relevanten Personen in Verbindung zu bleiben, zu kommunizieren und kollaborieren.<br><br>Ein Bericht von <a href=\"https:\/\/www.marketsandmarkets.com\/PressReleases\/enterprise-collaboration.asp\" target=\"_blank\" rel=\"noreferrer noopener\">Marekts &amp; Markets <\/a>prognostiziert, dass der globale Markt f\u00fcr Online-Zusammenarbeit von 47,2 Milliarden US-Dollar in 2021 auf 85,8 Milliarden US-Dollar bis 2026 ansteigen wird, ausgehen von einer vorhergesagten CAGR von 12,7 % w\u00e4hrend des Betrachtungszeitraumes, ein beachtenswerter Anstieg der nicht untersch\u00e4tzt werden sollte.<br><br>\u201cAuf der Suche nach einer deutschen und DSGVO-konformen Forms-App, die wir in unsere Zenkit Suite einbinden k\u00f6nnen, haben wir keine gefunden, die unseren Anspr\u00fcchen gerecht wurde. Wir wussten also, dass wir da selber ans Werk m\u00fcssen, um unseren Kund:innen eine Forms-App zu bieten, die sich wie unsere anderen Produkte so nahtlos in die Zenkit Suite integrieren l\u00e4sst.\u201d, sagt Martin Welker, CEO von Zenkit.<\/p>\n<\/div>\n<\/div>\n\n\n\n<div style=\"height:88px;--tablet-height:72px;--mobile-height:40px\" class=\"wp-block-lookeen-blocks-responsive-spacer\"><\/div>\n<\/div>\n\n\n\n<div class=\"wp-block-group has-global-padding is-layout-constrained wp-block-group-is-layout-constrained\">\n<div style=\"height:45px;--tablet-height:45px;--mobile-height:16px\" class=\"wp-block-lookeen-blocks-responsive-spacer\"><\/div>\n\n\n\n<h2 class=\"wp-block-heading has-text-align-center\" style=\"margin-bottom:0px\">Zenforms erm\u00f6glicht es, Neben der Sammlung der Formular-Antworten, automatisch eine Datenbank auf Grundlage der Formulare zu erstellen:<\/h2>\n\n\n\n<div style=\"height:48px;--tablet-height:36px;--mobile-height:24px\" class=\"wp-block-lookeen-blocks-responsive-spacer\"><\/div>\n\n\n\n<div class=\"wp-block-group has-global-padding is-layout-constrained wp-block-group-is-layout-constrained\">\n<div class=\"wp-block-columns is-layout-flex wp-container-core-columns-is-layout-28f84493 wp-block-columns-is-layout-flex\">\n<div class=\"wp-block-column is-layout-flow wp-block-column-is-layout-flow\">\n<ul class=\"wp-block-list list__with-checkmark-blue-and-underline has-da-grey-2-color has-text-color has-link-color wp-elements-32c335e84d111bef1cd2a577d3e6eb8f\">\n<li>Einfache Datenerfassung im intuitiven User-Interface<\/li>\n\n\n\n<li>Mitarbeiter:innen und Kund:innen erhalten eine Stimme: Formulare, Umfragen, Abstimmungen, Terminfindung oder auch Quizze.<\/li>\n\n\n\n<li>Auswahl aus verschiedenen Formatierungsm\u00f6glichkeiten f\u00fcr die Eingabefelder, wie beispielsweise Text oder Kalender.<\/li>\n\n\n\n<li>Optionale Verbindung mit dem Zenkit-Universum, um in wenigen Minuten eine \u00fcbergreifende \u00dcbersicht \u00fcber die Antworten zu erhalten.<\/li>\n\n\n\n<li>Kollaboration mit Teammitgliedern.<\/li>\n\n\n\n<li>Subforms: F\u00fcr zus\u00e4tzliche Stufen der Datensammlung und Datenfreigabe.<\/li>\n\n\n\n<li>Integration der Formulare in ein Kanban Board (via Zenkit Base oder Zenkit).<\/li>\n<\/ul>\n<\/div>\n\n\n\n<div class=\"wp-block-column is-layout-flow wp-block-column-is-layout-flow\">\n<ul class=\"wp-block-list list__with-checkmark-blue-and-underline has-da-grey-2-color has-text-color has-link-color wp-elements-68e2e799e4f37d5fd508b27b9e6fac3b\">\n<li>Verbindung von vorhandenen Daten oder Collection Items mit Formularen.<\/li>\n\n\n\n<li>Duplicate Check: \u00dcberpr\u00fcfung, ob es sich bei der Eingabe um ein Duplikat handelt, um Zeit und Speicherplatz zu sparen.<\/li>\n\n\n\n<li>Versenden des Formulars per Link oder Einbettung auf Webseiten.<\/li>\n\n\n\n<li>Teilnehmer:innen k\u00f6nnen entscheiden, ob sie das Formular als Teammember in Zenkit eingeloggt oder anonym beantworten.<\/li>\n\n\n\n<li>Enterprise Ready: Unternehmensgerechte Admin- und Benutzerverwaltung<\/li>\n\n\n\n<li>DSGVO-Konformit\u00e4t und DE-basierte Server<\/li>\n\n\n\n<li>Zenforms ist eine kostenlose App mit einem optionalen kostenpflichtigen Plan.<\/li>\n<\/ul>\n<\/div>\n<\/div>\n<\/div>\n\n\n\n<div style=\"height:88px;--tablet-height:72px;--mobile-height:40px\" class=\"wp-block-lookeen-blocks-responsive-spacer\"><\/div>\n\n\n\n<div class=\"wp-block-group has-global-padding is-layout-constrained wp-container-core-group-is-layout-7cc94c3e wp-block-group-is-layout-constrained\">\n<div class=\"wp-block-group has-global-padding is-layout-constrained wp-block-group-is-layout-constrained\">\n<p class=\"has-text-align-center has-da-grey-2-color has-text-color has-link-color wp-elements-81003f311e5019c23144bdf134195b6e\">Durch die verschiedenen Formatierungsm\u00f6glichkeiten der Eingabefelder geht Zenforms \u00fcber einfache Umfragen-Apps hinaus und bietet die M\u00f6glichkeit beispielsweise als Terminierungs-App, als Newsletterformular f\u00fcr Kund:innen, als Quiz f\u00fcr Freunde und viele weitere Weisen genutzt zu werden.<\/p>\n\n\n\n<p class=\"has-text-align-center has-da-grey-2-color has-text-color has-link-color wp-elements-8da9e87764dbde4a76b691fbb26760c3\">Um mehr \u00fcber Zenforms zu erfahren, besuchen Sie bitte <a href=\"https:\/\/zenkit.com\/\">https:\/\/zenkit.com\/<\/a>. Um die Zenforms-App zu nutzen, besuchen Sie <a href=\"https:\/\/chat.zenkit.com\/\">https:\/\/chat.zenkit.com\/<\/a> oder laden Sie die App herunter \u2013 erh\u00e4ltlich f\u00fcr iOS, Android, Mac, Windows und Linux.<\/p>\n<\/div>\n\n\n\n<div style=\"height:88px;--tablet-height:72px;--mobile-height:40px\" class=\"wp-block-lookeen-blocks-responsive-spacer\"><\/div>\n\n\n\n<h3 class=\"wp-block-heading has-text-align-center\" style=\"margin-bottom:8px;font-style:normal;font-weight:700\">\u00dcber Zenkit<\/h3>\n\n\n\n<p class=\"has-text-align-center has-da-grey-2-color has-text-color has-link-color wp-elements-bd4ead37eb1b99bc0b8a3354a41a82e6\">Zenkit ist ein Startup-Unternehmen, das unter Axonic Informationssysteme GmbH, einem 2003 gegr\u00fcndeten deutschen Unternehmen, gegr\u00fcndet wurde. Die SaaS-Projektmanagement- und Kollaborationsplattform wurde im Oktober 2016 eingef\u00fchrt. Zenforms, das sechste Produkt in der Zenkit Suite, wurde von Zenkit entwickelt und ver\u00f6ffentlicht.<\/p>\n<\/div>\n<\/div>\n\n\n\n<div style=\"height:110px;--tablet-height:60px;--mobile-height:48px\" class=\"wp-block-lookeen-blocks-responsive-spacer\"><\/div>\n","protected":false},"excerpt":{"rendered":"<p>Zenkit ver\u00f6ffentlicht datenschutzkonforme Webformular-App Zenforms Die deutsche DSGVO-konforme Formulare-App, erm\u00f6glicht es Daten einfach und ohne Programmierkenntnisse direkt in eine eigene Datenbank einzuarbeiten. 03. M\u00e4rz 2022 \u2013 Karlsruhe, Deutschland Das Zenkit Team, Macher der preisgekr\u00f6nten Projektmanagementl\u00f6sung Zenkit, ver\u00f6ffentlicht Zenforms, eine Formular-App, die \u00fcber generische Webformulare hinaus die M\u00f6glichkeit der Sammlung komplexer Daten liefert. Zenforms wird am [&hellip;]<\/p>\n","protected":false},"author":28,"featured_media":0,"parent":61675,"menu_order":3,"comment_status":"closed","ping_status":"closed","template":"","meta":{"yasr_overall_rating":0,"yasr_post_is_review":"","yasr_auto_insert_disabled":"","yasr_review_type":"","footnotes":""},"class_list":["post-72912","page","type-page","status-publish","hentry"],"yoast_head":"<!-- This site is optimized with the Yoast SEO plugin v27.3 - https:\/\/yoast.com\/product\/yoast-seo-wordpress\/ -->\n<title>Zenforms Press Release | Zenkit<\/title>\n<meta name=\"robots\" content=\"index, follow, max-snippet:-1, max-image-preview:large, max-video-preview:-1\" \/>\n<link rel=\"canonical\" href=\"https:\/\/zenkit.com\/de\/pressemappe\/zenforms-press-release\/\" \/>\n<meta property=\"og:locale\" content=\"de_DE\" \/>\n<meta property=\"og:type\" content=\"article\" \/>\n<meta property=\"og:title\" content=\"Zenforms Press Release | Zenkit\" \/>\n<meta property=\"og:description\" content=\"Zenkit ver\u00f6ffentlicht datenschutzkonforme Webformular-App Zenforms Die deutsche DSGVO-konforme Formulare-App, erm\u00f6glicht es Daten einfach und ohne Programmierkenntnisse direkt in eine eigene Datenbank einzuarbeiten. 03. M\u00e4rz 2022 \u2013 Karlsruhe, Deutschland Das Zenkit Team, Macher der preisgekr\u00f6nten Projektmanagementl\u00f6sung Zenkit, ver\u00f6ffentlicht Zenforms, eine Formular-App, die \u00fcber generische Webformulare hinaus die M\u00f6glichkeit der Sammlung komplexer Daten liefert. Zenforms wird am [&hellip;]\" \/>\n<meta property=\"og:url\" content=\"https:\/\/zenkit.com\/de\/pressemappe\/zenforms-press-release\/\" \/>\n<meta property=\"og:site_name\" content=\"Zenkit\" \/>\n<meta property=\"article:publisher\" content=\"https:\/\/www.facebook.com\/ZenkitHQ\" \/>\n<meta property=\"article:modified_time\" content=\"2025-01-28T14:03:09+00:00\" \/>\n<meta name=\"twitter:card\" content=\"summary_large_image\" \/>\n<meta name=\"twitter:site\" content=\"@ZenkitHQ\" \/>\n<meta name=\"twitter:label1\" content=\"Gesch\u00e4tzte Lesezeit\" \/>\n\t<meta name=\"twitter:data1\" content=\"3\u00a0Minuten\" \/>\n<script type=\"application\/ld+json\" class=\"yoast-schema-graph\">{\"@context\":\"https:\\\/\\\/schema.org\",\"@graph\":[{\"@type\":\"WebPage\",\"@id\":\"https:\\\/\\\/zenkit.com\\\/de\\\/pressemappe\\\/zenforms-press-release\\\/\",\"url\":\"https:\\\/\\\/zenkit.com\\\/de\\\/pressemappe\\\/zenforms-press-release\\\/\",\"name\":\"Zenforms Press Release | Zenkit\",\"isPartOf\":{\"@id\":\"https:\\\/\\\/zenkit.com\\\/de\\\/#website\"},\"datePublished\":\"2022-04-08T13:16:06+00:00\",\"dateModified\":\"2025-01-28T14:03:09+00:00\",\"breadcrumb\":{\"@id\":\"https:\\\/\\\/zenkit.com\\\/de\\\/pressemappe\\\/zenforms-press-release\\\/#breadcrumb\"},\"inLanguage\":\"de\",\"potentialAction\":[{\"@type\":\"ReadAction\",\"target\":[\"https:\\\/\\\/zenkit.com\\\/de\\\/pressemappe\\\/zenforms-press-release\\\/\"]}]},{\"@type\":\"BreadcrumbList\",\"@id\":\"https:\\\/\\\/zenkit.com\\\/de\\\/pressemappe\\\/zenforms-press-release\\\/#breadcrumb\",\"itemListElement\":[{\"@type\":\"ListItem\",\"position\":1,\"name\":\"Home\",\"item\":\"https:\\\/\\\/zenkit.com\\\/de\\\/\"},{\"@type\":\"ListItem\",\"position\":2,\"name\":\"Pressemappe\",\"item\":\"https:\\\/\\\/zenkit.com\\\/de\\\/pressemappe\\\/\"},{\"@type\":\"ListItem\",\"position\":3,\"name\":\"Zenforms Press Release\"}]},{\"@type\":\"WebSite\",\"@id\":\"https:\\\/\\\/zenkit.com\\\/de\\\/#website\",\"url\":\"https:\\\/\\\/zenkit.com\\\/de\\\/\",\"name\":\"Zenkit\",\"description\":\"Zenkit Tagline\",\"potentialAction\":[{\"@type\":\"SearchAction\",\"target\":{\"@type\":\"EntryPoint\",\"urlTemplate\":\"https:\\\/\\\/zenkit.com\\\/de\\\/?s={search_term_string}\"},\"query-input\":{\"@type\":\"PropertyValueSpecification\",\"valueRequired\":true,\"valueName\":\"search_term_string\"}}],\"inLanguage\":\"de\"},false]}<\/script>\n<!-- \/ Yoast SEO plugin. -->","yoast_head_json":{"title":"Zenforms Press Release | Zenkit","robots":{"index":"index","follow":"follow","max-snippet":"max-snippet:-1","max-image-preview":"max-image-preview:large","max-video-preview":"max-video-preview:-1"},"canonical":"https:\/\/zenkit.com\/de\/pressemappe\/zenforms-press-release\/","og_locale":"de_DE","og_type":"article","og_title":"Zenforms Press Release | Zenkit","og_description":"Zenkit ver\u00f6ffentlicht datenschutzkonforme Webformular-App Zenforms Die deutsche DSGVO-konforme Formulare-App, erm\u00f6glicht es Daten einfach und ohne Programmierkenntnisse direkt in eine eigene Datenbank einzuarbeiten. 03. M\u00e4rz 2022 \u2013 Karlsruhe, Deutschland Das Zenkit Team, Macher der preisgekr\u00f6nten Projektmanagementl\u00f6sung Zenkit, ver\u00f6ffentlicht Zenforms, eine Formular-App, die \u00fcber generische Webformulare hinaus die M\u00f6glichkeit der Sammlung komplexer Daten liefert. Zenforms wird am [&hellip;]","og_url":"https:\/\/zenkit.com\/de\/pressemappe\/zenforms-press-release\/","og_site_name":"Zenkit","article_publisher":"https:\/\/www.facebook.com\/ZenkitHQ","article_modified_time":"2025-01-28T14:03:09+00:00","twitter_card":"summary_large_image","twitter_site":"@ZenkitHQ","twitter_misc":{"Gesch\u00e4tzte Lesezeit":"3\u00a0Minuten"},"schema":{"@context":"https:\/\/schema.org","@graph":[{"@type":"WebPage","@id":"https:\/\/zenkit.com\/de\/pressemappe\/zenforms-press-release\/","url":"https:\/\/zenkit.com\/de\/pressemappe\/zenforms-press-release\/","name":"Zenforms Press Release | Zenkit","isPartOf":{"@id":"https:\/\/zenkit.com\/de\/#website"},"datePublished":"2022-04-08T13:16:06+00:00","dateModified":"2025-01-28T14:03:09+00:00","breadcrumb":{"@id":"https:\/\/zenkit.com\/de\/pressemappe\/zenforms-press-release\/#breadcrumb"},"inLanguage":"de","potentialAction":[{"@type":"ReadAction","target":["https:\/\/zenkit.com\/de\/pressemappe\/zenforms-press-release\/"]}]},{"@type":"BreadcrumbList","@id":"https:\/\/zenkit.com\/de\/pressemappe\/zenforms-press-release\/#breadcrumb","itemListElement":[{"@type":"ListItem","position":1,"name":"Home","item":"https:\/\/zenkit.com\/de\/"},{"@type":"ListItem","position":2,"name":"Pressemappe","item":"https:\/\/zenkit.com\/de\/pressemappe\/"},{"@type":"ListItem","position":3,"name":"Zenforms Press Release"}]},{"@type":"WebSite","@id":"https:\/\/zenkit.com\/de\/#website","url":"https:\/\/zenkit.com\/de\/","name":"Zenkit","description":"Zenkit Tagline","potentialAction":[{"@type":"SearchAction","target":{"@type":"EntryPoint","urlTemplate":"https:\/\/zenkit.com\/de\/?s={search_term_string}"},"query-input":{"@type":"PropertyValueSpecification","valueRequired":true,"valueName":"search_term_string"}}],"inLanguage":"de"},false]}},"yasr_visitor_votes":{"stars_attributes":{"read_only":false,"span_bottom":false},"number_of_votes":0,"sum_votes":0},"_links":{"self":[{"href":"https:\/\/zenkit.com\/de\/wp-json\/wp\/v2\/pages\/72912","targetHints":{"allow":["GET"]}}],"collection":[{"href":"https:\/\/zenkit.com\/de\/wp-json\/wp\/v2\/pages"}],"about":[{"href":"https:\/\/zenkit.com\/de\/wp-json\/wp\/v2\/types\/page"}],"author":[{"embeddable":true,"href":"https:\/\/zenkit.com\/de\/wp-json\/wp\/v2\/users\/28"}],"replies":[{"embeddable":true,"href":"https:\/\/zenkit.com\/de\/wp-json\/wp\/v2\/comments?post=72912"}],"version-history":[{"count":25,"href":"https:\/\/zenkit.com\/de\/wp-json\/wp\/v2\/pages\/72912\/revisions"}],"predecessor-version":[{"id":110846,"href":"https:\/\/zenkit.com\/de\/wp-json\/wp\/v2\/pages\/72912\/revisions\/110846"}],"up":[{"embeddable":true,"href":"https:\/\/zenkit.com\/de\/wp-json\/wp\/v2\/pages\/61675"}],"wp:attachment":[{"href":"https:\/\/zenkit.com\/de\/wp-json\/wp\/v2\/media?parent=72912"}],"curies":[{"name":"wp","href":"https:\/\/api.w.org\/{rel}","templated":true}]}}