{"id":78729,"date":"2018-07-07T02:43:46","date_gmt":"2018-07-07T00:43:46","guid":{"rendered":"https:\/\/zenkit.com\/pressemappe\/zenkit-launches-major-list-and-collaboration-updates-to-take-on-industry-leaders\/"},"modified":"2025-12-14T23:36:43","modified_gmt":"2025-12-14T22:36:43","slug":"zenkit-fuehrt-wichtige-updates-fuer-listen-und-zusammenarbeit-ein-um-es-mit-den-branchenfuehrern-aufzunehmen","status":"publish","type":"page","link":"https:\/\/zenkit.com\/de\/pressemappe\/zenkit-fuehrt-wichtige-updates-fuer-listen-und-zusammenarbeit-ein-um-es-mit-den-branchenfuehrern-aufzunehmen\/","title":{"rendered":"Zenkit f\u00fchrt wichtige Updates f\u00fcr Listen und Zusammenarbeit ein, um es mit den Branchenf\u00fchrern aufzunehmen"},"content":{"rendered":"\n<div class=\"wp-block-group has-global-padding is-layout-constrained wp-block-group-is-layout-constrained\">\n<div class=\"wp-block-group width--950 has-global-padding is-layout-constrained wp-block-group-is-layout-constrained\">\n<div style=\"height:45px;--tablet-height:45px;--mobile-height:16px\" class=\"wp-block-lookeen-blocks-responsive-spacer\"><\/div>\n\n\n\n<div class=\"wp-block-group has-global-padding is-layout-constrained wp-block-group-is-layout-constrained\">\n<h1 class=\"wp-block-heading has-text-align-center\" style=\"margin-bottom:8px\">Zenkit f\u00fchrt wichtige Updates f\u00fcr Listen und Zusammenarbeit ein, um es mit den Branchenf\u00fchrern aufzunehmen<\/h1>\n<\/div>\n\n\n\n<div class=\"wp-block-group has-global-padding is-layout-constrained wp-block-group-is-layout-constrained\">\n<p class=\"has-text-align-center subheading\">Wunderlist-\u00e4hnliche Funktionen sind ab heute f\u00fcr alle Benutzer verf\u00fcgbar<\/p>\n<\/div>\n\n\n\n<div style=\"height:48px;--tablet-height:36px;--mobile-height:24px\" class=\"wp-block-lookeen-blocks-responsive-spacer\"><\/div>\n\n\n\n<div class=\"wp-block-group has-global-padding is-layout-constrained wp-block-group-is-layout-constrained\">\n<p class=\"has-text-align-center press__headline has-text-color has-link-color wp-elements-3cb93ea7ca75daf9fbc8d7c420ad6ba3\" style=\"color:#939393;font-size:24px;font-style:normal;font-weight:700;line-height:1.5\">Donnerstag, 12. Oktober 2017 \u2013 Karlsruhe, Deutschland<\/p>\n<\/div>\n<\/div>\n\n\n\n<div style=\"height:88px;--tablet-height:72px;--mobile-height:40px\" class=\"wp-block-lookeen-blocks-responsive-spacer\"><\/div>\n<\/div>\n\n\n\n<div class=\"wp-block-group has-global-padding is-layout-constrained wp-block-group-is-layout-constrained\">\n<div class=\"wp-block-columns is-layout-flex wp-container-core-columns-is-layout-b8d659ec wp-block-columns-is-layout-flex\">\n<div class=\"wp-block-column is-layout-flow wp-block-column-is-layout-flow\">\n<p class=\"has-da-grey-2-color has-text-color has-link-color wp-elements-db42c9d1d642679087aaa859634f60a5\">Der deutsche Softwarehersteller Axonic ver\u00e4ndert die Art und Weise, wie Online-Projektmanagementl\u00f6sungen entwickelt werden. Mit seinem neuesten Tool Zenkit ist das Unternehmen seinem \u00fcbergeordneten Ziel, die erste wirklich flexible Projektmanagement-Plattform zu schaffen, einen gro\u00dfen Schritt n\u00e4her gekommen.<\/p>\n\n\n\n<p>Neu in der Zenkit-Familie sind die angepassten Versionen der bekanntesten Projektmanagement-L\u00f6sungen: Trello und Wunderlist. Trello hat Workflows im Kanban-Stil f\u00fcr das Online-Projektmanagement popul\u00e4r gemacht. Zenkit hat Kanban bereits in die Anwendung integriert. Funktionen wie Favoriten und durchgestrichene Aufgaben wurden von Wunderlist popul\u00e4r gemacht, einer ebenfalls in Deutschland entwickelten App zur Erstellung von Listen. Wunderlist wurde im Jahr 2012 von Microsoft \u00fcbernommen. Laut techcrunch.com hat Microsoft erkl\u00e4rt, dass Wunderlist bald in den Ruhestand versetzt und durch eine Alternative namens \u201eToDo\u201c ersetzt werden soll. Mit dieser Version wird Zenkit beide Funktionen von Kanban und Liste in einem einzigen Tool vereinen. Dies wird Zenkit helfen, seine Benutzerbasis noch weiter zu erweitern und gleichzeitig den Kanban-Board- und Aufgabenlisten-Enthusiasten eine vollst\u00e4ndig anpassbare L\u00f6sung mit der M\u00f6glichkeit zu bieten, zus\u00e4tzliche Funktionen zu nutzen.<\/p>\n\n\n\n<p class=\"has-da-grey-2-color has-text-color has-link-color wp-elements-6ccb2bbdedc04dee1cd20129bfc91b18\">Das Update beinhaltet die Funktion \u201eMeine Favoriten\u201c, die es dem Nutzer erm\u00f6glicht, Items in seinem Profil zu markieren, um sie an einem bestimmten Ort zu sehen. \u201eMeine Teams\u201c bietet dem Nutzer einen neuen Ort, an dem er alle Items, die seinem Profil zugewiesen sind, sehen kann, sowie eine M\u00f6glichkeit, Items anzuzeigen und Teammitgliedern zuzuweisen. Das selbsterkl\u00e4rende Add-on \u201eAufgabenmanagement\u201c erm\u00f6glicht es den Nutzern, auf einfache Weise Aufgabenlisten zu erstellen, zu bearbeiten und zu teilen. Au\u00dferdem k\u00f6nnen Nutzer ihre Listen jetzt direkt aus ihrem Wunderlist-Konto importieren.<\/p>\n<\/div>\n\n\n\n<div class=\"wp-block-column is-layout-flow wp-block-column-is-layout-flow\">\n<p class=\"has-da-grey-1-color has-text-color has-link-color wp-elements-53b25f8da74ef31301cbef0c76fca784\">Martin Welker, Gr\u00fcnder und CEO von Axonic, ist sich sicher, dass die Nutzer sowohl von Listen-Apps als auch von traditionellen Kanban-Apps profitieren werden. \u201eUnternehmen haben eine riesige Auswahl an Tools zur Verf\u00fcgung. Alle auf dem Markt verf\u00fcgbaren Tools haben sehr unterschiedliche und spezifische Funktionen. Wir sind der Meinung, dass man gerade im Bereich des Projektmanagements die M\u00f6glichkeit haben sollte, selbst zu entscheiden, welche Funktion f\u00fcr die aktuelle Situation und den Arbeitsablauf am besten geeignet ist. Die Benutzer sollten in der Lage sein, bei Bedarf zwischen diesen Funktionen zu wechseln, ohne st\u00e4ndig zwischen den Software-Tools wechseln zu m\u00fcssen. Mit Zenkit wollen wir dem Benutzer diese Flexibilit\u00e4t bieten, um Kreativit\u00e4t und Anpassungsf\u00e4higkeit zu f\u00f6rdern.\u201c<\/p>\n\n\n\n<p class=\"has-da-grey-1-color has-text-color has-link-color wp-elements-441e0aee9777c0ee9e9fa15e04ec50ae\">\u201eAls Microsoft sagte, dass sie Wunderlist einstellen w\u00fcrden, beschlossen wir, diese Funktionen auch in Zenkit zu integrieren. Ich bin sehr begeistert, wie es geworden ist. Zum ersten Mal k\u00f6nnen die Benutzer zwischen Listen und Kanban-Boards wechseln, ohne dass Informationen verloren gehen. Jetzt k\u00f6nnen wir endlich alle miteinander auskommen.\u201c<br>Zenkit hat vor kurzem seine iOS-App ver\u00f6ffentlicht und plant die Ver\u00f6ffentlichung einer Android-App noch in diesem Jahr. Langfristig plant Axonic, die Vielfalt der in Zenkit verf\u00fcgbaren Funktionen zu erweitern, um Unternehmen die M\u00f6glichkeit zu geben, benutzerdefinierte Tools zu erstellen, mit denen sie ihr Unternehmen f\u00fchren k\u00f6nnen.<\/p>\n<\/div>\n<\/div>\n<\/div>\n\n\n\n<div style=\"height:45px;--tablet-height:45px;--mobile-height:16px\" class=\"wp-block-lookeen-blocks-responsive-spacer\"><\/div>\n\n\n\n<figure class=\"wp-block-image aligncenter size-large is-resized border-radius--20 overflow__hidden  box__shadow\"><img loading=\"lazy\" decoding=\"async\" width=\"1024\" height=\"538\" src=\"https:\/\/zenkit.com\/wp-content\/uploads\/2021\/01\/base-1024x538.jpg\" alt=\"\" class=\"wp-image-55221\" style=\"width:491px;height:auto\" srcset=\"https:\/\/zenkit.com\/wp-content\/uploads\/2021\/01\/base-1024x538.jpg 1024w, https:\/\/zenkit.com\/wp-content\/uploads\/2021\/01\/base-300x158.jpg 300w, https:\/\/zenkit.com\/wp-content\/uploads\/2021\/01\/base-768x403.jpg 768w, https:\/\/zenkit.com\/wp-content\/uploads\/2021\/01\/base.jpg 1200w\" sizes=\"auto, (max-width: 1024px) 100vw, 1024px\" \/><\/figure>\n\n\n\n<div style=\"height:88px;--tablet-height:72px;--mobile-height:40px\" class=\"wp-block-lookeen-blocks-responsive-spacer\"><\/div>\n\n\n\n<div class=\"wp-block-group has-global-padding is-layout-constrained wp-block-group-is-layout-constrained\">\n<div class=\"wp-block-group has-global-padding is-layout-constrained wp-container-core-group-is-layout-7cc94c3e wp-block-group-is-layout-constrained\">\n<h3 class=\"wp-block-heading has-text-align-center\" style=\"margin-bottom:8px;font-style:normal;font-weight:700\">Zus\u00e4tzliche Informationen:<\/h3>\n\n\n\n<p><a href=\"https:\/\/techcrunch.com\/2017\/04\/19\/microsoft-to-shut-down-wunderlist-in-favor-of-its-new-app-to-do\/\" target=\"_blank\" rel=\"noreferrer noopener\">https:\/\/techcrunch.com\/2017\/04\/19\/microsoft-to-shut-down-wunderlist-in-favor-of-its-new-app-to-do\/<\/a><\/p>\n\n\n\n<div style=\"height:88px;--tablet-height:72px;--mobile-height:40px\" class=\"wp-block-lookeen-blocks-responsive-spacer\"><\/div>\n\n\n\n<h3 class=\"wp-block-heading has-text-align-center\" style=\"margin-bottom:8px;font-style:normal;font-weight:700\">\u00dcber Zenkit<\/h3>\n\n\n\n<p class=\"has-text-align-center has-da-grey-2-color has-text-color has-link-color wp-elements-51008394a17e432959f0f10feacc9d2d\">Zenkit ist eine Plattform f\u00fcr Projektmanagement und Datenbankerstellung, die von der Axonic GmbH in Deutschland entwickelt wurde. Sie wurde im Oktober 2016 ver\u00f6ffentlicht.<\/p>\n\n\n\n<div style=\"height:88px;--tablet-height:72px;--mobile-height:40px\" class=\"wp-block-lookeen-blocks-responsive-spacer\"><\/div>\n\n\n\n<h3 class=\"wp-block-heading has-text-align-center\" style=\"margin-bottom:8px;font-style:normal;font-weight:700\">\u00dcber Axonic<\/h3>\n\n\n\n<p class=\"has-text-align-center has-da-grey-2-color has-text-color has-link-color wp-elements-ce06736039409cb2d67443cf82007c2c\">Die Axonic GmbH ist ein Softwarehersteller mit Schwerpunkt auf Informations-, Kommunikations- und Erkennungstechnologie. Das Unternehmen hat seinen Sitz in Karlsruhe und wurde 2003 von Martin Welker gegr\u00fcndet. Axonic entwickelt seit \u00fcber einem Jahrzehnt erfolgreich Software in den Bereichen K\u00fcnstliche Intelligenz sowie Wissens- und Informationsextraktion. Seit 2002 liegt der Schwerpunkt ihrer Arbeit auf dem Gebiet der \u201eCommunication Intelligence\u201c \u2013 der Analyse und Darstellung von Kommunikation. Axonic hat 6 Hauptprodukte ver\u00f6ffentlicht, die von mehr als 5.000.000 Menschen auf der ganzen Welt genutzt werden.<\/p>\n<\/div>\n<\/div>\n\n\n\n<div style=\"height:110px;--tablet-height:60px;--mobile-height:48px\" class=\"wp-block-lookeen-blocks-responsive-spacer\"><\/div>\n","protected":false},"excerpt":{"rendered":"<p>Zenkit f\u00fchrt wichtige Updates f\u00fcr Listen und Zusammenarbeit ein, um es mit den Branchenf\u00fchrern aufzunehmen Wunderlist-\u00e4hnliche Funktionen sind ab heute f\u00fcr alle Benutzer verf\u00fcgbar Donnerstag, 12. Oktober 2017 \u2013 Karlsruhe, Deutschland Der deutsche Softwarehersteller Axonic ver\u00e4ndert die Art und Weise, wie Online-Projektmanagementl\u00f6sungen entwickelt werden. Mit seinem neuesten Tool Zenkit ist das Unternehmen seinem \u00fcbergeordneten Ziel, [&hellip;]<\/p>\n","protected":false},"author":1,"featured_media":0,"parent":61675,"menu_order":0,"comment_status":"closed","ping_status":"closed","template":"","meta":{"yasr_overall_rating":0,"yasr_post_is_review":"","yasr_auto_insert_disabled":"","yasr_review_type":"","footnotes":""},"class_list":["post-78729","page","type-page","status-publish","hentry"],"yoast_head":"<!-- This site is optimized with the Yoast SEO plugin v27.3 - https:\/\/yoast.com\/product\/yoast-seo-wordpress\/ -->\n<title>Zenkit Takes on Industry Leaders with List &amp; Collaboration Updates | Zenkit<\/title>\n<meta name=\"description\" content=\"With Zenkit, Axonic has successfully made a big step towards its overall aim of creating the first truly flexible project management platform.\" \/>\n<meta name=\"robots\" content=\"index, follow, max-snippet:-1, max-image-preview:large, max-video-preview:-1\" \/>\n<link rel=\"canonical\" href=\"https:\/\/zenkit.com\/de\/pressemappe\/zenkit-fuehrt-wichtige-updates-fuer-listen-und-zusammenarbeit-ein-um-es-mit-den-branchenfuehrern-aufzunehmen\/\" \/>\n<meta property=\"og:locale\" content=\"de_DE\" \/>\n<meta property=\"og:type\" content=\"article\" \/>\n<meta property=\"og:title\" content=\"Zenkit Takes on Industry Leaders with List &amp; Collaboration Updates | Zenkit\" \/>\n<meta property=\"og:description\" content=\"With Zenkit, Axonic has successfully made a big step towards its overall aim of creating the first truly flexible project management platform.\" \/>\n<meta property=\"og:url\" content=\"https:\/\/zenkit.com\/de\/pressemappe\/zenkit-fuehrt-wichtige-updates-fuer-listen-und-zusammenarbeit-ein-um-es-mit-den-branchenfuehrern-aufzunehmen\/\" \/>\n<meta property=\"og:site_name\" content=\"Zenkit\" \/>\n<meta property=\"article:publisher\" content=\"https:\/\/www.facebook.com\/ZenkitHQ\" \/>\n<meta property=\"article:modified_time\" content=\"2025-12-14T22:36:43+00:00\" \/>\n<meta property=\"og:image\" content=\"https:\/\/zenkit.com\/wp-content\/uploads\/2021\/01\/base.jpg\" \/>\n\t<meta property=\"og:image:width\" content=\"1200\" \/>\n\t<meta property=\"og:image:height\" content=\"630\" \/>\n\t<meta property=\"og:image:type\" content=\"image\/jpeg\" \/>\n<meta name=\"twitter:card\" content=\"summary_large_image\" \/>\n<meta name=\"twitter:site\" content=\"@ZenkitHQ\" \/>\n<meta name=\"twitter:label1\" content=\"Gesch\u00e4tzte Lesezeit\" \/>\n\t<meta name=\"twitter:data1\" content=\"26\u00a0Minuten\" \/>\n<script type=\"application\/ld+json\" class=\"yoast-schema-graph\">{\"@context\":\"https:\\\/\\\/schema.org\",\"@graph\":[{\"@type\":\"WebPage\",\"@id\":\"https:\\\/\\\/zenkit.com\\\/de\\\/pressemappe\\\/zenkit-fuehrt-wichtige-updates-fuer-listen-und-zusammenarbeit-ein-um-es-mit-den-branchenfuehrern-aufzunehmen\\\/\",\"url\":\"https:\\\/\\\/zenkit.com\\\/de\\\/pressemappe\\\/zenkit-fuehrt-wichtige-updates-fuer-listen-und-zusammenarbeit-ein-um-es-mit-den-branchenfuehrern-aufzunehmen\\\/\",\"name\":\"Zenkit Takes on Industry Leaders with List & Collaboration Updates | Zenkit\",\"isPartOf\":{\"@id\":\"https:\\\/\\\/zenkit.com\\\/de\\\/#website\"},\"primaryImageOfPage\":{\"@id\":\"https:\\\/\\\/zenkit.com\\\/de\\\/pressemappe\\\/zenkit-fuehrt-wichtige-updates-fuer-listen-und-zusammenarbeit-ein-um-es-mit-den-branchenfuehrern-aufzunehmen\\\/#primaryimage\"},\"image\":{\"@id\":\"https:\\\/\\\/zenkit.com\\\/de\\\/pressemappe\\\/zenkit-fuehrt-wichtige-updates-fuer-listen-und-zusammenarbeit-ein-um-es-mit-den-branchenfuehrern-aufzunehmen\\\/#primaryimage\"},\"thumbnailUrl\":\"https:\\\/\\\/zenkit.com\\\/wp-content\\\/uploads\\\/2021\\\/01\\\/base-1024x538.jpg\",\"datePublished\":\"2018-07-07T00:43:46+00:00\",\"dateModified\":\"2025-12-14T22:36:43+00:00\",\"description\":\"With Zenkit, Axonic has successfully made a big step towards its overall aim of creating the first truly flexible project management platform.\",\"breadcrumb\":{\"@id\":\"https:\\\/\\\/zenkit.com\\\/de\\\/pressemappe\\\/zenkit-fuehrt-wichtige-updates-fuer-listen-und-zusammenarbeit-ein-um-es-mit-den-branchenfuehrern-aufzunehmen\\\/#breadcrumb\"},\"inLanguage\":\"de\",\"potentialAction\":[{\"@type\":\"ReadAction\",\"target\":[\"https:\\\/\\\/zenkit.com\\\/de\\\/pressemappe\\\/zenkit-fuehrt-wichtige-updates-fuer-listen-und-zusammenarbeit-ein-um-es-mit-den-branchenfuehrern-aufzunehmen\\\/\"]}]},{\"@type\":\"ImageObject\",\"inLanguage\":\"de\",\"@id\":\"https:\\\/\\\/zenkit.com\\\/de\\\/pressemappe\\\/zenkit-fuehrt-wichtige-updates-fuer-listen-und-zusammenarbeit-ein-um-es-mit-den-branchenfuehrern-aufzunehmen\\\/#primaryimage\",\"url\":\"https:\\\/\\\/zenkit.com\\\/wp-content\\\/uploads\\\/2021\\\/01\\\/base-1024x538.jpg\",\"contentUrl\":\"https:\\\/\\\/zenkit.com\\\/wp-content\\\/uploads\\\/2021\\\/01\\\/base-1024x538.jpg\"},{\"@type\":\"BreadcrumbList\",\"@id\":\"https:\\\/\\\/zenkit.com\\\/de\\\/pressemappe\\\/zenkit-fuehrt-wichtige-updates-fuer-listen-und-zusammenarbeit-ein-um-es-mit-den-branchenfuehrern-aufzunehmen\\\/#breadcrumb\",\"itemListElement\":[{\"@type\":\"ListItem\",\"position\":1,\"name\":\"Home\",\"item\":\"https:\\\/\\\/zenkit.com\\\/de\\\/\"},{\"@type\":\"ListItem\",\"position\":2,\"name\":\"Pressemappe\",\"item\":\"https:\\\/\\\/zenkit.com\\\/de\\\/pressemappe\\\/\"},{\"@type\":\"ListItem\",\"position\":3,\"name\":\"Zenkit f\u00fchrt wichtige Updates f\u00fcr Listen und Zusammenarbeit ein, um es mit den Branchenf\u00fchrern aufzunehmen\"}]},{\"@type\":\"WebSite\",\"@id\":\"https:\\\/\\\/zenkit.com\\\/de\\\/#website\",\"url\":\"https:\\\/\\\/zenkit.com\\\/de\\\/\",\"name\":\"Zenkit\",\"description\":\"Zenkit Tagline\",\"potentialAction\":[{\"@type\":\"SearchAction\",\"target\":{\"@type\":\"EntryPoint\",\"urlTemplate\":\"https:\\\/\\\/zenkit.com\\\/de\\\/?s={search_term_string}\"},\"query-input\":{\"@type\":\"PropertyValueSpecification\",\"valueRequired\":true,\"valueName\":\"search_term_string\"}}],\"inLanguage\":\"de\"},false]}<\/script>\n<!-- \/ Yoast SEO plugin. -->","yoast_head_json":{"title":"Zenkit Takes on Industry Leaders with List & Collaboration Updates | Zenkit","description":"With Zenkit, Axonic has successfully made a big step towards its overall aim of creating the first truly flexible project management platform.","robots":{"index":"index","follow":"follow","max-snippet":"max-snippet:-1","max-image-preview":"max-image-preview:large","max-video-preview":"max-video-preview:-1"},"canonical":"https:\/\/zenkit.com\/de\/pressemappe\/zenkit-fuehrt-wichtige-updates-fuer-listen-und-zusammenarbeit-ein-um-es-mit-den-branchenfuehrern-aufzunehmen\/","og_locale":"de_DE","og_type":"article","og_title":"Zenkit Takes on Industry Leaders with List & Collaboration Updates | Zenkit","og_description":"With Zenkit, Axonic has successfully made a big step towards its overall aim of creating the first truly flexible project management platform.","og_url":"https:\/\/zenkit.com\/de\/pressemappe\/zenkit-fuehrt-wichtige-updates-fuer-listen-und-zusammenarbeit-ein-um-es-mit-den-branchenfuehrern-aufzunehmen\/","og_site_name":"Zenkit","article_publisher":"https:\/\/www.facebook.com\/ZenkitHQ","article_modified_time":"2025-12-14T22:36:43+00:00","og_image":[{"width":1200,"height":630,"url":"https:\/\/zenkit.com\/wp-content\/uploads\/2021\/01\/base.jpg","type":"image\/jpeg"}],"twitter_card":"summary_large_image","twitter_site":"@ZenkitHQ","twitter_misc":{"Gesch\u00e4tzte Lesezeit":"26\u00a0Minuten"},"schema":{"@context":"https:\/\/schema.org","@graph":[{"@type":"WebPage","@id":"https:\/\/zenkit.com\/de\/pressemappe\/zenkit-fuehrt-wichtige-updates-fuer-listen-und-zusammenarbeit-ein-um-es-mit-den-branchenfuehrern-aufzunehmen\/","url":"https:\/\/zenkit.com\/de\/pressemappe\/zenkit-fuehrt-wichtige-updates-fuer-listen-und-zusammenarbeit-ein-um-es-mit-den-branchenfuehrern-aufzunehmen\/","name":"Zenkit Takes on Industry Leaders with List & Collaboration Updates | Zenkit","isPartOf":{"@id":"https:\/\/zenkit.com\/de\/#website"},"primaryImageOfPage":{"@id":"https:\/\/zenkit.com\/de\/pressemappe\/zenkit-fuehrt-wichtige-updates-fuer-listen-und-zusammenarbeit-ein-um-es-mit-den-branchenfuehrern-aufzunehmen\/#primaryimage"},"image":{"@id":"https:\/\/zenkit.com\/de\/pressemappe\/zenkit-fuehrt-wichtige-updates-fuer-listen-und-zusammenarbeit-ein-um-es-mit-den-branchenfuehrern-aufzunehmen\/#primaryimage"},"thumbnailUrl":"https:\/\/zenkit.com\/wp-content\/uploads\/2021\/01\/base-1024x538.jpg","datePublished":"2018-07-07T00:43:46+00:00","dateModified":"2025-12-14T22:36:43+00:00","description":"With Zenkit, Axonic has successfully made a big step towards its overall aim of creating the first truly flexible project management platform.","breadcrumb":{"@id":"https:\/\/zenkit.com\/de\/pressemappe\/zenkit-fuehrt-wichtige-updates-fuer-listen-und-zusammenarbeit-ein-um-es-mit-den-branchenfuehrern-aufzunehmen\/#breadcrumb"},"inLanguage":"de","potentialAction":[{"@type":"ReadAction","target":["https:\/\/zenkit.com\/de\/pressemappe\/zenkit-fuehrt-wichtige-updates-fuer-listen-und-zusammenarbeit-ein-um-es-mit-den-branchenfuehrern-aufzunehmen\/"]}]},{"@type":"ImageObject","inLanguage":"de","@id":"https:\/\/zenkit.com\/de\/pressemappe\/zenkit-fuehrt-wichtige-updates-fuer-listen-und-zusammenarbeit-ein-um-es-mit-den-branchenfuehrern-aufzunehmen\/#primaryimage","url":"https:\/\/zenkit.com\/wp-content\/uploads\/2021\/01\/base-1024x538.jpg","contentUrl":"https:\/\/zenkit.com\/wp-content\/uploads\/2021\/01\/base-1024x538.jpg"},{"@type":"BreadcrumbList","@id":"https:\/\/zenkit.com\/de\/pressemappe\/zenkit-fuehrt-wichtige-updates-fuer-listen-und-zusammenarbeit-ein-um-es-mit-den-branchenfuehrern-aufzunehmen\/#breadcrumb","itemListElement":[{"@type":"ListItem","position":1,"name":"Home","item":"https:\/\/zenkit.com\/de\/"},{"@type":"ListItem","position":2,"name":"Pressemappe","item":"https:\/\/zenkit.com\/de\/pressemappe\/"},{"@type":"ListItem","position":3,"name":"Zenkit f\u00fchrt wichtige Updates f\u00fcr Listen und Zusammenarbeit ein, um es mit den Branchenf\u00fchrern aufzunehmen"}]},{"@type":"WebSite","@id":"https:\/\/zenkit.com\/de\/#website","url":"https:\/\/zenkit.com\/de\/","name":"Zenkit","description":"Zenkit Tagline","potentialAction":[{"@type":"SearchAction","target":{"@type":"EntryPoint","urlTemplate":"https:\/\/zenkit.com\/de\/?s={search_term_string}"},"query-input":{"@type":"PropertyValueSpecification","valueRequired":true,"valueName":"search_term_string"}}],"inLanguage":"de"},false]}},"yasr_visitor_votes":{"stars_attributes":{"read_only":false,"span_bottom":false},"number_of_votes":0,"sum_votes":0},"_links":{"self":[{"href":"https:\/\/zenkit.com\/de\/wp-json\/wp\/v2\/pages\/78729","targetHints":{"allow":["GET"]}}],"collection":[{"href":"https:\/\/zenkit.com\/de\/wp-json\/wp\/v2\/pages"}],"about":[{"href":"https:\/\/zenkit.com\/de\/wp-json\/wp\/v2\/types\/page"}],"author":[{"embeddable":true,"href":"https:\/\/zenkit.com\/de\/wp-json\/wp\/v2\/users\/1"}],"replies":[{"embeddable":true,"href":"https:\/\/zenkit.com\/de\/wp-json\/wp\/v2\/comments?post=78729"}],"version-history":[{"count":7,"href":"https:\/\/zenkit.com\/de\/wp-json\/wp\/v2\/pages\/78729\/revisions"}],"predecessor-version":[{"id":175127,"href":"https:\/\/zenkit.com\/de\/wp-json\/wp\/v2\/pages\/78729\/revisions\/175127"}],"up":[{"embeddable":true,"href":"https:\/\/zenkit.com\/de\/wp-json\/wp\/v2\/pages\/61675"}],"wp:attachment":[{"href":"https:\/\/zenkit.com\/de\/wp-json\/wp\/v2\/media?parent=78729"}],"curies":[{"name":"wp","href":"https:\/\/api.w.org\/{rel}","templated":true}]}}