{"id":78871,"date":"2018-07-07T01:16:20","date_gmt":"2018-07-06T23:16:20","guid":{"rendered":"https:\/\/zenkit.com\/pressemappe\/zenkit-launches-android-with-offline-support\/"},"modified":"2025-09-03T07:33:31","modified_gmt":"2025-09-03T05:33:31","slug":"zenkit-fuehrt-android-mit-offline-unterstuetzung-ein","status":"publish","type":"page","link":"https:\/\/zenkit.com\/de\/pressemappe\/zenkit-fuehrt-android-mit-offline-unterstuetzung-ein\/","title":{"rendered":"Zenkit f\u00fchrt Android mit Offline-Unterst\u00fctzung ein"},"content":{"rendered":"\n<div class=\"wp-block-group has-global-padding is-layout-constrained wp-block-group-is-layout-constrained\">\n<div class=\"wp-block-group width--950 has-global-padding is-layout-constrained wp-block-group-is-layout-constrained\">\n<div style=\"height:45px;--tablet-height:45px;--mobile-height:16px\" class=\"wp-block-lookeen-blocks-responsive-spacer\"><\/div>\n\n\n\n<div class=\"wp-block-group has-global-padding is-layout-constrained wp-block-group-is-layout-constrained\">\n<h1 class=\"wp-block-heading has-text-align-center\" style=\"margin-bottom:8px\">Zenkit f\u00fchrt Android mit Offline-Unterst\u00fctzung ein<\/h1>\n<\/div>\n\n\n\n<div class=\"wp-block-group has-global-padding is-layout-constrained wp-block-group-is-layout-constrained\">\n<p class=\"has-text-align-center subheading\">Android-App ab heute f\u00fcr alle Nutzer verf\u00fcgbar<\/p>\n<\/div>\n\n\n\n<div style=\"height:48px;--tablet-height:36px;--mobile-height:24px\" class=\"wp-block-lookeen-blocks-responsive-spacer\"><\/div>\n\n\n\n<div class=\"wp-block-group has-global-padding is-layout-constrained wp-block-group-is-layout-constrained\">\n<p class=\"has-text-align-center press__headline has-text-color has-link-color wp-elements-5512f2b0de4266f63d8c4f4f14061d71\" style=\"color:#939393;font-size:24px;font-style:normal;font-weight:700;line-height:1.5\">Donnerstag, 30. November 2017 \u2013 Karlsruhe, Deutschland<\/p>\n<\/div>\n<\/div>\n\n\n\n<div style=\"height:88px;--tablet-height:72px;--mobile-height:40px\" class=\"wp-block-lookeen-blocks-responsive-spacer\"><\/div>\n<\/div>\n\n\n\n<div class=\"wp-block-group has-global-padding is-layout-constrained wp-block-group-is-layout-constrained\">\n<div class=\"wp-block-columns is-layout-flex wp-container-core-columns-is-layout-b8d659ec wp-block-columns-is-layout-flex\">\n<div class=\"wp-block-column is-layout-flow wp-block-column-is-layout-flow\">\n<p class=\"has-da-grey-2-color has-text-color has-link-color wp-elements-13da055497ad78b0702d3acb16860603\">Das deutsche Startup-Unternehmen Zenkit k\u00fcndigt heute die Ver\u00f6ffentlichung seiner Android-App an. Mit dem neuesten Update ist das Unternehmen seinem \u00fcbergeordneten Ziel, die erste wirklich flexible Projektmanagement-Plattform zu schaffen, einen gro\u00dfen Schritt n\u00e4her gekommen.<\/p>\n\n\n\n<p class=\"has-da-grey-2-color has-text-color has-link-color wp-elements-34734f436362321979052f970f415c3e\">Zenkit ist eine All-in-One-Projektmanagementsoftware, die den Benutzern verschiedene Ansichten ihrer Informationen erm\u00f6glicht. Egal, ob Sie einfach nur eine To-Do-Liste f\u00fcr die Erledigung t\u00e4glicher Aufgaben verwenden oder ein gro\u00dfes Projekt mit Ihrem Team verwalten wollen, Zenkit bietet die notwendigen Funktionen, um produktiv arbeiten zu k\u00f6nnen. Dank seiner flexiblen Benutzeroberfl\u00e4che l\u00e4sst sich Zenkit auch mit dem Projekt skalieren.<\/p>\n<\/div>\n\n\n\n<div class=\"wp-block-column is-layout-flow wp-block-column-is-layout-flow\">\n<p class=\"has-da-grey-1-color has-text-color has-link-color wp-elements-b816298c7790cada5b76abbb3a5d3f9d\">Sie k\u00f6nnen Zenkit jetzt \u00fcberall nutzen: am Schreibtisch, unterwegs und mit oder ohne Internetverbindung. Die Android-App ist nicht nur offline verf\u00fcgbar, sondern Android-Benutzer k\u00f6nnen jetzt die gesamte Bandbreite der Zenkit-Funktionen auch mobil nutzen. Die Android-App erf\u00fcllt ein Ziel, das das Zenkit-Team schon seit langem verfolgt: Zenkit \u2013 unbegrenzt, \u00fcberall und jederzeit verf\u00fcgbar.<\/p>\n\n\n\n<p>Zenkit hat vor kurzem auch seine iOS-App ver\u00f6ffentlicht, die bald aktualisiert wird, um die gleiche Funktionalit\u00e4t wie die Web- und Android-Apps zu bieten. Langfristig plant Zenkit, die Vielfalt der Unternehmensfunktionen zu erweitern, um Unternehmen die M\u00f6glichkeit zu geben, benutzerdefinierte Tools zu erstellen, mit denen sie ihr Unternehmen betreiben k\u00f6nnen.<\/p>\n<\/div>\n<\/div>\n<\/div>\n\n\n\n<div style=\"height:45px;--tablet-height:45px;--mobile-height:16px\" class=\"wp-block-lookeen-blocks-responsive-spacer\"><\/div>\n\n\n\n<figure class=\"wp-block-image aligncenter size-large is-resized border-radius--20 overflow__hidden  box__shadow\"><img loading=\"lazy\" decoding=\"async\" width=\"1024\" height=\"538\" src=\"https:\/\/zenkit.com\/wp-content\/uploads\/2021\/01\/base-1024x538.jpg\" alt=\"\" class=\"wp-image-55221\" style=\"width:491px;height:auto\" srcset=\"https:\/\/zenkit.com\/wp-content\/uploads\/2021\/01\/base-1024x538.jpg 1024w, https:\/\/zenkit.com\/wp-content\/uploads\/2021\/01\/base-300x158.jpg 300w, https:\/\/zenkit.com\/wp-content\/uploads\/2021\/01\/base-768x403.jpg 768w, https:\/\/zenkit.com\/wp-content\/uploads\/2021\/01\/base.jpg 1200w\" sizes=\"auto, (max-width: 1024px) 100vw, 1024px\" \/><\/figure>\n\n\n\n<div style=\"height:88px;--tablet-height:72px;--mobile-height:40px\" class=\"wp-block-lookeen-blocks-responsive-spacer\"><\/div>\n\n\n\n<div class=\"wp-block-group has-global-padding is-layout-constrained wp-block-group-is-layout-constrained\">\n<h2 class=\"wp-block-heading has-text-align-center\" style=\"margin-bottom:0px\">Hauptmerkmale der Zenkit Android App:<\/h2>\n\n\n\n<div style=\"height:48px;--tablet-height:36px;--mobile-height:24px\" class=\"wp-block-lookeen-blocks-responsive-spacer\"><\/div>\n\n\n\n<div class=\"wp-block-group has-global-padding is-layout-constrained wp-block-group-is-layout-constrained\">\n<div class=\"wp-block-columns is-layout-flex wp-container-core-columns-is-layout-28f84493 wp-block-columns-is-layout-flex\">\n<div class=\"wp-block-column is-layout-flow wp-block-column-is-layout-flow\">\n<ul class=\"wp-block-list list__with-checkmark-blue-and-underline\">\n<li><strong>Offline-Verf\u00fcgbarkeit.<\/strong>\u00a0Sowohl Lese- als auch Schreibfunktionen. Die App wird synchronisiert, wenn die Internetverbindung wiederhergestellt ist.<\/li>\n\n\n\n<li>M\u00f6glichkeit, neue Teams und Projekte zu erstellen.<\/li>\n<\/ul>\n<\/div>\n\n\n\n<div class=\"wp-block-column is-layout-flow wp-block-column-is-layout-flow\">\n<ul class=\"wp-block-list list__with-checkmark-blue-and-underline\">\n<li>Alle Funktionen der Zenkit-Web-App.<\/li>\n<\/ul>\n<\/div>\n<\/div>\n<\/div>\n\n\n\n<div style=\"height:88px;--tablet-height:72px;--mobile-height:40px\" class=\"wp-block-lookeen-blocks-responsive-spacer\"><\/div>\n\n\n\n<div class=\"wp-block-group has-global-padding is-layout-constrained wp-container-core-group-is-layout-7cc94c3e wp-block-group-is-layout-constrained\">\n<div class=\"wp-block-group has-background has-global-padding is-layout-constrained wp-container-core-group-is-layout-8412c99a wp-block-group-is-layout-constrained\" style=\"border-radius:20px;background-color:#efefef;margin-bottom:24px;padding-top:20px;padding-right:20px;padding-bottom:20px;padding-left:20px\">\n<p class=\"has-text-align-center has-da-grey-1-color has-text-color has-link-color wp-elements-2c39cb9e4869fae476502c80f4fc1651\" style=\"font-size:14px\"><strong>Martin Welker, Gr\u00fcnder und CEO von Zenkit.<\/strong>\u00a0\u201eUnser Ziel ist es, unseren Kunden zu helfen, in jeder Situation so produktiv wie m\u00f6glich zu sein. Wir wollen ihnen den Zugang zu ihren Informationen erm\u00f6glichen, egal mit welchem Ger\u00e4t sie arbeiten wollen. Mobile Ger\u00e4te sind ein wichtiger Bestandteil des heutigen Arbeitsplatzes und ein wichtiger Teil des produktiven Arbeitens \u2013 vor allem, wenn man unterwegs ist.\u201c<\/p>\n<\/div>\n\n\n\n<div style=\"height:88px;--tablet-height:72px;--mobile-height:40px\" class=\"wp-block-lookeen-blocks-responsive-spacer\"><\/div>\n\n\n\n<h3 class=\"wp-block-heading has-text-align-center\" style=\"margin-bottom:8px;font-style:normal;font-weight:700\">\u00dcber Zenkit<\/h3>\n\n\n\n<p class=\"has-text-align-center has-da-grey-2-color has-text-color has-link-color wp-elements-51008394a17e432959f0f10feacc9d2d\">Zenkit ist eine Plattform f\u00fcr Projektmanagement und Datenbankerstellung, die von der Axonic GmbH in Deutschland entwickelt wurde. Sie wurde im Oktober 2016 ver\u00f6ffentlicht.<\/p>\n<\/div>\n<\/div>\n\n\n\n<div style=\"height:110px;--tablet-height:60px;--mobile-height:48px\" class=\"wp-block-lookeen-blocks-responsive-spacer\"><\/div>\n","protected":false},"excerpt":{"rendered":"<p>Zenkit f\u00fchrt Android mit Offline-Unterst\u00fctzung ein Android-App ab heute f\u00fcr alle Nutzer verf\u00fcgbar Donnerstag, 30. November 2017 \u2013 Karlsruhe, Deutschland Das deutsche Startup-Unternehmen Zenkit k\u00fcndigt heute die Ver\u00f6ffentlichung seiner Android-App an. Mit dem neuesten Update ist das Unternehmen seinem \u00fcbergeordneten Ziel, die erste wirklich flexible Projektmanagement-Plattform zu schaffen, einen gro\u00dfen Schritt n\u00e4her gekommen. Zenkit ist [&hellip;]<\/p>\n","protected":false},"author":1,"featured_media":0,"parent":61675,"menu_order":12,"comment_status":"closed","ping_status":"closed","template":"","meta":{"yasr_overall_rating":0,"yasr_post_is_review":"","yasr_auto_insert_disabled":"","yasr_review_type":"","footnotes":""},"class_list":["post-78871","page","type-page","status-publish","hentry"],"yoast_head":"<!-- This site is optimized with the Yoast SEO plugin v27.4 - https:\/\/yoast.com\/product\/yoast-seo-wordpress\/ -->\n<title>Zenkit f\u00fchrt Android mit Offline-Unterst\u00fctzung ein | Zenkit<\/title>\n<meta name=\"description\" content=\"You can now use Zenkit everywhere: at your desk, on-the-go, and with or without an internet connection. Zenkit for Android is available offline.\" \/>\n<meta name=\"robots\" content=\"index, follow, max-snippet:-1, max-image-preview:large, max-video-preview:-1\" \/>\n<link rel=\"canonical\" href=\"https:\/\/zenkit.com\/de\/pressemappe\/zenkit-fuehrt-android-mit-offline-unterstuetzung-ein\/\" \/>\n<meta property=\"og:locale\" content=\"de_DE\" \/>\n<meta property=\"og:type\" content=\"article\" \/>\n<meta property=\"og:title\" content=\"Zenkit f\u00fchrt Android mit Offline-Unterst\u00fctzung ein | Zenkit\" \/>\n<meta property=\"og:description\" content=\"You can now use Zenkit everywhere: at your desk, on-the-go, and with or without an internet connection. Zenkit for Android is available offline.\" \/>\n<meta property=\"og:url\" content=\"https:\/\/zenkit.com\/de\/pressemappe\/zenkit-fuehrt-android-mit-offline-unterstuetzung-ein\/\" \/>\n<meta property=\"og:site_name\" content=\"Zenkit\" \/>\n<meta property=\"article:publisher\" content=\"https:\/\/www.facebook.com\/ZenkitHQ\" \/>\n<meta property=\"article:modified_time\" content=\"2025-09-03T05:33:31+00:00\" \/>\n<meta property=\"og:image\" content=\"https:\/\/zenkit.com\/wp-content\/uploads\/2021\/01\/base-1024x538.jpg\" \/>\n<meta name=\"twitter:card\" content=\"summary_large_image\" \/>\n<meta name=\"twitter:site\" content=\"@ZenkitHQ\" \/>\n<meta name=\"twitter:label1\" content=\"Gesch\u00e4tzte Lesezeit\" \/>\n\t<meta name=\"twitter:data1\" content=\"2\u00a0Minuten\" \/>\n<script type=\"application\/ld+json\" class=\"yoast-schema-graph\">{\"@context\":\"https:\\\/\\\/schema.org\",\"@graph\":[{\"@type\":\"WebPage\",\"@id\":\"https:\\\/\\\/zenkit.com\\\/de\\\/pressemappe\\\/zenkit-fuehrt-android-mit-offline-unterstuetzung-ein\\\/\",\"url\":\"https:\\\/\\\/zenkit.com\\\/de\\\/pressemappe\\\/zenkit-fuehrt-android-mit-offline-unterstuetzung-ein\\\/\",\"name\":\"Zenkit f\u00fchrt Android mit Offline-Unterst\u00fctzung ein | Zenkit\",\"isPartOf\":{\"@id\":\"https:\\\/\\\/zenkit.com\\\/de\\\/#website\"},\"primaryImageOfPage\":{\"@id\":\"https:\\\/\\\/zenkit.com\\\/de\\\/pressemappe\\\/zenkit-fuehrt-android-mit-offline-unterstuetzung-ein\\\/#primaryimage\"},\"image\":{\"@id\":\"https:\\\/\\\/zenkit.com\\\/de\\\/pressemappe\\\/zenkit-fuehrt-android-mit-offline-unterstuetzung-ein\\\/#primaryimage\"},\"thumbnailUrl\":\"https:\\\/\\\/zenkit.com\\\/wp-content\\\/uploads\\\/2021\\\/01\\\/base-1024x538.jpg\",\"datePublished\":\"2018-07-06T23:16:20+00:00\",\"dateModified\":\"2025-09-03T05:33:31+00:00\",\"description\":\"You can now use Zenkit everywhere: at your desk, on-the-go, and with or without an internet connection. Zenkit for Android is available offline.\",\"breadcrumb\":{\"@id\":\"https:\\\/\\\/zenkit.com\\\/de\\\/pressemappe\\\/zenkit-fuehrt-android-mit-offline-unterstuetzung-ein\\\/#breadcrumb\"},\"inLanguage\":\"de\",\"potentialAction\":[{\"@type\":\"ReadAction\",\"target\":[\"https:\\\/\\\/zenkit.com\\\/de\\\/pressemappe\\\/zenkit-fuehrt-android-mit-offline-unterstuetzung-ein\\\/\"]}]},{\"@type\":\"ImageObject\",\"inLanguage\":\"de\",\"@id\":\"https:\\\/\\\/zenkit.com\\\/de\\\/pressemappe\\\/zenkit-fuehrt-android-mit-offline-unterstuetzung-ein\\\/#primaryimage\",\"url\":\"https:\\\/\\\/zenkit.com\\\/wp-content\\\/uploads\\\/2021\\\/01\\\/base-1024x538.jpg\",\"contentUrl\":\"https:\\\/\\\/zenkit.com\\\/wp-content\\\/uploads\\\/2021\\\/01\\\/base-1024x538.jpg\"},{\"@type\":\"BreadcrumbList\",\"@id\":\"https:\\\/\\\/zenkit.com\\\/de\\\/pressemappe\\\/zenkit-fuehrt-android-mit-offline-unterstuetzung-ein\\\/#breadcrumb\",\"itemListElement\":[{\"@type\":\"ListItem\",\"position\":1,\"name\":\"Home\",\"item\":\"https:\\\/\\\/zenkit.com\\\/de\\\/\"},{\"@type\":\"ListItem\",\"position\":2,\"name\":\"Pressemappe\",\"item\":\"https:\\\/\\\/zenkit.com\\\/de\\\/pressemappe\\\/\"},{\"@type\":\"ListItem\",\"position\":3,\"name\":\"Zenkit f\u00fchrt Android mit Offline-Unterst\u00fctzung ein\"}]},{\"@type\":\"WebSite\",\"@id\":\"https:\\\/\\\/zenkit.com\\\/de\\\/#website\",\"url\":\"https:\\\/\\\/zenkit.com\\\/de\\\/\",\"name\":\"Zenkit\",\"description\":\"Zenkit Tagline\",\"potentialAction\":[{\"@type\":\"SearchAction\",\"target\":{\"@type\":\"EntryPoint\",\"urlTemplate\":\"https:\\\/\\\/zenkit.com\\\/de\\\/?s={search_term_string}\"},\"query-input\":{\"@type\":\"PropertyValueSpecification\",\"valueRequired\":true,\"valueName\":\"search_term_string\"}}],\"inLanguage\":\"de\"},false]}<\/script>\n<!-- \/ Yoast SEO plugin. -->","yoast_head_json":{"title":"Zenkit f\u00fchrt Android mit Offline-Unterst\u00fctzung ein | Zenkit","description":"You can now use Zenkit everywhere: at your desk, on-the-go, and with or without an internet connection. Zenkit for Android is available offline.","robots":{"index":"index","follow":"follow","max-snippet":"max-snippet:-1","max-image-preview":"max-image-preview:large","max-video-preview":"max-video-preview:-1"},"canonical":"https:\/\/zenkit.com\/de\/pressemappe\/zenkit-fuehrt-android-mit-offline-unterstuetzung-ein\/","og_locale":"de_DE","og_type":"article","og_title":"Zenkit f\u00fchrt Android mit Offline-Unterst\u00fctzung ein | Zenkit","og_description":"You can now use Zenkit everywhere: at your desk, on-the-go, and with or without an internet connection. Zenkit for Android is available offline.","og_url":"https:\/\/zenkit.com\/de\/pressemappe\/zenkit-fuehrt-android-mit-offline-unterstuetzung-ein\/","og_site_name":"Zenkit","article_publisher":"https:\/\/www.facebook.com\/ZenkitHQ","article_modified_time":"2025-09-03T05:33:31+00:00","og_image":[{"url":"https:\/\/zenkit.com\/wp-content\/uploads\/2021\/01\/base-1024x538.jpg","type":"","width":"","height":""}],"twitter_card":"summary_large_image","twitter_site":"@ZenkitHQ","twitter_misc":{"Gesch\u00e4tzte Lesezeit":"2\u00a0Minuten"},"schema":{"@context":"https:\/\/schema.org","@graph":[{"@type":"WebPage","@id":"https:\/\/zenkit.com\/de\/pressemappe\/zenkit-fuehrt-android-mit-offline-unterstuetzung-ein\/","url":"https:\/\/zenkit.com\/de\/pressemappe\/zenkit-fuehrt-android-mit-offline-unterstuetzung-ein\/","name":"Zenkit f\u00fchrt Android mit Offline-Unterst\u00fctzung ein | Zenkit","isPartOf":{"@id":"https:\/\/zenkit.com\/de\/#website"},"primaryImageOfPage":{"@id":"https:\/\/zenkit.com\/de\/pressemappe\/zenkit-fuehrt-android-mit-offline-unterstuetzung-ein\/#primaryimage"},"image":{"@id":"https:\/\/zenkit.com\/de\/pressemappe\/zenkit-fuehrt-android-mit-offline-unterstuetzung-ein\/#primaryimage"},"thumbnailUrl":"https:\/\/zenkit.com\/wp-content\/uploads\/2021\/01\/base-1024x538.jpg","datePublished":"2018-07-06T23:16:20+00:00","dateModified":"2025-09-03T05:33:31+00:00","description":"You can now use Zenkit everywhere: at your desk, on-the-go, and with or without an internet connection. Zenkit for Android is available offline.","breadcrumb":{"@id":"https:\/\/zenkit.com\/de\/pressemappe\/zenkit-fuehrt-android-mit-offline-unterstuetzung-ein\/#breadcrumb"},"inLanguage":"de","potentialAction":[{"@type":"ReadAction","target":["https:\/\/zenkit.com\/de\/pressemappe\/zenkit-fuehrt-android-mit-offline-unterstuetzung-ein\/"]}]},{"@type":"ImageObject","inLanguage":"de","@id":"https:\/\/zenkit.com\/de\/pressemappe\/zenkit-fuehrt-android-mit-offline-unterstuetzung-ein\/#primaryimage","url":"https:\/\/zenkit.com\/wp-content\/uploads\/2021\/01\/base-1024x538.jpg","contentUrl":"https:\/\/zenkit.com\/wp-content\/uploads\/2021\/01\/base-1024x538.jpg"},{"@type":"BreadcrumbList","@id":"https:\/\/zenkit.com\/de\/pressemappe\/zenkit-fuehrt-android-mit-offline-unterstuetzung-ein\/#breadcrumb","itemListElement":[{"@type":"ListItem","position":1,"name":"Home","item":"https:\/\/zenkit.com\/de\/"},{"@type":"ListItem","position":2,"name":"Pressemappe","item":"https:\/\/zenkit.com\/de\/pressemappe\/"},{"@type":"ListItem","position":3,"name":"Zenkit f\u00fchrt Android mit Offline-Unterst\u00fctzung ein"}]},{"@type":"WebSite","@id":"https:\/\/zenkit.com\/de\/#website","url":"https:\/\/zenkit.com\/de\/","name":"Zenkit","description":"Zenkit Tagline","potentialAction":[{"@type":"SearchAction","target":{"@type":"EntryPoint","urlTemplate":"https:\/\/zenkit.com\/de\/?s={search_term_string}"},"query-input":{"@type":"PropertyValueSpecification","valueRequired":true,"valueName":"search_term_string"}}],"inLanguage":"de"},false]}},"yasr_visitor_votes":{"stars_attributes":{"read_only":false,"span_bottom":false},"number_of_votes":0,"sum_votes":0},"_links":{"self":[{"href":"https:\/\/zenkit.com\/de\/wp-json\/wp\/v2\/pages\/78871","targetHints":{"allow":["GET"]}}],"collection":[{"href":"https:\/\/zenkit.com\/de\/wp-json\/wp\/v2\/pages"}],"about":[{"href":"https:\/\/zenkit.com\/de\/wp-json\/wp\/v2\/types\/page"}],"author":[{"embeddable":true,"href":"https:\/\/zenkit.com\/de\/wp-json\/wp\/v2\/users\/1"}],"replies":[{"embeddable":true,"href":"https:\/\/zenkit.com\/de\/wp-json\/wp\/v2\/comments?post=78871"}],"version-history":[{"count":6,"href":"https:\/\/zenkit.com\/de\/wp-json\/wp\/v2\/pages\/78871\/revisions"}],"predecessor-version":[{"id":133677,"href":"https:\/\/zenkit.com\/de\/wp-json\/wp\/v2\/pages\/78871\/revisions\/133677"}],"up":[{"embeddable":true,"href":"https:\/\/zenkit.com\/de\/wp-json\/wp\/v2\/pages\/61675"}],"wp:attachment":[{"href":"https:\/\/zenkit.com\/de\/wp-json\/wp\/v2\/media?parent=78871"}],"curies":[{"name":"wp","href":"https:\/\/api.w.org\/{rel}","templated":true}]}}