{"id":78878,"date":"2018-07-07T01:32:00","date_gmt":"2018-07-06T23:32:00","guid":{"rendered":"https:\/\/zenkit.com\/pressemappe\/zenkit-now-available-as-a-snap-for-linux-users\/"},"modified":"2025-12-14T23:51:32","modified_gmt":"2025-12-14T22:51:32","slug":"zenkit-jetzt-als-snap-fuer-linux-nutzer-verfuegbar","status":"publish","type":"page","link":"https:\/\/zenkit.com\/de\/pressemappe\/zenkit-jetzt-als-snap-fuer-linux-nutzer-verfuegbar\/","title":{"rendered":"Zenkit jetzt als Snap f\u00fcr Linux Nutzer verf\u00fcgbar"},"content":{"rendered":"\n<div class=\"wp-block-group has-global-padding is-layout-constrained wp-block-group-is-layout-constrained\">\n<div class=\"wp-block-group width--950 has-global-padding is-layout-constrained wp-block-group-is-layout-constrained\">\n<div style=\"height:45px;--tablet-height:45px;--mobile-height:16px\" class=\"wp-block-lookeen-blocks-responsive-spacer\"><\/div>\n\n\n\n<div class=\"wp-block-group has-global-padding is-layout-constrained wp-block-group-is-layout-constrained\">\n<h1 class=\"wp-block-heading has-text-align-center\" style=\"margin-bottom:8px\">Zenkit jetzt als Snap f\u00fcr Linux Nutzer verf\u00fcgbar<\/h1>\n<\/div>\n\n\n\n<div class=\"wp-block-group has-global-padding is-layout-constrained wp-block-group-is-layout-constrained\">\n<p class=\"has-text-align-center subheading\">Das universelle Linux-App-Paketformat von Canonical erm\u00f6glicht es Linux-Benutzern, die beliebte Projektmanagement-Software mit einem einfachen Klick zu installieren<\/p>\n<\/div>\n\n\n\n<div style=\"height:48px;--tablet-height:36px;--mobile-height:24px\" class=\"wp-block-lookeen-blocks-responsive-spacer\"><\/div>\n\n\n\n<div class=\"wp-block-group has-global-padding is-layout-constrained wp-block-group-is-layout-constrained\">\n<p class=\"has-text-align-center press__headline has-text-color has-link-color wp-elements-b4755ff76b2efcb044fcd006189fd772\" style=\"color:#939393;font-size:24px;font-style:normal;font-weight:700;line-height:1.5\">8. Mai 2018 \u2013 Karlsruhe, Deutschland<\/p>\n<\/div>\n<\/div>\n\n\n\n<div style=\"height:88px;--tablet-height:72px;--mobile-height:40px\" class=\"wp-block-lookeen-blocks-responsive-spacer\"><\/div>\n<\/div>\n\n\n\n<div class=\"wp-block-group has-global-padding is-layout-constrained wp-block-group-is-layout-constrained\">\n<div class=\"wp-block-columns is-layout-flex wp-container-core-columns-is-layout-b8d659ec wp-block-columns-is-layout-flex\">\n<div class=\"wp-block-column is-layout-flow wp-block-column-is-layout-flow\">\n<p class=\"has-da-grey-2-color has-text-color has-link-color wp-elements-2190ec8dc3b35ef54f83e039ff8b4b0e\">Heute ist&nbsp;<a href=\"https:\/\/zenkit.com\/\">Zenkit<\/a>, eine der innovativsten webbasierten Projektmanagement-L\u00f6sungen, als Snap verf\u00fcgbar. Snap ist das universelle Linux-App-Packaging-Format von&nbsp;<a href=\"https:\/\/www.canonical.com\/\" target=\"_blank\" rel=\"noreferrer noopener\">Canonica<\/a>, dem Unternehmen hinter&nbsp;<a href=\"https:\/\/www.ubuntu.com\/\" target=\"_blank\" rel=\"noreferrer noopener\">Ubuntu<\/a>.<\/p>\n\n\n\n<p>Zenkit ist eine All-in-One-Projektmanagementsoftware, die den Benutzern verschiedene Ansichten ihrer Informationen erm\u00f6glicht. Egal, ob sie einfach eine Aufgabenliste f\u00fcr die Erledigung t\u00e4glicher Aufgaben verwenden oder ein gro\u00dfes Projekt mit ihrem Team verwalten m\u00f6chten, Zenkit bietet die notwendigen Funktionen, um produktiv zu arbeiten. Dank seiner flexiblen Schnittstelle l\u00e4sst sich Zenkit auch mit jedem Projekt skalieren.<\/p>\n\n\n\n<p class=\"has-da-grey-2-color has-text-color has-link-color wp-elements-4fadd8c2390a951a687288d70fa1bb30\">Die Ver\u00f6ffentlichung bedeutet, dass Zenkit seinen Projektmanagement-Service einem breiteren Spektrum von Linux-Nutzern zur Verf\u00fcgung stellen kann, einschlie\u00dflich derjenigen, die Linux Mint, Manjaro, Debian, OpenSUSE und Solus sowie die Millionen von Nutzern von Ubuntu verwenden. Seit seinem Start Ende 2016 hat Zenkit das Ziel, plattform- und ger\u00e4teunabh\u00e4ngig zu werden. Snap ist ein weiterer Schritt in Richtung dieses Ziels.<\/p>\n<\/div>\n\n\n\n<div class=\"wp-block-column is-layout-flow wp-block-column-is-layout-flow\">\n<p class=\"has-da-grey-1-color has-text-color has-link-color wp-elements-b7ad38f25db872a02f7d80e977cbcfc1\">\u201eWir freuen uns, dass Zenkit seine Projektmanagement-L\u00f6sung in das Snap-\u00d6kosystem einbringt und Linux-Nutzern die gleiche Bedeutung beimisst wie den Nutzern anderer Betriebssysteme. Wir sehen eine immer vielf\u00e4ltigere Menge an Snaps im Store. Zenkit ist das j\u00fcngste Beispiel f\u00fcr Produktivit\u00e4t und erweitert somit die Auswahl an Apps f\u00fcr Linux-Nutzer\u201c, sagt Jamie Bennett, VP of Engineering, IoT and Devices bei Canonical.<\/p>\n\n\n\n<p><a href=\"https:\/\/snapcraft.io\/\" target=\"_blank\" rel=\"noreferrer noopener\">Snaps<\/a>&nbsp;sind containerisierte Softwarepakete, die so konzipiert sind, dass sie in jeder Linux-Umgebung perfekt und sicher funktionieren. Snaps unterst\u00fctzen nicht nur alle wichtigen Linux-Systeme mit einem einzigen Build, sondern k\u00f6nnen auch automatisch aktualisiert oder zur\u00fcckgesetzt werden, damit die Nutzer immer von der neuesten Version der Anwendung profitieren. Seit seiner Einf\u00fchrung im Jahr 2016 wurden Tausende von Snaps von Entwicklern ver\u00f6ffentlicht, die das Format aufgrund seiner Zuverl\u00e4ssigkeit und Sicherheit angenommen haben.<\/p>\n\n\n\n<p class=\"has-da-grey-1-color has-text-color has-link-color wp-elements-7d7cfac6400296af8c3bdd3b9884d07d\">Zenkit steht als Snap zum Download bereit, indem Sie&nbsp;<a href=\"https:\/\/snapcraft.io\/store\" target=\"_blank\" rel=\"noreferrer noopener\">hier<\/a>&nbsp;klicken.<\/p>\n<\/div>\n<\/div>\n<\/div>\n\n\n\n<div style=\"height:45px;--tablet-height:45px;--mobile-height:16px\" class=\"wp-block-lookeen-blocks-responsive-spacer\"><\/div>\n\n\n\n<figure class=\"wp-block-image aligncenter size-large is-resized border-radius--20 overflow__hidden  box__shadow\"><img loading=\"lazy\" decoding=\"async\" width=\"1024\" height=\"538\" src=\"https:\/\/zenkit.com\/wp-content\/uploads\/2021\/01\/base-1024x538.jpg\" alt=\"\" class=\"wp-image-55221\" style=\"width:491px;height:auto\" srcset=\"https:\/\/zenkit.com\/wp-content\/uploads\/2021\/01\/base-1024x538.jpg 1024w, https:\/\/zenkit.com\/wp-content\/uploads\/2021\/01\/base-300x158.jpg 300w, https:\/\/zenkit.com\/wp-content\/uploads\/2021\/01\/base-768x403.jpg 768w, https:\/\/zenkit.com\/wp-content\/uploads\/2021\/01\/base.jpg 1200w\" sizes=\"auto, (max-width: 1024px) 100vw, 1024px\" \/><\/figure>\n\n\n\n<div style=\"height:88px;--tablet-height:72px;--mobile-height:40px\" class=\"wp-block-lookeen-blocks-responsive-spacer\"><\/div>\n\n\n\n<div class=\"wp-block-group has-global-padding is-layout-constrained wp-block-group-is-layout-constrained\">\n<div class=\"wp-block-group has-background has-global-padding is-layout-constrained wp-container-core-group-is-layout-8412c99a wp-block-group-is-layout-constrained\" style=\"border-radius:20px;background-color:#efefef;margin-bottom:24px;padding-top:20px;padding-right:20px;padding-bottom:20px;padding-left:20px\">\n<p class=\"has-da-grey-1-color has-text-color has-link-color wp-elements-1085a3cf1cecab8de7cb43b57fdb4fd9\" style=\"font-size:14px\"><strong>Peter Oehler, COO bei Zenkit, sagt:<\/strong>&nbsp;\u201eLinux-Benutzer sind leidenschaftliche Zenkit-Nutzer und wir wollten sie so gut wie m\u00f6glich unterst\u00fctzen. Sie sind ein wesentlicher Bestandteil der Zenkit-Community. Die Vereinfachung von Arbeitsabl\u00e4ufen ist das, was Zenkit am besten kann, und dieser Snap wird den Anwendern helfen, die neueste Version unserer Software zu nutzen, ohne ihnen mehr Arbeit zu machen.\u201c<\/p>\n<\/div>\n<\/div>\n\n\n\n<div style=\"height:88px;--tablet-height:72px;--mobile-height:40px\" class=\"wp-block-lookeen-blocks-responsive-spacer\"><\/div>\n\n\n\n<div class=\"wp-block-group has-global-padding is-layout-constrained wp-block-group-is-layout-constrained\">\n<div class=\"wp-block-group has-global-padding is-layout-constrained wp-container-core-group-is-layout-7cc94c3e wp-block-group-is-layout-constrained\">\n<h3 class=\"wp-block-heading has-text-align-center\" style=\"margin-bottom:8px;font-style:normal;font-weight:700\">\u00dcber Zenkit<\/h3>\n\n\n\n<p class=\"has-text-align-center has-da-grey-2-color has-text-color has-link-color wp-elements-51008394a17e432959f0f10feacc9d2d\">Zenkit ist eine Plattform f\u00fcr Projektmanagement und Datenbankerstellung, die von der Axonic GmbH in Deutschland entwickelt wurde. Sie wurde im Oktober 2016 ver\u00f6ffentlicht.<\/p>\n\n\n\n<div style=\"height:88px;--tablet-height:72px;--mobile-height:40px\" class=\"wp-block-lookeen-blocks-responsive-spacer\"><\/div>\n\n\n\n<h3 class=\"wp-block-heading has-text-align-center\" style=\"margin-bottom:8px;font-style:normal;font-weight:700\">\u00dcber Axonic<\/h3>\n\n\n\n<p class=\"has-text-align-center has-da-grey-2-color has-text-color has-link-color wp-elements-ce06736039409cb2d67443cf82007c2c\">Die Axonic GmbH ist ein Softwarehersteller mit Schwerpunkt auf Informations-, Kommunikations- und Erkennungstechnologie. Das Unternehmen hat seinen Sitz in Karlsruhe und wurde 2003 von Martin Welker gegr\u00fcndet. Axonic entwickelt seit \u00fcber einem Jahrzehnt erfolgreich Software in den Bereichen K\u00fcnstliche Intelligenz sowie Wissens- und Informationsextraktion. Seit 2002 liegt der Schwerpunkt ihrer Arbeit auf dem Gebiet der \u201eCommunication Intelligence\u201c \u2013 der Analyse und Darstellung von Kommunikation. Axonic hat 6 Hauptprodukte ver\u00f6ffentlicht, die von mehr als 5.000.000 Menschen auf der ganzen Welt genutzt werden.<\/p>\n<\/div>\n<\/div>\n\n\n\n<div style=\"height:110px;--tablet-height:60px;--mobile-height:48px\" class=\"wp-block-lookeen-blocks-responsive-spacer\"><\/div>\n","protected":false},"excerpt":{"rendered":"<p>Zenkit jetzt als Snap f\u00fcr Linux Nutzer verf\u00fcgbar Das universelle Linux-App-Paketformat von Canonical erm\u00f6glicht es Linux-Benutzern, die beliebte Projektmanagement-Software mit einem einfachen Klick zu installieren 8. Mai 2018 \u2013 Karlsruhe, Deutschland Heute ist&nbsp;Zenkit, eine der innovativsten webbasierten Projektmanagement-L\u00f6sungen, als Snap verf\u00fcgbar. Snap ist das universelle Linux-App-Packaging-Format von&nbsp;Canonica, dem Unternehmen hinter&nbsp;Ubuntu. Zenkit ist eine All-in-One-Projektmanagementsoftware, die [&hellip;]<\/p>\n","protected":false},"author":1,"featured_media":0,"parent":61675,"menu_order":10,"comment_status":"closed","ping_status":"closed","template":"","meta":{"yasr_overall_rating":0,"yasr_post_is_review":"","yasr_auto_insert_disabled":"","yasr_review_type":"","footnotes":""},"class_list":["post-78878","page","type-page","status-publish","hentry"],"yoast_head":"<!-- This site is optimized with the Yoast SEO plugin v27.4 - https:\/\/yoast.com\/product\/yoast-seo-wordpress\/ -->\n<title>Zenkit jetzt als Snap f\u00fcr Linux Nutzer verf\u00fcgbar | Zenkit<\/title>\n<meta name=\"description\" content=\"Zenkit is now available as a snap, the universal Linux app packaging format created by Canonical, the company behind Ubuntu.\" \/>\n<meta name=\"robots\" content=\"index, follow, max-snippet:-1, max-image-preview:large, max-video-preview:-1\" \/>\n<link rel=\"canonical\" href=\"https:\/\/zenkit.com\/de\/pressemappe\/zenkit-jetzt-als-snap-fuer-linux-nutzer-verfuegbar\/\" \/>\n<meta property=\"og:locale\" content=\"de_DE\" \/>\n<meta property=\"og:type\" content=\"article\" \/>\n<meta property=\"og:title\" content=\"Zenkit jetzt als Snap f\u00fcr Linux Nutzer verf\u00fcgbar | Zenkit\" \/>\n<meta property=\"og:description\" content=\"Zenkit is now available as a snap, the universal Linux app packaging format created by Canonical, the company behind Ubuntu.\" \/>\n<meta property=\"og:url\" content=\"https:\/\/zenkit.com\/de\/pressemappe\/zenkit-jetzt-als-snap-fuer-linux-nutzer-verfuegbar\/\" \/>\n<meta property=\"og:site_name\" content=\"Zenkit\" \/>\n<meta property=\"article:publisher\" content=\"https:\/\/www.facebook.com\/ZenkitHQ\" \/>\n<meta property=\"article:modified_time\" content=\"2025-12-14T22:51:32+00:00\" \/>\n<meta property=\"og:image\" content=\"https:\/\/zenkit.com\/wp-content\/uploads\/2021\/01\/base.jpg\" \/>\n\t<meta property=\"og:image:width\" content=\"1200\" \/>\n\t<meta property=\"og:image:height\" content=\"630\" \/>\n\t<meta property=\"og:image:type\" content=\"image\/jpeg\" \/>\n<meta name=\"twitter:card\" content=\"summary_large_image\" \/>\n<meta name=\"twitter:site\" content=\"@ZenkitHQ\" \/>\n<meta name=\"twitter:label1\" content=\"Gesch\u00e4tzte Lesezeit\" \/>\n\t<meta name=\"twitter:data1\" content=\"21\u00a0Minuten\" \/>\n<script type=\"application\/ld+json\" class=\"yoast-schema-graph\">{\"@context\":\"https:\\\/\\\/schema.org\",\"@graph\":[{\"@type\":\"WebPage\",\"@id\":\"https:\\\/\\\/zenkit.com\\\/de\\\/pressemappe\\\/zenkit-jetzt-als-snap-fuer-linux-nutzer-verfuegbar\\\/\",\"url\":\"https:\\\/\\\/zenkit.com\\\/de\\\/pressemappe\\\/zenkit-jetzt-als-snap-fuer-linux-nutzer-verfuegbar\\\/\",\"name\":\"Zenkit jetzt als Snap f\u00fcr Linux Nutzer verf\u00fcgbar | Zenkit\",\"isPartOf\":{\"@id\":\"https:\\\/\\\/zenkit.com\\\/de\\\/#website\"},\"primaryImageOfPage\":{\"@id\":\"https:\\\/\\\/zenkit.com\\\/de\\\/pressemappe\\\/zenkit-jetzt-als-snap-fuer-linux-nutzer-verfuegbar\\\/#primaryimage\"},\"image\":{\"@id\":\"https:\\\/\\\/zenkit.com\\\/de\\\/pressemappe\\\/zenkit-jetzt-als-snap-fuer-linux-nutzer-verfuegbar\\\/#primaryimage\"},\"thumbnailUrl\":\"https:\\\/\\\/zenkit.com\\\/wp-content\\\/uploads\\\/2021\\\/01\\\/base-1024x538.jpg\",\"datePublished\":\"2018-07-06T23:32:00+00:00\",\"dateModified\":\"2025-12-14T22:51:32+00:00\",\"description\":\"Zenkit is now available as a snap, the universal Linux app packaging format created by Canonical, the company behind Ubuntu.\",\"breadcrumb\":{\"@id\":\"https:\\\/\\\/zenkit.com\\\/de\\\/pressemappe\\\/zenkit-jetzt-als-snap-fuer-linux-nutzer-verfuegbar\\\/#breadcrumb\"},\"inLanguage\":\"de\",\"potentialAction\":[{\"@type\":\"ReadAction\",\"target\":[\"https:\\\/\\\/zenkit.com\\\/de\\\/pressemappe\\\/zenkit-jetzt-als-snap-fuer-linux-nutzer-verfuegbar\\\/\"]}]},{\"@type\":\"ImageObject\",\"inLanguage\":\"de\",\"@id\":\"https:\\\/\\\/zenkit.com\\\/de\\\/pressemappe\\\/zenkit-jetzt-als-snap-fuer-linux-nutzer-verfuegbar\\\/#primaryimage\",\"url\":\"https:\\\/\\\/zenkit.com\\\/wp-content\\\/uploads\\\/2021\\\/01\\\/base-1024x538.jpg\",\"contentUrl\":\"https:\\\/\\\/zenkit.com\\\/wp-content\\\/uploads\\\/2021\\\/01\\\/base-1024x538.jpg\"},{\"@type\":\"BreadcrumbList\",\"@id\":\"https:\\\/\\\/zenkit.com\\\/de\\\/pressemappe\\\/zenkit-jetzt-als-snap-fuer-linux-nutzer-verfuegbar\\\/#breadcrumb\",\"itemListElement\":[{\"@type\":\"ListItem\",\"position\":1,\"name\":\"Home\",\"item\":\"https:\\\/\\\/zenkit.com\\\/de\\\/\"},{\"@type\":\"ListItem\",\"position\":2,\"name\":\"Pressemappe\",\"item\":\"https:\\\/\\\/zenkit.com\\\/de\\\/pressemappe\\\/\"},{\"@type\":\"ListItem\",\"position\":3,\"name\":\"Zenkit jetzt als Snap f\u00fcr Linux Nutzer verf\u00fcgbar\"}]},{\"@type\":\"WebSite\",\"@id\":\"https:\\\/\\\/zenkit.com\\\/de\\\/#website\",\"url\":\"https:\\\/\\\/zenkit.com\\\/de\\\/\",\"name\":\"Zenkit\",\"description\":\"Zenkit Tagline\",\"potentialAction\":[{\"@type\":\"SearchAction\",\"target\":{\"@type\":\"EntryPoint\",\"urlTemplate\":\"https:\\\/\\\/zenkit.com\\\/de\\\/?s={search_term_string}\"},\"query-input\":{\"@type\":\"PropertyValueSpecification\",\"valueRequired\":true,\"valueName\":\"search_term_string\"}}],\"inLanguage\":\"de\"},false]}<\/script>\n<!-- \/ Yoast SEO plugin. -->","yoast_head_json":{"title":"Zenkit jetzt als Snap f\u00fcr Linux Nutzer verf\u00fcgbar | Zenkit","description":"Zenkit is now available as a snap, the universal Linux app packaging format created by Canonical, the company behind Ubuntu.","robots":{"index":"index","follow":"follow","max-snippet":"max-snippet:-1","max-image-preview":"max-image-preview:large","max-video-preview":"max-video-preview:-1"},"canonical":"https:\/\/zenkit.com\/de\/pressemappe\/zenkit-jetzt-als-snap-fuer-linux-nutzer-verfuegbar\/","og_locale":"de_DE","og_type":"article","og_title":"Zenkit jetzt als Snap f\u00fcr Linux Nutzer verf\u00fcgbar | Zenkit","og_description":"Zenkit is now available as a snap, the universal Linux app packaging format created by Canonical, the company behind Ubuntu.","og_url":"https:\/\/zenkit.com\/de\/pressemappe\/zenkit-jetzt-als-snap-fuer-linux-nutzer-verfuegbar\/","og_site_name":"Zenkit","article_publisher":"https:\/\/www.facebook.com\/ZenkitHQ","article_modified_time":"2025-12-14T22:51:32+00:00","og_image":[{"width":1200,"height":630,"url":"https:\/\/zenkit.com\/wp-content\/uploads\/2021\/01\/base.jpg","type":"image\/jpeg"}],"twitter_card":"summary_large_image","twitter_site":"@ZenkitHQ","twitter_misc":{"Gesch\u00e4tzte Lesezeit":"21\u00a0Minuten"},"schema":{"@context":"https:\/\/schema.org","@graph":[{"@type":"WebPage","@id":"https:\/\/zenkit.com\/de\/pressemappe\/zenkit-jetzt-als-snap-fuer-linux-nutzer-verfuegbar\/","url":"https:\/\/zenkit.com\/de\/pressemappe\/zenkit-jetzt-als-snap-fuer-linux-nutzer-verfuegbar\/","name":"Zenkit jetzt als Snap f\u00fcr Linux Nutzer verf\u00fcgbar | Zenkit","isPartOf":{"@id":"https:\/\/zenkit.com\/de\/#website"},"primaryImageOfPage":{"@id":"https:\/\/zenkit.com\/de\/pressemappe\/zenkit-jetzt-als-snap-fuer-linux-nutzer-verfuegbar\/#primaryimage"},"image":{"@id":"https:\/\/zenkit.com\/de\/pressemappe\/zenkit-jetzt-als-snap-fuer-linux-nutzer-verfuegbar\/#primaryimage"},"thumbnailUrl":"https:\/\/zenkit.com\/wp-content\/uploads\/2021\/01\/base-1024x538.jpg","datePublished":"2018-07-06T23:32:00+00:00","dateModified":"2025-12-14T22:51:32+00:00","description":"Zenkit is now available as a snap, the universal Linux app packaging format created by Canonical, the company behind Ubuntu.","breadcrumb":{"@id":"https:\/\/zenkit.com\/de\/pressemappe\/zenkit-jetzt-als-snap-fuer-linux-nutzer-verfuegbar\/#breadcrumb"},"inLanguage":"de","potentialAction":[{"@type":"ReadAction","target":["https:\/\/zenkit.com\/de\/pressemappe\/zenkit-jetzt-als-snap-fuer-linux-nutzer-verfuegbar\/"]}]},{"@type":"ImageObject","inLanguage":"de","@id":"https:\/\/zenkit.com\/de\/pressemappe\/zenkit-jetzt-als-snap-fuer-linux-nutzer-verfuegbar\/#primaryimage","url":"https:\/\/zenkit.com\/wp-content\/uploads\/2021\/01\/base-1024x538.jpg","contentUrl":"https:\/\/zenkit.com\/wp-content\/uploads\/2021\/01\/base-1024x538.jpg"},{"@type":"BreadcrumbList","@id":"https:\/\/zenkit.com\/de\/pressemappe\/zenkit-jetzt-als-snap-fuer-linux-nutzer-verfuegbar\/#breadcrumb","itemListElement":[{"@type":"ListItem","position":1,"name":"Home","item":"https:\/\/zenkit.com\/de\/"},{"@type":"ListItem","position":2,"name":"Pressemappe","item":"https:\/\/zenkit.com\/de\/pressemappe\/"},{"@type":"ListItem","position":3,"name":"Zenkit jetzt als Snap f\u00fcr Linux Nutzer verf\u00fcgbar"}]},{"@type":"WebSite","@id":"https:\/\/zenkit.com\/de\/#website","url":"https:\/\/zenkit.com\/de\/","name":"Zenkit","description":"Zenkit Tagline","potentialAction":[{"@type":"SearchAction","target":{"@type":"EntryPoint","urlTemplate":"https:\/\/zenkit.com\/de\/?s={search_term_string}"},"query-input":{"@type":"PropertyValueSpecification","valueRequired":true,"valueName":"search_term_string"}}],"inLanguage":"de"},false]}},"yasr_visitor_votes":{"stars_attributes":{"read_only":false,"span_bottom":false},"number_of_votes":0,"sum_votes":0},"_links":{"self":[{"href":"https:\/\/zenkit.com\/de\/wp-json\/wp\/v2\/pages\/78878","targetHints":{"allow":["GET"]}}],"collection":[{"href":"https:\/\/zenkit.com\/de\/wp-json\/wp\/v2\/pages"}],"about":[{"href":"https:\/\/zenkit.com\/de\/wp-json\/wp\/v2\/types\/page"}],"author":[{"embeddable":true,"href":"https:\/\/zenkit.com\/de\/wp-json\/wp\/v2\/users\/1"}],"replies":[{"embeddable":true,"href":"https:\/\/zenkit.com\/de\/wp-json\/wp\/v2\/comments?post=78878"}],"version-history":[{"count":7,"href":"https:\/\/zenkit.com\/de\/wp-json\/wp\/v2\/pages\/78878\/revisions"}],"predecessor-version":[{"id":175137,"href":"https:\/\/zenkit.com\/de\/wp-json\/wp\/v2\/pages\/78878\/revisions\/175137"}],"up":[{"embeddable":true,"href":"https:\/\/zenkit.com\/de\/wp-json\/wp\/v2\/pages\/61675"}],"wp:attachment":[{"href":"https:\/\/zenkit.com\/de\/wp-json\/wp\/v2\/media?parent=78878"}],"curies":[{"name":"wp","href":"https:\/\/api.w.org\/{rel}","templated":true}]}}