{"id":78884,"date":"2018-07-07T02:50:21","date_gmt":"2018-07-07T00:50:21","guid":{"rendered":"https:\/\/zenkit.com\/pressemappe\/zenkit-launches-its-service-in-8-new-languages\/"},"modified":"2025-09-16T15:16:50","modified_gmt":"2025-09-16T13:16:50","slug":"zenkit-fuehrt-seinen-dienst-in-8-neuen-sprachen-ein","status":"publish","type":"page","link":"https:\/\/zenkit.com\/de\/pressemappe\/zenkit-fuehrt-seinen-dienst-in-8-neuen-sprachen-ein\/","title":{"rendered":"Zenkit f\u00fchrt seinen Dienst in 8 neuen Sprachen ein"},"content":{"rendered":"\n<div class=\"wp-block-group has-global-padding is-layout-constrained wp-block-group-is-layout-constrained\">\n<div class=\"wp-block-group width--950 has-global-padding is-layout-constrained wp-block-group-is-layout-constrained\">\n<div style=\"height:45px;--tablet-height:45px;--mobile-height:16px\" class=\"wp-block-lookeen-blocks-responsive-spacer\"><\/div>\n\n\n\n<div class=\"wp-block-group has-global-padding is-layout-constrained wp-block-group-is-layout-constrained\">\n<h1 class=\"wp-block-heading has-text-align-center\" style=\"margin-bottom:8px\">Zenkit f\u00fchrt seinen Dienst in 8 neuen Sprachen ein<\/h1>\n<\/div>\n\n\n\n<div class=\"wp-block-group has-global-padding is-layout-constrained wp-block-group-is-layout-constrained\">\n<p class=\"has-text-align-center subheading\">Projektmanagement-Startup kommt seiner globalen Community mit einer Spracherweiterung entgegen<\/p>\n<\/div>\n\n\n\n<div style=\"height:48px;--tablet-height:36px;--mobile-height:24px\" class=\"wp-block-lookeen-blocks-responsive-spacer\"><\/div>\n\n\n\n<div class=\"wp-block-group has-global-padding is-layout-constrained wp-block-group-is-layout-constrained\">\n<p class=\"has-text-align-center press__headline has-text-color has-link-color wp-elements-8e3fd968344c717c503edfc03285e3e7\" style=\"color:#939393;font-size:24px;font-style:normal;font-weight:700;line-height:1.5\">Donnerstag, 28. Juni 2018 \u2013 Karlsruhe, Deutschland<\/p>\n<\/div>\n<\/div>\n\n\n\n<div style=\"height:88px;--tablet-height:72px;--mobile-height:40px\" class=\"wp-block-lookeen-blocks-responsive-spacer\"><\/div>\n<\/div>\n\n\n\n<div class=\"wp-block-group has-global-padding is-layout-constrained wp-block-group-is-layout-constrained\">\n<div class=\"wp-block-columns is-layout-flex wp-container-core-columns-is-layout-b8d659ec wp-block-columns-is-layout-flex\">\n<div class=\"wp-block-column is-layout-flow wp-block-column-is-layout-flow\">\n<p class=\"has-da-grey-2-color has-text-color has-link-color wp-elements-ad7d24395f5e0b0e51ffacfff387c9c2\">Das deutsche Startup-Unternehmen Zenkit bringt die Plattform seinen Nutzern n\u00e4her, indem es seine Dienste in acht neuen Sprachen anbietet und plant, in den kommenden Monaten f\u00fcnf weitere zu ver\u00f6ffentlichen.<\/p>\n\n\n\n<p class=\"has-da-grey-2-color has-text-color has-link-color wp-elements-6775f176feedcae0a114fa13ac81232f\">Aufgrund der starken Nachfrage der Benutzer nach lokalen Sprachen hat das Team von Zenkit fast ein Jahr lang an dieser Version gearbeitet. Ein Team von fast 30 \u00dcbersetzern und Redakteuren hat daran gearbeitet, dass sich Benutzer aus aller Welt bei der Arbeit mit Zenkit wohlf\u00fchlen.<\/p>\n<\/div>\n\n\n\n<div class=\"wp-block-column is-layout-flow wp-block-column-is-layout-flow\">\n<p class=\"has-da-grey-1-color has-text-color has-link-color wp-elements-e6e618b798dac87a62b504acc247d03b\">Zenkit hat vor kurzem den Snap f\u00fcr Linux ver\u00f6ffentlicht und plant, noch in diesem Jahr weitere Funktionen wie E-Mail-to-Collection, wiederkehrende Aufgaben und Gantt-Diagramme zu ver\u00f6ffentlichen. Langfristig plant Zenkit, die Vielfalt der in Zenkit verf\u00fcgbaren Unternehmensfunktionen zu erweitern, um Unternehmen die M\u00f6glichkeit zu geben, benutzerdefinierte Tools f\u00fcr den Betrieb ihres Unternehmens zu erstellen.<\/p>\n\n\n\n<p class=\"has-da-grey-1-color has-text-color has-link-color wp-elements-bf9aa0ec171990a2aa50088b0e6037f5\">In dieser Version sind folgende Sprachen verf\u00fcgbar: Deutsch, Spanisch, Italienisch, Portugiesisch, Russisch, Franz\u00f6sisch, Koreanisch und traditionelles Chinesisch.<br>Demn\u00e4chst: Hindi, Niederl\u00e4ndisch, Japanisch, Thai und Vereinfachtes Chinesisch.<\/p>\n<\/div>\n<\/div>\n<\/div>\n\n\n\n<div style=\"height:45px;--tablet-height:45px;--mobile-height:16px\" class=\"wp-block-lookeen-blocks-responsive-spacer\"><\/div>\n\n\n\n<figure class=\"wp-block-image aligncenter size-large is-resized border-radius--20 overflow__hidden  box__shadow\"><img loading=\"lazy\" decoding=\"async\" width=\"1024\" height=\"538\" src=\"https:\/\/zenkit.com\/wp-content\/uploads\/2021\/01\/base-1024x538.jpg\" alt=\"\" class=\"wp-image-55221\" style=\"width:491px;height:auto\" srcset=\"https:\/\/zenkit.com\/wp-content\/uploads\/2021\/01\/base-1024x538.jpg 1024w, https:\/\/zenkit.com\/wp-content\/uploads\/2021\/01\/base-300x158.jpg 300w, https:\/\/zenkit.com\/wp-content\/uploads\/2021\/01\/base-768x403.jpg 768w, https:\/\/zenkit.com\/wp-content\/uploads\/2021\/01\/base.jpg 1200w\" sizes=\"auto, (max-width: 1024px) 100vw, 1024px\" \/><\/figure>\n\n\n\n<div style=\"height:88px;--tablet-height:72px;--mobile-height:40px\" class=\"wp-block-lookeen-blocks-responsive-spacer\"><\/div>\n\n\n\n<div class=\"wp-block-group has-global-padding is-layout-constrained wp-block-group-is-layout-constrained\">\n<div class=\"wp-block-group has-global-padding is-layout-constrained wp-container-core-group-is-layout-7cc94c3e wp-block-group-is-layout-constrained\">\n<div class=\"wp-block-group has-background has-global-padding is-layout-constrained wp-container-core-group-is-layout-8412c99a wp-block-group-is-layout-constrained\" style=\"border-radius:20px;background-color:#efefef;margin-bottom:24px;padding-top:20px;padding-right:20px;padding-bottom:20px;padding-left:20px\">\n<p class=\"has-da-grey-1-color has-text-color has-link-color wp-elements-af2f73a0dd06b3380a76e74b9d4898eb\" style=\"font-size:14px\"><strong>Martin Welker, Gr\u00fcnder und CEO von Zenkit<\/strong>, ist vom Nutzen f\u00fcr die Nutzer \u00fcberzeugt. \u201eUnser Ziel war es von Anfang an, dass Zenkit das Zuhause f\u00fcr Ihre Daten ist. Unser eigenes Team ist sehr vielf\u00e4ltig, und wir haben eine wachsende internationale Nutzerbasis, so dass es f\u00fcr uns ein nat\u00fcrlicher Schritt ist, Zenkit in den Muttersprachen unserer Nutzer anzubieten.<\/p>\n\n\n\n<p class=\"has-da-grey-1-color has-text-color has-link-color wp-elements-8fb52c388518c0672e6e1b15fe7b2d99\" style=\"font-size:14px\">\u201eWir haben Zenkit zun\u00e4chst auf Englisch ver\u00f6ffentlicht, da dies eine Sprache ist, die viele Menschen auf der ganzen Welt verstehen und mit der sie arbeiten k\u00f6nnen. Es ist jedoch viel einfacher, in der eigenen Sprache produktiv zu arbeiten, weshalb wir uns entschlossen haben, Zenkit bereits in einem so fr\u00fchen Stadium zu lokalisieren. Dies war auch ein Schmerzpunkt f\u00fcr viele unserer deutschen Nutzer, die (zu Recht) darauf hinwiesen, dass ein Unternehmen mit Sitz in Deutschland die deutsche Sprache unterst\u00fctzen sollte! Wir sind froh, dass wir ihnen nun endlich entgegenkommen k\u00f6nnen.\u201c<\/p>\n<\/div>\n\n\n\n<div style=\"height:88px;--tablet-height:72px;--mobile-height:40px\" class=\"wp-block-lookeen-blocks-responsive-spacer\"><\/div>\n\n\n\n<h3 class=\"wp-block-heading has-text-align-center\" style=\"margin-bottom:8px;font-style:normal;font-weight:700\">\u00dcber Zenkit<\/h3>\n\n\n\n<p class=\"has-text-align-center has-da-grey-2-color has-text-color has-link-color wp-elements-5f6067cbf1ac49d2f7612192022baa28\">Zenkit ist ein Startup, das aus der Axonic GmbH hervorgegangen ist. Die SaaS-Plattform f\u00fcr Projektmanagement und Datenbankerstellung wurde im Oktober 2016 gestartet.<\/p>\n<\/div>\n<\/div>\n\n\n\n<div style=\"height:110px;--tablet-height:60px;--mobile-height:48px\" class=\"wp-block-lookeen-blocks-responsive-spacer\"><\/div>\n","protected":false},"excerpt":{"rendered":"<p>Zenkit f\u00fchrt seinen Dienst in 8 neuen Sprachen ein Projektmanagement-Startup kommt seiner globalen Community mit einer Spracherweiterung entgegen Donnerstag, 28. Juni 2018 \u2013 Karlsruhe, Deutschland Das deutsche Startup-Unternehmen Zenkit bringt die Plattform seinen Nutzern n\u00e4her, indem es seine Dienste in acht neuen Sprachen anbietet und plant, in den kommenden Monaten f\u00fcnf weitere zu ver\u00f6ffentlichen. Aufgrund [&hellip;]<\/p>\n","protected":false},"author":1,"featured_media":0,"parent":61675,"menu_order":1,"comment_status":"closed","ping_status":"closed","template":"","meta":{"yasr_overall_rating":0,"yasr_post_is_review":"","yasr_auto_insert_disabled":"","yasr_review_type":"","footnotes":""},"class_list":["post-78884","page","type-page","status-publish","hentry"],"yoast_head":"<!-- This site is optimized with the Yoast SEO plugin v27.3 - https:\/\/yoast.com\/product\/yoast-seo-wordpress\/ -->\n<title>Zenkit f\u00fchrt seinen Dienst in 8 neuen Sprachen ein | Zenkit<\/title>\n<meta name=\"description\" content=\"As of June 28th, 2018, Zenkit is available in 8 new languages: German, Spanish, Italian, Portuguese, Russian, French, Korean, and Traditional Chinese.\" \/>\n<meta name=\"robots\" content=\"index, follow, max-snippet:-1, max-image-preview:large, max-video-preview:-1\" \/>\n<link rel=\"canonical\" href=\"https:\/\/zenkit.com\/de\/pressemappe\/zenkit-fuehrt-seinen-dienst-in-8-neuen-sprachen-ein\/\" \/>\n<meta property=\"og:locale\" content=\"de_DE\" \/>\n<meta property=\"og:type\" content=\"article\" \/>\n<meta property=\"og:title\" content=\"Zenkit f\u00fchrt seinen Dienst in 8 neuen Sprachen ein | Zenkit\" \/>\n<meta property=\"og:description\" content=\"As of June 28th, 2018, Zenkit is available in 8 new languages: German, Spanish, Italian, Portuguese, Russian, French, Korean, and Traditional Chinese.\" \/>\n<meta property=\"og:url\" content=\"https:\/\/zenkit.com\/de\/pressemappe\/zenkit-fuehrt-seinen-dienst-in-8-neuen-sprachen-ein\/\" \/>\n<meta property=\"og:site_name\" content=\"Zenkit\" \/>\n<meta property=\"article:publisher\" content=\"https:\/\/www.facebook.com\/ZenkitHQ\" \/>\n<meta property=\"article:modified_time\" content=\"2025-09-16T13:16:50+00:00\" \/>\n<meta property=\"og:image\" content=\"https:\/\/zenkit.com\/wp-content\/uploads\/2021\/01\/base-1024x538.jpg\" \/>\n<meta name=\"twitter:card\" content=\"summary_large_image\" \/>\n<meta name=\"twitter:site\" content=\"@ZenkitHQ\" \/>\n<meta name=\"twitter:label1\" content=\"Gesch\u00e4tzte Lesezeit\" \/>\n\t<meta name=\"twitter:data1\" content=\"4\u00a0Minuten\" \/>\n<script type=\"application\/ld+json\" class=\"yoast-schema-graph\">{\"@context\":\"https:\\\/\\\/schema.org\",\"@graph\":[{\"@type\":\"WebPage\",\"@id\":\"https:\\\/\\\/zenkit.com\\\/de\\\/pressemappe\\\/zenkit-fuehrt-seinen-dienst-in-8-neuen-sprachen-ein\\\/\",\"url\":\"https:\\\/\\\/zenkit.com\\\/de\\\/pressemappe\\\/zenkit-fuehrt-seinen-dienst-in-8-neuen-sprachen-ein\\\/\",\"name\":\"Zenkit f\u00fchrt seinen Dienst in 8 neuen Sprachen ein | Zenkit\",\"isPartOf\":{\"@id\":\"https:\\\/\\\/zenkit.com\\\/de\\\/#website\"},\"primaryImageOfPage\":{\"@id\":\"https:\\\/\\\/zenkit.com\\\/de\\\/pressemappe\\\/zenkit-fuehrt-seinen-dienst-in-8-neuen-sprachen-ein\\\/#primaryimage\"},\"image\":{\"@id\":\"https:\\\/\\\/zenkit.com\\\/de\\\/pressemappe\\\/zenkit-fuehrt-seinen-dienst-in-8-neuen-sprachen-ein\\\/#primaryimage\"},\"thumbnailUrl\":\"https:\\\/\\\/zenkit.com\\\/wp-content\\\/uploads\\\/2021\\\/01\\\/base-1024x538.jpg\",\"datePublished\":\"2018-07-07T00:50:21+00:00\",\"dateModified\":\"2025-09-16T13:16:50+00:00\",\"description\":\"As of June 28th, 2018, Zenkit is available in 8 new languages: German, Spanish, Italian, Portuguese, Russian, French, Korean, and Traditional Chinese.\",\"breadcrumb\":{\"@id\":\"https:\\\/\\\/zenkit.com\\\/de\\\/pressemappe\\\/zenkit-fuehrt-seinen-dienst-in-8-neuen-sprachen-ein\\\/#breadcrumb\"},\"inLanguage\":\"de\",\"potentialAction\":[{\"@type\":\"ReadAction\",\"target\":[\"https:\\\/\\\/zenkit.com\\\/de\\\/pressemappe\\\/zenkit-fuehrt-seinen-dienst-in-8-neuen-sprachen-ein\\\/\"]}]},{\"@type\":\"ImageObject\",\"inLanguage\":\"de\",\"@id\":\"https:\\\/\\\/zenkit.com\\\/de\\\/pressemappe\\\/zenkit-fuehrt-seinen-dienst-in-8-neuen-sprachen-ein\\\/#primaryimage\",\"url\":\"https:\\\/\\\/zenkit.com\\\/wp-content\\\/uploads\\\/2021\\\/01\\\/base-1024x538.jpg\",\"contentUrl\":\"https:\\\/\\\/zenkit.com\\\/wp-content\\\/uploads\\\/2021\\\/01\\\/base-1024x538.jpg\"},{\"@type\":\"BreadcrumbList\",\"@id\":\"https:\\\/\\\/zenkit.com\\\/de\\\/pressemappe\\\/zenkit-fuehrt-seinen-dienst-in-8-neuen-sprachen-ein\\\/#breadcrumb\",\"itemListElement\":[{\"@type\":\"ListItem\",\"position\":1,\"name\":\"Home\",\"item\":\"https:\\\/\\\/zenkit.com\\\/de\\\/\"},{\"@type\":\"ListItem\",\"position\":2,\"name\":\"Pressemappe\",\"item\":\"https:\\\/\\\/zenkit.com\\\/de\\\/pressemappe\\\/\"},{\"@type\":\"ListItem\",\"position\":3,\"name\":\"Zenkit f\u00fchrt seinen Dienst in 8 neuen Sprachen ein\"}]},{\"@type\":\"WebSite\",\"@id\":\"https:\\\/\\\/zenkit.com\\\/de\\\/#website\",\"url\":\"https:\\\/\\\/zenkit.com\\\/de\\\/\",\"name\":\"Zenkit\",\"description\":\"Zenkit Tagline\",\"potentialAction\":[{\"@type\":\"SearchAction\",\"target\":{\"@type\":\"EntryPoint\",\"urlTemplate\":\"https:\\\/\\\/zenkit.com\\\/de\\\/?s={search_term_string}\"},\"query-input\":{\"@type\":\"PropertyValueSpecification\",\"valueRequired\":true,\"valueName\":\"search_term_string\"}}],\"inLanguage\":\"de\"},false]}<\/script>\n<!-- \/ Yoast SEO plugin. -->","yoast_head_json":{"title":"Zenkit f\u00fchrt seinen Dienst in 8 neuen Sprachen ein | Zenkit","description":"As of June 28th, 2018, Zenkit is available in 8 new languages: German, Spanish, Italian, Portuguese, Russian, French, Korean, and Traditional Chinese.","robots":{"index":"index","follow":"follow","max-snippet":"max-snippet:-1","max-image-preview":"max-image-preview:large","max-video-preview":"max-video-preview:-1"},"canonical":"https:\/\/zenkit.com\/de\/pressemappe\/zenkit-fuehrt-seinen-dienst-in-8-neuen-sprachen-ein\/","og_locale":"de_DE","og_type":"article","og_title":"Zenkit f\u00fchrt seinen Dienst in 8 neuen Sprachen ein | Zenkit","og_description":"As of June 28th, 2018, Zenkit is available in 8 new languages: German, Spanish, Italian, Portuguese, Russian, French, Korean, and Traditional Chinese.","og_url":"https:\/\/zenkit.com\/de\/pressemappe\/zenkit-fuehrt-seinen-dienst-in-8-neuen-sprachen-ein\/","og_site_name":"Zenkit","article_publisher":"https:\/\/www.facebook.com\/ZenkitHQ","article_modified_time":"2025-09-16T13:16:50+00:00","og_image":[{"url":"https:\/\/zenkit.com\/wp-content\/uploads\/2021\/01\/base-1024x538.jpg","type":"","width":"","height":""}],"twitter_card":"summary_large_image","twitter_site":"@ZenkitHQ","twitter_misc":{"Gesch\u00e4tzte Lesezeit":"4\u00a0Minuten"},"schema":{"@context":"https:\/\/schema.org","@graph":[{"@type":"WebPage","@id":"https:\/\/zenkit.com\/de\/pressemappe\/zenkit-fuehrt-seinen-dienst-in-8-neuen-sprachen-ein\/","url":"https:\/\/zenkit.com\/de\/pressemappe\/zenkit-fuehrt-seinen-dienst-in-8-neuen-sprachen-ein\/","name":"Zenkit f\u00fchrt seinen Dienst in 8 neuen Sprachen ein | Zenkit","isPartOf":{"@id":"https:\/\/zenkit.com\/de\/#website"},"primaryImageOfPage":{"@id":"https:\/\/zenkit.com\/de\/pressemappe\/zenkit-fuehrt-seinen-dienst-in-8-neuen-sprachen-ein\/#primaryimage"},"image":{"@id":"https:\/\/zenkit.com\/de\/pressemappe\/zenkit-fuehrt-seinen-dienst-in-8-neuen-sprachen-ein\/#primaryimage"},"thumbnailUrl":"https:\/\/zenkit.com\/wp-content\/uploads\/2021\/01\/base-1024x538.jpg","datePublished":"2018-07-07T00:50:21+00:00","dateModified":"2025-09-16T13:16:50+00:00","description":"As of June 28th, 2018, Zenkit is available in 8 new languages: German, Spanish, Italian, Portuguese, Russian, French, Korean, and Traditional Chinese.","breadcrumb":{"@id":"https:\/\/zenkit.com\/de\/pressemappe\/zenkit-fuehrt-seinen-dienst-in-8-neuen-sprachen-ein\/#breadcrumb"},"inLanguage":"de","potentialAction":[{"@type":"ReadAction","target":["https:\/\/zenkit.com\/de\/pressemappe\/zenkit-fuehrt-seinen-dienst-in-8-neuen-sprachen-ein\/"]}]},{"@type":"ImageObject","inLanguage":"de","@id":"https:\/\/zenkit.com\/de\/pressemappe\/zenkit-fuehrt-seinen-dienst-in-8-neuen-sprachen-ein\/#primaryimage","url":"https:\/\/zenkit.com\/wp-content\/uploads\/2021\/01\/base-1024x538.jpg","contentUrl":"https:\/\/zenkit.com\/wp-content\/uploads\/2021\/01\/base-1024x538.jpg"},{"@type":"BreadcrumbList","@id":"https:\/\/zenkit.com\/de\/pressemappe\/zenkit-fuehrt-seinen-dienst-in-8-neuen-sprachen-ein\/#breadcrumb","itemListElement":[{"@type":"ListItem","position":1,"name":"Home","item":"https:\/\/zenkit.com\/de\/"},{"@type":"ListItem","position":2,"name":"Pressemappe","item":"https:\/\/zenkit.com\/de\/pressemappe\/"},{"@type":"ListItem","position":3,"name":"Zenkit f\u00fchrt seinen Dienst in 8 neuen Sprachen ein"}]},{"@type":"WebSite","@id":"https:\/\/zenkit.com\/de\/#website","url":"https:\/\/zenkit.com\/de\/","name":"Zenkit","description":"Zenkit Tagline","potentialAction":[{"@type":"SearchAction","target":{"@type":"EntryPoint","urlTemplate":"https:\/\/zenkit.com\/de\/?s={search_term_string}"},"query-input":{"@type":"PropertyValueSpecification","valueRequired":true,"valueName":"search_term_string"}}],"inLanguage":"de"},false]}},"yasr_visitor_votes":{"stars_attributes":{"read_only":false,"span_bottom":false},"number_of_votes":0,"sum_votes":0},"_links":{"self":[{"href":"https:\/\/zenkit.com\/de\/wp-json\/wp\/v2\/pages\/78884","targetHints":{"allow":["GET"]}}],"collection":[{"href":"https:\/\/zenkit.com\/de\/wp-json\/wp\/v2\/pages"}],"about":[{"href":"https:\/\/zenkit.com\/de\/wp-json\/wp\/v2\/types\/page"}],"author":[{"embeddable":true,"href":"https:\/\/zenkit.com\/de\/wp-json\/wp\/v2\/users\/1"}],"replies":[{"embeddable":true,"href":"https:\/\/zenkit.com\/de\/wp-json\/wp\/v2\/comments?post=78884"}],"version-history":[{"count":7,"href":"https:\/\/zenkit.com\/de\/wp-json\/wp\/v2\/pages\/78884\/revisions"}],"predecessor-version":[{"id":153009,"href":"https:\/\/zenkit.com\/de\/wp-json\/wp\/v2\/pages\/78884\/revisions\/153009"}],"up":[{"embeddable":true,"href":"https:\/\/zenkit.com\/de\/wp-json\/wp\/v2\/pages\/61675"}],"wp:attachment":[{"href":"https:\/\/zenkit.com\/de\/wp-json\/wp\/v2\/media?parent=78884"}],"curies":[{"name":"wp","href":"https:\/\/api.w.org\/{rel}","templated":true}]}}