{"id":82719,"date":"2021-12-02T14:21:01","date_gmt":"2021-12-02T13:21:01","guid":{"rendered":"https:\/\/zenkit.com\/projects\/integrationen\/pdffiller\/"},"modified":"2025-11-04T06:53:15","modified_gmt":"2025-11-04T05:53:15","slug":"pdffiller","status":"publish","type":"page","link":"https:\/\/zenkit.com\/de\/integrationen\/pdffiller\/","title":{"rendered":"PDFfiller"},"content":{"rendered":"\n<div style=\"height:45px;--tablet-height:45px;--mobile-height:16px\" class=\"wp-block-lookeen-blocks-responsive-spacer\"><\/div>\n\n\n\n<div class=\"wp-block-group has-global-padding is-layout-constrained wp-block-group-is-layout-constrained\">\n<div class=\"wp-block-columns is-layout-flex wp-container-core-columns-is-layout-467d341d wp-block-columns-is-layout-flex\" id=\"main__integrations\" style=\"margin-top:0px;margin-bottom:0px\">\n<div class=\"wp-block-column side__bar__integrations is-layout-flow wp-block-column-is-layout-flow\" style=\"flex-basis:23%\">\n<h2 class=\"wp-block-heading has-da-blue-color-new has-text-color has-link-color wp-elements-a68a8020e091a74a76b9e879cc1a1959\" style=\"margin-top:0px;margin-bottom:0px;font-size:16px;line-height:1.5\">Sonstige Integrationen<\/h2>\n\n\n<nav class=\"is-vertical integrations__menu wp-block-navigation is-layout-flex wp-container-core-navigation-is-layout-5f9f5280 wp-block-navigation-is-layout-flex\" aria-label=\"de-integrations-other\"><ul class=\"wp-block-navigation__container  is-vertical integrations__menu wp-block-navigation\"><li class=\" wp-block-navigation-item wp-block-navigation-link\"><a class=\"wp-block-navigation-item__content\"  href=\"https:\/\/zenkit.com\/de\/integrationen\/deskmoz\/\"><span class=\"wp-block-navigation-item__label\">DeskMoz<\/span><\/a><\/li><li class=\" wp-block-navigation-item wp-block-navigation-link\"><a class=\"wp-block-navigation-item__content\"  href=\"https:\/\/zenkit.com\/de\/integrationen\/evernote\/\"><span class=\"wp-block-navigation-item__label\">Evernote<\/span><\/a><\/li><li class=\" wp-block-navigation-item wp-block-navigation-link\"><a class=\"wp-block-navigation-item__content\"  href=\"https:\/\/zenkit.com\/de\/integrationen\/magic-minutes\/\"><span class=\"wp-block-navigation-item__label\">Magic Minutes<\/span><\/a><\/li><li class=\" wp-block-navigation-item wp-block-navigation-link\"><a class=\"wp-block-navigation-item__content\"  href=\"https:\/\/zenkit.com\/de\/integrationen\/pdffiller\/\"><span class=\"wp-block-navigation-item__label\">PDFfiller<\/span><\/a><\/li><li class=\" wp-block-navigation-item wp-block-navigation-link\"><a class=\"wp-block-navigation-item__content\"  href=\"https:\/\/zenkit.com\/de\/integrationen\/integrately\/\"><span class=\"wp-block-navigation-item__label\">+500 via Integrately<\/span><\/a><\/li><\/ul><\/nav><\/div>\n\n\n\n<div class=\"wp-block-column content__integrations is-layout-flow wp-block-column-is-layout-flow\" style=\"flex-basis:77%\">\n<div class=\"wp-block-group has-global-padding is-layout-constrained wp-block-group-is-layout-constrained\">\n<div class=\"wp-block-group title is-layout-flex wp-container-core-group-is-layout-ed4b00df wp-block-group-is-layout-flex\">\n<figure class=\"wp-block-image size-full is-resized\"><img loading=\"lazy\" decoding=\"async\" width=\"659\" height=\"659\" src=\"https:\/\/zenkit.com\/wp-content\/uploads\/2025\/07\/PDFfiller_logo.webp\" alt=\"\" class=\"wp-image-117686\" style=\"width:auto;height:46px\" srcset=\"https:\/\/zenkit.com\/wp-content\/uploads\/2025\/07\/PDFfiller_logo.webp 659w, https:\/\/zenkit.com\/wp-content\/uploads\/2025\/07\/PDFfiller_logo-300x300.webp 300w, https:\/\/zenkit.com\/wp-content\/uploads\/2025\/07\/PDFfiller_logo-150x150.webp 150w\" sizes=\"auto, (max-width: 659px) 100vw, 659px\" \/><\/figure>\n\n\n\n<h1 class=\"wp-block-heading\">PDFfiller und Zenkit<\/h1>\n<\/div>\n\n\n\n<div class=\"wp-block-group has-global-padding is-layout-constrained wp-block-group-is-layout-constrained\">\n<h2 class=\"wp-block-heading display-h2\">Verbinden Sie Ihre Zenkit- und PDFfiller-Konten<\/h2>\n\n\n\n<p>Benutzen Sie PDFfiller zum Verwalten, Bearbeiten und Teilen von Dokumenten? Wenn sich neue Kontakte in Ihren Formularen registrieren, bedeutet dies weitere Arbeit f\u00fcr Sie. Sei es das \u00dcberpr\u00fcfen der Dokumente, oder das Buchen eines Konferenzraumes. Mit dieser Integration m\u00fcssen Sie keine Aufgaben mehr manuell erstellen. Halten Sie Ihre To-Do-Listen auf dem neuesten Stand!<\/p>\n<\/div>\n<\/div>\n\n\n\n<div style=\"height:48px;--tablet-height:36px;--mobile-height:24px\" class=\"wp-block-lookeen-blocks-responsive-spacer\"><\/div>\n\n\n\n<div class=\"wp-block-group has-global-padding is-layout-constrained wp-block-group-is-layout-constrained\">\n<figure class=\"wp-block-image size-full\"><img loading=\"lazy\" decoding=\"async\" width=\"1024\" height=\"559\" src=\"https:\/\/zenkit.com\/wp-content\/uploads\/2025\/07\/PDFfiller_screenshot-1024x559-1.webp\" alt=\"\" class=\"wp-image-117697\" srcset=\"https:\/\/zenkit.com\/wp-content\/uploads\/2025\/07\/PDFfiller_screenshot-1024x559-1.webp 1024w, https:\/\/zenkit.com\/wp-content\/uploads\/2025\/07\/PDFfiller_screenshot-1024x559-1-300x164.webp 300w, https:\/\/zenkit.com\/wp-content\/uploads\/2025\/07\/PDFfiller_screenshot-1024x559-1-768x419.webp 768w\" sizes=\"auto, (max-width: 1024px) 100vw, 1024px\" \/><\/figure>\n<\/div>\n\n\n\n<div style=\"height:48px;--tablet-height:36px;--mobile-height:24px\" class=\"wp-block-lookeen-blocks-responsive-spacer\"><\/div>\n\n\n\n<div class=\"wp-block-group has-global-padding is-layout-constrained wp-block-group-is-layout-constrained\">\n<h3 class=\"wp-block-heading display-h2\">\u00dcber PDFfiller<\/h3>\n\n\n\n<p><a href=\"https:\/\/www.pdffiller.com\/en\/\">PDFfiller<\/a>\u00a0ist ein All-in-One-Online-PDF-Editor, Dokumentengenerator, E-Signatur-Manager und eine Formularerstellungsl\u00f6sung. Die Online-Bibliothek mit 25 Millionen ausf\u00fcllbaren Dokumenten erm\u00f6glicht es Ihnen, schnell das ben\u00f6tigte PDF zu finden. PDFfiller bietet Ihnen erweiterte Sicherheitsoptionen und Sie k\u00f6nnen Ihre Dokumente auf jedem Desktop oder Mobilger\u00e4t ohne Downloads oder Installationen bearbeiten. Dar\u00fcber hinaus ben\u00f6tigen die Empf\u00e4nger kein PDFfiller-Konto, um ein freigegebenes PDF zu signieren oder auszuf\u00fcllen. Wenn Sie Fragen haben, steht Ihnen das Support-Team von PDFfiller rund um die Uhr zur Verf\u00fcgung. Starten Sie Ihre kostenlose PDFfiller-Testversion:\u00a0<a href=\"https:\/\/www.pdffiller.com\/en\/services.htm\">https:\/\/www.pdffiller.com\/en\/services.htm<\/a>.<\/p>\n\n\n\n<p>Das erm\u00f6glicht Ihnen PDFfiller:<\/p>\n\n\n\n<ul class=\"wp-block-list is-style-da-left-indent\">\n<li>Bearbeiten oder kommentieren Sie jegliche Texte oder Grafiken<\/li>\n\n\n\n<li>Unterzeichnen Sie PDFs elektronisch<\/li>\n\n\n\n<li>Verwandeln Sie jedes Dokument in ein interaktives Formular \u2013 Teilen Sie es per E-Mail oder direkten Link<\/li>\n<\/ul>\n<\/div>\n\n\n\n<div style=\"height:48px;--tablet-height:36px;--mobile-height:24px\" class=\"wp-block-lookeen-blocks-responsive-spacer\"><\/div>\n\n\n\n<div class=\"wp-block-group has-global-padding is-layout-constrained wp-block-group-is-layout-constrained\">\n<h3 class=\"wp-block-heading display-h2\">\u00dcber Zenkit<\/h3>\n\n\n\n<p><a href=\"https:\/\/zenkit.com\/de\/projects\/\">Zenkit<\/a>&nbsp;ist eine Softwarel\u00f6sung f\u00fcr agiles und klassisches Projektmanagment. Sie bietet Funktionen f\u00fcr die Zusammenarbeit in Echtzeit, intelligente Ansichten, Berichte und Ressourcenplanung, die Ihrem Team echte Fortschritte erm\u00f6glichen. Mit einem Klick k\u00f6nnen Sie Ihre Projekte in verschiedenen Ansichten anzeigen lassen, darunter Kanban, Gantt-Diagramm, Tabelle, Mind Map, Hierarchie, Liste und Kalender. Sie k\u00f6nnen auf Zenkit auf fast jeder Plattform zugreifen \u2013 einschlie\u00dflich Web-, Windows-, Linux- und MacOS-Anwendungen sowie mobile Versionen f\u00fcr Android- und iOS-Ger\u00e4te.<\/p>\n\n\n\n<p>Weitere Informationen finden Sie unter&nbsp;<a href=\"https:\/\/zenkit.com\/de\/projects\/\">https:\/\/zenkit.com\/<\/a>.<\/p>\n<\/div>\n\n\n\n<div style=\"height:48px;--tablet-height:36px;--mobile-height:24px\" class=\"wp-block-lookeen-blocks-responsive-spacer\"><\/div>\n\n\n\n<div class=\"wp-block-group has-global-padding is-layout-constrained wp-block-group-is-layout-constrained\">\n<h3 class=\"wp-block-heading display-h2\">Synchronisieren Sie PDFfiller und Zenkit<\/h3>\n\n\n\n<ol class=\"wp-block-list list__style__position-inside\">\n<li><a href=\"https:\/\/zapier.com\/sign-up\/\">Registrieren Sie sich<\/a>\u00a0bei Zapier, um Zugang zu Zapier zu erhalten.<\/li>\n\n\n\n<li><a href=\"https:\/\/www.pdffiller.com\/en\/login.htm\">Erstellen Sie ein Konto<\/a>\u00a0bei PDFfiller.<\/li>\n\n\n\n<li>Melden Sie sich bei Zapier an und gehen Sie zum\u00a0<a href=\"https:\/\/zapier.com\/apps\/pdffiller\/integrations\/zenkit\">Zenkit + PDFfiller Zapbook<\/a>, um Zap-Vorlagen zu finden.<\/li>\n\n\n\n<li>Sie k\u00f6nnen auch Ihre eigene Zenkit und PDFfiller-Integration erstellen, indem Sie diese beim Erstellen eines Zaps ausw\u00e4hlen.<\/li>\n<\/ol>\n\n\n\n<p>Nachfolgend finden Sie ein kurzes Video, das Ihnen zeigt, wie Sie Zenkit \u00fcber Integrately mit anderen Anwendungen verbinden k\u00f6nnen.<\/p>\n<\/div>\n\n\n\n<div style=\"height:48px;--tablet-height:36px;--mobile-height:24px\" class=\"wp-block-lookeen-blocks-responsive-spacer\"><\/div>\n\n\n\n<div class=\"wp-block-group has-global-padding is-layout-constrained wp-block-group-is-layout-constrained\">\n<script type=\"text\/javascript\" src=\"https:\/\/zapier.com\/apps\/embed\/widget.js?guided_zaps=42742\"><\/script>\n<\/div>\n\n\n\n<div style=\"height:48px;--tablet-height:36px;--mobile-height:24px\" class=\"wp-block-lookeen-blocks-responsive-spacer\"><\/div>\n\n\n\n<div class=\"wp-block-group has-global-padding is-layout-constrained wp-block-group-is-layout-constrained\">\n<h3 class=\"wp-block-heading display-h2\">Wer profitiert von der PDFfiller und Zenkit Integration?<\/h3>\n\n\n\n<ul class=\"wp-block-list is-style-da-left-indent\">\n<li>Personen, welche ihre Arbeitsabl\u00e4ufe verbessern wollen<\/li>\n\n\n\n<li>Personen, welche wegen manueller Prozesse Probleme mit fehlender Produktivit\u00e4t und Effizienz haben<\/li>\n<\/ul>\n<\/div>\n\n\n\n<div style=\"height:48px;--tablet-height:36px;--mobile-height:24px\" class=\"wp-block-lookeen-blocks-responsive-spacer\"><\/div>\n\n\n\n<div class=\"wp-block-group has-global-padding is-layout-constrained wp-block-group-is-layout-constrained\">\n<h3 class=\"wp-block-heading display-h2\">Haben Sie Fragen?<\/h3>\n\n\n\n<p>Diese Integration wird durch Zapier unterst\u00fctzt. Bitte wenden Sie sich bei Problemen an den\u00a0<a href=\"https:\/\/zapier.com\/app\/contact-us\">Zapier-Support<\/a>. Weitere Informationen zur Verbindung von Zenkit mit Zapier finden Sie in unserer\u00a0<a href=\"https:\/\/help.zenkit.com\/de\/support\/solutions\">Dokumentation<\/a>.<\/p>\n<\/div>\n<\/div>\n<\/div>\n<\/div>\n\n\n\n<div style=\"height:110px;--tablet-height:60px;--mobile-height:48px\" class=\"wp-block-lookeen-blocks-responsive-spacer\"><\/div>\n","protected":false},"excerpt":{"rendered":"<p>Sonstige Integrationen PDFfiller und Zenkit Verbinden Sie Ihre Zenkit- und PDFfiller-Konten Benutzen Sie PDFfiller zum Verwalten, Bearbeiten und Teilen von Dokumenten? Wenn sich neue Kontakte in Ihren Formularen registrieren, bedeutet dies weitere Arbeit f\u00fcr Sie. Sei es das \u00dcberpr\u00fcfen der Dokumente, oder das Buchen eines Konferenzraumes. Mit dieser Integration m\u00fcssen Sie keine Aufgaben mehr manuell [&hellip;]<\/p>\n","protected":false},"author":15,"featured_media":0,"parent":67564,"menu_order":5,"comment_status":"closed","ping_status":"closed","template":"","meta":{"yasr_overall_rating":0,"yasr_post_is_review":"","yasr_auto_insert_disabled":"","yasr_review_type":"","footnotes":""},"class_list":["post-82719","page","type-page","status-publish","hentry"],"yoast_head":"<!-- This site is optimized with the Yoast SEO plugin v27.3 - https:\/\/yoast.com\/product\/yoast-seo-wordpress\/ -->\n<title>Organisation mit der PDFfiller Integration in Zenkit Projects<\/title>\n<meta name=\"description\" content=\"Wandeln Sie automatisch Aufgaben wie das \u00dcberpr\u00fcfen von Dokumenten oder Erfassen von Kontakten in Tasks um.\" \/>\n<meta name=\"robots\" content=\"index, follow, max-snippet:-1, max-image-preview:large, max-video-preview:-1\" \/>\n<link rel=\"canonical\" href=\"https:\/\/zenkit.com\/de\/integrationen\/pdffiller\/\" \/>\n<meta property=\"og:locale\" content=\"de_DE\" \/>\n<meta property=\"og:type\" content=\"article\" \/>\n<meta property=\"og:title\" content=\"Organisation mit der PDFfiller Integration in Zenkit Projects\" \/>\n<meta property=\"og:description\" content=\"Wandeln Sie automatisch Aufgaben wie das \u00dcberpr\u00fcfen von Dokumenten oder Erfassen von Kontakten in Tasks um.\" \/>\n<meta property=\"og:url\" content=\"https:\/\/zenkit.com\/de\/integrationen\/pdffiller\/\" \/>\n<meta property=\"og:site_name\" content=\"Zenkit\" \/>\n<meta property=\"article:publisher\" content=\"https:\/\/www.facebook.com\/ZenkitHQ\" \/>\n<meta property=\"article:modified_time\" content=\"2025-11-04T05:53:15+00:00\" \/>\n<meta property=\"og:image\" content=\"https:\/\/zenkit.com\/wp-content\/uploads\/2025\/07\/PDFfiller_logo.webp\" \/>\n<meta name=\"twitter:card\" content=\"summary_large_image\" \/>\n<meta name=\"twitter:site\" content=\"@ZenkitHQ\" \/>\n<script type=\"application\/ld+json\" class=\"yoast-schema-graph\">{\"@context\":\"https:\\\/\\\/schema.org\",\"@graph\":[{\"@type\":\"WebPage\",\"@id\":\"https:\\\/\\\/zenkit.com\\\/de\\\/integrationen\\\/pdffiller\\\/\",\"url\":\"https:\\\/\\\/zenkit.com\\\/de\\\/integrationen\\\/pdffiller\\\/\",\"name\":\"Organisation mit der PDFfiller Integration in Zenkit Projects\",\"isPartOf\":{\"@id\":\"https:\\\/\\\/zenkit.com\\\/de\\\/#website\"},\"primaryImageOfPage\":{\"@id\":\"https:\\\/\\\/zenkit.com\\\/de\\\/integrationen\\\/pdffiller\\\/#primaryimage\"},\"image\":{\"@id\":\"https:\\\/\\\/zenkit.com\\\/de\\\/integrationen\\\/pdffiller\\\/#primaryimage\"},\"thumbnailUrl\":\"https:\\\/\\\/zenkit.com\\\/wp-content\\\/uploads\\\/2025\\\/07\\\/PDFfiller_logo.webp\",\"datePublished\":\"2021-12-02T13:21:01+00:00\",\"dateModified\":\"2025-11-04T05:53:15+00:00\",\"description\":\"Wandeln Sie automatisch Aufgaben wie das \u00dcberpr\u00fcfen von Dokumenten oder Erfassen von Kontakten in Tasks um.\",\"breadcrumb\":{\"@id\":\"https:\\\/\\\/zenkit.com\\\/de\\\/integrationen\\\/pdffiller\\\/#breadcrumb\"},\"inLanguage\":\"de\",\"potentialAction\":[{\"@type\":\"ReadAction\",\"target\":[\"https:\\\/\\\/zenkit.com\\\/de\\\/integrationen\\\/pdffiller\\\/\"]}]},{\"@type\":\"ImageObject\",\"inLanguage\":\"de\",\"@id\":\"https:\\\/\\\/zenkit.com\\\/de\\\/integrationen\\\/pdffiller\\\/#primaryimage\",\"url\":\"https:\\\/\\\/zenkit.com\\\/wp-content\\\/uploads\\\/2025\\\/07\\\/PDFfiller_logo.webp\",\"contentUrl\":\"https:\\\/\\\/zenkit.com\\\/wp-content\\\/uploads\\\/2025\\\/07\\\/PDFfiller_logo.webp\"},{\"@type\":\"BreadcrumbList\",\"@id\":\"https:\\\/\\\/zenkit.com\\\/de\\\/integrationen\\\/pdffiller\\\/#breadcrumb\",\"itemListElement\":[{\"@type\":\"ListItem\",\"position\":1,\"name\":\"Home\",\"item\":\"https:\\\/\\\/zenkit.com\\\/de\\\/\"},{\"@type\":\"ListItem\",\"position\":2,\"name\":\"Integrationen\",\"item\":\"https:\\\/\\\/zenkit.com\\\/de\\\/integrationen\\\/\"},{\"@type\":\"ListItem\",\"position\":3,\"name\":\"PDFfiller\"}]},{\"@type\":\"WebSite\",\"@id\":\"https:\\\/\\\/zenkit.com\\\/de\\\/#website\",\"url\":\"https:\\\/\\\/zenkit.com\\\/de\\\/\",\"name\":\"Zenkit\",\"description\":\"Zenkit Tagline\",\"potentialAction\":[{\"@type\":\"SearchAction\",\"target\":{\"@type\":\"EntryPoint\",\"urlTemplate\":\"https:\\\/\\\/zenkit.com\\\/de\\\/?s={search_term_string}\"},\"query-input\":{\"@type\":\"PropertyValueSpecification\",\"valueRequired\":true,\"valueName\":\"search_term_string\"}}],\"inLanguage\":\"de\"},false]}<\/script>\n<!-- \/ Yoast SEO plugin. -->","yoast_head_json":{"title":"Organisation mit der PDFfiller Integration in Zenkit Projects","description":"Wandeln Sie automatisch Aufgaben wie das \u00dcberpr\u00fcfen von Dokumenten oder Erfassen von Kontakten in Tasks um.","robots":{"index":"index","follow":"follow","max-snippet":"max-snippet:-1","max-image-preview":"max-image-preview:large","max-video-preview":"max-video-preview:-1"},"canonical":"https:\/\/zenkit.com\/de\/integrationen\/pdffiller\/","og_locale":"de_DE","og_type":"article","og_title":"Organisation mit der PDFfiller Integration in Zenkit Projects","og_description":"Wandeln Sie automatisch Aufgaben wie das \u00dcberpr\u00fcfen von Dokumenten oder Erfassen von Kontakten in Tasks um.","og_url":"https:\/\/zenkit.com\/de\/integrationen\/pdffiller\/","og_site_name":"Zenkit","article_publisher":"https:\/\/www.facebook.com\/ZenkitHQ","article_modified_time":"2025-11-04T05:53:15+00:00","og_image":[{"url":"https:\/\/zenkit.com\/wp-content\/uploads\/2025\/07\/PDFfiller_logo.webp","type":"","width":"","height":""}],"twitter_card":"summary_large_image","twitter_site":"@ZenkitHQ","schema":{"@context":"https:\/\/schema.org","@graph":[{"@type":"WebPage","@id":"https:\/\/zenkit.com\/de\/integrationen\/pdffiller\/","url":"https:\/\/zenkit.com\/de\/integrationen\/pdffiller\/","name":"Organisation mit der PDFfiller Integration in Zenkit Projects","isPartOf":{"@id":"https:\/\/zenkit.com\/de\/#website"},"primaryImageOfPage":{"@id":"https:\/\/zenkit.com\/de\/integrationen\/pdffiller\/#primaryimage"},"image":{"@id":"https:\/\/zenkit.com\/de\/integrationen\/pdffiller\/#primaryimage"},"thumbnailUrl":"https:\/\/zenkit.com\/wp-content\/uploads\/2025\/07\/PDFfiller_logo.webp","datePublished":"2021-12-02T13:21:01+00:00","dateModified":"2025-11-04T05:53:15+00:00","description":"Wandeln Sie automatisch Aufgaben wie das \u00dcberpr\u00fcfen von Dokumenten oder Erfassen von Kontakten in Tasks um.","breadcrumb":{"@id":"https:\/\/zenkit.com\/de\/integrationen\/pdffiller\/#breadcrumb"},"inLanguage":"de","potentialAction":[{"@type":"ReadAction","target":["https:\/\/zenkit.com\/de\/integrationen\/pdffiller\/"]}]},{"@type":"ImageObject","inLanguage":"de","@id":"https:\/\/zenkit.com\/de\/integrationen\/pdffiller\/#primaryimage","url":"https:\/\/zenkit.com\/wp-content\/uploads\/2025\/07\/PDFfiller_logo.webp","contentUrl":"https:\/\/zenkit.com\/wp-content\/uploads\/2025\/07\/PDFfiller_logo.webp"},{"@type":"BreadcrumbList","@id":"https:\/\/zenkit.com\/de\/integrationen\/pdffiller\/#breadcrumb","itemListElement":[{"@type":"ListItem","position":1,"name":"Home","item":"https:\/\/zenkit.com\/de\/"},{"@type":"ListItem","position":2,"name":"Integrationen","item":"https:\/\/zenkit.com\/de\/integrationen\/"},{"@type":"ListItem","position":3,"name":"PDFfiller"}]},{"@type":"WebSite","@id":"https:\/\/zenkit.com\/de\/#website","url":"https:\/\/zenkit.com\/de\/","name":"Zenkit","description":"Zenkit Tagline","potentialAction":[{"@type":"SearchAction","target":{"@type":"EntryPoint","urlTemplate":"https:\/\/zenkit.com\/de\/?s={search_term_string}"},"query-input":{"@type":"PropertyValueSpecification","valueRequired":true,"valueName":"search_term_string"}}],"inLanguage":"de"},false]}},"yasr_visitor_votes":{"stars_attributes":{"read_only":false,"span_bottom":false},"number_of_votes":0,"sum_votes":0},"_links":{"self":[{"href":"https:\/\/zenkit.com\/de\/wp-json\/wp\/v2\/pages\/82719","targetHints":{"allow":["GET"]}}],"collection":[{"href":"https:\/\/zenkit.com\/de\/wp-json\/wp\/v2\/pages"}],"about":[{"href":"https:\/\/zenkit.com\/de\/wp-json\/wp\/v2\/types\/page"}],"author":[{"embeddable":true,"href":"https:\/\/zenkit.com\/de\/wp-json\/wp\/v2\/users\/15"}],"replies":[{"embeddable":true,"href":"https:\/\/zenkit.com\/de\/wp-json\/wp\/v2\/comments?post=82719"}],"version-history":[{"count":5,"href":"https:\/\/zenkit.com\/de\/wp-json\/wp\/v2\/pages\/82719\/revisions"}],"predecessor-version":[{"id":117709,"href":"https:\/\/zenkit.com\/de\/wp-json\/wp\/v2\/pages\/82719\/revisions\/117709"}],"up":[{"embeddable":true,"href":"https:\/\/zenkit.com\/de\/wp-json\/wp\/v2\/pages\/67564"}],"wp:attachment":[{"href":"https:\/\/zenkit.com\/de\/wp-json\/wp\/v2\/media?parent=82719"}],"curies":[{"name":"wp","href":"https:\/\/api.w.org\/{rel}","templated":true}]}}