{"id":82749,"date":"2021-12-22T15:26:52","date_gmt":"2021-12-22T14:26:52","guid":{"rendered":"https:\/\/zenkit.com\/projects\/integrationen\/status-hero\/"},"modified":"2025-11-04T06:53:15","modified_gmt":"2025-11-04T05:53:15","slug":"status-hero","status":"publish","type":"page","link":"https:\/\/zenkit.com\/de\/integrationen\/status-hero\/","title":{"rendered":"Status Hero"},"content":{"rendered":"\n<div style=\"height:45px;--tablet-height:45px;--mobile-height:16px\" class=\"wp-block-lookeen-blocks-responsive-spacer\"><\/div>\n\n\n\n<div class=\"wp-block-group has-global-padding is-layout-constrained wp-block-group-is-layout-constrained\">\n<div class=\"wp-block-columns is-layout-flex wp-container-core-columns-is-layout-467d341d wp-block-columns-is-layout-flex\" id=\"main__integrations\" style=\"margin-top:0px;margin-bottom:0px\">\n<div class=\"wp-block-column side__bar__integrations is-layout-flow wp-block-column-is-layout-flow\" style=\"flex-basis:23%\">\n<h2 class=\"wp-block-heading has-da-blue-color-new has-text-color has-link-color wp-elements-da44773fa129cd6fcf092510254da659\" style=\"margin-top:0px;margin-bottom:0px;font-size:16px;line-height:1.5\">Dashboard &amp; Berichte Integrationen<\/h2>\n\n\n<nav class=\"is-vertical integrations__menu wp-block-navigation is-layout-flex wp-container-core-navigation-is-layout-5f9f5280 wp-block-navigation-is-layout-flex\" aria-label=\"de-dashboards-reports-integrations\"><ul class=\"wp-block-navigation__container  is-vertical integrations__menu wp-block-navigation\"><li class=\" wp-block-navigation-item wp-block-navigation-link\"><a class=\"wp-block-navigation-item__content\"  href=\"https:\/\/zenkit.com\/de\/integrationen\/clicdata\/\"><span class=\"wp-block-navigation-item__label\">ClicData<\/span><\/a><\/li><li class=\" wp-block-navigation-item wp-block-navigation-link\"><a class=\"wp-block-navigation-item__content\"  href=\"https:\/\/zenkit.com\/de\/integrationen\/status-hero\/\"><span class=\"wp-block-navigation-item__label\">Status Hero<\/span><\/a><\/li><\/ul><\/nav><\/div>\n\n\n\n<div class=\"wp-block-column content__integrations is-layout-flow wp-block-column-is-layout-flow\" style=\"flex-basis:77%\">\n<div class=\"wp-block-group has-global-padding is-layout-constrained wp-block-group-is-layout-constrained\">\n<div class=\"wp-block-group title is-layout-flex wp-container-core-group-is-layout-ed4b00df wp-block-group-is-layout-flex\">\n<figure class=\"wp-block-image size-full is-resized\"><img loading=\"lazy\" decoding=\"async\" width=\"1024\" height=\"1024\" src=\"https:\/\/zenkit.com\/wp-content\/uploads\/2025\/07\/status-hero-mark-1.webp\" alt=\"\" class=\"wp-image-117085\" style=\"width:auto;height:46px\" srcset=\"https:\/\/zenkit.com\/wp-content\/uploads\/2025\/07\/status-hero-mark-1.webp 1024w, https:\/\/zenkit.com\/wp-content\/uploads\/2025\/07\/status-hero-mark-1-300x300.webp 300w, https:\/\/zenkit.com\/wp-content\/uploads\/2025\/07\/status-hero-mark-1-150x150.webp 150w, https:\/\/zenkit.com\/wp-content\/uploads\/2025\/07\/status-hero-mark-1-768x768.webp 768w\" sizes=\"auto, (max-width: 1024px) 100vw, 1024px\" \/><\/figure>\n\n\n\n<h1 class=\"wp-block-heading\">Status Hero und Zenkit<\/h1>\n<\/div>\n\n\n\n<div class=\"wp-block-group has-global-padding is-layout-constrained wp-block-group-is-layout-constrained\">\n<h3 class=\"wp-block-heading display-h2\">Verbinden Sie Ihre Zenkit- und Status Hero-Konten<\/h3>\n\n\n\n<p>Verbinden Sie sich mit Status Hero, um ganz einfach Ihre Zenkit Aktivit\u00e4ten und Aufgaben zu verfolgen.<\/p>\n<\/div>\n\n\n\n<div style=\"height:48px;--tablet-height:36px;--mobile-height:24px\" class=\"wp-block-lookeen-blocks-responsive-spacer\"><\/div>\n<\/div>\n\n\n\n<div class=\"wp-block-group has-global-padding is-layout-constrained wp-block-group-is-layout-constrained\">\n<figure class=\"wp-block-image size-full\"><img loading=\"lazy\" decoding=\"async\" width=\"1024\" height=\"640\" src=\"https:\/\/zenkit.com\/wp-content\/uploads\/2025\/07\/team-status-1-1024x640-1.webp\" alt=\"Verbinden Sie Ihre Zenkit- und Status Hero-Konten\" class=\"wp-image-117095\" srcset=\"https:\/\/zenkit.com\/wp-content\/uploads\/2025\/07\/team-status-1-1024x640-1.webp 1024w, https:\/\/zenkit.com\/wp-content\/uploads\/2025\/07\/team-status-1-1024x640-1-300x188.webp 300w, https:\/\/zenkit.com\/wp-content\/uploads\/2025\/07\/team-status-1-1024x640-1-768x480.webp 768w\" sizes=\"auto, (max-width: 1024px) 100vw, 1024px\" \/><\/figure>\n<\/div>\n\n\n\n<div style=\"height:48px;--tablet-height:36px;--mobile-height:24px\" class=\"wp-block-lookeen-blocks-responsive-spacer\"><\/div>\n\n\n\n<div class=\"wp-block-group has-global-padding is-layout-constrained wp-block-group-is-layout-constrained\">\n<h3 class=\"wp-block-heading display-h2\">\u00dcber Status Hero<\/h3>\n\n\n\n<p>Status Hero Mit Status Hero sind Sie in der Lage Ihre t\u00e4glichen Ziele und Aktivit\u00e4tsprotokolle von Anwendungen zu verwalten. Sie erhalten auch Status Up-Dates Ihres Teams direkt in der App. Status Hero regelt Ihr Zeitbewusstsein. Ihnen stehen individuelle Erinnerungen zur Verf\u00fcgung und Sie k\u00f6nnen festlegen, wie oft Analyseberichte erstellt werden sollen. Mit den anschaulich designten Graphen schaffen Sie es die Produktivit\u00e4t Ihres Teams zu visualisieren.<\/p>\n\n\n\n<p>Sie werden in der Lage sein:<\/p>\n\n\n\n<ul class=\"wp-block-list is-style-da-left-indent\">\n<li>Teams perfekt zu koordinieren<\/li>\n\n\n\n<li>Meetings zu perfektionieren<\/li>\n\n\n\n<li>Interessenvertreter zu informieren<\/li>\n\n\n\n<li>und ein zielstrebiges Management zu gew\u00e4hrleisten.<\/li>\n<\/ul>\n\n\n\n<p>Status Hero steht f\u00fcr Transparenz und Vertrauen. Das f\u00fchrt zu schnelleren Entscheidungen und reibungslose Zusammenarbeit.<\/p>\n<\/div>\n\n\n\n<div style=\"height:48px;--tablet-height:36px;--mobile-height:24px\" class=\"wp-block-lookeen-blocks-responsive-spacer\"><\/div>\n\n\n\n<div class=\"wp-block-group has-global-padding is-layout-constrained wp-block-group-is-layout-constrained\">\n<h3 class=\"wp-block-heading display-h2\">\u00dcber Zenkit<\/h3>\n\n\n\n<p><a href=\"https:\/\/zenkit.com\/\">Zenkit<\/a>&nbsp;ist eine Softwarel\u00f6sung f\u00fcr agiles und klassisches Projektmanagment. Sie bietet Funktionen f\u00fcr die Zusammenarbeit in Echtzeit, intelligente Ansichten, Berichte und Ressourcenplanung, die Ihrem Team echte Fortschritte erm\u00f6glichen. Mit einem Klick k\u00f6nnen Sie Ihre Projekte in verschiedenen Ansichten anzeigen lassen, darunter Kanban, Gantt-Diagramm, Tabelle, Mind Map, Hierarchie, Liste und Kalender. Sie k\u00f6nnen auf Zenkit auf fast jeder Plattform zugreifen \u2013 einschlie\u00dflich Web-, Windows-, Linux- und MacOS-Anwendungen sowie mobile Versionen f\u00fcr Android- und iOS-Ger\u00e4te.<\/p>\n\n\n\n<p>Weitere Informationen finden Sie unter&nbsp;<a href=\"https:\/\/zenkit.com\/de\/projects\/\">https:\/\/zenkit.com\/<\/a>.<\/p>\n<\/div>\n\n\n\n<div style=\"height:48px;--tablet-height:36px;--mobile-height:24px\" class=\"wp-block-lookeen-blocks-responsive-spacer\"><\/div>\n\n\n\n<div class=\"wp-block-group has-global-padding is-layout-constrained wp-block-group-is-layout-constrained\">\n<h3 class=\"wp-block-heading display-h2\">Synchronisieren Sie Status Hero und Zenkit<\/h3>\n\n\n\n<ol class=\"wp-block-list list__style__position-inside\">\n<li><a href=\"https:\/\/zapier.com\/sign-up\/\">Registrieren Sie sich<\/a>&nbsp;bei Zapier, um Zugang zu Zapier zu erhalten.<\/li>\n\n\n\n<li><a href=\"https:\/\/statushero.com\/signin\">Erstelle ein Konto<\/a>&nbsp;bei Status Hero.<\/li>\n\n\n\n<li>Melden Sie sich bei Zapier an und gehen Sie zum&nbsp;<a href=\"https:\/\/zapier.com\/app-directory\/status-hero\/integrations\/zenkit\">Zenkit + Status Hero Zapbook<\/a>, um Zap-Vorlagen zu finden.<\/li>\n\n\n\n<li>Sie k\u00f6nnen auch Ihre eigene Zenkit und Status Hero-Integration erstellen, indem Sie diese beim Erstellen eines Zaps ausw\u00e4hlen.<\/li>\n<\/ol>\n\n\n\n<script type=\"text\/javascript\" src=\"https:\/\/zapier.com\/apps\/embed\/widget.js?guided_zaps=37269\"><\/script>\n<\/div>\n\n\n\n<div style=\"height:48px;--tablet-height:36px;--mobile-height:24px\" class=\"wp-block-lookeen-blocks-responsive-spacer\"><\/div>\n\n\n\n<div class=\"wp-block-group has-global-padding is-layout-constrained wp-block-group-is-layout-constrained\">\n<h3 class=\"wp-block-heading display-h2\">Haben Sie Fragen?<\/h3>\n\n\n\n<p>Diese Integration wird durch Zapier unterst\u00fctzt. Bitte wenden Sie sich bei Problemen an den&nbsp;<a href=\"https:\/\/zapier.com\/app\/contact-us\">Zapier-Support<\/a>. Weitere Informationen zur Verbindung von Zenkit mit Zapier finden Sie in unserer&nbsp;<a href=\"https:\/\/help.zenkit.com\/de\/support\/solutions\">Dokumentation<\/a>.<\/p>\n<\/div>\n<\/div>\n<\/div>\n<\/div>\n\n\n\n<div style=\"height:110px;--tablet-height:60px;--mobile-height:48px\" class=\"wp-block-lookeen-blocks-responsive-spacer\"><\/div>\n","protected":false},"excerpt":{"rendered":"<p>Dashboard &amp; Berichte Integrationen Status Hero und Zenkit Verbinden Sie Ihre Zenkit- und Status Hero-Konten Verbinden Sie sich mit Status Hero, um ganz einfach Ihre Zenkit Aktivit\u00e4ten und Aufgaben zu verfolgen. \u00dcber Status Hero Status Hero Mit Status Hero sind Sie in der Lage Ihre t\u00e4glichen Ziele und Aktivit\u00e4tsprotokolle von Anwendungen zu verwalten. Sie erhalten [&hellip;]<\/p>\n","protected":false},"author":15,"featured_media":0,"parent":67564,"menu_order":24,"comment_status":"closed","ping_status":"closed","template":"","meta":{"yasr_overall_rating":0,"yasr_post_is_review":"","yasr_auto_insert_disabled":"","yasr_review_type":"","footnotes":""},"class_list":["post-82749","page","type-page","status-publish","hentry"],"yoast_head":"<!-- This site is optimized with the Yoast SEO plugin v27.3 - https:\/\/yoast.com\/product\/yoast-seo-wordpress\/ -->\n<title>Status Hero | Zenkit<\/title>\n<meta name=\"description\" content=\"Verbinden Sie Zenkit mit Status Hero, um ganz einfach Ihre Aktivit\u00e4ten und Aufgaben in einem einzigen Dashboard zu verfolgen.\" \/>\n<meta name=\"robots\" content=\"index, follow, max-snippet:-1, max-image-preview:large, max-video-preview:-1\" \/>\n<link rel=\"canonical\" href=\"https:\/\/zenkit.com\/de\/integrationen\/status-hero\/\" \/>\n<meta property=\"og:locale\" content=\"de_DE\" \/>\n<meta property=\"og:type\" content=\"article\" \/>\n<meta property=\"og:title\" content=\"Status Hero | Zenkit\" \/>\n<meta property=\"og:description\" content=\"Verbinden Sie Zenkit mit Status Hero, um ganz einfach Ihre Aktivit\u00e4ten und Aufgaben in einem einzigen Dashboard zu verfolgen.\" \/>\n<meta property=\"og:url\" content=\"https:\/\/zenkit.com\/de\/integrationen\/status-hero\/\" \/>\n<meta property=\"og:site_name\" content=\"Zenkit\" \/>\n<meta property=\"article:publisher\" content=\"https:\/\/www.facebook.com\/ZenkitHQ\" \/>\n<meta property=\"article:modified_time\" content=\"2025-11-04T05:53:15+00:00\" \/>\n<meta property=\"og:image\" content=\"https:\/\/zenkit.com\/wp-content\/uploads\/2025\/07\/status-hero-mark-1.webp\" \/>\n<meta name=\"twitter:card\" content=\"summary_large_image\" \/>\n<meta name=\"twitter:site\" content=\"@ZenkitHQ\" \/>\n<script type=\"application\/ld+json\" class=\"yoast-schema-graph\">{\"@context\":\"https:\\\/\\\/schema.org\",\"@graph\":[{\"@type\":\"WebPage\",\"@id\":\"https:\\\/\\\/zenkit.com\\\/de\\\/integrationen\\\/status-hero\\\/\",\"url\":\"https:\\\/\\\/zenkit.com\\\/de\\\/integrationen\\\/status-hero\\\/\",\"name\":\"Status Hero | Zenkit\",\"isPartOf\":{\"@id\":\"https:\\\/\\\/zenkit.com\\\/de\\\/#website\"},\"primaryImageOfPage\":{\"@id\":\"https:\\\/\\\/zenkit.com\\\/de\\\/integrationen\\\/status-hero\\\/#primaryimage\"},\"image\":{\"@id\":\"https:\\\/\\\/zenkit.com\\\/de\\\/integrationen\\\/status-hero\\\/#primaryimage\"},\"thumbnailUrl\":\"https:\\\/\\\/zenkit.com\\\/wp-content\\\/uploads\\\/2025\\\/07\\\/status-hero-mark-1.webp\",\"datePublished\":\"2021-12-22T14:26:52+00:00\",\"dateModified\":\"2025-11-04T05:53:15+00:00\",\"description\":\"Verbinden Sie Zenkit mit Status Hero, um ganz einfach Ihre Aktivit\u00e4ten und Aufgaben in einem einzigen Dashboard zu verfolgen.\",\"breadcrumb\":{\"@id\":\"https:\\\/\\\/zenkit.com\\\/de\\\/integrationen\\\/status-hero\\\/#breadcrumb\"},\"inLanguage\":\"de\",\"potentialAction\":[{\"@type\":\"ReadAction\",\"target\":[\"https:\\\/\\\/zenkit.com\\\/de\\\/integrationen\\\/status-hero\\\/\"]}]},{\"@type\":\"ImageObject\",\"inLanguage\":\"de\",\"@id\":\"https:\\\/\\\/zenkit.com\\\/de\\\/integrationen\\\/status-hero\\\/#primaryimage\",\"url\":\"https:\\\/\\\/zenkit.com\\\/wp-content\\\/uploads\\\/2025\\\/07\\\/status-hero-mark-1.webp\",\"contentUrl\":\"https:\\\/\\\/zenkit.com\\\/wp-content\\\/uploads\\\/2025\\\/07\\\/status-hero-mark-1.webp\"},{\"@type\":\"BreadcrumbList\",\"@id\":\"https:\\\/\\\/zenkit.com\\\/de\\\/integrationen\\\/status-hero\\\/#breadcrumb\",\"itemListElement\":[{\"@type\":\"ListItem\",\"position\":1,\"name\":\"Home\",\"item\":\"https:\\\/\\\/zenkit.com\\\/de\\\/\"},{\"@type\":\"ListItem\",\"position\":2,\"name\":\"Integrationen\",\"item\":\"https:\\\/\\\/zenkit.com\\\/de\\\/integrationen\\\/\"},{\"@type\":\"ListItem\",\"position\":3,\"name\":\"Status Hero\"}]},{\"@type\":\"WebSite\",\"@id\":\"https:\\\/\\\/zenkit.com\\\/de\\\/#website\",\"url\":\"https:\\\/\\\/zenkit.com\\\/de\\\/\",\"name\":\"Zenkit\",\"description\":\"Zenkit Tagline\",\"potentialAction\":[{\"@type\":\"SearchAction\",\"target\":{\"@type\":\"EntryPoint\",\"urlTemplate\":\"https:\\\/\\\/zenkit.com\\\/de\\\/?s={search_term_string}\"},\"query-input\":{\"@type\":\"PropertyValueSpecification\",\"valueRequired\":true,\"valueName\":\"search_term_string\"}}],\"inLanguage\":\"de\"},false]}<\/script>\n<!-- \/ Yoast SEO plugin. -->","yoast_head_json":{"title":"Status Hero | Zenkit","description":"Verbinden Sie Zenkit mit Status Hero, um ganz einfach Ihre Aktivit\u00e4ten und Aufgaben in einem einzigen Dashboard zu verfolgen.","robots":{"index":"index","follow":"follow","max-snippet":"max-snippet:-1","max-image-preview":"max-image-preview:large","max-video-preview":"max-video-preview:-1"},"canonical":"https:\/\/zenkit.com\/de\/integrationen\/status-hero\/","og_locale":"de_DE","og_type":"article","og_title":"Status Hero | Zenkit","og_description":"Verbinden Sie Zenkit mit Status Hero, um ganz einfach Ihre Aktivit\u00e4ten und Aufgaben in einem einzigen Dashboard zu verfolgen.","og_url":"https:\/\/zenkit.com\/de\/integrationen\/status-hero\/","og_site_name":"Zenkit","article_publisher":"https:\/\/www.facebook.com\/ZenkitHQ","article_modified_time":"2025-11-04T05:53:15+00:00","og_image":[{"url":"https:\/\/zenkit.com\/wp-content\/uploads\/2025\/07\/status-hero-mark-1.webp","type":"","width":"","height":""}],"twitter_card":"summary_large_image","twitter_site":"@ZenkitHQ","schema":{"@context":"https:\/\/schema.org","@graph":[{"@type":"WebPage","@id":"https:\/\/zenkit.com\/de\/integrationen\/status-hero\/","url":"https:\/\/zenkit.com\/de\/integrationen\/status-hero\/","name":"Status Hero | Zenkit","isPartOf":{"@id":"https:\/\/zenkit.com\/de\/#website"},"primaryImageOfPage":{"@id":"https:\/\/zenkit.com\/de\/integrationen\/status-hero\/#primaryimage"},"image":{"@id":"https:\/\/zenkit.com\/de\/integrationen\/status-hero\/#primaryimage"},"thumbnailUrl":"https:\/\/zenkit.com\/wp-content\/uploads\/2025\/07\/status-hero-mark-1.webp","datePublished":"2021-12-22T14:26:52+00:00","dateModified":"2025-11-04T05:53:15+00:00","description":"Verbinden Sie Zenkit mit Status Hero, um ganz einfach Ihre Aktivit\u00e4ten und Aufgaben in einem einzigen Dashboard zu verfolgen.","breadcrumb":{"@id":"https:\/\/zenkit.com\/de\/integrationen\/status-hero\/#breadcrumb"},"inLanguage":"de","potentialAction":[{"@type":"ReadAction","target":["https:\/\/zenkit.com\/de\/integrationen\/status-hero\/"]}]},{"@type":"ImageObject","inLanguage":"de","@id":"https:\/\/zenkit.com\/de\/integrationen\/status-hero\/#primaryimage","url":"https:\/\/zenkit.com\/wp-content\/uploads\/2025\/07\/status-hero-mark-1.webp","contentUrl":"https:\/\/zenkit.com\/wp-content\/uploads\/2025\/07\/status-hero-mark-1.webp"},{"@type":"BreadcrumbList","@id":"https:\/\/zenkit.com\/de\/integrationen\/status-hero\/#breadcrumb","itemListElement":[{"@type":"ListItem","position":1,"name":"Home","item":"https:\/\/zenkit.com\/de\/"},{"@type":"ListItem","position":2,"name":"Integrationen","item":"https:\/\/zenkit.com\/de\/integrationen\/"},{"@type":"ListItem","position":3,"name":"Status Hero"}]},{"@type":"WebSite","@id":"https:\/\/zenkit.com\/de\/#website","url":"https:\/\/zenkit.com\/de\/","name":"Zenkit","description":"Zenkit Tagline","potentialAction":[{"@type":"SearchAction","target":{"@type":"EntryPoint","urlTemplate":"https:\/\/zenkit.com\/de\/?s={search_term_string}"},"query-input":{"@type":"PropertyValueSpecification","valueRequired":true,"valueName":"search_term_string"}}],"inLanguage":"de"},false]}},"yasr_visitor_votes":{"stars_attributes":{"read_only":false,"span_bottom":false},"number_of_votes":0,"sum_votes":0},"_links":{"self":[{"href":"https:\/\/zenkit.com\/de\/wp-json\/wp\/v2\/pages\/82749","targetHints":{"allow":["GET"]}}],"collection":[{"href":"https:\/\/zenkit.com\/de\/wp-json\/wp\/v2\/pages"}],"about":[{"href":"https:\/\/zenkit.com\/de\/wp-json\/wp\/v2\/types\/page"}],"author":[{"embeddable":true,"href":"https:\/\/zenkit.com\/de\/wp-json\/wp\/v2\/users\/15"}],"replies":[{"embeddable":true,"href":"https:\/\/zenkit.com\/de\/wp-json\/wp\/v2\/comments?post=82749"}],"version-history":[{"count":7,"href":"https:\/\/zenkit.com\/de\/wp-json\/wp\/v2\/pages\/82749\/revisions"}],"predecessor-version":[{"id":151120,"href":"https:\/\/zenkit.com\/de\/wp-json\/wp\/v2\/pages\/82749\/revisions\/151120"}],"up":[{"embeddable":true,"href":"https:\/\/zenkit.com\/de\/wp-json\/wp\/v2\/pages\/67564"}],"wp:attachment":[{"href":"https:\/\/zenkit.com\/de\/wp-json\/wp\/v2\/media?parent=82749"}],"curies":[{"name":"wp","href":"https:\/\/api.w.org\/{rel}","templated":true}]}}